{"id":61,"date":"2024-02-10T10:41:46","date_gmt":"2024-02-10T09:41:46","guid":{"rendered":"https:\/\/site.educa.madrid.org\/centro.nuevadinamicas10\/?page_id=61"},"modified":"2025-02-24T19:58:09","modified_gmt":"2025-02-24T18:58:09","slug":"biblioteca","status":"publish","type":"page","link":"https:\/\/site.educa.madrid.org\/ies.salvadorallende.fuenlabrada\/index.php\/biblioteca\/","title":{"rendered":"Biblioteca"},"content":{"rendered":"\n<figure class=\"wp-block-image size-full\"><img loading=\"lazy\" decoding=\"async\" width=\"275\" height=\"183\" src=\"https:\/\/site.educa.madrid.org\/ies.salvadorallende.fuenlabrada\/\/wp-content\/uploads\/ies.salvadorallende.fuenlabrada\/2024\/02\/biblioteca.jpg\" alt=\"\" class=\"wp-image-1889\" srcset=\"https:\/\/site.educa.madrid.org\/ies.salvadorallende.fuenlabrada\/\/wp-content\/uploads\/ies.salvadorallende.fuenlabrada\/2024\/02\/biblioteca.jpg 275w, https:\/\/site.educa.madrid.org\/ies.salvadorallende.fuenlabrada\/\/wp-content\/uploads\/ies.salvadorallende.fuenlabrada\/2024\/02\/biblioteca-272x182.jpg 272w\" sizes=\"auto, (max-width: 275px) 100vw, 275px\" \/><\/figure>\n\n\n\n<div class=\"wp-block-columns alignwide are-vertically-aligned-center is-layout-flex wp-container-core-columns-is-layout-9d6595d7 wp-block-columns-is-layout-flex\">\n<div class=\"wp-block-column is-vertically-aligned-center is-layout-flow wp-block-column-is-layout-flow\" style=\"flex-basis:66.66%\">\n<p style=\"text-align: left;\">La biblioteca del Allende es un lugar de encuentro, lectura, aprendizaje y diversi\u00f3n.<\/p>\n<p style=\"text-align: left;\">Durante todos los recreos puedes venir a leer, a jugar al ajedrez o puedes unirte a nuestros talleres de manualidades para decorar el centro.<\/p>\n<p>Hace varios cursos que nos dimos cuenta de la importancia del juego en el aprendizaje y nos atrevimos a incorporar a nuestras bibliotecas los juegos de mesa.<\/p>\n<p>Los recreos en la biblioteca se han convertido en un espacio lleno de amistad y un refugio para trabajar, estudiar y leer en calma.<\/p>\n<p>Cada mes ofrecemos diferentes lecturas para acercar a nuestro alumnado a la magia de los libros. Puedes encontrar nuestras sugerencias en el tabl\u00f3n de la entrada al edificio principal. No te lo pierdas.<\/p>\n<p>Nuestra biblioteca recibi\u00f3 en 2005 m\u00e1s de quinientos ejemplares donados por Juan Arias, un antiguo y querido compa\u00f1ero que da nombre a este espacio.<\/p>\n<p>Desde entonces, hemos recibido muchas donaciones. Si tienes en casa libros en buen estado puedes acercarlos a nuestra biblioteca y fomentar as\u00ed el gusto por la lectura a cada vez m\u00e1s gente. \u00a1An\u00edmate!<\/p>\n<h4>Aqu\u00ed te dejamos algunos enlaces a bibliotecas online:<\/h4>\n<\/div>\n<\/div>\n\n\n\n<div class=\"wp-block-columns is-layout-flex wp-container-core-columns-is-layout-9d6595d7 wp-block-columns-is-layout-flex\">\n<div class=\"wp-block-column is-layout-flow wp-block-column-is-layout-flow\">\n<figure class=\"wp-block-image size-full\"><a href=\"http:\/\/bdh.bne.es\/bnesearch\/Inicio.do?languageView=es\"><img loading=\"lazy\" decoding=\"async\" width=\"443\" height=\"81\" src=\"https:\/\/site.educa.madrid.org\/ies.salvadorallende.fuenlabrada\/\/wp-content\/uploads\/ies.salvadorallende.fuenlabrada\/2024\/02\/BibliotecaNacionalHispania.jpg\" alt=\"\" class=\"wp-image-2562\" srcset=\"https:\/\/site.educa.madrid.org\/ies.salvadorallende.fuenlabrada\/\/wp-content\/uploads\/ies.salvadorallende.fuenlabrada\/2024\/02\/BibliotecaNacionalHispania.jpg 443w, https:\/\/site.educa.madrid.org\/ies.salvadorallende.fuenlabrada\/\/wp-content\/uploads\/ies.salvadorallende.fuenlabrada\/2024\/02\/BibliotecaNacionalHispania-300x55.jpg 300w\" sizes=\"auto, (max-width: 443px) 100vw, 443px\" \/><\/a><\/figure>\n<\/div>\n\n\n\n<div class=\"wp-block-column is-layout-flow wp-block-column-is-layout-flow\">\n<figure class=\"wp-block-image size-full\"><a href=\"https:\/\/www.cervantesvirtual.com\/portales\/literatura\/\"><img loading=\"lazy\" decoding=\"async\" width=\"288\" height=\"102\" src=\"https:\/\/site.educa.madrid.org\/ies.salvadorallende.fuenlabrada\/\/wp-content\/uploads\/ies.salvadorallende.fuenlabrada\/2024\/02\/BibliotecaCervantes.jpg\" alt=\"\" class=\"wp-image-2563\"\/><\/a><\/figure>\n<\/div>\n\n\n\n<div class=\"wp-block-column is-layout-flow wp-block-column-is-layout-flow\">\n<figure class=\"wp-block-image size-full\"><img loading=\"lazy\" decoding=\"async\" width=\"282\" height=\"144\" src=\"https:\/\/site.educa.madrid.org\/ies.salvadorallende.fuenlabrada\/\/wp-content\/uploads\/ies.salvadorallende.fuenlabrada\/2024\/02\/Eleternoestudiante.jpg\" alt=\"\" class=\"wp-image-2564\"\/><\/figure>\n<\/div>\n\n\n\n<div class=\"wp-block-column is-layout-flow wp-block-column-is-layout-flow\"><\/div>\n<\/div>\n","protected":false},"excerpt":{"rendered":"<p>La biblioteca del Allende es un lugar de encuentro, lectura, aprendizaje y diversi\u00f3n. Durante todos los recreos puedes venir a leer, a jugar al ajedrez o puedes unirte a nuestros &#8230;<\/p>\n","protected":false},"author":1,"featured_media":2768,"parent":0,"menu_order":0,"comment_status":"closed","ping_status":"closed","template":"","meta":{"footnotes":""},"folder":[],"class_list":["post-61","page","type-page","status-publish","has-post-thumbnail","hentry"],"rttpg_featured_image_url":{"full":["https:\/\/site.educa.madrid.org\/ies.salvadorallende.fuenlabrada\/\/wp-content\/uploads\/ies.salvadorallende.fuenlabrada\/2024\/03\/banner-lengua-1-scaled.jpg",2560,1280,false],"landscape":["https:\/\/site.educa.madrid.org\/ies.salvadorallende.fuenlabrada\/\/wp-content\/uploads\/ies.salvadorallende.fuenlabrada\/2024\/03\/banner-lengua-1-scaled.jpg",2560,1280,false],"portraits":["https:\/\/site.educa.madrid.org\/ies.salvadorallende.fuenlabrada\/\/wp-content\/uploads\/ies.salvadorallende.fuenlabrada\/2024\/03\/banner-lengua-1-scaled.jpg",2560,1280,false],"thumbnail":["https:\/\/site.educa.madrid.org\/ies.salvadorallende.fuenlabrada\/\/wp-content\/uploads\/ies.salvadorallende.fuenlabrada\/2024\/03\/banner-lengua-1-150x150.jpg",150,150,true],"medium":["https:\/\/site.educa.madrid.org\/ies.salvadorallende.fuenlabrada\/\/wp-content\/uploads\/ies.salvadorallende.fuenlabrada\/2024\/03\/banner-lengua-1-300x150.jpg",300,150,true],"large":["https:\/\/site.educa.madrid.org\/ies.salvadorallende.fuenlabrada\/\/wp-content\/uploads\/ies.salvadorallende.fuenlabrada\/2024\/03\/banner-lengua-1-1024x512.jpg",800,400,true],"thumblist":["https:\/\/site.educa.madrid.org\/ies.salvadorallende.fuenlabrada\/\/wp-content\/uploads\/ies.salvadorallende.fuenlabrada\/2024\/03\/banner-lengua-1-300x300.jpg",300,300,true],"thumbrelated":["https:\/\/site.educa.madrid.org\/ies.salvadorallende.fuenlabrada\/\/wp-content\/uploads\/ies.salvadorallende.fuenlabrada\/2024\/03\/banner-lengua-1-scaled.jpg",500,250,false],"meccarouselthumb":["https:\/\/site.educa.madrid.org\/ies.salvadorallende.fuenlabrada\/\/wp-content\/uploads\/ies.salvadorallende.fuenlabrada\/2024\/03\/banner-lengua-1-474x324.jpg",474,324,true],"gridsquare":["https:\/\/site.educa.madrid.org\/ies.salvadorallende.fuenlabrada\/\/wp-content\/uploads\/ies.salvadorallende.fuenlabrada\/2024\/03\/banner-lengua-1-391x260.jpg",391,260,true],"tileview":["https:\/\/site.educa.madrid.org\/ies.salvadorallende.fuenlabrada\/\/wp-content\/uploads\/ies.salvadorallende.fuenlabrada\/2024\/03\/banner-lengua-1-300x400.jpg",300,400,true],"1536x1536":["https:\/\/site.educa.madrid.org\/ies.salvadorallende.fuenlabrada\/\/wp-content\/uploads\/ies.salvadorallende.fuenlabrada\/2024\/03\/banner-lengua-1-1536x768.jpg",1536,768,true],"2048x2048":["https:\/\/site.educa.madrid.org\/ies.salvadorallende.fuenlabrada\/\/wp-content\/uploads\/ies.salvadorallende.fuenlabrada\/2024\/03\/banner-lengua-1-2048x1024.jpg",2048,1024,true],"onepress-blog-small":["https:\/\/site.educa.madrid.org\/ies.salvadorallende.fuenlabrada\/\/wp-content\/uploads\/ies.salvadorallende.fuenlabrada\/2024\/03\/banner-lengua-1-scaled.jpg",300,150,false],"onepress-small":["https:\/\/site.educa.madrid.org\/ies.salvadorallende.fuenlabrada\/\/wp-content\/uploads\/ies.salvadorallende.fuenlabrada\/2024\/03\/banner-lengua-1-scaled.jpg",480,240,false],"onepress-medium":["https:\/\/site.educa.madrid.org\/ies.salvadorallende.fuenlabrada\/\/wp-content\/uploads\/ies.salvadorallende.fuenlabrada\/2024\/03\/banner-lengua-1-scaled.jpg",640,320,false],"sow-carousel-default":["https:\/\/site.educa.madrid.org\/ies.salvadorallende.fuenlabrada\/\/wp-content\/uploads\/ies.salvadorallende.fuenlabrada\/2024\/03\/banner-lengua-1-272x182.jpg",272,182,true],"sow-post-carousel-overlay-theme":["https:\/\/site.educa.madrid.org\/ies.salvadorallende.fuenlabrada\/\/wp-content\/uploads\/ies.salvadorallende.fuenlabrada\/2024\/03\/banner-lengua-1-scaled.jpg",360,180,false],"sow-post-carousel-cards-theme":["https:\/\/site.educa.madrid.org\/ies.salvadorallende.fuenlabrada\/\/wp-content\/uploads\/ies.salvadorallende.fuenlabrada\/2024\/03\/banner-lengua-1-scaled.jpg",360,180,false],"rt_custom":["https:\/\/site.educa.madrid.org\/ies.salvadorallende.fuenlabrada\/\/wp-content\/uploads\/ies.salvadorallende.fuenlabrada\/2024\/03\/banner-lengua-1-scaled.jpg",2560,1280,false]},"rttpg_author":{"display_name":"jirafa20","author_link":"https:\/\/site.educa.madrid.org\/ies.salvadorallende.fuenlabrada\/index.php\/author\/educa\/"},"rttpg_comment":0,"rttpg_category":false,"rttpg_excerpt":"La biblioteca del Allende es un lugar de encuentro, lectura, aprendizaje y diversi\u00f3n. Durante todos los recreos puedes venir a leer, a jugar al ajedrez o puedes unirte a nuestros ...","post_mailing_queue_ids":[],"_links":{"self":[{"href":"https:\/\/site.educa.madrid.org\/ies.salvadorallende.fuenlabrada\/index.php\/wp-json\/wp\/v2\/pages\/61","targetHints":{"allow":["GET"]}}],"collection":[{"href":"https:\/\/site.educa.madrid.org\/ies.salvadorallende.fuenlabrada\/index.php\/wp-json\/wp\/v2\/pages"}],"about":[{"href":"https:\/\/site.educa.madrid.org\/ies.salvadorallende.fuenlabrada\/index.php\/wp-json\/wp\/v2\/types\/page"}],"author":[{"embeddable":true,"href":"https:\/\/site.educa.madrid.org\/ies.salvadorallende.fuenlabrada\/index.php\/wp-json\/wp\/v2\/users\/1"}],"replies":[{"embeddable":true,"href":"https:\/\/site.educa.madrid.org\/ies.salvadorallende.fuenlabrada\/index.php\/wp-json\/wp\/v2\/comments?post=61"}],"version-history":[{"count":7,"href":"https:\/\/site.educa.madrid.org\/ies.salvadorallende.fuenlabrada\/index.php\/wp-json\/wp\/v2\/pages\/61\/revisions"}],"predecessor-version":[{"id":2689,"href":"https:\/\/site.educa.madrid.org\/ies.salvadorallende.fuenlabrada\/index.php\/wp-json\/wp\/v2\/pages\/61\/revisions\/2689"}],"wp:featuredmedia":[{"embeddable":true,"href":"https:\/\/site.educa.madrid.org\/ies.salvadorallende.fuenlabrada\/index.php\/wp-json\/wp\/v2\/media\/2768"}],"wp:attachment":[{"href":"https:\/\/site.educa.madrid.org\/ies.salvadorallende.fuenlabrada\/index.php\/wp-json\/wp\/v2\/media?parent=61"}],"wp:term":[{"taxonomy":"folder","embeddable":true,"href":"https:\/\/site.educa.madrid.org\/ies.salvadorallende.fuenlabrada\/index.php\/wp-json\/wp\/v2\/folder?post=61"}],"curies":[{"name":"wp","href":"https:\/\/api.w.org\/{rel}","templated":true}]}}