{"id":613,"date":"2023-05-18T09:30:35","date_gmt":"2023-05-18T07:30:35","guid":{"rendered":"https:\/\/site.educa.madrid.org\/ies.salvadorallende.fuenlabrada\/?page_id=613"},"modified":"2025-05-28T23:18:25","modified_gmt":"2025-05-28T21:18:25","slug":"eso-1o","status":"publish","type":"page","link":"https:\/\/site.educa.madrid.org\/ies.salvadorallende.fuenlabrada\/index.php\/eso-1o\/","title":{"rendered":"ESO 1\u00ba"},"content":{"rendered":"\n<div class=\"wp-block-buttons is-layout-flex wp-block-buttons-is-layout-flex\">\n<div class=\"wp-block-button\"><a class=\"wp-block-button__link wp-element-button\">ESO 1\u00ba<\/a><\/div>\n\n\n\n<div class=\"wp-block-button is-style-outline is-style-outline--1\"><a class=\"wp-block-button__link wp-element-button\" href=\"https:\/\/site.educa.madrid.org\/ies.salvadorallende.fuenlabrada\/index.php\/eso-2o\/\">ESO 2\u00ba<\/a><\/div>\n\n\n\n<div class=\"wp-block-button is-style-outline is-style-outline--2\"><a class=\"wp-block-button__link wp-element-button\" href=\"https:\/\/site.educa.madrid.org\/ies.salvadorallende.fuenlabrada\/index.php\/eso-3o\/\">ESO 3\u00ba<\/a><\/div>\n\n\n\n<div class=\"wp-block-button is-style-outline is-style-outline--3\"><a class=\"wp-block-button__link wp-element-button\" href=\"https:\/\/site.educa.madrid.org\/ies.salvadorallende.fuenlabrada\/index.php\/4o-eso\/\">ESO 4\u00ba<\/a><\/div>\n<\/div>\n\n\n\n<div style=\"height:50px\" aria-hidden=\"true\" class=\"wp-block-spacer\"><\/div>\n\n\n\n<div class=\"wp-block-columns is-layout-flex wp-container-core-columns-is-layout-9d6595d7 wp-block-columns-is-layout-flex\">\n<div class=\"wp-block-column is-layout-flow wp-block-column-is-layout-flow\">\n<p class=\"has-text-align-left\"><strong>Materias comunes<\/strong><\/p>\n\n\n\n<ul class=\"wp-block-list\">\n<li>Biolog\u00eda y Geolog\u00eda<\/li>\n\n\n\n<li>Educaci\u00f3n F\u00edsica<\/li>\n\n\n\n<li>Educaci\u00f3n Pl\u00e1stica, Visual y Audiovisual<\/li>\n\n\n\n<li>Geograf\u00eda e Historia<\/li>\n\n\n\n<li>Ingl\u00e9s<\/li>\n\n\n\n<li>Lengua Castellana y Literatura<\/li>\n\n\n\n<li>Matem\u00e1ticas<\/li>\n\n\n\n<li>M\u00fasica<\/li>\n\n\n\n<li>Religi\u00f3n \/ Atenci\u00f3n educativa<\/li>\n\n\n\n<li>Tutor\u00eda<\/li>\n<\/ul>\n<\/div>\n\n\n\n<div class=\"wp-block-column is-layout-flow wp-block-column-is-layout-flow\">\n<p class=\"has-text-align-left\"><strong>Optativa (elegir 1):<\/strong><\/p>\n\n\n\n<ul class=\"wp-block-list\">\n<li>Ciencias de la Computaci\u00f3n <a href=\"https:\/\/site.educa.madrid.org\/ies.salvadorallende.fuenlabrada\/\/wp-content\/uploads\/ies.salvadorallende.fuenlabrada\/2025\/05\/computacion.png\">(m\u00e1s informaci\u00f3n aqu\u00ed)<\/a><\/li>\n\n\n\n<li>Franc\u00e9s<\/li>\n\n\n\n<li>Comunicaci\u00f3n Oral en Ingl\u00e9s<a href=\"https:\/\/site.educa.madrid.org\/ies.salvadorallende.fuenlabrada\/index.php\/dpto-ingles\/\"> (m\u00e1s informaci\u00f3n aqu\u00ed)<\/a><\/li>\n\n\n\n<li>Refuerzo de Lengua<\/li>\n\n\n\n<li>Refuerzo de Matem\u00e1ticas<\/li>\n<\/ul>\n<\/div>\n<\/div>\n","protected":false},"excerpt":{"rendered":"<p>Materias comunes Optativa (elegir 1):<\/p>\n","protected":false},"author":4,"featured_media":0,"parent":0,"menu_order":0,"comment_status":"closed","ping_status":"closed","template":"","meta":{"footnotes":""},"folder":[],"class_list":["post-613","page","type-page","status-publish","hentry"],"rttpg_featured_image_url":null,"rttpg_author":{"display_name":"Francisco Gabriel \u00c1lvarez Mesa","author_link":"https:\/\/site.educa.madrid.org\/ies.salvadorallende.fuenlabrada\/index.php\/author\/francisco-g_lvarez-mesa\/"},"rttpg_comment":0,"rttpg_category":false,"rttpg_excerpt":"Materias comunes Optativa (elegir 1):","post_mailing_queue_ids":[],"_links":{"self":[{"href":"https:\/\/site.educa.madrid.org\/ies.salvadorallende.fuenlabrada\/index.php\/wp-json\/wp\/v2\/pages\/613","targetHints":{"allow":["GET"]}}],"collection":[{"href":"https:\/\/site.educa.madrid.org\/ies.salvadorallende.fuenlabrada\/index.php\/wp-json\/wp\/v2\/pages"}],"about":[{"href":"https:\/\/site.educa.madrid.org\/ies.salvadorallende.fuenlabrada\/index.php\/wp-json\/wp\/v2\/types\/page"}],"author":[{"embeddable":true,"href":"https:\/\/site.educa.madrid.org\/ies.salvadorallende.fuenlabrada\/index.php\/wp-json\/wp\/v2\/users\/4"}],"replies":[{"embeddable":true,"href":"https:\/\/site.educa.madrid.org\/ies.salvadorallende.fuenlabrada\/index.php\/wp-json\/wp\/v2\/comments?post=613"}],"version-history":[{"count":14,"href":"https:\/\/site.educa.madrid.org\/ies.salvadorallende.fuenlabrada\/index.php\/wp-json\/wp\/v2\/pages\/613\/revisions"}],"predecessor-version":[{"id":6569,"href":"https:\/\/site.educa.madrid.org\/ies.salvadorallende.fuenlabrada\/index.php\/wp-json\/wp\/v2\/pages\/613\/revisions\/6569"}],"wp:attachment":[{"href":"https:\/\/site.educa.madrid.org\/ies.salvadorallende.fuenlabrada\/index.php\/wp-json\/wp\/v2\/media?parent=613"}],"wp:term":[{"taxonomy":"folder","embeddable":true,"href":"https:\/\/site.educa.madrid.org\/ies.salvadorallende.fuenlabrada\/index.php\/wp-json\/wp\/v2\/folder?post=613"}],"curies":[{"name":"wp","href":"https:\/\/api.w.org\/{rel}","templated":true}]}}