{"id":7579,"date":"2026-01-24T13:28:09","date_gmt":"2026-01-24T12:28:09","guid":{"rendered":"https:\/\/site.educa.madrid.org\/ies.salvadorallende.fuenlabrada\/?page_id=7579"},"modified":"2026-01-24T17:08:00","modified_gmt":"2026-01-24T16:08:00","slug":"belen-2025","status":"publish","type":"page","link":"https:\/\/site.educa.madrid.org\/ies.salvadorallende.fuenlabrada\/index.php\/belen-2025\/","title":{"rendered":"Bel\u00e9n Navidad 2025"},"content":{"rendered":"\n<figure class=\"wp-block-gallery has-nested-images columns-3 wp-block-gallery-1 is-layout-flex wp-block-gallery-is-layout-flex\">\n<figure class=\"wp-block-image size-large\"><a href=\"https:\/\/site.educa.madrid.org\/ies.salvadorallende.fuenlabrada\/\/wp-content\/uploads\/ies.salvadorallende.fuenlabrada\/2026\/01\/WhatsApp-Image-2025-12-21-at-21.21.56-6.jpeg\"><img loading=\"lazy\" decoding=\"async\" width=\"1024\" height=\"768\" data-id=\"7601\" src=\"https:\/\/site.educa.madrid.org\/ies.salvadorallende.fuenlabrada\/\/wp-content\/uploads\/ies.salvadorallende.fuenlabrada\/2026\/01\/WhatsApp-Image-2025-12-21-at-21.21.56-6-1024x768.jpeg\" alt=\"\" class=\"wp-image-7601\" srcset=\"https:\/\/site.educa.madrid.org\/ies.salvadorallende.fuenlabrada\/\/wp-content\/uploads\/ies.salvadorallende.fuenlabrada\/2026\/01\/WhatsApp-Image-2025-12-21-at-21.21.56-6-1024x768.jpeg 1024w, https:\/\/site.educa.madrid.org\/ies.salvadorallende.fuenlabrada\/\/wp-content\/uploads\/ies.salvadorallende.fuenlabrada\/2026\/01\/WhatsApp-Image-2025-12-21-at-21.21.56-6-300x225.jpeg 300w, https:\/\/site.educa.madrid.org\/ies.salvadorallende.fuenlabrada\/\/wp-content\/uploads\/ies.salvadorallende.fuenlabrada\/2026\/01\/WhatsApp-Image-2025-12-21-at-21.21.56-6-768x576.jpeg 768w, https:\/\/site.educa.madrid.org\/ies.salvadorallende.fuenlabrada\/\/wp-content\/uploads\/ies.salvadorallende.fuenlabrada\/2026\/01\/WhatsApp-Image-2025-12-21-at-21.21.56-6-1536x1152.jpeg 1536w, https:\/\/site.educa.madrid.org\/ies.salvadorallende.fuenlabrada\/\/wp-content\/uploads\/ies.salvadorallende.fuenlabrada\/2026\/01\/WhatsApp-Image-2025-12-21-at-21.21.56-6.jpeg 1600w\" sizes=\"auto, (max-width: 1024px) 100vw, 1024px\" \/><\/a><\/figure>\n\n\n\n<figure class=\"wp-block-image size-large is-style-default\"><a href=\"https:\/\/site.educa.madrid.org\/ies.salvadorallende.fuenlabrada\/\/wp-content\/uploads\/ies.salvadorallende.fuenlabrada\/2026\/01\/WhatsApp-Image-2025-12-21-at-21.21.56-2-1.jpeg\"><img loading=\"lazy\" decoding=\"async\" width=\"1024\" height=\"768\" data-id=\"7599\" src=\"https:\/\/site.educa.madrid.org\/ies.salvadorallende.fuenlabrada\/\/wp-content\/uploads\/ies.salvadorallende.fuenlabrada\/2026\/01\/WhatsApp-Image-2025-12-21-at-21.21.56-2-1-1024x768.jpeg\" alt=\"\" class=\"wp-image-7599\" srcset=\"https:\/\/site.educa.madrid.org\/ies.salvadorallende.fuenlabrada\/\/wp-content\/uploads\/ies.salvadorallende.fuenlabrada\/2026\/01\/WhatsApp-Image-2025-12-21-at-21.21.56-2-1-1024x768.jpeg 1024w, https:\/\/site.educa.madrid.org\/ies.salvadorallende.fuenlabrada\/\/wp-content\/uploads\/ies.salvadorallende.fuenlabrada\/2026\/01\/WhatsApp-Image-2025-12-21-at-21.21.56-2-1-300x225.jpeg 300w, https:\/\/site.educa.madrid.org\/ies.salvadorallende.fuenlabrada\/\/wp-content\/uploads\/ies.salvadorallende.fuenlabrada\/2026\/01\/WhatsApp-Image-2025-12-21-at-21.21.56-2-1-768x576.jpeg 768w, https:\/\/site.educa.madrid.org\/ies.salvadorallende.fuenlabrada\/\/wp-content\/uploads\/ies.salvadorallende.fuenlabrada\/2026\/01\/WhatsApp-Image-2025-12-21-at-21.21.56-2-1-1536x1152.jpeg 1536w, https:\/\/site.educa.madrid.org\/ies.salvadorallende.fuenlabrada\/\/wp-content\/uploads\/ies.salvadorallende.fuenlabrada\/2026\/01\/WhatsApp-Image-2025-12-21-at-21.21.56-2-1.jpeg 1600w\" sizes=\"auto, (max-width: 1024px) 100vw, 1024px\" \/><\/a><\/figure>\n\n\n\n<figure class=\"wp-block-image size-large\"><a href=\"https:\/\/site.educa.madrid.org\/ies.salvadorallende.fuenlabrada\/\/wp-content\/uploads\/ies.salvadorallende.fuenlabrada\/2026\/01\/WhatsApp-Image-2025-12-21-at-21.21.56-3-1.jpeg\"><img loading=\"lazy\" decoding=\"async\" width=\"1024\" height=\"768\" data-id=\"7606\" src=\"https:\/\/site.educa.madrid.org\/ies.salvadorallende.fuenlabrada\/\/wp-content\/uploads\/ies.salvadorallende.fuenlabrada\/2026\/01\/WhatsApp-Image-2025-12-21-at-21.21.56-3-1-1024x768.jpeg\" alt=\"\" class=\"wp-image-7606\" srcset=\"https:\/\/site.educa.madrid.org\/ies.salvadorallende.fuenlabrada\/\/wp-content\/uploads\/ies.salvadorallende.fuenlabrada\/2026\/01\/WhatsApp-Image-2025-12-21-at-21.21.56-3-1-1024x768.jpeg 1024w, https:\/\/site.educa.madrid.org\/ies.salvadorallende.fuenlabrada\/\/wp-content\/uploads\/ies.salvadorallende.fuenlabrada\/2026\/01\/WhatsApp-Image-2025-12-21-at-21.21.56-3-1-300x225.jpeg 300w, https:\/\/site.educa.madrid.org\/ies.salvadorallende.fuenlabrada\/\/wp-content\/uploads\/ies.salvadorallende.fuenlabrada\/2026\/01\/WhatsApp-Image-2025-12-21-at-21.21.56-3-1-768x576.jpeg 768w, https:\/\/site.educa.madrid.org\/ies.salvadorallende.fuenlabrada\/\/wp-content\/uploads\/ies.salvadorallende.fuenlabrada\/2026\/01\/WhatsApp-Image-2025-12-21-at-21.21.56-3-1-1536x1152.jpeg 1536w, https:\/\/site.educa.madrid.org\/ies.salvadorallende.fuenlabrada\/\/wp-content\/uploads\/ies.salvadorallende.fuenlabrada\/2026\/01\/WhatsApp-Image-2025-12-21-at-21.21.56-3-1.jpeg 1600w\" sizes=\"auto, (max-width: 1024px) 100vw, 1024px\" \/><\/a><\/figure>\n<\/figure>\n\n\n\n<p class=\"has-text-align-center has-medium-font-size\">Un a\u00f1o m\u00e1s compartimos con toda la comunidad educativa nuestro Bel\u00e9n, realizado gracias al esfuerzo conjunto de alumnos y profesores de distintos niveles y asignaturas cuidando cada detalle en iluminaci\u00f3n, escenograf\u00eda y narrativa visual. <\/p>\n\n\n\n<p class=\"has-text-align-center has-medium-font-size\">El resultado ha sido espectacular y, una vez m\u00e1s, hemos recibido la <strong>Menci\u00f3n Especial<\/strong> en el <strong>XXII Concurso de Belenes de la Di\u00f3cesis de Getafe<\/strong>, un reconocimiento que nos llena de orgullo.<\/p>\n\n\n\n<p class=\"has-text-align-center has-medium-font-size\">A continuaci\u00f3n, compartimos una selecci\u00f3n de im\u00e1genes que recogen cada detalle, cuidado y realizado con mimo.<\/p>\n\n\n\n<figure class=\"wp-block-gallery has-nested-images columns-default is-cropped wp-block-gallery-2 is-layout-flex wp-block-gallery-is-layout-flex\">\n<figure class=\"wp-block-image size-large\"><a href=\"https:\/\/site.educa.madrid.org\/ies.salvadorallende.fuenlabrada\/\/wp-content\/uploads\/ies.salvadorallende.fuenlabrada\/2026\/01\/WhatsApp-Image-2026-01-24-at-16.52.07.jpeg\"><img loading=\"lazy\" decoding=\"async\" width=\"1024\" height=\"768\" data-id=\"7630\" src=\"https:\/\/site.educa.madrid.org\/ies.salvadorallende.fuenlabrada\/\/wp-content\/uploads\/ies.salvadorallende.fuenlabrada\/2026\/01\/WhatsApp-Image-2026-01-24-at-16.52.07-1024x768.jpeg\" alt=\"\" class=\"wp-image-7630\" srcset=\"https:\/\/site.educa.madrid.org\/ies.salvadorallende.fuenlabrada\/\/wp-content\/uploads\/ies.salvadorallende.fuenlabrada\/2026\/01\/WhatsApp-Image-2026-01-24-at-16.52.07-1024x768.jpeg 1024w, https:\/\/site.educa.madrid.org\/ies.salvadorallende.fuenlabrada\/\/wp-content\/uploads\/ies.salvadorallende.fuenlabrada\/2026\/01\/WhatsApp-Image-2026-01-24-at-16.52.07-300x225.jpeg 300w, https:\/\/site.educa.madrid.org\/ies.salvadorallende.fuenlabrada\/\/wp-content\/uploads\/ies.salvadorallende.fuenlabrada\/2026\/01\/WhatsApp-Image-2026-01-24-at-16.52.07-768x576.jpeg 768w, https:\/\/site.educa.madrid.org\/ies.salvadorallende.fuenlabrada\/\/wp-content\/uploads\/ies.salvadorallende.fuenlabrada\/2026\/01\/WhatsApp-Image-2026-01-24-at-16.52.07-1536x1152.jpeg 1536w, https:\/\/site.educa.madrid.org\/ies.salvadorallende.fuenlabrada\/\/wp-content\/uploads\/ies.salvadorallende.fuenlabrada\/2026\/01\/WhatsApp-Image-2026-01-24-at-16.52.07.jpeg 2000w\" sizes=\"auto, (max-width: 1024px) 100vw, 1024px\" \/><\/a><\/figure>\n\n\n\n<figure class=\"wp-block-image size-large\"><a href=\"https:\/\/site.educa.madrid.org\/ies.salvadorallende.fuenlabrada\/\/wp-content\/uploads\/ies.salvadorallende.fuenlabrada\/2026\/01\/WhatsApp-Image-2025-12-21-at-21.21.55-1-2.jpeg\"><img loading=\"lazy\" decoding=\"async\" width=\"1024\" height=\"768\" data-id=\"7620\" src=\"https:\/\/site.educa.madrid.org\/ies.salvadorallende.fuenlabrada\/\/wp-content\/uploads\/ies.salvadorallende.fuenlabrada\/2026\/01\/WhatsApp-Image-2025-12-21-at-21.21.55-1-2-1024x768.jpeg\" alt=\"\" class=\"wp-image-7620\" srcset=\"https:\/\/site.educa.madrid.org\/ies.salvadorallende.fuenlabrada\/\/wp-content\/uploads\/ies.salvadorallende.fuenlabrada\/2026\/01\/WhatsApp-Image-2025-12-21-at-21.21.55-1-2-1024x768.jpeg 1024w, https:\/\/site.educa.madrid.org\/ies.salvadorallende.fuenlabrada\/\/wp-content\/uploads\/ies.salvadorallende.fuenlabrada\/2026\/01\/WhatsApp-Image-2025-12-21-at-21.21.55-1-2-300x225.jpeg 300w, https:\/\/site.educa.madrid.org\/ies.salvadorallende.fuenlabrada\/\/wp-content\/uploads\/ies.salvadorallende.fuenlabrada\/2026\/01\/WhatsApp-Image-2025-12-21-at-21.21.55-1-2-768x576.jpeg 768w, https:\/\/site.educa.madrid.org\/ies.salvadorallende.fuenlabrada\/\/wp-content\/uploads\/ies.salvadorallende.fuenlabrada\/2026\/01\/WhatsApp-Image-2025-12-21-at-21.21.55-1-2-1536x1152.jpeg 1536w, https:\/\/site.educa.madrid.org\/ies.salvadorallende.fuenlabrada\/\/wp-content\/uploads\/ies.salvadorallende.fuenlabrada\/2026\/01\/WhatsApp-Image-2025-12-21-at-21.21.55-1-2.jpeg 1600w\" sizes=\"auto, (max-width: 1024px) 100vw, 1024px\" \/><\/a><\/figure>\n\n\n\n<figure class=\"wp-block-image size-large\"><a href=\"https:\/\/site.educa.madrid.org\/ies.salvadorallende.fuenlabrada\/\/wp-content\/uploads\/ies.salvadorallende.fuenlabrada\/2026\/01\/WhatsApp-Image-2025-12-21-at-21.21.50-1-2.jpeg\"><img loading=\"lazy\" decoding=\"async\" width=\"1024\" height=\"768\" data-id=\"7619\" src=\"https:\/\/site.educa.madrid.org\/ies.salvadorallende.fuenlabrada\/\/wp-content\/uploads\/ies.salvadorallende.fuenlabrada\/2026\/01\/WhatsApp-Image-2025-12-21-at-21.21.50-1-2-1024x768.jpeg\" alt=\"\" class=\"wp-image-7619\" srcset=\"https:\/\/site.educa.madrid.org\/ies.salvadorallende.fuenlabrada\/\/wp-content\/uploads\/ies.salvadorallende.fuenlabrada\/2026\/01\/WhatsApp-Image-2025-12-21-at-21.21.50-1-2-1024x768.jpeg 1024w, https:\/\/site.educa.madrid.org\/ies.salvadorallende.fuenlabrada\/\/wp-content\/uploads\/ies.salvadorallende.fuenlabrada\/2026\/01\/WhatsApp-Image-2025-12-21-at-21.21.50-1-2-300x225.jpeg 300w, https:\/\/site.educa.madrid.org\/ies.salvadorallende.fuenlabrada\/\/wp-content\/uploads\/ies.salvadorallende.fuenlabrada\/2026\/01\/WhatsApp-Image-2025-12-21-at-21.21.50-1-2-768x576.jpeg 768w, https:\/\/site.educa.madrid.org\/ies.salvadorallende.fuenlabrada\/\/wp-content\/uploads\/ies.salvadorallende.fuenlabrada\/2026\/01\/WhatsApp-Image-2025-12-21-at-21.21.50-1-2-1536x1152.jpeg 1536w, https:\/\/site.educa.madrid.org\/ies.salvadorallende.fuenlabrada\/\/wp-content\/uploads\/ies.salvadorallende.fuenlabrada\/2026\/01\/WhatsApp-Image-2025-12-21-at-21.21.50-1-2.jpeg 1600w\" sizes=\"auto, (max-width: 1024px) 100vw, 1024px\" \/><\/a><\/figure>\n\n\n\n<figure class=\"wp-block-image size-large\"><a href=\"https:\/\/site.educa.madrid.org\/ies.salvadorallende.fuenlabrada\/\/wp-content\/uploads\/ies.salvadorallende.fuenlabrada\/2026\/01\/WhatsApp-Image-2025-12-21-at-21.21.50-3.jpeg\"><img loading=\"lazy\" decoding=\"async\" width=\"1024\" height=\"768\" data-id=\"7618\" src=\"https:\/\/site.educa.madrid.org\/ies.salvadorallende.fuenlabrada\/\/wp-content\/uploads\/ies.salvadorallende.fuenlabrada\/2026\/01\/WhatsApp-Image-2025-12-21-at-21.21.50-3-1024x768.jpeg\" alt=\"\" class=\"wp-image-7618\" srcset=\"https:\/\/site.educa.madrid.org\/ies.salvadorallende.fuenlabrada\/\/wp-content\/uploads\/ies.salvadorallende.fuenlabrada\/2026\/01\/WhatsApp-Image-2025-12-21-at-21.21.50-3-1024x768.jpeg 1024w, https:\/\/site.educa.madrid.org\/ies.salvadorallende.fuenlabrada\/\/wp-content\/uploads\/ies.salvadorallende.fuenlabrada\/2026\/01\/WhatsApp-Image-2025-12-21-at-21.21.50-3-300x225.jpeg 300w, https:\/\/site.educa.madrid.org\/ies.salvadorallende.fuenlabrada\/\/wp-content\/uploads\/ies.salvadorallende.fuenlabrada\/2026\/01\/WhatsApp-Image-2025-12-21-at-21.21.50-3-768x576.jpeg 768w, https:\/\/site.educa.madrid.org\/ies.salvadorallende.fuenlabrada\/\/wp-content\/uploads\/ies.salvadorallende.fuenlabrada\/2026\/01\/WhatsApp-Image-2025-12-21-at-21.21.50-3-1536x1152.jpeg 1536w, https:\/\/site.educa.madrid.org\/ies.salvadorallende.fuenlabrada\/\/wp-content\/uploads\/ies.salvadorallende.fuenlabrada\/2026\/01\/WhatsApp-Image-2025-12-21-at-21.21.50-3.jpeg 1600w\" sizes=\"auto, (max-width: 1024px) 100vw, 1024px\" \/><\/a><\/figure>\n\n\n\n<figure class=\"wp-block-image size-large\"><a href=\"https:\/\/site.educa.madrid.org\/ies.salvadorallende.fuenlabrada\/\/wp-content\/uploads\/ies.salvadorallende.fuenlabrada\/2026\/01\/WhatsApp-Image-2025-12-21-at-21.21.56-1-3.jpeg\"><img loading=\"lazy\" decoding=\"async\" width=\"1024\" height=\"768\" data-id=\"7621\" src=\"https:\/\/site.educa.madrid.org\/ies.salvadorallende.fuenlabrada\/\/wp-content\/uploads\/ies.salvadorallende.fuenlabrada\/2026\/01\/WhatsApp-Image-2025-12-21-at-21.21.56-1-3-1024x768.jpeg\" alt=\"\" class=\"wp-image-7621\" srcset=\"https:\/\/site.educa.madrid.org\/ies.salvadorallende.fuenlabrada\/\/wp-content\/uploads\/ies.salvadorallende.fuenlabrada\/2026\/01\/WhatsApp-Image-2025-12-21-at-21.21.56-1-3-1024x768.jpeg 1024w, https:\/\/site.educa.madrid.org\/ies.salvadorallende.fuenlabrada\/\/wp-content\/uploads\/ies.salvadorallende.fuenlabrada\/2026\/01\/WhatsApp-Image-2025-12-21-at-21.21.56-1-3-300x225.jpeg 300w, https:\/\/site.educa.madrid.org\/ies.salvadorallende.fuenlabrada\/\/wp-content\/uploads\/ies.salvadorallende.fuenlabrada\/2026\/01\/WhatsApp-Image-2025-12-21-at-21.21.56-1-3-768x576.jpeg 768w, https:\/\/site.educa.madrid.org\/ies.salvadorallende.fuenlabrada\/\/wp-content\/uploads\/ies.salvadorallende.fuenlabrada\/2026\/01\/WhatsApp-Image-2025-12-21-at-21.21.56-1-3-1536x1152.jpeg 1536w, https:\/\/site.educa.madrid.org\/ies.salvadorallende.fuenlabrada\/\/wp-content\/uploads\/ies.salvadorallende.fuenlabrada\/2026\/01\/WhatsApp-Image-2025-12-21-at-21.21.56-1-3.jpeg 1600w\" sizes=\"auto, (max-width: 1024px) 100vw, 1024px\" \/><\/a><\/figure>\n\n\n\n<figure class=\"wp-block-image size-large\"><a href=\"https:\/\/site.educa.madrid.org\/ies.salvadorallende.fuenlabrada\/\/wp-content\/uploads\/ies.salvadorallende.fuenlabrada\/2026\/01\/WhatsApp-Image-2025-12-21-at-21.21.56-8.jpeg\"><img loading=\"lazy\" decoding=\"async\" width=\"1024\" height=\"768\" data-id=\"7628\" src=\"https:\/\/site.educa.madrid.org\/ies.salvadorallende.fuenlabrada\/\/wp-content\/uploads\/ies.salvadorallende.fuenlabrada\/2026\/01\/WhatsApp-Image-2025-12-21-at-21.21.56-8-1024x768.jpeg\" alt=\"\" class=\"wp-image-7628\" srcset=\"https:\/\/site.educa.madrid.org\/ies.salvadorallende.fuenlabrada\/\/wp-content\/uploads\/ies.salvadorallende.fuenlabrada\/2026\/01\/WhatsApp-Image-2025-12-21-at-21.21.56-8-1024x768.jpeg 1024w, https:\/\/site.educa.madrid.org\/ies.salvadorallende.fuenlabrada\/\/wp-content\/uploads\/ies.salvadorallende.fuenlabrada\/2026\/01\/WhatsApp-Image-2025-12-21-at-21.21.56-8-300x225.jpeg 300w, https:\/\/site.educa.madrid.org\/ies.salvadorallende.fuenlabrada\/\/wp-content\/uploads\/ies.salvadorallende.fuenlabrada\/2026\/01\/WhatsApp-Image-2025-12-21-at-21.21.56-8-768x576.jpeg 768w, https:\/\/site.educa.madrid.org\/ies.salvadorallende.fuenlabrada\/\/wp-content\/uploads\/ies.salvadorallende.fuenlabrada\/2026\/01\/WhatsApp-Image-2025-12-21-at-21.21.56-8-1536x1152.jpeg 1536w, https:\/\/site.educa.madrid.org\/ies.salvadorallende.fuenlabrada\/\/wp-content\/uploads\/ies.salvadorallende.fuenlabrada\/2026\/01\/WhatsApp-Image-2025-12-21-at-21.21.56-8.jpeg 1600w\" sizes=\"auto, (max-width: 1024px) 100vw, 1024px\" \/><\/a><\/figure>\n\n\n\n<figure class=\"wp-block-image size-large\"><a href=\"https:\/\/site.educa.madrid.org\/ies.salvadorallende.fuenlabrada\/\/wp-content\/uploads\/ies.salvadorallende.fuenlabrada\/2026\/01\/WhatsApp-Image-2026-01-24-at-16.52.09.jpeg\"><img loading=\"lazy\" decoding=\"async\" width=\"768\" height=\"1024\" data-id=\"7633\" src=\"https:\/\/site.educa.madrid.org\/ies.salvadorallende.fuenlabrada\/\/wp-content\/uploads\/ies.salvadorallende.fuenlabrada\/2026\/01\/WhatsApp-Image-2026-01-24-at-16.52.09-768x1024.jpeg\" alt=\"\" class=\"wp-image-7633\" srcset=\"https:\/\/site.educa.madrid.org\/ies.salvadorallende.fuenlabrada\/\/wp-content\/uploads\/ies.salvadorallende.fuenlabrada\/2026\/01\/WhatsApp-Image-2026-01-24-at-16.52.09-768x1024.jpeg 768w, https:\/\/site.educa.madrid.org\/ies.salvadorallende.fuenlabrada\/\/wp-content\/uploads\/ies.salvadorallende.fuenlabrada\/2026\/01\/WhatsApp-Image-2026-01-24-at-16.52.09-225x300.jpeg 225w, https:\/\/site.educa.madrid.org\/ies.salvadorallende.fuenlabrada\/\/wp-content\/uploads\/ies.salvadorallende.fuenlabrada\/2026\/01\/WhatsApp-Image-2026-01-24-at-16.52.09-300x400.jpeg 300w, https:\/\/site.educa.madrid.org\/ies.salvadorallende.fuenlabrada\/\/wp-content\/uploads\/ies.salvadorallende.fuenlabrada\/2026\/01\/WhatsApp-Image-2026-01-24-at-16.52.09-1152x1536.jpeg 1152w, https:\/\/site.educa.madrid.org\/ies.salvadorallende.fuenlabrada\/\/wp-content\/uploads\/ies.salvadorallende.fuenlabrada\/2026\/01\/WhatsApp-Image-2026-01-24-at-16.52.09.jpeg 1500w\" sizes=\"auto, (max-width: 768px) 100vw, 768px\" \/><\/a><\/figure>\n\n\n\n<figure class=\"wp-block-image size-large\"><a href=\"https:\/\/site.educa.madrid.org\/ies.salvadorallende.fuenlabrada\/\/wp-content\/uploads\/ies.salvadorallende.fuenlabrada\/2026\/01\/WhatsApp-Image-2026-01-24-at-16.52.11-2.jpeg\"><img loading=\"lazy\" decoding=\"async\" width=\"768\" height=\"1024\" data-id=\"7635\" src=\"https:\/\/site.educa.madrid.org\/ies.salvadorallende.fuenlabrada\/\/wp-content\/uploads\/ies.salvadorallende.fuenlabrada\/2026\/01\/WhatsApp-Image-2026-01-24-at-16.52.11-2-768x1024.jpeg\" alt=\"\" class=\"wp-image-7635\" srcset=\"https:\/\/site.educa.madrid.org\/ies.salvadorallende.fuenlabrada\/\/wp-content\/uploads\/ies.salvadorallende.fuenlabrada\/2026\/01\/WhatsApp-Image-2026-01-24-at-16.52.11-2-768x1024.jpeg 768w, https:\/\/site.educa.madrid.org\/ies.salvadorallende.fuenlabrada\/\/wp-content\/uploads\/ies.salvadorallende.fuenlabrada\/2026\/01\/WhatsApp-Image-2026-01-24-at-16.52.11-2-225x300.jpeg 225w, https:\/\/site.educa.madrid.org\/ies.salvadorallende.fuenlabrada\/\/wp-content\/uploads\/ies.salvadorallende.fuenlabrada\/2026\/01\/WhatsApp-Image-2026-01-24-at-16.52.11-2-300x400.jpeg 300w, https:\/\/site.educa.madrid.org\/ies.salvadorallende.fuenlabrada\/\/wp-content\/uploads\/ies.salvadorallende.fuenlabrada\/2026\/01\/WhatsApp-Image-2026-01-24-at-16.52.11-2-1152x1536.jpeg 1152w, https:\/\/site.educa.madrid.org\/ies.salvadorallende.fuenlabrada\/\/wp-content\/uploads\/ies.salvadorallende.fuenlabrada\/2026\/01\/WhatsApp-Image-2026-01-24-at-16.52.11-2.jpeg 1500w\" sizes=\"auto, (max-width: 768px) 100vw, 768px\" \/><\/a><\/figure>\n\n\n\n<figure class=\"wp-block-image size-large\"><a href=\"https:\/\/site.educa.madrid.org\/ies.salvadorallende.fuenlabrada\/\/wp-content\/uploads\/ies.salvadorallende.fuenlabrada\/2026\/01\/WhatsApp-Image-2026-01-24-at-16.52.11-1.jpeg\"><img loading=\"lazy\" decoding=\"async\" width=\"768\" height=\"1024\" data-id=\"7634\" src=\"https:\/\/site.educa.madrid.org\/ies.salvadorallende.fuenlabrada\/\/wp-content\/uploads\/ies.salvadorallende.fuenlabrada\/2026\/01\/WhatsApp-Image-2026-01-24-at-16.52.11-1-768x1024.jpeg\" alt=\"\" class=\"wp-image-7634\" srcset=\"https:\/\/site.educa.madrid.org\/ies.salvadorallende.fuenlabrada\/\/wp-content\/uploads\/ies.salvadorallende.fuenlabrada\/2026\/01\/WhatsApp-Image-2026-01-24-at-16.52.11-1-768x1024.jpeg 768w, https:\/\/site.educa.madrid.org\/ies.salvadorallende.fuenlabrada\/\/wp-content\/uploads\/ies.salvadorallende.fuenlabrada\/2026\/01\/WhatsApp-Image-2026-01-24-at-16.52.11-1-225x300.jpeg 225w, https:\/\/site.educa.madrid.org\/ies.salvadorallende.fuenlabrada\/\/wp-content\/uploads\/ies.salvadorallende.fuenlabrada\/2026\/01\/WhatsApp-Image-2026-01-24-at-16.52.11-1-300x400.jpeg 300w, https:\/\/site.educa.madrid.org\/ies.salvadorallende.fuenlabrada\/\/wp-content\/uploads\/ies.salvadorallende.fuenlabrada\/2026\/01\/WhatsApp-Image-2026-01-24-at-16.52.11-1-1152x1536.jpeg 1152w, https:\/\/site.educa.madrid.org\/ies.salvadorallende.fuenlabrada\/\/wp-content\/uploads\/ies.salvadorallende.fuenlabrada\/2026\/01\/WhatsApp-Image-2026-01-24-at-16.52.11-1.jpeg 1500w\" sizes=\"auto, (max-width: 768px) 100vw, 768px\" \/><\/a><\/figure>\n\n\n\n<figure class=\"wp-block-image size-large\"><a href=\"https:\/\/site.educa.madrid.org\/ies.salvadorallende.fuenlabrada\/\/wp-content\/uploads\/ies.salvadorallende.fuenlabrada\/2026\/01\/WhatsApp-Image-2026-01-24-at-16.52.11.jpeg\"><img loading=\"lazy\" decoding=\"async\" width=\"768\" height=\"1024\" data-id=\"7636\" src=\"https:\/\/site.educa.madrid.org\/ies.salvadorallende.fuenlabrada\/\/wp-content\/uploads\/ies.salvadorallende.fuenlabrada\/2026\/01\/WhatsApp-Image-2026-01-24-at-16.52.11-768x1024.jpeg\" alt=\"\" class=\"wp-image-7636\" srcset=\"https:\/\/site.educa.madrid.org\/ies.salvadorallende.fuenlabrada\/\/wp-content\/uploads\/ies.salvadorallende.fuenlabrada\/2026\/01\/WhatsApp-Image-2026-01-24-at-16.52.11-768x1024.jpeg 768w, https:\/\/site.educa.madrid.org\/ies.salvadorallende.fuenlabrada\/\/wp-content\/uploads\/ies.salvadorallende.fuenlabrada\/2026\/01\/WhatsApp-Image-2026-01-24-at-16.52.11-225x300.jpeg 225w, https:\/\/site.educa.madrid.org\/ies.salvadorallende.fuenlabrada\/\/wp-content\/uploads\/ies.salvadorallende.fuenlabrada\/2026\/01\/WhatsApp-Image-2026-01-24-at-16.52.11-300x400.jpeg 300w, https:\/\/site.educa.madrid.org\/ies.salvadorallende.fuenlabrada\/\/wp-content\/uploads\/ies.salvadorallende.fuenlabrada\/2026\/01\/WhatsApp-Image-2026-01-24-at-16.52.11-1152x1536.jpeg 1152w, https:\/\/site.educa.madrid.org\/ies.salvadorallende.fuenlabrada\/\/wp-content\/uploads\/ies.salvadorallende.fuenlabrada\/2026\/01\/WhatsApp-Image-2026-01-24-at-16.52.11.jpeg 1500w\" sizes=\"auto, (max-width: 768px) 100vw, 768px\" \/><\/a><\/figure>\n\n\n\n<figure class=\"wp-block-image size-large\"><a href=\"https:\/\/site.educa.madrid.org\/ies.salvadorallende.fuenlabrada\/\/wp-content\/uploads\/ies.salvadorallende.fuenlabrada\/2026\/01\/WhatsApp-Image-2026-01-24-at-16.52.10.jpeg\"><img loading=\"lazy\" decoding=\"async\" width=\"768\" height=\"1024\" data-id=\"7632\" src=\"https:\/\/site.educa.madrid.org\/ies.salvadorallende.fuenlabrada\/\/wp-content\/uploads\/ies.salvadorallende.fuenlabrada\/2026\/01\/WhatsApp-Image-2026-01-24-at-16.52.10-768x1024.jpeg\" alt=\"\" class=\"wp-image-7632\" srcset=\"https:\/\/site.educa.madrid.org\/ies.salvadorallende.fuenlabrada\/\/wp-content\/uploads\/ies.salvadorallende.fuenlabrada\/2026\/01\/WhatsApp-Image-2026-01-24-at-16.52.10-768x1024.jpeg 768w, https:\/\/site.educa.madrid.org\/ies.salvadorallende.fuenlabrada\/\/wp-content\/uploads\/ies.salvadorallende.fuenlabrada\/2026\/01\/WhatsApp-Image-2026-01-24-at-16.52.10-225x300.jpeg 225w, https:\/\/site.educa.madrid.org\/ies.salvadorallende.fuenlabrada\/\/wp-content\/uploads\/ies.salvadorallende.fuenlabrada\/2026\/01\/WhatsApp-Image-2026-01-24-at-16.52.10-300x400.jpeg 300w, https:\/\/site.educa.madrid.org\/ies.salvadorallende.fuenlabrada\/\/wp-content\/uploads\/ies.salvadorallende.fuenlabrada\/2026\/01\/WhatsApp-Image-2026-01-24-at-16.52.10-1152x1536.jpeg 1152w, https:\/\/site.educa.madrid.org\/ies.salvadorallende.fuenlabrada\/\/wp-content\/uploads\/ies.salvadorallende.fuenlabrada\/2026\/01\/WhatsApp-Image-2026-01-24-at-16.52.10.jpeg 1536w\" sizes=\"auto, (max-width: 768px) 100vw, 768px\" \/><\/a><\/figure>\n\n\n\n<figure class=\"wp-block-image size-large\"><a href=\"https:\/\/site.educa.madrid.org\/ies.salvadorallende.fuenlabrada\/\/wp-content\/uploads\/ies.salvadorallende.fuenlabrada\/2026\/01\/WhatsApp-Image-2025-12-21-at-21.22.01-3.jpeg\"><img loading=\"lazy\" decoding=\"async\" width=\"768\" height=\"1024\" data-id=\"7637\" src=\"https:\/\/site.educa.madrid.org\/ies.salvadorallende.fuenlabrada\/\/wp-content\/uploads\/ies.salvadorallende.fuenlabrada\/2026\/01\/WhatsApp-Image-2025-12-21-at-21.22.01-3-768x1024.jpeg\" alt=\"\" class=\"wp-image-7637\" srcset=\"https:\/\/site.educa.madrid.org\/ies.salvadorallende.fuenlabrada\/\/wp-content\/uploads\/ies.salvadorallende.fuenlabrada\/2026\/01\/WhatsApp-Image-2025-12-21-at-21.22.01-3-768x1024.jpeg 768w, https:\/\/site.educa.madrid.org\/ies.salvadorallende.fuenlabrada\/\/wp-content\/uploads\/ies.salvadorallende.fuenlabrada\/2026\/01\/WhatsApp-Image-2025-12-21-at-21.22.01-3-225x300.jpeg 225w, https:\/\/site.educa.madrid.org\/ies.salvadorallende.fuenlabrada\/\/wp-content\/uploads\/ies.salvadorallende.fuenlabrada\/2026\/01\/WhatsApp-Image-2025-12-21-at-21.22.01-3-300x400.jpeg 300w, https:\/\/site.educa.madrid.org\/ies.salvadorallende.fuenlabrada\/\/wp-content\/uploads\/ies.salvadorallende.fuenlabrada\/2026\/01\/WhatsApp-Image-2025-12-21-at-21.22.01-3-1152x1536.jpeg 1152w, https:\/\/site.educa.madrid.org\/ies.salvadorallende.fuenlabrada\/\/wp-content\/uploads\/ies.salvadorallende.fuenlabrada\/2026\/01\/WhatsApp-Image-2025-12-21-at-21.22.01-3.jpeg 1536w\" sizes=\"auto, (max-width: 768px) 100vw, 768px\" \/><\/a><\/figure>\n<\/figure>\n","protected":false},"excerpt":{"rendered":"<p>Un a\u00f1o m\u00e1s compartimos con toda la comunidad educativa nuestro Bel\u00e9n, realizado gracias al esfuerzo conjunto de alumnos y profesores de distintos niveles y asignaturas cuidando cada detalle en iluminaci\u00f3n, &#8230;<\/p>\n","protected":false},"author":2,"featured_media":0,"parent":0,"menu_order":0,"comment_status":"closed","ping_status":"closed","template":"","meta":{"footnotes":""},"folder":[],"class_list":["post-7579","page","type-page","status-publish","hentry"],"rttpg_featured_image_url":null,"rttpg_author":{"display_name":"tic.ies.salvadorallende.fuenlabrada","author_link":"https:\/\/site.educa.madrid.org\/ies.salvadorallende.fuenlabrada\/index.php\/author\/cuenta_tic-ies-salvadorallende-fuenlabrada\/"},"rttpg_comment":0,"rttpg_category":false,"rttpg_excerpt":"Un a\u00f1o m\u00e1s compartimos con toda la comunidad educativa nuestro Bel\u00e9n, realizado gracias al esfuerzo conjunto de alumnos y profesores de distintos niveles y asignaturas cuidando cada detalle en iluminaci\u00f3n, ...","post_mailing_queue_ids":[],"_links":{"self":[{"href":"https:\/\/site.educa.madrid.org\/ies.salvadorallende.fuenlabrada\/index.php\/wp-json\/wp\/v2\/pages\/7579","targetHints":{"allow":["GET"]}}],"collection":[{"href":"https:\/\/site.educa.madrid.org\/ies.salvadorallende.fuenlabrada\/index.php\/wp-json\/wp\/v2\/pages"}],"about":[{"href":"https:\/\/site.educa.madrid.org\/ies.salvadorallende.fuenlabrada\/index.php\/wp-json\/wp\/v2\/types\/page"}],"author":[{"embeddable":true,"href":"https:\/\/site.educa.madrid.org\/ies.salvadorallende.fuenlabrada\/index.php\/wp-json\/wp\/v2\/users\/2"}],"replies":[{"embeddable":true,"href":"https:\/\/site.educa.madrid.org\/ies.salvadorallende.fuenlabrada\/index.php\/wp-json\/wp\/v2\/comments?post=7579"}],"version-history":[{"count":13,"href":"https:\/\/site.educa.madrid.org\/ies.salvadorallende.fuenlabrada\/index.php\/wp-json\/wp\/v2\/pages\/7579\/revisions"}],"predecessor-version":[{"id":7646,"href":"https:\/\/site.educa.madrid.org\/ies.salvadorallende.fuenlabrada\/index.php\/wp-json\/wp\/v2\/pages\/7579\/revisions\/7646"}],"wp:attachment":[{"href":"https:\/\/site.educa.madrid.org\/ies.salvadorallende.fuenlabrada\/index.php\/wp-json\/wp\/v2\/media?parent=7579"}],"wp:term":[{"taxonomy":"folder","embeddable":true,"href":"https:\/\/site.educa.madrid.org\/ies.salvadorallende.fuenlabrada\/index.php\/wp-json\/wp\/v2\/folder?post=7579"}],"curies":[{"name":"wp","href":"https:\/\/api.w.org\/{rel}","templated":true}]}}