{"id":1060,"date":"2022-04-05T11:12:48","date_gmt":"2022-04-05T09:12:48","guid":{"rendered":"https:\/\/site.educa.madrid.org\/ies.satafi.getafe\/?page_id=1060"},"modified":"2024-06-25T10:25:42","modified_gmt":"2024-06-25T08:25:42","slug":"tasas-de-matricula","status":"publish","type":"page","link":"https:\/\/site.educa.madrid.org\/ies.satafi.getafe\/index.php\/fp-a-distancia\/tasas-de-matricula\/","title":{"rendered":"Tasas de matr\u00edcula"},"content":{"rendered":"\n<p>Las tasas de la matr\u00edcula ser\u00e1n abonadas (<strong>solo se abonan tasas en Ciclos Formativos de Grado Superior<\/strong>) a trav\u00e9s de la aplicaci\u00f3n de la Comunidad de Madrid y siguiendo las Instrucciones siguientes:<\/p>\n\n\n\n<p><\/p>\n\n\n\n<div class=\"wp-block-columns is-layout-flex wp-container-core-columns-is-layout-9d6595d7 wp-block-columns-is-layout-flex\">\n<div class=\"wp-block-column is-layout-flow wp-block-column-is-layout-flow\"><div\n\t\t\t\n\t\t\tclass=\"so-widget-sow-button so-widget-sow-button-atom-9dce24037758\"\n\t\t\t\n\t\t><div class=\"ow-button-base ow-button-align-center\">\n\t<a\n\thref=\"https:\/\/gestiona7.madrid.org\/rtas_webapp_pagotasas\/#!\/main\"\n\t\tclass=\"ow-icon-placement-left ow-button-hover\" target=\"_blank\" rel=\"noopener noreferrer\" \t>\n\t\t<span>\n\t\t\t\n\t\t\tPAGO DE TASAS DE LA COMUNIDAD DE MADRID\t\t<\/span>\n\t<\/a>\n<\/div>\n<\/div><\/div>\n\n\n\n<div class=\"wp-block-column is-layout-flow wp-block-column-is-layout-flow\"><div\n\t\t\t\n\t\t\tclass=\"so-widget-sow-button so-widget-sow-button-atom-9dce24037758\"\n\t\t\t\n\t\t><div class=\"ow-button-base ow-button-align-center\">\n\t<a\n\thref=\"https:\/\/site.educa.madrid.org\/ies.satafi.getafe\/\/wp-content\/uploads\/ies.satafi.getafe\/2022\/04\/Instrucciones-Pago-de-Tasas.pdf\"\n\t\tclass=\"ow-icon-placement-left ow-button-hover\" target=\"_blank\" rel=\"noopener noreferrer\" download=\"\" \t>\n\t\t<span>\n\t\t\t\n\t\t\tINSTRUCCIONES PAGO DE TASAS MATR\u00cdCULA\t\t<\/span>\n\t<\/a>\n<\/div>\n<\/div>\n\n\n<div class=\"wp-block-columns is-layout-flex wp-container-core-columns-is-layout-9d6595d7 wp-block-columns-is-layout-flex\">\n<div class=\"wp-block-column is-layout-flow wp-block-column-is-layout-flow\"><\/div>\n<\/div>\n<\/div>\n<\/div>\n\n\n\n<p>Estas tasas <strong>se abonan una vez que el alumno es admitido en el Ciclo y se autoriza su matr\u00edcula<\/strong> y son las siguientes:<\/p>\n\n\n\n<ul class=\"wp-block-list\">\n<li><strong>60 \u20ac por cada m\u00f3dulo<\/strong> en que se matricula el alumno.<\/li>\n\n\n\n<li><strong>120 \u20ac por cada m\u00f3dulo que repita<\/strong> el alumno.<\/li>\n\n\n\n<li>Los m\u00f3dulos de<strong> FCT y <\/strong>de <strong>Proyecto <\/strong>est\u00e1n <strong>exentos del pago<\/strong> de tasas<strong>.<\/strong><\/li>\n\n\n\n<li>Existen <strong>bonificaciones y exenciones<\/strong> (<strong>previa acreditaci\u00f3n<\/strong> de esta circunstancia):\n<ul class=\"wp-block-list\">\n<li>Bonificaci\u00f3n 50% tasas: familia numerosa de categor\u00eda general.<\/li>\n\n\n\n<li>Exento pago tasas para:\n<ul class=\"wp-block-list\">\n<li>Familia numerosa categor\u00eda especial.<\/li>\n\n\n\n<li>V\u00edctima de terrorismo (el propio alumno o su c\u00f3nyuge, su pareja de hecho o sus padres).<\/li>\n<\/ul>\n<\/li>\n<\/ul>\n<\/li>\n\n\n\n<li>El <strong>pago <\/strong>puede ser:\n<ul class=\"wp-block-list\">\n<li><strong><em>Completo<\/em><\/strong><\/li>\n\n\n\n<li><strong><em>Fraccionado <\/em><\/strong>en dos plazos:\n<ul class=\"wp-block-list\">\n<li><strong><u>PRIMER PLAZO<\/u><\/strong>: en el <strong>momento de la matr\u00edcula<\/strong> en el centro. Hay que <strong>presentar <\/strong>con la matr\u00edcula el <strong>justificante de abono<\/strong> de tasas que sale de la aplicaci\u00f3n de la Comunidad de Madrid.<\/li>\n\n\n\n<li><strong><u>SEGUNDO PLAZO<\/u><\/strong>: <strong>antes de que termine el mes de diciembre<\/strong>. El alumno debe <strong>presentar <\/strong>en la Secretar\u00eda del centro el <strong>justificante <\/strong>que sale de la aplicaci\u00f3n de la Comunidad de Madrid, as\u00ed como la documentaci\u00f3n que, en su caso, justifique la bonificaci\u00f3n en el pago (por ejemplo, carnet de familia numerosa). Este justificante lo puede presentar el alumno por correo electr\u00f3nico a la direcci\u00f3n <a href=\"mailto:secretaria.ies.satafi.getafe@educa.madrid.org\" target=\"_blank\" rel=\"noreferrer noopener\">secretaria.ies.satafi.getafe@educa.madrid.org<\/a> indicando como <strong>ASUNTO: Nombre y apellidos alumno. Ciclo FP en el que est\u00e1 matriculado, 2\u00ba pago tasas matr\u00edcula<\/strong>.<\/li>\n<\/ul>\n<\/li>\n<\/ul>\n<\/li>\n<\/ul>\n","protected":false},"excerpt":{"rendered":"<p>Las tasas de la matr\u00edcula ser\u00e1n abonadas (solo se abonan tasas en Ciclos Formativos de Grado Superior) a trav\u00e9s de la aplicaci\u00f3n de la Comunidad de Madrid y siguiendo las Instrucciones siguientes: Estas tasas se abonan una vez que el alumno es admitido en el Ciclo y se autoriza su matr\u00edcula y son las siguientes:<\/p>\n","protected":false},"author":4,"featured_media":0,"parent":177,"menu_order":0,"comment_status":"closed","ping_status":"closed","template":"","meta":{"footnotes":""},"folder":[31],"class_list":["post-1060","page","type-page","status-publish","hentry"],"rttpg_featured_image_url":null,"rttpg_author":{"display_name":"Jes\u00fas Ba\u00f1os Sancho","author_link":"https:\/\/site.educa.madrid.org\/ies.satafi.getafe\/index.php\/author\/jess_baos-sancho\/"},"rttpg_comment":0,"rttpg_category":" <a href=\"https:\/\/site.educa.madrid.org\/ies.satafi.getafe\/?taxonomy=folder&#038;term=fpad-1650449529\" rel=\"tag\">FP Virtual<\/a>","rttpg_excerpt":"Las tasas de la matr\u00edcula ser\u00e1n abonadas (solo se abonan tasas en Ciclos Formativos de Grado Superior) a trav\u00e9s de la aplicaci\u00f3n de la Comunidad de Madrid y siguiendo las Instrucciones siguientes: Estas tasas se abonan una vez que el alumno es admitido en el Ciclo y se autoriza su matr\u00edcula y son las siguientes:","post_mailing_queue_ids":[],"_links":{"self":[{"href":"https:\/\/site.educa.madrid.org\/ies.satafi.getafe\/index.php\/wp-json\/wp\/v2\/pages\/1060","targetHints":{"allow":["GET"]}}],"collection":[{"href":"https:\/\/site.educa.madrid.org\/ies.satafi.getafe\/index.php\/wp-json\/wp\/v2\/pages"}],"about":[{"href":"https:\/\/site.educa.madrid.org\/ies.satafi.getafe\/index.php\/wp-json\/wp\/v2\/types\/page"}],"author":[{"embeddable":true,"href":"https:\/\/site.educa.madrid.org\/ies.satafi.getafe\/index.php\/wp-json\/wp\/v2\/users\/4"}],"replies":[{"embeddable":true,"href":"https:\/\/site.educa.madrid.org\/ies.satafi.getafe\/index.php\/wp-json\/wp\/v2\/comments?post=1060"}],"version-history":[{"count":10,"href":"https:\/\/site.educa.madrid.org\/ies.satafi.getafe\/index.php\/wp-json\/wp\/v2\/pages\/1060\/revisions"}],"predecessor-version":[{"id":8886,"href":"https:\/\/site.educa.madrid.org\/ies.satafi.getafe\/index.php\/wp-json\/wp\/v2\/pages\/1060\/revisions\/8886"}],"up":[{"embeddable":true,"href":"https:\/\/site.educa.madrid.org\/ies.satafi.getafe\/index.php\/wp-json\/wp\/v2\/pages\/177"}],"wp:attachment":[{"href":"https:\/\/site.educa.madrid.org\/ies.satafi.getafe\/index.php\/wp-json\/wp\/v2\/media?parent=1060"}],"wp:term":[{"taxonomy":"folder","embeddable":true,"href":"https:\/\/site.educa.madrid.org\/ies.satafi.getafe\/index.php\/wp-json\/wp\/v2\/folder?post=1060"}],"curies":[{"name":"wp","href":"https:\/\/api.w.org\/{rel}","templated":true}]}}