{"id":1062,"date":"2022-04-05T11:13:52","date_gmt":"2022-04-05T09:13:52","guid":{"rendered":"https:\/\/site.educa.madrid.org\/ies.satafi.getafe\/?page_id=1062"},"modified":"2024-02-28T11:49:58","modified_gmt":"2024-02-28T10:49:58","slug":"devolucion-de-ingresos-indebidos","status":"publish","type":"page","link":"https:\/\/site.educa.madrid.org\/ies.satafi.getafe\/index.php\/secretaria\/devolucion-de-ingresos-indebidos\/","title":{"rendered":"Devoluci\u00f3n de ingresos indebidos"},"content":{"rendered":"\n<p>Ser\u00e1n causas para solicitar la devoluci\u00f3n de tasas de matr\u00edcula o del t\u00edtulo, entre otras las siguientes:<\/p>\n\n\n\n<ul class=\"wp-block-list\">\n<li>Pago por exceso&nbsp;(pago superior al importe de la tasa).<\/li>\n\n\n\n<li>Duplicidad en el pago.<\/li>\n\n\n\n<li>Que el alumno est\u00e9 en posesi\u00f3n de la&nbsp;credencial de becario.<\/li>\n<\/ul>\n\n\n\n<p>Hay que se\u00f1alar que&nbsp;<strong>en ning\u00fan caso ser\u00e1 causa de devoluci\u00f3n<\/strong>:<\/p>\n\n\n\n<ul class=\"wp-block-list\">\n<li>La concesi\u00f3n de la convalidaci\u00f3n o de exenci\u00f3n de m\u00f3dulos.<\/li>\n\n\n\n<li>La cancelaci\u00f3n o anulaci\u00f3n de la matr\u00edcula del alumno.<\/li>\n\n\n\n<li>Beneficiarios de familia numerosa que no lo acrediten antes de efectuar el pago y no presenten el libro de familia en vigor en el momento de formalizar la matr\u00edcula.<\/li>\n<\/ul>\n\n\n\n<p>La&nbsp;<strong>Consejer\u00eda de Educaci\u00f3n<\/strong>&nbsp;de la Comunidad de Madrid <strong>es la que gestiona la devoluci\u00f3n<\/strong>, por eso, la tramitaci\u00f3n de este procedimiento <strong>la puede realizar el propio alumno<\/strong>&nbsp;por medios electr\u00f3nicos en la siguiente direcci\u00f3n: <a href=\"https:\/\/tramita.comunidad.madrid\/impuestos-tasas-precios-publicos\/devol-precios-publicos-centros-docentes\">https:\/\/tramita.comunidad.madrid\/impuestos-tasas-precios-publicos\/devol-precios-publicos-centros-docentes<\/a>. Se acceder\u00e1 a un formulario en l\u00ednea que se tendr\u00e1 que cumplimentar y adjuntar los documentos necesarios para completar el proceso.<\/p>\n\n\n\n<p>El centro tambi\u00e9n puede solicitar la devoluci\u00f3n. Para ello, el alumno debe&nbsp;<strong>enviar un correo electr\u00f3nico&nbsp;a&nbsp;<strong><a href=\"mailto:secretaria.ies.satafi.getafe@educa.madrid.org\">secretaria.ies.satafi.getafe@educa.madrid.org<\/a><\/strong>&nbsp;y lo har\u00e1:<\/strong><\/p>\n\n\n\n<ol class=\"wp-block-list\" type=\"1\">\n<li>Indicando en el ASUNTO:&nbsp;<strong>Nombre y apellidos del solicitante. Ciclo FP en el que est\u00e1 matriculado. Solicitud devoluci\u00f3n ingresos.<\/strong><\/li>\n\n\n\n<li><strong>Adjuntar\u00e1&nbsp;<\/strong>adem\u00e1s a ese correo la siguiente<strong>&nbsp;documentaci\u00f3n (en formato pdf)<\/strong>:<\/li>\n<\/ol>\n\n\n\n<ul class=\"wp-block-list\">\n<li>Solicitud de devoluci\u00f3n de tasas (rellenada y firmada por el alumno), que se puede descargar m\u00e1s abajo.<\/li>\n\n\n\n<li>NIF \/ NIE.<\/li>\n\n\n\n<li>Justificantes de abono de las tasas de matr\u00edcula.<\/li>\n\n\n\n<li>Justificante que acredite la titularidad de la cuenta corriente en la que desea que le sea ingresada la devoluci\u00f3n (copia de la cartilla bancaria, recibo, etc.).<\/li>\n\n\n\n<li>Acreditaci\u00f3n de familia numerosa o de v\u00edctima de terrorismo, en su caso.<\/li>\n\n\n\n<li>Credencial de becario, en su caso.<\/li>\n\n\n\n<li>Libro de familia completo (en el caso de alumnos menores de edad).<\/li>\n\n\n\n<li>Otra documentaci\u00f3n que se considere de inter\u00e9s.<\/li>\n<\/ul>\n\n\n\n<p>La Secretar\u00eda del centro remitir\u00e1 toda esta documentaci\u00f3n, junto con un informe de la Directora del centro, a la&nbsp;<strong>Consejer\u00eda de Educaci\u00f3n<\/strong>&nbsp;de la Comunidad de Madrid, que&nbsp;es la que gestiona la devoluci\u00f3n&nbsp;y la que responder\u00e1 al alumno.<\/p>\n\n\n\n<p><\/p>\n\n\n<div\n\t\t\t\n\t\t\tclass=\"so-widget-sow-button so-widget-sow-button-atom-9dce24037758\"\n\t\t\t\n\t\t><div class=\"ow-button-base ow-button-align-center\">\n\t<a\n\thref=\"https:\/\/site.educa.madrid.org\/ies.satafi.getafe\/\/wp-content\/uploads\/ies.satafi.getafe\/2022\/06\/Solicitud-Devolucion-Ingresos-Indebidos.pdf\"\n\t\tclass=\"ow-icon-placement-left ow-button-hover\" download=\"\" \t>\n\t\t<span>\n\t\t\t\n\t\t\tSOLICITUD DE DEVOLUCI\u00d3N DE INGRESOS INDEBIDOS\t\t<\/span>\n\t<\/a>\n<\/div>\n<\/div>","protected":false},"excerpt":{"rendered":"<p>Ser\u00e1n causas para solicitar la devoluci\u00f3n de tasas de matr\u00edcula o del t\u00edtulo, entre otras las siguientes: Hay que se\u00f1alar que&nbsp;en ning\u00fan caso ser\u00e1 causa de devoluci\u00f3n: La&nbsp;Consejer\u00eda de Educaci\u00f3n&nbsp;de la Comunidad de Madrid es la que gestiona la devoluci\u00f3n, por eso, la tramitaci\u00f3n de este procedimiento la puede realizar el propio alumno&nbsp;por medios electr\u00f3nicos<\/p><\/div>\n<div class=\"blog-btn\"><a href=\"https:\/\/site.educa.madrid.org\/ies.satafi.getafe\/index.php\/secretaria\/devolucion-de-ingresos-indebidos\/\" class=\"home-blog-btn\">Leer m\u00e1s<\/a><\/p>\n","protected":false},"author":4,"featured_media":0,"parent":168,"menu_order":0,"comment_status":"closed","ping_status":"closed","template":"","meta":{"footnotes":""},"folder":[31],"class_list":["post-1062","page","type-page","status-publish","hentry"],"rttpg_featured_image_url":null,"rttpg_author":{"display_name":"Jes\u00fas Ba\u00f1os Sancho","author_link":"https:\/\/site.educa.madrid.org\/ies.satafi.getafe\/index.php\/author\/jess_baos-sancho\/"},"rttpg_comment":0,"rttpg_category":" <a href=\"https:\/\/site.educa.madrid.org\/ies.satafi.getafe\/?taxonomy=folder&#038;term=fpad-1650449529\" rel=\"tag\">FP Virtual<\/a>","rttpg_excerpt":"Ser\u00e1n causas para solicitar la devoluci\u00f3n de tasas de matr\u00edcula o del t\u00edtulo, entre otras las siguientes: Hay que se\u00f1alar que&nbsp;en ning\u00fan caso ser\u00e1 causa de devoluci\u00f3n: La&nbsp;Consejer\u00eda de Educaci\u00f3n&nbsp;de la Comunidad de Madrid es la que gestiona la devoluci\u00f3n, por eso, la tramitaci\u00f3n de este procedimiento la puede realizar el propio alumno&nbsp;por medios electr\u00f3nicosLeer&hellip;","post_mailing_queue_ids":[],"_links":{"self":[{"href":"https:\/\/site.educa.madrid.org\/ies.satafi.getafe\/index.php\/wp-json\/wp\/v2\/pages\/1062","targetHints":{"allow":["GET"]}}],"collection":[{"href":"https:\/\/site.educa.madrid.org\/ies.satafi.getafe\/index.php\/wp-json\/wp\/v2\/pages"}],"about":[{"href":"https:\/\/site.educa.madrid.org\/ies.satafi.getafe\/index.php\/wp-json\/wp\/v2\/types\/page"}],"author":[{"embeddable":true,"href":"https:\/\/site.educa.madrid.org\/ies.satafi.getafe\/index.php\/wp-json\/wp\/v2\/users\/4"}],"replies":[{"embeddable":true,"href":"https:\/\/site.educa.madrid.org\/ies.satafi.getafe\/index.php\/wp-json\/wp\/v2\/comments?post=1062"}],"version-history":[{"count":4,"href":"https:\/\/site.educa.madrid.org\/ies.satafi.getafe\/index.php\/wp-json\/wp\/v2\/pages\/1062\/revisions"}],"predecessor-version":[{"id":4812,"href":"https:\/\/site.educa.madrid.org\/ies.satafi.getafe\/index.php\/wp-json\/wp\/v2\/pages\/1062\/revisions\/4812"}],"up":[{"embeddable":true,"href":"https:\/\/site.educa.madrid.org\/ies.satafi.getafe\/index.php\/wp-json\/wp\/v2\/pages\/168"}],"wp:attachment":[{"href":"https:\/\/site.educa.madrid.org\/ies.satafi.getafe\/index.php\/wp-json\/wp\/v2\/media?parent=1062"}],"wp:term":[{"taxonomy":"folder","embeddable":true,"href":"https:\/\/site.educa.madrid.org\/ies.satafi.getafe\/index.php\/wp-json\/wp\/v2\/folder?post=1062"}],"curies":[{"name":"wp","href":"https:\/\/api.w.org\/{rel}","templated":true}]}}