{"id":10734,"date":"2026-04-08T15:56:17","date_gmt":"2026-04-08T13:56:17","guid":{"rendered":"https:\/\/site.educa.madrid.org\/ies.satafi.getafe\/?page_id=10734"},"modified":"2026-04-08T16:49:56","modified_gmt":"2026-04-08T14:49:56","slug":"proyecto-voluntariado","status":"publish","type":"page","link":"https:\/\/site.educa.madrid.org\/ies.satafi.getafe\/index.php\/proyectos\/proyecto-voluntariado\/","title":{"rendered":"Proyecto Voluntariado"},"content":{"rendered":"<div class=\"wp-block-image\">\n<figure class=\"aligncenter size-large is-resized\"><img loading=\"lazy\" decoding=\"async\" width=\"1024\" height=\"683\" src=\"https:\/\/site.educa.madrid.org\/ies.satafi.getafe\/\/wp-content\/uploads\/ies.satafi.getafe\/2026\/04\/voluntariado-1024x683.jpg\" alt=\"\" class=\"wp-image-10742\" style=\"width:576px;height:auto\" srcset=\"https:\/\/site.educa.madrid.org\/ies.satafi.getafe\/\/wp-content\/uploads\/ies.satafi.getafe\/2026\/04\/voluntariado-1024x683.jpg 1024w, https:\/\/site.educa.madrid.org\/ies.satafi.getafe\/\/wp-content\/uploads\/ies.satafi.getafe\/2026\/04\/voluntariado-300x200.jpg 300w, https:\/\/site.educa.madrid.org\/ies.satafi.getafe\/\/wp-content\/uploads\/ies.satafi.getafe\/2026\/04\/voluntariado-768x512.jpg 768w, https:\/\/site.educa.madrid.org\/ies.satafi.getafe\/\/wp-content\/uploads\/ies.satafi.getafe\/2026\/04\/voluntariado-391x260.jpg 391w, https:\/\/site.educa.madrid.org\/ies.satafi.getafe\/\/wp-content\/uploads\/ies.satafi.getafe\/2026\/04\/voluntariado-1536x1024.jpg 1536w, https:\/\/site.educa.madrid.org\/ies.satafi.getafe\/\/wp-content\/uploads\/ies.satafi.getafe\/2026\/04\/voluntariado-2048x1365.jpg 2048w, https:\/\/site.educa.madrid.org\/ies.satafi.getafe\/\/wp-content\/uploads\/ies.satafi.getafe\/2026\/04\/voluntariado-272x182.jpg 272w, https:\/\/site.educa.madrid.org\/ies.satafi.getafe\/\/wp-content\/uploads\/ies.satafi.getafe\/2026\/04\/voluntariado-360x240.jpg 360w, https:\/\/site.educa.madrid.org\/ies.satafi.getafe\/\/wp-content\/uploads\/ies.satafi.getafe\/2026\/04\/voluntariado-720x480.jpg 720w\" sizes=\"auto, (max-width: 1024px) 100vw, 1024px\" \/><\/figure>\n<\/div>\n\n<p>En esta pagina se presenta el proyecto de voluntariado de nuestros alumnos y los proyectos de aprendizaje y servicios que realizan.<\/p>\n<p>El centro entiende el voluntariado como una excelente manera para que los alumnos tengan conciencia de su entorno, especialmente del m\u00e1s pr\u00f3ximo, y por lo que se refiere a colectivos a los que podamos ayudar. Buscamos que se relacionen de una forma amable con \u00e9l, y que as\u00ed desarrollen la empat\u00eda, la asertividad, la autoestima y la percepci\u00f3n del bien ajeno (lo cual a su vez provoca que salgan de su individualismo, que en la adolescencia puede ser especialmente pernicioso). Seguir\u00e1n la metodolog\u00eda de \u201caprender y hacer para ayudar\u201d.<\/p>\n\n\n<div style=\"height:31px\" aria-hidden=\"true\" class=\"wp-block-spacer\"><\/div>\n\n\n\n<p class=\"has-text-align-center has-white-color has-vivid-red-background-color has-text-color has-background has-link-color wp-elements-dd94a391549a244c858602557ac361ac\"><strong><em>Noticias sobre Voluntariado<\/em><\/strong><\/p>\n\n\n\n<div style=\"height:31px\" aria-hidden=\"true\" class=\"wp-block-spacer\"><\/div>\n\n\n<ul class=\"wp-block-latest-posts__list wp-block-latest-posts\"><\/ul>","protected":false},"excerpt":{"rendered":"<p>En esta pagina se presenta el proyecto de voluntariado de nuestros alumnos y los proyectos de aprendizaje y servicios que realizan. El centro entiende el voluntariado como una excelente manera para que los alumnos tengan conciencia de su entorno, especialmente del m\u00e1s pr\u00f3ximo, y por lo que se refiere a colectivos a los que podamos<\/p><\/div>\n<div class=\"blog-btn\"><a href=\"https:\/\/site.educa.madrid.org\/ies.satafi.getafe\/index.php\/proyectos\/proyecto-voluntariado\/\" class=\"home-blog-btn\">Leer m\u00e1s<\/a><\/p>\n","protected":false},"author":3,"featured_media":0,"parent":886,"menu_order":0,"comment_status":"closed","ping_status":"closed","template":"","meta":{"footnotes":""},"folder":[],"class_list":["post-10734","page","type-page","status-publish","hentry"],"rttpg_featured_image_url":null,"rttpg_author":{"display_name":"ies.satafi.getafe","author_link":"https:\/\/site.educa.madrid.org\/ies.satafi.getafe\/index.php\/author\/cuenta_ies-satafi-getafe\/"},"rttpg_comment":0,"rttpg_category":false,"rttpg_excerpt":"En esta pagina se presenta el proyecto de voluntariado de nuestros alumnos y los proyectos de aprendizaje y servicios que realizan. El centro entiende el voluntariado como una excelente manera para que los alumnos tengan conciencia de su entorno, especialmente del m\u00e1s pr\u00f3ximo, y por lo que se refiere a colectivos a los que podamosLeer&hellip;","post_mailing_queue_ids":[],"_links":{"self":[{"href":"https:\/\/site.educa.madrid.org\/ies.satafi.getafe\/index.php\/wp-json\/wp\/v2\/pages\/10734","targetHints":{"allow":["GET"]}}],"collection":[{"href":"https:\/\/site.educa.madrid.org\/ies.satafi.getafe\/index.php\/wp-json\/wp\/v2\/pages"}],"about":[{"href":"https:\/\/site.educa.madrid.org\/ies.satafi.getafe\/index.php\/wp-json\/wp\/v2\/types\/page"}],"author":[{"embeddable":true,"href":"https:\/\/site.educa.madrid.org\/ies.satafi.getafe\/index.php\/wp-json\/wp\/v2\/users\/3"}],"replies":[{"embeddable":true,"href":"https:\/\/site.educa.madrid.org\/ies.satafi.getafe\/index.php\/wp-json\/wp\/v2\/comments?post=10734"}],"version-history":[{"count":6,"href":"https:\/\/site.educa.madrid.org\/ies.satafi.getafe\/index.php\/wp-json\/wp\/v2\/pages\/10734\/revisions"}],"predecessor-version":[{"id":10743,"href":"https:\/\/site.educa.madrid.org\/ies.satafi.getafe\/index.php\/wp-json\/wp\/v2\/pages\/10734\/revisions\/10743"}],"up":[{"embeddable":true,"href":"https:\/\/site.educa.madrid.org\/ies.satafi.getafe\/index.php\/wp-json\/wp\/v2\/pages\/886"}],"wp:attachment":[{"href":"https:\/\/site.educa.madrid.org\/ies.satafi.getafe\/index.php\/wp-json\/wp\/v2\/media?parent=10734"}],"wp:term":[{"taxonomy":"folder","embeddable":true,"href":"https:\/\/site.educa.madrid.org\/ies.satafi.getafe\/index.php\/wp-json\/wp\/v2\/folder?post=10734"}],"curies":[{"name":"wp","href":"https:\/\/api.w.org\/{rel}","templated":true}]}}