{"id":1111,"date":"2022-04-06T13:18:48","date_gmt":"2022-04-06T11:18:48","guid":{"rendered":"https:\/\/site.educa.madrid.org\/ies.satafi.getafe\/?page_id=1111"},"modified":"2022-05-11T23:37:41","modified_gmt":"2022-05-11T21:37:41","slug":"becas","status":"publish","type":"page","link":"https:\/\/site.educa.madrid.org\/ies.satafi.getafe\/index.php\/secretaria\/becas\/","title":{"rendered":"Becas"},"content":{"rendered":"<ul class=\"wp-block-latest-posts__list has-dates wp-block-latest-posts\"><li><div class=\"wp-block-latest-posts__featured-image alignleft\"><a href=\"https:\/\/site.educa.madrid.org\/ies.satafi.getafe\/index.php\/2024\/06\/26\/ayudas-para-cursos-de-inmersion-en-lengua-inglesa-para-estudiantes\/\" aria-label=\"Ayudas para cursos de inmersi\u00f3n en lengua inglesa para estudiantes\"><img loading=\"lazy\" decoding=\"async\" width=\"300\" height=\"158\" src=\"https:\/\/site.educa.madrid.org\/ies.satafi.getafe\/\/wp-content\/uploads\/ies.satafi.getafe\/2022\/04\/Becas-y-ayudas-300x158.png\" class=\"attachment-medium size-medium wp-post-image\" alt=\"\" style=\"\" srcset=\"https:\/\/site.educa.madrid.org\/ies.satafi.getafe\/\/wp-content\/uploads\/ies.satafi.getafe\/2022\/04\/Becas-y-ayudas-300x158.png 300w, https:\/\/site.educa.madrid.org\/ies.satafi.getafe\/\/wp-content\/uploads\/ies.satafi.getafe\/2022\/04\/Becas-y-ayudas.png 309w\" sizes=\"auto, (max-width: 300px) 100vw, 300px\" \/><\/a><\/div><a class=\"wp-block-latest-posts__post-title\" href=\"https:\/\/site.educa.madrid.org\/ies.satafi.getafe\/index.php\/2024\/06\/26\/ayudas-para-cursos-de-inmersion-en-lengua-inglesa-para-estudiantes\/\">Ayudas para cursos de inmersi\u00f3n en lengua inglesa para estudiantes<\/a><time datetime=\"2024-06-26T09:09:57+02:00\" class=\"wp-block-latest-posts__post-date\">26 junio, 2024<\/time><div class=\"wp-block-latest-posts__post-excerpt\">Curso intensivo de inmersi\u00f3n ling\u00fc\u00edstica en ingl\u00e9s, en r\u00e9gimen de internado, organizado por la Universidad Internacional Men\u00e9ndez Pelayo. La duraci\u00f3n es de una semana a elegir entre el 30 de septiembre y el 16 de diciembre de 2024 (fechas de comienzo de los cursos), en alguno de los siguientes emplazamientos:\u00a0Santander,<\/div><div class=\"blog-btn\"><a href=\"https:\/\/site.educa.madrid.org\/ies.satafi.getafe\/index.php\/2024\/06\/26\/ayudas-para-cursos-de-inmersion-en-lengua-inglesa-para-estudiantes\/\" class=\"home-blog-btn\">Leer m\u00e1s<\/a><\/div><\/li>\n<li><div class=\"wp-block-latest-posts__featured-image alignleft\"><a href=\"https:\/\/site.educa.madrid.org\/ies.satafi.getafe\/index.php\/2024\/04\/30\/convocatoria-de-ayudas-para-alumnos-con-necesidad-especifica-de-apoyo-educativo-para-el-curso-24-25\/\" aria-label=\"Convocatoria de ayudas para alumnos con necesidad espec\u00edfica de apoyo educativo para el curso 24\/25\"><img loading=\"lazy\" decoding=\"async\" width=\"300\" height=\"158\" src=\"https:\/\/site.educa.madrid.org\/ies.satafi.getafe\/\/wp-content\/uploads\/ies.satafi.getafe\/2022\/04\/Becas-y-ayudas-300x158.png\" class=\"attachment-medium size-medium wp-post-image\" alt=\"\" style=\"\" srcset=\"https:\/\/site.educa.madrid.org\/ies.satafi.getafe\/\/wp-content\/uploads\/ies.satafi.getafe\/2022\/04\/Becas-y-ayudas-300x158.png 300w, https:\/\/site.educa.madrid.org\/ies.satafi.getafe\/\/wp-content\/uploads\/ies.satafi.getafe\/2022\/04\/Becas-y-ayudas.png 309w\" sizes=\"auto, (max-width: 300px) 100vw, 300px\" \/><\/a><\/div><a class=\"wp-block-latest-posts__post-title\" href=\"https:\/\/site.educa.madrid.org\/ies.satafi.getafe\/index.php\/2024\/04\/30\/convocatoria-de-ayudas-para-alumnos-con-necesidad-especifica-de-apoyo-educativo-para-el-curso-24-25\/\">Convocatoria de ayudas para alumnos con necesidad espec\u00edfica de apoyo educativo para el curso 24\/25<\/a><time datetime=\"2024-04-30T12:31:00+02:00\" class=\"wp-block-latest-posts__post-date\">30 abril, 2024<\/time><div class=\"wp-block-latest-posts__post-excerpt\">Con fecha 19-04-24 se ha publicado en el BOE. el extracto de la Resoluci\u00f3n de 12 de abril por la que el Ministerio de Educaci\u00f3n, Formaci\u00f3n Profesional y Deportes convoca ayudas para alumnos con necesidad espec\u00edfica de apoyo educativo para el curso 24\/25. Para m\u00e1s informaci\u00f3n pinchar aqu\u00ed.<\/div><\/li>\n<li><div class=\"wp-block-latest-posts__featured-image alignleft\"><a href=\"https:\/\/site.educa.madrid.org\/ies.satafi.getafe\/index.php\/2023\/07\/14\/ayudas-para-participar-en-cursos-de-inmersion-en-lengua-inglesa\/\" aria-label=\"Ayudas para participar en cursos de inmersi\u00f3n en lengua inglesa\"><img loading=\"lazy\" decoding=\"async\" width=\"300\" height=\"158\" src=\"https:\/\/site.educa.madrid.org\/ies.satafi.getafe\/\/wp-content\/uploads\/ies.satafi.getafe\/2023\/07\/Beca-curso-ingles-1-300x158.jpg\" class=\"attachment-medium size-medium wp-post-image\" alt=\"\" style=\"\" srcset=\"https:\/\/site.educa.madrid.org\/ies.satafi.getafe\/\/wp-content\/uploads\/ies.satafi.getafe\/2023\/07\/Beca-curso-ingles-1-300x158.jpg 300w, https:\/\/site.educa.madrid.org\/ies.satafi.getafe\/\/wp-content\/uploads\/ies.satafi.getafe\/2023\/07\/Beca-curso-ingles-1.jpg 600w\" sizes=\"auto, (max-width: 300px) 100vw, 300px\" \/><\/a><\/div><a class=\"wp-block-latest-posts__post-title\" href=\"https:\/\/site.educa.madrid.org\/ies.satafi.getafe\/index.php\/2023\/07\/14\/ayudas-para-participar-en-cursos-de-inmersion-en-lengua-inglesa\/\">Ayudas para participar en cursos de inmersi\u00f3n en lengua inglesa<\/a><time datetime=\"2023-07-14T10:57:28+02:00\" class=\"wp-block-latest-posts__post-date\">14 julio, 2023<\/time><div class=\"wp-block-latest-posts__post-excerpt\">Se han convocado unas ayudas del ministerio para participar en cursos de inmersi\u00f3n ling\u00fc\u00edstica, para los alumnos de ciclos formativos de grado superior (hasta 30 a\u00f1os) que tengan condici\u00f3n de becarios. M\u00e1s Informaci\u00f3n.<\/div><\/li>\n<li><div class=\"wp-block-latest-posts__featured-image alignleft\"><a href=\"https:\/\/site.educa.madrid.org\/ies.satafi.getafe\/index.php\/2022\/03\/28\/becas-y-ayudas-para-fp-y-bachillerato\/\" aria-label=\"Becas y ayudas para FP y Bachillerato 2022-2023\"><img loading=\"lazy\" decoding=\"async\" width=\"300\" height=\"158\" src=\"https:\/\/site.educa.madrid.org\/ies.satafi.getafe\/\/wp-content\/uploads\/ies.satafi.getafe\/2022\/04\/Becas-y-ayudas-300x158.png\" class=\"attachment-medium size-medium wp-post-image\" alt=\"\" style=\"\" srcset=\"https:\/\/site.educa.madrid.org\/ies.satafi.getafe\/\/wp-content\/uploads\/ies.satafi.getafe\/2022\/04\/Becas-y-ayudas-300x158.png 300w, https:\/\/site.educa.madrid.org\/ies.satafi.getafe\/\/wp-content\/uploads\/ies.satafi.getafe\/2022\/04\/Becas-y-ayudas.png 309w\" sizes=\"auto, (max-width: 300px) 100vw, 300px\" \/><\/a><\/div><a class=\"wp-block-latest-posts__post-title\" href=\"https:\/\/site.educa.madrid.org\/ies.satafi.getafe\/index.php\/2022\/03\/28\/becas-y-ayudas-para-fp-y-bachillerato\/\">Becas y ayudas para FP y Bachillerato 2022-2023<\/a><time datetime=\"2022-03-28T23:31:00+02:00\" class=\"wp-block-latest-posts__post-date\">28 marzo, 2022<\/time><div class=\"wp-block-latest-posts__post-excerpt\">Se convocan becas de car\u00e1cter general para el curso 2022-2023, para estudiantes que cursen estudios postobligatorios. El plazo para solicitar la beca ser\u00e1 del 30 de marzo al 12 de mayo de 2022, y es necesario solicitarla dentro del plazo, aunque no se haya decidido qu\u00e9 estudiar, o incluso aunque<\/div><div class=\"blog-btn\"><a href=\"https:\/\/site.educa.madrid.org\/ies.satafi.getafe\/index.php\/2022\/03\/28\/becas-y-ayudas-para-fp-y-bachillerato\/\" class=\"home-blog-btn\">Leer m\u00e1s<\/a><\/div><\/li>\n<\/ul>","protected":false},"excerpt":{"rendered":"","protected":false},"author":4,"featured_media":0,"parent":168,"menu_order":0,"comment_status":"closed","ping_status":"closed","template":"","meta":{"footnotes":""},"folder":[],"class_list":["post-1111","page","type-page","status-publish","hentry"],"rttpg_featured_image_url":null,"rttpg_author":{"display_name":"Jes\u00fas Ba\u00f1os Sancho","author_link":"https:\/\/site.educa.madrid.org\/ies.satafi.getafe\/index.php\/author\/jess_baos-sancho\/"},"rttpg_comment":0,"rttpg_category":false,"rttpg_excerpt":null,"post_mailing_queue_ids":[],"_links":{"self":[{"href":"https:\/\/site.educa.madrid.org\/ies.satafi.getafe\/index.php\/wp-json\/wp\/v2\/pages\/1111","targetHints":{"allow":["GET"]}}],"collection":[{"href":"https:\/\/site.educa.madrid.org\/ies.satafi.getafe\/index.php\/wp-json\/wp\/v2\/pages"}],"about":[{"href":"https:\/\/site.educa.madrid.org\/ies.satafi.getafe\/index.php\/wp-json\/wp\/v2\/types\/page"}],"author":[{"embeddable":true,"href":"https:\/\/site.educa.madrid.org\/ies.satafi.getafe\/index.php\/wp-json\/wp\/v2\/users\/4"}],"replies":[{"embeddable":true,"href":"https:\/\/site.educa.madrid.org\/ies.satafi.getafe\/index.php\/wp-json\/wp\/v2\/comments?post=1111"}],"version-history":[{"count":3,"href":"https:\/\/site.educa.madrid.org\/ies.satafi.getafe\/index.php\/wp-json\/wp\/v2\/pages\/1111\/revisions"}],"predecessor-version":[{"id":1407,"href":"https:\/\/site.educa.madrid.org\/ies.satafi.getafe\/index.php\/wp-json\/wp\/v2\/pages\/1111\/revisions\/1407"}],"up":[{"embeddable":true,"href":"https:\/\/site.educa.madrid.org\/ies.satafi.getafe\/index.php\/wp-json\/wp\/v2\/pages\/168"}],"wp:attachment":[{"href":"https:\/\/site.educa.madrid.org\/ies.satafi.getafe\/index.php\/wp-json\/wp\/v2\/media?parent=1111"}],"wp:term":[{"taxonomy":"folder","embeddable":true,"href":"https:\/\/site.educa.madrid.org\/ies.satafi.getafe\/index.php\/wp-json\/wp\/v2\/folder?post=1111"}],"curies":[{"name":"wp","href":"https:\/\/api.w.org\/{rel}","templated":true}]}}