{"id":1171,"date":"2022-04-10T11:08:44","date_gmt":"2022-04-10T09:08:44","guid":{"rendered":"https:\/\/site.educa.madrid.org\/ies.satafi.getafe\/?page_id=1171"},"modified":"2022-04-11T13:13:27","modified_gmt":"2022-04-11T11:13:27","slug":"proteccion-de-datos","status":"publish","type":"page","link":"https:\/\/site.educa.madrid.org\/ies.satafi.getafe\/index.php\/secretaria\/proteccion-de-datos\/","title":{"rendered":"Protecci\u00f3n de datos"},"content":{"rendered":"\n<h2 class=\"has-medium-font-size wp-block-heading\" style=\"font-style:normal;font-weight:700\">Protecci\u00f3n de datos<\/h2>\n\n\n\n<div class=\"wp-block-group\"><div class=\"wp-block-group__inner-container is-layout-flow wp-block-group-is-layout-flow\">\n<p style=\"font-size:16px\">Se distinguen dos apartados:<\/p>\n\n\n\n<ul class=\"wp-block-list\" style=\"font-size:16px\"><li>&#8211; <strong>Fines educativos<\/strong>: a continuaci\u00f3n le informamos sobre c\u00f3mo son tratados los datos personales que les solicitamos con finalidad educativa.<\/li><li>&#8211; <strong>Fines no estrictamente educativos: <\/strong>cuando tratemos datos de los alumnos con finalidades no estrictamente educativas (por ejemplo la promoci\u00f3n del centro) requerimos el consentimiento expreso.<\/li><\/ul>\n<\/div><\/div>\n\n\n\n<p style=\"font-size:16px\">La Ley de Protecci\u00f3n de Datos (art. 7 LO 3\/2018) reconoce el derecho a prestar por s\u00ed mismo el consentimiento al alumnado mayor de 14 a\u00f1os. No obstante, sus padres o tutores legales tienen derecho a ser informados del uso que el centro realiza de los datos personales, de cu\u00e1ndo se requiere el consentimiento para ello, as\u00ed como de las herramientas que utiliza para su tratamiento. Siempre requeriremos el consentimiento para la difusi\u00f3n.<\/p>\n\n\n\n<p style=\"font-size:18px\">&#8211; <strong><em>No se requiere el consentimiento<\/em><\/strong>:<\/p>\n\n\n\n<ul class=\"wp-block-list\" style=\"font-size:16px\"><li>Cuando los datos son tratados en el ejercicio de la actividad educativa (Ej.: Grabar a un alumno durante una clase de ingl\u00e9s para valorar la pronunciaci\u00f3n).<\/li><li>Cuando utilizamos plataformas propias de la Comunidad de Madrid (Ej.: educamadrid, aula virtual, Teams, Webex-Cisco\u2026).<\/li><li>Cuando no sea posible la identificaci\u00f3n del alumno (Ej.: Se ve a una persona de espaldas).<\/li><\/ul>\n\n\n\n<p style=\"font-size:16px\"><strong>En el pdf adjunto llamado<\/strong>&nbsp;<a href=\"https:\/\/site.educa.madrid.org\/ies.satafi.getafe\/\/wp-content\/uploads\/ies.satafi.getafe\/2022\/04\/Fines-Educativos.pdf\" target=\"_blank\" rel=\"noreferrer noopener\">\u201cFinalidades educativas\u201d<\/a>&nbsp;informamos sobre el tratamiento de esa informaci\u00f3n.<\/p>\n\n\n\n<p style=\"font-size:18px\">&#8211; <strong><em>Se requiere el consentimiento<\/em><\/strong>:<\/p>\n\n\n\n<ul class=\"wp-block-list\" style=\"font-size:16px\"><li>Cuando los datos tomados en la actividad educativa se quieran difundir entre las familias. Los familiares solo podr\u00e1n usar estos datos en el \u00e1mbito personal, familiar o de amistad.<\/li><li>Cuando se usen plataformas que no sean las de la Comunidad de Madrid. En este caso el centro tiene que autorizarlas primero en su Programaci\u00f3n General Anual (PGA). <\/li><\/ul>\n\n\n\n<p style=\"font-size:16px\"><strong>En el pdf adjunto llamado<\/strong>&nbsp;<a href=\"https:\/\/site.educa.madrid.org\/ies.satafi.getafe\/\/wp-content\/uploads\/ies.satafi.getafe\/2022\/04\/Fines-no-estrictamente-educativos.pdf\" target=\"_blank\" rel=\"noreferrer noopener\">\u201cFinalidades no estrictamente educativas\u201d<\/a>&nbsp;informamos sobre el tratamiento de esa informaci\u00f3n.<\/p>\n\n\n\n<p style=\"font-size:16px\">Cuando espor\u00e1dicamente surja la posibilidad de utilizar alguna otra plataforma&nbsp; educativa, o se traten o compartan datos con aplicaciones no educativas, solicitaremos expresamente nuevas autorizaciones.<\/p>\n\n\n\n<p><\/p>\n","protected":false},"excerpt":{"rendered":"<p>Protecci\u00f3n de datos Se distinguen dos apartados: &#8211; Fines educativos: a continuaci\u00f3n le informamos sobre c\u00f3mo son tratados los datos personales que les solicitamos con finalidad educativa. &#8211; Fines no estrictamente educativos: cuando tratemos datos de los alumnos con finalidades no estrictamente educativas (por ejemplo la promoci\u00f3n del centro) requerimos el consentimiento expreso. La Ley<\/p><\/div>\n<div class=\"blog-btn\"><a href=\"https:\/\/site.educa.madrid.org\/ies.satafi.getafe\/index.php\/secretaria\/proteccion-de-datos\/\" class=\"home-blog-btn\">Leer m\u00e1s<\/a><\/p>\n","protected":false},"author":5,"featured_media":0,"parent":168,"menu_order":5,"comment_status":"closed","ping_status":"closed","template":"","meta":{"footnotes":""},"folder":[],"class_list":["post-1171","page","type-page","status-publish","hentry"],"rttpg_featured_image_url":null,"rttpg_author":{"display_name":"Inmaculada Alonso Casarrubios","author_link":"https:\/\/site.educa.madrid.org\/ies.satafi.getafe\/index.php\/author\/inmaculada_alonso-casarrubios\/"},"rttpg_comment":0,"rttpg_category":false,"rttpg_excerpt":"Protecci\u00f3n de datos Se distinguen dos apartados: &#8211; Fines educativos: a continuaci\u00f3n le informamos sobre c\u00f3mo son tratados los datos personales que les solicitamos con finalidad educativa. &#8211; Fines no estrictamente educativos: cuando tratemos datos de los alumnos con finalidades no estrictamente educativas (por ejemplo la promoci\u00f3n del centro) requerimos el consentimiento expreso. La LeyLeer&hellip;","post_mailing_queue_ids":[],"_links":{"self":[{"href":"https:\/\/site.educa.madrid.org\/ies.satafi.getafe\/index.php\/wp-json\/wp\/v2\/pages\/1171","targetHints":{"allow":["GET"]}}],"collection":[{"href":"https:\/\/site.educa.madrid.org\/ies.satafi.getafe\/index.php\/wp-json\/wp\/v2\/pages"}],"about":[{"href":"https:\/\/site.educa.madrid.org\/ies.satafi.getafe\/index.php\/wp-json\/wp\/v2\/types\/page"}],"author":[{"embeddable":true,"href":"https:\/\/site.educa.madrid.org\/ies.satafi.getafe\/index.php\/wp-json\/wp\/v2\/users\/5"}],"replies":[{"embeddable":true,"href":"https:\/\/site.educa.madrid.org\/ies.satafi.getafe\/index.php\/wp-json\/wp\/v2\/comments?post=1171"}],"version-history":[{"count":9,"href":"https:\/\/site.educa.madrid.org\/ies.satafi.getafe\/index.php\/wp-json\/wp\/v2\/pages\/1171\/revisions"}],"predecessor-version":[{"id":1223,"href":"https:\/\/site.educa.madrid.org\/ies.satafi.getafe\/index.php\/wp-json\/wp\/v2\/pages\/1171\/revisions\/1223"}],"up":[{"embeddable":true,"href":"https:\/\/site.educa.madrid.org\/ies.satafi.getafe\/index.php\/wp-json\/wp\/v2\/pages\/168"}],"wp:attachment":[{"href":"https:\/\/site.educa.madrid.org\/ies.satafi.getafe\/index.php\/wp-json\/wp\/v2\/media?parent=1171"}],"wp:term":[{"taxonomy":"folder","embeddable":true,"href":"https:\/\/site.educa.madrid.org\/ies.satafi.getafe\/index.php\/wp-json\/wp\/v2\/folder?post=1171"}],"curies":[{"name":"wp","href":"https:\/\/api.w.org\/{rel}","templated":true}]}}