{"id":1353,"date":"2022-04-19T20:38:22","date_gmt":"2022-04-19T18:38:22","guid":{"rendered":"https:\/\/site.educa.madrid.org\/ies.satafi.getafe\/?page_id=1353"},"modified":"2022-12-13T10:17:11","modified_gmt":"2022-12-13T09:17:11","slug":"empresas-o-entidades","status":"publish","type":"page","link":"https:\/\/site.educa.madrid.org\/ies.satafi.getafe\/index.php\/servicios-y-actividades\/bolsa-de-trabajo\/empresas-o-entidades\/","title":{"rendered":"Empresas o entidades"},"content":{"rendered":"<div\n\t\t\t\n\t\t\tclass=\"so-widget-sow-editor so-widget-sow-editor-base\"\n\t\t\t\n\t\t>\n<div class=\"siteorigin-widget-tinymce textwidget\">\n\t<div class=\"description autoclear\">\n<div class=\"main-content autoclear\">\n<p>Aquella <strong>Empresa o Entidad<\/strong> que quiera solicitar oferta de empleo para nuestros alumnos del IES Satafi deber\u00e1 de ponerse en contacto con nuestro centro por <strong>E-mail<\/strong>, enviando su oferta de empleo a: <strong><span class=\"header-title username\">fct.ies.satafi.getafe@educa.madrid.org<\/span><\/strong><br \/>La oferta de empleo deber\u00e1 contener como m\u00ednimo , nombre de la empresa, la especialidad requerida, el puesto a ocupar, una persona de contacto , tel\u00e9fono \u00f3 correo electr\u00f3nico.<\/p>\n<p>En virtud de lo establecido en la Ley Org\u00e1nica de Protecci\u00f3n de Datos 15\/1999 y la Ley 34\/2002, le informamos que los datos que incluya en esta aplicaci\u00f3n inform\u00e1tica, propiedad del <strong>IES Satafi<\/strong>, ser\u00e1n para uso exclusivo de la gesti\u00f3n de ofertas de empleo y ser\u00e1n tratados con estricta confidencialidad. Puede ejercer los derechos de acceso, rectificaci\u00f3n, cancelaci\u00f3n y oposici\u00f3n, comunic\u00e1ndolo al instituto.<\/p>\n<p><strong>Gracias por su colaboraci\u00f3n.<\/strong><\/p>\n<\/div>\n<p>\u00a0<\/p>\n<\/div>\n<\/div>\n<\/div>","protected":false},"excerpt":{"rendered":"","protected":false},"author":7,"featured_media":0,"parent":1320,"menu_order":0,"comment_status":"closed","ping_status":"closed","template":"","meta":{"footnotes":""},"folder":[28],"class_list":["post-1353","page","type-page","status-publish","hentry"],"rttpg_featured_image_url":null,"rttpg_author":{"display_name":"Miguel \u00c1ngel Bonache G\u00f3mez","author_link":"https:\/\/site.educa.madrid.org\/ies.satafi.getafe\/index.php\/author\/miguel-angel_bonache-gomez\/"},"rttpg_comment":0,"rttpg_category":" <a href=\"https:\/\/site.educa.madrid.org\/ies.satafi.getafe\/?taxonomy=folder&#038;term=bolsa-de-trabajo-y-fct-1650391340\" rel=\"tag\">Bolsa de trabajo y FCT<\/a>","rttpg_excerpt":null,"post_mailing_queue_ids":[],"_links":{"self":[{"href":"https:\/\/site.educa.madrid.org\/ies.satafi.getafe\/index.php\/wp-json\/wp\/v2\/pages\/1353","targetHints":{"allow":["GET"]}}],"collection":[{"href":"https:\/\/site.educa.madrid.org\/ies.satafi.getafe\/index.php\/wp-json\/wp\/v2\/pages"}],"about":[{"href":"https:\/\/site.educa.madrid.org\/ies.satafi.getafe\/index.php\/wp-json\/wp\/v2\/types\/page"}],"author":[{"embeddable":true,"href":"https:\/\/site.educa.madrid.org\/ies.satafi.getafe\/index.php\/wp-json\/wp\/v2\/users\/7"}],"replies":[{"embeddable":true,"href":"https:\/\/site.educa.madrid.org\/ies.satafi.getafe\/index.php\/wp-json\/wp\/v2\/comments?post=1353"}],"version-history":[{"count":3,"href":"https:\/\/site.educa.madrid.org\/ies.satafi.getafe\/index.php\/wp-json\/wp\/v2\/pages\/1353\/revisions"}],"predecessor-version":[{"id":2510,"href":"https:\/\/site.educa.madrid.org\/ies.satafi.getafe\/index.php\/wp-json\/wp\/v2\/pages\/1353\/revisions\/2510"}],"up":[{"embeddable":true,"href":"https:\/\/site.educa.madrid.org\/ies.satafi.getafe\/index.php\/wp-json\/wp\/v2\/pages\/1320"}],"wp:attachment":[{"href":"https:\/\/site.educa.madrid.org\/ies.satafi.getafe\/index.php\/wp-json\/wp\/v2\/media?parent=1353"}],"wp:term":[{"taxonomy":"folder","embeddable":true,"href":"https:\/\/site.educa.madrid.org\/ies.satafi.getafe\/index.php\/wp-json\/wp\/v2\/folder?post=1353"}],"curies":[{"name":"wp","href":"https:\/\/api.w.org\/{rel}","templated":true}]}}