{"id":1360,"date":"2022-04-19T20:50:54","date_gmt":"2022-04-19T18:50:54","guid":{"rendered":"https:\/\/site.educa.madrid.org\/ies.satafi.getafe\/?page_id=1360"},"modified":"2022-12-13T10:18:38","modified_gmt":"2022-12-13T09:18:38","slug":"alumnado","status":"publish","type":"page","link":"https:\/\/site.educa.madrid.org\/ies.satafi.getafe\/index.php\/servicios-y-actividades\/bolsa-de-trabajo\/alumnado\/","title":{"rendered":"Alumnado"},"content":{"rendered":"<div\n\t\t\t\n\t\t\tclass=\"so-widget-sow-editor so-widget-sow-editor-base\"\n\t\t\t\n\t\t>\n<div class=\"siteorigin-widget-tinymce textwidget\">\n\t<div class=\"description autoclear\">\n<p>Este es un servicio que el <strong>IES SATAFI<\/strong> ofrece a los alumnos titulados, con el objetivo de facilitarles la b\u00fasqueda de empleo.<\/p>\n<p>Cada vez que llegue una oferta relacionada con vuestra especialidad, se colgar\u00e1 en la p\u00e1gina creada en el aula virtual <strong>(<a href=\"https:\/\/aulavirtual32.educa.madrid.org\/ies.satafi.getafe\/login\/index.php\">Bolsa de trabajo-IES Satafi<\/a>)<\/strong>, se os enviar\u00e1 un correo electr\u00f3nico para que aquellos de vosotros est\u00e9is interesados, pod\u00e1is tomar la iniciativa contactando con la empresa. Es decir:<\/p>\n<p>1. Es conveniente que consult\u00e9is regularmente la bolsa de trabajo para comprobar las \u00faltimas ofertas a\u00f1adidas.<br \/>2. Es conveniente que cada alumno redireccione el correo de educamadrid a la cuenta de correo que utilice con m\u00e1s frecuencia, para que la informaci\u00f3n de la oferta le llegue con la m\u00e1xima rapidez.<br \/>Pod\u00e9is imaginar que la empresa no hace sus peticiones a un s\u00f3lo centro y que si vuestro inter\u00e9s por la oferta (vuestras llamadas) son los primeros en llegar, sin duda tendr\u00e9is ventaja.<\/p>\n<p>Si ten\u00e9is dudas de c\u00f3mo hacerlo o de cualquier otro tipo, pasaros por la Jefatura de Estudios del centro o escribid un correo a <strong><span class=\"header-title username\">fct.ies.satafi.getafe@educa.madrid.org<\/span><\/strong> y os las aclararemos con mucho gusto.<\/p>\n<p>\u00a1SUERTE!<\/p>\n<\/div>\n<\/div>\n<\/div>","protected":false},"excerpt":{"rendered":"","protected":false},"author":7,"featured_media":0,"parent":1320,"menu_order":0,"comment_status":"closed","ping_status":"closed","template":"","meta":{"footnotes":""},"folder":[28],"class_list":["post-1360","page","type-page","status-publish","hentry"],"rttpg_featured_image_url":null,"rttpg_author":{"display_name":"Miguel \u00c1ngel Bonache G\u00f3mez","author_link":"https:\/\/site.educa.madrid.org\/ies.satafi.getafe\/index.php\/author\/miguel-angel_bonache-gomez\/"},"rttpg_comment":0,"rttpg_category":" <a href=\"https:\/\/site.educa.madrid.org\/ies.satafi.getafe\/?taxonomy=folder&#038;term=bolsa-de-trabajo-y-fct-1650391340\" rel=\"tag\">Bolsa de trabajo y FCT<\/a>","rttpg_excerpt":null,"post_mailing_queue_ids":[],"_links":{"self":[{"href":"https:\/\/site.educa.madrid.org\/ies.satafi.getafe\/index.php\/wp-json\/wp\/v2\/pages\/1360","targetHints":{"allow":["GET"]}}],"collection":[{"href":"https:\/\/site.educa.madrid.org\/ies.satafi.getafe\/index.php\/wp-json\/wp\/v2\/pages"}],"about":[{"href":"https:\/\/site.educa.madrid.org\/ies.satafi.getafe\/index.php\/wp-json\/wp\/v2\/types\/page"}],"author":[{"embeddable":true,"href":"https:\/\/site.educa.madrid.org\/ies.satafi.getafe\/index.php\/wp-json\/wp\/v2\/users\/7"}],"replies":[{"embeddable":true,"href":"https:\/\/site.educa.madrid.org\/ies.satafi.getafe\/index.php\/wp-json\/wp\/v2\/comments?post=1360"}],"version-history":[{"count":3,"href":"https:\/\/site.educa.madrid.org\/ies.satafi.getafe\/index.php\/wp-json\/wp\/v2\/pages\/1360\/revisions"}],"predecessor-version":[{"id":2511,"href":"https:\/\/site.educa.madrid.org\/ies.satafi.getafe\/index.php\/wp-json\/wp\/v2\/pages\/1360\/revisions\/2511"}],"up":[{"embeddable":true,"href":"https:\/\/site.educa.madrid.org\/ies.satafi.getafe\/index.php\/wp-json\/wp\/v2\/pages\/1320"}],"wp:attachment":[{"href":"https:\/\/site.educa.madrid.org\/ies.satafi.getafe\/index.php\/wp-json\/wp\/v2\/media?parent=1360"}],"wp:term":[{"taxonomy":"folder","embeddable":true,"href":"https:\/\/site.educa.madrid.org\/ies.satafi.getafe\/index.php\/wp-json\/wp\/v2\/folder?post=1360"}],"curies":[{"name":"wp","href":"https:\/\/api.w.org\/{rel}","templated":true}]}}