{"id":1450,"date":"2022-04-26T23:57:43","date_gmt":"2022-04-26T21:57:43","guid":{"rendered":"https:\/\/site.educa.madrid.org\/ies.satafi.getafe\/?page_id=1450"},"modified":"2024-01-27T20:47:29","modified_gmt":"2024-01-27T19:47:29","slug":"innovacion-tecnologica-iit","status":"publish","type":"page","link":"https:\/\/site.educa.madrid.org\/ies.satafi.getafe\/index.php\/proyectos\/innovacion-tecnologica-iit\/","title":{"rendered":"Innovaci\u00f3n Tecnol\u00f3gica (IIT)"},"content":{"rendered":"\n<h2 class=\"wp-block-heading\">Centros de Innovaci\u00f3n Tecnol\u00f3gica<\/h2>\n\n\n\n<p>El IES SATAFI es un centro educativo donde se imparten diversos niveles educativos: Educaci\u00f3n Secundaria Obligatoria, Bachillerato y Formaci\u00f3n Profesional Espec\u00edfica.<\/p>\n\n\n\n<p>Desde sus comienzos, el IES Satafi se ha caracterizado por su amplia participaci\u00f3n en Proyectos de innovaci\u00f3n educativa vinculados con el uso de las Nuevas Tecnolog\u00edas y su integraci\u00f3n en el curr\u00edculo.<\/p>\n\n\n\n<p>El profesorado mostr\u00f3 un gran inter\u00e9s desde un primer momento por el proyecto de Instituto Tecnol\u00f3gico, integr\u00e1ndose en el mismo pr\u00e1cticamente la totalidad de los departamentos did\u00e1cticos: Matem\u00e1ticas, Ciencias Naturales, Ciencias Sociales, Educaci\u00f3n Pl\u00e1stica, Ingl\u00e9s y Lengua Castellana y Literatura.<\/p>\n\n\n\n<p><strong>\u00bfPor qu\u00e9 es bueno el proyecto para la educaci\u00f3n secundaria?<\/strong><\/p>\n\n\n\n<p>Es un proyecto integrador. Todos los alumnos de secundaria obligatoria del centro est\u00e1n involucrados.<br>Permite la atenci\u00f3n a la diversidad. El aprendizaje de los alumnos se puede personalizar.<br>Favorece el uso del ordenador y de Internet como medio de aprendizaje, y no solo como instrumento para el juego, por parte del alumnado.<br>Favorece la alfabetizaci\u00f3n digital de los alumnos y alumnas.<br>Los alumnos aprenden a cuidar el material espec\u00edfico para las aulas tecnol\u00f3gicas.<br>Los alumnos interiorizan la necesidad de proteger la identidad, mediante contrase\u00f1as que les permiten acceder a determinados contenidos, actividades y pruebas de conocimientos de las aulas virtuales.<\/p>\n\n\n\n<p><strong>Los objetivos fundamentales del centro son:<\/strong><\/p>\n\n\n\n<p>Impulsar la utilizaci\u00f3n de las TICs como herramienta de aprendizaje, mejorando en consecuencia el uso de las competencias b\u00e1sicas.<br>Consolidar un aprendizaje significativo, integral y altamente formativo, introduciendo a los alumnos en procedimientos pr\u00e1cticos muy utilizados en la vida profesional.<br>Aumentar la motivaci\u00f3n de los alumnos hacia el aprendizaje, procurando as\u00ed la mejora de los resultados acad\u00e9micos.<br>Mejorar la comunicaci\u00f3n y la colaboraci\u00f3n entre los alumnos, sus familias, los profesores y el Equipo Directivo.<\/p>\n\n\n\n<div style=\"height:100px\" aria-hidden=\"true\" class=\"wp-block-spacer\"><\/div>\n\n\n\n<figure class=\"wp-block-embed aligncenter is-type-video is-provider-youtube wp-block-embed-youtube wp-embed-aspect-4-3 wp-has-aspect-ratio\"><div class=\"wp-block-embed__wrapper\">\n<iframe loading=\"lazy\" title=\"Aulasvirtuales2\" width=\"696\" height=\"522\" src=\"https:\/\/www.youtube.com\/embed\/jOOhxuZuTMU?feature=oembed\" frameborder=\"0\" allow=\"accelerometer; autoplay; clipboard-write; encrypted-media; gyroscope; picture-in-picture; web-share\" allowfullscreen><\/iframe>\n<\/div><\/figure>\n","protected":false},"excerpt":{"rendered":"<p>Centros de Innovaci\u00f3n Tecnol\u00f3gica El IES SATAFI es un centro educativo donde se imparten diversos niveles educativos: Educaci\u00f3n Secundaria Obligatoria, Bachillerato y Formaci\u00f3n Profesional Espec\u00edfica. Desde sus comienzos, el IES Satafi se ha caracterizado por su amplia participaci\u00f3n en Proyectos de innovaci\u00f3n educativa vinculados con el uso de las Nuevas Tecnolog\u00edas y su integraci\u00f3n en<\/p><\/div>\n<div class=\"blog-btn\"><a href=\"https:\/\/site.educa.madrid.org\/ies.satafi.getafe\/index.php\/proyectos\/innovacion-tecnologica-iit\/\" class=\"home-blog-btn\">Leer m\u00e1s<\/a><\/p>\n","protected":false},"author":7,"featured_media":0,"parent":886,"menu_order":0,"comment_status":"closed","ping_status":"closed","template":"","meta":{"footnotes":""},"folder":[],"class_list":["post-1450","page","type-page","status-publish","hentry"],"rttpg_featured_image_url":null,"rttpg_author":{"display_name":"Miguel \u00c1ngel Bonache G\u00f3mez","author_link":"https:\/\/site.educa.madrid.org\/ies.satafi.getafe\/index.php\/author\/miguel-angel_bonache-gomez\/"},"rttpg_comment":0,"rttpg_category":false,"rttpg_excerpt":"Centros de Innovaci\u00f3n Tecnol\u00f3gica El IES SATAFI es un centro educativo donde se imparten diversos niveles educativos: Educaci\u00f3n Secundaria Obligatoria, Bachillerato y Formaci\u00f3n Profesional Espec\u00edfica. Desde sus comienzos, el IES Satafi se ha caracterizado por su amplia participaci\u00f3n en Proyectos de innovaci\u00f3n educativa vinculados con el uso de las Nuevas Tecnolog\u00edas y su integraci\u00f3n enLeer&hellip;","post_mailing_queue_ids":[],"_links":{"self":[{"href":"https:\/\/site.educa.madrid.org\/ies.satafi.getafe\/index.php\/wp-json\/wp\/v2\/pages\/1450","targetHints":{"allow":["GET"]}}],"collection":[{"href":"https:\/\/site.educa.madrid.org\/ies.satafi.getafe\/index.php\/wp-json\/wp\/v2\/pages"}],"about":[{"href":"https:\/\/site.educa.madrid.org\/ies.satafi.getafe\/index.php\/wp-json\/wp\/v2\/types\/page"}],"author":[{"embeddable":true,"href":"https:\/\/site.educa.madrid.org\/ies.satafi.getafe\/index.php\/wp-json\/wp\/v2\/users\/7"}],"replies":[{"embeddable":true,"href":"https:\/\/site.educa.madrid.org\/ies.satafi.getafe\/index.php\/wp-json\/wp\/v2\/comments?post=1450"}],"version-history":[{"count":4,"href":"https:\/\/site.educa.madrid.org\/ies.satafi.getafe\/index.php\/wp-json\/wp\/v2\/pages\/1450\/revisions"}],"predecessor-version":[{"id":4482,"href":"https:\/\/site.educa.madrid.org\/ies.satafi.getafe\/index.php\/wp-json\/wp\/v2\/pages\/1450\/revisions\/4482"}],"up":[{"embeddable":true,"href":"https:\/\/site.educa.madrid.org\/ies.satafi.getafe\/index.php\/wp-json\/wp\/v2\/pages\/886"}],"wp:attachment":[{"href":"https:\/\/site.educa.madrid.org\/ies.satafi.getafe\/index.php\/wp-json\/wp\/v2\/media?parent=1450"}],"wp:term":[{"taxonomy":"folder","embeddable":true,"href":"https:\/\/site.educa.madrid.org\/ies.satafi.getafe\/index.php\/wp-json\/wp\/v2\/folder?post=1450"}],"curies":[{"name":"wp","href":"https:\/\/api.w.org\/{rel}","templated":true}]}}