{"id":1454,"date":"2022-04-27T00:01:08","date_gmt":"2022-04-26T22:01:08","guid":{"rendered":"https:\/\/site.educa.madrid.org\/ies.satafi.getafe\/?page_id=1454"},"modified":"2025-11-14T20:12:02","modified_gmt":"2025-11-14T19:12:02","slug":"plan-de-convivencia","status":"publish","type":"page","link":"https:\/\/site.educa.madrid.org\/ies.satafi.getafe\/index.php\/proyectos\/plan-de-convivencia\/","title":{"rendered":"Plan de Convivencia"},"content":{"rendered":"\n<p>El plan de convivencia es el documento en el que se fundamenta y se concreta el modelo de convivencia del centro. En \u00e9l se coordinan las acciones de toda la comunidad educativa para construir un clima escolar dentro de los principios democr\u00e1ticos que garanticen una educaci\u00f3n para todos y favorezca la prevenci\u00f3n, el tratamiento educativo de los conflictos y una intervenci\u00f3n efectiva en la regulaci\u00f3n de la convivencia escolar. El plan de convivencia forma parte del proyecto educativo y sus concreciones y desarrollos se incorporar\u00e1n a la programaci\u00f3n general anual de cada curso escolar.<\/p>\n\n\n\n<p>El centro actualmente &nbsp;est\u00e1 reelaborando el plan de convivencia, bajo el&nbsp;Decreto 32\/2019, de 9 de abril<\/p>\n\n\n\n<div style=\"height:31px\" aria-hidden=\"true\" class=\"wp-block-spacer\"><\/div>\n\n\n<div class=\"wp-block-image wp-block-image aligncenter is-resized\">\n<figure ><a href=\"https:\/\/site.educa.madrid.org\/ies.satafi.getafe\/\/wp-content\/uploads\/ies.satafi.getafe\/2022\/04\/Decreto-convivencia.pdf\" target=\"_blank\" rel=\"noreferrer noopener\"><img decoding=\"async\" src=\"https:\/\/www.educa2.madrid.org\/web\/educamadrid\/principal\/files\/79b95ed6-5461-42a9-b879-2a1a0b6c3dd7\/Captura.JPG?largeSize=true\" alt=\"\" style=\"width:840px;height:auto\"\/><\/a><\/figure>\n<\/div>\n\n\n<div style=\"height:31px\" aria-hidden=\"true\" class=\"wp-block-spacer\"><\/div>\n\n\n\n<div data-wp-interactive=\"core\/file\" class=\"wp-block-file aligncenter\"><object data-wp-bind--hidden=\"!state.hasPdfPreview\" hidden class=\"wp-block-file__embed\" data=\"https:\/\/site.educa.madrid.org\/ies.satafi.getafe\/\/wp-content\/uploads\/ies.satafi.getafe\/2025\/11\/Plan-de-Convivencia-2025-26.pdf\" type=\"application\/pdf\" style=\"width:100%;height:880px\" aria-label=\"Incrustado de Plan de Convivencia 2025-26.\"><\/object><a id=\"wp-block-file--media-c2810dab-bbd1-400e-9cb6-d6fae114ae7a\" href=\"https:\/\/site.educa.madrid.org\/ies.satafi.getafe\/\/wp-content\/uploads\/ies.satafi.getafe\/2025\/11\/Plan-de-Convivencia-2025-26.pdf\">Plan de Convivencia 2025-26<\/a><a href=\"https:\/\/site.educa.madrid.org\/ies.satafi.getafe\/\/wp-content\/uploads\/ies.satafi.getafe\/2025\/11\/Plan-de-Convivencia-2025-26.pdf\" class=\"wp-block-file__button wp-element-button\" download aria-describedby=\"wp-block-file--media-c2810dab-bbd1-400e-9cb6-d6fae114ae7a\">Descarga<\/a><\/div>\n","protected":false},"excerpt":{"rendered":"<p>El plan de convivencia es el documento en el que se fundamenta y se concreta el modelo de convivencia del centro. En \u00e9l se coordinan las acciones de toda la comunidad educativa para construir un clima escolar dentro de los principios democr\u00e1ticos que garanticen una educaci\u00f3n para todos y favorezca la prevenci\u00f3n, el tratamiento educativo<\/p><\/div>\n<div class=\"blog-btn\"><a href=\"https:\/\/site.educa.madrid.org\/ies.satafi.getafe\/index.php\/proyectos\/plan-de-convivencia\/\" class=\"home-blog-btn\">Leer m\u00e1s<\/a><\/p>\n","protected":false},"author":7,"featured_media":0,"parent":886,"menu_order":0,"comment_status":"closed","ping_status":"closed","template":"","meta":{"footnotes":""},"folder":[],"class_list":["post-1454","page","type-page","status-publish","hentry"],"rttpg_featured_image_url":null,"rttpg_author":{"display_name":"Miguel \u00c1ngel Bonache G\u00f3mez","author_link":"https:\/\/site.educa.madrid.org\/ies.satafi.getafe\/index.php\/author\/miguel-angel_bonache-gomez\/"},"rttpg_comment":0,"rttpg_category":false,"rttpg_excerpt":"El plan de convivencia es el documento en el que se fundamenta y se concreta el modelo de convivencia del centro. En \u00e9l se coordinan las acciones de toda la comunidad educativa para construir un clima escolar dentro de los principios democr\u00e1ticos que garanticen una educaci\u00f3n para todos y favorezca la prevenci\u00f3n, el tratamiento educativoLeer&hellip;","post_mailing_queue_ids":[],"_links":{"self":[{"href":"https:\/\/site.educa.madrid.org\/ies.satafi.getafe\/index.php\/wp-json\/wp\/v2\/pages\/1454","targetHints":{"allow":["GET"]}}],"collection":[{"href":"https:\/\/site.educa.madrid.org\/ies.satafi.getafe\/index.php\/wp-json\/wp\/v2\/pages"}],"about":[{"href":"https:\/\/site.educa.madrid.org\/ies.satafi.getafe\/index.php\/wp-json\/wp\/v2\/types\/page"}],"author":[{"embeddable":true,"href":"https:\/\/site.educa.madrid.org\/ies.satafi.getafe\/index.php\/wp-json\/wp\/v2\/users\/7"}],"replies":[{"embeddable":true,"href":"https:\/\/site.educa.madrid.org\/ies.satafi.getafe\/index.php\/wp-json\/wp\/v2\/comments?post=1454"}],"version-history":[{"count":6,"href":"https:\/\/site.educa.madrid.org\/ies.satafi.getafe\/index.php\/wp-json\/wp\/v2\/pages\/1454\/revisions"}],"predecessor-version":[{"id":10089,"href":"https:\/\/site.educa.madrid.org\/ies.satafi.getafe\/index.php\/wp-json\/wp\/v2\/pages\/1454\/revisions\/10089"}],"up":[{"embeddable":true,"href":"https:\/\/site.educa.madrid.org\/ies.satafi.getafe\/index.php\/wp-json\/wp\/v2\/pages\/886"}],"wp:attachment":[{"href":"https:\/\/site.educa.madrid.org\/ies.satafi.getafe\/index.php\/wp-json\/wp\/v2\/media?parent=1454"}],"wp:term":[{"taxonomy":"folder","embeddable":true,"href":"https:\/\/site.educa.madrid.org\/ies.satafi.getafe\/index.php\/wp-json\/wp\/v2\/folder?post=1454"}],"curies":[{"name":"wp","href":"https:\/\/api.w.org\/{rel}","templated":true}]}}