{"id":1459,"date":"2022-04-27T00:04:57","date_gmt":"2022-04-26T22:04:57","guid":{"rendered":"https:\/\/site.educa.madrid.org\/ies.satafi.getafe\/?page_id=1459"},"modified":"2024-01-30T14:24:12","modified_gmt":"2024-01-30T13:24:12","slug":"biblioteca","status":"publish","type":"page","link":"https:\/\/site.educa.madrid.org\/ies.satafi.getafe\/index.php\/servicios-y-actividades\/biblioteca\/","title":{"rendered":"Biblioteca"},"content":{"rendered":"\n<p>Bienvenidos<\/p>\n\n\n\n<p>\u201cLa biblioteca escolar es un componente esencial de cualquier estrategia a largo plazo para la&nbsp;alfabetizaci\u00f3n, educaci\u00f3n, provisi\u00f3n de informaci\u00f3n y desarrollo econ\u00f3mico, social y cultural\u201d (UNESCO,1998)<\/p>\n\n\n\n<p><br><a href=\"https:\/\/abiesweb.educa.madrid.org\/visitas\/preHomePublica\" target=\"_blank\" rel=\"noreferrer noopener\">AbiesWeb <\/a>es la aplicaci\u00f3n para la gesti\u00f3n de fondos documentales de las bibliotecas escolares de las diferentes Comunidades del pa\u00eds.<\/p>\n\n\n\n<p><br>Se ha constituido como una herramienta para profesores y alumnos con un entorno intuitivo, de utilidad y de sencillo manejo para la organizaci\u00f3n de cat\u00e1logos, pr\u00e9stamos, impresi\u00f3n de tejuelos, etc. y consulta de los fondos y documentos.<\/p>\n\n\n\n<div style=\"height:20px\" aria-hidden=\"true\" class=\"wp-block-spacer\"><\/div>\n\n\n\n<hr class=\"wp-block-separator has-text-color has-vivid-red-color has-alpha-channel-opacity has-vivid-red-background-color has-background is-style-wide\"\/>\n\n\n\n<hr class=\"wp-block-separator has-text-color has-vivid-red-color has-alpha-channel-opacity has-vivid-red-background-color has-background is-style-wide\"\/>\n\n\n<ul class=\"wp-block-latest-posts__list has-dates alignleft wp-block-latest-posts\"><li><div class=\"wp-block-latest-posts__featured-image alignleft\"><img loading=\"lazy\" decoding=\"async\" width=\"225\" height=\"300\" src=\"https:\/\/site.educa.madrid.org\/ies.satafi.getafe\/\/wp-content\/uploads\/ies.satafi.getafe\/2025\/05\/IMG20250512094359-225x300.jpg\" class=\"attachment-medium size-medium wp-post-image\" alt=\"\" style=\"\" srcset=\"https:\/\/site.educa.madrid.org\/ies.satafi.getafe\/\/wp-content\/uploads\/ies.satafi.getafe\/2025\/05\/IMG20250512094359-scaled-e1747250284281.jpg 225w, https:\/\/site.educa.madrid.org\/ies.satafi.getafe\/\/wp-content\/uploads\/ies.satafi.getafe\/2025\/05\/IMG20250512094359-768x1024.jpg 768w, https:\/\/site.educa.madrid.org\/ies.satafi.getafe\/\/wp-content\/uploads\/ies.satafi.getafe\/2025\/05\/IMG20250512094359-300x400.jpg 300w, https:\/\/site.educa.madrid.org\/ies.satafi.getafe\/\/wp-content\/uploads\/ies.satafi.getafe\/2025\/05\/IMG20250512094359-1152x1536.jpg 1152w, https:\/\/site.educa.madrid.org\/ies.satafi.getafe\/\/wp-content\/uploads\/ies.satafi.getafe\/2025\/05\/IMG20250512094359-1536x2048.jpg 1536w\" sizes=\"auto, (max-width: 225px) 100vw, 225px\" \/><\/div><a class=\"wp-block-latest-posts__post-title\" href=\"https:\/\/site.educa.madrid.org\/ies.satafi.getafe\/index.php\/2025\/04\/23\/celebracion-del-dia-del-libro-en-el-ies-satafi\/\">Celebraci\u00f3n del Dia del Libro en el IES Satafi<\/a><time datetime=\"2025-04-23T21:23:21+02:00\" class=\"wp-block-latest-posts__post-date\">23 abril, 2025<\/time><div class=\"wp-block-latest-posts__post-excerpt\">La jornada comenz\u00f3 con la lectura en varios idiomas, de \u00abEl ingenioso hidalgo Don Quijote de la Mancha\u00bb, en la biblioteca del centro. Por diferentes lugares, nos encontr\u00e1bamos con recomendaciones de libros y exposiciones literarias. A continuaci\u00f3n, se realizaron en el sal\u00f3n de actos, diferentes<\/div><div class=\"blog-btn\"><a href=\"https:\/\/site.educa.madrid.org\/ies.satafi.getafe\/index.php\/2025\/04\/23\/celebracion-del-dia-del-libro-en-el-ies-satafi\/\" class=\"home-blog-btn\">Leer m\u00e1s<\/a><\/div><\/li>\n<li><div class=\"wp-block-latest-posts__featured-image alignleft\"><img loading=\"lazy\" decoding=\"async\" width=\"179\" height=\"282\" src=\"https:\/\/site.educa.madrid.org\/ies.satafi.getafe\/\/wp-content\/uploads\/ies.satafi.getafe\/2025\/04\/IMG_4673.jpg\" class=\"attachment-medium size-medium wp-post-image\" alt=\"\" style=\"\" \/><\/div><a class=\"wp-block-latest-posts__post-title\" href=\"https:\/\/site.educa.madrid.org\/ies.satafi.getafe\/index.php\/2025\/02\/21\/recomendacion-de-la-semana-4\/\">Recomendaci\u00f3n de la semana<\/a><time datetime=\"2025-02-21T20:30:06+01:00\" class=\"wp-block-latest-posts__post-date\">21 febrero, 2025<\/time><div class=\"wp-block-latest-posts__post-excerpt\">\u00abEl reino del rev\u00e9s\u00bb de Xiwei Lu es una novela fascinante que sumerge a los j\u00f3venes lectores en un mundo lleno de sorpresas y confusi\u00f3n. A trav\u00e9s de una trama \u00fanica, la autora presenta un universo donde las reglas del tiempo, el espacio y la<\/div><div class=\"blog-btn\"><a href=\"https:\/\/site.educa.madrid.org\/ies.satafi.getafe\/index.php\/2025\/02\/21\/recomendacion-de-la-semana-4\/\" class=\"home-blog-btn\">Leer m\u00e1s<\/a><\/div><\/li>\n<li><div class=\"wp-block-latest-posts__featured-image alignleft\"><img loading=\"lazy\" decoding=\"async\" width=\"208\" height=\"300\" src=\"https:\/\/site.educa.madrid.org\/ies.satafi.getafe\/\/wp-content\/uploads\/ies.satafi.getafe\/2024\/11\/7b344429-e33d-4a63-945f-c8229140c1aa-208x300.jpg\" class=\"attachment-medium size-medium wp-post-image\" alt=\"\" style=\"\" srcset=\"https:\/\/site.educa.madrid.org\/ies.satafi.getafe\/\/wp-content\/uploads\/ies.satafi.getafe\/2024\/11\/7b344429-e33d-4a63-945f-c8229140c1aa-208x300.jpg 208w, https:\/\/site.educa.madrid.org\/ies.satafi.getafe\/\/wp-content\/uploads\/ies.satafi.getafe\/2024\/11\/7b344429-e33d-4a63-945f-c8229140c1aa-709x1024.jpg 709w, https:\/\/site.educa.madrid.org\/ies.satafi.getafe\/\/wp-content\/uploads\/ies.satafi.getafe\/2024\/11\/7b344429-e33d-4a63-945f-c8229140c1aa-768x1109.jpg 768w, https:\/\/site.educa.madrid.org\/ies.satafi.getafe\/\/wp-content\/uploads\/ies.satafi.getafe\/2024\/11\/7b344429-e33d-4a63-945f-c8229140c1aa-e1732998923680.jpg 416w\" sizes=\"auto, (max-width: 208px) 100vw, 208px\" \/><\/div><a class=\"wp-block-latest-posts__post-title\" href=\"https:\/\/site.educa.madrid.org\/ies.satafi.getafe\/index.php\/2024\/12\/02\/recomendacion-de-la-semana-3\/\">Recomendaci\u00f3n de la semana<\/a><time datetime=\"2024-12-02T09:00:07+01:00\" class=\"wp-block-latest-posts__post-date\">2 diciembre, 2024<\/time><div class=\"wp-block-latest-posts__post-excerpt\">Nuestra recomendaci\u00f3n esta semana es\u00a0C\u00f3mo explicar f\u00edsica cu\u00e1ntica con un gato zombi\u00a0(varios autores). En este libro descubrir\u00e1s de manera divertida a trav\u00e9s de distintos personajes que la f\u00edsica cu\u00e1ntica est\u00e1 presente en todos los aspectos de nuestras vidas, a la vez que aprender\u00e1s conceptos b\u00e1sicos<\/div><div class=\"blog-btn\"><a href=\"https:\/\/site.educa.madrid.org\/ies.satafi.getafe\/index.php\/2024\/12\/02\/recomendacion-de-la-semana-3\/\" class=\"home-blog-btn\">Leer m\u00e1s<\/a><\/div><\/li>\n<li><div class=\"wp-block-latest-posts__featured-image alignleft\"><img loading=\"lazy\" decoding=\"async\" width=\"197\" height=\"300\" src=\"https:\/\/site.educa.madrid.org\/ies.satafi.getafe\/\/wp-content\/uploads\/ies.satafi.getafe\/2024\/11\/Libros-Redes-197x300.jpg\" class=\"attachment-medium size-medium wp-post-image\" alt=\"\" style=\"\" srcset=\"https:\/\/site.educa.madrid.org\/ies.satafi.getafe\/\/wp-content\/uploads\/ies.satafi.getafe\/2024\/11\/Libros-Redes-197x300.jpg 197w, https:\/\/site.educa.madrid.org\/ies.satafi.getafe\/\/wp-content\/uploads\/ies.satafi.getafe\/2024\/11\/Libros-Redes.jpg 456w\" sizes=\"auto, (max-width: 197px) 100vw, 197px\" \/><\/div><a class=\"wp-block-latest-posts__post-title\" href=\"https:\/\/site.educa.madrid.org\/ies.satafi.getafe\/index.php\/2024\/11\/25\/recomendacion-de-la-semana-2\/\">Recomendaci\u00f3n de la semana<\/a><time datetime=\"2024-11-25T14:46:30+01:00\" class=\"wp-block-latest-posts__post-date\">25 noviembre, 2024<\/time><div class=\"wp-block-latest-posts__post-excerpt\">Si te conmoviste con\u00a0Invisible, prep\u00e1rate para leer\u00a0Redes, la esperada segunda parte. \u00bfCu\u00e1ntos j\u00f3venes conocemos que quieren ser influencers cuando sean mayores? El libro trata sobre todos esos adolescentes que se pasan las horas viendo las redes sociales, viendo los viajes maravillosos, los cuerpos perfectos y<\/div><div class=\"blog-btn\"><a href=\"https:\/\/site.educa.madrid.org\/ies.satafi.getafe\/index.php\/2024\/11\/25\/recomendacion-de-la-semana-2\/\" class=\"home-blog-btn\">Leer m\u00e1s<\/a><\/div><\/li>\n<li><div class=\"wp-block-latest-posts__featured-image alignleft\"><img loading=\"lazy\" decoding=\"async\" width=\"219\" height=\"300\" src=\"https:\/\/site.educa.madrid.org\/ies.satafi.getafe\/\/wp-content\/uploads\/ies.satafi.getafe\/2024\/11\/IMG-20241115-WA0002-e1731930556238-219x300.jpg\" class=\"attachment-medium size-medium wp-post-image\" alt=\"\" style=\"\" srcset=\"https:\/\/site.educa.madrid.org\/ies.satafi.getafe\/\/wp-content\/uploads\/ies.satafi.getafe\/2024\/11\/IMG-20241115-WA0002-e1731930556238-219x300.jpg 219w, https:\/\/site.educa.madrid.org\/ies.satafi.getafe\/\/wp-content\/uploads\/ies.satafi.getafe\/2024\/11\/IMG-20241115-WA0002-e1731930556238-748x1024.jpg 748w, https:\/\/site.educa.madrid.org\/ies.satafi.getafe\/\/wp-content\/uploads\/ies.satafi.getafe\/2024\/11\/IMG-20241115-WA0002-e1731930556238-768x1051.jpg 768w, https:\/\/site.educa.madrid.org\/ies.satafi.getafe\/\/wp-content\/uploads\/ies.satafi.getafe\/2024\/11\/IMG-20241115-WA0002-e1731930556238-1123x1536.jpg 1123w\" sizes=\"auto, (max-width: 219px) 100vw, 219px\" \/><\/div><a class=\"wp-block-latest-posts__post-title\" href=\"https:\/\/site.educa.madrid.org\/ies.satafi.getafe\/index.php\/2024\/11\/18\/recomendacion-de-la-semana\/\">Recomendaci\u00f3n de la semana<\/a><time datetime=\"2024-11-18T12:49:56+01:00\" class=\"wp-block-latest-posts__post-date\">18 noviembre, 2024<\/time><div class=\"wp-block-latest-posts__post-excerpt\">Desde el equipo de biblioteca queremos dar difusi\u00f3n a los libros que tenemos. Hemos pensado en la iniciativa \u00abRecomendaci\u00f3n de la semana\u00bb para que lo publiquemos en la p\u00e1gina web del instituto y en redes sociales. Queremos empezar con\u00a0El Mundo de Sof\u00eda Se trata de<\/div><div class=\"blog-btn\"><a href=\"https:\/\/site.educa.madrid.org\/ies.satafi.getafe\/index.php\/2024\/11\/18\/recomendacion-de-la-semana\/\" class=\"home-blog-btn\">Leer m\u00e1s<\/a><\/div><\/li>\n<\/ul>","protected":false},"excerpt":{"rendered":"<p>Bienvenidos \u201cLa biblioteca escolar es un componente esencial de cualquier estrategia a largo plazo para la&nbsp;alfabetizaci\u00f3n, educaci\u00f3n, provisi\u00f3n de informaci\u00f3n y desarrollo econ\u00f3mico, social y cultural\u201d (UNESCO,1998) AbiesWeb es la aplicaci\u00f3n para la gesti\u00f3n de fondos documentales de las bibliotecas escolares de las diferentes Comunidades del pa\u00eds. Se ha constituido como una herramienta para profesores<\/p><\/div>\n<div class=\"blog-btn\"><a href=\"https:\/\/site.educa.madrid.org\/ies.satafi.getafe\/index.php\/servicios-y-actividades\/biblioteca\/\" class=\"home-blog-btn\">Leer m\u00e1s<\/a><\/p>\n","protected":false},"author":7,"featured_media":0,"parent":166,"menu_order":5,"comment_status":"closed","ping_status":"closed","template":"","meta":{"footnotes":""},"folder":[],"class_list":["post-1459","page","type-page","status-publish","hentry"],"rttpg_featured_image_url":null,"rttpg_author":{"display_name":"Miguel \u00c1ngel Bonache G\u00f3mez","author_link":"https:\/\/site.educa.madrid.org\/ies.satafi.getafe\/index.php\/author\/miguel-angel_bonache-gomez\/"},"rttpg_comment":0,"rttpg_category":false,"rttpg_excerpt":"Bienvenidos \u201cLa biblioteca escolar es un componente esencial de cualquier estrategia a largo plazo para la&nbsp;alfabetizaci\u00f3n, educaci\u00f3n, provisi\u00f3n de informaci\u00f3n y desarrollo econ\u00f3mico, social y cultural\u201d (UNESCO,1998) AbiesWeb es la aplicaci\u00f3n para la gesti\u00f3n de fondos documentales de las bibliotecas escolares de las diferentes Comunidades del pa\u00eds. Se ha constituido como una herramienta para profesoresLeer&hellip;","post_mailing_queue_ids":[],"_links":{"self":[{"href":"https:\/\/site.educa.madrid.org\/ies.satafi.getafe\/index.php\/wp-json\/wp\/v2\/pages\/1459","targetHints":{"allow":["GET"]}}],"collection":[{"href":"https:\/\/site.educa.madrid.org\/ies.satafi.getafe\/index.php\/wp-json\/wp\/v2\/pages"}],"about":[{"href":"https:\/\/site.educa.madrid.org\/ies.satafi.getafe\/index.php\/wp-json\/wp\/v2\/types\/page"}],"author":[{"embeddable":true,"href":"https:\/\/site.educa.madrid.org\/ies.satafi.getafe\/index.php\/wp-json\/wp\/v2\/users\/7"}],"replies":[{"embeddable":true,"href":"https:\/\/site.educa.madrid.org\/ies.satafi.getafe\/index.php\/wp-json\/wp\/v2\/comments?post=1459"}],"version-history":[{"count":9,"href":"https:\/\/site.educa.madrid.org\/ies.satafi.getafe\/index.php\/wp-json\/wp\/v2\/pages\/1459\/revisions"}],"predecessor-version":[{"id":4574,"href":"https:\/\/site.educa.madrid.org\/ies.satafi.getafe\/index.php\/wp-json\/wp\/v2\/pages\/1459\/revisions\/4574"}],"up":[{"embeddable":true,"href":"https:\/\/site.educa.madrid.org\/ies.satafi.getafe\/index.php\/wp-json\/wp\/v2\/pages\/166"}],"wp:attachment":[{"href":"https:\/\/site.educa.madrid.org\/ies.satafi.getafe\/index.php\/wp-json\/wp\/v2\/media?parent=1459"}],"wp:term":[{"taxonomy":"folder","embeddable":true,"href":"https:\/\/site.educa.madrid.org\/ies.satafi.getafe\/index.php\/wp-json\/wp\/v2\/folder?post=1459"}],"curies":[{"name":"wp","href":"https:\/\/api.w.org\/{rel}","templated":true}]}}