{"id":1588,"date":"2022-05-11T08:37:07","date_gmt":"2022-05-11T06:37:07","guid":{"rendered":"https:\/\/site.educa.madrid.org\/ies.satafi.getafe\/?page_id=1588"},"modified":"2022-05-11T23:42:29","modified_gmt":"2022-05-11T21:42:29","slug":"proyecto-propio-de-lengua-extranjera-en-ingles","status":"publish","type":"page","link":"https:\/\/site.educa.madrid.org\/ies.satafi.getafe\/index.php\/proyectos\/proyecto-propio-de-lengua-extranjera-en-ingles\/","title":{"rendered":"Proyecto Propio de Lengua Extranjera en Ingl\u00e9s"},"content":{"rendered":"\n<p>En el I.E.S. Satafi es prioritaria la ense\u00f1anza de las lenguas extranjeras, ingl\u00e9s y franc\u00e9s. Para ello en la Educaci\u00f3n Secundaria Obligatoria estas materias se imparten en aulas tecnol\u00f3gicas, lo cual contribuye al desarrollo de todas las destrezas y al uso de metodolog\u00edas motivadoras e innovadoras. <\/p>\n\n\n\n<p>Tambi\u00e9n contamos con auxiliares de conversaci\u00f3n que nos permiten el trabajo en grupos reducidos, en los que se practica la conversaci\u00f3n en ambos idiomas. Ofertamos adem\u00e1s optativas de ampliaci\u00f3n en ingl\u00e9s en secundaria y bachillerato. <\/p>\n\n\n\n<p>Por \u00faltimo, para profundizar en el aprendizaje del ingl\u00e9s, desde el curso 2019 20 hemos implantado un proyecto propio en esta materia, cuyo objetivo es conseguir que todos los grupos de la ESO tengan un m\u00ednimo de cuatro horas lectivas semanales de ingl\u00e9s. En el curso actual se ha comenzado a aplicar a los grupos de 3\u00ba de ESO, que han pasado de tres a cuatro clases semanales de ingl\u00e9s. Para el pr\u00f3ximo curso se aplicar\u00e1 a los grupos de segundo de ESO, que tambi\u00e9n pasar\u00e1n a tener cuatro periodos semanales de ingl\u00e9s. En cursos sucesivos se valorar\u00e1 la incorporaci\u00f3n progresiva de una quinta hora en todos los niveles de la ESO.<\/p>\n","protected":false},"excerpt":{"rendered":"<p>En el I.E.S. Satafi es prioritaria la ense\u00f1anza de las lenguas extranjeras, ingl\u00e9s y franc\u00e9s. Para ello en la Educaci\u00f3n Secundaria Obligatoria estas materias se imparten en aulas tecnol\u00f3gicas, lo cual contribuye al desarrollo de todas las destrezas y al uso de metodolog\u00edas motivadoras e innovadoras. Tambi\u00e9n contamos con auxiliares de conversaci\u00f3n que nos permiten<\/p><\/div>\n<div class=\"blog-btn\"><a href=\"https:\/\/site.educa.madrid.org\/ies.satafi.getafe\/index.php\/proyectos\/proyecto-propio-de-lengua-extranjera-en-ingles\/\" class=\"home-blog-btn\">Leer m\u00e1s<\/a><\/p>\n","protected":false},"author":7,"featured_media":0,"parent":886,"menu_order":0,"comment_status":"closed","ping_status":"closed","template":"","meta":{"footnotes":""},"folder":[],"class_list":["post-1588","page","type-page","status-publish","hentry"],"rttpg_featured_image_url":null,"rttpg_author":{"display_name":"Miguel \u00c1ngel Bonache G\u00f3mez","author_link":"https:\/\/site.educa.madrid.org\/ies.satafi.getafe\/index.php\/author\/miguel-angel_bonache-gomez\/"},"rttpg_comment":0,"rttpg_category":false,"rttpg_excerpt":"En el I.E.S. Satafi es prioritaria la ense\u00f1anza de las lenguas extranjeras, ingl\u00e9s y franc\u00e9s. Para ello en la Educaci\u00f3n Secundaria Obligatoria estas materias se imparten en aulas tecnol\u00f3gicas, lo cual contribuye al desarrollo de todas las destrezas y al uso de metodolog\u00edas motivadoras e innovadoras. Tambi\u00e9n contamos con auxiliares de conversaci\u00f3n que nos permitenLeer&hellip;","post_mailing_queue_ids":[],"_links":{"self":[{"href":"https:\/\/site.educa.madrid.org\/ies.satafi.getafe\/index.php\/wp-json\/wp\/v2\/pages\/1588","targetHints":{"allow":["GET"]}}],"collection":[{"href":"https:\/\/site.educa.madrid.org\/ies.satafi.getafe\/index.php\/wp-json\/wp\/v2\/pages"}],"about":[{"href":"https:\/\/site.educa.madrid.org\/ies.satafi.getafe\/index.php\/wp-json\/wp\/v2\/types\/page"}],"author":[{"embeddable":true,"href":"https:\/\/site.educa.madrid.org\/ies.satafi.getafe\/index.php\/wp-json\/wp\/v2\/users\/7"}],"replies":[{"embeddable":true,"href":"https:\/\/site.educa.madrid.org\/ies.satafi.getafe\/index.php\/wp-json\/wp\/v2\/comments?post=1588"}],"version-history":[{"count":3,"href":"https:\/\/site.educa.madrid.org\/ies.satafi.getafe\/index.php\/wp-json\/wp\/v2\/pages\/1588\/revisions"}],"predecessor-version":[{"id":1591,"href":"https:\/\/site.educa.madrid.org\/ies.satafi.getafe\/index.php\/wp-json\/wp\/v2\/pages\/1588\/revisions\/1591"}],"up":[{"embeddable":true,"href":"https:\/\/site.educa.madrid.org\/ies.satafi.getafe\/index.php\/wp-json\/wp\/v2\/pages\/886"}],"wp:attachment":[{"href":"https:\/\/site.educa.madrid.org\/ies.satafi.getafe\/index.php\/wp-json\/wp\/v2\/media?parent=1588"}],"wp:term":[{"taxonomy":"folder","embeddable":true,"href":"https:\/\/site.educa.madrid.org\/ies.satafi.getafe\/index.php\/wp-json\/wp\/v2\/folder?post=1588"}],"curies":[{"name":"wp","href":"https:\/\/api.w.org\/{rel}","templated":true}]}}