{"id":162,"date":"2022-02-16T11:58:38","date_gmt":"2022-02-16T10:58:38","guid":{"rendered":"https:\/\/site.educa.madrid.org\/ies.satafi.getafe\/?page_id=162"},"modified":"2024-01-30T13:53:07","modified_gmt":"2024-01-30T12:53:07","slug":"ensenanzas","status":"publish","type":"page","link":"https:\/\/site.educa.madrid.org\/ies.satafi.getafe\/index.php\/ensenanzas\/","title":{"rendered":"Ense\u00f1anzas"},"content":{"rendered":"\n<p>En el centro se imparten ense\u00f1anzas de Educaci\u00f3n Secundaria Obligatoria (ESO), Bachillerato y Formaci\u00f3n Profesional.&nbsp; En el siguiente cuadro se especifican las modalidades, turnos, itinerarios formativos y optativas correspondientes a cada ense\u00f1anza en el curso actual (2023 \u2013 24)<\/p>\n\n\n<p><a href=\"https:\/\/site.educa.madrid.org\/ies.satafi.getafe\/index.php\/ensenanzas\/eso\/\">ESO &#8211; Turno Matutino de 8:25 a 14:15<\/a><\/p>\n<p><a href=\"https:\/\/site.educa.madrid.org\/ies.satafi.getafe\/index.php\/ensenanzas\/bachillerato\/\">Bachillerato &#8211; Turno Matutino de 8:25 a 14:15<\/a><\/p>\n<p><a href=\"https:\/\/site.educa.madrid.org\/ies.satafi.getafe\/index.php\/ensenanzas\/formacion-profesional\/\">Ciclos de Formaci\u00f3n Profesional Presencial y a distancia &#8211; Consultar turno seg\u00fan ciclo formativo<\/a><\/p>\n<p><\/p>\n\n\n<h2 class=\"wp-block-heading\">Otros aspectos relacionados<\/h2>\n\n\n<p><a href=\"https:\/\/site.educa.madrid.org\/ies.satafi.getafe\/index.php\/departamentos\/\">Departamentos did\u00e1cticos del IES SATAFI<\/a><\/p>\n<p><a href=\"https:\/\/site.educa.madrid.org\/ies.satafi.getafe\/index.php\/ensenanzas\/proyectos-europeos\/\">Proyectos Europeos en el IES SATAFI<\/a><\/p>\n<p><a href=\"https:\/\/aulavirtual32.educa.madrid.org\/ies.satafi.getafe\/\">Aula Virtual IES SATAFI<\/a><\/p>","protected":false},"excerpt":{"rendered":"<p>En el centro se imparten ense\u00f1anzas de Educaci\u00f3n Secundaria Obligatoria (ESO), Bachillerato y Formaci\u00f3n Profesional.&nbsp; En el siguiente cuadro se especifican las modalidades, turnos, itinerarios formativos y optativas correspondientes a cada ense\u00f1anza en el curso actual (2023 \u2013 24) ESO &#8211; Turno Matutino de 8:25 a 14:15 Bachillerato &#8211; Turno Matutino de 8:25 a 14:15<\/p><\/div>\n<div class=\"blog-btn\"><a href=\"https:\/\/site.educa.madrid.org\/ies.satafi.getafe\/index.php\/ensenanzas\/\" class=\"home-blog-btn\">Leer m\u00e1s<\/a><\/p>\n","protected":false},"author":4,"featured_media":0,"parent":0,"menu_order":0,"comment_status":"closed","ping_status":"closed","template":"","meta":{"footnotes":""},"folder":[],"class_list":["post-162","page","type-page","status-publish","hentry"],"rttpg_featured_image_url":null,"rttpg_author":{"display_name":"Jes\u00fas Ba\u00f1os Sancho","author_link":"https:\/\/site.educa.madrid.org\/ies.satafi.getafe\/index.php\/author\/jess_baos-sancho\/"},"rttpg_comment":0,"rttpg_category":false,"rttpg_excerpt":"En el centro se imparten ense\u00f1anzas de Educaci\u00f3n Secundaria Obligatoria (ESO), Bachillerato y Formaci\u00f3n Profesional.&nbsp; En el siguiente cuadro se especifican las modalidades, turnos, itinerarios formativos y optativas correspondientes a cada ense\u00f1anza en el curso actual (2023 \u2013 24) ESO &#8211; Turno Matutino de 8:25 a 14:15 Bachillerato &#8211; Turno Matutino de 8:25 a 14:15Leer&hellip;","post_mailing_queue_ids":[],"_links":{"self":[{"href":"https:\/\/site.educa.madrid.org\/ies.satafi.getafe\/index.php\/wp-json\/wp\/v2\/pages\/162","targetHints":{"allow":["GET"]}}],"collection":[{"href":"https:\/\/site.educa.madrid.org\/ies.satafi.getafe\/index.php\/wp-json\/wp\/v2\/pages"}],"about":[{"href":"https:\/\/site.educa.madrid.org\/ies.satafi.getafe\/index.php\/wp-json\/wp\/v2\/types\/page"}],"author":[{"embeddable":true,"href":"https:\/\/site.educa.madrid.org\/ies.satafi.getafe\/index.php\/wp-json\/wp\/v2\/users\/4"}],"replies":[{"embeddable":true,"href":"https:\/\/site.educa.madrid.org\/ies.satafi.getafe\/index.php\/wp-json\/wp\/v2\/comments?post=162"}],"version-history":[{"count":12,"href":"https:\/\/site.educa.madrid.org\/ies.satafi.getafe\/index.php\/wp-json\/wp\/v2\/pages\/162\/revisions"}],"predecessor-version":[{"id":4557,"href":"https:\/\/site.educa.madrid.org\/ies.satafi.getafe\/index.php\/wp-json\/wp\/v2\/pages\/162\/revisions\/4557"}],"wp:attachment":[{"href":"https:\/\/site.educa.madrid.org\/ies.satafi.getafe\/index.php\/wp-json\/wp\/v2\/media?parent=162"}],"wp:term":[{"taxonomy":"folder","embeddable":true,"href":"https:\/\/site.educa.madrid.org\/ies.satafi.getafe\/index.php\/wp-json\/wp\/v2\/folder?post=162"}],"curies":[{"name":"wp","href":"https:\/\/api.w.org\/{rel}","templated":true}]}}