{"id":1859,"date":"2022-06-13T15:19:16","date_gmt":"2022-06-13T13:19:16","guid":{"rendered":"https:\/\/site.educa.madrid.org\/ies.satafi.getafe\/?page_id=1859"},"modified":"2023-02-12T12:49:57","modified_gmt":"2023-02-12T11:49:57","slug":"proyecto-stem","status":"publish","type":"page","link":"https:\/\/site.educa.madrid.org\/ies.satafi.getafe\/index.php\/proyectos\/proyecto-stem\/","title":{"rendered":"Proyecto STEAM"},"content":{"rendered":"\n<div class=\"wp-block-image\"><figure class=\"aligncenter size-full\"><img loading=\"lazy\" decoding=\"async\" width=\"549\" height=\"373\" src=\"https:\/\/site.educa.madrid.org\/ies.satafi.getafe\/\/wp-content\/uploads\/ies.satafi.getafe\/2022\/06\/STEAM.jpg\" alt=\"\" class=\"wp-image-1863\" srcset=\"https:\/\/site.educa.madrid.org\/ies.satafi.getafe\/\/wp-content\/uploads\/ies.satafi.getafe\/2022\/06\/STEAM.jpg 549w, https:\/\/site.educa.madrid.org\/ies.satafi.getafe\/\/wp-content\/uploads\/ies.satafi.getafe\/2022\/06\/STEAM-300x204.jpg 300w\" sizes=\"auto, (max-width: 549px) 100vw, 549px\" \/><\/figure><\/div>\n\n\n\n<p>El&nbsp;<strong>t\u00e9rmino STEM<\/strong> (por sus siglas en ingl\u00e9s) es el acr\u00f3nimo de los t\u00e9rminos anglosajones <em>Science, Technology, Engineering and Mathematics<\/em> (ciencia, tecnolog\u00eda, ingenier\u00eda y matem\u00e1ticas).<\/p>\n\n\n\n<p>Desde el IES Satafi se apuesta por una educaci\u00f3n en la que se fomenta el desarrollo de la competencia STEM entre nuestros alumnos y alumnas y el inter\u00e9s por estas \u00e1reas cient\u00edfico-tecnol\u00f3gicas, promoviendo as\u00ed las futuras vocaciones cient\u00edficas de todo nuestro alumnado.<\/p>\n\n\n\n<p>Este proyecto permite afianzar actitudes como el trabajo cooperativo, el uso cr\u00edtico de la informaci\u00f3n, la creatividad o el emprendimiento.<\/p>\n\n\n\n<p>En esta p\u00e1gina encontrar\u00e1s una muestra de los trabajos realizados por alumnos del IES Satafi de 4\u00ba ESO durante el curso 2021\/22 en torno al proyecto STEAM donde han colaborado los departamentos de Biolog\u00eda, Dibujo, Econom\u00eda, F\u00edsica y Qu\u00edmica, Geograf\u00eda e Historia y Tecnolog\u00eda.<\/p>\n\n\n\n<p>Durante este curso hemos trabajado desde las diferentes \u00e1reas en torno al tema com\u00fan PANDEMIAS realizando trabajos de investigaci\u00f3n, v\u00eddeos, proyectos de trabajo&#8230; El dise\u00f1o de este espacio est\u00e1 realizado por los alumnos de la asignatura Dibujo T\u00e9cnico y Dise\u00f1o.<\/p>\n\n\n\n<p>\u00a1Gracias por el trabajo realizado!<\/p>\n\n\n\n<div class=\"wp-block-buttons is-layout-flex wp-block-buttons-is-layout-flex\">\n<div class=\"wp-block-button aligncenter is-style-fill\"><a class=\"wp-block-button__link has-vivid-red-background-color has-background\" href=\"https:\/\/www.educa2.madrid.org\/web\/proyecto-plastica\" target=\"_blank\" rel=\"noreferrer noopener\">STEAM Satafi<\/a><\/div>\n<\/div>\n\n\n\n<div class=\"wp-block-query is-layout-flow wp-block-query-is-layout-flow\">\n<div class=\"wp-block-group\"><div class=\"wp-block-group__inner-container is-layout-flow wp-block-group-is-layout-flow\"><ul class=\"wp-block-post-template is-layout-flow wp-block-post-template-is-layout-flow\"><li class=\"wp-block-post post-10497 post type-post status-publish format-standard has-post-thumbnail hentry category-novedades category-proyectos-steam\">\n\n<div class=\"wp-block-columns alignwide is-layout-flex wp-container-core-columns-is-layout-9d6595d7 wp-block-columns-is-layout-flex\">\n<div class=\"wp-block-column is-layout-flow wp-block-column-is-layout-flow\" style=\"flex-basis:66.66%\"><figure class=\"wp-block-post-featured-image\"><a href=\"https:\/\/site.educa.madrid.org\/ies.satafi.getafe\/index.php\/2026\/01\/09\/technovation-girls\/\" target=\"_self\"  ><img loading=\"lazy\" decoding=\"async\" width=\"400\" height=\"267\" src=\"https:\/\/site.educa.madrid.org\/ies.satafi.getafe\/\/wp-content\/uploads\/ies.satafi.getafe\/2026\/01\/Technovation-Girls-Madrid-e1768330469888.jpg\" class=\"attachment-post-thumbnail size-post-thumbnail wp-post-image\" alt=\"TECHNOVATION GIRLS 2026\" style=\"object-fit:cover;\" \/><\/a><\/figure><\/div>\n\n\n\n<div class=\"wp-block-column is-layout-flow wp-block-column-is-layout-flow\" style=\"flex-basis:33.33%\"><h2 class=\"wp-block-post-title\"><a href=\"https:\/\/site.educa.madrid.org\/ies.satafi.getafe\/index.php\/2026\/01\/09\/technovation-girls\/\" target=\"_self\" >TECHNOVATION GIRLS 2026<\/a><\/h2>\n\n<div class=\"wp-block-post-excerpt\"><p class=\"wp-block-post-excerpt__excerpt\">Comenzamos el a\u00f1o participando en el concurso internacional de Technovation Girls, un programa de emprendimiento y tecnolog\u00eda que pretende inspirar a ni\u00f1as y j\u00f3venes de edades comprendidas entre los 8 y los 18 a\u00f1os para que se conviertan en l\u00edderes e innovadoras.\u00a0Technovation Girls\u00a0 tiene como objetivo disminuir la brecha tecnol\u00f3gica de g\u00e9nero que existe enLeer&hellip; <\/p><\/div><\/div>\n<\/div>\n\n<\/li><li class=\"wp-block-post post-4721 post type-post status-publish format-standard has-post-thumbnail hentry category-novedades category-proyectos-steam category-sin-categoria\">\n\n<div class=\"wp-block-columns alignwide is-layout-flex wp-container-core-columns-is-layout-9d6595d7 wp-block-columns-is-layout-flex\">\n<div class=\"wp-block-column is-layout-flow wp-block-column-is-layout-flow\" style=\"flex-basis:66.66%\"><figure class=\"wp-block-post-featured-image\"><a href=\"https:\/\/site.educa.madrid.org\/ies.satafi.getafe\/index.php\/2024\/02\/12\/ii-competicion-stem-el-misterioso-vuelo-de-cuatro-vientos\/\" target=\"_self\"  ><img loading=\"lazy\" decoding=\"async\" width=\"800\" height=\"397\" src=\"https:\/\/site.educa.madrid.org\/ies.satafi.getafe\/\/wp-content\/uploads\/ies.satafi.getafe\/2024\/03\/stemii-e1710508859891.jpg\" class=\"attachment-post-thumbnail size-post-thumbnail wp-post-image\" alt=\"II COMPETICI\u00d3N STEM \u00abEL MISTERIOSO VUELO DE CUATRO VIENTOS\u00bb\" style=\"object-fit:cover;\" srcset=\"https:\/\/site.educa.madrid.org\/ies.satafi.getafe\/\/wp-content\/uploads\/ies.satafi.getafe\/2024\/03\/stemii-e1710508859891.jpg 800w, https:\/\/site.educa.madrid.org\/ies.satafi.getafe\/\/wp-content\/uploads\/ies.satafi.getafe\/2024\/03\/stemii-e1710508859891-300x149.jpg 300w, https:\/\/site.educa.madrid.org\/ies.satafi.getafe\/\/wp-content\/uploads\/ies.satafi.getafe\/2024\/03\/stemii-e1710508859891-768x381.jpg 768w\" sizes=\"auto, (max-width: 800px) 100vw, 800px\" \/><\/a><\/figure><\/div>\n\n\n\n<div class=\"wp-block-column is-layout-flow wp-block-column-is-layout-flow\" style=\"flex-basis:33.33%\"><h2 class=\"wp-block-post-title\"><a href=\"https:\/\/site.educa.madrid.org\/ies.satafi.getafe\/index.php\/2024\/02\/12\/ii-competicion-stem-el-misterioso-vuelo-de-cuatro-vientos\/\" target=\"_self\" >II COMPETICI\u00d3N STEM \u00abEL MISTERIOSO VUELO DE CUATRO VIENTOS\u00bb<\/a><\/h2>\n\n<div class=\"wp-block-post-excerpt\"><p class=\"wp-block-post-excerpt__excerpt\">Por segundo a\u00f1o consecutivo se ha celebrado la competici\u00f3n STEM\u00a0de la Comunidad de Madrid:\u00a0El misterioso vuelo del Cuatro Vientos. En el concurso\u00a0para alumnos de 1\u00ba a 4\u00aa de ESO, que participan en grupos de 3 han contestado preguntas y resuelto enigmas relacionados con la incre\u00edble gesta del Cuatro Vientos en 1933, en su aventura transatl\u00e1nticaLeer&hellip; <\/p><\/div><\/div>\n<\/div>\n\n<\/li><li class=\"wp-block-post post-3025 post type-post status-publish format-standard has-post-thumbnail hentry category-actividades-extraescolares category-novedades category-proyectos-steam\">\n\n<div class=\"wp-block-columns alignwide is-layout-flex wp-container-core-columns-is-layout-9d6595d7 wp-block-columns-is-layout-flex\">\n<div class=\"wp-block-column is-layout-flow wp-block-column-is-layout-flow\" style=\"flex-basis:66.66%\"><figure class=\"wp-block-post-featured-image\"><a href=\"https:\/\/site.educa.madrid.org\/ies.satafi.getafe\/index.php\/2023\/05\/24\/i-competicion-stem\/\" target=\"_self\"  ><img loading=\"lazy\" decoding=\"async\" width=\"750\" height=\"332\" src=\"https:\/\/site.educa.madrid.org\/ies.satafi.getafe\/\/wp-content\/uploads\/ies.satafi.getafe\/2023\/05\/Competicion-STEM-e1684927731609.png\" class=\"attachment-post-thumbnail size-post-thumbnail wp-post-image\" alt=\"I Competici\u00f3n STEM\" style=\"object-fit:cover;\" \/><\/a><\/figure><\/div>\n\n\n\n<div class=\"wp-block-column is-layout-flow wp-block-column-is-layout-flow\" style=\"flex-basis:33.33%\"><h2 class=\"wp-block-post-title\"><a href=\"https:\/\/site.educa.madrid.org\/ies.satafi.getafe\/index.php\/2023\/05\/24\/i-competicion-stem\/\" target=\"_self\" >I Competici\u00f3n STEM<\/a><\/h2>\n\n<div class=\"wp-block-post-excerpt\"><p class=\"wp-block-post-excerpt__excerpt\">Una aventura de altos vuelos Nuestros alumno han participado este curso en la I Competici\u00f3n STEM, cuyo objetivo principal es el de integrar de forma motivadora y gamificada las disciplinas de Ciencias, Tecnolog\u00eda, Ingenier\u00eda y Matem\u00e1ticas de manera transversal. Los retos planteados tienen como contexto la amplia historia de la aviaci\u00f3n espa\u00f1ola desde sus iniciosLeer&hellip; <\/p><\/div><\/div>\n<\/div>\n\n<\/li><\/ul><\/div><\/div>\n<\/div>\n","protected":false},"excerpt":{"rendered":"<p>El&nbsp;t\u00e9rmino STEM (por sus siglas en ingl\u00e9s) es el acr\u00f3nimo de los t\u00e9rminos anglosajones Science, Technology, Engineering and Mathematics (ciencia, tecnolog\u00eda, ingenier\u00eda y matem\u00e1ticas). Desde el IES Satafi se apuesta por una educaci\u00f3n en la que se fomenta el desarrollo de la competencia STEM entre nuestros alumnos y alumnas y el inter\u00e9s por estas \u00e1reas<\/p><\/div>\n<div class=\"blog-btn\"><a href=\"https:\/\/site.educa.madrid.org\/ies.satafi.getafe\/index.php\/proyectos\/proyecto-stem\/\" class=\"home-blog-btn\">Leer m\u00e1s<\/a><\/p>\n","protected":false},"author":6,"featured_media":0,"parent":886,"menu_order":0,"comment_status":"closed","ping_status":"closed","template":"","meta":{"footnotes":""},"folder":[],"class_list":["post-1859","page","type-page","status-publish","hentry"],"rttpg_featured_image_url":null,"rttpg_author":{"display_name":"Arturo D\u00edaz G\u00f3mez","author_link":"https:\/\/site.educa.madrid.org\/ies.satafi.getafe\/index.php\/author\/arturo_daz-gmez\/"},"rttpg_comment":0,"rttpg_category":false,"rttpg_excerpt":"El&nbsp;t\u00e9rmino STEM (por sus siglas en ingl\u00e9s) es el acr\u00f3nimo de los t\u00e9rminos anglosajones Science, Technology, Engineering and Mathematics (ciencia, tecnolog\u00eda, ingenier\u00eda y matem\u00e1ticas). Desde el IES Satafi se apuesta por una educaci\u00f3n en la que se fomenta el desarrollo de la competencia STEM entre nuestros alumnos y alumnas y el inter\u00e9s por estas \u00e1reasLeer&hellip;","post_mailing_queue_ids":[],"_links":{"self":[{"href":"https:\/\/site.educa.madrid.org\/ies.satafi.getafe\/index.php\/wp-json\/wp\/v2\/pages\/1859","targetHints":{"allow":["GET"]}}],"collection":[{"href":"https:\/\/site.educa.madrid.org\/ies.satafi.getafe\/index.php\/wp-json\/wp\/v2\/pages"}],"about":[{"href":"https:\/\/site.educa.madrid.org\/ies.satafi.getafe\/index.php\/wp-json\/wp\/v2\/types\/page"}],"author":[{"embeddable":true,"href":"https:\/\/site.educa.madrid.org\/ies.satafi.getafe\/index.php\/wp-json\/wp\/v2\/users\/6"}],"replies":[{"embeddable":true,"href":"https:\/\/site.educa.madrid.org\/ies.satafi.getafe\/index.php\/wp-json\/wp\/v2\/comments?post=1859"}],"version-history":[{"count":7,"href":"https:\/\/site.educa.madrid.org\/ies.satafi.getafe\/index.php\/wp-json\/wp\/v2\/pages\/1859\/revisions"}],"predecessor-version":[{"id":2615,"href":"https:\/\/site.educa.madrid.org\/ies.satafi.getafe\/index.php\/wp-json\/wp\/v2\/pages\/1859\/revisions\/2615"}],"up":[{"embeddable":true,"href":"https:\/\/site.educa.madrid.org\/ies.satafi.getafe\/index.php\/wp-json\/wp\/v2\/pages\/886"}],"wp:attachment":[{"href":"https:\/\/site.educa.madrid.org\/ies.satafi.getafe\/index.php\/wp-json\/wp\/v2\/media?parent=1859"}],"wp:term":[{"taxonomy":"folder","embeddable":true,"href":"https:\/\/site.educa.madrid.org\/ies.satafi.getafe\/index.php\/wp-json\/wp\/v2\/folder?post=1859"}],"curies":[{"name":"wp","href":"https:\/\/api.w.org\/{rel}","templated":true}]}}