{"id":2548,"date":"2023-01-24T19:46:22","date_gmt":"2023-01-24T18:46:22","guid":{"rendered":"https:\/\/site.educa.madrid.org\/ies.satafi.getafe\/?page_id=2548"},"modified":"2024-03-11T23:01:06","modified_gmt":"2024-03-11T22:01:06","slug":"album-de-fotos","status":"publish","type":"page","link":"https:\/\/site.educa.madrid.org\/ies.satafi.getafe\/index.php\/familias\/album-de-fotos\/","title":{"rendered":"\u00c1lbum de fotos"},"content":{"rendered":"\n<p><a href=\"https:\/\/mediateca.educa.madrid.org\/album\/bjpmyh4io5mp118f\">Carnaval IES Satafi 2024<\/a><\/p>\n\n\n\n<p><a rel=\"noreferrer noopener\" href=\"https:\/\/mediateca.educa.madrid.org\/album\/lalnn9simin5h3g2\" target=\"_blank\">Carnaval IES Satafi 2023<\/a><\/p>\n\n\n\n<p><a rel=\"noreferrer noopener\" href=\"https:\/\/mediateca.educa.madrid.org\/album\/e21fz9s5x3jvxthu\" target=\"_blank\">Participaci\u00f3n en la competici\u00f3n de FP MadridSkills 2020<\/a><\/p>\n\n\n\n<p><a href=\"https:\/\/mediateca.educa.madrid.org\/album\/g9kj6y4udc2mf69c\" target=\"_blank\" rel=\"noreferrer noopener\">Participaci\u00f3n en la competici\u00f3n de FP SpainSkills 2022<\/a><\/p>\n","protected":false},"excerpt":{"rendered":"<p>Carnaval IES Satafi 2024 Carnaval IES Satafi 2023 Participaci\u00f3n en la competici\u00f3n de FP MadridSkills 2020 Participaci\u00f3n en la competici\u00f3n de FP SpainSkills 2022<\/p>\n","protected":false},"author":3,"featured_media":0,"parent":2531,"menu_order":4,"comment_status":"closed","ping_status":"closed","template":"","meta":{"footnotes":""},"folder":[],"class_list":["post-2548","page","type-page","status-publish","hentry"],"rttpg_featured_image_url":null,"rttpg_author":{"display_name":"ies.satafi.getafe","author_link":"https:\/\/site.educa.madrid.org\/ies.satafi.getafe\/index.php\/author\/cuenta_ies-satafi-getafe\/"},"rttpg_comment":0,"rttpg_category":false,"rttpg_excerpt":"Carnaval IES Satafi 2024 Carnaval IES Satafi 2023 Participaci\u00f3n en la competici\u00f3n de FP MadridSkills 2020 Participaci\u00f3n en la competici\u00f3n de FP SpainSkills 2022","post_mailing_queue_ids":[],"_links":{"self":[{"href":"https:\/\/site.educa.madrid.org\/ies.satafi.getafe\/index.php\/wp-json\/wp\/v2\/pages\/2548","targetHints":{"allow":["GET"]}}],"collection":[{"href":"https:\/\/site.educa.madrid.org\/ies.satafi.getafe\/index.php\/wp-json\/wp\/v2\/pages"}],"about":[{"href":"https:\/\/site.educa.madrid.org\/ies.satafi.getafe\/index.php\/wp-json\/wp\/v2\/types\/page"}],"author":[{"embeddable":true,"href":"https:\/\/site.educa.madrid.org\/ies.satafi.getafe\/index.php\/wp-json\/wp\/v2\/users\/3"}],"replies":[{"embeddable":true,"href":"https:\/\/site.educa.madrid.org\/ies.satafi.getafe\/index.php\/wp-json\/wp\/v2\/comments?post=2548"}],"version-history":[{"count":4,"href":"https:\/\/site.educa.madrid.org\/ies.satafi.getafe\/index.php\/wp-json\/wp\/v2\/pages\/2548\/revisions"}],"predecessor-version":[{"id":4819,"href":"https:\/\/site.educa.madrid.org\/ies.satafi.getafe\/index.php\/wp-json\/wp\/v2\/pages\/2548\/revisions\/4819"}],"up":[{"embeddable":true,"href":"https:\/\/site.educa.madrid.org\/ies.satafi.getafe\/index.php\/wp-json\/wp\/v2\/pages\/2531"}],"wp:attachment":[{"href":"https:\/\/site.educa.madrid.org\/ies.satafi.getafe\/index.php\/wp-json\/wp\/v2\/media?parent=2548"}],"wp:term":[{"taxonomy":"folder","embeddable":true,"href":"https:\/\/site.educa.madrid.org\/ies.satafi.getafe\/index.php\/wp-json\/wp\/v2\/folder?post=2548"}],"curies":[{"name":"wp","href":"https:\/\/api.w.org\/{rel}","templated":true}]}}