{"id":292,"date":"2022-02-18T18:27:03","date_gmt":"2022-02-18T17:27:03","guid":{"rendered":"https:\/\/site.educa.madrid.org\/ies.satafi.getafe\/?page_id=292"},"modified":"2025-11-14T19:51:03","modified_gmt":"2025-11-14T18:51:03","slug":"eso","status":"publish","type":"page","link":"https:\/\/site.educa.madrid.org\/ies.satafi.getafe\/index.php\/ensenanzas\/eso\/","title":{"rendered":"ESO"},"content":{"rendered":"\n<p>La distribuci\u00f3n de materias y horas en Educaci\u00f3n Secundaria obligatoria en el curso 2025-26 en turno matutino de 8:25 a 14:15, salvo un d\u00eda en horario de 8:25 a 15:05, es la siguiente:<\/p>\n\n\n\n<ul class=\"wp-block-list\">\n<li><strong>Primer ciclo <\/strong><\/li>\n<\/ul>\n\n\n\n<p><strong>MATERIAS Y DISTRIBUCI\u00d3N HORARIA EN 1\u00ba, 2\u00ba Y 3\u00ba DE ESO (CURSO 2025-26)<\/strong><\/p>\n\n\n\n<p><\/p>\n\n\n<div class=\"wp-block-image\">\n<figure class=\"aligncenter size-full\"><img loading=\"lazy\" decoding=\"async\" width=\"795\" height=\"679\" src=\"https:\/\/site.educa.madrid.org\/ies.satafi.getafe\/\/wp-content\/uploads\/ies.satafi.getafe\/2025\/11\/Distribucion-horaria-1o2o-y-3o-ESO-2025_26.jpg.jpg\" alt=\"\" class=\"wp-image-10067\" srcset=\"https:\/\/site.educa.madrid.org\/ies.satafi.getafe\/\/wp-content\/uploads\/ies.satafi.getafe\/2025\/11\/Distribucion-horaria-1o2o-y-3o-ESO-2025_26.jpg.jpg 795w, https:\/\/site.educa.madrid.org\/ies.satafi.getafe\/\/wp-content\/uploads\/ies.satafi.getafe\/2025\/11\/Distribucion-horaria-1o2o-y-3o-ESO-2025_26.jpg-300x256.jpg 300w, https:\/\/site.educa.madrid.org\/ies.satafi.getafe\/\/wp-content\/uploads\/ies.satafi.getafe\/2025\/11\/Distribucion-horaria-1o2o-y-3o-ESO-2025_26.jpg-768x656.jpg 768w\" sizes=\"auto, (max-width: 795px) 100vw, 795px\" \/><\/figure>\n<\/div>\n\n\n<div style=\"height:100px\" aria-hidden=\"true\" class=\"wp-block-spacer\"><\/div>\n\n\n\n<ul class=\"wp-block-list\">\n<li><strong>Segundo ciclo<\/strong><\/li>\n<\/ul>\n\n\n\n<p><strong>MATERIAS Y DISTRIBUCI\u00d3N HORARIA EN EL PROGRAMA DE DIVERSIFICACI\u00d3N EN 3\u00ba Y 4\u00ba (CURSO 2025-26)<\/strong><\/p>\n\n\n\n<p><\/p>\n\n\n<div class=\"wp-block-image\">\n<figure class=\"aligncenter size-full\"><img loading=\"lazy\" decoding=\"async\" width=\"798\" height=\"462\" src=\"https:\/\/site.educa.madrid.org\/ies.satafi.getafe\/\/wp-content\/uploads\/ies.satafi.getafe\/2025\/11\/Distribucion-horaria-Diversificacion-2025_26.jpg\" alt=\"\" class=\"wp-image-10069\" srcset=\"https:\/\/site.educa.madrid.org\/ies.satafi.getafe\/\/wp-content\/uploads\/ies.satafi.getafe\/2025\/11\/Distribucion-horaria-Diversificacion-2025_26.jpg 798w, https:\/\/site.educa.madrid.org\/ies.satafi.getafe\/\/wp-content\/uploads\/ies.satafi.getafe\/2025\/11\/Distribucion-horaria-Diversificacion-2025_26-300x174.jpg 300w, https:\/\/site.educa.madrid.org\/ies.satafi.getafe\/\/wp-content\/uploads\/ies.satafi.getafe\/2025\/11\/Distribucion-horaria-Diversificacion-2025_26-768x445.jpg 768w\" sizes=\"auto, (max-width: 798px) 100vw, 798px\" \/><\/figure>\n<\/div>\n\n\n<p><strong>MATERIAS, ITINERARIOS Y DISTRIBUCI\u00d3N HORARIA EN 4\u00ba DE ESO (CURSO 2025-26)<\/strong><\/p>\n\n\n\n<p><\/p>\n\n\n<div class=\"wp-block-image\">\n<figure class=\"aligncenter size-full\"><img loading=\"lazy\" decoding=\"async\" width=\"561\" height=\"708\" src=\"https:\/\/site.educa.madrid.org\/ies.satafi.getafe\/\/wp-content\/uploads\/ies.satafi.getafe\/2025\/11\/Distribucion-horaria-4o-ESO-2025_26.jpg\" alt=\"\" class=\"wp-image-10070\" srcset=\"https:\/\/site.educa.madrid.org\/ies.satafi.getafe\/\/wp-content\/uploads\/ies.satafi.getafe\/2025\/11\/Distribucion-horaria-4o-ESO-2025_26.jpg 561w, https:\/\/site.educa.madrid.org\/ies.satafi.getafe\/\/wp-content\/uploads\/ies.satafi.getafe\/2025\/11\/Distribucion-horaria-4o-ESO-2025_26-238x300.jpg 238w\" sizes=\"auto, (max-width: 561px) 100vw, 561px\" \/><\/figure>\n<\/div>\n\n<h5><span style=\"color: #0000ff;\"><em>En el itinerario elegido, el alumno cursa una de las opciones de matem\u00e1ticas y otras tres materias de opci\u00f3n.<\/em><\/span><\/h5>\n<h5><span style=\"color: #0000ff;\"><em>Las materias con fondo verde son obligatorias en el itinerario correspondiente. Las de fondo gris no se pueden elegir en ese itinerario.<\/em><\/span><\/h5>","protected":false},"excerpt":{"rendered":"<p>La distribuci\u00f3n de materias y horas en Educaci\u00f3n Secundaria obligatoria en el curso 2025-26 en turno matutino de 8:25 a 14:15, salvo un d\u00eda en horario de 8:25 a 15:05, es la siguiente: MATERIAS Y DISTRIBUCI\u00d3N HORARIA EN 1\u00ba, 2\u00ba Y 3\u00ba DE ESO (CURSO 2025-26) MATERIAS Y DISTRIBUCI\u00d3N HORARIA EN EL PROGRAMA DE DIVERSIFICACI\u00d3N<\/p><\/div>\n<div class=\"blog-btn\"><a href=\"https:\/\/site.educa.madrid.org\/ies.satafi.getafe\/index.php\/ensenanzas\/eso\/\" class=\"home-blog-btn\">Leer m\u00e1s<\/a><\/p>\n","protected":false},"author":5,"featured_media":0,"parent":162,"menu_order":0,"comment_status":"closed","ping_status":"closed","template":"","meta":{"footnotes":""},"folder":[],"class_list":["post-292","page","type-page","status-publish","hentry"],"rttpg_featured_image_url":null,"rttpg_author":{"display_name":"Inmaculada Alonso Casarrubios","author_link":"https:\/\/site.educa.madrid.org\/ies.satafi.getafe\/index.php\/author\/inmaculada_alonso-casarrubios\/"},"rttpg_comment":0,"rttpg_category":false,"rttpg_excerpt":"La distribuci\u00f3n de materias y horas en Educaci\u00f3n Secundaria obligatoria en el curso 2025-26 en turno matutino de 8:25 a 14:15, salvo un d\u00eda en horario de 8:25 a 15:05, es la siguiente: MATERIAS Y DISTRIBUCI\u00d3N HORARIA EN 1\u00ba, 2\u00ba Y 3\u00ba DE ESO (CURSO 2025-26) MATERIAS Y DISTRIBUCI\u00d3N HORARIA EN EL PROGRAMA DE DIVERSIFICACI\u00d3NLeer&hellip;","post_mailing_queue_ids":[],"_links":{"self":[{"href":"https:\/\/site.educa.madrid.org\/ies.satafi.getafe\/index.php\/wp-json\/wp\/v2\/pages\/292","targetHints":{"allow":["GET"]}}],"collection":[{"href":"https:\/\/site.educa.madrid.org\/ies.satafi.getafe\/index.php\/wp-json\/wp\/v2\/pages"}],"about":[{"href":"https:\/\/site.educa.madrid.org\/ies.satafi.getafe\/index.php\/wp-json\/wp\/v2\/types\/page"}],"author":[{"embeddable":true,"href":"https:\/\/site.educa.madrid.org\/ies.satafi.getafe\/index.php\/wp-json\/wp\/v2\/users\/5"}],"replies":[{"embeddable":true,"href":"https:\/\/site.educa.madrid.org\/ies.satafi.getafe\/index.php\/wp-json\/wp\/v2\/comments?post=292"}],"version-history":[{"count":14,"href":"https:\/\/site.educa.madrid.org\/ies.satafi.getafe\/index.php\/wp-json\/wp\/v2\/pages\/292\/revisions"}],"predecessor-version":[{"id":10079,"href":"https:\/\/site.educa.madrid.org\/ies.satafi.getafe\/index.php\/wp-json\/wp\/v2\/pages\/292\/revisions\/10079"}],"up":[{"embeddable":true,"href":"https:\/\/site.educa.madrid.org\/ies.satafi.getafe\/index.php\/wp-json\/wp\/v2\/pages\/162"}],"wp:attachment":[{"href":"https:\/\/site.educa.madrid.org\/ies.satafi.getafe\/index.php\/wp-json\/wp\/v2\/media?parent=292"}],"wp:term":[{"taxonomy":"folder","embeddable":true,"href":"https:\/\/site.educa.madrid.org\/ies.satafi.getafe\/index.php\/wp-json\/wp\/v2\/folder?post=292"}],"curies":[{"name":"wp","href":"https:\/\/api.w.org\/{rel}","templated":true}]}}