{"id":3528,"date":"2024-01-29T11:55:11","date_gmt":"2024-01-29T10:55:11","guid":{"rendered":"https:\/\/site.educa.madrid.org\/ies.satafi.getafe\/?page_id=3528"},"modified":"2026-04-09T20:51:17","modified_gmt":"2026-04-09T18:51:17","slug":"admision-eso-y-bachillerato","status":"publish","type":"page","link":"https:\/\/site.educa.madrid.org\/ies.satafi.getafe\/index.php\/secretaria\/admision-eso-y-bachillerato\/","title":{"rendered":"Admisi\u00f3n ESO y Bachillerato"},"content":{"rendered":"\n<p class=\"has-vivid-cyan-blue-color has-text-color has-large-font-size\"><strong>ESO Y BACHILLERATO CURSO 2026-2027<\/strong><\/p>\n\n\n\n<p><\/p>\n\n\n\n<h2 class=\"wp-block-heading has-black-color has-text-color has-medium-font-size\"><strong>PLAZO DE PRESENTACI\u00d3N DE SOLICITUDES: DEL 11 AL 25 DE MARZO AMBOS INCLUSIVE&nbsp;<\/strong><\/h2>\n\n\n\n<div style=\"height:59px\" aria-hidden=\"true\" class=\"wp-block-spacer\"><\/div>\n\n\n<div class=\"wp-block-image\">\n<figure class=\"aligncenter size-full is-resized\"><img loading=\"lazy\" decoding=\"async\" width=\"736\" height=\"556\" src=\"https:\/\/site.educa.madrid.org\/ies.satafi.getafe\/\/wp-content\/uploads\/ies.satafi.getafe\/2026\/02\/admision-eso-bach-26-27.jpg\" alt=\"\" class=\"wp-image-10622\" style=\"width:772px;height:auto\" srcset=\"https:\/\/site.educa.madrid.org\/ies.satafi.getafe\/\/wp-content\/uploads\/ies.satafi.getafe\/2026\/02\/admision-eso-bach-26-27.jpg 736w, https:\/\/site.educa.madrid.org\/ies.satafi.getafe\/\/wp-content\/uploads\/ies.satafi.getafe\/2026\/02\/admision-eso-bach-26-27-300x227.jpg 300w\" sizes=\"auto, (max-width: 736px) 100vw, 736px\" \/><\/figure>\n<\/div>\n\n\n<div style=\"height:59px\" aria-hidden=\"true\" class=\"wp-block-spacer\"><\/div>\n\n\n<div\n\t\t\t\n\t\t\tclass=\"so-widget-sow-editor so-widget-sow-editor-base\"\n\t\t\t\n\t\t>\n<div class=\"siteorigin-widget-tinymce textwidget\">\n\t<h4><a href=\"https:\/\/site.educa.madrid.org\/ies.satafi.getafe\/index.php\/2026\/02\/03\/ies-satafi-jornada-de-puertas-abiertas-2026\/\">JORNADA DE PUERTAS ABIERTAS IES SATAFI (25 febrero, 3 y 4 de marzo)<\/a><\/h4>\n<h4><strong><a href=\"https:\/\/site.educa.madrid.org\/ies.satafi.getafe\/\/wp-content\/uploads\/ies.satafi.getafe\/2026\/03\/Centos-Adscritos-Nivel-Inferior-25_26.pdf\">CENTROS ADSCRITOS<\/a><\/strong><\/h4>\n<h4><a href=\"https:\/\/site.educa.madrid.org\/ies.satafi.getafe\/\/wp-content\/uploads\/ies.satafi.getafe\/2026\/02\/Calendario-Admision-ESo-curso-2026-27.pdf\">CALENDARIO DE ACTUACIONES<\/a><\/h4>\n<h4><a href=\"https:\/\/site.educa.madrid.org\/ies.satafi.getafe\/\/wp-content\/uploads\/ies.satafi.getafe\/2026\/02\/Baremacion.pdf\">BAREMACI\u00d3N SOLICITUDES ESO Y BACHILLERATO<\/a><\/h4>\n<h4><a href=\"https:\/\/site.educa.madrid.org\/ies.satafi.getafe\/\/wp-content\/uploads\/ies.satafi.getafe\/2026\/03\/Solicitud-25_26.pdf\">SOLICITUD<\/a><\/h4>\n<h4><a href=\"https:\/\/site.educa.madrid.org\/ies.satafi.getafe\/\/wp-content\/uploads\/ies.satafi.getafe\/2026\/03\/Declaracion_responsable-25_26.pdf\"><strong>DECLARACION RESPONSABLE<\/strong><\/a><\/h4>\n<h4><a href=\"https:\/\/site.educa.madrid.org\/ies.satafi.getafe\/\/wp-content\/uploads\/ies.satafi.getafe\/2026\/03\/Vacantes-25_26.pdf\">PLAZAS VACANTES\u00a0<\/a><\/h4>\n<h4><a href=\"https:\/\/site.educa.madrid.org\/ies.satafi.getafe\/\/wp-content\/uploads\/ies.satafi.getafe\/2026\/04\/Sorteo-2026.pdf\">RESULTADO DEL SORTEO PARA DESEMPATE<\/a><\/h4>\n<h4><strong><span style=\"color: #ff0000;\"><a href=\"https:\/\/site.educa.madrid.org\/ies.satafi.getafe\/\/wp-content\/uploads\/ies.satafi.getafe\/2026\/03\/Criterio-Complementario-25_26.pdf\">CRITERIO COMPLEMENTARIO<\/a> (3 PUNTOS)<\/span>: QUE EL COLEGIO TENGA PROGRAMAS SIMILARES A LOS DEL INSTITUTO (Tecnol\u00f3gico, ampliaci\u00f3n de ingl\u00e9s y proyecto TGD)<\/strong><\/h4>\n<h4><a href=\"https:\/\/site.educa.madrid.org\/ies.satafi.getafe\/\/wp-content\/uploads\/ies.satafi.getafe\/2026\/03\/Acreditacion_criterio_complementario-25_26.pdf\"><span style=\"color: #ff0000;\">ACREDITACION CRITERIO COMPLEMENTARIO<\/span><\/a>: <strong>SOLO PARA CENTROS NO ADSCRITOS<\/strong><\/h4>\n<h4><a href=\"https:\/\/site.educa.madrid.org\/ies.satafi.getafe\/index.php\/familias\/\">INFORMACI\u00d3N B\u00c1SICA PARA LAS FAMILIAS<\/a>\u00a0<\/h4>\n<h4><a href=\"https:\/\/site.educa.madrid.org\/ies.satafi.getafe\/\/wp-content\/uploads\/ies.satafi.getafe\/2026\/02\/BOCM-20251209-19.pdf\">RESOLUCI\u00d3N DE ADMISI\u00d3N 2026-2027<\/a><\/h4>\n<h4><a href=\"https:\/\/site.educa.madrid.org\/ies.satafi.getafe\/\/wp-content\/uploads\/ies.satafi.getafe\/2024\/02\/Anexo-V-Alumnado-ACNEES.pdf\">ALUMNO QUE PRESENTA NECESIDADES EDUCATIVAS ESPECIALES<\/a><\/h4>\n<h4><span style=\"color: #333399;\"><strong>SEGUIMIENTO DEL PROCESO:<\/strong><\/span><a href=\"https:\/\/raices.madrid.org\/secretariavirtual\/consultas\/\" rel=\"noopener\">ACCEDER<\/a>\u00a0<\/h4>\n<h4><a href=\"https:\/\/site.educa.madrid.org\/ies.satafi.getafe\/\/wp-content\/uploads\/ies.satafi.getafe\/2026\/03\/FIN-plazo-de-presentacion-2026.pdf\">SOLICITUDES PRESENTADAS FUERA DE PLAZO<\/a>\u00a0<\/h4>\n<h4>LISTADO DE ALUMNOS ESCOLARIZADOS POR ADJUDICACI\u00d3N DEL SAE (Pendiente de publicar)<\/h4>\n<h4>Toda la informaci\u00f3n del proceso de admisi\u00f3n la podr\u00e1 encontrar <a href=\"https:\/\/www.comunidad.madrid\/servicios\/educacion\/solicita-tu-admision-educacion-infantil-obligatoria-bachillerato\" rel=\"noopener\">aqu\u00ed<\/a><\/h4>\n<p><strong>SOLICITUD<\/strong> e <strong>INSTRUCCIONES de cumplimentaci\u00f3n<\/strong> para presentar en el centro de manera presencial, en caso de no ser posible su presentaci\u00f3n telem\u00e1tica. <strong>Una vez cumplimentada en su ordenador deber\u00e1 imprimir 2 copias y entregarla en el centro educativo que solicita <\/strong><\/p>\n<\/div>\n<\/div>\n\n\n<hr class=\"wp-block-separator has-alpha-channel-opacity\"\/>\n\n\n<div\n\t\t\t\n\t\t\tclass=\"so-widget-sow-editor so-widget-sow-editor-base\"\n\t\t\t\n\t\t>\n<div class=\"siteorigin-widget-tinymce textwidget\">\n\t<h4><span style=\"color: #333399;\"><strong>INFORMACI\u00d3N DEL CENTRO PARA LAS FAMILIAS<\/strong><\/span><\/h4>\n<p><!--more--><\/p>\n<ul>\n<li><a href=\"https:\/\/site.educa.madrid.org\/ies.satafi.getafe\/\/wp-content\/uploads\/ies.satafi.getafe\/2023\/12\/Proyecto-Educativo-23-24.pdf\">Proyecto Educativo<\/a><\/li>\n<li><a href=\"https:\/\/site.educa.madrid.org\/ies.satafi.getafe\/\/wp-content\/uploads\/ies.satafi.getafe\/2025\/02\/14.Plan-de-convivencia-24-25.pdf\">Plan de convivencia<\/a> y <a href=\"https:\/\/site.educa.madrid.org\/ies.satafi.getafe\/\/wp-content\/uploads\/ies.satafi.getafe\/2022\/04\/Admision-Decreto-de-convivencia-CAM.pdf\" target=\"_blank\" rel=\"noopener\">Decreto de Convivencia<\/a><\/li>\n<li>Programas Educativos: <a href=\"https:\/\/site.educa.madrid.org\/ies.satafi.getafe\/\/wp-content\/uploads\/ies.satafi.getafe\/2022\/04\/Admision-Proyecto_IIT.pdf\" target=\"_blank\" rel=\"noopener\">Proyecto IIT<\/a>, <a href=\"https:\/\/site.educa.madrid.org\/ies.satafi.getafe\/\/wp-content\/uploads\/ies.satafi.getafe\/2022\/04\/Admision-Proyecto-propio-de-ingles.pdf\" target=\"_blank\" rel=\"noopener\">Proyecto propio de Ingl\u00e9s<\/a>, Proyectos propios de FP <a href=\"https:\/\/site.educa.madrid.org\/ies.satafi.getafe\/\/wp-content\/uploads\/ies.satafi.getafe\/2022\/04\/Admision-IES_Satafi_Proyecto_Propio_Memoria_STI_Def_20181205-1.pdf\" target=\"_blank\" rel=\"noopener\">STI<\/a> y <a href=\"https:\/\/site.educa.madrid.org\/ies.satafi.getafe\/\/wp-content\/uploads\/ies.satafi.getafe\/2022\/04\/Admision-IES_Satafi_Proyecto_Propio_Memoria_MEL_Def_20181205.pdf\" target=\"_blank\" rel=\"noopener\">MEL<\/a><\/li>\n<li><a href=\"https:\/\/site.educa.madrid.org\/ies.satafi.getafe\/\/wp-content\/uploads\/ies.satafi.getafe\/2024\/11\/PGA-24-25-IES-SATAFI_signed.pdf\">Objetivos Generales<\/a><\/li>\n<li>Programaci\u00f3n de Actividades Extraescolares (Pendiente de publicar)<\/li>\n<li><a href=\"https:\/\/site.educa.madrid.org\/ies.satafi.getafe\/\/wp-content\/uploads\/ies.satafi.getafe\/2025\/02\/Centros-Adscritos-curso-2025_2026.pdf\">Relaci\u00f3n de centros adscritos a nivel inferior<\/a><\/li>\n<li>Datos b\u00e1sicos<\/li>\n<\/ul>\n<h4><strong><span style=\"color: #333399;\">SERVICIO DE APOYO A LA ESCOLARIZACI\u00d3N CORRESPONDIENTE AL CENTRO<\/span>:<\/strong> <a href=\"https:\/\/site.educa.madrid.org\/ies.satafi.getafe\/\/wp-content\/uploads\/ies.satafi.getafe\/2022\/04\/Admision-SAE-Getafe-1.pdf\" target=\"_blank\" rel=\"noopener\">SAE Getafe<\/a><\/h4>\n<\/div>\n<\/div>\n\n\n<hr class=\"wp-block-separator has-alpha-channel-opacity\"\/>\n\n\n\n<hr class=\"wp-block-separator has-alpha-channel-opacity\"\/>\n\n\n<div\n\t\t\t\n\t\t\tclass=\"so-widget-sow-editor so-widget-sow-editor-base\"\n\t\t\t\n\t\t>\n<div class=\"siteorigin-widget-tinymce textwidget\">\n\t<h4><span style=\"color: #333399;\"><strong>AYUDA PARA USAR LA SECRETAR\u00cdA VIRTUAL<\/strong><\/span><\/h4>\n<ul>\n<li><a href=\"https:\/\/site.educa.madrid.org\/ies.satafi.getafe\/\/wp-content\/uploads\/ies.satafi.getafe\/2022\/04\/Admision-Guia-Secretaria-Virtual-v3.0-1-1.pdf\" target=\"_blank\" rel=\"noopener\">Gu\u00eda proceso de Admisi\u00f3n a trav\u00e9s de la Secretar\u00eda Virtual<\/a><\/li>\n<li><a href=\"https:\/\/site.educa.madrid.org\/ies.satafi.getafe\/\/wp-content\/uploads\/ies.satafi.getafe\/2026\/03\/Guia-PROCESO-ADMISION-por-secretaria-virtual.pdf\">Gu\u00eda solicitud de Admisi\u00f3n a trav\u00e9s de la Secretar\u00eda Virtual<\/a><\/li>\n<li><a href=\"https:\/\/mediateca.educa.madrid.org\/video\/j1l1hah2cmicwanx?jwsource=cl\" target=\"_blank\" rel=\"noopener\">V\u00eddeo tutorial acceso a Secretar\u00eda Virtual<\/a><\/li>\n<li><a href=\"https:\/\/mediateca.educa.madrid.org\/video\/tfzbk7atfzc9nlyz?jwsource=cl\" target=\"_blank\" rel=\"noopener\">V\u00eddeo tutorial presentaci\u00f3n de solicitudes a trav\u00e9s de la Secretar\u00eda Virtual<\/a><\/li>\n<\/ul>\n<\/div>\n<\/div>","protected":false},"excerpt":{"rendered":"<p>ESO Y BACHILLERATO CURSO 2026-2027 PLAZO DE PRESENTACI\u00d3N DE SOLICITUDES: DEL 11 AL 25 DE MARZO AMBOS INCLUSIVE&nbsp;<\/p>\n","protected":false},"author":3,"featured_media":0,"parent":168,"menu_order":0,"comment_status":"closed","ping_status":"closed","template":"","meta":{"footnotes":""},"folder":[68],"class_list":["post-3528","page","type-page","status-publish","hentry"],"rttpg_featured_image_url":null,"rttpg_author":{"display_name":"ies.satafi.getafe","author_link":"https:\/\/site.educa.madrid.org\/ies.satafi.getafe\/index.php\/author\/cuenta_ies-satafi-getafe\/"},"rttpg_comment":0,"rttpg_category":" <a href=\"https:\/\/site.educa.madrid.org\/ies.satafi.getafe\/?taxonomy=folder&#038;term=admision-1688545914-3\" rel=\"tag\">Admisi\u00f3n<\/a>","rttpg_excerpt":"ESO Y BACHILLERATO CURSO 2026-2027 PLAZO DE PRESENTACI\u00d3N DE SOLICITUDES: DEL 11 AL 25 DE MARZO AMBOS INCLUSIVE&nbsp;","post_mailing_queue_ids":[],"_links":{"self":[{"href":"https:\/\/site.educa.madrid.org\/ies.satafi.getafe\/index.php\/wp-json\/wp\/v2\/pages\/3528","targetHints":{"allow":["GET"]}}],"collection":[{"href":"https:\/\/site.educa.madrid.org\/ies.satafi.getafe\/index.php\/wp-json\/wp\/v2\/pages"}],"about":[{"href":"https:\/\/site.educa.madrid.org\/ies.satafi.getafe\/index.php\/wp-json\/wp\/v2\/types\/page"}],"author":[{"embeddable":true,"href":"https:\/\/site.educa.madrid.org\/ies.satafi.getafe\/index.php\/wp-json\/wp\/v2\/users\/3"}],"replies":[{"embeddable":true,"href":"https:\/\/site.educa.madrid.org\/ies.satafi.getafe\/index.php\/wp-json\/wp\/v2\/comments?post=3528"}],"version-history":[{"count":49,"href":"https:\/\/site.educa.madrid.org\/ies.satafi.getafe\/index.php\/wp-json\/wp\/v2\/pages\/3528\/revisions"}],"predecessor-version":[{"id":10779,"href":"https:\/\/site.educa.madrid.org\/ies.satafi.getafe\/index.php\/wp-json\/wp\/v2\/pages\/3528\/revisions\/10779"}],"up":[{"embeddable":true,"href":"https:\/\/site.educa.madrid.org\/ies.satafi.getafe\/index.php\/wp-json\/wp\/v2\/pages\/168"}],"wp:attachment":[{"href":"https:\/\/site.educa.madrid.org\/ies.satafi.getafe\/index.php\/wp-json\/wp\/v2\/media?parent=3528"}],"wp:term":[{"taxonomy":"folder","embeddable":true,"href":"https:\/\/site.educa.madrid.org\/ies.satafi.getafe\/index.php\/wp-json\/wp\/v2\/folder?post=3528"}],"curies":[{"name":"wp","href":"https:\/\/api.w.org\/{rel}","templated":true}]}}