{"id":3545,"date":"2023-07-06T12:12:50","date_gmt":"2023-07-06T10:12:50","guid":{"rendered":"https:\/\/site.educa.madrid.org\/ies.satafi.getafe\/?page_id=3545"},"modified":"2025-09-08T09:25:53","modified_gmt":"2025-09-08T07:25:53","slug":"admision-gm","status":"publish","type":"page","link":"https:\/\/site.educa.madrid.org\/ies.satafi.getafe\/index.php\/secretaria\/admision-formacion-profesional\/admision-gm\/","title":{"rendered":"Ciclos Formativos de Grado Medio"},"content":{"rendered":"\n<p class=\"has-text-color\" style=\"color:#03476e;font-size:35px\"><strong>CICLOS FORMATIVOS DE GRADO MEDIO. CURSO 2025-2026. MODALIDAD PRESENCIAL<\/strong>.<\/p>\n\n\n\n<div style=\"height:41px\" aria-hidden=\"true\" class=\"wp-block-spacer\"><\/div>\n\n\n\n<figure class=\"wp-block-image size-full\"><a href=\"https:\/\/site.educa.madrid.org\/ies.satafi.getafe\/\/wp-content\/uploads\/ies.satafi.getafe\/2025\/09\/OBTENCION-DE-PLAZAS-DE-FORMACION-PROFESIONAL-SEPTIEMBRE.pdf\"><img loading=\"lazy\" decoding=\"async\" width=\"631\" height=\"900\" src=\"https:\/\/site.educa.madrid.org\/ies.satafi.getafe\/\/wp-content\/uploads\/ies.satafi.getafe\/2025\/09\/Admision_septiembre_cartel_2.png\" alt=\"\" class=\"wp-image-9600\" srcset=\"https:\/\/site.educa.madrid.org\/ies.satafi.getafe\/\/wp-content\/uploads\/ies.satafi.getafe\/2025\/09\/Admision_septiembre_cartel_2.png 631w, https:\/\/site.educa.madrid.org\/ies.satafi.getafe\/\/wp-content\/uploads\/ies.satafi.getafe\/2025\/09\/Admision_septiembre_cartel_2-210x300.png 210w\" sizes=\"auto, (max-width: 631px) 100vw, 631px\" \/><\/a><\/figure>\n\n\n\n<div style=\"height:66px\" aria-hidden=\"true\" class=\"wp-block-spacer\"><\/div>\n\n\n<h3><span style=\"color: #333399;\">Admisi\u00f3n FASE 3<br \/><\/span><\/h3>\n<ul>\n<li><a href=\"https:\/\/site.educa.madrid.org\/ies.satafi.getafe\/\/wp-content\/uploads\/ies.satafi.getafe\/2025\/09\/listados_de_vacantes_final_gm_25.08.21_GM.pdf\">Listado de vacantes Grado Medio para septiembre<\/a><strong><br \/><\/strong><\/li>\n<li><a href=\"https:\/\/site.educa.madrid.org\/ies.satafi.getafe\/\/wp-content\/uploads\/ies.satafi.getafe\/2025\/09\/acta_sorteo_vacantes_admision_fp_GM.pdf\">Acta sorteo<\/a><\/li>\n<li><a href=\"https:\/\/site.educa.madrid.org\/ies.satafi.getafe\/\/wp-content\/uploads\/ies.satafi.getafe\/2025\/09\/ADMITIDOS-GM-Fase-3.pdf\">LISTADO DE ADMITIDOS GRADO MEDIO FASE 3<\/a><\/li>\n<\/ul>\n<h3 class=\"has-vivid-red-color has-text-color has-medium-font-size\" style=\"padding-left: 40px;\"><strong><em>Los alumnos admitidos deber\u00e1n recoger el sobre de matr\u00edcula en la conserjer\u00eda del centro y realizar la matr\u00edcula los d\u00edas 09 y 10 de septiembre<\/em><\/strong><\/h3>\n\n\n<div style=\"height:64px\" aria-hidden=\"true\" class=\"wp-block-spacer\"><\/div>\n\n\n\n<hr class=\"wp-block-separator has-alpha-channel-opacity\"\/>\n\n\n<h3><span style=\"color: #333399;\">Listados definitivos de admitidos y no admitidos en FASE 2<\/span><\/h3>\n<h3 class=\"has-vivid-red-color has-text-color has-medium-font-size\"><strong><em>Los alumnos admitidos deber\u00e1n recoger el sobre de matr\u00edcula en la conserjer\u00eda del centro y realizar la matr\u00edcula los d\u00edas 24 y 28 de julio<\/em><\/strong><\/h3>\n<ul>\n<li><a href=\"https:\/\/site.educa.madrid.org\/ies.satafi.getafe\/\/wp-content\/uploads\/ies.satafi.getafe\/2025\/07\/Gestion-Administrativa-Via-A-por-centro-de-admision-1.pdf\">Gesti\u00f3n Administrativa V\u00eda A por centro de admisi\u00f3n\u00a0<\/a><strong><br \/><\/strong><\/li>\n<li><a href=\"https:\/\/site.educa.madrid.org\/ies.satafi.getafe\/\/wp-content\/uploads\/ies.satafi.getafe\/2025\/07\/Instalaciones-de-Telecomunicaciones-Via-A-por-centro-de-admision-1.pdf\">Instalaciones de Telecomunicaciones V\u00eda A por centro de admisi\u00f3n<\/a><\/li>\n<li><a href=\"https:\/\/site.educa.madrid.org\/ies.satafi.getafe\/\/wp-content\/uploads\/ies.satafi.getafe\/2025\/07\/No-admitidos-Via-A-1.pdf\">No admitidos V\u00eda A<\/a><\/li>\n<li><a href=\"https:\/\/site.educa.madrid.org\/ies.satafi.getafe\/\/wp-content\/uploads\/ies.satafi.getafe\/2025\/07\/No-admitidos-Via-C-2.pdf\">No admitidos V\u00eda C<\/a><\/li>\n<li><a href=\"https:\/\/site.educa.madrid.org\/ies.satafi.getafe\/\/wp-content\/uploads\/ies.satafi.getafe\/2025\/07\/Admitidos-por-centro-de-solicitud.pdf\">Admitidos por centro de solicitud<\/a><\/li>\n<\/ul>\n\n\n<div style=\"height:43px\" aria-hidden=\"true\" class=\"wp-block-spacer\"><\/div>\n\n\n\n<hr class=\"wp-block-separator has-alpha-channel-opacity\"\/>\n\n\n<h3><span style=\"color: #333399;\">Listados definitivos de admitidos y no admitidos en FASE 1<\/span><\/h3>\n<h3 class=\"has-vivid-red-color has-text-color has-medium-font-size\"><strong><em>Los alumnos admitidos deber\u00e1n recoger el sobre de matr\u00edcula en la conserjer\u00eda del centro y realizar la matr\u00edcula los d\u00edas 15, 16 y 17 de julio<\/em><\/strong><\/h3>\n<ul>\n<li><a href=\"https:\/\/site.educa.madrid.org\/ies.satafi.getafe\/\/wp-content\/uploads\/ies.satafi.getafe\/2025\/07\/Gestion-Administrativa-Via-A-por-centro-de-admision.pdf\">Gesti\u00f3n Administrativa V\u00eda A por centro de admisi\u00f3n\u00a0<\/a><strong><br \/><\/strong><\/li>\n<li><a href=\"https:\/\/site.educa.madrid.org\/ies.satafi.getafe\/\/wp-content\/uploads\/ies.satafi.getafe\/2025\/07\/Gestion-Administrativa-Via-C-por-centro-de-admision.pdf\">Gesti\u00f3n Administrativa V\u00eda C por centro de admisi\u00f3n\u00a0<\/a><\/li>\n<li><a href=\"https:\/\/site.educa.madrid.org\/ies.satafi.getafe\/\/wp-content\/uploads\/ies.satafi.getafe\/2025\/07\/Instalaciones-Electricas-y-Automaticas-Via-A-por-centro-de-admision.pdf\">Instalaciones El\u00e9ctricas y Autom\u00e1ticas V\u00eda A por centro de admisi\u00f3n\u00a0<\/a><\/li>\n<li><a href=\"https:\/\/site.educa.madrid.org\/ies.satafi.getafe\/\/wp-content\/uploads\/ies.satafi.getafe\/2025\/07\/Instalaciones-Electricas-y-Automaticas-Via-B-por-centro-de-admision.pdf\">Instalaciones El\u00e9ctricas y Autom\u00e1ticas V\u00eda B por centro de admisi\u00f3n\u00a0<\/a><\/li>\n<li><a href=\"https:\/\/site.educa.madrid.org\/ies.satafi.getafe\/\/wp-content\/uploads\/ies.satafi.getafe\/2025\/07\/Instalaciones-Electricas-y-Automaticas-Via-C-por-centro-de-admision.pdf\">Instalaciones El\u00e9ctricas y Autom\u00e1ticas V\u00eda C por centro de admisi\u00f3n<\/a><\/li>\n<li><a href=\"https:\/\/site.educa.madrid.org\/ies.satafi.getafe\/\/wp-content\/uploads\/ies.satafi.getafe\/2025\/07\/Instalaciones-de-Telecomunicaciones-Via-A-por-centro-de-admision.pdf\">Instalaciones de Telecomunicaciones V\u00eda A por centro de admisi\u00f3n<\/a><\/li>\n<li><a href=\"https:\/\/site.educa.madrid.org\/ies.satafi.getafe\/\/wp-content\/uploads\/ies.satafi.getafe\/2025\/07\/No-admitidos-Via-A.pdf\">No admitidos V\u00eda A<\/a><\/li>\n<li><a href=\"https:\/\/site.educa.madrid.org\/ies.satafi.getafe\/\/wp-content\/uploads\/ies.satafi.getafe\/2025\/07\/No-admitidos-Via-C.pdf\">No admitidos V\u00eda C<\/a><\/li>\n<li><a href=\"https:\/\/site.educa.madrid.org\/ies.satafi.getafe\/\/wp-content\/uploads\/ies.satafi.getafe\/2025\/07\/Admitidos-por-centro-y-ciclo.pdf\">Admitidos por centro de solicitud<\/a><\/li>\n<\/ul>\n\n\n<div style=\"height:40px\" aria-hidden=\"true\" class=\"wp-block-spacer\"><\/div>\n\n\n\n<hr class=\"wp-block-separator has-alpha-channel-opacity\"\/>\n\n\n<h3><span style=\"color: #333399;\">Listados provisionales de solicitudes baremadas y solicitudes excluidas<\/span><\/h3>\n<h3 class=\"has-vivid-red-color has-text-color has-medium-font-size\"><strong><em>Reclamaciones del 8, 9 y 10 de julio de 2025<\/em><\/strong><\/h3>\n<ul>\n<li><a href=\"https:\/\/site.educa.madrid.org\/ies.satafi.getafe\/\/wp-content\/uploads\/ies.satafi.getafe\/2025\/07\/GA-baremadas-por-centro-Via-A.pdf\">Gesti\u00f3n Administrativa V\u00eda A por centro (baremaci\u00f3n de la primera opci\u00f3n)\u00a0<\/a><strong><br \/><\/strong><\/li>\n<li><a href=\"https:\/\/site.educa.madrid.org\/ies.satafi.getafe\/\/wp-content\/uploads\/ies.satafi.getafe\/2025\/07\/GA-baremadas-por-centro-Via-C.pdf\">Gesti\u00f3n Administrativa V\u00eda C por centro (baremaci\u00f3n de la primera opci\u00f3n)\u00a0<\/a><\/li>\n<li><a href=\"https:\/\/site.educa.madrid.org\/ies.satafi.getafe\/\/wp-content\/uploads\/ies.satafi.getafe\/2025\/07\/GA-baremadas-centros-alternativos-Via-A.pdf\">Gesti\u00f3n Administrativa V\u00eda A de centros alternativos (baremaci\u00f3n de todas las opciones solicitadas)<\/a><\/li>\n<li><a href=\"https:\/\/site.educa.madrid.org\/ies.satafi.getafe\/\/wp-content\/uploads\/ies.satafi.getafe\/2025\/07\/GA-baremadas-centros-alternativos-Via-C.pdf\">Gesti\u00f3n Administrativa V\u00eda C de centros alternativos (baremaci\u00f3n de todas las opciones solicitadas)<\/a><\/li>\n<li><a href=\"https:\/\/site.educa.madrid.org\/ies.satafi.getafe\/\/wp-content\/uploads\/ies.satafi.getafe\/2025\/07\/IEA-baremadas-por-centro-Via-A.pdf\">Instalaciones El\u00e9ctricas y Autom\u00e1ticas V\u00eda A por centro (baremaci\u00f3n de la primera opci\u00f3n)\u00a0<\/a><\/li>\n<li><a href=\"https:\/\/site.educa.madrid.org\/ies.satafi.getafe\/\/wp-content\/uploads\/ies.satafi.getafe\/2025\/07\/IEA-baremadas-por-centro-Via-B.pdf\">Instalaciones El\u00e9ctricas y Autom\u00e1ticas V\u00eda B por centro (baremaci\u00f3n de la primera opci\u00f3n)\u00a0<\/a><\/li>\n<li><a href=\"https:\/\/site.educa.madrid.org\/ies.satafi.getafe\/\/wp-content\/uploads\/ies.satafi.getafe\/2025\/07\/IEA-baremadas-por-centro-Via-C.pdf\">Instalaciones El\u00e9ctricas y Autom\u00e1ticas V\u00eda C por centro (baremaci\u00f3n de la primera opci\u00f3n)<\/a><\/li>\n<li><a href=\"https:\/\/site.educa.madrid.org\/ies.satafi.getafe\/\/wp-content\/uploads\/ies.satafi.getafe\/2025\/07\/IEA-baremadas-centros-alternativos-Via-A.pdf\">Instalaciones El\u00e9ctricas y Autom\u00e1ticas V\u00eda A de centros alternativos (baremaci\u00f3n de todas las opciones solicitadas)\u00a0<\/a><\/li>\n<li><a href=\"https:\/\/site.educa.madrid.org\/ies.satafi.getafe\/\/wp-content\/uploads\/ies.satafi.getafe\/2025\/07\/IEA-baremadas-centros-alternativos-Via-B.pdf\">Instalaciones El\u00e9ctricas y Autom\u00e1ticas V\u00eda B de centros alternativos (baremaci\u00f3n de todas las opciones solicitadas)\u00a0<\/a><\/li>\n<li><a href=\"https:\/\/site.educa.madrid.org\/ies.satafi.getafe\/\/wp-content\/uploads\/ies.satafi.getafe\/2025\/07\/IEA-baremadas-centros-alternativos-Via-C.pdf\">Instalaciones El\u00e9ctricas y Autom\u00e1ticas V\u00eda C de centros alternativos (baremaci\u00f3n de todas las opciones solicitadas)\u00a0<\/a><\/li>\n<li><a href=\"https:\/\/site.educa.madrid.org\/ies.satafi.getafe\/\/wp-content\/uploads\/ies.satafi.getafe\/2025\/07\/IT-baremadas-por-centro-Via-A.pdf\">Instalaciones de Telecomunicaciones V\u00eda A por centro (baremaci\u00f3n de la primera opci\u00f3n)\u00a0<\/a><\/li>\n<li><a href=\"https:\/\/site.educa.madrid.org\/ies.satafi.getafe\/\/wp-content\/uploads\/ies.satafi.getafe\/2025\/07\/Listado-de-solicitudes-excluidas.pdf\">Listado de solicitudes excluidas<\/a><\/li>\n<\/ul>\n\n\n<div style=\"height:40px\" aria-hidden=\"true\" class=\"wp-block-spacer\"><\/div>\n\n\n\n<hr class=\"wp-block-separator has-alpha-channel-opacity\"\/>\n\n\n<div\n\t\t\t\n\t\t\tclass=\"so-widget-sow-editor so-widget-sow-editor-base\"\n\t\t\t\n\t\t>\n<div class=\"siteorigin-widget-tinymce textwidget\">\n\t<ul>\n<li><strong>PLAZO \u00daNICO DE ADMISI\u00d3N<\/strong>: Las solicitudes de admisi\u00f3n a los Ciclos Formativos de Grado Medio se presentar\u00e1n desde el <strong>23 al 30 de junio de 2025,\u00a0<\/strong>ambas fechas incluidas.<\/li>\n<li><strong>PRESENTACI\u00d3N DE LA SOLICITUD<\/strong>\n<ul>\n<li>La solicitud de admisi\u00f3n se cumplimentar\u00e1 y presentar\u00e1 de forma preferente a trav\u00e9s de la <a href=\"https:\/\/raices.madrid.org\/secretariavirtual\/solicitudes\/#ADMS1\">secretar\u00eda virtual<\/a><\/li>\n<li>De forma excepcional se podr\u00e1 presentar de formar presencial, en la secretar\u00eda del centro, mediante la siguiente<em><a href=\"https:\/\/site.educa.madrid.org\/ies.satafi.getafe\/\/wp-content\/uploads\/ies.satafi.getafe\/2025\/06\/solicitud_gb_gm_gs_2025.pdf\"> solicitud<\/a> <br \/><\/em><\/li>\n<\/ul>\n<\/li>\n<li><a href=\"https:\/\/site.educa.madrid.org\/ies.satafi.getafe\/\/wp-content\/uploads\/ies.satafi.getafe\/2025\/06\/2025_05_26_instrucciones_admision_cfgm_25-26_vf_copia.pdf\">Instrucciones de admisi\u00f3n a los Ciclos Formativos de Grado Medio<\/a><\/li>\n<li><a href=\"https:\/\/site.educa.madrid.org\/ies.satafi.getafe\/\/wp-content\/uploads\/ies.satafi.getafe\/2025\/06\/calendario_admision_gm_25-26.pdf\">Calendario de actuaciones<\/a><\/li>\n<li><a href=\"https:\/\/site.educa.madrid.org\/ies.satafi.getafe\/\/wp-content\/uploads\/ies.satafi.getafe\/2025\/06\/Oferta-2025_06_10_cfgm.pdf\">Oferta educativa<\/a>\n<ul>\n<li><strong>NOVEDAD. El ciclo formativo de Gesti\u00f3n Administrativa (Primero y Segundo) tendr\u00e1 turno vespertino.<\/strong><\/li>\n<\/ul>\n<\/li>\n<li><a href=\"https:\/\/site.educa.madrid.org\/ies.satafi.getafe\/\/wp-content\/uploads\/ies.satafi.getafe\/2025\/07\/Plazas-Ofertadas-GMedio.pdf\">Vacantes disponibles<\/a><\/li>\n<li><a href=\"https:\/\/site.educa.madrid.org\/ies.satafi.getafe\/\/wp-content\/uploads\/ies.satafi.getafe\/2025\/04\/Sorteo_publico_posibles_empates_2.pdf\">Resultado del sorteo para el desempate<\/a><\/li>\n<li><a href=\"https:\/\/www.comunidad.madrid\/servicios\/educacion\/admision-formacion-profesional\">Informaci\u00f3n de la Comunidad de Madrid.<\/a><\/li>\n<\/ul>\n<\/div>\n<\/div>","protected":false},"excerpt":{"rendered":"<p>CICLOS FORMATIVOS DE GRADO MEDIO. CURSO 2025-2026. MODALIDAD PRESENCIAL. Admisi\u00f3n FASE 3 Listado de vacantes Grado Medio para septiembre Acta sorteo LISTADO DE ADMITIDOS GRADO MEDIO FASE 3 Los alumnos admitidos deber\u00e1n recoger el sobre de matr\u00edcula en la conserjer\u00eda del centro y realizar la matr\u00edcula los d\u00edas 09 y 10 de septiembre Listados definitivos<\/p><\/div>\n<div class=\"blog-btn\"><a href=\"https:\/\/site.educa.madrid.org\/ies.satafi.getafe\/index.php\/secretaria\/admision-formacion-profesional\/admision-gm\/\" class=\"home-blog-btn\">Leer m\u00e1s<\/a><\/p>\n","protected":false},"author":3,"featured_media":0,"parent":3535,"menu_order":0,"comment_status":"closed","ping_status":"closed","template":"","meta":{"footnotes":""},"folder":[68],"class_list":["post-3545","page","type-page","status-publish","hentry"],"rttpg_featured_image_url":null,"rttpg_author":{"display_name":"ies.satafi.getafe","author_link":"https:\/\/site.educa.madrid.org\/ies.satafi.getafe\/index.php\/author\/cuenta_ies-satafi-getafe\/"},"rttpg_comment":0,"rttpg_category":" <a href=\"https:\/\/site.educa.madrid.org\/ies.satafi.getafe\/?taxonomy=folder&#038;term=admision-1688545914-3\" rel=\"tag\">Admisi\u00f3n<\/a>","rttpg_excerpt":"CICLOS FORMATIVOS DE GRADO MEDIO. CURSO 2025-2026. MODALIDAD PRESENCIAL. Admisi\u00f3n FASE 3 Listado de vacantes Grado Medio para septiembre Acta sorteo LISTADO DE ADMITIDOS GRADO MEDIO FASE 3 Los alumnos admitidos deber\u00e1n recoger el sobre de matr\u00edcula en la conserjer\u00eda del centro y realizar la matr\u00edcula los d\u00edas 09 y 10 de septiembre Listados definitivosLeer&hellip;","post_mailing_queue_ids":[],"_links":{"self":[{"href":"https:\/\/site.educa.madrid.org\/ies.satafi.getafe\/index.php\/wp-json\/wp\/v2\/pages\/3545","targetHints":{"allow":["GET"]}}],"collection":[{"href":"https:\/\/site.educa.madrid.org\/ies.satafi.getafe\/index.php\/wp-json\/wp\/v2\/pages"}],"about":[{"href":"https:\/\/site.educa.madrid.org\/ies.satafi.getafe\/index.php\/wp-json\/wp\/v2\/types\/page"}],"author":[{"embeddable":true,"href":"https:\/\/site.educa.madrid.org\/ies.satafi.getafe\/index.php\/wp-json\/wp\/v2\/users\/3"}],"replies":[{"embeddable":true,"href":"https:\/\/site.educa.madrid.org\/ies.satafi.getafe\/index.php\/wp-json\/wp\/v2\/comments?post=3545"}],"version-history":[{"count":50,"href":"https:\/\/site.educa.madrid.org\/ies.satafi.getafe\/index.php\/wp-json\/wp\/v2\/pages\/3545\/revisions"}],"predecessor-version":[{"id":9615,"href":"https:\/\/site.educa.madrid.org\/ies.satafi.getafe\/index.php\/wp-json\/wp\/v2\/pages\/3545\/revisions\/9615"}],"up":[{"embeddable":true,"href":"https:\/\/site.educa.madrid.org\/ies.satafi.getafe\/index.php\/wp-json\/wp\/v2\/pages\/3535"}],"wp:attachment":[{"href":"https:\/\/site.educa.madrid.org\/ies.satafi.getafe\/index.php\/wp-json\/wp\/v2\/media?parent=3545"}],"wp:term":[{"taxonomy":"folder","embeddable":true,"href":"https:\/\/site.educa.madrid.org\/ies.satafi.getafe\/index.php\/wp-json\/wp\/v2\/folder?post=3545"}],"curies":[{"name":"wp","href":"https:\/\/api.w.org\/{rel}","templated":true}]}}