{"id":3559,"date":"2023-07-06T12:22:34","date_gmt":"2023-07-06T10:22:34","guid":{"rendered":"https:\/\/site.educa.madrid.org\/ies.satafi.getafe\/?page_id=3559"},"modified":"2025-07-21T11:15:20","modified_gmt":"2025-07-21T09:15:20","slug":"admision-curso-de-especializacion-modalida-presencial","status":"publish","type":"page","link":"https:\/\/site.educa.madrid.org\/ies.satafi.getafe\/index.php\/secretaria\/admision-formacion-profesional\/admision-curso-de-especializacion-modalida-presencial\/","title":{"rendered":"Curso de Especializaci\u00f3n &#8211; PENDIENTE DE PUBLICACI\u00d3N"},"content":{"rendered":"\n<p class=\"has-text-color\" style=\"color:#03476e;font-size:35px\"><strong>CURSOS DE ESPECIALIZACI\u00d3N. CURSO 2025-2026. MODALIDAD PRESENCIAL. (ANUAL)<\/strong> <\/p>\n\n\n\n<div style=\"height:28px\" aria-hidden=\"true\" class=\"wp-block-spacer\"><\/div>\n\n\n<h3><span style=\"color: #333399;\">Listados definitivos de admitidos y no admitidos<\/span><\/h3>\n<h3 class=\"has-vivid-red-color has-text-color has-medium-font-size\"><strong><em>Los alumnos admitidos deber\u00e1n recoger el sobre de matr\u00edcula en la conserjer\u00eda del centro y realizar la matr\u00edcula los d\u00edas 22 y 23 de julio de 2025<\/em><\/strong><\/h3>\n<ul>\n<li><a href=\"https:\/\/site.educa.madrid.org\/ies.satafi.getafe\/\/wp-content\/uploads\/ies.satafi.getafe\/2025\/07\/Listado-Provisional-Ciberseguridad.pdf\">Ciberseguridad en entornos de las tecnolog\u00edas de la operaci\u00f3n<\/a><\/li>\n<li><a href=\"https:\/\/site.educa.madrid.org\/ies.satafi.getafe\/\/wp-content\/uploads\/ies.satafi.getafe\/2025\/07\/Listado-Provisional-1-Drones.pdf\">Aeronaves pilotadas de forma Remota-Drones<\/a><\/li>\n<\/ul>\n\n\n<div style=\"height:48px\" aria-hidden=\"true\" class=\"wp-block-spacer\"><\/div>\n\n\n\n<hr class=\"wp-block-separator has-alpha-channel-opacity\"\/>\n\n\n<h3><span style=\"color: #333399;\">Listados provisionales de solicitudes baremadas\u00a0<\/span><\/h3>\n<h3 class=\"has-vivid-red-color has-text-color has-medium-font-size\"><strong><em>Reclamaciones del 14, 15 y 16 de julio de 2025<\/em><\/strong><\/h3>\n<ul>\n<li><a href=\"https:\/\/site.educa.madrid.org\/ies.satafi.getafe\/\/wp-content\/uploads\/ies.satafi.getafe\/2025\/07\/Listado-Definitivo-CIBERSEGURIDAD.pdf\">Ciberseguridad en entornos de las tecnolog\u00edas de la operaci\u00f3n<\/a><strong><br \/><\/strong><\/li>\n<li><a href=\"https:\/\/site.educa.madrid.org\/ies.satafi.getafe\/\/wp-content\/uploads\/ies.satafi.getafe\/2025\/07\/Listado-Definitivo-DRONES.pdf\">Aeronaves pilotadas de forma Remota-Drones<\/a><\/li>\n<\/ul>\n\n\n<div style=\"height:54px\" aria-hidden=\"true\" class=\"wp-block-spacer\"><\/div>\n\n\n\n<hr class=\"wp-block-separator has-alpha-channel-opacity\"\/>\n\n\n<div\n\t\t\t\n\t\t\tclass=\"so-widget-sow-editor so-widget-sow-editor-base\"\n\t\t\t\n\t\t>\n<div class=\"siteorigin-widget-tinymce textwidget\">\n\t<ul>\n<li>PLAZO \u00daNICO DE ADMISI\u00d3N: Las solicitudes de admisi\u00f3n a los Cursos de Especializaci\u00f3n se presentar\u00e1n, de forma presencial en la secretar\u00eda del centro, desde el\u00a0<strong> 1 al 07 de julio<\/strong> de 2025, ambos inclusive.<\/li>\n<li><strong>PRESENTACI\u00d3N DE LA SOLICITUD.\u00a0<\/strong>\n<ul>\n<li>Se presentar\u00e1 de <strong>forma presencial<\/strong>, en la secretar\u00eda del centro, mediante la siguiente <a href=\"https:\/\/site.educa.madrid.org\/ies.satafi.getafe\/\/wp-content\/uploads\/ies.satafi.getafe\/2025\/07\/solicitud_cursos_de_especializacion_25_26.pdf\">solicitud<\/a>.<\/li>\n<li>Una vez debidamente cumplimentada la solicitud, se imprimir\u00e1 por duplicado, se firmar\u00e1 y se entregar\u00e1,junto con el resto de la documentaci\u00f3n que deba aportarse.<strong><br \/><\/strong><\/li>\n<\/ul>\n<\/li>\n<li><a href=\"https:\/\/site.educa.madrid.org\/ies.satafi.getafe\/\/wp-content\/uploads\/ies.satafi.getafe\/2025\/07\/instrucciones_curso_programa_especializacion_25_26_vf.pdf\">Instrucciones de admisi\u00f3n a los Cursos de Especializaci\u00f3n, curso 2025-2026<\/a>.<\/li>\n<li><a href=\"https:\/\/site.educa.madrid.org\/ies.satafi.getafe\/\/wp-content\/uploads\/ies.satafi.getafe\/2025\/07\/2025_27_06_26_calendario_admision_ce.pdf\">Calendario de actuaciones<\/a><\/li>\n<li>Oferta Formativa en nuestro centro\n<ul>\n<li>Curso de Especializaci\u00f3n en Mantenimiento de Aeronaves pilotadas de forma Remota-Drones (C\u00f3digo TMVES02)\n<ul>\n<li><a href=\"https:\/\/site.educa.madrid.org\/ies.satafi.getafe\/\/wp-content\/uploads\/ies.satafi.getafe\/2025\/07\/Ciclos-que-permiten-acceder-al-Curso-de-Especializacion-en-Aeronaves-pilotadas-de-Rorma-Remota-Drones.pdf\">Ciclos de Grado Superior que permiten acceder al curso<\/a><\/li>\n<\/ul>\n<\/li>\n<li>Curso de Especializaci\u00f3n en Ciberseguridad en Entornos de las Tecnolog\u00edas de Operaci\u00f3n (C\u00f3digo ELEES02)\n<ul>\n<li><a href=\"https:\/\/site.educa.madrid.org\/ies.satafi.getafe\/\/wp-content\/uploads\/ies.satafi.getafe\/2025\/07\/Ciclos-que-permiten-acceder-al-Curso-de-Especializacion-en-Ciberseguridad-en-Entornos-de-las-Tecnologias-de-Operacion.pdf\">Ciclos de Grado Superior que permiten acceder al curso<\/a><\/li>\n<\/ul>\n<\/li>\n<\/ul>\n<\/li>\n<li><a href=\"https:\/\/www.comunidad.madrid\/servicios\/educacion\/admision-formacion-profesional\">Informaci\u00f3n de la Comunidad de Madrid.<\/a><\/li>\n<\/ul>\n<\/div>\n<\/div>","protected":false},"excerpt":{"rendered":"<p>CURSOS DE ESPECIALIZACI\u00d3N. CURSO 2025-2026. MODALIDAD PRESENCIAL. (ANUAL) Listados definitivos de admitidos y no admitidos Los alumnos admitidos deber\u00e1n recoger el sobre de matr\u00edcula en la conserjer\u00eda del centro y realizar la matr\u00edcula los d\u00edas 22 y 23 de julio de 2025 Ciberseguridad en entornos de las tecnolog\u00edas de la operaci\u00f3n Aeronaves pilotadas de forma<\/p><\/div>\n<div class=\"blog-btn\"><a href=\"https:\/\/site.educa.madrid.org\/ies.satafi.getafe\/index.php\/secretaria\/admision-formacion-profesional\/admision-curso-de-especializacion-modalida-presencial\/\" class=\"home-blog-btn\">Leer m\u00e1s<\/a><\/p>\n","protected":false},"author":3,"featured_media":0,"parent":3535,"menu_order":0,"comment_status":"closed","ping_status":"closed","template":"","meta":{"footnotes":""},"folder":[68],"class_list":["post-3559","page","type-page","status-publish","hentry"],"rttpg_featured_image_url":null,"rttpg_author":{"display_name":"ies.satafi.getafe","author_link":"https:\/\/site.educa.madrid.org\/ies.satafi.getafe\/index.php\/author\/cuenta_ies-satafi-getafe\/"},"rttpg_comment":0,"rttpg_category":" <a href=\"https:\/\/site.educa.madrid.org\/ies.satafi.getafe\/?taxonomy=folder&#038;term=admision-1688545914-3\" rel=\"tag\">Admisi\u00f3n<\/a>","rttpg_excerpt":"CURSOS DE ESPECIALIZACI\u00d3N. CURSO 2025-2026. MODALIDAD PRESENCIAL. (ANUAL) Listados definitivos de admitidos y no admitidos Los alumnos admitidos deber\u00e1n recoger el sobre de matr\u00edcula en la conserjer\u00eda del centro y realizar la matr\u00edcula los d\u00edas 22 y 23 de julio de 2025 Ciberseguridad en entornos de las tecnolog\u00edas de la operaci\u00f3n Aeronaves pilotadas de formaLeer&hellip;","post_mailing_queue_ids":[],"_links":{"self":[{"href":"https:\/\/site.educa.madrid.org\/ies.satafi.getafe\/index.php\/wp-json\/wp\/v2\/pages\/3559","targetHints":{"allow":["GET"]}}],"collection":[{"href":"https:\/\/site.educa.madrid.org\/ies.satafi.getafe\/index.php\/wp-json\/wp\/v2\/pages"}],"about":[{"href":"https:\/\/site.educa.madrid.org\/ies.satafi.getafe\/index.php\/wp-json\/wp\/v2\/types\/page"}],"author":[{"embeddable":true,"href":"https:\/\/site.educa.madrid.org\/ies.satafi.getafe\/index.php\/wp-json\/wp\/v2\/users\/3"}],"replies":[{"embeddable":true,"href":"https:\/\/site.educa.madrid.org\/ies.satafi.getafe\/index.php\/wp-json\/wp\/v2\/comments?post=3559"}],"version-history":[{"count":50,"href":"https:\/\/site.educa.madrid.org\/ies.satafi.getafe\/index.php\/wp-json\/wp\/v2\/pages\/3559\/revisions"}],"predecessor-version":[{"id":9467,"href":"https:\/\/site.educa.madrid.org\/ies.satafi.getafe\/index.php\/wp-json\/wp\/v2\/pages\/3559\/revisions\/9467"}],"up":[{"embeddable":true,"href":"https:\/\/site.educa.madrid.org\/ies.satafi.getafe\/index.php\/wp-json\/wp\/v2\/pages\/3535"}],"wp:attachment":[{"href":"https:\/\/site.educa.madrid.org\/ies.satafi.getafe\/index.php\/wp-json\/wp\/v2\/media?parent=3559"}],"wp:term":[{"taxonomy":"folder","embeddable":true,"href":"https:\/\/site.educa.madrid.org\/ies.satafi.getafe\/index.php\/wp-json\/wp\/v2\/folder?post=3559"}],"curies":[{"name":"wp","href":"https:\/\/api.w.org\/{rel}","templated":true}]}}