{"id":4536,"date":"2024-01-30T10:25:39","date_gmt":"2024-01-30T09:25:39","guid":{"rendered":"https:\/\/site.educa.madrid.org\/ies.satafi.getafe\/?page_id=4536"},"modified":"2025-11-14T19:59:07","modified_gmt":"2025-11-14T18:59:07","slug":"titulacion-y-resultados","status":"publish","type":"page","link":"https:\/\/site.educa.madrid.org\/ies.satafi.getafe\/index.php\/contacto\/titulacion-y-resultados\/","title":{"rendered":"Promoci\u00f3n y Resultados"},"content":{"rendered":"\n<h2 class=\"wp-block-heading has-vivid-red-color has-text-color\">Promoci\u00f3n y titulaci\u00f3n en nuestro Centro<\/h2>\n\n\n<div class=\"wp-block-image\">\n<figure class=\"aligncenter size-full is-resized\"><img loading=\"lazy\" decoding=\"async\" width=\"742\" height=\"337\" src=\"https:\/\/site.educa.madrid.org\/ies.satafi.getafe\/\/wp-content\/uploads\/ies.satafi.getafe\/2025\/11\/Promocion-y-titulacion-curso-2025_26.jpg\" alt=\"\" class=\"wp-image-10080\" style=\"aspect-ratio:1.25;width:586px;height:auto\" srcset=\"https:\/\/site.educa.madrid.org\/ies.satafi.getafe\/\/wp-content\/uploads\/ies.satafi.getafe\/2025\/11\/Promocion-y-titulacion-curso-2025_26.jpg 742w, https:\/\/site.educa.madrid.org\/ies.satafi.getafe\/\/wp-content\/uploads\/ies.satafi.getafe\/2025\/11\/Promocion-y-titulacion-curso-2025_26-300x136.jpg 300w\" sizes=\"auto, (max-width: 742px) 100vw, 742px\" \/><\/figure>\n<\/div>\n\n\n<p class=\"has-text-align-left has-black-color has-pale-cyan-blue-background-color has-text-color has-background has-small-font-size\">En la tabla se recogen los porcentajes de promoci\u00f3n al curso siguiente (fondo blanco) y, en su caso, de titulaci\u00f3n o de \u00e9xito en la prueba de acceso a la Universidad (fondo azul), registrados en el curso anterior tras las evaluaciones finales. Tambi\u00e9n se dan los datos de los \u00faltimos cuatro cursos.<\/p>\n\n\n\n<div style=\"height:40px\" aria-hidden=\"true\" class=\"wp-block-spacer\"><\/div>\n\n\n\n<h2 class=\"wp-block-heading has-text-align-left has-vivid-red-color has-text-color\">Porcentaje de aprobados en la prueba censal de 2\u00ba y 4\u00ba ESO<\/h2>\n\n\n<div class=\"wp-block-image\">\n<figure class=\"aligncenter size-full is-resized\"><img loading=\"lazy\" decoding=\"async\" width=\"466\" height=\"164\" src=\"https:\/\/site.educa.madrid.org\/ies.satafi.getafe\/\/wp-content\/uploads\/ies.satafi.getafe\/2025\/11\/Porcentaje-aprobados-prueba-censal-24_25.jpg\" alt=\"\" class=\"wp-image-10082\" style=\"aspect-ratio:1.75;width:480px;height:auto\" srcset=\"https:\/\/site.educa.madrid.org\/ies.satafi.getafe\/\/wp-content\/uploads\/ies.satafi.getafe\/2025\/11\/Porcentaje-aprobados-prueba-censal-24_25.jpg 466w, https:\/\/site.educa.madrid.org\/ies.satafi.getafe\/\/wp-content\/uploads\/ies.satafi.getafe\/2025\/11\/Porcentaje-aprobados-prueba-censal-24_25-300x106.jpg 300w\" sizes=\"auto, (max-width: 466px) 100vw, 466px\" \/><\/figure>\n<\/div>\n\n\n<div style=\"height:80px\" aria-hidden=\"true\" class=\"wp-block-spacer\"><\/div>\n\n\n\n<figure class=\"wp-block-image size-large\"><a href=\"https:\/\/www.comunidad.madrid\/servicios\/educacion\/competiciones-formacion-profesional\"><img loading=\"lazy\" decoding=\"async\" width=\"1024\" height=\"204\" src=\"https:\/\/site.educa.madrid.org\/ies.satafi.getafe\/\/wp-content\/uploads\/ies.satafi.getafe\/2024\/01\/madridskills_400x200px-1024x204.png\" alt=\"\" class=\"wp-image-4541\" srcset=\"https:\/\/site.educa.madrid.org\/ies.satafi.getafe\/\/wp-content\/uploads\/ies.satafi.getafe\/2024\/01\/madridskills_400x200px-1024x204.png 1024w, https:\/\/site.educa.madrid.org\/ies.satafi.getafe\/\/wp-content\/uploads\/ies.satafi.getafe\/2024\/01\/madridskills_400x200px-300x60.png 300w, https:\/\/site.educa.madrid.org\/ies.satafi.getafe\/\/wp-content\/uploads\/ies.satafi.getafe\/2024\/01\/madridskills_400x200px-768x153.png 768w, https:\/\/site.educa.madrid.org\/ies.satafi.getafe\/\/wp-content\/uploads\/ies.satafi.getafe\/2024\/01\/madridskills_400x200px.png 1063w\" sizes=\"auto, (max-width: 1024px) 100vw, 1024px\" \/><\/a><\/figure>\n\n\n\n<p class=\"has-luminous-vivid-orange-color has-text-color\"><strong>Edici\u00f3n de 2023<\/strong><\/p>\n\n\n\n<ul class=\"wp-block-list\">\n<li>Campeones en la Modalidad de <em>Control Industrial<\/em>. Nuestros alumnos representar\u00e1n a la Comunidad de Madrid en la competici\u00f3n estatal de SpainSkills 2024.<\/li>\n\n\n\n<li>Campeones en la Modalidad de <em>Instalaciones El\u00e9ctricas<\/em>. Nuestro alumno representar\u00e1 a la Comunidad de Madrid en la competici\u00f3n estatal de SpainSkills 2024.<\/li>\n\n\n\n<li>Subcampeones en la Modalidad de <em>Electr\u00f3nica<\/em>.<\/li>\n\n\n\n<li>Participaci\u00f3n en la Modalidad <em>TIC Administraci\u00f3n de sistemas en red.<\/em><\/li>\n<\/ul>\n\n\n\n<p class=\"has-luminous-vivid-orange-color has-text-color\"><strong>Edici\u00f3n de 2020<\/strong><\/p>\n\n\n\n<ul class=\"wp-block-list\">\n<li>Campeones en la Modalidad de <em>Instalaciones El\u00e9ctricas<\/em>. Nuestro alumno represent\u00f3 a la Comunidad de Madrid en la competici\u00f3n estatal de SpainSkills 2022.<\/li>\n\n\n\n<li>Participaci\u00f3n en la Modalidad de <em>Electr\u00f3nica<\/em>.<\/li>\n<\/ul>\n\n\n\n<p class=\"has-luminous-vivid-orange-color has-text-color\"><strong>Edici\u00f3n de 2018<\/strong><\/p>\n\n\n\n<ul class=\"wp-block-list\">\n<li>Participaci\u00f3n en la Modalidad de <em>Instalaciones El\u00e9ctricas<\/em>.<\/li>\n\n\n\n<li>Participaci\u00f3n en la Modalidad de <em>Electr\u00f3nica<\/em>.<\/li>\n<\/ul>\n","protected":false},"excerpt":{"rendered":"<p>Promoci\u00f3n y titulaci\u00f3n en nuestro Centro En la tabla se recogen los porcentajes de promoci\u00f3n al curso siguiente (fondo blanco) y, en su caso, de titulaci\u00f3n o de \u00e9xito en la prueba de acceso a la Universidad (fondo azul), registrados en el curso anterior tras las evaluaciones finales. Tambi\u00e9n se dan los datos de los<\/p><\/div>\n<div class=\"blog-btn\"><a href=\"https:\/\/site.educa.madrid.org\/ies.satafi.getafe\/index.php\/contacto\/titulacion-y-resultados\/\" class=\"home-blog-btn\">Leer m\u00e1s<\/a><\/p>\n","protected":false},"author":6,"featured_media":0,"parent":675,"menu_order":0,"comment_status":"closed","ping_status":"closed","template":"","meta":{"footnotes":""},"folder":[],"class_list":["post-4536","page","type-page","status-publish","hentry"],"rttpg_featured_image_url":null,"rttpg_author":{"display_name":"Arturo D\u00edaz G\u00f3mez","author_link":"https:\/\/site.educa.madrid.org\/ies.satafi.getafe\/index.php\/author\/arturo_daz-gmez\/"},"rttpg_comment":0,"rttpg_category":false,"rttpg_excerpt":"Promoci\u00f3n y titulaci\u00f3n en nuestro Centro En la tabla se recogen los porcentajes de promoci\u00f3n al curso siguiente (fondo blanco) y, en su caso, de titulaci\u00f3n o de \u00e9xito en la prueba de acceso a la Universidad (fondo azul), registrados en el curso anterior tras las evaluaciones finales. Tambi\u00e9n se dan los datos de losLeer&hellip;","post_mailing_queue_ids":[],"_links":{"self":[{"href":"https:\/\/site.educa.madrid.org\/ies.satafi.getafe\/index.php\/wp-json\/wp\/v2\/pages\/4536","targetHints":{"allow":["GET"]}}],"collection":[{"href":"https:\/\/site.educa.madrid.org\/ies.satafi.getafe\/index.php\/wp-json\/wp\/v2\/pages"}],"about":[{"href":"https:\/\/site.educa.madrid.org\/ies.satafi.getafe\/index.php\/wp-json\/wp\/v2\/types\/page"}],"author":[{"embeddable":true,"href":"https:\/\/site.educa.madrid.org\/ies.satafi.getafe\/index.php\/wp-json\/wp\/v2\/users\/6"}],"replies":[{"embeddable":true,"href":"https:\/\/site.educa.madrid.org\/ies.satafi.getafe\/index.php\/wp-json\/wp\/v2\/comments?post=4536"}],"version-history":[{"count":10,"href":"https:\/\/site.educa.madrid.org\/ies.satafi.getafe\/index.php\/wp-json\/wp\/v2\/pages\/4536\/revisions"}],"predecessor-version":[{"id":10083,"href":"https:\/\/site.educa.madrid.org\/ies.satafi.getafe\/index.php\/wp-json\/wp\/v2\/pages\/4536\/revisions\/10083"}],"up":[{"embeddable":true,"href":"https:\/\/site.educa.madrid.org\/ies.satafi.getafe\/index.php\/wp-json\/wp\/v2\/pages\/675"}],"wp:attachment":[{"href":"https:\/\/site.educa.madrid.org\/ies.satafi.getafe\/index.php\/wp-json\/wp\/v2\/media?parent=4536"}],"wp:term":[{"taxonomy":"folder","embeddable":true,"href":"https:\/\/site.educa.madrid.org\/ies.satafi.getafe\/index.php\/wp-json\/wp\/v2\/folder?post=4536"}],"curies":[{"name":"wp","href":"https:\/\/api.w.org\/{rel}","templated":true}]}}