{"id":4917,"date":"2024-03-19T08:33:50","date_gmt":"2024-03-19T07:33:50","guid":{"rendered":"https:\/\/site.educa.madrid.org\/ies.satafi.getafe\/?page_id=4917"},"modified":"2025-02-04T14:38:48","modified_gmt":"2025-02-04T13:38:48","slug":"situaciones-en-la-adolescencia","status":"publish","type":"page","link":"https:\/\/site.educa.madrid.org\/ies.satafi.getafe\/index.php\/familias\/situaciones-en-la-adolescencia\/","title":{"rendered":"Situaciones en la adolescencia"},"content":{"rendered":"<p>En esta pagina encontraremos las diferentes gu\u00edas donde consultar cualquier tema sobre la adolescencia y su relaci\u00f3n con las familias.<\/p>\n\n\n<div style=\"height:30px\" aria-hidden=\"true\" class=\"wp-block-spacer\"><\/div>\n\n\n<h2><span style=\"color: #ff0000;\"><strong>Programa de atenci\u00f3n a adolescentes v\u00edctimas de violencia de g\u00e9nero<\/strong><\/span><\/h2>\n<p><span style=\"font-size: revert; color: initial;\">La violencia de g\u00e9nero es un problema social que afecta a todos los sectores de la sociedad, incluida la poblaci\u00f3n adolescente. No se inicia normalmente con agresiones f\u00edsicas sino con comportamientos de dominio y abuso, sin que, en muchas ocasiones, se tenga conciencia en ese momento de estar sufriendo dicha violencia.<\/span><\/p>\n<div class=\"panel-pane pane-entity-field pane-node-body\">\n<div class=\"pane-content\">\n<div class=\"field field-name-body field-type-text-with-summary field-label-hidden\">\n<div class=\"field-items\">\n<div class=\"field-item even\">\n<p>Ayudar a las adolescentes y a sus familias a identificar situaciones de maltrato y ponerles freno es uno de los objetivos prioritarios de la Comunidad de Madrid en su lucha contra la violencia de g\u00e9nero y la promoci\u00f3n de relaciones sanas, basadas en el respeto mutuo.<\/p>\n<p>Por este motivo, la Comunidad de Madrid pone a disposici\u00f3n de las j\u00f3venes y sus familias un servicio de atenci\u00f3n integral especializada. Se ofrece\u00a0<strong>atenci\u00f3n psicol\u00f3gica, educativa, social y orientaci\u00f3n jur\u00eddica\u00a0<\/strong>seg\u00fan las necesidades planteadas.<\/p>\n<p>Si eres joven, madre o padre de una adolescente, amiga o amigo, o profesional de cualquier \u00e1mbito relacionado con j\u00f3venes y conoces alguna situaci\u00f3n de violencia de g\u00e9nero,\u00a0<strong>no lo dudes, el cambio es posible y el mejor camino, la prevenci\u00f3n.<\/strong><\/p>\n<p>Para mas informaci\u00f3n pulsar <strong><a href=\"https:\/\/www.comunidad.madrid\/servicios\/asuntos-sociales\/no-te-cortes#\"><span style=\"color: #ff0000;\">Aqu\u00ed<\/span><\/a><\/strong><\/p>\n<\/div>\n<\/div>\n<\/div>\n<\/div>\n<\/div>\n\n\n<div style=\"height:30px\" aria-hidden=\"true\" class=\"wp-block-spacer\"><\/div>\n\n\n\n<div class=\"wp-block-columns is-layout-flex wp-container-core-columns-is-layout-9d6595d7 wp-block-columns-is-layout-flex\">\n<div class=\"wp-block-column is-layout-flow wp-block-column-is-layout-flow\">\n<div data-wp-interactive=\"core\/file\" class=\"wp-block-file aligncenter\"><object data-wp-bind--hidden=\"!state.hasPdfPreview\" hidden class=\"wp-block-file__embed\" data=\"https:\/\/site.educa.madrid.org\/ies.satafi.getafe\/\/wp-content\/uploads\/ies.satafi.getafe\/2025\/02\/BVCM013957.pdf\" type=\"application\/pdf\" style=\"width:100%;height:440px\" aria-label=\"Incrustado de BVCM013957.\"><\/object><a id=\"wp-block-file--media-6b3e432b-7991-422f-9406-3af5efb3c008\" href=\"https:\/\/site.educa.madrid.org\/ies.satafi.getafe\/\/wp-content\/uploads\/ies.satafi.getafe\/2025\/02\/BVCM013957.pdf\">BVCM013957<\/a><\/div>\n<\/div>\n\n\n\n<div class=\"wp-block-column is-layout-flow wp-block-column-is-layout-flow\">\n<div data-wp-interactive=\"core\/file\" class=\"wp-block-file aligncenter\"><object data-wp-bind--hidden=\"!state.hasPdfPreview\" hidden class=\"wp-block-file__embed\" data=\"https:\/\/site.educa.madrid.org\/ies.satafi.getafe\/\/wp-content\/uploads\/ies.satafi.getafe\/2025\/02\/No-te-cortes.pdf\" type=\"application\/pdf\" style=\"width:100%;height:450px\" aria-label=\"Incrustado de El amor no es dolor.\"><\/object><a id=\"wp-block-file--media-6e3b939b-dab3-4843-aea0-75dd514b8135\" href=\"https:\/\/site.educa.madrid.org\/ies.satafi.getafe\/\/wp-content\/uploads\/ies.satafi.getafe\/2025\/02\/No-te-cortes.pdf\">El amor no es dolor<\/a><\/div>\n<\/div>\n<\/div>\n\n\n\n<div style=\"height:30px\" aria-hidden=\"true\" class=\"wp-block-spacer\"><\/div>\n\n\n<h3><em><span style=\"color: #ff0000;\"><strong>PLAN PREVENCI\u00d3N DEL RIESGO DE CONSUMO DE SUSTANCIAS ADICTIVAS (ALCOHOL, DROGAS, TABACO, F\u00c1RMACOS) POR LOS ALUMNOS DE LOS CENTROS EDUCATIVOS NO UNIVERSITARIOS<\/strong><\/span><\/em><\/h3>\n<p>El consumo de drogas es un problema con repercusiones tanto en la persona que las consume como en la sociedad. El gobierno regional afronta el desaf\u00edo de realizar una labor de car\u00e1cter social y preventivo con la finalidad de eliminar o modificar los factores de riesgo y fomentar factores de protecci\u00f3n frente al consumo de drogas. Es por ello que, desde la Consejer\u00eda competente en materia de Educaci\u00f3n de la Comunidad de Madrid se ha visto la necesidad de liderar actuaciones unificadas y coordinadas para frenar y erradicar actitudes en relaci\u00f3n con el consumo de drogas.<\/p>\n<p>Para mas informaci\u00f3n pulsar <a href=\"https:\/\/www.educa2.madrid.org\/web\/convivencia\/material-adicciones-con-sustancias\"><strong><span style=\"color: #ff0000;\">Aqu\u00ed<\/span><\/strong><\/a><\/p>\n\n\n<div style=\"height:30px\" aria-hidden=\"true\" class=\"wp-block-spacer\"><\/div>\n\n\n\n<div class=\"wp-block-columns is-layout-flex wp-container-core-columns-is-layout-9d6595d7 wp-block-columns-is-layout-flex\">\n<div class=\"wp-block-column is-layout-flow wp-block-column-is-layout-flow\"><div class=\"wp-block-image\">\n<figure class=\"aligncenter size-large is-resized\"><img loading=\"lazy\" decoding=\"async\" width=\"718\" height=\"1024\" src=\"https:\/\/site.educa.madrid.org\/ies.satafi.getafe\/\/wp-content\/uploads\/ies.satafi.getafe\/2025\/02\/CARTEL-DROGAS-CENTROS-718x1024.jpg\" alt=\"\" class=\"wp-image-7347\" style=\"width:419px;height:auto\" srcset=\"https:\/\/site.educa.madrid.org\/ies.satafi.getafe\/\/wp-content\/uploads\/ies.satafi.getafe\/2025\/02\/CARTEL-DROGAS-CENTROS-718x1024.jpg 718w, https:\/\/site.educa.madrid.org\/ies.satafi.getafe\/\/wp-content\/uploads\/ies.satafi.getafe\/2025\/02\/CARTEL-DROGAS-CENTROS-210x300.jpg 210w, https:\/\/site.educa.madrid.org\/ies.satafi.getafe\/\/wp-content\/uploads\/ies.satafi.getafe\/2025\/02\/CARTEL-DROGAS-CENTROS-768x1095.jpg 768w, https:\/\/site.educa.madrid.org\/ies.satafi.getafe\/\/wp-content\/uploads\/ies.satafi.getafe\/2025\/02\/CARTEL-DROGAS-CENTROS-1077x1536.jpg 1077w, https:\/\/site.educa.madrid.org\/ies.satafi.getafe\/\/wp-content\/uploads\/ies.satafi.getafe\/2025\/02\/CARTEL-DROGAS-CENTROS.jpg 1122w\" sizes=\"auto, (max-width: 718px) 100vw, 718px\" \/><\/figure>\n<\/div><\/div>\n\n\n\n<div class=\"wp-block-column is-layout-flow wp-block-column-is-layout-flow\">\n<div data-wp-interactive=\"core\/file\" class=\"wp-block-file aligncenter\"><object data-wp-bind--hidden=\"!state.hasPdfPreview\" hidden class=\"wp-block-file__embed\" data=\"https:\/\/site.educa.madrid.org\/ies.satafi.getafe\/\/wp-content\/uploads\/ies.satafi.getafe\/2025\/02\/QR_Buzon.pdf\" type=\"application\/pdf\" style=\"width:100%;height:590px\" aria-label=\"Incrustado de QR_Buzon.\"><\/object><a id=\"wp-block-file--media-414a4697-0b25-4d35-b215-f8e3c244c5dd\" href=\"https:\/\/site.educa.madrid.org\/ies.satafi.getafe\/\/wp-content\/uploads\/ies.satafi.getafe\/2025\/02\/QR_Buzon.pdf\">QR_Buzon<\/a><\/div>\n<\/div>\n<\/div>\n","protected":false},"excerpt":{"rendered":"<p>En esta pagina encontraremos las diferentes gu\u00edas donde consultar cualquier tema sobre la adolescencia y su relaci\u00f3n con las familias. Programa de atenci\u00f3n a adolescentes v\u00edctimas de violencia de g\u00e9nero La violencia de g\u00e9nero es un problema social que afecta a todos los sectores de la sociedad, incluida la poblaci\u00f3n adolescente. No se inicia normalmente<\/p><\/div>\n<div class=\"blog-btn\"><a href=\"https:\/\/site.educa.madrid.org\/ies.satafi.getafe\/index.php\/familias\/situaciones-en-la-adolescencia\/\" class=\"home-blog-btn\">Leer m\u00e1s<\/a><\/p>\n","protected":false},"author":6,"featured_media":0,"parent":2531,"menu_order":4,"comment_status":"closed","ping_status":"closed","template":"","meta":{"footnotes":""},"folder":[],"class_list":["post-4917","page","type-page","status-publish","hentry"],"rttpg_featured_image_url":null,"rttpg_author":{"display_name":"Arturo D\u00edaz G\u00f3mez","author_link":"https:\/\/site.educa.madrid.org\/ies.satafi.getafe\/index.php\/author\/arturo_daz-gmez\/"},"rttpg_comment":0,"rttpg_category":false,"rttpg_excerpt":"En esta pagina encontraremos las diferentes gu\u00edas donde consultar cualquier tema sobre la adolescencia y su relaci\u00f3n con las familias. Programa de atenci\u00f3n a adolescentes v\u00edctimas de violencia de g\u00e9nero La violencia de g\u00e9nero es un problema social que afecta a todos los sectores de la sociedad, incluida la poblaci\u00f3n adolescente. No se inicia normalmenteLeer&hellip;","post_mailing_queue_ids":[],"_links":{"self":[{"href":"https:\/\/site.educa.madrid.org\/ies.satafi.getafe\/index.php\/wp-json\/wp\/v2\/pages\/4917","targetHints":{"allow":["GET"]}}],"collection":[{"href":"https:\/\/site.educa.madrid.org\/ies.satafi.getafe\/index.php\/wp-json\/wp\/v2\/pages"}],"about":[{"href":"https:\/\/site.educa.madrid.org\/ies.satafi.getafe\/index.php\/wp-json\/wp\/v2\/types\/page"}],"author":[{"embeddable":true,"href":"https:\/\/site.educa.madrid.org\/ies.satafi.getafe\/index.php\/wp-json\/wp\/v2\/users\/6"}],"replies":[{"embeddable":true,"href":"https:\/\/site.educa.madrid.org\/ies.satafi.getafe\/index.php\/wp-json\/wp\/v2\/comments?post=4917"}],"version-history":[{"count":9,"href":"https:\/\/site.educa.madrid.org\/ies.satafi.getafe\/index.php\/wp-json\/wp\/v2\/pages\/4917\/revisions"}],"predecessor-version":[{"id":7359,"href":"https:\/\/site.educa.madrid.org\/ies.satafi.getafe\/index.php\/wp-json\/wp\/v2\/pages\/4917\/revisions\/7359"}],"up":[{"embeddable":true,"href":"https:\/\/site.educa.madrid.org\/ies.satafi.getafe\/index.php\/wp-json\/wp\/v2\/pages\/2531"}],"wp:attachment":[{"href":"https:\/\/site.educa.madrid.org\/ies.satafi.getafe\/index.php\/wp-json\/wp\/v2\/media?parent=4917"}],"wp:term":[{"taxonomy":"folder","embeddable":true,"href":"https:\/\/site.educa.madrid.org\/ies.satafi.getafe\/index.php\/wp-json\/wp\/v2\/folder?post=4917"}],"curies":[{"name":"wp","href":"https:\/\/api.w.org\/{rel}","templated":true}]}}