{"id":4998,"date":"2024-04-08T09:32:58","date_gmt":"2024-04-08T07:32:58","guid":{"rendered":"https:\/\/site.educa.madrid.org\/ies.satafi.getafe\/?page_id=4998"},"modified":"2024-07-02T16:19:10","modified_gmt":"2024-07-02T14:19:10","slug":"seguridad-web-para-las-familias","status":"publish","type":"page","link":"https:\/\/site.educa.madrid.org\/ies.satafi.getafe\/index.php\/familias\/seguridad-web-para-las-familias\/","title":{"rendered":"Seguridad web para las familias"},"content":{"rendered":"<p>En esta p\u00e1gina se publican las p\u00e1ginas web y las actuaciones de seguridad en internet, que afectan a nuestros alumnos y sus familias.<\/p>\n\n\n<p class=\"has-vivid-red-color has-text-color has-link-color has-large-font-size wp-elements-cee87205ab3ab0e94311af9a5396e018\" style=\"font-style:italic;font-weight:700;text-decoration:underline\"><strong>Competencia Digital para familias en el IES Satafi<\/strong><\/p>\n\n\n\n<div style=\"height:51px\" aria-hidden=\"true\" class=\"wp-block-spacer\"><\/div>\n\n\n\n<div data-wp-interactive=\"core\/file\" class=\"wp-block-file aligncenter\"><object data-wp-bind--hidden=\"!state.hasPdfPreview\" hidden class=\"wp-block-file__embed\" data=\"https:\/\/site.educa.madrid.org\/ies.satafi.getafe\/\/wp-content\/uploads\/ies.satafi.getafe\/2024\/07\/Formacion-a-familias.pdf\" type=\"application\/pdf\" style=\"width:100%;height:530px\" aria-label=\"Incrustado de Formaci\u00f3n a familias.\"><\/object><a id=\"wp-block-file--media-8e272c41-1800-4c79-92cd-40cfb1efdb48\" href=\"https:\/\/site.educa.madrid.org\/ies.satafi.getafe\/\/wp-content\/uploads\/ies.satafi.getafe\/2024\/07\/Formacion-a-familias.pdf\">Formaci\u00f3n a familias<\/a><a href=\"https:\/\/site.educa.madrid.org\/ies.satafi.getafe\/\/wp-content\/uploads\/ies.satafi.getafe\/2024\/07\/Formacion-a-familias.pdf\" class=\"wp-block-file__button wp-element-button\" download aria-describedby=\"wp-block-file--media-8e272c41-1800-4c79-92cd-40cfb1efdb48\">Descarga<\/a><\/div>\n\n\n\n<div style=\"height:51px\" aria-hidden=\"true\" class=\"wp-block-spacer\"><\/div>\n\n\n\n<p class=\"has-vivid-red-color has-text-color has-link-color has-large-font-size wp-elements-8d0fd580ec63f9f49f3ba0a47183afac\" style=\"font-style:italic;font-weight:700;text-decoration:underline\"><strong>Webs de inter\u00e9s para las familias<\/strong><\/p>\n\n\n\n<div style=\"height:51px\" aria-hidden=\"true\" class=\"wp-block-spacer\"><\/div>\n\n\n\n<div class=\"wp-block-columns is-layout-flex wp-container-core-columns-is-layout-9d6595d7 wp-block-columns-is-layout-flex\">\n<div class=\"wp-block-column is-layout-flow wp-block-column-is-layout-flow\"><div class=\"wp-block-image\">\n<figure class=\"aligncenter size-full is-resized\"><a href=\"https:\/\/www.incibe.es\/incibe\"><img loading=\"lazy\" decoding=\"async\" width=\"446\" height=\"113\" src=\"https:\/\/site.educa.madrid.org\/ies.satafi.getafe\/\/wp-content\/uploads\/ies.satafi.getafe\/2024\/07\/incibe-imagen.png\" alt=\"\" class=\"wp-image-5938\" style=\"width:217px;height:auto\" srcset=\"https:\/\/site.educa.madrid.org\/ies.satafi.getafe\/\/wp-content\/uploads\/ies.satafi.getafe\/2024\/07\/incibe-imagen.png 446w, https:\/\/site.educa.madrid.org\/ies.satafi.getafe\/\/wp-content\/uploads\/ies.satafi.getafe\/2024\/07\/incibe-imagen-300x76.png 300w\" sizes=\"auto, (max-width: 446px) 100vw, 446px\" \/><\/a><\/figure>\n<\/div>\n\n\n<p class=\"has-text-align-center\">Accede <a href=\"https:\/\/www.youtube.com\/@INCIBE\/featured\">aqu\u00ed<\/a> al Canal INCIBE en YouTube<\/p>\n<\/div>\n\n\n\n<div class=\"wp-block-column is-layout-flow wp-block-column-is-layout-flow\"><div class=\"wp-block-image\">\n<figure class=\"aligncenter size-large is-resized\"><a href=\"https:\/\/www.incibe.es\/menores\"><img loading=\"lazy\" decoding=\"async\" width=\"1024\" height=\"278\" src=\"https:\/\/site.educa.madrid.org\/ies.satafi.getafe\/\/wp-content\/uploads\/ies.satafi.getafe\/2024\/07\/logo_IS4K-1024x278.png\" alt=\"\" class=\"wp-image-5939\" style=\"width:199px;height:auto\" srcset=\"https:\/\/site.educa.madrid.org\/ies.satafi.getafe\/\/wp-content\/uploads\/ies.satafi.getafe\/2024\/07\/logo_IS4K-1024x278.png 1024w, https:\/\/site.educa.madrid.org\/ies.satafi.getafe\/\/wp-content\/uploads\/ies.satafi.getafe\/2024\/07\/logo_IS4K-300x82.png 300w, https:\/\/site.educa.madrid.org\/ies.satafi.getafe\/\/wp-content\/uploads\/ies.satafi.getafe\/2024\/07\/logo_IS4K-768x209.png 768w, https:\/\/site.educa.madrid.org\/ies.satafi.getafe\/\/wp-content\/uploads\/ies.satafi.getafe\/2024\/07\/logo_IS4K-1536x417.png 1536w, https:\/\/site.educa.madrid.org\/ies.satafi.getafe\/\/wp-content\/uploads\/ies.satafi.getafe\/2024\/07\/logo_IS4K-2048x556.png 2048w\" sizes=\"auto, (max-width: 1024px) 100vw, 1024px\" \/><\/a><\/figure>\n<\/div>\n\n\n<p class=\"has-text-align-center\">Accede <a href=\"https:\/\/www.youtube.com\/@InternetSeguraforKids\/featured\">aqu\u00ed<\/a> al Canal IS4K en    YouTube<\/p>\n<\/div>\n\n\n\n<div class=\"wp-block-column is-layout-flow wp-block-column-is-layout-flow\"><div class=\"wp-block-image\">\n<figure class=\"aligncenter size-full is-resized\"><a href=\"https:\/\/www.incibe.es\/ciudadania\/\"><img loading=\"lazy\" decoding=\"async\" width=\"149\" height=\"45\" src=\"https:\/\/site.educa.madrid.org\/ies.satafi.getafe\/\/wp-content\/uploads\/ies.satafi.getafe\/2024\/07\/osi-imagen.png\" alt=\"\" class=\"wp-image-5940\" style=\"width:189px;height:auto\"\/><\/a><\/figure>\n<\/div>\n\n\n<p class=\"has-text-align-center\">Accede <a href=\"https:\/\/www.youtube.com\/@OSIseguridad\">aqu\u00ed<\/a> al Canal OSI en YouTube<\/p>\n<\/div>\n<\/div>\n\n\n\n<div class=\"wp-block-columns is-layout-flex wp-container-core-columns-is-layout-9d6595d7 wp-block-columns-is-layout-flex\">\n<div class=\"wp-block-column is-layout-flow wp-block-column-is-layout-flow\"><div class=\"wp-block-image\">\n<figure class=\"aligncenter size-full is-resized\"><a href=\"https:\/\/www.aepd.es\/\"><img loading=\"lazy\" decoding=\"async\" width=\"786\" height=\"356\" src=\"https:\/\/site.educa.madrid.org\/ies.satafi.getafe\/\/wp-content\/uploads\/ies.satafi.getafe\/2024\/07\/aepd-imagen.png\" alt=\"\" class=\"wp-image-5949\" style=\"width:177px;height:auto\" srcset=\"https:\/\/site.educa.madrid.org\/ies.satafi.getafe\/\/wp-content\/uploads\/ies.satafi.getafe\/2024\/07\/aepd-imagen.png 786w, https:\/\/site.educa.madrid.org\/ies.satafi.getafe\/\/wp-content\/uploads\/ies.satafi.getafe\/2024\/07\/aepd-imagen-300x136.png 300w, https:\/\/site.educa.madrid.org\/ies.satafi.getafe\/\/wp-content\/uploads\/ies.satafi.getafe\/2024\/07\/aepd-imagen-768x348.png 768w\" sizes=\"auto, (max-width: 786px) 100vw, 786px\" \/><\/a><\/figure>\n<\/div>\n\n\n<p class=\"has-text-align-center\">Accede <a href=\"https:\/\/www.youtube.com\/user\/desdelaAEPD\">aqu\u00ed<\/a> al Canal AEPD en YouTube<\/p>\n<\/div>\n\n\n\n<div class=\"wp-block-column is-layout-flow wp-block-column-is-layout-flow\"><div class=\"wp-block-image\">\n<figure class=\"aligncenter size-full is-resized\"><a href=\"https:\/\/dpd.educa2.madrid.org\/\"><img loading=\"lazy\" decoding=\"async\" width=\"700\" height=\"205\" src=\"https:\/\/site.educa.madrid.org\/ies.satafi.getafe\/\/wp-content\/uploads\/ies.satafi.getafe\/2024\/07\/dpdatos-imagen.png\" alt=\"\" class=\"wp-image-5954\" style=\"width:239px;height:auto\" srcset=\"https:\/\/site.educa.madrid.org\/ies.satafi.getafe\/\/wp-content\/uploads\/ies.satafi.getafe\/2024\/07\/dpdatos-imagen.png 700w, https:\/\/site.educa.madrid.org\/ies.satafi.getafe\/\/wp-content\/uploads\/ies.satafi.getafe\/2024\/07\/dpdatos-imagen-300x88.png 300w\" sizes=\"auto, (max-width: 700px) 100vw, 700px\" \/><\/a><\/figure>\n<\/div>\n\n\n<p class=\"has-text-align-center\"><\/p>\n<\/div>\n\n\n\n<div class=\"wp-block-column is-layout-flow wp-block-column-is-layout-flow\"><div class=\"wp-block-image\">\n<figure class=\"aligncenter size-full is-resized\"><a href=\"https:\/\/www.pantallasamigas.net\/\"><img loading=\"lazy\" decoding=\"async\" width=\"294\" height=\"171\" src=\"https:\/\/site.educa.madrid.org\/ies.satafi.getafe\/\/wp-content\/uploads\/ies.satafi.getafe\/2024\/07\/pantallas-amigas-imagen.png\" alt=\"\" class=\"wp-image-5956\" style=\"width:144px;height:auto\"\/><\/a><\/figure>\n<\/div>\n\n\n<p class=\"has-text-align-center\">Accede <a href=\"https:\/\/www.youtube.com\/user\/pantallasamigas\">aqu\u00ed<\/a> al Canal Pantallas Amigas en YouTube<\/p>\n<\/div>\n<\/div>\n\n\n\n<div style=\"height:35px\" aria-hidden=\"true\" class=\"wp-block-spacer\"><\/div>\n\n\n\n<p class=\"has-vivid-red-color has-text-color has-link-color has-large-font-size wp-elements-18f60e92a27aee5e848dda6ab1262b92\" style=\"font-style:italic;font-weight:700;text-decoration:underline\"><strong>Gu\u00edas de consulta<\/strong><\/p>\n\n\n\n<div style=\"height:35px\" aria-hidden=\"true\" class=\"wp-block-spacer\"><\/div>\n\n\n\n<div class=\"wp-block-columns is-layout-flex wp-container-core-columns-is-layout-9d6595d7 wp-block-columns-is-layout-flex\">\n<div class=\"wp-block-column is-layout-flow wp-block-column-is-layout-flow\">\n<div data-wp-interactive=\"core\/file\" class=\"wp-block-file aligncenter\"><object data-wp-bind--hidden=\"!state.hasPdfPreview\" hidden class=\"wp-block-file__embed\" data=\"https:\/\/site.educa.madrid.org\/ies.satafi.getafe\/\/wp-content\/uploads\/ies.satafi.getafe\/2024\/07\/guia_ciberseguridad_para_todos.pdf\" type=\"application\/pdf\" style=\"width:100%;height:457px\" aria-label=\"Incrustado de Guia_Ciberseguridad_para_todos.\"><\/object><a id=\"wp-block-file--media-ce98afb8-5497-4625-9d21-63af9538e109\" href=\"https:\/\/site.educa.madrid.org\/ies.satafi.getafe\/\/wp-content\/uploads\/ies.satafi.getafe\/2024\/07\/guia_ciberseguridad_para_todos.pdf\">Guia_Ciberseguridad_para_todos<\/a><a href=\"https:\/\/site.educa.madrid.org\/ies.satafi.getafe\/\/wp-content\/uploads\/ies.satafi.getafe\/2024\/07\/guia_ciberseguridad_para_todos.pdf\" class=\"wp-block-file__button wp-element-button\" download aria-describedby=\"wp-block-file--media-ce98afb8-5497-4625-9d21-63af9538e109\">Descarga<\/a><\/div>\n<\/div>\n\n\n\n<div class=\"wp-block-column is-layout-flow wp-block-column-is-layout-flow\">\n<div data-wp-interactive=\"core\/file\" class=\"wp-block-file aligncenter\"><object data-wp-bind--hidden=\"!state.hasPdfPreview\" hidden class=\"wp-block-file__embed\" data=\"https:\/\/site.educa.madrid.org\/ies.satafi.getafe\/\/wp-content\/uploads\/ies.satafi.getafe\/2024\/07\/D54_Cuidate_-_Guia_padres_-_Tecnologias_-CM_1707565861.pdf\" type=\"application\/pdf\" style=\"width:100%;height:450px\" aria-label=\"Incrustado de Guia_padres_Nuevas_Tecnolog\u00edas.\"><\/object><a id=\"wp-block-file--media-2b2c2d98-085e-4715-9bcb-eb1970bec22a\" href=\"https:\/\/site.educa.madrid.org\/ies.satafi.getafe\/\/wp-content\/uploads\/ies.satafi.getafe\/2024\/07\/D54_Cuidate_-_Guia_padres_-_Tecnologias_-CM_1707565861.pdf\">Guia_padres_Nuevas_Tecnolog\u00edas<\/a><a href=\"https:\/\/site.educa.madrid.org\/ies.satafi.getafe\/\/wp-content\/uploads\/ies.satafi.getafe\/2024\/07\/D54_Cuidate_-_Guia_padres_-_Tecnologias_-CM_1707565861.pdf\" class=\"wp-block-file__button wp-element-button\" download aria-describedby=\"wp-block-file--media-2b2c2d98-085e-4715-9bcb-eb1970bec22a\">Descarga<\/a><\/div>\n<\/div>\n\n\n\n<div class=\"wp-block-column is-layout-flow wp-block-column-is-layout-flow\">\n<div data-wp-interactive=\"core\/file\" class=\"wp-block-file aligncenter\"><object data-wp-bind--hidden=\"!state.hasPdfPreview\" hidden class=\"wp-block-file__embed\" data=\"https:\/\/site.educa.madrid.org\/ies.satafi.getafe\/\/wp-content\/uploads\/ies.satafi.getafe\/2024\/07\/c4_pdf_rp_muevete_seguro_rrss.pdf\" type=\"application\/pdf\" style=\"width:100%;height:450px\" aria-label=\"Incrustado de Muevete_seguro_por las rrss.\"><\/object><a id=\"wp-block-file--media-168f9f7c-fe47-4436-b514-268d2831bd86\" href=\"https:\/\/site.educa.madrid.org\/ies.satafi.getafe\/\/wp-content\/uploads\/ies.satafi.getafe\/2024\/07\/c4_pdf_rp_muevete_seguro_rrss.pdf\">Muevete_seguro_por las rrss<\/a><a href=\"https:\/\/site.educa.madrid.org\/ies.satafi.getafe\/\/wp-content\/uploads\/ies.satafi.getafe\/2024\/07\/c4_pdf_rp_muevete_seguro_rrss.pdf\" class=\"wp-block-file__button wp-element-button\" download aria-describedby=\"wp-block-file--media-168f9f7c-fe47-4436-b514-268d2831bd86\">Descarga<\/a><\/div>\n<\/div>\n<\/div>\n\n\n\n<div style=\"height:35px\" aria-hidden=\"true\" class=\"wp-block-spacer\"><\/div>\n\n\n\n<div class=\"wp-block-columns is-layout-flex wp-container-core-columns-is-layout-9d6595d7 wp-block-columns-is-layout-flex\">\n<div class=\"wp-block-column is-layout-flow wp-block-column-is-layout-flow\">\n<div data-wp-interactive=\"core\/file\" class=\"wp-block-file aligncenter\"><object data-wp-bind--hidden=\"!state.hasPdfPreview\" hidden class=\"wp-block-file__embed\" data=\"https:\/\/site.educa.madrid.org\/ies.satafi.getafe\/\/wp-content\/uploads\/ies.satafi.getafe\/2024\/07\/estrategia-menores-aepd-lineas-accion.pdf\" type=\"application\/pdf\" style=\"width:100%;height:450px\" aria-label=\"Incrustado de Estrategia y l\u00edneas de acci\u00f3n.\"><\/object><a id=\"wp-block-file--media-ff5f309a-c9f2-4aa9-bd69-b2f2321e1b7c\" href=\"https:\/\/site.educa.madrid.org\/ies.satafi.getafe\/\/wp-content\/uploads\/ies.satafi.getafe\/2024\/07\/estrategia-menores-aepd-lineas-accion.pdf\">Estrategia y l\u00edneas de acci\u00f3n<\/a><a href=\"https:\/\/site.educa.madrid.org\/ies.satafi.getafe\/\/wp-content\/uploads\/ies.satafi.getafe\/2024\/07\/estrategia-menores-aepd-lineas-accion.pdf\" class=\"wp-block-file__button wp-element-button\" download aria-describedby=\"wp-block-file--media-ff5f309a-c9f2-4aa9-bd69-b2f2321e1b7c\">Descarga<\/a><\/div>\n<\/div>\n\n\n\n<div class=\"wp-block-column is-layout-flow wp-block-column-is-layout-flow\">\n<div data-wp-interactive=\"core\/file\" class=\"wp-block-file aligncenter\"><object data-wp-bind--hidden=\"!state.hasPdfPreview\" hidden class=\"wp-block-file__embed\" data=\"https:\/\/site.educa.madrid.org\/ies.satafi.getafe\/\/wp-content\/uploads\/ies.satafi.getafe\/2024\/07\/guia-privacidad-y-seguridad-en-internet.pdf\" type=\"application\/pdf\" style=\"width:100%;height:450px\" aria-label=\"Incrustado de Gu\u00eda privacidad y seguridad en internet.\"><\/object><a id=\"wp-block-file--media-080ce117-8f9a-4515-bde6-c03330aebe62\" href=\"https:\/\/site.educa.madrid.org\/ies.satafi.getafe\/\/wp-content\/uploads\/ies.satafi.getafe\/2024\/07\/guia-privacidad-y-seguridad-en-internet.pdf\">Gu\u00eda privacidad y seguridad en internet<\/a><a href=\"https:\/\/site.educa.madrid.org\/ies.satafi.getafe\/\/wp-content\/uploads\/ies.satafi.getafe\/2024\/07\/guia-privacidad-y-seguridad-en-internet.pdf\" class=\"wp-block-file__button wp-element-button\" download aria-describedby=\"wp-block-file--media-080ce117-8f9a-4515-bde6-c03330aebe62\">Descarga<\/a><\/div>\n<\/div>\n\n\n\n<div class=\"wp-block-column is-layout-flow wp-block-column-is-layout-flow\">\n<div data-wp-interactive=\"core\/file\" class=\"wp-block-file aligncenter\"><object data-wp-bind--hidden=\"!state.hasPdfPreview\" hidden class=\"wp-block-file__embed\" data=\"https:\/\/site.educa.madrid.org\/ies.satafi.getafe\/\/wp-content\/uploads\/ies.satafi.getafe\/2024\/07\/AEPD-Guia-para-Centros-Educativos.pdf\" type=\"application\/pdf\" style=\"width:100%;height:450px\" aria-label=\"Incrustado de Gu\u00eda para Centros Educativos.\"><\/object><a id=\"wp-block-file--media-df48a79a-ea98-4832-8d28-dba4edab54c7\" href=\"https:\/\/site.educa.madrid.org\/ies.satafi.getafe\/\/wp-content\/uploads\/ies.satafi.getafe\/2024\/07\/AEPD-Guia-para-Centros-Educativos.pdf\">Gu\u00eda para Centros Educativos<\/a><a href=\"https:\/\/site.educa.madrid.org\/ies.satafi.getafe\/\/wp-content\/uploads\/ies.satafi.getafe\/2024\/07\/AEPD-Guia-para-Centros-Educativos.pdf\" class=\"wp-block-file__button wp-element-button\" download aria-describedby=\"wp-block-file--media-df48a79a-ea98-4832-8d28-dba4edab54c7\">Descarga<\/a><\/div>\n<\/div>\n<\/div>\n\n\n\n<div style=\"height:35px\" aria-hidden=\"true\" class=\"wp-block-spacer\"><\/div>\n\n\n\n<p class=\"has-vivid-red-color has-text-color has-link-color has-large-font-size wp-elements-ddf95addd17a1a8d34827b625c6ea33c\" style=\"font-style:italic;font-weight:700;text-decoration:underline\"><strong>Infograf\u00edas<\/strong><\/p>\n\n\n\n<div style=\"height:35px\" aria-hidden=\"true\" class=\"wp-block-spacer\"><\/div>\n\n\n\n<div class=\"wp-block-columns is-layout-flex wp-container-core-columns-is-layout-9d6595d7 wp-block-columns-is-layout-flex\">\n<div class=\"wp-block-column is-layout-flow wp-block-column-is-layout-flow\">\n<div data-wp-interactive=\"core\/file\" class=\"wp-block-file aligncenter\"><object data-wp-bind--hidden=\"!state.hasPdfPreview\" hidden class=\"wp-block-file__embed\" data=\"https:\/\/site.educa.madrid.org\/ies.satafi.getafe\/\/wp-content\/uploads\/ies.satafi.getafe\/2024\/07\/plan-digital-familiar-infografia.pdf\" type=\"application\/pdf\" style=\"width:100%;height:360px\" aria-label=\"Incrustado de infograf\u00eda: Plan digital familiar .\"><\/object><a id=\"wp-block-file--media-9350a3f0-f64a-4c61-9677-332329f65c62\" href=\"https:\/\/site.educa.madrid.org\/ies.satafi.getafe\/\/wp-content\/uploads\/ies.satafi.getafe\/2024\/07\/plan-digital-familiar-infografia.pdf\">infograf\u00eda: Plan digital familiar <\/a><a href=\"https:\/\/site.educa.madrid.org\/ies.satafi.getafe\/\/wp-content\/uploads\/ies.satafi.getafe\/2024\/07\/plan-digital-familiar-infografia.pdf\" class=\"wp-block-file__button wp-element-button\" download aria-describedby=\"wp-block-file--media-9350a3f0-f64a-4c61-9677-332329f65c62\">Descarga<\/a><\/div>\n<\/div>\n\n\n\n<div class=\"wp-block-column is-layout-flow wp-block-column-is-layout-flow\">\n<div data-wp-interactive=\"core\/file\" class=\"wp-block-file aligncenter\"><object data-wp-bind--hidden=\"!state.hasPdfPreview\" hidden class=\"wp-block-file__embed\" data=\"https:\/\/site.educa.madrid.org\/ies.satafi.getafe\/\/wp-content\/uploads\/ies.satafi.getafe\/2024\/07\/infografia-recomendaciones-proteccion-menores.pdf\" type=\"application\/pdf\" style=\"width:100%;height:360px\" aria-label=\"Incrustado de infograf\u00eda: Recomendaciones protecci\u00f3n menores.\"><\/object><a id=\"wp-block-file--media-199b693d-bdc1-4c87-a5d1-d27e62ffb2a8\" href=\"https:\/\/site.educa.madrid.org\/ies.satafi.getafe\/\/wp-content\/uploads\/ies.satafi.getafe\/2024\/07\/infografia-recomendaciones-proteccion-menores.pdf\">infograf\u00eda: Recomendaciones protecci\u00f3n menores<\/a><a href=\"https:\/\/site.educa.madrid.org\/ies.satafi.getafe\/\/wp-content\/uploads\/ies.satafi.getafe\/2024\/07\/infografia-recomendaciones-proteccion-menores.pdf\" class=\"wp-block-file__button wp-element-button\" download aria-describedby=\"wp-block-file--media-199b693d-bdc1-4c87-a5d1-d27e62ffb2a8\">Descarga<\/a><\/div>\n<\/div>\n<\/div>\n\n\n\n<div style=\"height:35px\" aria-hidden=\"true\" class=\"wp-block-spacer\"><\/div>\n\n\n\n<div class=\"wp-block-columns is-layout-flex wp-container-core-columns-is-layout-9d6595d7 wp-block-columns-is-layout-flex\">\n<div class=\"wp-block-column is-layout-flow wp-block-column-is-layout-flow\">\n<div data-wp-interactive=\"core\/file\" class=\"wp-block-file aligncenter\"><object data-wp-bind--hidden=\"!state.hasPdfPreview\" hidden class=\"wp-block-file__embed\" data=\"https:\/\/site.educa.madrid.org\/ies.satafi.getafe\/\/wp-content\/uploads\/ies.satafi.getafe\/2024\/07\/responsabilidad-menores-padres-madres.pdf\" type=\"application\/pdf\" style=\"width:100%;height:350px\" aria-label=\"Incrustado de infograf\u00eda: Responsabilidad menores padres madres.\"><\/object><a id=\"wp-block-file--media-e116fc20-4ba7-47f4-9e7c-40a01d8328b8\" href=\"https:\/\/site.educa.madrid.org\/ies.satafi.getafe\/\/wp-content\/uploads\/ies.satafi.getafe\/2024\/07\/responsabilidad-menores-padres-madres.pdf\">infograf\u00eda: Responsabilidad menores padres madres<\/a><a href=\"https:\/\/site.educa.madrid.org\/ies.satafi.getafe\/\/wp-content\/uploads\/ies.satafi.getafe\/2024\/07\/responsabilidad-menores-padres-madres.pdf\" class=\"wp-block-file__button wp-element-button\" download aria-describedby=\"wp-block-file--media-e116fc20-4ba7-47f4-9e7c-40a01d8328b8\">Descarga<\/a><\/div>\n<\/div>\n\n\n\n<div class=\"wp-block-column is-layout-flow wp-block-column-is-layout-flow\">\n<div data-wp-interactive=\"core\/file\" class=\"wp-block-file aligncenter\"><object data-wp-bind--hidden=\"!state.hasPdfPreview\" hidden class=\"wp-block-file__embed\" data=\"https:\/\/site.educa.madrid.org\/ies.satafi.getafe\/\/wp-content\/uploads\/ies.satafi.getafe\/2024\/07\/info-mas-que-un-movil.pdf\" type=\"application\/pdf\" style=\"width:100%;height:830px\" aria-label=\"Incrustado de infograf\u00eda: M\u00e1s que un m\u00f3vil.\"><\/object><a id=\"wp-block-file--media-94426dde-d0fd-4c29-964d-7c9fcab9b51e\" href=\"https:\/\/site.educa.madrid.org\/ies.satafi.getafe\/\/wp-content\/uploads\/ies.satafi.getafe\/2024\/07\/info-mas-que-un-movil.pdf\">infograf\u00eda: M\u00e1s que un m\u00f3vil<\/a><a href=\"https:\/\/site.educa.madrid.org\/ies.satafi.getafe\/\/wp-content\/uploads\/ies.satafi.getafe\/2024\/07\/info-mas-que-un-movil.pdf\" class=\"wp-block-file__button wp-element-button\" download aria-describedby=\"wp-block-file--media-94426dde-d0fd-4c29-964d-7c9fcab9b51e\">Descarga<\/a><\/div>\n<\/div>\n<\/div>\n","protected":false},"excerpt":{"rendered":"<p>En esta p\u00e1gina se publican las p\u00e1ginas web y las actuaciones de seguridad en internet, que afectan a nuestros alumnos y sus familias. Competencia Digital para familias en el IES Satafi Webs de inter\u00e9s para las familias Accede aqu\u00ed al Canal INCIBE en YouTube Accede aqu\u00ed al Canal IS4K en YouTube Accede aqu\u00ed al Canal<\/p><\/div>\n<div class=\"blog-btn\"><a href=\"https:\/\/site.educa.madrid.org\/ies.satafi.getafe\/index.php\/familias\/seguridad-web-para-las-familias\/\" class=\"home-blog-btn\">Leer m\u00e1s<\/a><\/p>\n","protected":false},"author":6,"featured_media":0,"parent":2531,"menu_order":0,"comment_status":"closed","ping_status":"closed","template":"","meta":{"footnotes":""},"folder":[],"class_list":["post-4998","page","type-page","status-publish","hentry"],"rttpg_featured_image_url":null,"rttpg_author":{"display_name":"Arturo D\u00edaz G\u00f3mez","author_link":"https:\/\/site.educa.madrid.org\/ies.satafi.getafe\/index.php\/author\/arturo_daz-gmez\/"},"rttpg_comment":0,"rttpg_category":false,"rttpg_excerpt":"En esta p\u00e1gina se publican las p\u00e1ginas web y las actuaciones de seguridad en internet, que afectan a nuestros alumnos y sus familias. Competencia Digital para familias en el IES Satafi Webs de inter\u00e9s para las familias Accede aqu\u00ed al Canal INCIBE en YouTube Accede aqu\u00ed al Canal IS4K en YouTube Accede aqu\u00ed al CanalLeer&hellip;","post_mailing_queue_ids":[],"_links":{"self":[{"href":"https:\/\/site.educa.madrid.org\/ies.satafi.getafe\/index.php\/wp-json\/wp\/v2\/pages\/4998","targetHints":{"allow":["GET"]}}],"collection":[{"href":"https:\/\/site.educa.madrid.org\/ies.satafi.getafe\/index.php\/wp-json\/wp\/v2\/pages"}],"about":[{"href":"https:\/\/site.educa.madrid.org\/ies.satafi.getafe\/index.php\/wp-json\/wp\/v2\/types\/page"}],"author":[{"embeddable":true,"href":"https:\/\/site.educa.madrid.org\/ies.satafi.getafe\/index.php\/wp-json\/wp\/v2\/users\/6"}],"replies":[{"embeddable":true,"href":"https:\/\/site.educa.madrid.org\/ies.satafi.getafe\/index.php\/wp-json\/wp\/v2\/comments?post=4998"}],"version-history":[{"count":15,"href":"https:\/\/site.educa.madrid.org\/ies.satafi.getafe\/index.php\/wp-json\/wp\/v2\/pages\/4998\/revisions"}],"predecessor-version":[{"id":5981,"href":"https:\/\/site.educa.madrid.org\/ies.satafi.getafe\/index.php\/wp-json\/wp\/v2\/pages\/4998\/revisions\/5981"}],"up":[{"embeddable":true,"href":"https:\/\/site.educa.madrid.org\/ies.satafi.getafe\/index.php\/wp-json\/wp\/v2\/pages\/2531"}],"wp:attachment":[{"href":"https:\/\/site.educa.madrid.org\/ies.satafi.getafe\/index.php\/wp-json\/wp\/v2\/media?parent=4998"}],"wp:term":[{"taxonomy":"folder","embeddable":true,"href":"https:\/\/site.educa.madrid.org\/ies.satafi.getafe\/index.php\/wp-json\/wp\/v2\/folder?post=4998"}],"curies":[{"name":"wp","href":"https:\/\/api.w.org\/{rel}","templated":true}]}}