{"id":583,"date":"2022-03-03T23:16:53","date_gmt":"2022-03-03T22:16:53","guid":{"rendered":"https:\/\/site.educa.madrid.org\/ies.satafi.getafe\/?page_id=583"},"modified":"2022-04-05T00:07:43","modified_gmt":"2022-04-04T22:07:43","slug":"eso","status":"publish","type":"page","link":"https:\/\/site.educa.madrid.org\/ies.satafi.getafe\/index.php\/secretaria\/documentos-informativos\/eso\/","title":{"rendered":"ESO"},"content":{"rendered":"<ul class=\"wp-block-latest-posts__list has-dates wp-block-latest-posts\"><li><div class=\"wp-block-latest-posts__featured-image alignleft\"><a href=\"https:\/\/site.educa.madrid.org\/ies.satafi.getafe\/index.php\/2025\/02\/11\/ies-satafi-jornada-de-puertas-abiertas-2025\/\" aria-label=\"IES SATAFI JORNADA DE PUERTAS ABIERTAS 2025\"><img loading=\"lazy\" decoding=\"async\" width=\"300\" height=\"162\" src=\"https:\/\/site.educa.madrid.org\/ies.satafi.getafe\/\/wp-content\/uploads\/ies.satafi.getafe\/2022\/03\/Puertas-abiertas-300x162.png\" class=\"attachment-medium size-medium wp-post-image\" alt=\"\" style=\"\" srcset=\"https:\/\/site.educa.madrid.org\/ies.satafi.getafe\/\/wp-content\/uploads\/ies.satafi.getafe\/2022\/03\/Puertas-abiertas-300x162.png 300w, https:\/\/site.educa.madrid.org\/ies.satafi.getafe\/\/wp-content\/uploads\/ies.satafi.getafe\/2022\/03\/Puertas-abiertas.png 306w\" sizes=\"auto, (max-width: 300px) 100vw, 300px\" \/><\/a><\/div><a class=\"wp-block-latest-posts__post-title\" href=\"https:\/\/site.educa.madrid.org\/ies.satafi.getafe\/index.php\/2025\/02\/11\/ies-satafi-jornada-de-puertas-abiertas-2025\/\">IES SATAFI JORNADA DE PUERTAS ABIERTAS 2025<\/a><time datetime=\"2025-02-11T14:57:48+01:00\" class=\"wp-block-latest-posts__post-date\">11 febrero, 2025<\/time><div class=\"wp-block-latest-posts__post-excerpt\">A) Una charla online de, aproximadamente, una hora de duraci\u00f3n. La charla tendr\u00e1 lugar el pr\u00f3ximo mi\u00e9rcoles 19 de febrero. Podr\u00e1n optar por la primera sesi\u00f3n, que ser\u00e1 a las 17 horas o por la segunda que comenzar\u00e1 a las 18:30 horas.&nbsp; Ser\u00e1 necesario apuntarse a trav\u00e9s de un formulario<\/div><div class=\"blog-btn\"><a href=\"https:\/\/site.educa.madrid.org\/ies.satafi.getafe\/index.php\/2025\/02\/11\/ies-satafi-jornada-de-puertas-abiertas-2025\/\" class=\"home-blog-btn\">Leer m\u00e1s<\/a><\/div><\/li>\n<li><div class=\"wp-block-latest-posts__featured-image alignleft\"><a href=\"https:\/\/site.educa.madrid.org\/ies.satafi.getafe\/index.php\/2023\/09\/13\/reuniones-de-acogida-familias-2023-2024\/\" aria-label=\"REUNIONES DE ACOGIDA FAMILIAS 2023 2024\"><img loading=\"lazy\" decoding=\"async\" width=\"210\" height=\"192\" src=\"https:\/\/site.educa.madrid.org\/ies.satafi.getafe\/\/wp-content\/uploads\/ies.satafi.getafe\/2022\/02\/cropped-cropped-Satafi-Logo2_512-1.jpg\" class=\"attachment-medium size-medium wp-post-image\" alt=\"\" style=\"\" \/><\/a><\/div><a class=\"wp-block-latest-posts__post-title\" href=\"https:\/\/site.educa.madrid.org\/ies.satafi.getafe\/index.php\/2023\/09\/13\/reuniones-de-acogida-familias-2023-2024\/\">REUNIONES DE ACOGIDA FAMILIAS 2023 2024<\/a><time datetime=\"2023-09-13T14:58:09+02:00\" class=\"wp-block-latest-posts__post-date\">13 septiembre, 2023<\/time><div class=\"wp-block-latest-posts__post-excerpt\">Bienvenidos al nuevo curso 2023 2024 Desde Jefatura de Estudios del IES Satafi queremos darles la bienvenida con ilusi\u00f3n a este nuevo curso e informarles que las reuniones de acogida de las familias con sus tutores se celebrar\u00e1n a finales de septiembre seg\u00fan el siguiente calendario: En estas reuniones podr\u00e1n<\/div><div class=\"blog-btn\"><a href=\"https:\/\/site.educa.madrid.org\/ies.satafi.getafe\/index.php\/2023\/09\/13\/reuniones-de-acogida-familias-2023-2024\/\" class=\"home-blog-btn\">Leer m\u00e1s<\/a><\/div><\/li>\n<li><div class=\"wp-block-latest-posts__featured-image alignleft\"><a href=\"https:\/\/site.educa.madrid.org\/ies.satafi.getafe\/index.php\/2023\/09\/07\/calendario-entrega-de-libros-del-programa-accede-2023-2024\/\" aria-label=\"CALENDARIO ENTREGA DE LIBROS DEL PROGRAMA ACCEDE 2023 2024\"><img loading=\"lazy\" decoding=\"async\" width=\"239\" height=\"211\" src=\"https:\/\/site.educa.madrid.org\/ies.satafi.getafe\/\/wp-content\/uploads\/ies.satafi.getafe\/2022\/07\/Libros-de-texto.jpg\" class=\"attachment-medium size-medium wp-post-image\" alt=\"LibrosTexto\" style=\"\" \/><\/a><\/div><a class=\"wp-block-latest-posts__post-title\" href=\"https:\/\/site.educa.madrid.org\/ies.satafi.getafe\/index.php\/2023\/09\/07\/calendario-entrega-de-libros-del-programa-accede-2023-2024\/\">CALENDARIO ENTREGA DE LIBROS DEL PROGRAMA ACCEDE 2023 2024<\/a><time datetime=\"2023-09-07T09:26:10+02:00\" class=\"wp-block-latest-posts__post-date\">7 septiembre, 2023<\/time><div class=\"wp-block-latest-posts__post-excerpt\">Las familias que participan en el programa de pr\u00e9stamo de libros de texto ACCEDE, deben recoger los libros del presente curso seg\u00fan el siguiente calendario: HORA: de 16:00 a 20:00 LUGAR: EDIFICIO H del IES SATAFI 1\u00ba ESO: Lunes 11 y martes 12 de septiembre 2\u00ba ESO: Viernes 15 y<\/div><div class=\"blog-btn\"><a href=\"https:\/\/site.educa.madrid.org\/ies.satafi.getafe\/index.php\/2023\/09\/07\/calendario-entrega-de-libros-del-programa-accede-2023-2024\/\" class=\"home-blog-btn\">Leer m\u00e1s<\/a><\/div><\/li>\n<li><div class=\"wp-block-latest-posts__featured-image alignleft\"><a href=\"https:\/\/site.educa.madrid.org\/ies.satafi.getafe\/index.php\/2023\/05\/26\/listado-admision-eso\/\" aria-label=\"Proceso de admisi\u00f3n ESO y Bachillerato 2023-2024\"><img loading=\"lazy\" decoding=\"async\" width=\"300\" height=\"160\" src=\"https:\/\/site.educa.madrid.org\/ies.satafi.getafe\/\/wp-content\/uploads\/ies.satafi.getafe\/2023\/05\/Admision-ESO-y-Bachillerato-2023_2024-600x320-1-300x160.jpg\" class=\"attachment-medium size-medium wp-post-image\" alt=\"\" style=\"\" srcset=\"https:\/\/site.educa.madrid.org\/ies.satafi.getafe\/\/wp-content\/uploads\/ies.satafi.getafe\/2023\/05\/Admision-ESO-y-Bachillerato-2023_2024-600x320-1-300x160.jpg 300w, https:\/\/site.educa.madrid.org\/ies.satafi.getafe\/\/wp-content\/uploads\/ies.satafi.getafe\/2023\/05\/Admision-ESO-y-Bachillerato-2023_2024-600x320-1.jpg 600w\" sizes=\"auto, (max-width: 300px) 100vw, 300px\" \/><\/a><\/div><a class=\"wp-block-latest-posts__post-title\" href=\"https:\/\/site.educa.madrid.org\/ies.satafi.getafe\/index.php\/2023\/05\/26\/listado-admision-eso\/\">Proceso de admisi\u00f3n ESO y Bachillerato 2023-2024<\/a><time datetime=\"2023-05-26T14:33:00+02:00\" class=\"wp-block-latest-posts__post-date\">26 mayo, 2023<\/time><div class=\"wp-block-latest-posts__post-excerpt\">PLAZO DE PRESENTACI\u00d3N DE SOLICITUDES: DEL 13 AL 26 DE ABRIL&nbsp;<\/div><\/li>\n<li><div class=\"wp-block-latest-posts__featured-image alignleft\"><a href=\"https:\/\/site.educa.madrid.org\/ies.satafi.getafe\/index.php\/2023\/03\/08\/jornadas-de-puertas-abiertas-2023\/\" aria-label=\"Jornadas de puertas abiertas 2023\"><img loading=\"lazy\" decoding=\"async\" width=\"300\" height=\"162\" src=\"https:\/\/site.educa.madrid.org\/ies.satafi.getafe\/\/wp-content\/uploads\/ies.satafi.getafe\/2022\/03\/Puertas-abiertas-300x162.png\" class=\"attachment-medium size-medium wp-post-image\" alt=\"\" style=\"\" srcset=\"https:\/\/site.educa.madrid.org\/ies.satafi.getafe\/\/wp-content\/uploads\/ies.satafi.getafe\/2022\/03\/Puertas-abiertas-300x162.png 300w, https:\/\/site.educa.madrid.org\/ies.satafi.getafe\/\/wp-content\/uploads\/ies.satafi.getafe\/2022\/03\/Puertas-abiertas.png 306w\" sizes=\"auto, (max-width: 300px) 100vw, 300px\" \/><\/a><\/div><a class=\"wp-block-latest-posts__post-title\" href=\"https:\/\/site.educa.madrid.org\/ies.satafi.getafe\/index.php\/2023\/03\/08\/jornadas-de-puertas-abiertas-2023\/\">Jornadas de puertas abiertas 2023<\/a><time datetime=\"2023-03-08T12:52:42+01:00\" class=\"wp-block-latest-posts__post-date\">8 marzo, 2023<\/time><div class=\"wp-block-latest-posts__post-excerpt\">Estas jornadas constar\u00e1n de dos partes: A) Una charla online de, aproximadamente, una hora de duraci\u00f3n. La charla tendr\u00e1 lugar el pr\u00f3ximo martes 21 de marzo a las 18.30 horas. Es necesario apuntarse a trav\u00e9s de un formulario que estar\u00e1 disponible desde el\u00a013 de marzo a las 18 horas, hasta<\/div><div class=\"blog-btn\"><a href=\"https:\/\/site.educa.madrid.org\/ies.satafi.getafe\/index.php\/2023\/03\/08\/jornadas-de-puertas-abiertas-2023\/\" class=\"home-blog-btn\">Leer m\u00e1s<\/a><\/div><\/li>\n<\/ul>","protected":false},"excerpt":{"rendered":"","protected":false},"author":7,"featured_media":0,"parent":361,"menu_order":1,"comment_status":"closed","ping_status":"closed","template":"","meta":{"footnotes":""},"folder":[],"class_list":["post-583","page","type-page","status-publish","hentry"],"rttpg_featured_image_url":null,"rttpg_author":{"display_name":"Miguel \u00c1ngel Bonache G\u00f3mez","author_link":"https:\/\/site.educa.madrid.org\/ies.satafi.getafe\/index.php\/author\/miguel-angel_bonache-gomez\/"},"rttpg_comment":0,"rttpg_category":false,"rttpg_excerpt":null,"post_mailing_queue_ids":[],"_links":{"self":[{"href":"https:\/\/site.educa.madrid.org\/ies.satafi.getafe\/index.php\/wp-json\/wp\/v2\/pages\/583","targetHints":{"allow":["GET"]}}],"collection":[{"href":"https:\/\/site.educa.madrid.org\/ies.satafi.getafe\/index.php\/wp-json\/wp\/v2\/pages"}],"about":[{"href":"https:\/\/site.educa.madrid.org\/ies.satafi.getafe\/index.php\/wp-json\/wp\/v2\/types\/page"}],"author":[{"embeddable":true,"href":"https:\/\/site.educa.madrid.org\/ies.satafi.getafe\/index.php\/wp-json\/wp\/v2\/users\/7"}],"replies":[{"embeddable":true,"href":"https:\/\/site.educa.madrid.org\/ies.satafi.getafe\/index.php\/wp-json\/wp\/v2\/comments?post=583"}],"version-history":[{"count":5,"href":"https:\/\/site.educa.madrid.org\/ies.satafi.getafe\/index.php\/wp-json\/wp\/v2\/pages\/583\/revisions"}],"predecessor-version":[{"id":1031,"href":"https:\/\/site.educa.madrid.org\/ies.satafi.getafe\/index.php\/wp-json\/wp\/v2\/pages\/583\/revisions\/1031"}],"up":[{"embeddable":true,"href":"https:\/\/site.educa.madrid.org\/ies.satafi.getafe\/index.php\/wp-json\/wp\/v2\/pages\/361"}],"wp:attachment":[{"href":"https:\/\/site.educa.madrid.org\/ies.satafi.getafe\/index.php\/wp-json\/wp\/v2\/media?parent=583"}],"wp:term":[{"taxonomy":"folder","embeddable":true,"href":"https:\/\/site.educa.madrid.org\/ies.satafi.getafe\/index.php\/wp-json\/wp\/v2\/folder?post=583"}],"curies":[{"name":"wp","href":"https:\/\/api.w.org\/{rel}","templated":true}]}}