{"id":586,"date":"2022-03-03T23:18:17","date_gmt":"2022-03-03T22:18:17","guid":{"rendered":"https:\/\/site.educa.madrid.org\/ies.satafi.getafe\/?page_id=586"},"modified":"2022-04-05T00:08:26","modified_gmt":"2022-04-04T22:08:26","slug":"bachillerato","status":"publish","type":"page","link":"https:\/\/site.educa.madrid.org\/ies.satafi.getafe\/index.php\/secretaria\/documentos-informativos\/bachillerato\/","title":{"rendered":"Bachillerato"},"content":{"rendered":"<ul class=\"wp-block-latest-posts__list has-dates wp-block-latest-posts\"><li><div class=\"wp-block-latest-posts__featured-image alignleft\"><a href=\"https:\/\/site.educa.madrid.org\/ies.satafi.getafe\/index.php\/2024\/03\/21\/convocatoria-general-de-becas-2023-2024-estudios-post-obligatorios-2\/\" aria-label=\"Convocatoria General de Becas 2024-2025 Estudios Post-Obligatorios\"><img loading=\"lazy\" decoding=\"async\" width=\"300\" height=\"158\" src=\"https:\/\/site.educa.madrid.org\/ies.satafi.getafe\/\/wp-content\/uploads\/ies.satafi.getafe\/2022\/04\/Becas-y-ayudas-300x158.png\" class=\"attachment-medium size-medium wp-post-image\" alt=\"\" style=\"\" srcset=\"https:\/\/site.educa.madrid.org\/ies.satafi.getafe\/\/wp-content\/uploads\/ies.satafi.getafe\/2022\/04\/Becas-y-ayudas-300x158.png 300w, https:\/\/site.educa.madrid.org\/ies.satafi.getafe\/\/wp-content\/uploads\/ies.satafi.getafe\/2022\/04\/Becas-y-ayudas.png 309w\" sizes=\"auto, (max-width: 300px) 100vw, 300px\" \/><\/a><\/div><a class=\"wp-block-latest-posts__post-title\" href=\"https:\/\/site.educa.madrid.org\/ies.satafi.getafe\/index.php\/2024\/03\/21\/convocatoria-general-de-becas-2023-2024-estudios-post-obligatorios-2\/\">Convocatoria General de Becas 2024-2025 Estudios Post-Obligatorios<\/a><time datetime=\"2024-03-21T10:31:28+01:00\" class=\"wp-block-latest-posts__post-date\">21 marzo, 2024<\/time><div class=\"wp-block-latest-posts__post-excerpt\">El pasado viernes 13 de marzo de 2024 se public\u00f3 en el BOE. el extracto de la convocatoria de becas de car\u00e1cter general para el curso acad\u00e9mico 2024\/2025, para estudiantes que cursen estudios post-obligatorios. El texto \u00edntegro de la convocatoria<\/div><div class=\"blog-btn\"><a href=\"https:\/\/site.educa.madrid.org\/ies.satafi.getafe\/index.php\/2024\/03\/21\/convocatoria-general-de-becas-2023-2024-estudios-post-obligatorios-2\/\" class=\"home-blog-btn\">Leer m\u00e1s<\/a><\/div><\/li>\n<li><div class=\"wp-block-latest-posts__featured-image alignleft\"><a href=\"https:\/\/site.educa.madrid.org\/ies.satafi.getafe\/index.php\/2023\/09\/13\/reuniones-de-acogida-familias-2023-2024\/\" aria-label=\"REUNIONES DE ACOGIDA FAMILIAS 2023 2024\"><img loading=\"lazy\" decoding=\"async\" width=\"210\" height=\"192\" src=\"https:\/\/site.educa.madrid.org\/ies.satafi.getafe\/\/wp-content\/uploads\/ies.satafi.getafe\/2022\/02\/cropped-cropped-Satafi-Logo2_512-1.jpg\" class=\"attachment-medium size-medium wp-post-image\" alt=\"\" style=\"\" \/><\/a><\/div><a class=\"wp-block-latest-posts__post-title\" href=\"https:\/\/site.educa.madrid.org\/ies.satafi.getafe\/index.php\/2023\/09\/13\/reuniones-de-acogida-familias-2023-2024\/\">REUNIONES DE ACOGIDA FAMILIAS 2023 2024<\/a><time datetime=\"2023-09-13T14:58:09+02:00\" class=\"wp-block-latest-posts__post-date\">13 septiembre, 2023<\/time><div class=\"wp-block-latest-posts__post-excerpt\">Bienvenidos al nuevo curso 2023 2024 Desde Jefatura de Estudios del IES Satafi queremos darles la bienvenida con ilusi\u00f3n a este nuevo curso e informarles que las reuniones de acogida de las familias con sus tutores se celebrar\u00e1n a finales<\/div><div class=\"blog-btn\"><a href=\"https:\/\/site.educa.madrid.org\/ies.satafi.getafe\/index.php\/2023\/09\/13\/reuniones-de-acogida-familias-2023-2024\/\" class=\"home-blog-btn\">Leer m\u00e1s<\/a><\/div><\/li>\n<li><div class=\"wp-block-latest-posts__featured-image alignleft\"><a href=\"https:\/\/site.educa.madrid.org\/ies.satafi.getafe\/index.php\/2023\/05\/26\/listado-admision-eso\/\" aria-label=\"Proceso de admisi\u00f3n ESO y Bachillerato 2023-2024\"><img loading=\"lazy\" decoding=\"async\" width=\"300\" height=\"160\" src=\"https:\/\/site.educa.madrid.org\/ies.satafi.getafe\/\/wp-content\/uploads\/ies.satafi.getafe\/2023\/05\/Admision-ESO-y-Bachillerato-2023_2024-600x320-1-300x160.jpg\" class=\"attachment-medium size-medium wp-post-image\" alt=\"\" style=\"\" srcset=\"https:\/\/site.educa.madrid.org\/ies.satafi.getafe\/\/wp-content\/uploads\/ies.satafi.getafe\/2023\/05\/Admision-ESO-y-Bachillerato-2023_2024-600x320-1-300x160.jpg 300w, https:\/\/site.educa.madrid.org\/ies.satafi.getafe\/\/wp-content\/uploads\/ies.satafi.getafe\/2023\/05\/Admision-ESO-y-Bachillerato-2023_2024-600x320-1.jpg 600w\" sizes=\"auto, (max-width: 300px) 100vw, 300px\" \/><\/a><\/div><a class=\"wp-block-latest-posts__post-title\" href=\"https:\/\/site.educa.madrid.org\/ies.satafi.getafe\/index.php\/2023\/05\/26\/listado-admision-eso\/\">Proceso de admisi\u00f3n ESO y Bachillerato 2023-2024<\/a><time datetime=\"2023-05-26T14:33:00+02:00\" class=\"wp-block-latest-posts__post-date\">26 mayo, 2023<\/time><div class=\"wp-block-latest-posts__post-excerpt\">PLAZO DE PRESENTACI\u00d3N DE SOLICITUDES: DEL 13 AL 26 DE ABRIL&nbsp;<\/div><\/li>\n<li><div class=\"wp-block-latest-posts__featured-image alignleft\"><a href=\"https:\/\/site.educa.madrid.org\/ies.satafi.getafe\/index.php\/2023\/03\/22\/convocatoria-general-de-becas-2023-2024-estudios-post-obligatorios\/\" aria-label=\"Convocatoria General de Becas 2023-2024 Estudios Post-Obligatorios\"><img loading=\"lazy\" decoding=\"async\" width=\"300\" height=\"158\" src=\"https:\/\/site.educa.madrid.org\/ies.satafi.getafe\/\/wp-content\/uploads\/ies.satafi.getafe\/2022\/04\/Becas-y-ayudas-300x158.png\" class=\"attachment-medium size-medium wp-post-image\" alt=\"\" style=\"\" srcset=\"https:\/\/site.educa.madrid.org\/ies.satafi.getafe\/\/wp-content\/uploads\/ies.satafi.getafe\/2022\/04\/Becas-y-ayudas-300x158.png 300w, https:\/\/site.educa.madrid.org\/ies.satafi.getafe\/\/wp-content\/uploads\/ies.satafi.getafe\/2022\/04\/Becas-y-ayudas.png 309w\" sizes=\"auto, (max-width: 300px) 100vw, 300px\" \/><\/a><\/div><a class=\"wp-block-latest-posts__post-title\" href=\"https:\/\/site.educa.madrid.org\/ies.satafi.getafe\/index.php\/2023\/03\/22\/convocatoria-general-de-becas-2023-2024-estudios-post-obligatorios\/\">Convocatoria General de Becas 2023-2024 Estudios Post-Obligatorios<\/a><time datetime=\"2023-03-22T16:36:18+01:00\" class=\"wp-block-latest-posts__post-date\">22 marzo, 2023<\/time><div class=\"wp-block-latest-posts__post-excerpt\">El pasado viernes 17 de marzo de 2023 se public\u00f3 en el BOE. el extracto de la convocatoria de becas de car\u00e1cter general para el curso acad\u00e9mico 2023\/2024, para estudiantes que cursen estudios post-obligatorios. El texto \u00edntegro de la convocatoria<\/div><div class=\"blog-btn\"><a href=\"https:\/\/site.educa.madrid.org\/ies.satafi.getafe\/index.php\/2023\/03\/22\/convocatoria-general-de-becas-2023-2024-estudios-post-obligatorios\/\" class=\"home-blog-btn\">Leer m\u00e1s<\/a><\/div><\/li>\n<li><div class=\"wp-block-latest-posts__featured-image alignleft\"><a href=\"https:\/\/site.educa.madrid.org\/ies.satafi.getafe\/index.php\/2023\/03\/08\/jornadas-de-puertas-abiertas-2023\/\" aria-label=\"Jornadas de puertas abiertas 2023\"><img loading=\"lazy\" decoding=\"async\" width=\"300\" height=\"162\" src=\"https:\/\/site.educa.madrid.org\/ies.satafi.getafe\/\/wp-content\/uploads\/ies.satafi.getafe\/2022\/03\/Puertas-abiertas-300x162.png\" class=\"attachment-medium size-medium wp-post-image\" alt=\"\" style=\"\" srcset=\"https:\/\/site.educa.madrid.org\/ies.satafi.getafe\/\/wp-content\/uploads\/ies.satafi.getafe\/2022\/03\/Puertas-abiertas-300x162.png 300w, https:\/\/site.educa.madrid.org\/ies.satafi.getafe\/\/wp-content\/uploads\/ies.satafi.getafe\/2022\/03\/Puertas-abiertas.png 306w\" sizes=\"auto, (max-width: 300px) 100vw, 300px\" \/><\/a><\/div><a class=\"wp-block-latest-posts__post-title\" href=\"https:\/\/site.educa.madrid.org\/ies.satafi.getafe\/index.php\/2023\/03\/08\/jornadas-de-puertas-abiertas-2023\/\">Jornadas de puertas abiertas 2023<\/a><time datetime=\"2023-03-08T12:52:42+01:00\" class=\"wp-block-latest-posts__post-date\">8 marzo, 2023<\/time><div class=\"wp-block-latest-posts__post-excerpt\">Estas jornadas constar\u00e1n de dos partes: A) Una charla online de, aproximadamente, una hora de duraci\u00f3n. La charla tendr\u00e1 lugar el pr\u00f3ximo martes 21 de marzo a las 18.30 horas. Es necesario apuntarse a trav\u00e9s de un formulario que estar\u00e1<\/div><div class=\"blog-btn\"><a href=\"https:\/\/site.educa.madrid.org\/ies.satafi.getafe\/index.php\/2023\/03\/08\/jornadas-de-puertas-abiertas-2023\/\" class=\"home-blog-btn\">Leer m\u00e1s<\/a><\/div><\/li>\n<\/ul>","protected":false},"excerpt":{"rendered":"","protected":false},"author":7,"featured_media":0,"parent":361,"menu_order":2,"comment_status":"closed","ping_status":"closed","template":"","meta":{"footnotes":""},"folder":[],"class_list":["post-586","page","type-page","status-publish","hentry"],"rttpg_featured_image_url":null,"rttpg_author":{"display_name":"Miguel \u00c1ngel Bonache G\u00f3mez","author_link":"https:\/\/site.educa.madrid.org\/ies.satafi.getafe\/index.php\/author\/miguel-angel_bonache-gomez\/"},"rttpg_comment":0,"rttpg_category":false,"rttpg_excerpt":null,"post_mailing_queue_ids":[],"_links":{"self":[{"href":"https:\/\/site.educa.madrid.org\/ies.satafi.getafe\/index.php\/wp-json\/wp\/v2\/pages\/586","targetHints":{"allow":["GET"]}}],"collection":[{"href":"https:\/\/site.educa.madrid.org\/ies.satafi.getafe\/index.php\/wp-json\/wp\/v2\/pages"}],"about":[{"href":"https:\/\/site.educa.madrid.org\/ies.satafi.getafe\/index.php\/wp-json\/wp\/v2\/types\/page"}],"author":[{"embeddable":true,"href":"https:\/\/site.educa.madrid.org\/ies.satafi.getafe\/index.php\/wp-json\/wp\/v2\/users\/7"}],"replies":[{"embeddable":true,"href":"https:\/\/site.educa.madrid.org\/ies.satafi.getafe\/index.php\/wp-json\/wp\/v2\/comments?post=586"}],"version-history":[{"count":5,"href":"https:\/\/site.educa.madrid.org\/ies.satafi.getafe\/index.php\/wp-json\/wp\/v2\/pages\/586\/revisions"}],"predecessor-version":[{"id":1032,"href":"https:\/\/site.educa.madrid.org\/ies.satafi.getafe\/index.php\/wp-json\/wp\/v2\/pages\/586\/revisions\/1032"}],"up":[{"embeddable":true,"href":"https:\/\/site.educa.madrid.org\/ies.satafi.getafe\/index.php\/wp-json\/wp\/v2\/pages\/361"}],"wp:attachment":[{"href":"https:\/\/site.educa.madrid.org\/ies.satafi.getafe\/index.php\/wp-json\/wp\/v2\/media?parent=586"}],"wp:term":[{"taxonomy":"folder","embeddable":true,"href":"https:\/\/site.educa.madrid.org\/ies.satafi.getafe\/index.php\/wp-json\/wp\/v2\/folder?post=586"}],"curies":[{"name":"wp","href":"https:\/\/api.w.org\/{rel}","templated":true}]}}