{"id":590,"date":"2022-03-03T23:22:05","date_gmt":"2022-03-03T22:22:05","guid":{"rendered":"https:\/\/site.educa.madrid.org\/ies.satafi.getafe\/?page_id=590"},"modified":"2022-04-05T00:09:08","modified_gmt":"2022-04-04T22:09:08","slug":"fp-grado-medio","status":"publish","type":"page","link":"https:\/\/site.educa.madrid.org\/ies.satafi.getafe\/index.php\/secretaria\/documentos-informativos\/fp-grado-medio\/","title":{"rendered":"FP Grado Medio"},"content":{"rendered":"<ul class=\"wp-block-latest-posts__list has-dates alignleft wp-block-latest-posts\"><li><div class=\"wp-block-latest-posts__featured-image alignleft\"><a href=\"https:\/\/site.educa.madrid.org\/ies.satafi.getafe\/index.php\/2024\/09\/04\/calendario-inicio-clases-fp-curso-2024-2025\/\" aria-label=\"CALENDARIO INICIO CLASES FP CURSO 2024 2025\"><img loading=\"lazy\" decoding=\"async\" width=\"210\" height=\"193\" src=\"https:\/\/site.educa.madrid.org\/ies.satafi.getafe\/\/wp-content\/uploads\/ies.satafi.getafe\/2022\/02\/cropped-Satafi-Logo1-180-1.png\" class=\"attachment-medium size-medium wp-post-image\" alt=\"\" style=\"\" \/><\/a><\/div><a class=\"wp-block-latest-posts__post-title\" href=\"https:\/\/site.educa.madrid.org\/ies.satafi.getafe\/index.php\/2024\/09\/04\/calendario-inicio-clases-fp-curso-2024-2025\/\">CALENDARIO INICIO CLASES FP CURSO 2024 2025<\/a><time datetime=\"2024-09-04T14:13:30+02:00\" class=\"wp-block-latest-posts__post-date\">4 septiembre, 2024<\/time><div class=\"wp-block-latest-posts__post-excerpt\"><\/div><\/li>\n<li><div class=\"wp-block-latest-posts__featured-image alignleft\"><a href=\"https:\/\/site.educa.madrid.org\/ies.satafi.getafe\/index.php\/2024\/03\/21\/convocatoria-general-de-becas-2023-2024-estudios-post-obligatorios-2\/\" aria-label=\"Convocatoria General de Becas 2024-2025 Estudios Post-Obligatorios\"><img loading=\"lazy\" decoding=\"async\" width=\"300\" height=\"158\" src=\"https:\/\/site.educa.madrid.org\/ies.satafi.getafe\/\/wp-content\/uploads\/ies.satafi.getafe\/2022\/04\/Becas-y-ayudas-300x158.png\" class=\"attachment-medium size-medium wp-post-image\" alt=\"\" style=\"\" srcset=\"https:\/\/site.educa.madrid.org\/ies.satafi.getafe\/\/wp-content\/uploads\/ies.satafi.getafe\/2022\/04\/Becas-y-ayudas-300x158.png 300w, https:\/\/site.educa.madrid.org\/ies.satafi.getafe\/\/wp-content\/uploads\/ies.satafi.getafe\/2022\/04\/Becas-y-ayudas.png 309w\" sizes=\"auto, (max-width: 300px) 100vw, 300px\" \/><\/a><\/div><a class=\"wp-block-latest-posts__post-title\" href=\"https:\/\/site.educa.madrid.org\/ies.satafi.getafe\/index.php\/2024\/03\/21\/convocatoria-general-de-becas-2023-2024-estudios-post-obligatorios-2\/\">Convocatoria General de Becas 2024-2025 Estudios Post-Obligatorios<\/a><time datetime=\"2024-03-21T10:31:28+01:00\" class=\"wp-block-latest-posts__post-date\">21 marzo, 2024<\/time><div class=\"wp-block-latest-posts__post-excerpt\">El pasado viernes 13 de marzo de 2024 se public\u00f3 en el BOE. el extracto de la convocatoria de becas de car\u00e1cter general para el curso acad\u00e9mico 2024\/2025, para estudiantes que cursen estudios post-obligatorios. El texto \u00edntegro de la convocatoria puede consultarse en la p\u00e1gina web<\/div><div class=\"blog-btn\"><a href=\"https:\/\/site.educa.madrid.org\/ies.satafi.getafe\/index.php\/2024\/03\/21\/convocatoria-general-de-becas-2023-2024-estudios-post-obligatorios-2\/\" class=\"home-blog-btn\">Leer m\u00e1s<\/a><\/div><\/li>\n<li><div class=\"wp-block-latest-posts__featured-image alignleft\"><a href=\"https:\/\/site.educa.madrid.org\/ies.satafi.getafe\/index.php\/2023\/06\/23\/admision-en-fp-presencial-2023-2024\/\" aria-label=\"Admisi\u00f3n en FP Presencial 2023-2024\"><img loading=\"lazy\" decoding=\"async\" width=\"300\" height=\"169\" src=\"https:\/\/site.educa.madrid.org\/ies.satafi.getafe\/\/wp-content\/uploads\/ies.satafi.getafe\/2023\/02\/Admision-FP-Web-300x169.jpg\" class=\"attachment-medium size-medium wp-post-image\" alt=\"\" style=\"\" srcset=\"https:\/\/site.educa.madrid.org\/ies.satafi.getafe\/\/wp-content\/uploads\/ies.satafi.getafe\/2023\/02\/Admision-FP-Web-300x169.jpg 300w, https:\/\/site.educa.madrid.org\/ies.satafi.getafe\/\/wp-content\/uploads\/ies.satafi.getafe\/2023\/02\/Admision-FP-Web-768x432.jpg 768w, https:\/\/site.educa.madrid.org\/ies.satafi.getafe\/\/wp-content\/uploads\/ies.satafi.getafe\/2023\/02\/Admision-FP-Web.jpg 880w\" sizes=\"auto, (max-width: 300px) 100vw, 300px\" \/><\/a><\/div><a class=\"wp-block-latest-posts__post-title\" href=\"https:\/\/site.educa.madrid.org\/ies.satafi.getafe\/index.php\/2023\/06\/23\/admision-en-fp-presencial-2023-2024\/\">Admisi\u00f3n en FP Presencial 2023-2024<\/a><time datetime=\"2023-06-23T09:26:00+02:00\" class=\"wp-block-latest-posts__post-date\">23 junio, 2023<\/time><div class=\"wp-block-latest-posts__post-excerpt\"><\/div><\/li>\n<li><div class=\"wp-block-latest-posts__featured-image alignleft\"><a href=\"https:\/\/site.educa.madrid.org\/ies.satafi.getafe\/index.php\/2023\/03\/22\/convocatoria-general-de-becas-2023-2024-estudios-post-obligatorios\/\" aria-label=\"Convocatoria General de Becas 2023-2024 Estudios Post-Obligatorios\"><img loading=\"lazy\" decoding=\"async\" width=\"300\" height=\"158\" src=\"https:\/\/site.educa.madrid.org\/ies.satafi.getafe\/\/wp-content\/uploads\/ies.satafi.getafe\/2022\/04\/Becas-y-ayudas-300x158.png\" class=\"attachment-medium size-medium wp-post-image\" alt=\"\" style=\"\" srcset=\"https:\/\/site.educa.madrid.org\/ies.satafi.getafe\/\/wp-content\/uploads\/ies.satafi.getafe\/2022\/04\/Becas-y-ayudas-300x158.png 300w, https:\/\/site.educa.madrid.org\/ies.satafi.getafe\/\/wp-content\/uploads\/ies.satafi.getafe\/2022\/04\/Becas-y-ayudas.png 309w\" sizes=\"auto, (max-width: 300px) 100vw, 300px\" \/><\/a><\/div><a class=\"wp-block-latest-posts__post-title\" href=\"https:\/\/site.educa.madrid.org\/ies.satafi.getafe\/index.php\/2023\/03\/22\/convocatoria-general-de-becas-2023-2024-estudios-post-obligatorios\/\">Convocatoria General de Becas 2023-2024 Estudios Post-Obligatorios<\/a><time datetime=\"2023-03-22T16:36:18+01:00\" class=\"wp-block-latest-posts__post-date\">22 marzo, 2023<\/time><div class=\"wp-block-latest-posts__post-excerpt\">El pasado viernes 17 de marzo de 2023 se public\u00f3 en el BOE. el extracto de la convocatoria de becas de car\u00e1cter general para el curso acad\u00e9mico 2023\/2024, para estudiantes que cursen estudios post-obligatorios. El texto \u00edntegro de la convocatoria puede consultarse en la p\u00e1gina web<\/div><div class=\"blog-btn\"><a href=\"https:\/\/site.educa.madrid.org\/ies.satafi.getafe\/index.php\/2023\/03\/22\/convocatoria-general-de-becas-2023-2024-estudios-post-obligatorios\/\" class=\"home-blog-btn\">Leer m\u00e1s<\/a><\/div><\/li>\n<li><div class=\"wp-block-latest-posts__featured-image alignleft\"><a href=\"https:\/\/site.educa.madrid.org\/ies.satafi.getafe\/index.php\/2022\/09\/12\/admision-en-fp-2022-2023\/\" aria-label=\"Admisi\u00f3n en FP 2022-2023\"><img loading=\"lazy\" decoding=\"async\" width=\"300\" height=\"169\" src=\"https:\/\/site.educa.madrid.org\/ies.satafi.getafe\/\/wp-content\/uploads\/ies.satafi.getafe\/2022\/06\/Admision-FP-Web-300x169.jpg\" class=\"attachment-medium size-medium wp-post-image\" alt=\"Admisi\u00f3n FP 2022-2023\" style=\"\" srcset=\"https:\/\/site.educa.madrid.org\/ies.satafi.getafe\/\/wp-content\/uploads\/ies.satafi.getafe\/2022\/06\/Admision-FP-Web-300x169.jpg 300w, https:\/\/site.educa.madrid.org\/ies.satafi.getafe\/\/wp-content\/uploads\/ies.satafi.getafe\/2022\/06\/Admision-FP-Web-768x432.jpg 768w, https:\/\/site.educa.madrid.org\/ies.satafi.getafe\/\/wp-content\/uploads\/ies.satafi.getafe\/2022\/06\/Admision-FP-Web.jpg 880w\" sizes=\"auto, (max-width: 300px) 100vw, 300px\" \/><\/a><\/div><a class=\"wp-block-latest-posts__post-title\" href=\"https:\/\/site.educa.madrid.org\/ies.satafi.getafe\/index.php\/2022\/09\/12\/admision-en-fp-2022-2023\/\">Admisi\u00f3n en FP 2022-2023<\/a><time datetime=\"2022-09-12T09:09:00+02:00\" class=\"wp-block-latest-posts__post-date\">12 septiembre, 2022<\/time><div class=\"wp-block-latest-posts__post-excerpt\">CICLOS FORMATIVOS DE GRADO MEDIO &#8211; MODALIDAD PRESENCIAL LISTADO DE ADMITIDOS (FASE 3) PER\u00cdODO \u00daNICO DE ADMISI\u00d3N: Las solicitudes de admisi\u00f3n a los Ciclos Formativos de Grado Medio se presentar\u00e1n desde el 24 de junio al 1 de julio de 2022, ambas fechas incluidas. Calendario de<\/div><div class=\"blog-btn\"><a href=\"https:\/\/site.educa.madrid.org\/ies.satafi.getafe\/index.php\/2022\/09\/12\/admision-en-fp-2022-2023\/\" class=\"home-blog-btn\">Leer m\u00e1s<\/a><\/div><\/li>\n<\/ul>\n\n\n<p><\/p>\n","protected":false},"excerpt":{"rendered":"","protected":false},"author":7,"featured_media":0,"parent":361,"menu_order":4,"comment_status":"closed","ping_status":"closed","template":"","meta":{"footnotes":""},"folder":[],"class_list":["post-590","page","type-page","status-publish","hentry"],"rttpg_featured_image_url":null,"rttpg_author":{"display_name":"Miguel \u00c1ngel Bonache G\u00f3mez","author_link":"https:\/\/site.educa.madrid.org\/ies.satafi.getafe\/index.php\/author\/miguel-angel_bonache-gomez\/"},"rttpg_comment":0,"rttpg_category":false,"rttpg_excerpt":null,"post_mailing_queue_ids":[],"_links":{"self":[{"href":"https:\/\/site.educa.madrid.org\/ies.satafi.getafe\/index.php\/wp-json\/wp\/v2\/pages\/590","targetHints":{"allow":["GET"]}}],"collection":[{"href":"https:\/\/site.educa.madrid.org\/ies.satafi.getafe\/index.php\/wp-json\/wp\/v2\/pages"}],"about":[{"href":"https:\/\/site.educa.madrid.org\/ies.satafi.getafe\/index.php\/wp-json\/wp\/v2\/types\/page"}],"author":[{"embeddable":true,"href":"https:\/\/site.educa.madrid.org\/ies.satafi.getafe\/index.php\/wp-json\/wp\/v2\/users\/7"}],"replies":[{"embeddable":true,"href":"https:\/\/site.educa.madrid.org\/ies.satafi.getafe\/index.php\/wp-json\/wp\/v2\/comments?post=590"}],"version-history":[{"count":7,"href":"https:\/\/site.educa.madrid.org\/ies.satafi.getafe\/index.php\/wp-json\/wp\/v2\/pages\/590\/revisions"}],"predecessor-version":[{"id":1033,"href":"https:\/\/site.educa.madrid.org\/ies.satafi.getafe\/index.php\/wp-json\/wp\/v2\/pages\/590\/revisions\/1033"}],"up":[{"embeddable":true,"href":"https:\/\/site.educa.madrid.org\/ies.satafi.getafe\/index.php\/wp-json\/wp\/v2\/pages\/361"}],"wp:attachment":[{"href":"https:\/\/site.educa.madrid.org\/ies.satafi.getafe\/index.php\/wp-json\/wp\/v2\/media?parent=590"}],"wp:term":[{"taxonomy":"folder","embeddable":true,"href":"https:\/\/site.educa.madrid.org\/ies.satafi.getafe\/index.php\/wp-json\/wp\/v2\/folder?post=590"}],"curies":[{"name":"wp","href":"https:\/\/api.w.org\/{rel}","templated":true}]}}