{"id":592,"date":"2022-03-03T23:22:34","date_gmt":"2022-03-03T22:22:34","guid":{"rendered":"https:\/\/site.educa.madrid.org\/ies.satafi.getafe\/?page_id=592"},"modified":"2026-04-13T14:17:08","modified_gmt":"2026-04-13T12:17:08","slug":"pruebas-libres-fp-2","status":"publish","type":"page","link":"https:\/\/site.educa.madrid.org\/ies.satafi.getafe\/index.php\/secretaria\/documentos-informativos\/pruebas-libres-fp-2\/","title":{"rendered":"Pruebas libres de FP curso 2025-2026"},"content":{"rendered":"\n<p class=\"has-text-color\" style=\"color:#03476e;font-size:35px\"><strong>PRUEBAS LIBRES DE FP. CURSO 2025-2026<\/strong><\/p>\n\n\n\n<p>Si quieres obtener el t\u00edtulo de T\u00e9cnico y T\u00e9cnico Superior de Formaci\u00f3n Profesional, puedes participar en estas pruebas que se convocan anualmente.<\/p>\n\n\n\n<p>Ofrecen la oportunidad de obtener directamente el t\u00edtulo de T\u00e9cnico y T\u00e9cnico Superior de formaci\u00f3n profesional, sin la necesidad de cursar un ciclo formativo en sus distintas modalidades, siempre que tengas el requisito acad\u00e9mico que da&nbsp;acceso a estas ense\u00f1anzas.<\/p>\n\n\n\n<hr class=\"wp-block-separator has-alpha-channel-opacity\"\/>\n\n\n\n<p>Plazo de matriculaci\u00f3n: del <strong>23 de enero al 5 de febrero de 2026<\/strong>, ambos d\u00edas inclusive.&nbsp;<\/p>\n\n\n<p><a href=\"https:\/\/site.educa.madrid.org\/ies.satafi.getafe\/\/wp-content\/uploads\/ies.satafi.getafe\/2026\/03\/INSTRUCCIONES-pruebas-libres-2026.pdf\">Instrucciones de la convocatoria<\/a> y <a href=\"https:\/\/site.educa.madrid.org\/ies.satafi.getafe\/\/wp-content\/uploads\/ies.satafi.getafe\/2026\/03\/Calendario-WEB-pruebas-libres-2026.pdf\">calendario<\/a><\/p>\n\n\n<p><a href=\"https:\/\/site.educa.madrid.org\/ies.satafi.getafe\/\/wp-content\/uploads\/ies.satafi.getafe\/2026\/01\/Pruebas-Libres-2026-BOCM.pdf\">Acceso a la convocatoria<\/a><\/p>\n\n\n\n<p>Presentaci\u00f3n de solicitudes:<\/p>\n\n\n\n<ul class=\"wp-block-list\">\n<li>De forma telem\u00e1tica, preferentemente, desde el siguiente <a href=\"https:\/\/raices.madrid.org\/secretariavirtual\/\">enlace<\/a><\/li>\n\n\n\n<li>Tambi\u00e9n, de forma telem\u00e1tica, desde el siguiente <a href=\"https:\/\/sede.comunidad.madrid\/ofertas-formacion\/pruebas-libres-tecnico-fp\">enlace<\/a><\/li>\n\n\n\n<li>De forma presencial en la secretar\u00eda de los centros examinadores.<\/li>\n<\/ul>\n\n\n\n<p>Para m\u00e1s informaci\u00f3n pinchar <a href=\"https:\/\/www.comunidad.madrid\/servicios\/educacion\/pruebas-obtencion-titulos-tecnico-tecnico-superior-fp#panel-373656\">aqu\u00ed<\/a>.<\/p>\n\n\n\n<hr class=\"wp-block-separator has-alpha-channel-opacity\"\/>\n\n\n\n<p>Listado de resoluci\u00f3n de los traslados de calificaciones (pendiente de su publicaci\u00f3n)<\/p>\n\n\n\n<hr class=\"wp-block-separator has-alpha-channel-opacity\"\/>\n\n\n\n<p><a href=\"https:\/\/site.educa.madrid.org\/ies.satafi.getafe\/\/wp-content\/uploads\/ies.satafi.getafe\/2026\/04\/Calendario_Pruebas_Libres_IEA_2026.pdf\">Calendario de ex\u00e1menes CFGM Instalaciones El\u00e9ctricas y Autom\u00e1ticas<\/a><\/p>\n\n\n\n<p><a href=\"https:\/\/site.educa.madrid.org\/ies.satafi.getafe\/\/wp-content\/uploads\/ies.satafi.getafe\/2026\/04\/Calendario_Pruebas_Libres_Matricula-excepcional_2026.pdf\">Calendario de ex\u00e1menes CFGS matr\u00edcula excepcional<\/a><\/p>\n\n\n\n<hr class=\"wp-block-separator has-alpha-channel-opacity\"\/>\n\n\n\n<p>Los listados provisionales y definitivos de admitidos y excluidos solo se ven desde la secretaria virtual <a href=\"https:\/\/raices.madrid.org\/secretariavirtual\/\">enlace<\/a><\/p>\n\n\n\n<hr class=\"wp-block-separator has-alpha-channel-opacity\"\/>\n\n\n\n<p><\/p>\n","protected":false},"excerpt":{"rendered":"<p>PRUEBAS LIBRES DE FP. CURSO 2025-2026 Si quieres obtener el t\u00edtulo de T\u00e9cnico y T\u00e9cnico Superior de Formaci\u00f3n Profesional, puedes participar en estas pruebas que se convocan anualmente. Ofrecen la oportunidad de obtener directamente el t\u00edtulo de T\u00e9cnico y T\u00e9cnico Superior de formaci\u00f3n profesional, sin la necesidad de cursar un ciclo formativo en sus distintas<\/p><\/div>\n<div class=\"blog-btn\"><a href=\"https:\/\/site.educa.madrid.org\/ies.satafi.getafe\/index.php\/secretaria\/documentos-informativos\/pruebas-libres-fp-2\/\" class=\"home-blog-btn\">Leer m\u00e1s<\/a><\/p>\n","protected":false},"author":7,"featured_media":0,"parent":361,"menu_order":5,"comment_status":"closed","ping_status":"closed","template":"","meta":{"footnotes":""},"folder":[68],"class_list":["post-592","page","type-page","status-publish","hentry"],"rttpg_featured_image_url":null,"rttpg_author":{"display_name":"Miguel \u00c1ngel Bonache G\u00f3mez","author_link":"https:\/\/site.educa.madrid.org\/ies.satafi.getafe\/index.php\/author\/miguel-angel_bonache-gomez\/"},"rttpg_comment":0,"rttpg_category":" <a href=\"https:\/\/site.educa.madrid.org\/ies.satafi.getafe\/?taxonomy=folder&#038;term=admision-1688545914-3\" rel=\"tag\">Admisi\u00f3n<\/a>","rttpg_excerpt":"PRUEBAS LIBRES DE FP. CURSO 2025-2026 Si quieres obtener el t\u00edtulo de T\u00e9cnico y T\u00e9cnico Superior de Formaci\u00f3n Profesional, puedes participar en estas pruebas que se convocan anualmente. Ofrecen la oportunidad de obtener directamente el t\u00edtulo de T\u00e9cnico y T\u00e9cnico Superior de formaci\u00f3n profesional, sin la necesidad de cursar un ciclo formativo en sus distintasLeer&hellip;","post_mailing_queue_ids":[],"_links":{"self":[{"href":"https:\/\/site.educa.madrid.org\/ies.satafi.getafe\/index.php\/wp-json\/wp\/v2\/pages\/592","targetHints":{"allow":["GET"]}}],"collection":[{"href":"https:\/\/site.educa.madrid.org\/ies.satafi.getafe\/index.php\/wp-json\/wp\/v2\/pages"}],"about":[{"href":"https:\/\/site.educa.madrid.org\/ies.satafi.getafe\/index.php\/wp-json\/wp\/v2\/types\/page"}],"author":[{"embeddable":true,"href":"https:\/\/site.educa.madrid.org\/ies.satafi.getafe\/index.php\/wp-json\/wp\/v2\/users\/7"}],"replies":[{"embeddable":true,"href":"https:\/\/site.educa.madrid.org\/ies.satafi.getafe\/index.php\/wp-json\/wp\/v2\/comments?post=592"}],"version-history":[{"count":47,"href":"https:\/\/site.educa.madrid.org\/ies.satafi.getafe\/index.php\/wp-json\/wp\/v2\/pages\/592\/revisions"}],"predecessor-version":[{"id":10899,"href":"https:\/\/site.educa.madrid.org\/ies.satafi.getafe\/index.php\/wp-json\/wp\/v2\/pages\/592\/revisions\/10899"}],"up":[{"embeddable":true,"href":"https:\/\/site.educa.madrid.org\/ies.satafi.getafe\/index.php\/wp-json\/wp\/v2\/pages\/361"}],"wp:attachment":[{"href":"https:\/\/site.educa.madrid.org\/ies.satafi.getafe\/index.php\/wp-json\/wp\/v2\/media?parent=592"}],"wp:term":[{"taxonomy":"folder","embeddable":true,"href":"https:\/\/site.educa.madrid.org\/ies.satafi.getafe\/index.php\/wp-json\/wp\/v2\/folder?post=592"}],"curies":[{"name":"wp","href":"https:\/\/api.w.org\/{rel}","templated":true}]}}