{"id":663,"date":"2022-03-06T12:55:03","date_gmt":"2022-03-06T11:55:03","guid":{"rendered":"https:\/\/site.educa.madrid.org\/ies.satafi.getafe\/?page_id=663"},"modified":"2024-01-30T16:19:29","modified_gmt":"2024-01-30T15:19:29","slug":"ampa-satafi","status":"publish","type":"page","link":"https:\/\/site.educa.madrid.org\/ies.satafi.getafe\/index.php\/familias\/ampa-satafi\/","title":{"rendered":"AMPA Satafi"},"content":{"rendered":"<h3><strong>Asociaci\u00f3n de madres y padres de alumnos del IES SATAFI<\/strong><\/h3>\n<p>Si quer\u00e9is inscribiros como socios pod\u00e9is <a href=\"https:\/\/site.educa.madrid.org\/ies.satafi.getafe\/\/wp-content\/uploads\/ies.satafi.getafe\/2023\/09\/AMPA-INSCRIPCION.pdf\" target=\"_blank\" rel=\"noopener\">CUMPLIMENTAR LA FICHA DE INSCRIPCI\u00d3N EN MA\u00ddUSCULAS,<\/a> y abonar la cuota anual de 15 euros por familia. Pod\u00e9is hacerlo de dos modos:&nbsp;<\/p>\n<ul>\n<li>Haciendo un ingreso (que lleva costes) o transferencia al siguiente n\u00famero de cuenta: Caja Rural de Ja\u00e9n (Novanca):&nbsp; <strong>ES29 3067 0163 1528 1267 5524<\/strong> <span style=\"font-size: revert; text-align: center; color: initial;\">Titular Asoc. padres de alumnos IES Satafi Getafe<\/span><\/li>\n<li>Tambi\u00e9n pod\u00e9is venir directamente al centro y abonarlo all\u00ed los MARTES de 17.30 a 18:30 h.<\/li>\n<\/ul>\n<p>Hacednos llegar la hoja de inscripci\u00f3n junto al justificante del pago por mail, en nuestro buz\u00f3n o entreg\u00e1dsela a cualquier miembro de la Junta Directiva.<\/p>\n<p>Para cualquier informaci\u00f3n relevante que quer\u00e1is hacer a la Junta Directiva del AMPA, ser\u00e1 necesario escribir al correo electr\u00f3nico: ampasatafi@gmail.com dando una breve explicaci\u00f3n del tema y pedir cita previa. Gracias&nbsp;<\/p>\n<p>Para cualquier otra informaci\u00f3n pod\u00e9is contactar con nosotros por correo en la cuenta institucional:&nbsp; ampa.ies.satafi.getafe@educa.madrid.org o en nuestras cuentas alternativas: <em>satafiinformacion@yahoo.es \/ ampasatafi@gmail.com<\/em> o bien por Messenger <em>Ampa Satafi.&nbsp;<\/em><\/p>\n<p>Puedes visitar las redes sociales del AMPA de nuestro centro en los siguientes botones:<\/p>\n\n\n<ul class=\"wp-block-social-links aligncenter has-large-icon-size is-layout-flex wp-block-social-links-is-layout-flex\"><li class=\"wp-social-link wp-social-link-facebook  wp-block-social-link\"><a href=\"https:\/\/www.facebook.com\/ampa.satafi\/?locale=es_ES\" class=\"wp-block-social-link-anchor\"><svg width=\"24\" height=\"24\" viewBox=\"0 0 24 24\" version=\"1.1\" xmlns=\"http:\/\/www.w3.org\/2000\/svg\" aria-hidden=\"true\" focusable=\"false\"><path d=\"M12 2C6.5 2 2 6.5 2 12c0 5 3.7 9.1 8.4 9.9v-7H7.9V12h2.5V9.8c0-2.5 1.5-3.9 3.8-3.9 1.1 0 2.2.2 2.2.2v2.5h-1.3c-1.2 0-1.6.8-1.6 1.6V12h2.8l-.4 2.9h-2.3v7C18.3 21.1 22 17 22 12c0-5.5-4.5-10-10-10z\"><\/path><\/svg><span class=\"wp-block-social-link-label screen-reader-text\">Facebook<\/span><\/a><\/li>\n\n<li class=\"wp-social-link wp-social-link-instagram  wp-block-social-link\"><a href=\"https:\/\/www.instagram.com\/ampasatafi?hl=es\" class=\"wp-block-social-link-anchor\"><svg width=\"24\" height=\"24\" viewBox=\"0 0 24 24\" version=\"1.1\" xmlns=\"http:\/\/www.w3.org\/2000\/svg\" aria-hidden=\"true\" focusable=\"false\"><path d=\"M12,4.622c2.403,0,2.688,0.009,3.637,0.052c0.877,0.04,1.354,0.187,1.671,0.31c0.42,0.163,0.72,0.358,1.035,0.673 c0.315,0.315,0.51,0.615,0.673,1.035c0.123,0.317,0.27,0.794,0.31,1.671c0.043,0.949,0.052,1.234,0.052,3.637 s-0.009,2.688-0.052,3.637c-0.04,0.877-0.187,1.354-0.31,1.671c-0.163,0.42-0.358,0.72-0.673,1.035 c-0.315,0.315-0.615,0.51-1.035,0.673c-0.317,0.123-0.794,0.27-1.671,0.31c-0.949,0.043-1.233,0.052-3.637,0.052 s-2.688-0.009-3.637-0.052c-0.877-0.04-1.354-0.187-1.671-0.31c-0.42-0.163-0.72-0.358-1.035-0.673 c-0.315-0.315-0.51-0.615-0.673-1.035c-0.123-0.317-0.27-0.794-0.31-1.671C4.631,14.688,4.622,14.403,4.622,12 s0.009-2.688,0.052-3.637c0.04-0.877,0.187-1.354,0.31-1.671c0.163-0.42,0.358-0.72,0.673-1.035 c0.315-0.315,0.615-0.51,1.035-0.673c0.317-0.123,0.794-0.27,1.671-0.31C9.312,4.631,9.597,4.622,12,4.622 M12,3 C9.556,3,9.249,3.01,8.289,3.054C7.331,3.098,6.677,3.25,6.105,3.472C5.513,3.702,5.011,4.01,4.511,4.511 c-0.5,0.5-0.808,1.002-1.038,1.594C3.25,6.677,3.098,7.331,3.054,8.289C3.01,9.249,3,9.556,3,12c0,2.444,0.01,2.751,0.054,3.711 c0.044,0.958,0.196,1.612,0.418,2.185c0.23,0.592,0.538,1.094,1.038,1.594c0.5,0.5,1.002,0.808,1.594,1.038 c0.572,0.222,1.227,0.375,2.185,0.418C9.249,20.99,9.556,21,12,21s2.751-0.01,3.711-0.054c0.958-0.044,1.612-0.196,2.185-0.418 c0.592-0.23,1.094-0.538,1.594-1.038c0.5-0.5,0.808-1.002,1.038-1.594c0.222-0.572,0.375-1.227,0.418-2.185 C20.99,14.751,21,14.444,21,12s-0.01-2.751-0.054-3.711c-0.044-0.958-0.196-1.612-0.418-2.185c-0.23-0.592-0.538-1.094-1.038-1.594 c-0.5-0.5-1.002-0.808-1.594-1.038c-0.572-0.222-1.227-0.375-2.185-0.418C14.751,3.01,14.444,3,12,3L12,3z M12,7.378 c-2.552,0-4.622,2.069-4.622,4.622S9.448,16.622,12,16.622s4.622-2.069,4.622-4.622S14.552,7.378,12,7.378z M12,15 c-1.657,0-3-1.343-3-3s1.343-3,3-3s3,1.343,3,3S13.657,15,12,15z M16.804,6.116c-0.596,0-1.08,0.484-1.08,1.08 s0.484,1.08,1.08,1.08c0.596,0,1.08-0.484,1.08-1.08S17.401,6.116,16.804,6.116z\"><\/path><\/svg><span class=\"wp-block-social-link-label screen-reader-text\">Instagram<\/span><\/a><\/li><\/ul>\n\n\n\n<div style=\"height:80px\" aria-hidden=\"true\" class=\"wp-block-spacer\"><\/div>\n\n\n\n<p class=\"has-text-align-center has-vivid-red-color has-text-color has-medium-font-size\"><strong>NOVEDADES<\/strong><\/p>\n\n\n\n<hr class=\"wp-block-separator has-alpha-channel-opacity\"\/>\n\n\n<ul class=\"wp-block-latest-posts__list is-grid columns-3 has-dates wp-block-latest-posts\"><li><div class=\"wp-block-latest-posts__featured-image\"><a href=\"https:\/\/site.educa.madrid.org\/ies.satafi.getafe\/index.php\/2025\/12\/19\/festival-de-invierno\/\" aria-label=\"Festival De Invierno 2025\"><img loading=\"lazy\" decoding=\"async\" width=\"163\" height=\"90\" src=\"https:\/\/site.educa.madrid.org\/ies.satafi.getafe\/\/wp-content\/uploads\/ies.satafi.getafe\/2025\/12\/Cartel-2.jpg\" class=\"attachment-medium size-medium wp-post-image\" alt=\"\" style=\"\" \/><\/a><\/div><a class=\"wp-block-latest-posts__post-title\" href=\"https:\/\/site.educa.madrid.org\/ies.satafi.getafe\/index.php\/2025\/12\/19\/festival-de-invierno\/\">Festival De Invierno 2025<\/a><time datetime=\"2025-12-19T18:00:50+01:00\" class=\"wp-block-latest-posts__post-date\">19 diciembre, 2025<\/time><div class=\"wp-block-latest-posts__post-excerpt\">Cerramos este primer cuatrimestre del curso con un Festival De Invierno en el que nuestro alumnado,\u00a0 \u00a0 el viernes 19 de diciembre, pudo disfrutar de multitud de actividades organizadas por nuestro docente. En primer lugar, se organiz\u00f3 un mercadillo<\/div><div class=\"blog-btn\"><a href=\"https:\/\/site.educa.madrid.org\/ies.satafi.getafe\/index.php\/2025\/12\/19\/festival-de-invierno\/\" class=\"home-blog-btn\">Leer m\u00e1s<\/a><\/div><\/li>\n<li><div class=\"wp-block-latest-posts__featured-image\"><a href=\"https:\/\/site.educa.madrid.org\/ies.satafi.getafe\/index.php\/2025\/12\/17\/ganadores-de-los-concursos-navidenos\/\" aria-label=\"Ganadores de los concursos navide\u00f1os\"><img loading=\"lazy\" decoding=\"async\" width=\"211\" height=\"300\" src=\"https:\/\/site.educa.madrid.org\/ies.satafi.getafe\/\/wp-content\/uploads\/ies.satafi.getafe\/2025\/12\/02_felicitacion_25-26_satafi-211x300.jpg\" class=\"attachment-medium size-medium wp-post-image\" alt=\"\" style=\"\" srcset=\"https:\/\/site.educa.madrid.org\/ies.satafi.getafe\/\/wp-content\/uploads\/ies.satafi.getafe\/2025\/12\/02_felicitacion_25-26_satafi-211x300.jpg 211w, https:\/\/site.educa.madrid.org\/ies.satafi.getafe\/\/wp-content\/uploads\/ies.satafi.getafe\/2025\/12\/02_felicitacion_25-26_satafi-722x1024.jpg 722w, https:\/\/site.educa.madrid.org\/ies.satafi.getafe\/\/wp-content\/uploads\/ies.satafi.getafe\/2025\/12\/02_felicitacion_25-26_satafi-768x1090.jpg 768w, https:\/\/site.educa.madrid.org\/ies.satafi.getafe\/\/wp-content\/uploads\/ies.satafi.getafe\/2025\/12\/02_felicitacion_25-26_satafi-1083x1536.jpg 1083w, https:\/\/site.educa.madrid.org\/ies.satafi.getafe\/\/wp-content\/uploads\/ies.satafi.getafe\/2025\/12\/02_felicitacion_25-26_satafi-1444x2048.jpg 1444w, https:\/\/site.educa.madrid.org\/ies.satafi.getafe\/\/wp-content\/uploads\/ies.satafi.getafe\/2025\/12\/02_felicitacion_25-26_satafi-e1767034117937.jpg 493w\" sizes=\"auto, (max-width: 211px) 100vw, 211px\" \/><\/a><\/div><a class=\"wp-block-latest-posts__post-title\" href=\"https:\/\/site.educa.madrid.org\/ies.satafi.getafe\/index.php\/2025\/12\/17\/ganadores-de-los-concursos-navidenos\/\">Ganadores de los concursos navide\u00f1os<\/a><time datetime=\"2025-12-17T18:00:45+01:00\" class=\"wp-block-latest-posts__post-date\">17 diciembre, 2025<\/time><div class=\"wp-block-latest-posts__post-excerpt\">Por fin conocemos a los ganadores de los concursos navide\u00f1os organizados en el IES Satafi. En primer lugar la ganadora de la postal navide\u00f1a del centro es : Ariadna \u00c1lvarez Moreno de 4\u00baC En segundo lugar el ganador del<\/div><div class=\"blog-btn\"><a href=\"https:\/\/site.educa.madrid.org\/ies.satafi.getafe\/index.php\/2025\/12\/17\/ganadores-de-los-concursos-navidenos\/\" class=\"home-blog-btn\">Leer m\u00e1s<\/a><\/div><\/li>\n<li><div class=\"wp-block-latest-posts__featured-image\"><a href=\"https:\/\/site.educa.madrid.org\/ies.satafi.getafe\/index.php\/2025\/11\/28\/concurso-navideno-ampa\/\" aria-label=\"Concurso navide\u00f1o AMPA\"><img loading=\"lazy\" decoding=\"async\" width=\"222\" height=\"300\" src=\"https:\/\/site.educa.madrid.org\/ies.satafi.getafe\/\/wp-content\/uploads\/ies.satafi.getafe\/2025\/12\/Concurso-adornos-navidenos-222x300.jpg\" class=\"attachment-medium size-medium wp-post-image\" alt=\"\" style=\"\" srcset=\"https:\/\/site.educa.madrid.org\/ies.satafi.getafe\/\/wp-content\/uploads\/ies.satafi.getafe\/2025\/12\/Concurso-adornos-navidenos-222x300.jpg 222w, https:\/\/site.educa.madrid.org\/ies.satafi.getafe\/\/wp-content\/uploads\/ies.satafi.getafe\/2025\/12\/Concurso-adornos-navidenos-e1764666079789.jpg 444w\" sizes=\"auto, (max-width: 222px) 100vw, 222px\" \/><\/a><\/div><a class=\"wp-block-latest-posts__post-title\" href=\"https:\/\/site.educa.madrid.org\/ies.satafi.getafe\/index.php\/2025\/11\/28\/concurso-navideno-ampa\/\">Concurso navide\u00f1o AMPA<\/a><time datetime=\"2025-11-28T12:00:50+01:00\" class=\"wp-block-latest-posts__post-date\">28 noviembre, 2025<\/time><div class=\"wp-block-latest-posts__post-excerpt\">Una navidad m\u00e1s el AMPA del IES Satafi lanza su concurso de adornos navide\u00f1os en el \u00e1rbol de navidad expuesto en el Hall de la entrada de nuestro instituto. OS ANIMAMOS A PARTICIPAR<\/div><\/li>\n<li><div class=\"wp-block-latest-posts__featured-image\"><a href=\"https:\/\/site.educa.madrid.org\/ies.satafi.getafe\/index.php\/2025\/11\/04\/jornada-de-ciudades-protectoras-con-la-infancia-y-la-adolescencia\/\" aria-label=\"Jornada de Ciudades Protectoras con la infancia y la adolescencia\"><img loading=\"lazy\" decoding=\"async\" width=\"216\" height=\"300\" src=\"https:\/\/site.educa.madrid.org\/ies.satafi.getafe\/\/wp-content\/uploads\/ies.satafi.getafe\/2025\/11\/Cartel-jornadas-ciudades-protectoras-v2-216x300.jpg\" class=\"attachment-medium size-medium wp-post-image\" alt=\"\" style=\"\" srcset=\"https:\/\/site.educa.madrid.org\/ies.satafi.getafe\/\/wp-content\/uploads\/ies.satafi.getafe\/2025\/11\/Cartel-jornadas-ciudades-protectoras-v2-216x300.jpg 216w, https:\/\/site.educa.madrid.org\/ies.satafi.getafe\/\/wp-content\/uploads\/ies.satafi.getafe\/2025\/11\/Cartel-jornadas-ciudades-protectoras-v2-e1762461110311.jpg 287w\" sizes=\"auto, (max-width: 216px) 100vw, 216px\" \/><\/a><\/div><a class=\"wp-block-latest-posts__post-title\" href=\"https:\/\/site.educa.madrid.org\/ies.satafi.getafe\/index.php\/2025\/11\/04\/jornada-de-ciudades-protectoras-con-la-infancia-y-la-adolescencia\/\">Jornada de Ciudades Protectoras con la infancia y la adolescencia<\/a><time datetime=\"2025-11-04T08:00:52+01:00\" class=\"wp-block-latest-posts__post-date\">4 noviembre, 2025<\/time><div class=\"wp-block-latest-posts__post-excerpt\">Dentro de las Jornadas para las familias relacionado con el Bienestar Emocional de la infancia y la adolescencia, os presentamos estas jornadas del Ayuntamiento de Getafe en las que las familias pod\u00e9is acercaros y asistir a distintas charlas en<\/div><div class=\"blog-btn\"><a href=\"https:\/\/site.educa.madrid.org\/ies.satafi.getafe\/index.php\/2025\/11\/04\/jornada-de-ciudades-protectoras-con-la-infancia-y-la-adolescencia\/\" class=\"home-blog-btn\">Leer m\u00e1s<\/a><\/div><\/li>\n<li><div class=\"wp-block-latest-posts__featured-image\"><a href=\"https:\/\/site.educa.madrid.org\/ies.satafi.getafe\/index.php\/2025\/03\/14\/concurso-ampa-mateschef\/\" aria-label=\"Concurso AMPA: Mateschef\"><img loading=\"lazy\" decoding=\"async\" width=\"212\" height=\"300\" src=\"https:\/\/site.educa.madrid.org\/ies.satafi.getafe\/\/wp-content\/uploads\/ies.satafi.getafe\/2025\/04\/ad0fdb12-f382-42b7-86fb-317666fe5c73-212x300.jpg\" class=\"attachment-medium size-medium wp-post-image\" alt=\"\" style=\"\" srcset=\"https:\/\/site.educa.madrid.org\/ies.satafi.getafe\/\/wp-content\/uploads\/ies.satafi.getafe\/2025\/04\/ad0fdb12-f382-42b7-86fb-317666fe5c73-212x300.jpg 212w, https:\/\/site.educa.madrid.org\/ies.satafi.getafe\/\/wp-content\/uploads\/ies.satafi.getafe\/2025\/04\/ad0fdb12-f382-42b7-86fb-317666fe5c73-724x1024.jpg 724w, https:\/\/site.educa.madrid.org\/ies.satafi.getafe\/\/wp-content\/uploads\/ies.satafi.getafe\/2025\/04\/ad0fdb12-f382-42b7-86fb-317666fe5c73-768x1086.jpg 768w, https:\/\/site.educa.madrid.org\/ies.satafi.getafe\/\/wp-content\/uploads\/ies.satafi.getafe\/2025\/04\/ad0fdb12-f382-42b7-86fb-317666fe5c73-1086x1536.jpg 1086w, https:\/\/site.educa.madrid.org\/ies.satafi.getafe\/\/wp-content\/uploads\/ies.satafi.getafe\/2025\/04\/ad0fdb12-f382-42b7-86fb-317666fe5c73-e1745430377827.jpg 353w\" sizes=\"auto, (max-width: 212px) 100vw, 212px\" \/><\/a><\/div><a class=\"wp-block-latest-posts__post-title\" href=\"https:\/\/site.educa.madrid.org\/ies.satafi.getafe\/index.php\/2025\/03\/14\/concurso-ampa-mateschef\/\">Concurso AMPA: Mateschef<\/a><time datetime=\"2025-03-14T19:51:12+01:00\" class=\"wp-block-latest-posts__post-date\">14 marzo, 2025<\/time><div class=\"wp-block-latest-posts__post-excerpt\">Durante el mes de marzo ha sido posible participar en el concurso de comida matem\u00e1tica denominado \u00abMateschef\u00bb. Hasta el d\u00eda 12 de marzo\u00a0 se pod\u00eda inscribir cualquier alumno del centro, en el AMPA o cont\u00e1ndoselo al profe de mates.<\/div><div class=\"blog-btn\"><a href=\"https:\/\/site.educa.madrid.org\/ies.satafi.getafe\/index.php\/2025\/03\/14\/concurso-ampa-mateschef\/\" class=\"home-blog-btn\">Leer m\u00e1s<\/a><\/div><\/li>\n<li><div class=\"wp-block-latest-posts__featured-image\"><a href=\"https:\/\/site.educa.madrid.org\/ies.satafi.getafe\/index.php\/2025\/01\/27\/concurso-adornos-navidenos-del-ampa-satafi\/\" aria-label=\"Concurso Adornos Navide\u00f1os del AMPA Satafi\"><img loading=\"lazy\" decoding=\"async\" width=\"300\" height=\"195\" src=\"https:\/\/site.educa.madrid.org\/ies.satafi.getafe\/\/wp-content\/uploads\/ies.satafi.getafe\/2025\/01\/IMG_20250123_072203-300x195.jpg\" class=\"attachment-medium size-medium wp-post-image\" alt=\"\" style=\"\" srcset=\"https:\/\/site.educa.madrid.org\/ies.satafi.getafe\/\/wp-content\/uploads\/ies.satafi.getafe\/2025\/01\/IMG_20250123_072203-300x195.jpg 300w, https:\/\/site.educa.madrid.org\/ies.satafi.getafe\/\/wp-content\/uploads\/ies.satafi.getafe\/2025\/01\/IMG_20250123_072203-1024x666.jpg 1024w, https:\/\/site.educa.madrid.org\/ies.satafi.getafe\/\/wp-content\/uploads\/ies.satafi.getafe\/2025\/01\/IMG_20250123_072203-768x499.jpg 768w, https:\/\/site.educa.madrid.org\/ies.satafi.getafe\/\/wp-content\/uploads\/ies.satafi.getafe\/2025\/01\/IMG_20250123_072203-1536x999.jpg 1536w, https:\/\/site.educa.madrid.org\/ies.satafi.getafe\/\/wp-content\/uploads\/ies.satafi.getafe\/2025\/01\/IMG_20250123_072203-2048x1331.jpg 2048w, https:\/\/site.educa.madrid.org\/ies.satafi.getafe\/\/wp-content\/uploads\/ies.satafi.getafe\/2025\/01\/IMG_20250123_072203-scaled-e1737999402602.jpg 600w\" sizes=\"auto, (max-width: 300px) 100vw, 300px\" \/><\/a><\/div><a class=\"wp-block-latest-posts__post-title\" href=\"https:\/\/site.educa.madrid.org\/ies.satafi.getafe\/index.php\/2025\/01\/27\/concurso-adornos-navidenos-del-ampa-satafi\/\">Concurso Adornos Navide\u00f1os del AMPA Satafi<\/a><time datetime=\"2025-01-27T18:37:50+01:00\" class=\"wp-block-latest-posts__post-date\">27 enero, 2025<\/time><div class=\"wp-block-latest-posts__post-excerpt\">El concurso de adornos navide\u00f1os promovido por el AMPA del IES Satafi ha entregado los premios el pasado 21 de enero a los siguientes ganadores en el orden que recogen las im\u00e1genes: La elaboraci\u00f3n de los adornos se ha<\/div><div class=\"blog-btn\"><a href=\"https:\/\/site.educa.madrid.org\/ies.satafi.getafe\/index.php\/2025\/01\/27\/concurso-adornos-navidenos-del-ampa-satafi\/\" class=\"home-blog-btn\">Leer m\u00e1s<\/a><\/div><\/li>\n<\/ul>","protected":false},"excerpt":{"rendered":"<p>Asociaci\u00f3n de madres y padres de alumnos del IES SATAFI Si quer\u00e9is inscribiros como socios pod\u00e9is CUMPLIMENTAR LA FICHA DE INSCRIPCI\u00d3N EN MA\u00ddUSCULAS, y abonar la cuota anual de 15 euros por familia. Pod\u00e9is hacerlo de dos modos:&nbsp; Haciendo un ingreso (que lleva costes) o transferencia al siguiente n\u00famero de cuenta: Caja Rural de Ja\u00e9n<\/p><\/div>\n<div class=\"blog-btn\"><a href=\"https:\/\/site.educa.madrid.org\/ies.satafi.getafe\/index.php\/familias\/ampa-satafi\/\" class=\"home-blog-btn\">Leer m\u00e1s<\/a><\/p>\n","protected":false},"author":5,"featured_media":0,"parent":2531,"menu_order":3,"comment_status":"closed","ping_status":"closed","template":"","meta":{"footnotes":""},"folder":[],"class_list":["post-663","page","type-page","status-publish","hentry"],"rttpg_featured_image_url":null,"rttpg_author":{"display_name":"Inmaculada Alonso Casarrubios","author_link":"https:\/\/site.educa.madrid.org\/ies.satafi.getafe\/index.php\/author\/inmaculada_alonso-casarrubios\/"},"rttpg_comment":0,"rttpg_category":false,"rttpg_excerpt":"Asociaci\u00f3n de madres y padres de alumnos del IES SATAFI Si quer\u00e9is inscribiros como socios pod\u00e9is CUMPLIMENTAR LA FICHA DE INSCRIPCI\u00d3N EN MA\u00ddUSCULAS, y abonar la cuota anual de 15 euros por familia. Pod\u00e9is hacerlo de dos modos:&nbsp; Haciendo un ingreso (que lleva costes) o transferencia al siguiente n\u00famero de cuenta: Caja Rural de Ja\u00e9nLeer&hellip;","post_mailing_queue_ids":[],"_links":{"self":[{"href":"https:\/\/site.educa.madrid.org\/ies.satafi.getafe\/index.php\/wp-json\/wp\/v2\/pages\/663","targetHints":{"allow":["GET"]}}],"collection":[{"href":"https:\/\/site.educa.madrid.org\/ies.satafi.getafe\/index.php\/wp-json\/wp\/v2\/pages"}],"about":[{"href":"https:\/\/site.educa.madrid.org\/ies.satafi.getafe\/index.php\/wp-json\/wp\/v2\/types\/page"}],"author":[{"embeddable":true,"href":"https:\/\/site.educa.madrid.org\/ies.satafi.getafe\/index.php\/wp-json\/wp\/v2\/users\/5"}],"replies":[{"embeddable":true,"href":"https:\/\/site.educa.madrid.org\/ies.satafi.getafe\/index.php\/wp-json\/wp\/v2\/comments?post=663"}],"version-history":[{"count":11,"href":"https:\/\/site.educa.madrid.org\/ies.satafi.getafe\/index.php\/wp-json\/wp\/v2\/pages\/663\/revisions"}],"predecessor-version":[{"id":4605,"href":"https:\/\/site.educa.madrid.org\/ies.satafi.getafe\/index.php\/wp-json\/wp\/v2\/pages\/663\/revisions\/4605"}],"up":[{"embeddable":true,"href":"https:\/\/site.educa.madrid.org\/ies.satafi.getafe\/index.php\/wp-json\/wp\/v2\/pages\/2531"}],"wp:attachment":[{"href":"https:\/\/site.educa.madrid.org\/ies.satafi.getafe\/index.php\/wp-json\/wp\/v2\/media?parent=663"}],"wp:term":[{"taxonomy":"folder","embeddable":true,"href":"https:\/\/site.educa.madrid.org\/ies.satafi.getafe\/index.php\/wp-json\/wp\/v2\/folder?post=663"}],"curies":[{"name":"wp","href":"https:\/\/api.w.org\/{rel}","templated":true}]}}