{"id":724,"date":"2022-03-06T20:29:16","date_gmt":"2022-03-06T19:29:16","guid":{"rendered":"https:\/\/site.educa.madrid.org\/ies.satafi.getafe\/?page_id=724"},"modified":"2022-07-04T13:21:07","modified_gmt":"2022-07-04T11:21:07","slug":"proyectos-europeos","status":"publish","type":"page","link":"https:\/\/site.educa.madrid.org\/ies.satafi.getafe\/index.php\/proyectos\/proyectos-europeos\/","title":{"rendered":"Proyectos Europeos"},"content":{"rendered":"\n<div class=\"wp-block-columns is-layout-flex wp-container-core-columns-is-layout-9d6595d7 wp-block-columns-is-layout-flex\">\n<div class=\"wp-block-column is-layout-flow wp-block-column-is-layout-flow\">\n<h2 class=\"wp-block-heading\">Programa Erasmus+<\/h2>\n<\/div>\n\n\n\n<div class=\"wp-block-column is-layout-flow wp-block-column-is-layout-flow\"><\/div>\n\n\n\n<div class=\"wp-block-column is-layout-flow wp-block-column-is-layout-flow\">\n<figure class=\"wp-block-image size-large\"><img loading=\"lazy\" decoding=\"async\" width=\"249\" height=\"61\" src=\"https:\/\/site.educa.madrid.org\/ies.satafi.getafe\/\/wp-content\/uploads\/ies.satafi.getafe\/2022\/04\/logo_erasmus_dcha.jpg\" alt=\"\" class=\"wp-image-918\"\/><\/figure>\n<\/div>\n<\/div>\n\n\n\n<p>Erasmus+ \u00e9s el programa de la UE para dar soporte a la educaci\u00f3n, la formaci\u00f3n, la juventud y el deporte en Europa, a trav\u00e9s de estancias en los paises de la Uni\u00f3n Europea.Tiene entre sus objetivos mejorar la calidad de la Formaci\u00f3n Profesional (FP) en Europa, ofreciendo a los alumnos y a los profesores de esas ense\u00f1anzas oportunidades de movilidad para el aprendizaje. De acuerdo con ello, los alumnos pueden realizar formaci\u00f3n y pr\u00e1cticas y el profesorado o personal docencia, formaci\u00f3n y pr\u00e1cticas de observaci\u00f3n. De este modo se contribuye a mejorar las posibilidades de empleo y las habilidades personales, a potenciar la competitividad de la econom\u00eda europea, a incrementar la competencia ling\u00fc\u00edstica y a crear una dimensi\u00f3n europea de la educaci\u00f3n.<\/p>\n\n\n\n<p>Para el per\u00edodo 2021-2027, el programa da especial relevancia a la inclusi\u00f3n social, a las transiciones ecol\u00f3gicas y digitales, y al fomento de la participaci\u00f3n de los j\u00f3venes en la vida democr\u00e1tica.<\/p>\n\n\n\n<div style=\"height:44px\" aria-hidden=\"true\" class=\"wp-block-spacer\"><\/div>\n\n\n\n<p><\/p>\n\n\n\n<div class=\"wp-block-media-text alignwide is-stacked-on-mobile is-vertically-aligned-top\"><figure class=\"wp-block-media-text__media\"><img loading=\"lazy\" decoding=\"async\" width=\"550\" height=\"309\" src=\"https:\/\/site.educa.madrid.org\/ies.satafi.getafe\/\/wp-content\/uploads\/ies.satafi.getafe\/2022\/03\/paises-para-irse-de-erasmus-1-1-1.jpg\" alt=\"\" class=\"wp-image-781 size-full\" srcset=\"https:\/\/site.educa.madrid.org\/ies.satafi.getafe\/\/wp-content\/uploads\/ies.satafi.getafe\/2022\/03\/paises-para-irse-de-erasmus-1-1-1.jpg 550w, https:\/\/site.educa.madrid.org\/ies.satafi.getafe\/\/wp-content\/uploads\/ies.satafi.getafe\/2022\/03\/paises-para-irse-de-erasmus-1-1-1-300x169.jpg 300w\" sizes=\"auto, (max-width: 550px) 100vw, 550px\" \/><\/figure><div class=\"wp-block-media-text__content\">\n<div class=\"wp-block-file\"><a id=\"wp-block-file--media-91817ef8-b3f5-42ac-93d1-64ae96dcbbf0\" href=\"https:\/\/site.educa.madrid.org\/ies.satafi.getafe\/\/wp-content\/uploads\/ies.satafi.getafe\/2022\/04\/Carta-ECHE-2021-2027.pdf\" target=\"_blank\" rel=\"noreferrer noopener\">\u2022 Carta ECHE 2021-2027<\/a><\/div>\n\n\n\n<div style=\"height:20px\" aria-hidden=\"true\" class=\"wp-block-spacer\"><\/div>\n\n\n\n<div class=\"wp-block-file\"><a id=\"wp-block-file--media-a3230c37-7744-41da-8771-921c53cbdee8\" href=\"https:\/\/site.educa.madrid.org\/ies.satafi.getafe\/\/wp-content\/uploads\/ies.satafi.getafe\/2022\/04\/Declaracion-de-politica-Erasmus.pdf\" target=\"_blank\" rel=\"noreferrer noopener\">\u2022 Declaracion de pol\u00edtica Erasmus<\/a><\/div>\n\n\n\n<div style=\"height:20px\" aria-hidden=\"true\" class=\"wp-block-spacer\"><\/div>\n\n\n\n<div class=\"wp-block-file\"><a id=\"wp-block-file--media-038644c2-a58c-4b12-b0a3-677d1a99b298\" href=\"https:\/\/site.educa.madrid.org\/ies.satafi.getafe\/\/wp-content\/uploads\/ies.satafi.getafe\/2022\/04\/Erasmus-Policy-Statement-1.pdf\" target=\"_blank\" rel=\"noreferrer noopener\">\u2022 Erasmus Policy Statement <\/a><\/div>\n\n\n\n<div style=\"height:20px\" aria-hidden=\"true\" class=\"wp-block-spacer\"><\/div>\n\n\n\n<p>\u2022 Web del <a href=\"http:\/\/sepie.es\/\" target=\"_blank\" rel=\"noreferrer noopener\">SEPIE<\/a> (<em>Servicio Espa\u00f1ol para la internacionalizaci\u00f3n de la Educaci\u00f3n<\/em>)<\/p>\n<\/div><\/div>\n\n\n\n<div style=\"height:50px\" aria-hidden=\"true\" class=\"wp-block-spacer\"><\/div>\n\n\n\n<div class=\"wp-block-columns is-layout-flex wp-container-core-columns-is-layout-9d6595d7 wp-block-columns-is-layout-flex\">\n<div class=\"wp-block-column is-layout-flow wp-block-column-is-layout-flow\"><div\n\t\t\t\n\t\t\tclass=\"so-widget-sow-button so-widget-sow-button-atom-8f160190b6ff\"\n\t\t\t\n\t\t><div class=\"ow-button-base ow-button-align-center\">\n\t<a\n\thref=\"https:\/\/site.educa.madrid.org\/ies.satafi.getafe\/index.php\/erasmus-convocatorias\/\"\n\t\tclass=\"ow-icon-placement-left ow-button-hover\" \t>\n\t\t<span>\n\t\t\t\n\t\t\tConvocatorias\t\t<\/span>\n\t<\/a>\n<\/div>\n<\/div><\/div>\n\n\n\n<div class=\"wp-block-column is-layout-flow wp-block-column-is-layout-flow\"><div\n\t\t\t\n\t\t\tclass=\"so-widget-sow-button so-widget-sow-button-atom-8f160190b6ff\"\n\t\t\t\n\t\t><div class=\"ow-button-base ow-button-align-center\">\n\t<a\n\thref=\"https:\/\/site.educa.madrid.org\/ies.satafi.getafe\/index.php\/erasmus-preguntas-frecuentes\/\"\n\t\tclass=\"ow-icon-placement-left ow-button-hover\" \t>\n\t\t<span>\n\t\t\t\n\t\t\tPreguntas frecuentes\t\t<\/span>\n\t<\/a>\n<\/div>\n<\/div><\/div>\n<\/div>\n\n\n\n<div style=\"height:49px\" aria-hidden=\"true\" class=\"wp-block-spacer\"><\/div>\n\n\n\n<p class=\"has-text-align-center has-vivid-red-color has-text-color has-medium-font-size\"><strong>                                   NOVEDADES<\/strong><\/p>\n\n\n\n<hr class=\"wp-block-separator has-text-color has-background is-style-default\" style=\"background-color:#2207e3;color:#2207e3\"\/>\n\n\n<ul class=\"wp-block-latest-posts__list is-grid columns-3 has-dates wp-block-latest-posts\"><li><div class=\"wp-block-latest-posts__featured-image\"><a href=\"https:\/\/site.educa.madrid.org\/ies.satafi.getafe\/index.php\/2025\/06\/02\/erasmus-de-los-alumnos-del-ies-satafi\/\" aria-label=\"Finalizaci\u00f3n de las movilidades Erasmus 2024-2025\"><img loading=\"lazy\" decoding=\"async\" width=\"300\" height=\"221\" src=\"https:\/\/site.educa.madrid.org\/ies.satafi.getafe\/\/wp-content\/uploads\/ies.satafi.getafe\/2022\/07\/Logo_Erasmus-300x221.jpg\" class=\"attachment-medium size-medium wp-post-image\" alt=\"\" style=\"\" srcset=\"https:\/\/site.educa.madrid.org\/ies.satafi.getafe\/\/wp-content\/uploads\/ies.satafi.getafe\/2022\/07\/Logo_Erasmus-300x221.jpg 300w, https:\/\/site.educa.madrid.org\/ies.satafi.getafe\/\/wp-content\/uploads\/ies.satafi.getafe\/2022\/07\/Logo_Erasmus.jpg 360w\" sizes=\"auto, (max-width: 300px) 100vw, 300px\" \/><\/a><\/div><a class=\"wp-block-latest-posts__post-title\" href=\"https:\/\/site.educa.madrid.org\/ies.satafi.getafe\/index.php\/2025\/06\/02\/erasmus-de-los-alumnos-del-ies-satafi\/\">Finalizaci\u00f3n de las movilidades Erasmus 2024-2025<\/a><time datetime=\"2025-06-02T13:57:30+02:00\" class=\"wp-block-latest-posts__post-date\">2 junio, 2025<\/time><div class=\"wp-block-latest-posts__post-excerpt\">\ud83c\udf0d\u2708\ufe0f \u00a1Nuestros alumnos de Grado Medio y Superior ya han vuelto de su experiencia Erasmus+! Durante dos meses, realizaron su Formaci\u00f3n en Centros de Trabajo (FCT) en empresas de Malta, M\u00f3dena, Catania y Nantes, donde pusieron en pr\u00e1ctica lo<\/div><div class=\"blog-btn\"><a href=\"https:\/\/site.educa.madrid.org\/ies.satafi.getafe\/index.php\/2025\/06\/02\/erasmus-de-los-alumnos-del-ies-satafi\/\" class=\"home-blog-btn\">Leer m\u00e1s<\/a><\/div><\/li>\n<li><div class=\"wp-block-latest-posts__featured-image\"><a href=\"https:\/\/site.educa.madrid.org\/ies.satafi.getafe\/index.php\/2024\/06\/14\/finalizacion-de-las-movilidades-erasmus-2023-2024\/\" aria-label=\"Finalizaci\u00f3n de las movilidades Erasmus 2023-2024\"><img loading=\"lazy\" decoding=\"async\" width=\"300\" height=\"221\" src=\"https:\/\/site.educa.madrid.org\/ies.satafi.getafe\/\/wp-content\/uploads\/ies.satafi.getafe\/2022\/07\/Logo_Erasmus-300x221.jpg\" class=\"attachment-medium size-medium wp-post-image\" alt=\"\" style=\"\" srcset=\"https:\/\/site.educa.madrid.org\/ies.satafi.getafe\/\/wp-content\/uploads\/ies.satafi.getafe\/2022\/07\/Logo_Erasmus-300x221.jpg 300w, https:\/\/site.educa.madrid.org\/ies.satafi.getafe\/\/wp-content\/uploads\/ies.satafi.getafe\/2022\/07\/Logo_Erasmus.jpg 360w\" sizes=\"auto, (max-width: 300px) 100vw, 300px\" \/><\/a><\/div><a class=\"wp-block-latest-posts__post-title\" href=\"https:\/\/site.educa.madrid.org\/ies.satafi.getafe\/index.php\/2024\/06\/14\/finalizacion-de-las-movilidades-erasmus-2023-2024\/\">Finalizaci\u00f3n de las movilidades Erasmus 2023-2024<\/a><time datetime=\"2024-06-14T10:00:00+02:00\" class=\"wp-block-latest-posts__post-date\">14 junio, 2024<\/time><div class=\"wp-block-latest-posts__post-excerpt\">Nuestras 4 movilidades de este curso ya han terminado con \u00e9xito. \u00a1Enhorabuena a nuestros 4 alumnos! En las fotograf\u00edas podemos ver a los 4, haciendo turismo en su tiempo libre.<\/div><\/li>\n<li><div class=\"wp-block-latest-posts__featured-image\"><a href=\"https:\/\/site.educa.madrid.org\/ies.satafi.getafe\/index.php\/2024\/03\/28\/inicio-de-las-movilidades-erasmus-2023-2024\/\" aria-label=\"Inicio de las movilidades Erasmus 2023-2024\"><img loading=\"lazy\" decoding=\"async\" width=\"300\" height=\"221\" src=\"https:\/\/site.educa.madrid.org\/ies.satafi.getafe\/\/wp-content\/uploads\/ies.satafi.getafe\/2022\/07\/Logo_Erasmus-300x221.jpg\" class=\"attachment-medium size-medium wp-post-image\" alt=\"\" style=\"\" srcset=\"https:\/\/site.educa.madrid.org\/ies.satafi.getafe\/\/wp-content\/uploads\/ies.satafi.getafe\/2022\/07\/Logo_Erasmus-300x221.jpg 300w, https:\/\/site.educa.madrid.org\/ies.satafi.getafe\/\/wp-content\/uploads\/ies.satafi.getafe\/2022\/07\/Logo_Erasmus.jpg 360w\" sizes=\"auto, (max-width: 300px) 100vw, 300px\" \/><\/a><\/div><a class=\"wp-block-latest-posts__post-title\" href=\"https:\/\/site.educa.madrid.org\/ies.satafi.getafe\/index.php\/2024\/03\/28\/inicio-de-las-movilidades-erasmus-2023-2024\/\">Inicio de las movilidades Erasmus 2023-2024<\/a><time datetime=\"2024-03-28T11:45:45+01:00\" class=\"wp-block-latest-posts__post-date\">28 marzo, 2024<\/time><div class=\"wp-block-latest-posts__post-excerpt\">Nuestros Erasmus del curso 2023-2024 ya han llegado a sus diferentes destinos, para realizar la formaci\u00f3n del M\u00f3dulo de Formaci\u00f3n en centro de Trabajo (FCT) en una empresa de otro pa\u00eds europeo.Los alumnos que participan este a\u00f1o son: En<\/div><div class=\"blog-btn\"><a href=\"https:\/\/site.educa.madrid.org\/ies.satafi.getafe\/index.php\/2024\/03\/28\/inicio-de-las-movilidades-erasmus-2023-2024\/\" class=\"home-blog-btn\">Leer m\u00e1s<\/a><\/div><\/li>\n<li><div class=\"wp-block-latest-posts__featured-image\"><a href=\"https:\/\/site.educa.madrid.org\/ies.satafi.getafe\/index.php\/2023\/09\/12\/presentacion-de-las-movilidades-erasmus-2022-2023-2\/\" aria-label=\"Presentaci\u00f3n de las movilidades Erasmus 2023-2024\"><img loading=\"lazy\" decoding=\"async\" width=\"300\" height=\"221\" src=\"https:\/\/site.educa.madrid.org\/ies.satafi.getafe\/\/wp-content\/uploads\/ies.satafi.getafe\/2022\/07\/Logo_Erasmus-300x221.jpg\" class=\"attachment-medium size-medium wp-post-image\" alt=\"\" style=\"\" srcset=\"https:\/\/site.educa.madrid.org\/ies.satafi.getafe\/\/wp-content\/uploads\/ies.satafi.getafe\/2022\/07\/Logo_Erasmus-300x221.jpg 300w, https:\/\/site.educa.madrid.org\/ies.satafi.getafe\/\/wp-content\/uploads\/ies.satafi.getafe\/2022\/07\/Logo_Erasmus.jpg 360w\" sizes=\"auto, (max-width: 300px) 100vw, 300px\" \/><\/a><\/div><a class=\"wp-block-latest-posts__post-title\" href=\"https:\/\/site.educa.madrid.org\/ies.satafi.getafe\/index.php\/2023\/09\/12\/presentacion-de-las-movilidades-erasmus-2022-2023-2\/\">Presentaci\u00f3n de las movilidades Erasmus 2023-2024<\/a><time datetime=\"2023-09-12T18:11:00+02:00\" class=\"wp-block-latest-posts__post-date\">12 septiembre, 2023<\/time><div class=\"wp-block-latest-posts__post-excerpt\">El d\u00eda 21 de septiembre se realizar\u00e1 la presentaci\u00f3n del proyecto Europeo de movilidad 2022-1-ES01-KA121-VET-000065917 para los ciclos formativos de grado medio: y el d\u00eda 22 de septiembre se realizar\u00e1 la presentaci\u00f3n del proyecto Europeo de movilidad 2022-1-ES01-KA131-HED-000061224 para<\/div><div class=\"blog-btn\"><a href=\"https:\/\/site.educa.madrid.org\/ies.satafi.getafe\/index.php\/2023\/09\/12\/presentacion-de-las-movilidades-erasmus-2022-2023-2\/\" class=\"home-blog-btn\">Leer m\u00e1s<\/a><\/div><\/li>\n<li><div class=\"wp-block-latest-posts__featured-image\"><a href=\"https:\/\/site.educa.madrid.org\/ies.satafi.getafe\/index.php\/2023\/06\/08\/finalizacion-de-las-movilidades-erasmus-2022-2023\/\" aria-label=\"Finalizaci\u00f3n de las movilidades Erasmus 2022-2023\"><img loading=\"lazy\" decoding=\"async\" width=\"300\" height=\"221\" src=\"https:\/\/site.educa.madrid.org\/ies.satafi.getafe\/\/wp-content\/uploads\/ies.satafi.getafe\/2022\/07\/Logo_Erasmus-300x221.jpg\" class=\"attachment-medium size-medium wp-post-image\" alt=\"\" style=\"\" srcset=\"https:\/\/site.educa.madrid.org\/ies.satafi.getafe\/\/wp-content\/uploads\/ies.satafi.getafe\/2022\/07\/Logo_Erasmus-300x221.jpg 300w, https:\/\/site.educa.madrid.org\/ies.satafi.getafe\/\/wp-content\/uploads\/ies.satafi.getafe\/2022\/07\/Logo_Erasmus.jpg 360w\" sizes=\"auto, (max-width: 300px) 100vw, 300px\" \/><\/a><\/div><a class=\"wp-block-latest-posts__post-title\" href=\"https:\/\/site.educa.madrid.org\/ies.satafi.getafe\/index.php\/2023\/06\/08\/finalizacion-de-las-movilidades-erasmus-2022-2023\/\">Finalizaci\u00f3n de las movilidades Erasmus 2022-2023<\/a><time datetime=\"2023-06-08T12:25:22+02:00\" class=\"wp-block-latest-posts__post-date\">8 junio, 2023<\/time><div class=\"wp-block-latest-posts__post-excerpt\">Nuestras 6 movilidades de este curso ya han terminado con \u00e9xito. \u00a1Enhorabuena a nuestros 6 alumnos!<\/div><\/li>\n<li><div class=\"wp-block-latest-posts__featured-image\"><a href=\"https:\/\/site.educa.madrid.org\/ies.satafi.getafe\/index.php\/2023\/03\/29\/inicio-de-las-movilidades-erasmus-2022-2023\/\" aria-label=\"Inicio de las movilidades Erasmus 2022-2023\"><img loading=\"lazy\" decoding=\"async\" width=\"300\" height=\"221\" src=\"https:\/\/site.educa.madrid.org\/ies.satafi.getafe\/\/wp-content\/uploads\/ies.satafi.getafe\/2022\/07\/Logo_Erasmus-300x221.jpg\" class=\"attachment-medium size-medium wp-post-image\" alt=\"\" style=\"\" srcset=\"https:\/\/site.educa.madrid.org\/ies.satafi.getafe\/\/wp-content\/uploads\/ies.satafi.getafe\/2022\/07\/Logo_Erasmus-300x221.jpg 300w, https:\/\/site.educa.madrid.org\/ies.satafi.getafe\/\/wp-content\/uploads\/ies.satafi.getafe\/2022\/07\/Logo_Erasmus.jpg 360w\" sizes=\"auto, (max-width: 300px) 100vw, 300px\" \/><\/a><\/div><a class=\"wp-block-latest-posts__post-title\" href=\"https:\/\/site.educa.madrid.org\/ies.satafi.getafe\/index.php\/2023\/03\/29\/inicio-de-las-movilidades-erasmus-2022-2023\/\">Inicio de las movilidades Erasmus 2022-2023<\/a><time datetime=\"2023-03-29T18:57:51+02:00\" class=\"wp-block-latest-posts__post-date\">29 marzo, 2023<\/time><div class=\"wp-block-latest-posts__post-excerpt\">Nuestros Erasmus del curso 2022-2023 ya han llegado a sus diferentes destinos, para realizar la formaci\u00f3n del M\u00f3dulo de Formaci\u00f3n en centros de Trabajo (FCT) en una empresa de otro pa\u00eds europeo. Los alumnos que participan este a\u00f1o son:<\/div><div class=\"blog-btn\"><a href=\"https:\/\/site.educa.madrid.org\/ies.satafi.getafe\/index.php\/2023\/03\/29\/inicio-de-las-movilidades-erasmus-2022-2023\/\" class=\"home-blog-btn\">Leer m\u00e1s<\/a><\/div><\/li>\n<\/ul>","protected":false},"excerpt":{"rendered":"<p>Programa Erasmus+ Erasmus+ \u00e9s el programa de la UE para dar soporte a la educaci\u00f3n, la formaci\u00f3n, la juventud y el deporte en Europa, a trav\u00e9s de estancias en los paises de la Uni\u00f3n Europea.Tiene entre sus objetivos mejorar la calidad de la Formaci\u00f3n Profesional (FP) en Europa, ofreciendo a los alumnos y a los<\/p><\/div>\n<div class=\"blog-btn\"><a href=\"https:\/\/site.educa.madrid.org\/ies.satafi.getafe\/index.php\/proyectos\/proyectos-europeos\/\" class=\"home-blog-btn\">Leer m\u00e1s<\/a><\/p>\n","protected":false},"author":7,"featured_media":0,"parent":886,"menu_order":0,"comment_status":"closed","ping_status":"closed","template":"","meta":{"footnotes":""},"folder":[27],"class_list":["post-724","page","type-page","status-publish","hentry"],"rttpg_featured_image_url":null,"rttpg_author":{"display_name":"Miguel \u00c1ngel Bonache G\u00f3mez","author_link":"https:\/\/site.educa.madrid.org\/ies.satafi.getafe\/index.php\/author\/miguel-angel_bonache-gomez\/"},"rttpg_comment":0,"rttpg_category":" <a href=\"https:\/\/site.educa.madrid.org\/ies.satafi.getafe\/?taxonomy=folder&#038;term=erasmus-1650391013\" rel=\"tag\">Erasmus<\/a>","rttpg_excerpt":"Programa Erasmus+ Erasmus+ \u00e9s el programa de la UE para dar soporte a la educaci\u00f3n, la formaci\u00f3n, la juventud y el deporte en Europa, a trav\u00e9s de estancias en los paises de la Uni\u00f3n Europea.Tiene entre sus objetivos mejorar la calidad de la Formaci\u00f3n Profesional (FP) en Europa, ofreciendo a los alumnos y a losLeer&hellip;","post_mailing_queue_ids":[],"_links":{"self":[{"href":"https:\/\/site.educa.madrid.org\/ies.satafi.getafe\/index.php\/wp-json\/wp\/v2\/pages\/724","targetHints":{"allow":["GET"]}}],"collection":[{"href":"https:\/\/site.educa.madrid.org\/ies.satafi.getafe\/index.php\/wp-json\/wp\/v2\/pages"}],"about":[{"href":"https:\/\/site.educa.madrid.org\/ies.satafi.getafe\/index.php\/wp-json\/wp\/v2\/types\/page"}],"author":[{"embeddable":true,"href":"https:\/\/site.educa.madrid.org\/ies.satafi.getafe\/index.php\/wp-json\/wp\/v2\/users\/7"}],"replies":[{"embeddable":true,"href":"https:\/\/site.educa.madrid.org\/ies.satafi.getafe\/index.php\/wp-json\/wp\/v2\/comments?post=724"}],"version-history":[{"count":50,"href":"https:\/\/site.educa.madrid.org\/ies.satafi.getafe\/index.php\/wp-json\/wp\/v2\/pages\/724\/revisions"}],"predecessor-version":[{"id":2038,"href":"https:\/\/site.educa.madrid.org\/ies.satafi.getafe\/index.php\/wp-json\/wp\/v2\/pages\/724\/revisions\/2038"}],"up":[{"embeddable":true,"href":"https:\/\/site.educa.madrid.org\/ies.satafi.getafe\/index.php\/wp-json\/wp\/v2\/pages\/886"}],"wp:attachment":[{"href":"https:\/\/site.educa.madrid.org\/ies.satafi.getafe\/index.php\/wp-json\/wp\/v2\/media?parent=724"}],"wp:term":[{"taxonomy":"folder","embeddable":true,"href":"https:\/\/site.educa.madrid.org\/ies.satafi.getafe\/index.php\/wp-json\/wp\/v2\/folder?post=724"}],"curies":[{"name":"wp","href":"https:\/\/api.w.org\/{rel}","templated":true}]}}