{"id":849,"date":"2022-03-12T13:02:30","date_gmt":"2022-03-12T12:02:30","guid":{"rendered":"https:\/\/site.educa.madrid.org\/ies.satafi.getafe\/?page_id=849"},"modified":"2025-07-29T13:12:48","modified_gmt":"2025-07-29T11:12:48","slug":"programa-accede","status":"publish","type":"page","link":"https:\/\/site.educa.madrid.org\/ies.satafi.getafe\/index.php\/familias\/programa-accede\/","title":{"rendered":"Programa ACCEDE"},"content":{"rendered":"\n<figure class=\"wp-block-image size-large\"><a href=\"https:\/\/www.comunidad.madrid\/servicios\/educacion\/programa-accede\" target=\"_blank\" rel=\"noopener\"><img loading=\"lazy\" decoding=\"async\" width=\"1024\" height=\"248\" src=\"https:\/\/site.educa.madrid.org\/ies.satafi.getafe\/\/wp-content\/uploads\/ies.satafi.getafe\/2022\/03\/Programa-ACCEDE-1024x248.png\" alt=\"\" class=\"wp-image-851\" srcset=\"https:\/\/site.educa.madrid.org\/ies.satafi.getafe\/\/wp-content\/uploads\/ies.satafi.getafe\/2022\/03\/Programa-ACCEDE-1024x248.png 1024w, https:\/\/site.educa.madrid.org\/ies.satafi.getafe\/\/wp-content\/uploads\/ies.satafi.getafe\/2022\/03\/Programa-ACCEDE-300x73.png 300w, https:\/\/site.educa.madrid.org\/ies.satafi.getafe\/\/wp-content\/uploads\/ies.satafi.getafe\/2022\/03\/Programa-ACCEDE-768x186.png 768w, https:\/\/site.educa.madrid.org\/ies.satafi.getafe\/\/wp-content\/uploads\/ies.satafi.getafe\/2022\/03\/Programa-ACCEDE.png 1340w\" sizes=\"auto, (max-width: 1024px) 100vw, 1024px\" \/><\/a><\/figure>\n\n\n\n<p><a rel=\"noreferrer noopener\" href=\"https:\/\/site.educa.madrid.org\/ies.satafi.getafe\/\/wp-content\/uploads\/ies.satafi.getafe\/2022\/06\/instrucciones-curso-2022_2023-Accede7_06_30143653-1.pdf\" target=\"_blank\">Instrucciones para la aplicaci\u00f3n en el curso 2022-2023 del procedimiento de gesti\u00f3n del Programa Accede<\/a><\/p>\n\n\n\n<p><a rel=\"noreferrer noopener\" href=\"https:\/\/site.educa.madrid.org\/ies.satafi.getafe\/\/wp-content\/uploads\/ies.satafi.getafe\/2022\/03\/ANEXO-I-DECRETO-168-2018-2-3.pdf\" target=\"_blank\">Anexo I: Adhesi\u00f3n del alumno al programa ACCEDE<\/a><\/p>\n\n\n\n<p><a href=\"https:\/\/site.educa.madrid.org\/ies.satafi.getafe\/index.php\/familias\/libros-de-texto\/\">Listado de libros de texto curso 2025 &#8211; 2026<\/a><\/p>\n\n\n<ul class=\"wp-block-latest-posts__list is-grid columns-3 wp-block-latest-posts\"><li><div class=\"wp-block-latest-posts__featured-image\"><img loading=\"lazy\" decoding=\"async\" width=\"150\" height=\"150\" src=\"https:\/\/site.educa.madrid.org\/ies.satafi.getafe\/\/wp-content\/uploads\/ies.satafi.getafe\/2024\/07\/libros-5-150x150.jpg\" class=\"attachment-thumbnail size-thumbnail wp-post-image\" alt=\"\" style=\"max-width:113px;max-height:113px;\" srcset=\"https:\/\/site.educa.madrid.org\/ies.satafi.getafe\/\/wp-content\/uploads\/ies.satafi.getafe\/2024\/07\/libros-5-150x150.jpg 150w, https:\/\/site.educa.madrid.org\/ies.satafi.getafe\/\/wp-content\/uploads\/ies.satafi.getafe\/2024\/07\/libros-5-300x300.jpg 300w\" sizes=\"auto, (max-width: 150px) 100vw, 150px\" \/><\/div><a class=\"wp-block-latest-posts__post-title\" href=\"https:\/\/site.educa.madrid.org\/ies.satafi.getafe\/index.php\/2025\/09\/15\/recogida-de-libros-programa-accede\/\">Recogida de libros PROGRAMA ACCEDE<\/a><div class=\"wp-block-latest-posts__post-excerpt\">Se informa a las familias que este curso 25-26 los libros del programa ACCEDE ser\u00e1n recogidos por el alumnado en el propio centro, en el<\/div><div class=\"blog-btn\"><a href=\"https:\/\/site.educa.madrid.org\/ies.satafi.getafe\/index.php\/2025\/09\/15\/recogida-de-libros-programa-accede\/\" class=\"home-blog-btn\">Leer m\u00e1s<\/a><\/div><\/li>\n<li><div class=\"wp-block-latest-posts__featured-image\"><img loading=\"lazy\" decoding=\"async\" width=\"150\" height=\"150\" src=\"https:\/\/site.educa.madrid.org\/ies.satafi.getafe\/\/wp-content\/uploads\/ies.satafi.getafe\/2022\/06\/ACCEDE-150x150.png\" class=\"attachment-thumbnail size-thumbnail wp-post-image\" alt=\"\" style=\"max-width:113px;max-height:113px;\" \/><\/div><a class=\"wp-block-latest-posts__post-title\" href=\"https:\/\/site.educa.madrid.org\/ies.satafi.getafe\/index.php\/2025\/06\/05\/devolucion-libros-programa-accede-junio-2025\/\">DEVOLUCI\u00d3N LIBROS PROGRAMA ACCEDE JUNIO 2025<\/a><div class=\"wp-block-latest-posts__post-excerpt\">NOTA IMPORTANTE: para entregar los libros de ACCEDE los \u00faltimos rezagados tienen \u00fanicamente los d\u00edas MARTES (24 junio), MI\u00c9RCOLES (25 junio) y JUEVES (26 junio)<\/div><div class=\"blog-btn\"><a href=\"https:\/\/site.educa.madrid.org\/ies.satafi.getafe\/index.php\/2025\/06\/05\/devolucion-libros-programa-accede-junio-2025\/\" class=\"home-blog-btn\">Leer m\u00e1s<\/a><\/div><\/li>\n<li><div class=\"wp-block-latest-posts__featured-image\"><img loading=\"lazy\" decoding=\"async\" width=\"150\" height=\"150\" src=\"https:\/\/site.educa.madrid.org\/ies.satafi.getafe\/\/wp-content\/uploads\/ies.satafi.getafe\/2024\/07\/libros-5-150x150.jpg\" class=\"attachment-thumbnail size-thumbnail wp-post-image\" alt=\"\" style=\"max-width:113px;max-height:113px;\" srcset=\"https:\/\/site.educa.madrid.org\/ies.satafi.getafe\/\/wp-content\/uploads\/ies.satafi.getafe\/2024\/07\/libros-5-150x150.jpg 150w, https:\/\/site.educa.madrid.org\/ies.satafi.getafe\/\/wp-content\/uploads\/ies.satafi.getafe\/2024\/07\/libros-5-300x300.jpg 300w\" sizes=\"auto, (max-width: 150px) 100vw, 150px\" \/><\/div><a class=\"wp-block-latest-posts__post-title\" href=\"https:\/\/site.educa.madrid.org\/ies.satafi.getafe\/index.php\/2024\/09\/13\/recogida-de-libros-programa-accede-2o-y-3o-eso-curso-2024-2025\/\">RECOGIDA DE LIBROS PROGRAMA ACCEDE 2\u00ba Y 3\u00ba ESO CURSO 2024 2025<\/a><div class=\"wp-block-latest-posts__post-excerpt\">El alumnado adherido al programa ACCEDE de 2\u00ba ESO\u00a0 podr\u00e1 recoger los libros correspondientes al curso 2024 2025. FECHA: MARTES 17 Y MI\u00c9RCOLES 18 de<\/div><div class=\"blog-btn\"><a href=\"https:\/\/site.educa.madrid.org\/ies.satafi.getafe\/index.php\/2024\/09\/13\/recogida-de-libros-programa-accede-2o-y-3o-eso-curso-2024-2025\/\" class=\"home-blog-btn\">Leer m\u00e1s<\/a><\/div><\/li>\n<li><div class=\"wp-block-latest-posts__featured-image\"><img loading=\"lazy\" decoding=\"async\" width=\"150\" height=\"150\" src=\"https:\/\/site.educa.madrid.org\/ies.satafi.getafe\/\/wp-content\/uploads\/ies.satafi.getafe\/2024\/07\/libros-5-150x150.jpg\" class=\"attachment-thumbnail size-thumbnail wp-post-image\" alt=\"\" style=\"max-width:113px;max-height:113px;\" srcset=\"https:\/\/site.educa.madrid.org\/ies.satafi.getafe\/\/wp-content\/uploads\/ies.satafi.getafe\/2024\/07\/libros-5-150x150.jpg 150w, https:\/\/site.educa.madrid.org\/ies.satafi.getafe\/\/wp-content\/uploads\/ies.satafi.getafe\/2024\/07\/libros-5-300x300.jpg 300w\" sizes=\"auto, (max-width: 150px) 100vw, 150px\" \/><\/div><a class=\"wp-block-latest-posts__post-title\" href=\"https:\/\/site.educa.madrid.org\/ies.satafi.getafe\/index.php\/2024\/09\/08\/recogida-de-libros-programa-accede-1o-eso-curso-2024-2025\/\">RECOGIDA DE LIBROS PROGRAMA ACCEDE 1\u00ba ESO CURSO 2024 2025<\/a><div class=\"wp-block-latest-posts__post-excerpt\">El alumnado adherido al programa ACCEDE de 1\u00ba ESO podr\u00e1 recoger los libros correspondientes al curso 2024 2025. FECHA: JUEVES 12 Y VIERNES 13 de<\/div><div class=\"blog-btn\"><a href=\"https:\/\/site.educa.madrid.org\/ies.satafi.getafe\/index.php\/2024\/09\/08\/recogida-de-libros-programa-accede-1o-eso-curso-2024-2025\/\" class=\"home-blog-btn\">Leer m\u00e1s<\/a><\/div><\/li>\n<li><div class=\"wp-block-latest-posts__featured-image\"><img loading=\"lazy\" decoding=\"async\" width=\"150\" height=\"150\" src=\"https:\/\/site.educa.madrid.org\/ies.satafi.getafe\/\/wp-content\/uploads\/ies.satafi.getafe\/2024\/06\/ENTREGA-LIBROS-PROGRAMA-ACCEDE-JUNIO-2024_page-0001-150x150.jpg\" class=\"attachment-thumbnail size-thumbnail wp-post-image\" alt=\"\" style=\"max-width:113px;max-height:113px;\" srcset=\"https:\/\/site.educa.madrid.org\/ies.satafi.getafe\/\/wp-content\/uploads\/ies.satafi.getafe\/2024\/06\/ENTREGA-LIBROS-PROGRAMA-ACCEDE-JUNIO-2024_page-0001-150x150.jpg 150w, https:\/\/site.educa.madrid.org\/ies.satafi.getafe\/\/wp-content\/uploads\/ies.satafi.getafe\/2024\/06\/ENTREGA-LIBROS-PROGRAMA-ACCEDE-JUNIO-2024_page-0001-300x300.jpg 300w\" sizes=\"auto, (max-width: 150px) 100vw, 150px\" \/><\/div><a class=\"wp-block-latest-posts__post-title\" href=\"https:\/\/site.educa.madrid.org\/ies.satafi.getafe\/index.php\/2024\/06\/12\/calendario-devolucion-programa-accede-eso-2024\/\">CALENDARIO DEVOLUCI\u00d3N PROGRAMA ACCEDE ESO 2024<\/a><div class=\"wp-block-latest-posts__post-excerpt\">Estimadas familias: Les comunicamos que, una vez finalizado el curso escolar, deben proceder a la devoluci\u00f3n de los libros del Programa de Pr\u00e9stamo, as\u00ed como<\/div><div class=\"blog-btn\"><a href=\"https:\/\/site.educa.madrid.org\/ies.satafi.getafe\/index.php\/2024\/06\/12\/calendario-devolucion-programa-accede-eso-2024\/\" class=\"home-blog-btn\">Leer m\u00e1s<\/a><\/div><\/li>\n<\/ul>","protected":false},"excerpt":{"rendered":"<p>Instrucciones para la aplicaci\u00f3n en el curso 2022-2023 del procedimiento de gesti\u00f3n del Programa Accede Anexo I: Adhesi\u00f3n del alumno al programa ACCEDE Listado de libros de texto curso 2025 &#8211; 2026<\/p>\n","protected":false},"author":5,"featured_media":0,"parent":2531,"menu_order":2,"comment_status":"closed","ping_status":"closed","template":"","meta":{"footnotes":""},"folder":[],"class_list":["post-849","page","type-page","status-publish","hentry"],"rttpg_featured_image_url":null,"rttpg_author":{"display_name":"Inmaculada Alonso Casarrubios","author_link":"https:\/\/site.educa.madrid.org\/ies.satafi.getafe\/index.php\/author\/inmaculada_alonso-casarrubios\/"},"rttpg_comment":0,"rttpg_category":false,"rttpg_excerpt":"Instrucciones para la aplicaci\u00f3n en el curso 2022-2023 del procedimiento de gesti\u00f3n del Programa Accede Anexo I: Adhesi\u00f3n del alumno al programa ACCEDE Listado de libros de texto curso 2025 &#8211; 2026","post_mailing_queue_ids":[],"_links":{"self":[{"href":"https:\/\/site.educa.madrid.org\/ies.satafi.getafe\/index.php\/wp-json\/wp\/v2\/pages\/849","targetHints":{"allow":["GET"]}}],"collection":[{"href":"https:\/\/site.educa.madrid.org\/ies.satafi.getafe\/index.php\/wp-json\/wp\/v2\/pages"}],"about":[{"href":"https:\/\/site.educa.madrid.org\/ies.satafi.getafe\/index.php\/wp-json\/wp\/v2\/types\/page"}],"author":[{"embeddable":true,"href":"https:\/\/site.educa.madrid.org\/ies.satafi.getafe\/index.php\/wp-json\/wp\/v2\/users\/5"}],"replies":[{"embeddable":true,"href":"https:\/\/site.educa.madrid.org\/ies.satafi.getafe\/index.php\/wp-json\/wp\/v2\/comments?post=849"}],"version-history":[{"count":14,"href":"https:\/\/site.educa.madrid.org\/ies.satafi.getafe\/index.php\/wp-json\/wp\/v2\/pages\/849\/revisions"}],"predecessor-version":[{"id":9511,"href":"https:\/\/site.educa.madrid.org\/ies.satafi.getafe\/index.php\/wp-json\/wp\/v2\/pages\/849\/revisions\/9511"}],"up":[{"embeddable":true,"href":"https:\/\/site.educa.madrid.org\/ies.satafi.getafe\/index.php\/wp-json\/wp\/v2\/pages\/2531"}],"wp:attachment":[{"href":"https:\/\/site.educa.madrid.org\/ies.satafi.getafe\/index.php\/wp-json\/wp\/v2\/media?parent=849"}],"wp:term":[{"taxonomy":"folder","embeddable":true,"href":"https:\/\/site.educa.madrid.org\/ies.satafi.getafe\/index.php\/wp-json\/wp\/v2\/folder?post=849"}],"curies":[{"name":"wp","href":"https:\/\/api.w.org\/{rel}","templated":true}]}}