{"id":8590,"date":"2025-05-23T20:56:49","date_gmt":"2025-05-23T18:56:49","guid":{"rendered":"https:\/\/site.educa.madrid.org\/ies.satafi.getafe\/?page_id=8590"},"modified":"2025-10-03T13:59:06","modified_gmt":"2025-10-03T11:59:06","slug":"fp-virtual-matricula-nuevos-alumnos","status":"publish","type":"page","link":"https:\/\/site.educa.madrid.org\/ies.satafi.getafe\/index.php\/fp-virtual-matricula-nuevos-alumnos\/","title":{"rendered":"Matr\u00edcula nuevos alumnos &#8211; CERRADA"},"content":{"rendered":"\n<h3 class=\"wp-block-heading\"><\/h3>\n\n\n\n<p class=\"has-vivid-red-color has-text-color has-link-color has-large-font-size wp-elements-9b77c13abe355978e71f959c5edb4f54\"><strong>PLAZO DE MATRICULACI\u00d3N DEL 24 AL 29 DE SEPTIEMBRE DE 2025<\/strong><\/p>\n\n\n<h5>LUGAR: SECRETAR\u00cdA VIRTUAL<\/h5>\n<p>Los impresos se descargar\u00e1n y se presentar\u00e1n, junto con el resto documentaci\u00f3n, de forma preferente a trav\u00e9s de la\u00a0 secretar\u00eda virtual.<\/p>\n<p>Excepcionalmente, tambi\u00e9n se podr\u00e1 entregar presencialmente, en la secretar\u00eda del centro<strong>, de lunes a viernes de 11:10 a 13:10, y mi\u00e9rcoles de 15:00 a 17:00<\/strong><\/p>\n<h3 class=\"wp-block-heading has-vivid-red-color has-text-color has-link-color wp-elements-c84ef666e723f8ca282c294b97e3f339\"><strong>No se admitir\u00e1n matr\u00edculas en las que falte alguno de estos documentos.<\/strong><\/h3>\n<h2>DOCUMENTACI\u00d3N A PRESENTAR EN LA SECRETAR\u00cdA VIRTUAL:<\/h2>\n<h5>1.- IMPRESO DE MATR\u00cdCULA cumplimentado y firmado.<\/h5>\n<ul>\n<li><a href=\"https:\/\/site.educa.madrid.org\/ies.satafi.getafe\/\/wp-content\/uploads\/ies.satafi.getafe\/2025\/09\/IT-Plan-nuevo.pdf\">Impreso de matr\u00edcula Instalaciones de Telecomunicaciones<\/a><\/li>\n<li><a href=\"https:\/\/site.educa.madrid.org\/ies.satafi.getafe\/\/wp-content\/uploads\/ies.satafi.getafe\/2025\/09\/SEA-Plan-nuevo.pdf\">Impreso de matr\u00edcula Sistemas Electrot\u00e9cnicos y Automatizados<\/a><\/li>\n<li><a href=\"https:\/\/site.educa.madrid.org\/ies.satafi.getafe\/\/wp-content\/uploads\/ies.satafi.getafe\/2025\/09\/STI-Plan-nuevo.pdf\">Impreso de matr\u00edcula Sistemas de Telecomunicaciones e Inform\u00e1ticos<\/a><\/li>\n<li><a href=\"https:\/\/site.educa.madrid.org\/ies.satafi.getafe\/\/wp-content\/uploads\/ies.satafi.getafe\/2025\/09\/ARI-Plan-nuevo.pdf\">Impreso de matr\u00edcula Automatizaci\u00f3n y Rob\u00f3tica Industrial<\/a><\/li>\n<\/ul>\n<p><strong>IMPORTANTE:<\/strong> En cada curso acad\u00e9mico, la matr\u00edcula puede ser como m\u00e1ximo, de un n\u00famero de m\u00f3dulos profesionales cuya duraci\u00f3n en conjunto <strong>no exceda del 60%<\/strong> de las horas de duraci\u00f3n de las ense\u00f1anzas, sin tener en cuenta para este c\u00f3mputo los m\u00f3dulos profesionales en los que se efect\u00fae traslado de calificaci\u00f3n o se resuelva de forma estimatoria su convalidaci\u00f3n. <strong>La asignaci\u00f3n horaria de cada m\u00f3dulo se puede consultar en el siguiente <\/strong><a href=\"https:\/\/site.educa.madrid.org\/ies.satafi.getafe\/\/wp-content\/uploads\/ies.satafi.getafe\/2025\/07\/TABLAS-HORARIAS-CICLOS-FORMATIVOS-V02.pdf\">ENLACE<\/a>.\u00a0 A modo de resumen, nosotros <strong>recomendamos que la suma del n\u00famero de horas de los m\u00f3dulos profesionales en que te matricules no supere las 1.000 horas<\/strong>.<\/p>\n<p>En los siguientes enlaces se pueden consultar una gu\u00eda de informaci\u00f3n con recomendaciones a la hora de realizar la matr\u00edcula, para cada uno de los ciclos:<\/p>\n<ul>\n<li><a href=\"https:\/\/site.educa.madrid.org\/ies.satafi.getafe\/\/wp-content\/uploads\/ies.satafi.getafe\/2025\/09\/FPaD-IT-Info-previa-a-matricula-Curso-2025-26-1.pdf\">IT<\/a><\/li>\n<li><a href=\"https:\/\/site.educa.madrid.org\/ies.satafi.getafe\/\/wp-content\/uploads\/ies.satafi.getafe\/2025\/09\/FPaD-STI-Info-previa-a-matricula-Curso-2025-26-1.pdf\">STI<\/a><\/li>\n<li><a href=\"https:\/\/site.educa.madrid.org\/ies.satafi.getafe\/\/wp-content\/uploads\/ies.satafi.getafe\/2025\/09\/FPaD-SEA-Info-previa-a-matricula-Curso-2025-26-1.pdf\">SEA<\/a><\/li>\n<li><a href=\"https:\/\/site.educa.madrid.org\/ies.satafi.getafe\/\/wp-content\/uploads\/ies.satafi.getafe\/2025\/09\/FPaD-ARI-Info-previa-a-matricula-Curso-2025-26-1.pdf\">ARI<\/a><\/li>\n<\/ul>\n<p>En el siguiente <a href=\"https:\/\/site.educa.madrid.org\/ies.satafi.getafe\/index.php\/listado-de-modulos-optativos\/\">ENLACE<\/a> se puede consultar el listado de m\u00f3dulos optativos de cada uno de los ciclos.<\/p>\n<p>En el siguiente <a href=\"https:\/\/www.comunidad.madrid\/servicios\/educacion\/ensenanzas-formacion-profesional\">ENLACE<\/a> se puede consultar el curriculum de los m\u00f3dulos transversales, Digitalizaci\u00f3n aplicada al sector productivo y sostenibilidad aplicada al\u00a0 sistema productivo.<\/p>\n<h5>2.- JUSTIFICANTE DE PAGO DEL SEGURO ESCOLAR (SOLO si tienes menos de 28 a\u00f1os).<\/h5>\n<p>Tendr\u00e1s que hacerlo en el n\u00famero de cuenta del CAIXABANK: ES35 2100 5731 7602 0041 6447. El importe es 1,12 euros. El concepto es Seguro Escolar, tu nombre completo y el ciclo que vas a cursar. Se recomienda que se pague por transferencia bancaria y <strong>ADJUNTAR el justificante a trav\u00e9s de la secretar\u00eda virtual.<\/strong><\/p>\n<h5>3- JUSTIFICANTE DE PAGO DE LAS tasas (SOLO para GRADO SUPERIOR).<\/h5>\n<p>El pago de tasas deber\u00e1 ser por m\u00f3dulos y NO por curso.<\/p>\n<p><a href=\"https:\/\/site.educa.madrid.org\/ies.satafi.getafe\/\/wp-content\/uploads\/ies.satafi.getafe\/2025\/09\/Instrucciones-Pago-Modelo-030-VIRTUAL.pdf\">Instrucciones para realizar el pago<\/a><\/p>\n<p><a href=\"https:\/\/gestiona7.madrid.org\/rtas_webapp_pagotasas\/#!\/main\">Enlace para realizar el pago<\/a><\/p>\n<p><strong>Grado Medio no paga tasa.<\/strong><\/p>\n<h5>4.- FOTOCOPIA DEL DNI, NIE o PASAPORTE<\/h5>\n<ul>\n<li>Se entregar\u00e1 a trav\u00e9s de la secretar\u00eda virtual.<\/li>\n<\/ul>\n<h5>5.- FOTOCOPIA DEL T\u00cdTULO DE ACCESO (t\u00edtulo de eso o bachillerato o equivalente del <a href=\"https:\/\/www.comunidad.madrid\/sites\/default\/files\/fp_virtual_instrucciones_admision_curso_24_25_v1_2.pdf\" data-type=\"link\" data-id=\"https:\/\/www.comunidad.madrid\/sites\/default\/files\/fp_virtual_instrucciones_admision_curso_24_25_v1_2.pdf\">anexo I y II<\/a>)<\/h5>\n<ul>\n<li>Se entregar\u00e1 a trav\u00e9s de la secretar\u00eda virtual.<\/li>\n<\/ul>\n<h5>6.- DOCUMENTO DE COMPROMISO DE B\u00daSQUEDA DE EMPRESA Y COMPRA DE EPIS (EQUIPOS DE PROTECCI\u00d3N INDIVIDUAL)<\/h5>\n<ul>\n<li><a href=\"https:\/\/site.educa.madrid.org\/ies.satafi.getafe\/\/wp-content\/uploads\/ies.satafi.getafe\/2025\/10\/COMPROMISO-BUSQUEDA-DE-EMPRESA-Y-COMPRA-DE-EPI.pdf\">Pinchar aqu\u00ed<\/a><\/li>\n<\/ul>\n\n\n<p><\/p>\n","protected":false},"excerpt":{"rendered":"<p>PLAZO DE MATRICULACI\u00d3N DEL 24 AL 29 DE SEPTIEMBRE DE 2025 LUGAR: SECRETAR\u00cdA VIRTUAL Los impresos se descargar\u00e1n y se presentar\u00e1n, junto con el resto documentaci\u00f3n, de forma preferente a trav\u00e9s de la\u00a0 secretar\u00eda virtual. Excepcionalmente, tambi\u00e9n se podr\u00e1 entregar presencialmente, en la secretar\u00eda del centro, de lunes a viernes de 11:10 a 13:10, y<\/p><\/div>\n<div class=\"blog-btn\"><a href=\"https:\/\/site.educa.madrid.org\/ies.satafi.getafe\/index.php\/fp-virtual-matricula-nuevos-alumnos\/\" class=\"home-blog-btn\">Leer m\u00e1s<\/a><\/p>\n","protected":false},"author":3,"featured_media":0,"parent":0,"menu_order":0,"comment_status":"closed","ping_status":"closed","template":"","meta":{"footnotes":""},"folder":[31],"class_list":["post-8590","page","type-page","status-publish","hentry"],"rttpg_featured_image_url":null,"rttpg_author":{"display_name":"ies.satafi.getafe","author_link":"https:\/\/site.educa.madrid.org\/ies.satafi.getafe\/index.php\/author\/cuenta_ies-satafi-getafe\/"},"rttpg_comment":0,"rttpg_category":" <a href=\"https:\/\/site.educa.madrid.org\/ies.satafi.getafe\/?taxonomy=folder&#038;term=fpad-1650449529\" rel=\"tag\">FP Virtual<\/a>","rttpg_excerpt":"PLAZO DE MATRICULACI\u00d3N DEL 24 AL 29 DE SEPTIEMBRE DE 2025 LUGAR: SECRETAR\u00cdA VIRTUAL Los impresos se descargar\u00e1n y se presentar\u00e1n, junto con el resto documentaci\u00f3n, de forma preferente a trav\u00e9s de la\u00a0 secretar\u00eda virtual. Excepcionalmente, tambi\u00e9n se podr\u00e1 entregar presencialmente, en la secretar\u00eda del centro, de lunes a viernes de 11:10 a 13:10, yLeer&hellip;","post_mailing_queue_ids":[],"_links":{"self":[{"href":"https:\/\/site.educa.madrid.org\/ies.satafi.getafe\/index.php\/wp-json\/wp\/v2\/pages\/8590","targetHints":{"allow":["GET"]}}],"collection":[{"href":"https:\/\/site.educa.madrid.org\/ies.satafi.getafe\/index.php\/wp-json\/wp\/v2\/pages"}],"about":[{"href":"https:\/\/site.educa.madrid.org\/ies.satafi.getafe\/index.php\/wp-json\/wp\/v2\/types\/page"}],"author":[{"embeddable":true,"href":"https:\/\/site.educa.madrid.org\/ies.satafi.getafe\/index.php\/wp-json\/wp\/v2\/users\/3"}],"replies":[{"embeddable":true,"href":"https:\/\/site.educa.madrid.org\/ies.satafi.getafe\/index.php\/wp-json\/wp\/v2\/comments?post=8590"}],"version-history":[{"count":28,"href":"https:\/\/site.educa.madrid.org\/ies.satafi.getafe\/index.php\/wp-json\/wp\/v2\/pages\/8590\/revisions"}],"predecessor-version":[{"id":9793,"href":"https:\/\/site.educa.madrid.org\/ies.satafi.getafe\/index.php\/wp-json\/wp\/v2\/pages\/8590\/revisions\/9793"}],"wp:attachment":[{"href":"https:\/\/site.educa.madrid.org\/ies.satafi.getafe\/index.php\/wp-json\/wp\/v2\/media?parent=8590"}],"wp:term":[{"taxonomy":"folder","embeddable":true,"href":"https:\/\/site.educa.madrid.org\/ies.satafi.getafe\/index.php\/wp-json\/wp\/v2\/folder?post=8590"}],"curies":[{"name":"wp","href":"https:\/\/api.w.org\/{rel}","templated":true}]}}