{"id":8648,"date":"2025-05-26T17:01:49","date_gmt":"2025-05-26T15:01:49","guid":{"rendered":"https:\/\/site.educa.madrid.org\/ies.satafi.getafe\/?page_id=8648"},"modified":"2025-10-09T09:46:43","modified_gmt":"2025-10-09T07:46:43","slug":"covalidaciones-cerrada","status":"publish","type":"page","link":"https:\/\/site.educa.madrid.org\/ies.satafi.getafe\/index.php\/covalidaciones-cerrada\/","title":{"rendered":"Covalidaciones"},"content":{"rendered":"<div\n\t\t\t\n\t\t\tclass=\"so-widget-sow-editor so-widget-sow-editor-base\"\n\t\t\t\n\t\t>\n<div class=\"siteorigin-widget-tinymce textwidget\">\n\t<p><span style=\"color: #000000;\">Los alumnos matriculados ya en el centro que quieran solicitar la convalidaci\u00f3n de alg\u00fan m\u00f3dulo profesional aportando estudios de FP, Universitarios o Certificados de Profesionalidad tendr\u00e1n que\u00a0<span style=\"color: #000080;\"><strong>presentar a trav\u00e9s del aula virtual, siguiendo las instrucciones que recibir\u00e1n del coordinador de cada ciclo:<br \/><\/strong><\/span><\/span><\/p>\n<ol class=\"wp-block-list\">\n<li><span style=\"color: #000000;\"><strong><span style=\"color: #000080;\">Convalidaciones a resolver por el centro o por la Comunidad de Madrid<\/span>:<\/strong><\/span>\n<ul>\n<li><span style=\"color: #000000;\">Solicitud de convalidaci\u00f3n<br \/><\/span>\n<ul>\n<li><span style=\"color: #000000;\">Disponible en la web,<\/span> <a href=\"https:\/\/site.educa.madrid.org\/ies.satafi.getafe\/\/wp-content\/uploads\/ies.satafi.getafe\/2024\/12\/Anexo-1-CONVALIDACION.pdf\">Descarga de impreso<\/a><\/li>\n<\/ul>\n<\/li>\n<li><span style=\"color: #000000;\">DNI (Original y fotocopia).<\/span><\/li>\n<li><span style=\"color: #000000;\">Certificado oficial de notas (Original y fotocopia).<\/span><\/li>\n<li><span style=\"color: #000000;\">Casos espec\u00edficos:<\/span>\n<ul>\n<li><span style=\"color: #000000;\"><span style=\"color: #000080;\"><strong>Para convalidaciones con certificado de profesionalidad<\/strong><\/span>: T\u00edtulo original y fotocopia del Certificado de profesionalidad.<\/span><\/li>\n<\/ul>\n<\/li>\n<\/ul>\n<\/li>\n<li><span style=\"color: #000000;\"><strong><span style=\"color: #000080;\">Convalidaciones a resolver por Ministerio de Educaci\u00f3n y FP<\/span>:<\/strong><\/span>\n<ul>\n<li><span style=\"color: #000000;\">Anexo V (solicitud espec\u00edfica del Ministerio).<\/span><\/li>\n<li><span style=\"color: #000000;\">DNI (Original y fotocopia).<\/span><\/li>\n<li><span style=\"color: #000000;\">Certificado oficial de notas (Original y fotocopia).<\/span><\/li>\n<li><span style=\"color: #000000;\">Casos espec\u00edficos:<\/span>\n<ul>\n<li><span style=\"color: #000000;\"><span style=\"color: #000080;\"><strong>Para convalidaciones con t\u00edtulos universitarios<\/strong><\/span>: Programas de las asignaturas cuyos certificados de notas se aporten para solicitar la convalidaci\u00f3n. Esos programas tendr\u00e1n que estar fechados (a\u00f1o en el que se cursaron), firmados y sellados por la Universidad y su fecha deber\u00e1 coincidir con la del certificado de notas.<\/span><\/li>\n<\/ul>\n<\/li>\n<\/ul>\n<\/li>\n<\/ol>\n<h3 class=\"wp-block-heading\"><span style=\"color: #000080;\">M\u00e1s informaci\u00f3n:<\/span><\/h3>\n<ul>\n<li><a href=\"https:\/\/site.educa.madrid.org\/ies.satafi.getafe\/\/wp-content\/uploads\/ies.satafi.getafe\/2025\/05\/guia_convalidaciones_2024-2025_0.pdf\">Gu\u00eda de convalidaciones 2024-2025<\/a><\/li>\n<\/ul>\n<\/div>\n<\/div>","protected":false},"excerpt":{"rendered":"","protected":false},"author":3,"featured_media":0,"parent":0,"menu_order":0,"comment_status":"closed","ping_status":"closed","template":"","meta":{"footnotes":""},"folder":[31],"class_list":["post-8648","page","type-page","status-publish","hentry"],"rttpg_featured_image_url":null,"rttpg_author":{"display_name":"ies.satafi.getafe","author_link":"https:\/\/site.educa.madrid.org\/ies.satafi.getafe\/index.php\/author\/cuenta_ies-satafi-getafe\/"},"rttpg_comment":0,"rttpg_category":" <a href=\"https:\/\/site.educa.madrid.org\/ies.satafi.getafe\/?taxonomy=folder&#038;term=fpad-1650449529\" rel=\"tag\">FP Virtual<\/a>","rttpg_excerpt":null,"post_mailing_queue_ids":[],"_links":{"self":[{"href":"https:\/\/site.educa.madrid.org\/ies.satafi.getafe\/index.php\/wp-json\/wp\/v2\/pages\/8648","targetHints":{"allow":["GET"]}}],"collection":[{"href":"https:\/\/site.educa.madrid.org\/ies.satafi.getafe\/index.php\/wp-json\/wp\/v2\/pages"}],"about":[{"href":"https:\/\/site.educa.madrid.org\/ies.satafi.getafe\/index.php\/wp-json\/wp\/v2\/types\/page"}],"author":[{"embeddable":true,"href":"https:\/\/site.educa.madrid.org\/ies.satafi.getafe\/index.php\/wp-json\/wp\/v2\/users\/3"}],"replies":[{"embeddable":true,"href":"https:\/\/site.educa.madrid.org\/ies.satafi.getafe\/index.php\/wp-json\/wp\/v2\/comments?post=8648"}],"version-history":[{"count":9,"href":"https:\/\/site.educa.madrid.org\/ies.satafi.getafe\/index.php\/wp-json\/wp\/v2\/pages\/8648\/revisions"}],"predecessor-version":[{"id":9805,"href":"https:\/\/site.educa.madrid.org\/ies.satafi.getafe\/index.php\/wp-json\/wp\/v2\/pages\/8648\/revisions\/9805"}],"wp:attachment":[{"href":"https:\/\/site.educa.madrid.org\/ies.satafi.getafe\/index.php\/wp-json\/wp\/v2\/media?parent=8648"}],"wp:term":[{"taxonomy":"folder","embeddable":true,"href":"https:\/\/site.educa.madrid.org\/ies.satafi.getafe\/index.php\/wp-json\/wp\/v2\/folder?post=8648"}],"curies":[{"name":"wp","href":"https:\/\/api.w.org\/{rel}","templated":true}]}}