{"id":8772,"date":"2025-05-28T13:25:41","date_gmt":"2025-05-28T11:25:41","guid":{"rendered":"https:\/\/site.educa.madrid.org\/ies.satafi.getafe\/?page_id=8772"},"modified":"2025-05-28T13:29:40","modified_gmt":"2025-05-28T11:29:40","slug":"renuncia","status":"publish","type":"page","link":"https:\/\/site.educa.madrid.org\/ies.satafi.getafe\/index.php\/renuncia\/","title":{"rendered":"Renuncia a convocatorias"},"content":{"rendered":"\n<p>Con el fin de no agotar el l\u00edmite de convocatorias fijadas para cada uno de los m\u00f3dulos del Ciclo, el alumno podr\u00e1 solicitar la&nbsp;<strong>renuncia&nbsp;<\/strong>a la convocatoria&nbsp;<strong>ordinaria<\/strong>,&nbsp;a la convocatoria&nbsp;<strong>extraordinaria <\/strong>o a <strong>ambas <\/strong>convocatorias de manera simult\u00e1nea, de los m\u00f3dulos profesionales en los que est\u00e9 matriculado, excepto de los m\u00f3dulos profesionales de FCT y Proyecto, siendo la <strong>fecha&nbsp;l\u00edmite<\/strong>&nbsp;para ello&nbsp;<strong>UN MES antes de la fecha de evaluaci\u00f3n&nbsp;de la convocatoria a que se pretenda renunciar<\/strong>.<\/p>\n\n\n\n<p>Las caracter\u00edsticas del proceso de renuncia a convocatorias y sus efectos son los siguientes:<\/p>\n\n\n\n<ul class=\"wp-block-list\">\n<li>La solicitud de renuncia tiene que&nbsp;<strong>justificarse documentalmente<\/strong>,&nbsp;siendo los motivos para la misma los siguientes:\n<ul class=\"wp-block-list\">\n<li><em><strong>Enfermedad prolongada o accidente<\/strong><\/em>&nbsp;<em>del alumno<\/em>.<\/li>\n\n\n\n<li><em><strong>Obligaciones de tipo personal o familiar<\/strong>&nbsp;que,&nbsp;<strong>apreciadas por la Direcci\u00f3n del centro<\/strong>,&nbsp;condicionen o impidan la normal dedicaci\u00f3n al estudio<\/em>.<\/li>\n\n\n\n<li>Desempe\u00f1o de un puesto de trabajo por cuenta propia o ajena.<\/li>\n\n\n\n<li>Participaci\u00f3n del alumno en programas de movilidad para estudiantes (Erasmus+), con las condiciones recogidas en la Orden 893\/2022.<\/li>\n<\/ul>\n<\/li>\n\n\n\n<li>La solicitud presentada por el alumno ser\u00e1&nbsp;<strong>resuelta por el Director&nbsp;del centro<\/strong> en el plazo de 10 d\u00edas h\u00e1biles desde su presentaci\u00f3n.<\/li>\n\n\n\n<li>En el caso de que, tras la evaluaci\u00f3n final ordinaria, el alumno no haya superado uno o varios m\u00f3dulos profesionales en dicha evaluaci\u00f3n, podr\u00e1 presentar la solicitud de renuncia a la convocatoria extraordinaria en los m\u00f3dulos profesionales no superados en el plazo de dos d\u00edas h\u00e1biles desde la notificaci\u00f3n de esta calificaci\u00f3n.<\/li>\n\n\n\n<li>La renuncia a la evaluaci\u00f3n y calificaci\u00f3n en alguna convocatoria del&nbsp;<strong>m\u00f3dulo de FCT implica<\/strong>,&nbsp;a su vez, la&nbsp;<strong>renuncia&nbsp;<\/strong>en la misma convocatoria de la evaluaci\u00f3n y calificaci\u00f3n del m\u00f3dulo profesional de&nbsp;<strong>Proyecto<\/strong>. La solicitud para que se admita dicha renuncia se podr\u00e1 efectuar durante todo el per\u00edodo previsto para el m\u00f3dulo de FCT.<\/li>\n\n\n\n<li>La concesi\u00f3n de la renuncia&nbsp;<strong>no dar\u00e1 derecho a la devoluci\u00f3n<\/strong>&nbsp;de las tasas abonadas.<\/li>\n\n\n\n<li>Una vez concedida la renuncia por el Director del centro,&nbsp;<strong>si el alumno no superase el m\u00f3dulo<\/strong>&nbsp;dentro del curso acad\u00e9mico, el alumno&nbsp;<strong>ser\u00e1 considerado repetidor<\/strong>&nbsp;de dicho m\u00f3dulo cuando vuelva a matricularse del mismo.<\/li>\n<\/ul>\n\n\n\n<p>Para solicitar la renuncia a convocatorias se debe <strong>enviar un correo electr\u00f3nico a <a href=\"mailto:secretaria.ies.satafi.getafe@educa.madrid.org\">secretaria.ies.satafi.getafe@educa.madrid.org<\/a><\/strong> de la siguiente forma:<\/p>\n\n\n\n<ol class=\"wp-block-list\">\n<li>Indicar en el <strong>ASUNTO<\/strong>:&nbsp;<strong>Nombre y apellidos del solicitante. Ciclo FP en el que est\u00e1 matriculado. Solicitud de renuncia a convocatorias<\/strong>.<\/li>\n\n\n\n<li><strong>Adjuntar <\/strong>adem\u00e1s a ese correo la <strong>solicitud de renuncia y la justificaci\u00f3n documental de la misma<\/strong>:<\/li>\n<\/ol>\n\n\n<div\n\t\t\t\n\t\t\tclass=\"so-widget-sow-button so-widget-sow-button-atom-9dce24037758\"\n\t\t\t\n\t\t><div class=\"ow-button-base ow-button-align-center\">\n\t<a\n\thref=\"https:\/\/site.educa.madrid.org\/ies.satafi.getafe\/\/wp-content\/uploads\/ies.satafi.getafe\/2022\/06\/Solicitud-de-renuncia-a-convocatorias-Formulario.pdf\"\n\t\tclass=\"ow-icon-placement-left ow-button-hover\" target=\"_blank\" rel=\"noopener noreferrer\" download=\"\" \t>\n\t\t<span>\n\t\t\t\n\t\t\tSOLICITUD DE RENUNCIA A CONVOCATORIAS\t\t<\/span>\n\t<\/a>\n<\/div>\n<\/div>","protected":false},"excerpt":{"rendered":"<p>Con el fin de no agotar el l\u00edmite de convocatorias fijadas para cada uno de los m\u00f3dulos del Ciclo, el alumno podr\u00e1 solicitar la&nbsp;renuncia&nbsp;a la convocatoria&nbsp;ordinaria,&nbsp;a la convocatoria&nbsp;extraordinaria o a ambas convocatorias de manera simult\u00e1nea, de los m\u00f3dulos profesionales en los que est\u00e9 matriculado, excepto de los m\u00f3dulos profesionales de FCT y Proyecto, siendo la<\/p><\/div>\n<div class=\"blog-btn\"><a href=\"https:\/\/site.educa.madrid.org\/ies.satafi.getafe\/index.php\/renuncia\/\" class=\"home-blog-btn\">Leer m\u00e1s<\/a><\/p>\n","protected":false},"author":3,"featured_media":0,"parent":0,"menu_order":0,"comment_status":"closed","ping_status":"closed","template":"","meta":{"footnotes":""},"folder":[31],"class_list":["post-8772","page","type-page","status-publish","hentry"],"rttpg_featured_image_url":null,"rttpg_author":{"display_name":"ies.satafi.getafe","author_link":"https:\/\/site.educa.madrid.org\/ies.satafi.getafe\/index.php\/author\/cuenta_ies-satafi-getafe\/"},"rttpg_comment":0,"rttpg_category":" <a href=\"https:\/\/site.educa.madrid.org\/ies.satafi.getafe\/?taxonomy=folder&#038;term=fpad-1650449529\" rel=\"tag\">FP Virtual<\/a>","rttpg_excerpt":"Con el fin de no agotar el l\u00edmite de convocatorias fijadas para cada uno de los m\u00f3dulos del Ciclo, el alumno podr\u00e1 solicitar la&nbsp;renuncia&nbsp;a la convocatoria&nbsp;ordinaria,&nbsp;a la convocatoria&nbsp;extraordinaria o a ambas convocatorias de manera simult\u00e1nea, de los m\u00f3dulos profesionales en los que est\u00e9 matriculado, excepto de los m\u00f3dulos profesionales de FCT y Proyecto, siendo laLeer&hellip;","post_mailing_queue_ids":[],"_links":{"self":[{"href":"https:\/\/site.educa.madrid.org\/ies.satafi.getafe\/index.php\/wp-json\/wp\/v2\/pages\/8772","targetHints":{"allow":["GET"]}}],"collection":[{"href":"https:\/\/site.educa.madrid.org\/ies.satafi.getafe\/index.php\/wp-json\/wp\/v2\/pages"}],"about":[{"href":"https:\/\/site.educa.madrid.org\/ies.satafi.getafe\/index.php\/wp-json\/wp\/v2\/types\/page"}],"author":[{"embeddable":true,"href":"https:\/\/site.educa.madrid.org\/ies.satafi.getafe\/index.php\/wp-json\/wp\/v2\/users\/3"}],"replies":[{"embeddable":true,"href":"https:\/\/site.educa.madrid.org\/ies.satafi.getafe\/index.php\/wp-json\/wp\/v2\/comments?post=8772"}],"version-history":[{"count":3,"href":"https:\/\/site.educa.madrid.org\/ies.satafi.getafe\/index.php\/wp-json\/wp\/v2\/pages\/8772\/revisions"}],"predecessor-version":[{"id":8776,"href":"https:\/\/site.educa.madrid.org\/ies.satafi.getafe\/index.php\/wp-json\/wp\/v2\/pages\/8772\/revisions\/8776"}],"wp:attachment":[{"href":"https:\/\/site.educa.madrid.org\/ies.satafi.getafe\/index.php\/wp-json\/wp\/v2\/media?parent=8772"}],"wp:term":[{"taxonomy":"folder","embeddable":true,"href":"https:\/\/site.educa.madrid.org\/ies.satafi.getafe\/index.php\/wp-json\/wp\/v2\/folder?post=8772"}],"curies":[{"name":"wp","href":"https:\/\/api.w.org\/{rel}","templated":true}]}}