{"id":8834,"date":"2025-06-10T10:43:31","date_gmt":"2025-06-10T08:43:31","guid":{"rendered":"https:\/\/site.educa.madrid.org\/ies.satafi.getafe\/?page_id=8834"},"modified":"2026-02-03T22:06:50","modified_gmt":"2026-02-03T21:06:50","slug":"calendario-matriculacion-por-colegios","status":"publish","type":"page","link":"https:\/\/site.educa.madrid.org\/ies.satafi.getafe\/index.php\/secretaria\/admision-eso-y-bachillerato\/calendario-matriculacion-por-colegios\/","title":{"rendered":"Calendario Matriculaci\u00f3n por colegios"},"content":{"rendered":"\n<p>Calendario para la matriculaci\u00f3n de alumnos de los colegios<\/p>\n\n\n\n<div style=\"height:31px\" aria-hidden=\"true\" class=\"wp-block-spacer\"><\/div>\n\n\n\n<figure class=\"wp-block-table aligncenter\"><table class=\"has-fixed-layout\"><tbody><tr><td class=\"has-text-align-center\" data-align=\"center\"><strong>COLEGIO<\/strong><\/td><td class=\"has-text-align-center\" data-align=\"center\"><strong>DIAS DE MATRICULACION<\/strong><\/td><\/tr><tr><td class=\"has-text-align-center\" data-align=\"center\">ANA MARIA MATUTE<br>STA.MARGARITA M\u00aa ALACOQUE<br>LICEO JUAN DE LA CIERVA<\/td><td class=\"has-text-align-center\" data-align=\"center\"><\/td><\/tr><tr><td class=\"has-text-align-center\" data-align=\"center\">SEVERO OCHOA<br>CIUDAD DE MADRID<\/td><td class=\"has-text-align-center\" data-align=\"center\"><\/td><\/tr><tr><td class=\"has-text-align-center\" data-align=\"center\">JORGE GUILL\u00c9N<br>ORTIZ ECHAG\u00dcE<\/td><td class=\"has-text-align-center\" data-align=\"center\"><\/td><\/tr><tr><td class=\"has-text-align-center\" data-align=\"center\">GABRIEL GARC\u00cdA M\u00c1RQUEZ<\/td><td class=\"has-text-align-center\" data-align=\"center\"><\/td><\/tr><tr><td class=\"has-text-align-center\" data-align=\"center\">MARIANA PINEDA<br>CARLOS V<br>CONCEPCI\u00d3N ARENAL<\/td><td class=\"has-text-align-center\" data-align=\"center\"><\/td><\/tr><\/tbody><\/table><\/figure>\n\n\n\n<div style=\"height:31px\" aria-hidden=\"true\" class=\"wp-block-spacer\"><\/div>\n\n\n<p>NOTA: Si alguien no puede entregarlo en la fecha asignada, puede hacerlo los d\u00edas <strong>30 de JUNIO<\/strong> y <strong>01 y 02 de JULIO<\/strong>, lo antes posible.<\/p>\n\n\n<p><\/p>\n","protected":false},"excerpt":{"rendered":"<p>Calendario para la matriculaci\u00f3n de alumnos de los colegios COLEGIO DIAS DE MATRICULACION ANA MARIA MATUTESTA.MARGARITA M\u00aa ALACOQUELICEO JUAN DE LA CIERVA SEVERO OCHOACIUDAD DE MADRID JORGE GUILL\u00c9NORTIZ ECHAG\u00dcE GABRIEL GARC\u00cdA M\u00c1RQUEZ MARIANA PINEDACARLOS VCONCEPCI\u00d3N ARENAL NOTA: Si alguien no puede entregarlo en la fecha asignada, puede hacerlo los d\u00edas 30 de JUNIO y 01<\/p><\/div>\n<div class=\"blog-btn\"><a href=\"https:\/\/site.educa.madrid.org\/ies.satafi.getafe\/index.php\/secretaria\/admision-eso-y-bachillerato\/calendario-matriculacion-por-colegios\/\" class=\"home-blog-btn\">Leer m\u00e1s<\/a><\/p>\n","protected":false},"author":3,"featured_media":0,"parent":3528,"menu_order":0,"comment_status":"closed","ping_status":"closed","template":"","meta":{"footnotes":""},"folder":[68],"class_list":["post-8834","page","type-page","status-publish","hentry"],"rttpg_featured_image_url":null,"rttpg_author":{"display_name":"ies.satafi.getafe","author_link":"https:\/\/site.educa.madrid.org\/ies.satafi.getafe\/index.php\/author\/cuenta_ies-satafi-getafe\/"},"rttpg_comment":0,"rttpg_category":" <a href=\"https:\/\/site.educa.madrid.org\/ies.satafi.getafe\/?taxonomy=folder&#038;term=admision-1688545914-3\" rel=\"tag\">Admisi\u00f3n<\/a>","rttpg_excerpt":"Calendario para la matriculaci\u00f3n de alumnos de los colegios COLEGIO DIAS DE MATRICULACION ANA MARIA MATUTESTA.MARGARITA M\u00aa ALACOQUELICEO JUAN DE LA CIERVA SEVERO OCHOACIUDAD DE MADRID JORGE GUILL\u00c9NORTIZ ECHAG\u00dcE GABRIEL GARC\u00cdA M\u00c1RQUEZ MARIANA PINEDACARLOS VCONCEPCI\u00d3N ARENAL NOTA: Si alguien no puede entregarlo en la fecha asignada, puede hacerlo los d\u00edas 30 de JUNIO y 01Leer&hellip;","post_mailing_queue_ids":[],"_links":{"self":[{"href":"https:\/\/site.educa.madrid.org\/ies.satafi.getafe\/index.php\/wp-json\/wp\/v2\/pages\/8834","targetHints":{"allow":["GET"]}}],"collection":[{"href":"https:\/\/site.educa.madrid.org\/ies.satafi.getafe\/index.php\/wp-json\/wp\/v2\/pages"}],"about":[{"href":"https:\/\/site.educa.madrid.org\/ies.satafi.getafe\/index.php\/wp-json\/wp\/v2\/types\/page"}],"author":[{"embeddable":true,"href":"https:\/\/site.educa.madrid.org\/ies.satafi.getafe\/index.php\/wp-json\/wp\/v2\/users\/3"}],"replies":[{"embeddable":true,"href":"https:\/\/site.educa.madrid.org\/ies.satafi.getafe\/index.php\/wp-json\/wp\/v2\/comments?post=8834"}],"version-history":[{"count":6,"href":"https:\/\/site.educa.madrid.org\/ies.satafi.getafe\/index.php\/wp-json\/wp\/v2\/pages\/8834\/revisions"}],"predecessor-version":[{"id":10569,"href":"https:\/\/site.educa.madrid.org\/ies.satafi.getafe\/index.php\/wp-json\/wp\/v2\/pages\/8834\/revisions\/10569"}],"up":[{"embeddable":true,"href":"https:\/\/site.educa.madrid.org\/ies.satafi.getafe\/index.php\/wp-json\/wp\/v2\/pages\/3528"}],"wp:attachment":[{"href":"https:\/\/site.educa.madrid.org\/ies.satafi.getafe\/index.php\/wp-json\/wp\/v2\/media?parent=8834"}],"wp:term":[{"taxonomy":"folder","embeddable":true,"href":"https:\/\/site.educa.madrid.org\/ies.satafi.getafe\/index.php\/wp-json\/wp\/v2\/folder?post=8834"}],"curies":[{"name":"wp","href":"https:\/\/api.w.org\/{rel}","templated":true}]}}