{"id":886,"date":"2022-03-16T12:22:32","date_gmt":"2022-03-16T11:22:32","guid":{"rendered":"https:\/\/site.educa.madrid.org\/ies.satafi.getafe\/?page_id=886"},"modified":"2025-11-14T20:17:57","modified_gmt":"2025-11-14T19:17:57","slug":"proyectos","status":"publish","type":"page","link":"https:\/\/site.educa.madrid.org\/ies.satafi.getafe\/index.php\/proyectos\/","title":{"rendered":"Proyectos"},"content":{"rendered":"\n<p>Los programas y proyectos educativos que se desarrollan actualmente en el centro son:<\/p>\n\n\n\n<p><\/p>\n\n\n\n<div data-wp-interactive=\"core\/file\" class=\"wp-block-file aligncenter\"><object data-wp-bind--hidden=\"!state.hasPdfPreview\" hidden class=\"wp-block-file__embed\" data=\"https:\/\/site.educa.madrid.org\/ies.satafi.getafe\/\/wp-content\/uploads\/ies.satafi.getafe\/2025\/11\/Programas-y-proyectos-educativos-2025-26-IES-Satafi.pdf\" type=\"application\/pdf\" style=\"width:100%;height:600px\" aria-label=\"Incrustado de Programas-y-proyectos-educativos-2025-26-IES-Satafi.\"><\/object><a id=\"wp-block-file--media-b027207f-d265-4a77-8080-c6729f7f7c2f\" href=\"https:\/\/site.educa.madrid.org\/ies.satafi.getafe\/\/wp-content\/uploads\/ies.satafi.getafe\/2025\/11\/Programas-y-proyectos-educativos-2025-26-IES-Satafi.pdf\">Programas-y-proyectos-educativos-2025-26-IES-Satafi<\/a><a href=\"https:\/\/site.educa.madrid.org\/ies.satafi.getafe\/\/wp-content\/uploads\/ies.satafi.getafe\/2025\/11\/Programas-y-proyectos-educativos-2025-26-IES-Satafi.pdf\" class=\"wp-block-file__button wp-element-button\" download aria-describedby=\"wp-block-file--media-b027207f-d265-4a77-8080-c6729f7f7c2f\">Descarga<\/a><\/div>\n\n\n\n<div style=\"height:59px\" aria-hidden=\"true\" class=\"wp-block-spacer\"><\/div>\n\n\n\n<h2 class=\"wp-block-heading\">Enlaces relacionados<\/h2>\n\n\n\n<p><a href=\"https:\/\/site.educa.madrid.org\/ies.satafi.getafe\/index.php\/proyectos\/innovacion-tecnologica-iit\/\">Instituto de Innovaci\u00f3n tecnol\u00f3gica (IIT)<\/a><\/p>\n\n\n\n<p><a href=\"https:\/\/site.educa.madrid.org\/ies.satafi.getafe\/index.php\/proyecto-propio-de-lengua-extranjera-en-ingles\/\">Proyecto Propio de Lengua Extranjera en Ingl\u00e9s<\/a><\/p>\n\n\n\n<div style=\"height:59px\" aria-hidden=\"true\" class=\"wp-block-spacer\"><\/div>\n\n\n\n<h2 class=\"wp-block-heading\">Otros aspectos relacionados<\/h2>\n\n\n\n<p><a href=\"https:\/\/site.educa.madrid.org\/ies.satafi.getafe\/index.php\/proyectos\/proyecto-digital-de-centro\/\" target=\"_blank\" rel=\"noreferrer noopener\">Proyecto Digital de Centro<\/a><\/p>\n\n\n\n<p><a rel=\"noreferrer noopener\" href=\"https:\/\/site.educa.madrid.org\/ies.satafi.getafe\/index.php\/ensenanzas\/proyectos-europeos\/\" target=\"_blank\">Proyectos Europeos<\/a><\/p>\n\n\n\n<p><a href=\"https:\/\/site.educa.madrid.org\/ies.satafi.getafe\/index.php\/proyectos\/programa-de-mediacion\/\">Programa de Mediaci\u00f3n<\/a><\/p>\n\n\n\n<p><a href=\"https:\/\/site.educa.madrid.org\/ies.satafi.getafe\/index.php\/proyectos\/plan-de-convivencia\/\">Plan de Convivencia<\/a><\/p>\n","protected":false},"excerpt":{"rendered":"<p>Los programas y proyectos educativos que se desarrollan actualmente en el centro son: Enlaces relacionados Instituto de Innovaci\u00f3n tecnol\u00f3gica (IIT) Proyecto Propio de Lengua Extranjera en Ingl\u00e9s Otros aspectos relacionados Proyecto Digital de Centro Proyectos Europeos Programa de Mediaci\u00f3n Plan de Convivencia<\/p>\n","protected":false},"author":6,"featured_media":0,"parent":0,"menu_order":0,"comment_status":"closed","ping_status":"closed","template":"","meta":{"footnotes":""},"folder":[],"class_list":["post-886","page","type-page","status-publish","hentry"],"rttpg_featured_image_url":null,"rttpg_author":{"display_name":"Arturo D\u00edaz G\u00f3mez","author_link":"https:\/\/site.educa.madrid.org\/ies.satafi.getafe\/index.php\/author\/arturo_daz-gmez\/"},"rttpg_comment":0,"rttpg_category":false,"rttpg_excerpt":"Los programas y proyectos educativos que se desarrollan actualmente en el centro son: Enlaces relacionados Instituto de Innovaci\u00f3n tecnol\u00f3gica (IIT) Proyecto Propio de Lengua Extranjera en Ingl\u00e9s Otros aspectos relacionados Proyecto Digital de Centro Proyectos Europeos Programa de Mediaci\u00f3n Plan de Convivencia","post_mailing_queue_ids":[],"_links":{"self":[{"href":"https:\/\/site.educa.madrid.org\/ies.satafi.getafe\/index.php\/wp-json\/wp\/v2\/pages\/886","targetHints":{"allow":["GET"]}}],"collection":[{"href":"https:\/\/site.educa.madrid.org\/ies.satafi.getafe\/index.php\/wp-json\/wp\/v2\/pages"}],"about":[{"href":"https:\/\/site.educa.madrid.org\/ies.satafi.getafe\/index.php\/wp-json\/wp\/v2\/types\/page"}],"author":[{"embeddable":true,"href":"https:\/\/site.educa.madrid.org\/ies.satafi.getafe\/index.php\/wp-json\/wp\/v2\/users\/6"}],"replies":[{"embeddable":true,"href":"https:\/\/site.educa.madrid.org\/ies.satafi.getafe\/index.php\/wp-json\/wp\/v2\/comments?post=886"}],"version-history":[{"count":12,"href":"https:\/\/site.educa.madrid.org\/ies.satafi.getafe\/index.php\/wp-json\/wp\/v2\/pages\/886\/revisions"}],"predecessor-version":[{"id":10092,"href":"https:\/\/site.educa.madrid.org\/ies.satafi.getafe\/index.php\/wp-json\/wp\/v2\/pages\/886\/revisions\/10092"}],"wp:attachment":[{"href":"https:\/\/site.educa.madrid.org\/ies.satafi.getafe\/index.php\/wp-json\/wp\/v2\/media?parent=886"}],"wp:term":[{"taxonomy":"folder","embeddable":true,"href":"https:\/\/site.educa.madrid.org\/ies.satafi.getafe\/index.php\/wp-json\/wp\/v2\/folder?post=886"}],"curies":[{"name":"wp","href":"https:\/\/api.w.org\/{rel}","templated":true}]}}