{"id":8870,"date":"2025-06-11T19:11:11","date_gmt":"2025-06-11T17:11:11","guid":{"rendered":"https:\/\/site.educa.madrid.org\/ies.satafi.getafe\/?page_id=8870"},"modified":"2025-07-05T20:41:54","modified_gmt":"2025-07-05T18:41:54","slug":"listado-de-modulos-optativos","status":"publish","type":"page","link":"https:\/\/site.educa.madrid.org\/ies.satafi.getafe\/index.php\/listado-de-modulos-optativos\/","title":{"rendered":"Listado de m\u00f3dulos optativos (Distancia\/Virtual)"},"content":{"rendered":"<h4><span style=\"color: #333399;\">CFGM Instalaciones de Telecomunicaciones\u00a0<\/span><\/h4>\n<ul>\n<li>Optativo 1: <em>Ampliaci\u00f3n de Electr\u00f3nica Aplicada<\/em><\/li>\n<li>Optativo 2: <em>Ampliaci\u00f3n de infraestructuras de redes de datos y sistemas de telefon\u00eda. Fundamentos de redes.<\/em><\/li>\n<\/ul>\n<h4><span style=\"color: #333399;\">CFGS Sistemas Electrot\u00e9cnicos y Automatizados<\/span><\/h4>\n<ul>\n<li>Optativo 1: <em>Ampliaci\u00f3n de Configuraci\u00f3n de Instalaciones El\u00e9ctricas: medici\u00f3n y tarificaci\u00f3n el\u00e9ctricas.\u00a0<\/em><\/li>\n<li>Optativo 2: <em>Ampliaci\u00f3n de procesos en Instalaciones de Infraestructuras Comunes de Telecomunicaciones.<\/em><\/li>\n<\/ul>\n<h4><span style=\"color: #333399;\">CFGS Sistema de Telecomunicaciones e Inform\u00e1ticos<\/span><\/h4>\n<ul>\n<li>Optativo 1: <em>Introducci\u00f3n a Elementos de Sistemas de Telecomunicaciones.<\/em><\/li>\n<li>Optativo 2: <em>Lenguajes de programaci\u00f3n para dispositivos IoT.<\/em><\/li>\n<\/ul>\n<h4><span style=\"color: #333399;\">CFGS Automatizaci\u00f3n y Rob\u00f3tica Industrial<\/span><\/h4>\n<ul>\n<li>Optativo 1: <em>Ampliaci\u00f3n de Documentaci\u00f3n T\u00e9cnica.<\/em><\/li>\n<li>Optativo 2: <em>Ampliaci\u00f3n de Comunicaciones Industriales: Ciberseguridad en sistemas industriales.<\/em><\/li>\n<\/ul>\n\n\n<p><\/p>\n","protected":false},"excerpt":{"rendered":"<p>CFGM Instalaciones de Telecomunicaciones\u00a0 Optativo 1: Ampliaci\u00f3n de Electr\u00f3nica Aplicada Optativo 2: Ampliaci\u00f3n de infraestructuras de redes de datos y sistemas de telefon\u00eda. Fundamentos de redes. CFGS Sistemas Electrot\u00e9cnicos y Automatizados Optativo 1: Ampliaci\u00f3n de Configuraci\u00f3n de Instalaciones El\u00e9ctricas: medici\u00f3n y tarificaci\u00f3n el\u00e9ctricas.\u00a0 Optativo 2: Ampliaci\u00f3n de procesos en Instalaciones de Infraestructuras Comunes de Telecomunicaciones.<\/p><\/div>\n<div class=\"blog-btn\"><a href=\"https:\/\/site.educa.madrid.org\/ies.satafi.getafe\/index.php\/listado-de-modulos-optativos\/\" class=\"home-blog-btn\">Leer m\u00e1s<\/a><\/p>\n","protected":false},"author":3,"featured_media":0,"parent":0,"menu_order":0,"comment_status":"closed","ping_status":"closed","template":"","meta":{"footnotes":""},"folder":[83],"class_list":["post-8870","page","type-page","status-publish","hentry"],"rttpg_featured_image_url":null,"rttpg_author":{"display_name":"ies.satafi.getafe","author_link":"https:\/\/site.educa.madrid.org\/ies.satafi.getafe\/index.php\/author\/cuenta_ies-satafi-getafe\/"},"rttpg_comment":0,"rttpg_category":" <a href=\"https:\/\/site.educa.madrid.org\/ies.satafi.getafe\/?taxonomy=folder&#038;term=matricula-1749661441-3\" rel=\"tag\">Matr\u00edcula<\/a>","rttpg_excerpt":"CFGM Instalaciones de Telecomunicaciones\u00a0 Optativo 1: Ampliaci\u00f3n de Electr\u00f3nica Aplicada Optativo 2: Ampliaci\u00f3n de infraestructuras de redes de datos y sistemas de telefon\u00eda. Fundamentos de redes. CFGS Sistemas Electrot\u00e9cnicos y Automatizados Optativo 1: Ampliaci\u00f3n de Configuraci\u00f3n de Instalaciones El\u00e9ctricas: medici\u00f3n y tarificaci\u00f3n el\u00e9ctricas.\u00a0 Optativo 2: Ampliaci\u00f3n de procesos en Instalaciones de Infraestructuras Comunes de Telecomunicaciones.Leer&hellip;","post_mailing_queue_ids":[],"_links":{"self":[{"href":"https:\/\/site.educa.madrid.org\/ies.satafi.getafe\/index.php\/wp-json\/wp\/v2\/pages\/8870","targetHints":{"allow":["GET"]}}],"collection":[{"href":"https:\/\/site.educa.madrid.org\/ies.satafi.getafe\/index.php\/wp-json\/wp\/v2\/pages"}],"about":[{"href":"https:\/\/site.educa.madrid.org\/ies.satafi.getafe\/index.php\/wp-json\/wp\/v2\/types\/page"}],"author":[{"embeddable":true,"href":"https:\/\/site.educa.madrid.org\/ies.satafi.getafe\/index.php\/wp-json\/wp\/v2\/users\/3"}],"replies":[{"embeddable":true,"href":"https:\/\/site.educa.madrid.org\/ies.satafi.getafe\/index.php\/wp-json\/wp\/v2\/comments?post=8870"}],"version-history":[{"count":9,"href":"https:\/\/site.educa.madrid.org\/ies.satafi.getafe\/index.php\/wp-json\/wp\/v2\/pages\/8870\/revisions"}],"predecessor-version":[{"id":9346,"href":"https:\/\/site.educa.madrid.org\/ies.satafi.getafe\/index.php\/wp-json\/wp\/v2\/pages\/8870\/revisions\/9346"}],"wp:attachment":[{"href":"https:\/\/site.educa.madrid.org\/ies.satafi.getafe\/index.php\/wp-json\/wp\/v2\/media?parent=8870"}],"wp:term":[{"taxonomy":"folder","embeddable":true,"href":"https:\/\/site.educa.madrid.org\/ies.satafi.getafe\/index.php\/wp-json\/wp\/v2\/folder?post=8870"}],"curies":[{"name":"wp","href":"https:\/\/api.w.org\/{rel}","templated":true}]}}