{"id":1296,"date":"2023-06-08T09:36:14","date_gmt":"2023-06-08T07:36:14","guid":{"rendered":"https:\/\/site.educa.madrid.org\/ies.tiernogalvan.parla\/?page_id=1296"},"modified":"2026-05-06T22:43:22","modified_gmt":"2026-05-06T20:43:22","slug":"matriculacion","status":"publish","type":"page","link":"https:\/\/site.educa.madrid.org\/ies.tiernogalvan.parla\/index.php\/secretaria\/procesos-y-solicitudes\/matriculacion\/","title":{"rendered":"Matriculaci\u00f3n"},"content":{"rendered":"<div id=\"pl-1296\"  class=\"panel-layout\" ><div id=\"pg-1296-0\"  class=\"panel-grid panel-has-style\" ><div class=\"siteorigin-panels-stretch panel-row-style panel-row-style-for-1296-0\" data-stretch-type=\"full-width-stretch\" ><div id=\"pgc-1296-0-0\"  class=\"panel-grid-cell\" ><div id=\"panel-1296-0-0-0\" class=\"so-panel widget widget_sow-headline panel-first-child panel-last-child\" data-index=\"0\" ><div class=\"panel-widget-style panel-widget-style-for-1296-0-0-0\" ><div\n\t\t\t\n\t\t\tclass=\"so-widget-sow-headline so-widget-sow-headline-default-e55f809b2d23-1296\"\n\t\t\t\n\t\t><div class=\"sow-headline-container \">\n\t\t\t\t\t\t\t<h2 class=\"sow-headline\">\n\t\t\t\t\t\tSecretar\u00eda: Matriculaci\u00f3n\t\t\t\t\t\t<\/h2>\n\t\t\t\t\t\t\t\t\t\t\t<div class=\"decoration\">\n\t\t\t\t\t\t<div class=\"decoration-inside\"><\/div>\n\t\t\t\t\t<\/div>\n\t\t\t\t\t<\/div>\n<\/div><\/div><\/div><\/div><\/div><\/div><div id=\"pg-1296-1\"  class=\"panel-grid panel-has-style\" ><div class=\"panel-row-style panel-row-style-for-1296-1\" ><div id=\"pgc-1296-1-0\"  class=\"panel-grid-cell\" ><div id=\"panel-1296-1-0-0\" class=\"so-panel widget widget_sow-editor panel-first-child panel-last-child\" data-index=\"1\" ><div\n\t\t\t\n\t\t\tclass=\"so-widget-sow-editor so-widget-sow-editor-base\"\n\t\t\t\n\t\t>\n<div class=\"siteorigin-widget-tinymce textwidget\">\n\t<div class=\"elementor-element elementor-element-385ce72 elementor-widget elementor-widget-heading\" data-id=\"385ce72\" data-element_type=\"widget\" data-widget_type=\"heading.default\">\n<div class=\"elementor-widget-container\">\n<h2 class=\"elementor-heading-title elementor-size-default\">MATRICULACI\u00d3N de Alumnos para el curso 2026\/2027<\/h2>\n<\/div>\n<\/div>\n<\/div>\n<\/div><\/div><\/div><\/div><\/div><div id=\"pg-1296-2\"  class=\"panel-grid panel-has-style\" ><div class=\"panel-row-style panel-row-style-for-1296-2\" ><div id=\"pgc-1296-2-0\"  class=\"panel-grid-cell\" ><div class=\"so-rounded panel-cell-style panel-cell-style-for-1296-2-0\" ><div id=\"panel-1296-2-0-0\" class=\"so-panel widget widget_sow-editor panel-first-child\" data-index=\"2\" ><div class=\"panel-widget-style panel-widget-style-for-1296-2-0-0\" ><div\n\t\t\t\n\t\t\tclass=\"so-widget-sow-editor so-widget-sow-editor-base\"\n\t\t\t\n\t\t>\n<div class=\"siteorigin-widget-tinymce textwidget\">\n\t<h4><strong>INFORMACI\u00d3N GENERAL sobre la MATR\u00cdCULA para nuevos alumnos admitidos en el centro<\/strong><\/h4>\n<p>Se ruega respetar la organizaci\u00f3n de calendario detallada en esta misma p\u00e1gina.<\/p>\n<p>Descargar, rellenar, <strong>imprimir 2 copias<\/strong> del impreso de matr\u00edcula, firmar y<strong>\u00a0entregar en la Secretar\u00eda del centro\u00a0<\/strong>el\u00a0formulario correspondiente junto con toda la documentaci\u00f3n requerida en cada caso.<\/p>\n<p>Horario de atenci\u00f3n en Secretar\u00eda:\u00a0<strong>de 10 a 13<\/strong>. (Con CITA previa durante los meses de junio, julio y septiembre)<br \/>\n<em>La solicitud de cita previa estar\u00e1 disponible a partir de mediados de junio.<\/em><\/p>\n<\/div>\n<\/div><\/div><\/div><div id=\"panel-1296-2-0-1\" class=\"so-panel widget widget_sow-button\" data-index=\"3\" ><div class=\"panel-widget-style panel-widget-style-for-1296-2-0-1\" ><div\n\t\t\t\n\t\t\tclass=\"so-widget-sow-button so-widget-sow-button-flat-a3008c739078-1296\"\n\t\t\t\n\t\t><div class=\"ow-button-base ow-button-align-center\">\n\t<a\n\thref=\"#\"\n\t\tclass=\"ow-icon-placement-left\" \t>\n\t\t<span>\n\t\t\t<span class=\"sow-icon-fontawesome sow-fas\" data-sow-icon=\"&#xf274;\"\n\t\tstyle=\"color: #d6d6d6\" \n\t\taria-hidden=\"true\"><\/span>\n\t\t\tSolicitar CITA Previa\t\t<\/span>\n\t<\/a>\n<\/div>\n<\/div><\/div><\/div><div id=\"panel-1296-2-0-2\" class=\"so-panel widget widget_sow-editor\" data-index=\"4\" ><div class=\"panel-widget-style panel-widget-style-for-1296-2-0-2\" ><div\n\t\t\t\n\t\t\tclass=\"so-widget-sow-editor so-widget-sow-editor-base\"\n\t\t\t\n\t\t>\n<div class=\"siteorigin-widget-tinymce textwidget\">\n\t<p><strong>NOTA IMPORTANTE:<\/strong><\/p>\n<p>Los alumnos que quieren acceder\u00a0<strong>por primera vez<\/strong>\u00a0a estudios de\u00a0<strong>FP B\u00e1sica, FP Grado Medio y FP Grado Superior<\/strong>, tienen que participar en los procedimientos de admisi\u00f3n espec\u00edficos para estas ense\u00f1anzas y deben estar al tanto de la informaci\u00f3n que se publica en la web de la Comunidad de Madrid.<\/p>\n<\/div>\n<\/div><\/div><\/div><div id=\"panel-1296-2-0-3\" class=\"so-panel widget widget_sow-editor panel-last-child\" data-index=\"5\" ><div class=\"so-rounded panel-widget-style panel-widget-style-for-1296-2-0-3\" ><div\n\t\t\t\n\t\t\tclass=\"so-widget-sow-editor so-widget-sow-editor-base\"\n\t\t\t\n\t\t>\n<div class=\"siteorigin-widget-tinymce textwidget\">\n\t<p><strong>FIRMA DE UN \u00daNICO TUTOR LEGAL:<\/strong><\/p>\n<p>Cuando en el documento de matr\u00edcula \u00fanicamente puede firmar uno de los 2 tutores legales, es <strong>obligatorio presentar esta <a href=\"https:\/\/site.educa.madrid.org\/ies.tiernogalvan.parla\/\/wp-content\/uploads\/ies.tiernogalvan.parla\/2025\/05\/DeclaracionResponsable.pdf\" target=\"_blank\" rel=\"noopener\">DECLARACI\u00d3N RESPONSABLE<\/a><\/strong>, debidamente cumplimentada y aportando la documentaci\u00f3n que proceda seg\u00fan el caso. S\u00f3lo para menores de edad.<\/p>\n<\/div>\n<\/div><\/div><\/div><\/div><\/div><div id=\"pgc-1296-2-1\"  class=\"panel-grid-cell\" ><div class=\"so-rounded panel-cell-style panel-cell-style-for-1296-2-1\" ><div id=\"panel-1296-2-1-0\" class=\"so-panel widget widget_sow-editor panel-first-child\" data-index=\"6\" ><div class=\"panel-widget-style panel-widget-style-for-1296-2-1-0\" ><div\n\t\t\t\n\t\t\tclass=\"so-widget-sow-editor so-widget-sow-editor-base\"\n\t\t\t\n\t\t>\n<div class=\"siteorigin-widget-tinymce textwidget\">\n\t<h4><strong>CALENDARIO DE MATRICULACI\u00d3N<\/strong><\/h4>\n<p><span style=\"color: #00ccff;\"><strong>ESO y BACHILLERATO<\/strong><\/span><\/p>\n<ul>\n<li>ALUMNOS DEL IES ENRIQUE TIERNO GALV\u00c1N:\u00a0 <strong>del 8 al 15 de mayo.<\/strong><\/li>\n<li>NUEVOS ALUMNOS ADMITIDOS: <strong>del 22 de junio al 3 de julio, <\/strong>ambos inclusive.<\/li>\n<\/ul>\n<p>Se ruega respetar la siguiente organizaci\u00f3n para no saturar la Secretar\u00eda del centro:<\/p>\n<ul>\n<li style=\"list-style-type: none;\">\n<ul>\n<li><em>Del 22 al 26 de junio<\/em>: Alumnos admitidos en 1\u00ba ESO (Con cita previa).<\/li>\n<li><em>29 y 30 de junio<\/em>: Alumnado admitido en 2\u00ba, 3\u00ba y 4\u00ba ESO.<\/li>\n<li><em>1 de julio<\/em>: Alumnado admitido en Bachillerato.<\/li>\n<\/ul>\n<\/li>\n<\/ul>\n<p><span style=\"color: #00ccff;\"><strong>CICLOS FORMATIVOS (pendiente de publicaci\u00f3n)<\/strong><\/span><\/p>\n<\/div>\n<\/div><\/div><\/div><div id=\"panel-1296-2-1-1\" class=\"so-panel widget widget_sow-tabs panel-last-child\" data-index=\"7\" ><div\n\t\t\t\n\t\t\tclass=\"so-widget-sow-tabs so-widget-sow-tabs-default-6f28db574330-1296\"\n\t\t\t\n\t\t><div class=\"sow-tabs\">\n\t<div class=\"sow-tabs-tab-container\" role=\"tablist\">\n\t\t\t<div\n\t\t\tclass=\"sow-tabs-tab sow-tabs-tab-selected\"\n\t\t\trole=\"tab\"\n\t\t\tdata-anchor=\"cfg-b%c3%a1sico\"\n\t\t\taria-selected=\"true\"\n\t\t\ttabindex=\"0\"\n\t\t>\n\t\t\t<div class=\"sow-tabs-title sow-tabs-title-icon-left\">\n\t\t\t\t\t\t\t\tCFG B\u00e1sico\t\t\t\t\t\t\t<\/div>\n\t\t<\/div>\n\t\t\t<div\n\t\t\tclass=\"sow-tabs-tab\"\n\t\t\trole=\"tab\"\n\t\t\tdata-anchor=\"cfg-medio\"\n\t\t\taria-selected=\"false\"\n\t\t\ttabindex=\"0\"\n\t\t>\n\t\t\t<div class=\"sow-tabs-title sow-tabs-title-icon-left\">\n\t\t\t\t\t\t\t\tCFG Medio\t\t\t\t\t\t\t<\/div>\n\t\t<\/div>\n\t\t\t<div\n\t\t\tclass=\"sow-tabs-tab\"\n\t\t\trole=\"tab\"\n\t\t\tdata-anchor=\"cfg-superior\"\n\t\t\taria-selected=\"false\"\n\t\t\ttabindex=\"0\"\n\t\t>\n\t\t\t<div class=\"sow-tabs-title sow-tabs-title-icon-left\">\n\t\t\t\t\t\t\t\tCFG Superior\t\t\t\t\t\t\t<\/div>\n\t\t<\/div>\n\t\t<\/div>\n\n\t<div class=\"sow-tabs-panel-container\">\n\t\t\t<div class=\"sow-tabs-panel\">\n\t\t\t<div\n\t\t\t\tclass=\"sow-tabs-panel-content\"\n\t\t\t\trole=\"tabpanel\"\n\t\t\t\taria-hidden=\"false\"\n\t\t\t>\n\t\t\t\t<ul>\n<li>FASE 1: XX de julio <em>(pte. de publicaci\u00f3n)<\/em><\/li>\n<li>FASE 2: XX de julio<\/li>\n<li>Extraordinaria: XX de septiembre<\/li>\n<\/ul>\n\t\t\t<\/div>\n\t\t<\/div>\n\t\t\t<div class=\"sow-tabs-panel\">\n\t\t\t<div\n\t\t\t\tclass=\"sow-tabs-panel-content\"\n\t\t\t\trole=\"tabpanel\"\n\t\t\t\taria-hidden=\"true\"\n\t\t\t>\n\t\t\t\t<ul>\n<li>FASE 1: XX de julio <em>(pte. de publicaci\u00f3n)<\/em><\/li>\n<li>FASE 2: XX de julio<\/li>\n<li>Extraordinaria: XX de septiembre<\/li>\n<\/ul>\n\t\t\t<\/div>\n\t\t<\/div>\n\t\t\t<div class=\"sow-tabs-panel\">\n\t\t\t<div\n\t\t\t\tclass=\"sow-tabs-panel-content\"\n\t\t\t\trole=\"tabpanel\"\n\t\t\t\taria-hidden=\"true\"\n\t\t\t>\n\t\t\t\t<ul>\n<li>FASE 1: XX de julio <em>(pte. de publicaci\u00f3n)<\/em><\/li>\n<li>FASE 2: XX de julio<\/li>\n<li>Extraordinaria: XX de septiembre<\/li>\n<\/ul>\n\t\t\t<\/div>\n\t\t<\/div>\n\t\t<\/div>\n<\/div>\n<\/div><\/div><\/div><\/div><\/div><\/div><div id=\"pg-1296-3\"  class=\"panel-grid panel-has-style\" ><div class=\"panel-row-style panel-row-style-for-1296-3\" ><div id=\"pgc-1296-3-0\"  class=\"panel-grid-cell\" ><div class=\"so-rounded panel-cell-style panel-cell-style-for-1296-3-0\" ><div id=\"panel-1296-3-0-0\" class=\"so-panel widget widget_sow-editor panel-first-child panel-last-child\" data-index=\"8\" ><div class=\"panel-widget-style panel-widget-style-for-1296-3-0-0\" ><div\n\t\t\t\n\t\t\tclass=\"so-widget-sow-editor so-widget-sow-editor-base\"\n\t\t\t\n\t\t>\n<div class=\"siteorigin-widget-tinymce textwidget\">\n\t<h4><em><strong>AVISO SOBRE EL PAGO POR CAJERO AUTOM\u00c1TICO:<\/strong><\/em><\/h4>\n<p><a href=\"https:\/\/www.youtube.com\/watch?v=ueLiR6EcWNI&amp;ab_channel=IESRam%C3%B3nArcasMeca\" target=\"_blank\" rel=\"noopener\">Interesante v\u00eddeo sobre\u00a0<strong>c\u00f3mo pagar a trav\u00e9s de un cajero autom\u00e1tico<\/strong><\/a><\/p>\n<ul>\n<li><strong>Se recomienda la modalidad de pago por transferencia<\/strong>\u00a0u otro medio sin comisiones.<\/li>\n<li>En caso de error en el pago,\u00a0<a href=\"mailto:%20secretario@tiernoparla.es\" target=\"_blank\" rel=\"noopener\">contactar con el Secretario<\/a> aportando el justificante del pago, el nombre del alumno y el detalle del problema.<\/li>\n<li><strong>PAGO EN EFECTIVO POR VENTANILLA<\/strong>: En las 2 sucursales de Caixabank de Parla se puede pagar:\n<ul>\n<li><strong>Clientes de Caixabank: a cualquier hora<\/strong><\/li>\n<li><strong>No clientes: martes y jueves, de 8:15 a 10:00<\/strong><\/li>\n<\/ul>\n<\/li>\n<\/ul>\n<div>\n<div><strong>Por favor, NO enviar los documentos a ninguna cuenta de correo del centro. S\u00f3lo se aceptan documentos f\u00edsicos. Gracias.<\/strong><\/div>\n<\/div>\n<\/div>\n<\/div><\/div><\/div><\/div><\/div><\/div><\/div><div id=\"pg-1296-4\"  class=\"panel-grid panel-has-style\" ><div class=\"panel-row-style panel-row-style-for-1296-4\" ><div id=\"pgc-1296-4-0\"  class=\"panel-grid-cell\" ><div class=\"so-rounded panel-cell-style panel-cell-style-for-1296-4-0\" ><div id=\"panel-1296-4-0-0\" class=\"so-panel widget widget_siteorigin-panels-builder panel-first-child panel-last-child\" data-index=\"9\" ><div class=\"panel-widget-style panel-widget-style-for-1296-4-0-0\" ><div id=\"pl-w68385f39862cc\"  class=\"panel-layout\" ><div id=\"pg-w68385f39862cc-0\"  class=\"panel-grid panel-has-style\" ><div class=\"panel-row-style panel-row-style-for-w68385f39862cc-0\" ><div id=\"pgc-w68385f39862cc-0-0\"  class=\"panel-grid-cell\" ><div id=\"panel-w68385f39862cc-0-0-0\" class=\"so-panel widget widget_sow-editor panel-first-child panel-last-child\" data-index=\"0\" ><div class=\"panel-widget-style panel-widget-style-for-w68385f39862cc-0-0-0\" ><div\n\t\t\t\n\t\t\tclass=\"so-widget-sow-editor so-widget-sow-editor-base\"\n\t\t\t\n\t\t>\n<div class=\"siteorigin-widget-tinymce textwidget\">\n\t<h4><span style=\"color: #ffffff;\"><strong style=\"font-family: Raleway, Helvetica, Arial, sans-serif; font-size: 1.0625rem;\">DOCUMENTOS DE INSTRUCCIONES Y FORMULARIOS DE MATR\u00cdCULA<\/strong><\/span><\/h4>\n<\/div>\n<\/div><\/div><\/div><\/div><\/div><\/div><div id=\"pg-w68385f39862cc-1\"  class=\"panel-grid panel-has-style\" ><div class=\"panel-row-style panel-row-style-for-w68385f39862cc-1\" ><div id=\"pgc-w68385f39862cc-1-0\"  class=\"panel-grid-cell\" ><div id=\"panel-w68385f39862cc-1-0-0\" class=\"so-panel widget widget_sow-editor panel-first-child panel-last-child\" data-index=\"1\" ><div\n\t\t\t\n\t\t\tclass=\"so-widget-sow-editor so-widget-sow-editor-base\"\n\t\t\t\n\t\t>\n<div class=\"siteorigin-widget-tinymce textwidget\">\n\t<div class=\"elementor-element elementor-element-385ce72 elementor-widget elementor-widget-heading\" data-id=\"385ce72\" data-element_type=\"widget\" data-widget_type=\"heading.default\">\n<div class=\"elementor-widget-container\"><strong>Los alumnos que YA est\u00e1n cursando estudios en el Tierno deben seleccionar el documento del nivel en el que est\u00e1n actualmente.<\/strong><\/div>\n<\/div>\n<div class=\"elementor-element elementor-element-38da4eb elementor-widget elementor-widget-text-editor\" data-id=\"38da4eb\" data-element_type=\"widget\" data-widget_type=\"text-editor.default\">\n<div class=\"elementor-widget-container\">\n<header>\n<div>\n<ul>\n<li><a href=\"https:\/\/site.educa.madrid.org\/ies.tiernogalvan.parla\/\/wp-content\/uploads\/ies.tiernogalvan.parla\/2024\/05\/matricula_26-27_1-2-eso-completa.pdf\" target=\"_blank\" rel=\"noopener\"><strong>1\u00ba de ESO<\/strong><\/a><\/li>\n<li><a href=\"https:\/\/site.educa.madrid.org\/ies.tiernogalvan.parla\/\/wp-content\/uploads\/ies.tiernogalvan.parla\/2024\/05\/matricula_26-27_2-3-eso-completa.pdf\" target=\"_blank\" rel=\"noopener\"><strong>2\u00ba de ESO<\/strong><\/a><\/li>\n<li><a href=\"https:\/\/site.educa.madrid.org\/ies.tiernogalvan.parla\/\/wp-content\/uploads\/ies.tiernogalvan.parla\/2024\/05\/matricula_26-27_3-4eso-completa.pdf\" target=\"_blank\" rel=\"noopener\"><strong>3\u00ba de ESO<\/strong><\/a><\/li>\n<li><a href=\"https:\/\/site.educa.madrid.org\/ies.tiernogalvan.parla\/\/wp-content\/uploads\/ies.tiernogalvan.parla\/2024\/05\/matricula_26-27_4eso-1bach-completa.pdf\" target=\"_blank\" rel=\"noopener\"><strong>4\u00ba de ESO<\/strong><\/a><\/li>\n<li><strong><a href=\"https:\/\/site.educa.madrid.org\/ies.tiernogalvan.parla\/\/wp-content\/uploads\/ies.tiernogalvan.parla\/2024\/05\/matricula_26_27_3-4-diver-completa.pdf\" target=\"_blank\" rel=\"noopener\">Programa de Diversificaci\u00f3n Curricular<\/a><\/strong><\/li>\n<li><a href=\"https:\/\/site.educa.madrid.org\/ies.tiernogalvan.parla\/\/wp-content\/uploads\/ies.tiernogalvan.parla\/2024\/05\/matricula_26-27_bach-diurno-completa.pdf\" target=\"_blank\" rel=\"noopener\"><strong>Bachillerato Diurno<\/strong><\/a>\u00a0(excepto si titulan)<\/li>\n<li><a href=\"https:\/\/site.educa.madrid.org\/ies.tiernogalvan.parla\/\/wp-content\/uploads\/ies.tiernogalvan.parla\/2024\/06\/matricula_26-27_bach-nocturno-completa.pdf\" target=\"_blank\" rel=\"noopener\"><strong>Bachillerato Semipresencial (Nocturno)<\/strong><\/a>\u00a0(excepto si titulan)<\/li>\n<li><a href=\"https:\/\/site.educa.madrid.org\/ies.tiernogalvan.parla\/\/wp-content\/uploads\/ies.tiernogalvan.parla\/2024\/05\/matricula_26-27_fp-completa.pdf\" target=\"_blank\" rel=\"noopener\"><strong>FP de Grado B\u00e1sico, Grado Medio y Superior<\/strong><\/a>\u00a0(excepto si titulan)<\/li>\n<\/ul>\n<\/div>\n<\/header>\n<\/div>\n<\/div>\n<\/div>\n<\/div><\/div><\/div><\/div><\/div><\/div><\/div><\/div><\/div><\/div><div id=\"pgc-1296-4-1\"  class=\"panel-grid-cell\" ><div class=\"so-rounded panel-cell-style panel-cell-style-for-1296-4-1\" ><div id=\"panel-1296-4-1-0\" class=\"so-panel widget widget_sow-editor panel-first-child\" data-index=\"10\" ><div\n\t\t\t\n\t\t\tclass=\"so-widget-sow-editor so-widget-sow-editor-base\"\n\t\t\t\n\t\t>\n<div class=\"siteorigin-widget-tinymce textwidget\">\n\t<h4>Preguntas Frecuentes sobre la Matr\u00edcula<\/h4>\n<p>En este apartado iremos incorporando las preguntas que se repitan y que se considere no est\u00e1n suficientemente detalladas en las instrucciones proporcionadas.<\/p>\n<\/div>\n<\/div><\/div><div id=\"panel-1296-4-1-1\" class=\"so-panel widget widget_sow-accordion panel-last-child\" data-index=\"11\" ><div\n\t\t\t\n\t\t\tclass=\"so-widget-sow-accordion so-widget-sow-accordion-default-47bbf48ac58d-1296\"\n\t\t\t data-max-open-panels=\"0\" data-initial-scroll-panel=\"0\"\n\t\t><div>\n\t<div class=\"sow-accordion\">\n\t\t\t<div class=\"sow-accordion-panel\"\n\t\t\t data-anchor=\"he-obtenido-plaza-en-el-tierno-para-3%c2%ba-de-la-eso-%c2%bfpuedo-matricularme-si-finalmente-repito-2%c2%ba\">\n\t\t\t\t<div class=\"sow-accordion-panel-header-container\" role=\"heading\" aria-level=\"2\">\n\t\t\t\t\t<div class=\"sow-accordion-panel-header\" tabindex=\"0\" role=\"button\" id=\"accordion-label-he-obtenido-plaza-en-el-tierno-para-3%c2%ba-de-la-eso-%c2%bfpuedo-matricularme-si-finalmente-repito-2%c2%ba\" aria-controls=\"accordion-content-he-obtenido-plaza-en-el-tierno-para-3%c2%ba-de-la-eso-%c2%bfpuedo-matricularme-si-finalmente-repito-2%c2%ba\" aria-expanded=\"false\">\n\t\t\t\t\t\t<div class=\"sow-accordion-title sow-accordion-title-icon-left\">\n\t\t\t\t\t\t\t\t\t\t\t\t\t\tHe obtenido plaza en el Tierno para 3\u00ba de la ESO, \u00bfpuedo matricularme si finalmente repito 2\u00ba?\t\t\t\t\t\t\t\t\t\t\t\t\t<\/div>\n\t\t\t\t\t\t<div class=\"sow-accordion-open-close-button\">\n\t\t\t\t\t\t\t<div class=\"sow-accordion-open-button\">\n\t\t\t\t\t\t\t\t<span class=\"sow-icon-ionicons\" data-sow-icon=\"&#xf218;\"\n\t\t \n\t\taria-hidden=\"true\"><\/span>\t\t\t\t\t\t\t<\/div>\n\t\t\t\t\t\t\t<div class=\"sow-accordion-close-button\">\n\t\t\t\t\t\t\t\t<span class=\"sow-icon-ionicons\" data-sow-icon=\"&#xf209;\"\n\t\t \n\t\taria-hidden=\"true\"><\/span>\t\t\t\t\t\t\t<\/div>\n\t\t\t\t\t\t<\/div>\n\t\t\t\t\t<\/div>\n\t\t\t\t<\/div>\n\n\t\t\t<div\n\t\t\t\tclass=\"sow-accordion-panel-content\"\n\t\t\t\trole=\"region\"\n\t\t\t\taria-labelledby=\"accordion-label-he-obtenido-plaza-en-el-tierno-para-3%c2%ba-de-la-eso-%c2%bfpuedo-matricularme-si-finalmente-repito-2%c2%ba\"\n\t\t\t\tid=\"accordion-content-he-obtenido-plaza-en-el-tierno-para-3%c2%ba-de-la-eso-%c2%bfpuedo-matricularme-si-finalmente-repito-2%c2%ba\"\n\t\t\t\tstyle=\"display: none;\"\t\t\t>\n\t\t\t\t<div class=\"sow-accordion-panel-border\">\n\t\t\t\t\t<p>NO, la plaza reservada es para un nivel concreto y solo puede consolidarse en dicho nivel. El centro de procedencia tiene reservada la plaza en el nivel en el que toca repetir.<\/p>\n\t\t\t\t<\/div>\n\t\t\t<\/div>\n\t\t<\/div>\n\t\t\t<div class=\"sow-accordion-panel\"\n\t\t\t data-anchor=\"en-bachillerato-hay-materias-con-prelaci%c3%b3n-%c2%bfpuedo-cursar-la-de-2%c2%ba-sin-haber-cursado-la-de-1%c2%ba\">\n\t\t\t\t<div class=\"sow-accordion-panel-header-container\" role=\"heading\" aria-level=\"2\">\n\t\t\t\t\t<div class=\"sow-accordion-panel-header\" tabindex=\"0\" role=\"button\" id=\"accordion-label-en-bachillerato-hay-materias-con-prelaci%c3%b3n-%c2%bfpuedo-cursar-la-de-2%c2%ba-sin-haber-cursado-la-de-1%c2%ba\" aria-controls=\"accordion-content-en-bachillerato-hay-materias-con-prelaci%c3%b3n-%c2%bfpuedo-cursar-la-de-2%c2%ba-sin-haber-cursado-la-de-1%c2%ba\" aria-expanded=\"false\">\n\t\t\t\t\t\t<div class=\"sow-accordion-title sow-accordion-title-icon-left\">\n\t\t\t\t\t\t\t\t\t\t\t\t\t\tEn Bachillerato hay materias con prelaci\u00f3n. \u00bfPuedo cursar la de 2\u00ba sin haber cursado la de 1\u00ba?\t\t\t\t\t\t\t\t\t\t\t\t\t<\/div>\n\t\t\t\t\t\t<div class=\"sow-accordion-open-close-button\">\n\t\t\t\t\t\t\t<div class=\"sow-accordion-open-button\">\n\t\t\t\t\t\t\t\t<span class=\"sow-icon-ionicons\" data-sow-icon=\"&#xf218;\"\n\t\t \n\t\taria-hidden=\"true\"><\/span>\t\t\t\t\t\t\t<\/div>\n\t\t\t\t\t\t\t<div class=\"sow-accordion-close-button\">\n\t\t\t\t\t\t\t\t<span class=\"sow-icon-ionicons\" data-sow-icon=\"&#xf209;\"\n\t\t \n\t\taria-hidden=\"true\"><\/span>\t\t\t\t\t\t\t<\/div>\n\t\t\t\t\t\t<\/div>\n\t\t\t\t\t<\/div>\n\t\t\t\t<\/div>\n\n\t\t\t<div\n\t\t\t\tclass=\"sow-accordion-panel-content\"\n\t\t\t\trole=\"region\"\n\t\t\t\taria-labelledby=\"accordion-label-en-bachillerato-hay-materias-con-prelaci%c3%b3n-%c2%bfpuedo-cursar-la-de-2%c2%ba-sin-haber-cursado-la-de-1%c2%ba\"\n\t\t\t\tid=\"accordion-content-en-bachillerato-hay-materias-con-prelaci%c3%b3n-%c2%bfpuedo-cursar-la-de-2%c2%ba-sin-haber-cursado-la-de-1%c2%ba\"\n\t\t\t\tstyle=\"display: none;\"\t\t\t>\n\t\t\t\t<div class=\"sow-accordion-panel-border\">\n\t\t\t\t\t<p>La normativa (Decreto 64\/2022, art\u00edculo 23.6) dice lo siguiente:<\/p>\n<p><em>(...) No obstante, el alumnado podr\u00e1 matricularse de la materia de segundo curso sin haber cursado la correspondiente materia de primer curso siempre que el profesor que la imparta considere que re\u00fane las condiciones necesarias para poder seguir con aprovechamiento la materia de segundo, para lo que deber\u00e1 acreditar los conocimientos correspondientes al curso previo mediante una prueba de nivel establecida por el departamento de coordinaci\u00f3n did\u00e1ctica responsable de\u00a0 dicha materia o quien desempe\u00f1e sus funciones en los centros privados. En caso contrario, deber\u00e1 cursar la materia de primer curso, que tendr\u00e1 la consideraci\u00f3n de materia pendiente, si bien no ser\u00e1 computable a efectos de modificar las condiciones en las que ha promocionado a segundo.<\/em><\/p>\n<p>Por tanto, no hay imposibilidad para cursar dichas materias. Aconsejamos elegirlas en la matr\u00edcula y, si se adjudica, hablar con el profesor que la imparta al inicio del curso para valorar la situaci\u00f3n.<\/p>\n\t\t\t\t<\/div>\n\t\t\t<\/div>\n\t\t<\/div>\n\t\t\t<div class=\"sow-accordion-panel\"\n\t\t\t data-anchor=\"%c2%bfpuedo-solicitar-matricularme-en-una-asignatura-que-no-sale-en-el-impreso\">\n\t\t\t\t<div class=\"sow-accordion-panel-header-container\" role=\"heading\" aria-level=\"2\">\n\t\t\t\t\t<div class=\"sow-accordion-panel-header\" tabindex=\"0\" role=\"button\" id=\"accordion-label-%c2%bfpuedo-solicitar-matricularme-en-una-asignatura-que-no-sale-en-el-impreso\" aria-controls=\"accordion-content-%c2%bfpuedo-solicitar-matricularme-en-una-asignatura-que-no-sale-en-el-impreso\" aria-expanded=\"false\">\n\t\t\t\t\t\t<div class=\"sow-accordion-title sow-accordion-title-icon-left\">\n\t\t\t\t\t\t\t\t\t\t\t\t\t\t\u00bfPuedo solicitar matricularme en una asignatura que no sale en el impreso?\t\t\t\t\t\t\t\t\t\t\t\t\t<\/div>\n\t\t\t\t\t\t<div class=\"sow-accordion-open-close-button\">\n\t\t\t\t\t\t\t<div class=\"sow-accordion-open-button\">\n\t\t\t\t\t\t\t\t<span class=\"sow-icon-ionicons\" data-sow-icon=\"&#xf218;\"\n\t\t \n\t\taria-hidden=\"true\"><\/span>\t\t\t\t\t\t\t<\/div>\n\t\t\t\t\t\t\t<div class=\"sow-accordion-close-button\">\n\t\t\t\t\t\t\t\t<span class=\"sow-icon-ionicons\" data-sow-icon=\"&#xf209;\"\n\t\t \n\t\taria-hidden=\"true\"><\/span>\t\t\t\t\t\t\t<\/div>\n\t\t\t\t\t\t<\/div>\n\t\t\t\t\t<\/div>\n\t\t\t\t<\/div>\n\n\t\t\t<div\n\t\t\t\tclass=\"sow-accordion-panel-content\"\n\t\t\t\trole=\"region\"\n\t\t\t\taria-labelledby=\"accordion-label-%c2%bfpuedo-solicitar-matricularme-en-una-asignatura-que-no-sale-en-el-impreso\"\n\t\t\t\tid=\"accordion-content-%c2%bfpuedo-solicitar-matricularme-en-una-asignatura-que-no-sale-en-el-impreso\"\n\t\t\t\tstyle=\"display: none;\"\t\t\t>\n\t\t\t\t<div class=\"sow-accordion-panel-border\">\n\t\t\t\t\t<p>NO, el impreso est\u00e1 elaborado con las materias seleccionadas a trav\u00e9s del sondeo realizado con anterioridad y se ha optimizado para dar respuesta a la mayor cantidad posible de combinaciones.<\/p>\n<p>Adem\u00e1s, hay que tener en cuenta que para que una materia pueda impartirse ha de contar con un n\u00famero m\u00ednimo de alumnos. Si no se alcanz\u00f3 dicha cifra en la pre-matr\u00edcula y la organizaci\u00f3n del centro tampoco lo permite, se ha eliminado del impreso.<\/p>\n<p>El hecho de que una materia no se imparta un a\u00f1o no implica que no pueda impartirse al curso siguiente.<\/p>\n\t\t\t\t<\/div>\n\t\t\t<\/div>\n\t\t<\/div>\n\t\t<\/div>\n<\/div>\n<\/div><\/div><\/div><\/div><\/div><\/div><\/div>","protected":false},"excerpt":{"rendered":"<p>MATRICULACI\u00d3N de Alumnos para el curso 2026\/2027<\/p>\n","protected":false},"author":11,"featured_media":0,"parent":1751,"menu_order":2,"comment_status":"closed","ping_status":"closed","template":"","meta":{"footnotes":""},"folder":[107],"class_list":["post-1296","page","type-page","status-publish","hentry"],"rttpg_featured_image_url":null,"rttpg_author":{"display_name":"Cuenta Jestudios ies tiernogalvan parla","author_link":"https:\/\/site.educa.madrid.org\/ies.tiernogalvan.parla\/index.php\/author\/cuenta_jestudios-ies-tiernogalvan-parla\/"},"rttpg_comment":0,"rttpg_category":" <a href=\"https:\/\/site.educa.madrid.org\/ies.tiernogalvan.parla\/?taxonomy=folder&#038;term=51infogeneral-1700825537-3\" rel=\"tag\">5.1_Procesos<\/a>","rttpg_excerpt":"MATRICULACI\u00d3N de Alumnos para el curso 2026\/2027","post_mailing_queue_ids":[],"_links":{"self":[{"href":"https:\/\/site.educa.madrid.org\/ies.tiernogalvan.parla\/index.php\/wp-json\/wp\/v2\/pages\/1296","targetHints":{"allow":["GET"]}}],"collection":[{"href":"https:\/\/site.educa.madrid.org\/ies.tiernogalvan.parla\/index.php\/wp-json\/wp\/v2\/pages"}],"about":[{"href":"https:\/\/site.educa.madrid.org\/ies.tiernogalvan.parla\/index.php\/wp-json\/wp\/v2\/types\/page"}],"author":[{"embeddable":true,"href":"https:\/\/site.educa.madrid.org\/ies.tiernogalvan.parla\/index.php\/wp-json\/wp\/v2\/users\/11"}],"replies":[{"embeddable":true,"href":"https:\/\/site.educa.madrid.org\/ies.tiernogalvan.parla\/index.php\/wp-json\/wp\/v2\/comments?post=1296"}],"version-history":[{"count":50,"href":"https:\/\/site.educa.madrid.org\/ies.tiernogalvan.parla\/index.php\/wp-json\/wp\/v2\/pages\/1296\/revisions"}],"predecessor-version":[{"id":6880,"href":"https:\/\/site.educa.madrid.org\/ies.tiernogalvan.parla\/index.php\/wp-json\/wp\/v2\/pages\/1296\/revisions\/6880"}],"up":[{"embeddable":true,"href":"https:\/\/site.educa.madrid.org\/ies.tiernogalvan.parla\/index.php\/wp-json\/wp\/v2\/pages\/1751"}],"wp:attachment":[{"href":"https:\/\/site.educa.madrid.org\/ies.tiernogalvan.parla\/index.php\/wp-json\/wp\/v2\/media?parent=1296"}],"wp:term":[{"taxonomy":"folder","embeddable":true,"href":"https:\/\/site.educa.madrid.org\/ies.tiernogalvan.parla\/index.php\/wp-json\/wp\/v2\/folder?post=1296"}],"curies":[{"name":"wp","href":"https:\/\/api.w.org\/{rel}","templated":true}]}}