{"id":1537,"date":"2023-06-13T09:38:28","date_gmt":"2023-06-13T07:38:28","guid":{"rendered":"https:\/\/site.educa.madrid.org\/ies.tiernogalvan.parla\/?page_id=1537"},"modified":"2024-10-30T19:27:37","modified_gmt":"2024-10-30T18:27:37","slug":"saber-y-ganar","status":"publish","type":"page","link":"https:\/\/site.educa.madrid.org\/ies.tiernogalvan.parla\/index.php\/planes-y-proyectos\/proyectos\/proyectos-del-centro-concursos\/saber-y-ganar\/","title":{"rendered":"Saber y Ganar"},"content":{"rendered":"<div id=\"pl-1537\"  class=\"panel-layout\" ><div id=\"pg-1537-0\"  class=\"panel-grid panel-has-style\" ><div class=\"siteorigin-panels-stretch panel-row-style panel-row-style-for-1537-0\" data-stretch-type=\"full-width-stretch\" ><div id=\"pgc-1537-0-0\"  class=\"panel-grid-cell\" ><div id=\"panel-1537-0-0-0\" class=\"so-panel widget widget_sow-headline panel-first-child panel-last-child\" data-index=\"0\" ><div class=\"panel-widget-style panel-widget-style-for-1537-0-0-0\" ><div\n\t\t\t\n\t\t\tclass=\"so-widget-sow-headline so-widget-sow-headline-default-e55f809b2d23-1537\"\n\t\t\t\n\t\t><div class=\"sow-headline-container \">\n\t\t\t\t\t\t\t<h2 class=\"sow-headline\">\n\t\t\t\t\t\tProyectos del Tierno: Concursos\t\t\t\t\t\t<\/h2>\n\t\t\t\t\t\t\t\t\t\t\t<div class=\"decoration\">\n\t\t\t\t\t\t<div class=\"decoration-inside\"><\/div>\n\t\t\t\t\t<\/div>\n\t\t\t\t\t<\/div>\n<\/div><\/div><\/div><\/div><\/div><\/div><div id=\"pg-1537-1\"  class=\"panel-grid panel-no-style\" ><div id=\"pgc-1537-1-0\"  class=\"panel-grid-cell\" ><div id=\"panel-1537-1-0-0\" class=\"so-panel widget widget_sow-headline panel-first-child\" data-index=\"1\" ><div\n\t\t\t\n\t\t\tclass=\"so-widget-sow-headline so-widget-sow-headline-default-85ea4ac10cbf-1537\"\n\t\t\t\n\t\t><div class=\"sow-headline-container \">\n\t\t\t\t\t\t\t<h2 class=\"sow-headline\">\n\t\t\t\t\t\tSaber y ganar\t\t\t\t\t\t<\/h2>\n\t\t\t\t\t\t<\/div>\n<\/div><\/div><div id=\"panel-1537-1-0-1\" class=\"so-panel widget widget_sow-image\" data-index=\"2\" ><div\n\t\t\t\n\t\t\tclass=\"so-widget-sow-image so-widget-sow-image-default-8b5b6f678277-1537\"\n\t\t\t\n\t\t>\n\n<div class=\"sow-image-container\">\n\t\t<img loading=\"lazy\" decoding=\"async\" src=\"https:\/\/site.educa.madrid.org\/ies.tiernogalvan.parla\/\/wp-content\/uploads\/ies.tiernogalvan.parla\/2023\/06\/syg1.png\" width=\"244\" height=\"50\" sizes=\"auto, (max-width: 244px) 100vw, 244px\" title=\"SaberyGanar1\" alt=\"\" \t\tclass=\"so-widget-image\"\/>\n\t<\/div>\n\n<\/div><\/div><div id=\"panel-1537-1-0-2\" class=\"so-panel widget widget_sow-image-grid\" data-index=\"3\" ><div\n\t\t\t\n\t\t\tclass=\"so-widget-sow-image-grid so-widget-sow-image-grid-default-5ff4073610f5-1537\"\n\t\t\t\n\t\t>\t<div\n\t\tclass=\"sow-image-grid-wrapper\"\n\t\tdata-max-width=\"550\"\t\tdata-max-height=\"550\"\t>\n\t\t\t\t\t<div class=\"sow-image-grid-image\">\n\t\t\t\t\t\t\t\t\t\t\t\t<img loading=\"lazy\" decoding=\"async\" width=\"559\" height=\"552\" src=\"https:\/\/site.educa.madrid.org\/ies.tiernogalvan.parla\/\/wp-content\/uploads\/ies.tiernogalvan.parla\/2023\/06\/syg2.png\" class=\"sow-image-grid-image_html\" alt=\"\" title=\"SaberyGanar2\" srcset=\"https:\/\/site.educa.madrid.org\/ies.tiernogalvan.parla\/\/wp-content\/uploads\/ies.tiernogalvan.parla\/2023\/06\/syg2.png 559w, https:\/\/site.educa.madrid.org\/ies.tiernogalvan.parla\/\/wp-content\/uploads\/ies.tiernogalvan.parla\/2023\/06\/syg2-300x296.png 300w\" sizes=\"auto, (max-width: 559px) 100vw, 559px\" \/>\t\t\t\t\t\t\t\t\t\t\t<\/div>\n\t\t\t\t\t<div class=\"sow-image-grid-image\">\n\t\t\t\t\t\t\t\t\t\t\t\t<img loading=\"lazy\" decoding=\"async\" width=\"512\" height=\"676\" src=\"https:\/\/site.educa.madrid.org\/ies.tiernogalvan.parla\/\/wp-content\/uploads\/ies.tiernogalvan.parla\/2023\/06\/syg3.png\" class=\"sow-image-grid-image_html\" alt=\"\" title=\"SaberyGanar3\" srcset=\"https:\/\/site.educa.madrid.org\/ies.tiernogalvan.parla\/\/wp-content\/uploads\/ies.tiernogalvan.parla\/2023\/06\/syg3.png 512w, https:\/\/site.educa.madrid.org\/ies.tiernogalvan.parla\/\/wp-content\/uploads\/ies.tiernogalvan.parla\/2023\/06\/syg3-227x300.png 227w\" sizes=\"auto, (max-width: 512px) 100vw, 512px\" \/>\t\t\t\t\t\t\t\t\t\t\t<\/div>\n\t\t\t<\/div>\n<\/div><\/div><div id=\"panel-1537-1-0-3\" class=\"so-panel widget widget_sow-editor\" data-index=\"4\" ><div\n\t\t\t\n\t\t\tclass=\"so-widget-sow-editor so-widget-sow-editor-base\"\n\t\t\t\n\t\t>\n<div class=\"siteorigin-widget-tinymce textwidget\">\n\t<p><b>Nota de prensa de TVE con presentaci\u00f3n de los especiales y de todos los Institutos<\/b> participantes (10 centros p\u00fablicos de diversas partes de Espa\u00f1a y el Instituto Espa\u00f1ol de T\u00e1nger).<\/p>\n<p><a href=\"https:\/\/www.rtve.es\/television\/20221226\/saber-ganar-vuelve-instituto\/2412945.shtml#:~:text=EQUIPO%20CONSUEGRA,Diego%20Guti%C3%A9rrez%20y%20Luc%C3%ADa%20Villaverde.\" target=\"_parent\" rel=\"noopener\">Especiales \u00a1'Saber y ganar' vuelve al instituto!<\/a><\/p>\n<div><b>ENLACES A LOS PROGRAMAS:<\/b><\/div>\n<ul>\n<li><b>Presentaci\u00f3n de los especiales y peque\u00f1a participaci\u00f3n de todos los institutos<\/b>,\u00a0<a href=\"https:\/\/www.rtve.es\/play\/videos\/saber-y-ganar\/26-12-22\/6764613\/\" target=\"_parent\" rel=\"noopener\">26\/12\/22<\/a>:<\/li>\n<li><b>Primer programa completo<\/b>\u00a0con\u00a0 p<a href=\"https:\/\/www.rtve.es\/play\/videos\/saber-y-ganar\/27-12-22\/6765214\/\" target=\"_parent\" rel=\"noopener\">articipaci\u00f3n\u00a0<i>del \"Tierno\"<\/i>\u00a027\/12\/22<\/a>:<\/li>\n<li><b>Segundo (\u00a1y \u00e9pico!)<\/b>\u00a0<b>programa completo<\/b>\u00a0<a href=\"https:\/\/www.rtve.es\/play\/videos\/saber-y-ganar\/04-01-23\/6769696\/\" target=\"_parent\" rel=\"noopener\">con\u00a0 participaci\u00f3n\u00a0<b>del \"Tierno\"<\/b>\u00a04\/1\/23<\/a>:<\/li>\n<li><b>Resultado final con los marcadores acumulados de todos los centros:<\/b><\/li>\n<\/ul>\n<\/div>\n<\/div><\/div><div id=\"panel-1537-1-0-4\" class=\"so-panel widget widget_sow-image-grid\" data-index=\"5\" ><div\n\t\t\t\n\t\t\tclass=\"so-widget-sow-image-grid so-widget-sow-image-grid-default-5ff4073610f5-1537\"\n\t\t\t\n\t\t>\t<div\n\t\tclass=\"sow-image-grid-wrapper\"\n\t\tdata-max-width=\"550\"\t\tdata-max-height=\"550\"\t>\n\t\t\t\t\t<div class=\"sow-image-grid-image\">\n\t\t\t\t\t\t\t\t\t\t\t\t<img loading=\"lazy\" decoding=\"async\" width=\"512\" height=\"676\" src=\"https:\/\/site.educa.madrid.org\/ies.tiernogalvan.parla\/\/wp-content\/uploads\/ies.tiernogalvan.parla\/2023\/06\/syg3.png\" class=\"sow-image-grid-image_html\" alt=\"\" title=\"SaberyGanar3\" srcset=\"https:\/\/site.educa.madrid.org\/ies.tiernogalvan.parla\/\/wp-content\/uploads\/ies.tiernogalvan.parla\/2023\/06\/syg3.png 512w, https:\/\/site.educa.madrid.org\/ies.tiernogalvan.parla\/\/wp-content\/uploads\/ies.tiernogalvan.parla\/2023\/06\/syg3-227x300.png 227w\" sizes=\"auto, (max-width: 512px) 100vw, 512px\" \/>\t\t\t\t\t\t\t\t\t\t\t<\/div>\n\t\t\t\t\t<div class=\"sow-image-grid-image\">\n\t\t\t\t\t\t\t\t\t\t\t\t<img loading=\"lazy\" decoding=\"async\" width=\"573\" height=\"756\" src=\"https:\/\/site.educa.madrid.org\/ies.tiernogalvan.parla\/\/wp-content\/uploads\/ies.tiernogalvan.parla\/2023\/06\/syg4.png\" class=\"sow-image-grid-image_html\" alt=\"\" title=\"SaberyGanar4\" srcset=\"https:\/\/site.educa.madrid.org\/ies.tiernogalvan.parla\/\/wp-content\/uploads\/ies.tiernogalvan.parla\/2023\/06\/syg4.png 573w, https:\/\/site.educa.madrid.org\/ies.tiernogalvan.parla\/\/wp-content\/uploads\/ies.tiernogalvan.parla\/2023\/06\/syg4-227x300.png 227w\" sizes=\"auto, (max-width: 573px) 100vw, 573px\" \/>\t\t\t\t\t\t\t\t\t\t\t<\/div>\n\t\t\t<\/div>\n<\/div><\/div><div id=\"panel-1537-1-0-5\" class=\"so-panel widget widget_sow-editor panel-last-child\" data-index=\"6\" ><div\n\t\t\t\n\t\t\tclass=\"so-widget-sow-editor so-widget-sow-editor-base\"\n\t\t\t\n\t\t>\n<div class=\"siteorigin-widget-tinymce textwidget\">\n\t<div>Aunque, como dijimos en pantalla, el Tierno fue\u00a0\u00a0<i>\"a compartir, no a competir\"<\/i>,\u00a0a nadie le amarga un dulce, y\u00a0<b>nuestro equipo tuvo un magn\u00edfico desempe\u00f1o,\u00a0<\/b><b>logrando:<\/b><\/div>\n<ul>\n<li>Ser\u00a0<b>el \u00fanico equipo en completar con \u00e9xito<\/b>\u00a0la prueba estrella \"<b>el doble gran minuto\".<\/b><\/li>\n<li>Obtener el\u00a0<b>mayor marcador acumulado<\/b>.<\/li>\n<li>Obtener el\u00a0<b>mayor marcador en un programa<\/b>\u00a0y...<\/li>\n<li>...<b>ser de los\u00a0 m\u00e1s simp\u00e1ticos y dicharacheros, tanto delante como detr\u00e1s de las c\u00e1maras<\/b>, logrando un huequecito en el coraz\u00f3n del equipo de producci\u00f3n y t\u00e9cnico de Saber y Ganar y TVE de San Cugat del Vall\u00e9s.<\/li>\n<\/ul>\n<div>Estamos muy satisfechos de haber mostrado a nivel nacional nuestro centro, el IES Enrique Tierno Galv\u00e1n, a una muestra del alumnado de la educaci\u00f3n p\u00fablica y dar una imagen positiva de nuestra localidad, Parla, y de su chavaler\u00eda.<\/div>\n<h6><\/h6>\n<h6>Como se dijo en el segundo programa de nuestro equipo:\u00a0<b><i>\"estos son los chavales de la p\u00fablica\"<\/i><\/b><\/h6>\n<\/div>\n<\/div><\/div><\/div><\/div><\/div>","protected":false},"excerpt":{"rendered":"<p>Nota de prensa de TVE con presentaci\u00f3n de los especiales y de todos los Institutos participantes (10 centros p\u00fablicos de diversas partes de Espa\u00f1a y el Instituto Espa\u00f1ol de T\u00e1nger). &#8230;<\/p>\n","protected":false},"author":3,"featured_media":0,"parent":2217,"menu_order":0,"comment_status":"closed","ping_status":"closed","template":"","meta":{"footnotes":""},"folder":[218],"class_list":["post-1537","page","type-page","status-publish","hentry"],"rttpg_featured_image_url":null,"rttpg_author":{"display_name":"ies.tiernogalvan.parla","author_link":"https:\/\/site.educa.madrid.org\/ies.tiernogalvan.parla\/index.php\/author\/cuenta_ies-tiernogalvan-parla\/"},"rttpg_comment":0,"rttpg_category":" <a href=\"https:\/\/site.educa.madrid.org\/ies.tiernogalvan.parla\/?taxonomy=folder&#038;term=721concursos-1712338559-3\" rel=\"tag\">7.2.1_Concursos<\/a>","rttpg_excerpt":"Nota de prensa de TVE con presentaci\u00f3n de los especiales y de todos los Institutos participantes (10 centros p\u00fablicos de diversas partes de Espa\u00f1a y el Instituto Espa\u00f1ol de T\u00e1nger). ...","post_mailing_queue_ids":[],"_links":{"self":[{"href":"https:\/\/site.educa.madrid.org\/ies.tiernogalvan.parla\/index.php\/wp-json\/wp\/v2\/pages\/1537","targetHints":{"allow":["GET"]}}],"collection":[{"href":"https:\/\/site.educa.madrid.org\/ies.tiernogalvan.parla\/index.php\/wp-json\/wp\/v2\/pages"}],"about":[{"href":"https:\/\/site.educa.madrid.org\/ies.tiernogalvan.parla\/index.php\/wp-json\/wp\/v2\/types\/page"}],"author":[{"embeddable":true,"href":"https:\/\/site.educa.madrid.org\/ies.tiernogalvan.parla\/index.php\/wp-json\/wp\/v2\/users\/3"}],"replies":[{"embeddable":true,"href":"https:\/\/site.educa.madrid.org\/ies.tiernogalvan.parla\/index.php\/wp-json\/wp\/v2\/comments?post=1537"}],"version-history":[{"count":7,"href":"https:\/\/site.educa.madrid.org\/ies.tiernogalvan.parla\/index.php\/wp-json\/wp\/v2\/pages\/1537\/revisions"}],"predecessor-version":[{"id":4248,"href":"https:\/\/site.educa.madrid.org\/ies.tiernogalvan.parla\/index.php\/wp-json\/wp\/v2\/pages\/1537\/revisions\/4248"}],"up":[{"embeddable":true,"href":"https:\/\/site.educa.madrid.org\/ies.tiernogalvan.parla\/index.php\/wp-json\/wp\/v2\/pages\/2217"}],"wp:attachment":[{"href":"https:\/\/site.educa.madrid.org\/ies.tiernogalvan.parla\/index.php\/wp-json\/wp\/v2\/media?parent=1537"}],"wp:term":[{"taxonomy":"folder","embeddable":true,"href":"https:\/\/site.educa.madrid.org\/ies.tiernogalvan.parla\/index.php\/wp-json\/wp\/v2\/folder?post=1537"}],"curies":[{"name":"wp","href":"https:\/\/api.w.org\/{rel}","templated":true}]}}