{"id":1611,"date":"2023-06-15T09:50:26","date_gmt":"2023-06-15T07:50:26","guid":{"rendered":"https:\/\/site.educa.madrid.org\/ies.tiernogalvan.parla\/?page_id=1611"},"modified":"2024-11-06T12:03:26","modified_gmt":"2024-11-06T11:03:26","slug":"roble-y-raices","status":"publish","type":"page","link":"https:\/\/site.educa.madrid.org\/ies.tiernogalvan.parla\/index.php\/el-centro\/acceso-digital\/roble-y-raices\/","title":{"rendered":"Roble y Raices"},"content":{"rendered":"<div id=\"pl-1611\"  class=\"panel-layout\" ><div id=\"pg-1611-0\"  class=\"panel-grid panel-has-style\" ><div class=\"siteorigin-panels-stretch panel-row-style panel-row-style-for-1611-0\" data-stretch-type=\"full-width-stretch\" ><div id=\"pgc-1611-0-0\"  class=\"panel-grid-cell\" ><div id=\"panel-1611-0-0-0\" class=\"so-panel widget widget_sow-headline panel-first-child panel-last-child\" data-index=\"0\" ><div\n\t\t\t\n\t\t\tclass=\"so-widget-sow-headline so-widget-sow-headline-default-aa19f0146086-1611\"\n\t\t\t\n\t\t><div class=\"sow-headline-container \">\n\t\t\t\t\t\t\t<h2 class=\"sow-headline\">\n\t\t\t\t\t\tAplicaciones Roble y Ra\u00edces\t\t\t\t\t\t<\/h2>\n\t\t\t\t\t\t\t\t\t\t\t<div class=\"decoration\">\n\t\t\t\t\t\t<div class=\"decoration-inside\"><\/div>\n\t\t\t\t\t<\/div>\n\t\t\t\t\t<\/div>\n<\/div><\/div><\/div><\/div><\/div><div id=\"pg-1611-1\"  class=\"panel-grid panel-no-style\" ><div id=\"pgc-1611-1-0\"  class=\"panel-grid-cell\" ><div id=\"panel-1611-1-0-0\" class=\"so-panel widget widget_sow-image panel-first-child panel-last-child\" data-index=\"1\" ><div class=\"panel-widget-style panel-widget-style-for-1611-1-0-0\" ><div\n\t\t\t\n\t\t\tclass=\"so-widget-sow-image so-widget-sow-image-default-e4c2d9f6c920-1611\"\n\t\t\t\n\t\t>\n\n<div class=\"sow-image-container\">\n\t\t\t<a href=\"https:\/\/raices.madrid.org\/\"\n\t\t\ttarget=\"_blank\" rel=\"noopener noreferrer\" \t\t>\n\t\t\t<img loading=\"lazy\" decoding=\"async\" src=\"https:\/\/site.educa.madrid.org\/ies.tiernogalvan.parla\/\/wp-content\/uploads\/ies.tiernogalvan.parla\/2024\/06\/Logo_RaicesPortada-300x150.png\" width=\"300\" height=\"150\" sizes=\"auto, (max-width: 300px) 100vw, 300px\" alt=\"\" \t\tclass=\"so-widget-image\"\/>\n\t<\/a><\/div>\n\n<h3 class=\"widget-title\">\t\t<a href=\"https:\/\/raices.madrid.org\/\"\n\t\t\ttarget=\"_blank\" rel=\"noopener noreferrer\" \t\t>\n\t\t<\/a><\/h3><\/div><\/div><\/div><\/div><div id=\"pgc-1611-1-1\"  class=\"panel-grid-cell\" ><div id=\"panel-1611-1-1-0\" class=\"so-panel widget widget_sow-image panel-first-child panel-last-child\" data-index=\"2\" ><div class=\"panel-widget-style panel-widget-style-for-1611-1-1-0\" ><div\n\t\t\t\n\t\t\tclass=\"so-widget-sow-image so-widget-sow-image-default-e4c2d9f6c920-1611\"\n\t\t\t\n\t\t>\n\n<div class=\"sow-image-container\">\n\t\t\t<a href=\"https:\/\/www.comunidad.madrid\/servicios\/educacion\/raices#roble\"\n\t\t\ttarget=\"_blank\" rel=\"noopener noreferrer\" \t\t>\n\t\t\t<img loading=\"lazy\" decoding=\"async\" src=\"https:\/\/site.educa.madrid.org\/ies.tiernogalvan.parla\/\/wp-content\/uploads\/ies.tiernogalvan.parla\/2024\/06\/Logo_Roble-AppCuadrado-150x150.png\" width=\"150\" height=\"150\" srcset=\"https:\/\/site.educa.madrid.org\/ies.tiernogalvan.parla\/\/wp-content\/uploads\/ies.tiernogalvan.parla\/2024\/06\/Logo_Roble-AppCuadrado-150x150.png 150w, https:\/\/site.educa.madrid.org\/ies.tiernogalvan.parla\/\/wp-content\/uploads\/ies.tiernogalvan.parla\/2024\/06\/Logo_Roble-AppCuadrado-300x300.png 300w, https:\/\/site.educa.madrid.org\/ies.tiernogalvan.parla\/\/wp-content\/uploads\/ies.tiernogalvan.parla\/2024\/06\/Logo_Roble-AppCuadrado-375x375.png 375w, https:\/\/site.educa.madrid.org\/ies.tiernogalvan.parla\/\/wp-content\/uploads\/ies.tiernogalvan.parla\/2024\/06\/Logo_Roble-AppCuadrado.png 512w\" sizes=\"auto, (max-width: 150px) 100vw, 150px\" alt=\"\" \t\tclass=\"so-widget-image\"\/>\n\t<\/a><\/div>\n\n<h3 class=\"widget-title\">\t\t<a href=\"https:\/\/www.comunidad.madrid\/servicios\/educacion\/raices#roble\"\n\t\t\ttarget=\"_blank\" rel=\"noopener noreferrer\" \t\t>\n\t\t<\/a><\/h3><\/div><\/div><\/div><\/div><div id=\"pgc-1611-1-2\"  class=\"panel-grid-cell\" ><div id=\"panel-1611-1-2-0\" class=\"so-panel widget widget_sow-button panel-first-child\" data-index=\"3\" ><div class=\"panel-widget-style panel-widget-style-for-1611-1-2-0\" ><div\n\t\t\t\n\t\t\tclass=\"so-widget-sow-button so-widget-sow-button-wire-1e2cc17d3db4-1611\"\n\t\t\t\n\t\t><div class=\"ow-button-base ow-button-align-left\">\n\t<a\n\thref=\"https:\/\/play.google.com\/store\/apps\/details?id=org.madrid.raiz.roble\"\n\t\tclass=\"ow-icon-placement-left ow-button-hover\" target=\"_blank\" rel=\"noopener noreferrer\" \t>\n\t\t<span>\n\t\t\t<span class=\"sow-icon-ionicons\" data-sow-icon=\"&#xf34f;\"\n\t\tstyle=\"\" \n\t\taria-hidden=\"true\"><\/span>\n\t\t\tGoogle Store\t\t<\/span>\n\t<\/a>\n<\/div>\n<\/div><\/div><\/div><div id=\"panel-1611-1-2-1\" class=\"so-panel widget widget_sow-button panel-last-child\" data-index=\"4\" ><div class=\"panel-widget-style panel-widget-style-for-1611-1-2-1\" ><div\n\t\t\t\n\t\t\tclass=\"so-widget-sow-button so-widget-sow-button-wire-1e2cc17d3db4-1611\"\n\t\t\t\n\t\t><div class=\"ow-button-base ow-button-align-left\">\n\t<a\n\thref=\"https:\/\/apps.apple.com\/es\/app\/roble\/id1458472789\"\n\t\tclass=\"ow-icon-placement-left ow-button-hover\" target=\"_blank\" rel=\"noopener noreferrer\" \t>\n\t\t<span>\n\t\t\t<span class=\"sow-icon-ionicons\" data-sow-icon=\"&#xf227;\"\n\t\tstyle=\"\" \n\t\taria-hidden=\"true\"><\/span>\n\t\t\tApple Store\t\t<\/span>\n\t<\/a>\n<\/div>\n<\/div><\/div><\/div><\/div><\/div><div id=\"pg-1611-2\"  class=\"panel-grid panel-has-style\" ><div class=\"panel-row-style panel-row-style-for-1611-2\" ><div id=\"pgc-1611-2-0\"  class=\"panel-grid-cell\" ><div class=\"so-rounded panel-cell-style panel-cell-style-for-1611-2-0\" ><div id=\"panel-1611-2-0-0\" class=\"so-panel widget widget_sow-headline panel-first-child panel-last-child\" data-index=\"5\" ><div class=\"panel-widget-style panel-widget-style-for-1611-2-0-0\" ><div\n\t\t\t\n\t\t\tclass=\"so-widget-sow-headline so-widget-sow-headline-default-ace07216e4a9-1611\"\n\t\t\t\n\t\t><div class=\"sow-headline-container \">\n\t\t\t\t\t\t\t<h2 class=\"sow-headline\">\n\t\t\t\t\t\tInformaci\u00f3n oficial de la Comunidad de Madrid\t\t\t\t\t\t<\/h2>\n\t\t\t\t\t\t\t\t\t\t\t<div class=\"decoration\">\n\t\t\t\t\t\t<div class=\"decoration-inside\"><\/div>\n\t\t\t\t\t<\/div>\n\t\t\t\t\t<\/div>\n<\/div><\/div><\/div><\/div><\/div><\/div><\/div><div id=\"pg-1611-3\"  class=\"panel-grid panel-has-style\" ><div class=\"panel-row-style panel-row-style-for-1611-3\" ><div id=\"pgc-1611-3-0\"  class=\"panel-grid-cell\" ><div class=\"so-rounded panel-cell-style panel-cell-style-for-1611-3-0\" ><div id=\"panel-1611-3-0-0\" class=\"so-panel widget widget_sow-editor panel-first-child panel-last-child\" data-index=\"6\" ><div class=\"panel-widget-style panel-widget-style-for-1611-3-0-0\" ><div\n\t\t\t\n\t\t\tclass=\"so-widget-sow-editor so-widget-sow-editor-base\"\n\t\t\t\n\t\t>\n<div class=\"siteorigin-widget-tinymce textwidget\">\n\t<h4 style=\"text-align: center;\"><span style=\"color: #4f4f4f;\"><strong>INFORMACI\u00d3N GENERAL<\/strong><\/span><\/h4>\n<p><strong>SITIOS WEB y GU\u00cdAS DE APOYO<\/strong><\/p>\n<ul>\n<li><a href=\"https:\/\/raices.educa.madrid.org\/\" target=\"_blank\" rel=\"noopener\">Portal oficial de la Comunidad de Madrid para Ra\u00edces\/Roble<\/a><\/li>\n<li><a href=\"https:\/\/www.comunidad.madrid\/servicios\/educacion\/raices#roble\" target=\"_blank\" rel=\"noopener\">P\u00e1gina de apoyo a la aplicaci\u00f3n Roble<\/a><\/li>\n<li><a href=\"https:\/\/www.educa2.madrid.org\/web\/roble\" target=\"_blank\" rel=\"noopener\">P\u00e1gina de Educamadrid, espec\u00edfica sobre la aplicaci\u00f3n Roble<\/a><\/li>\n<li><a href=\"https:\/\/raices.educa.madrid.org\/manual-roble-comunicacion-familia-centro\/\" target=\"_blank\" rel=\"noopener\">Gu\u00eda para la COMUNICACI\u00d3N familia-centro<\/a><\/li>\n<li><a href=\"https:\/\/www.educa2.madrid.org\/web\/educamadrid\/principal\/files\/2e9cba19-0042-4a14-8b02-245de81b6b2e\/Seguimiento-educativo-para-tutores-legales-1_0.pdf\" target=\"_blank\" rel=\"noopener\">C\u00f3mo llevar SEGUIMIENTO EDUCATIVO de los alumnos<\/a><\/li>\n<\/ul>\n<\/div>\n<\/div><\/div><\/div><\/div><\/div><div id=\"pgc-1611-3-1\"  class=\"panel-grid-cell\" ><div class=\"panel-cell-style panel-cell-style-for-1611-3-1\" ><div id=\"panel-1611-3-1-0\" class=\"so-panel widget widget_sow-editor panel-first-child panel-last-child\" data-index=\"7\" ><div class=\"panel-widget-style panel-widget-style-for-1611-3-1-0\" ><div\n\t\t\t\n\t\t\tclass=\"so-widget-sow-editor so-widget-sow-editor-base\"\n\t\t\t\n\t\t>\n<div class=\"siteorigin-widget-tinymce textwidget\">\n\t<h4 style=\"text-align: center;\"><span style=\"color: #4f4f4f;\"><strong>INCIDENCIAS<\/strong><\/span><\/h4>\n<p><strong>MATERIAL de AYUDA<\/strong><\/p>\n<ul>\n<li><strong><a href=\"https:\/\/site.educa.madrid.org\/ies.tiernogalvan.parla\/\/wp-content\/uploads\/ies.tiernogalvan.parla\/2024\/06\/Roble-Raices_DesbloqueoUsuarios.pdf\" target=\"_blank\" rel=\"noopener\">Gu\u00eda para desbloqueo de usuarios<\/a><\/strong><\/li>\n<li><a href=\"https:\/\/www.comunidad.madrid\/sites\/default\/files\/doc\/educacion\/como_restablecer_contrasena_en_roble_o_raices.pdf\" target=\"_blank\" rel=\"noopener\"><strong>Gu\u00eda para restablecer contrase\u00f1as<\/strong><\/a><\/li>\n<\/ul>\n<p><strong>ASPECTOS IMPORTANTES<\/strong><\/p>\n<ul>\n<li>Mantener las aplicaciones y los equipos actualizados con la \u00faltima versi\u00f3n disponible<\/li>\n<\/ul>\n<p><strong>Otras incidencias<\/strong><\/p>\n<ul>\n<li><strong>Tel\u00e9fono 012<\/strong> de la Comunidad de Madrid<\/li>\n<\/ul>\n<\/div>\n<\/div><\/div><\/div><\/div><\/div><\/div><\/div><div id=\"pg-1611-4\"  class=\"panel-grid panel-has-style\" ><div class=\"panel-row-style panel-row-style-for-1611-4\" ><div id=\"pgc-1611-4-0\"  class=\"panel-grid-cell\" ><div id=\"panel-1611-4-0-0\" class=\"so-panel widget widget_sow-editor panel-first-child panel-last-child\" data-index=\"8\" ><div class=\"panel-widget-style panel-widget-style-for-1611-4-0-0\" ><div\n\t\t\t\n\t\t\tclass=\"so-widget-sow-editor so-widget-sow-editor-base\"\n\t\t\t\n\t\t>\n<div class=\"siteorigin-widget-tinymce textwidget\">\n\t<p><strong>AVISO<\/strong>:\u00a0Para poder<strong> recibir comunicaciones<\/strong> deben estar SUSCRITOS a los avisos del Centro.<br \/>\nEn la aplicaci\u00f3n web RA\u00cdCES ir al apartado COMUNICACI\u00d3N&gt;AVISOS&gt;SUSCRIPCIONES y marcar la opci\u00f3n \"<strong>s\u00ed<\/strong>\" en suscripci\u00f3n en todos los apartados.<\/p>\n<\/div>\n<\/div><\/div><\/div><\/div><\/div><\/div><div id=\"pg-1611-5\"  class=\"panel-grid panel-has-style\" ><div class=\"panel-row-style panel-row-style-for-1611-5\" ><div id=\"pgc-1611-5-0\"  class=\"panel-grid-cell\" ><div class=\"so-rounded panel-cell-style panel-cell-style-for-1611-5-0\" ><div id=\"panel-1611-5-0-0\" class=\"so-panel widget widget_sow-headline panel-first-child panel-last-child\" data-index=\"9\" ><div class=\"panel-widget-style panel-widget-style-for-1611-5-0-0\" ><div\n\t\t\t\n\t\t\tclass=\"so-widget-sow-headline so-widget-sow-headline-default-ace07216e4a9-1611\"\n\t\t\t\n\t\t><div class=\"sow-headline-container \">\n\t\t\t\t\t\t\t<h2 class=\"sow-headline\">\n\t\t\t\t\t\tResoluci\u00f3n de Incidencias en el IES\t\t\t\t\t\t<\/h2>\n\t\t\t\t\t\t\t\t\t\t\t<div class=\"decoration\">\n\t\t\t\t\t\t<div class=\"decoration-inside\"><\/div>\n\t\t\t\t\t<\/div>\n\t\t\t\t\t<\/div>\n<\/div><\/div><\/div><\/div><\/div><\/div><\/div><div id=\"pg-1611-6\"  class=\"panel-grid panel-has-style\" ><div class=\"panel-row-style panel-row-style-for-1611-6\" ><div id=\"pgc-1611-6-0\"  class=\"panel-grid-cell\" ><div id=\"panel-1611-6-0-0\" class=\"so-panel widget widget_sow-editor panel-first-child panel-last-child\" data-index=\"10\" ><div\n\t\t\t\n\t\t\tclass=\"so-widget-sow-editor so-widget-sow-editor-base\"\n\t\t\t\n\t\t>\n<div class=\"siteorigin-widget-tinymce textwidget\">\n\t<h4>Necesario antes de acudir al centro:<\/h4>\n<ul>\n<li>Visualizar los v\u00eddeos anteriores (apartado de incidencias)<\/li>\n<\/ul>\n<h4>Horario para solicitar credenciales:<\/h4>\n<ul>\n<li>Durante el horario lectivo del centro, seg\u00fan disponibilidad de Jefatura de Estudios<\/li>\n<\/ul>\n<p><strong>IMPORTANTE<\/strong>: Se deber\u00e1n identificar con el DNI o NIE.<\/p>\n<\/div>\n<\/div><\/div><\/div><\/div><\/div><div id=\"pg-1611-7\"  class=\"panel-grid panel-has-style\" ><div class=\"panel-row-style panel-row-style-for-1611-7\" ><div id=\"pgc-1611-7-0\"  class=\"panel-grid-cell\" ><div id=\"panel-1611-7-0-0\" class=\"so-panel widget widget_sow-editor panel-first-child panel-last-child\" data-index=\"11\" ><div\n\t\t\t\n\t\t\tclass=\"so-widget-sow-editor so-widget-sow-editor-base\"\n\t\t\t\n\t\t>\n<div class=\"siteorigin-widget-tinymce textwidget\">\n\t<h4>Pol\u00edtica de protecci\u00f3n de datos<\/h4>\n<p>Responsable del tratamiento de datos: Direcci\u00f3n General de Educaci\u00f3n Infantil, Primaria y Secundaria, C\/ Alcal\u00e1, 30-32, 3\u00aa planta. C.P: 28013.\u00a0<span id=\"cloaka448cd81e65644edf914093bdbd909e0\"><\/span><a href=\"mailto:dgeips.educacion@madrid.org\">dgeips.educacion@madrid.org<\/a>.<\/p>\n<p>Delegado de protecci\u00f3n de datos:\u00a0<span id=\"cloak5a08a4e67aea707f64e3dc51f587d30a\"><\/span><a href=\"mailto:protecciondatos.educacion@madrid.org\">protecciondatos.educacion@madrid.org<\/a>.\u00a0C\/ Alcal\u00e1, 32. Planta baja, C.P. 28014, Madrid. Tel: 917200379 \u2013 917200076 -917200486.<\/p>\n<p>Pol\u00edtica de privacidad:<a href=\"https:\/\/www.educa2.madrid.org\/web\/centro.ies.carpediem.fuenlabrada\/%20http:\/\/www.comunidad.madrid\/servicios\/educacion\/raices#roble\"><strong>\u00a0<\/strong><\/a><strong><a href=\"http:\/\/www.comunidad.madrid\/servicios\/educacion\/raices#roble\">http:\/\/www.comunidad.madrid\/servicios\/educacion\/raices#roble<\/a><\/strong><\/p>\n<\/div>\n<\/div><\/div><\/div><\/div><\/div><\/div>","protected":false},"excerpt":{"rendered":"<p>Aplicaciones Roble y Ra\u00edces Google Store Apple Store Informaci\u00f3n oficial de la Comunidad de Madrid INFORMACI\u00d3N GENERAL SITIOS WEB y GU\u00cdAS DE APOYO Portal oficial de la Comunidad de Madrid &#8230;<\/p>\n","protected":false},"author":3,"featured_media":0,"parent":2321,"menu_order":1,"comment_status":"closed","ping_status":"closed","template":"","meta":{"footnotes":""},"folder":[148],"class_list":["post-1611","page","type-page","status-publish","hentry"],"rttpg_featured_image_url":null,"rttpg_author":{"display_name":"ies.tiernogalvan.parla","author_link":"https:\/\/site.educa.madrid.org\/ies.tiernogalvan.parla\/index.php\/author\/cuenta_ies-tiernogalvan-parla\/"},"rttpg_comment":0,"rttpg_category":" <a href=\"https:\/\/site.educa.madrid.org\/ies.tiernogalvan.parla\/?taxonomy=folder&#038;term=15acesodigital-1710500178-3\" rel=\"tag\">1.5_AcesoDigital<\/a>","rttpg_excerpt":"Aplicaciones Roble y Ra\u00edces Google Store Apple Store Informaci\u00f3n oficial de la Comunidad de Madrid INFORMACI\u00d3N GENERAL SITIOS WEB y GU\u00cdAS DE APOYO Portal oficial de la Comunidad de Madrid ...","post_mailing_queue_ids":[],"_links":{"self":[{"href":"https:\/\/site.educa.madrid.org\/ies.tiernogalvan.parla\/index.php\/wp-json\/wp\/v2\/pages\/1611","targetHints":{"allow":["GET"]}}],"collection":[{"href":"https:\/\/site.educa.madrid.org\/ies.tiernogalvan.parla\/index.php\/wp-json\/wp\/v2\/pages"}],"about":[{"href":"https:\/\/site.educa.madrid.org\/ies.tiernogalvan.parla\/index.php\/wp-json\/wp\/v2\/types\/page"}],"author":[{"embeddable":true,"href":"https:\/\/site.educa.madrid.org\/ies.tiernogalvan.parla\/index.php\/wp-json\/wp\/v2\/users\/3"}],"replies":[{"embeddable":true,"href":"https:\/\/site.educa.madrid.org\/ies.tiernogalvan.parla\/index.php\/wp-json\/wp\/v2\/comments?post=1611"}],"version-history":[{"count":32,"href":"https:\/\/site.educa.madrid.org\/ies.tiernogalvan.parla\/index.php\/wp-json\/wp\/v2\/pages\/1611\/revisions"}],"predecessor-version":[{"id":4313,"href":"https:\/\/site.educa.madrid.org\/ies.tiernogalvan.parla\/index.php\/wp-json\/wp\/v2\/pages\/1611\/revisions\/4313"}],"up":[{"embeddable":true,"href":"https:\/\/site.educa.madrid.org\/ies.tiernogalvan.parla\/index.php\/wp-json\/wp\/v2\/pages\/2321"}],"wp:attachment":[{"href":"https:\/\/site.educa.madrid.org\/ies.tiernogalvan.parla\/index.php\/wp-json\/wp\/v2\/media?parent=1611"}],"wp:term":[{"taxonomy":"folder","embeddable":true,"href":"https:\/\/site.educa.madrid.org\/ies.tiernogalvan.parla\/index.php\/wp-json\/wp\/v2\/folder?post=1611"}],"curies":[{"name":"wp","href":"https:\/\/api.w.org\/{rel}","templated":true}]}}