{"id":1702,"date":"2023-06-21T17:13:21","date_gmt":"2023-06-21T15:13:21","guid":{"rendered":"https:\/\/site.educa.madrid.org\/ies.tiernogalvan.parla\/?page_id=1702"},"modified":"2024-10-30T12:43:52","modified_gmt":"2024-10-30T11:43:52","slug":"programa-de-diversificacion","status":"publish","type":"page","link":"https:\/\/site.educa.madrid.org\/ies.tiernogalvan.parla\/index.php\/ensenanzas\/eso\/programa-de-diversificacion\/","title":{"rendered":"Programa de Diversificaci\u00f3n Curricular"},"content":{"rendered":"<div id=\"pl-1702\"  class=\"panel-layout\" ><div id=\"pg-1702-0\"  class=\"panel-grid panel-has-style\" ><div class=\"siteorigin-panels-stretch panel-row-style panel-row-style-for-1702-0\" data-stretch-type=\"full-width-stretch\" ><div id=\"pgc-1702-0-0\"  class=\"panel-grid-cell\" ><div id=\"panel-1702-0-0-0\" class=\"so-panel widget widget_sow-headline panel-first-child panel-last-child\" data-index=\"0\" ><div class=\"panel-widget-style panel-widget-style-for-1702-0-0-0\" ><div\n\t\t\t\n\t\t\tclass=\"so-widget-sow-headline so-widget-sow-headline-default-e55f809b2d23-1702\"\n\t\t\t\n\t\t><div class=\"sow-headline-container \">\n\t\t\t\t\t\t\t<h2 class=\"sow-headline\">\n\t\t\t\t\t\tPrograma de Diversificaci\u00f3n Curricular\t\t\t\t\t\t<\/h2>\n\t\t\t\t\t\t\t\t\t\t\t<div class=\"decoration\">\n\t\t\t\t\t\t<div class=\"decoration-inside\"><\/div>\n\t\t\t\t\t<\/div>\n\t\t\t\t\t<\/div>\n<\/div><\/div><\/div><\/div><\/div><\/div><div id=\"pg-1702-1\"  class=\"panel-grid panel-no-style\" ><div id=\"pgc-1702-1-0\"  class=\"panel-grid-cell\" ><div id=\"panel-1702-1-0-0\" class=\"so-panel widget widget_sow-editor panel-first-child panel-last-child\" data-index=\"1\" ><div\n\t\t\t\n\t\t\tclass=\"so-widget-sow-editor so-widget-sow-editor-base\"\n\t\t\t\n\t\t>\n<div class=\"siteorigin-widget-tinymce textwidget\">\n\t<h3>Estructura de la Diversificaci\u00f3n Curricular<\/h3>\n<\/div>\n<\/div><\/div><\/div><\/div><div id=\"pg-1702-2\"  class=\"panel-grid panel-has-style\" ><div class=\"panel-row-style panel-row-style-for-1702-2\" ><div id=\"pgc-1702-2-0\"  class=\"panel-grid-cell\" ><div class=\"so-rounded panel-cell-style panel-cell-style-for-1702-2-0\" ><div id=\"panel-1702-2-0-0\" class=\"so-panel widget widget_sow-headline panel-first-child panel-last-child\" data-index=\"2\" ><div class=\"panel-widget-style panel-widget-style-for-1702-2-0-0\" ><div\n\t\t\t\n\t\t\tclass=\"so-widget-sow-headline so-widget-sow-headline-default-3ef620e689ed-1702\"\n\t\t\t\n\t\t><div class=\"sow-headline-container \">\n\t\t\t\t\t\t\t<h3 class=\"sow-headline\">\n\t\t\t\t\t\t1\u00ba DIVER\t\t\t\t\t\t<\/h3>\n\t\t\t\t\t\t\t\t\t\t\t\t<h3 class=\"sow-sub-headline\">\n\t\t\t\t\t\t (3\u00ba ESO)\t\t\t\t\t\t<\/h3>\n\t\t\t\t\t\t\t\t\t\t\t<div class=\"decoration\">\n\t\t\t\t\t\t<div class=\"decoration-inside\"><\/div>\n\t\t\t\t\t<\/div>\n\t\t\t\t\t<\/div>\n<\/div><\/div><\/div><\/div><\/div><div id=\"pgc-1702-2-1\"  class=\"panel-grid-cell\" ><div class=\"panel-cell-style panel-cell-style-for-1702-2-1\" ><div id=\"panel-1702-2-1-0\" class=\"so-panel widget widget_sow-editor panel-first-child panel-last-child\" data-index=\"3\" ><div class=\"panel-widget-style panel-widget-style-for-1702-2-1-0\" ><div\n\t\t\t\n\t\t\tclass=\"so-widget-sow-editor so-widget-sow-editor-base\"\n\t\t\t\n\t\t>\n<div class=\"siteorigin-widget-tinymce textwidget\">\n\t<p><strong>MATERIAS COMUNES<\/strong><\/p>\n<p><strong>\u00c1mbito Cient\u00edfico-Tecnol\u00f3gico<\/strong><br \/>\nIntegra los aspectos b\u00e1sicos de las materias siguientes:<br \/>\n<strong>\u00a0 \u2022<\/strong> Matem\u00e1ticas<br \/>\n<strong>\u00a0 \u2022<\/strong> Biolog\u00eda y Geolog\u00eda<br \/>\n<strong>\u00a0 \u2022<\/strong> F\u00edsica y Qu\u00edmica<br \/>\n<strong>\u00a0 \u2022<\/strong> Tecnolog\u00eda y Digitalizaci\u00f3n<\/p>\n<p><strong>\u00c1mbito Ling\u00fc\u00edstico y Social<\/strong><br \/>\nIntegra los aspectos b\u00e1sicos de las materias siguientes:<br \/>\n<strong>\u00a0 \u2022<\/strong> Lengua Castellana y Literatura<br \/>\n<strong>\u00a0 \u2022<\/strong> Geograf\u00eda e Historia<\/p>\n<p><strong>Lengua Extranjera: Ingl\u00e9s<\/strong><\/p>\n<p><strong>Educaci\u00f3n F\u00edsica<\/strong><\/p>\n<p><strong>M\u00fasica<\/strong><\/p>\n<\/div>\n<\/div><\/div><\/div><\/div><\/div><div id=\"pgc-1702-2-2\"  class=\"panel-grid-cell\" ><div class=\"panel-cell-style panel-cell-style-for-1702-2-2\" ><div id=\"panel-1702-2-2-0\" class=\"so-panel widget widget_sow-editor panel-first-child\" data-index=\"4\" ><div class=\"panel-widget-style panel-widget-style-for-1702-2-2-0\" ><div\n\t\t\t\n\t\t\tclass=\"so-widget-sow-editor so-widget-sow-editor-base\"\n\t\t\t\n\t\t>\n<div class=\"siteorigin-widget-tinymce textwidget\">\n\t<p><strong>OPTATIVAS (A elegir una)<\/strong><\/p>\n<ul>\n<li>2\u00aa Lengua Extranjera: Franc\u00e9s<\/li>\n<li>Cultura Cl\u00e1sica<\/li>\n<li>Comunicaci\u00f3n Audiovisual, Imagen y Expresi\u00f3n<\/li>\n<li>Bot\u00e1nica Aplicada<\/li>\n<li>Recuperaci\u00f3n de Matem\u00e1ticas<\/li>\n<li>Respeto y Tolerancia<\/li>\n<li>Teatro<\/li>\n<li>Iniciaci\u00f3n a la Actividad Econ\u00f3mica y Empresarial<\/li>\n<\/ul>\n<\/div>\n<\/div><\/div><\/div><div id=\"panel-1702-2-2-1\" class=\"so-panel widget widget_sow-editor panel-last-child\" data-index=\"5\" ><div class=\"panel-widget-style panel-widget-style-for-1702-2-2-1\" ><div\n\t\t\t\n\t\t\tclass=\"so-widget-sow-editor so-widget-sow-editor-base\"\n\t\t\t\n\t\t>\n<div class=\"siteorigin-widget-tinymce textwidget\">\n\t<p><strong>Religi\u00f3n \/ Alternativa (Elegir una)<\/strong><\/p>\n<ul>\n<li>Atenci\u00f3n Educativa<\/li>\n<li>Religi\u00f3n (Cat\u00f3lica)<\/li>\n<\/ul>\n<\/div>\n<\/div><\/div><\/div><\/div><\/div><\/div><\/div><div id=\"pg-1702-3\"  class=\"panel-grid panel-has-style\" ><div class=\"panel-row-style panel-row-style-for-1702-3\" ><div id=\"pgc-1702-3-0\"  class=\"panel-grid-cell\" ><div class=\"so-rounded panel-cell-style panel-cell-style-for-1702-3-0\" ><div id=\"panel-1702-3-0-0\" class=\"so-panel widget widget_sow-headline panel-first-child panel-last-child\" data-index=\"6\" ><div class=\"panel-widget-style panel-widget-style-for-1702-3-0-0\" ><div\n\t\t\t\n\t\t\tclass=\"so-widget-sow-headline so-widget-sow-headline-default-3ef620e689ed-1702\"\n\t\t\t\n\t\t><div class=\"sow-headline-container \">\n\t\t\t\t\t\t\t<h3 class=\"sow-headline\">\n\t\t\t\t\t\t2\u00ba DIVER\t\t\t\t\t\t<\/h3>\n\t\t\t\t\t\t\t\t\t\t\t\t<h3 class=\"sow-sub-headline\">\n\t\t\t\t\t\t (4\u00ba ESO)\t\t\t\t\t\t<\/h3>\n\t\t\t\t\t\t\t\t\t\t\t<div class=\"decoration\">\n\t\t\t\t\t\t<div class=\"decoration-inside\"><\/div>\n\t\t\t\t\t<\/div>\n\t\t\t\t\t<\/div>\n<\/div><\/div><\/div><\/div><\/div><div id=\"pgc-1702-3-1\"  class=\"panel-grid-cell\" ><div class=\"panel-cell-style panel-cell-style-for-1702-3-1\" ><div id=\"panel-1702-3-1-0\" class=\"so-panel widget widget_sow-editor panel-first-child panel-last-child\" data-index=\"7\" ><div class=\"panel-widget-style panel-widget-style-for-1702-3-1-0\" ><div\n\t\t\t\n\t\t\tclass=\"so-widget-sow-editor so-widget-sow-editor-base\"\n\t\t\t\n\t\t>\n<div class=\"siteorigin-widget-tinymce textwidget\">\n\t<p><strong>MATERIAS COMUNES<\/strong><\/p>\n<p><strong>\u00c1mbito Cient\u00edfico-Tecnol\u00f3gico<\/strong><br \/>\nIntegra los aspectos b\u00e1sicos de las materias siguientes:<br \/>\n<strong>\u00a0 \u2022<\/strong> Matem\u00e1ticas<br \/>\n<strong>\u00a0 \u2022<\/strong> Biolog\u00eda y Geolog\u00eda<br \/>\n<strong>\u00a0 \u2022<\/strong> F\u00edsica y Qu\u00edmica<br \/>\n<strong>\u00a0 \u2022<\/strong> Tecnolog\u00eda y Digitalizaci\u00f3n<\/p>\n<p><strong>\u00c1mbito Ling\u00fc\u00edstico y Social<\/strong><br \/>\nIntegra los aspectos b\u00e1sicos de las materias siguientes:<br \/>\n<strong>\u00a0 \u2022<\/strong> Lengua Castellana y Literatura<br \/>\n<strong>\u00a0 \u2022<\/strong> Geograf\u00eda e Historia<\/p>\n<p><strong>Lengua Extranjera: Ingl\u00e9s<\/strong><\/p>\n<p><strong>Educaci\u00f3n F\u00edsica<\/strong><\/p>\n<p><strong>Formaci\u00f3n y Orientaci\u00f3n Personal y Profesional<\/strong><\/p>\n<\/div>\n<\/div><\/div><\/div><\/div><\/div><div id=\"pgc-1702-3-2\"  class=\"panel-grid-cell\" ><div class=\"panel-cell-style panel-cell-style-for-1702-3-2\" ><div id=\"panel-1702-3-2-0\" class=\"so-panel widget widget_sow-editor panel-first-child\" data-index=\"8\" ><div class=\"panel-widget-style panel-widget-style-for-1702-3-2-0\" ><div\n\t\t\t\n\t\t\tclass=\"so-widget-sow-editor so-widget-sow-editor-base\"\n\t\t\t\n\t\t>\n<div class=\"siteorigin-widget-tinymce textwidget\">\n\t<p><strong>OPTATIVAS (A elegir una)<\/strong><\/p>\n<ul>\n<li>Cultura Cl\u00e1sica<\/li>\n<li>Deporte<\/li>\n<li>Filosof\u00eda<\/li>\n<li>Proyecto de Biolog\u00eda: Laboratorio de Biolog\u00eda<\/li>\n<li>Proyecto de Dibujo: Dibujo T\u00e9cnico y Dise\u00f1o<\/li>\n<li>Proyecto de Lengua: Oratorio y Ret\u00f3rica<\/li>\n<li>Proyecto de Tecnolog\u00eda: Proyectos Tecnol\u00f3gicos de iniciaci\u00f3n a la Ingenier\u00eda<\/li>\n<\/ul>\n<\/div>\n<\/div><\/div><\/div><div id=\"panel-1702-3-2-1\" class=\"so-panel widget widget_sow-editor panel-last-child\" data-index=\"9\" ><div class=\"panel-widget-style panel-widget-style-for-1702-3-2-1\" ><div\n\t\t\t\n\t\t\tclass=\"so-widget-sow-editor so-widget-sow-editor-base\"\n\t\t\t\n\t\t>\n<div class=\"siteorigin-widget-tinymce textwidget\">\n\t<p><strong>Religi\u00f3n \/ Alternativa (Elegir una)<\/strong><\/p>\n<ul>\n<li>Atenci\u00f3n Educativa<\/li>\n<li>Religi\u00f3n (Cat\u00f3lica)<\/li>\n<\/ul>\n<\/div>\n<\/div><\/div><\/div><\/div><\/div><\/div><\/div><\/div>","protected":false},"excerpt":{"rendered":"<p>Programa de Diversificaci\u00f3n Curricular, para 3\u00ba y 4\u00ba de la ESO.<\/p>\n","protected":false},"author":3,"featured_media":0,"parent":1657,"menu_order":1,"comment_status":"closed","ping_status":"closed","template":"","meta":{"footnotes":""},"folder":[97],"class_list":["post-1702","page","type-page","status-publish","hentry"],"rttpg_featured_image_url":null,"rttpg_author":{"display_name":"ies.tiernogalvan.parla","author_link":"https:\/\/site.educa.madrid.org\/ies.tiernogalvan.parla\/index.php\/author\/cuenta_ies-tiernogalvan-parla\/"},"rttpg_comment":0,"rttpg_category":" <a href=\"https:\/\/site.educa.madrid.org\/ies.tiernogalvan.parla\/?taxonomy=folder&#038;term=31eso-1700825537-3\" rel=\"tag\">3.1_ESO<\/a>","rttpg_excerpt":"Programa de Diversificaci\u00f3n Curricular, para 3\u00ba y 4\u00ba de la ESO.","post_mailing_queue_ids":[],"_links":{"self":[{"href":"https:\/\/site.educa.madrid.org\/ies.tiernogalvan.parla\/index.php\/wp-json\/wp\/v2\/pages\/1702","targetHints":{"allow":["GET"]}}],"collection":[{"href":"https:\/\/site.educa.madrid.org\/ies.tiernogalvan.parla\/index.php\/wp-json\/wp\/v2\/pages"}],"about":[{"href":"https:\/\/site.educa.madrid.org\/ies.tiernogalvan.parla\/index.php\/wp-json\/wp\/v2\/types\/page"}],"author":[{"embeddable":true,"href":"https:\/\/site.educa.madrid.org\/ies.tiernogalvan.parla\/index.php\/wp-json\/wp\/v2\/users\/3"}],"replies":[{"embeddable":true,"href":"https:\/\/site.educa.madrid.org\/ies.tiernogalvan.parla\/index.php\/wp-json\/wp\/v2\/comments?post=1702"}],"version-history":[{"count":11,"href":"https:\/\/site.educa.madrid.org\/ies.tiernogalvan.parla\/index.php\/wp-json\/wp\/v2\/pages\/1702\/revisions"}],"predecessor-version":[{"id":4207,"href":"https:\/\/site.educa.madrid.org\/ies.tiernogalvan.parla\/index.php\/wp-json\/wp\/v2\/pages\/1702\/revisions\/4207"}],"up":[{"embeddable":true,"href":"https:\/\/site.educa.madrid.org\/ies.tiernogalvan.parla\/index.php\/wp-json\/wp\/v2\/pages\/1657"}],"wp:attachment":[{"href":"https:\/\/site.educa.madrid.org\/ies.tiernogalvan.parla\/index.php\/wp-json\/wp\/v2\/media?parent=1702"}],"wp:term":[{"taxonomy":"folder","embeddable":true,"href":"https:\/\/site.educa.madrid.org\/ies.tiernogalvan.parla\/index.php\/wp-json\/wp\/v2\/folder?post=1702"}],"curies":[{"name":"wp","href":"https:\/\/api.w.org\/{rel}","templated":true}]}}