{"id":1728,"date":"2023-06-22T09:59:57","date_gmt":"2023-06-22T07:59:57","guid":{"rendered":"https:\/\/site.educa.madrid.org\/ies.tiernogalvan.parla\/?page_id=1728"},"modified":"2025-01-11T11:41:47","modified_gmt":"2025-01-11T10:41:47","slug":"eso-y-bachillerato","status":"publish","type":"page","link":"https:\/\/site.educa.madrid.org\/ies.tiernogalvan.parla\/index.php\/secretaria\/eso-y-bachillerato\/","title":{"rendered":"Secretar\u00eda: ESO y Bachillerato"},"content":{"rendered":"<div id=\"pl-1728\"  class=\"panel-layout\" ><div id=\"pg-1728-0\"  class=\"panel-grid panel-has-style\" ><div class=\"siteorigin-panels-stretch panel-row-style panel-row-style-for-1728-0\" data-stretch-type=\"full-width-stretch\" ><div id=\"pgc-1728-0-0\"  class=\"panel-grid-cell\" ><div id=\"panel-1728-0-0-0\" class=\"so-panel widget widget_sow-headline panel-first-child panel-last-child\" data-index=\"0\" ><div class=\"panel-widget-style panel-widget-style-for-1728-0-0-0\" ><div\n\t\t\t\n\t\t\tclass=\"so-widget-sow-headline so-widget-sow-headline-default-e55f809b2d23-1728\"\n\t\t\t\n\t\t><div class=\"sow-headline-container \">\n\t\t\t\t\t\t\t<h2 class=\"sow-headline\">\n\t\t\t\t\t\tSecretar\u00eda: ESO y Bachillerato\t\t\t\t\t\t<\/h2>\n\t\t\t\t\t\t\t\t\t\t\t<div class=\"decoration\">\n\t\t\t\t\t\t<div class=\"decoration-inside\"><\/div>\n\t\t\t\t\t<\/div>\n\t\t\t\t\t<\/div>\n<\/div><\/div><\/div><\/div><\/div><\/div><div id=\"pg-1728-1\"  class=\"panel-grid panel-has-style\" ><div class=\"panel-row-style panel-row-style-for-1728-1\" ><div id=\"pgc-1728-1-0\"  class=\"panel-grid-cell\" ><div class=\"so-rounded panel-cell-style panel-cell-style-for-1728-1-0\" ><div id=\"panel-1728-1-0-0\" class=\"so-panel widget widget_sow-headline panel-first-child panel-last-child\" data-index=\"1\" ><div\n\t\t\t\n\t\t\tclass=\"so-widget-sow-headline so-widget-sow-headline-default-f66de638c420-1728\"\n\t\t\t\n\t\t><div class=\"sow-headline-container \">\n\t\t\t\t\t\t\t<h3 class=\"sow-headline\">\n\t\t\t\t\t\tProcesos con p\u00e1gina propia\t\t\t\t\t\t<\/h3>\n\t\t\t\t\t\t\t\t\t\t\t<div class=\"decoration\">\n\t\t\t\t\t\t<div class=\"decoration-inside\"><\/div>\n\t\t\t\t\t<\/div>\n\t\t\t\t\t<\/div>\n<\/div><\/div><\/div><\/div><div id=\"pgc-1728-1-1\"  class=\"panel-grid-cell\" ><div class=\"panel-cell-style panel-cell-style-for-1728-1-1\" ><div id=\"panel-1728-1-1-0\" class=\"so-panel widget widget_siteorigin-panels-builder panel-first-child panel-last-child\" data-index=\"2\" ><div class=\"panel-widget-style panel-widget-style-for-1728-1-1-0\" ><div id=\"pl-w664e26e7bdcbe\"  class=\"panel-layout\" ><div id=\"pg-w664e26e7bdcbe-0\"  class=\"panel-grid panel-has-style\" ><div class=\"panel-row-style panel-row-style-for-w664e26e7bdcbe-0\" ><div id=\"pgc-w664e26e7bdcbe-0-0\"  class=\"panel-grid-cell\" ><div class=\"panel-cell-style panel-cell-style-for-w664e26e7bdcbe-0-0\" ><div id=\"panel-w664e26e7bdcbe-0-0-0\" class=\"so-panel widget widget_sow-editor panel-first-child panel-last-child\" data-index=\"0\" ><div class=\"panel-widget-style panel-widget-style-for-w664e26e7bdcbe-0-0-0\" ><div\n\t\t\t\n\t\t\tclass=\"so-widget-sow-editor so-widget-sow-editor-base\"\n\t\t\t\n\t\t>\n<div class=\"siteorigin-widget-tinymce textwidget\">\n\t<h4>Admisi\u00f3n de alumnos procedentes de otros centros<\/h4>\n<\/div>\n<\/div><\/div><\/div><\/div><\/div><div id=\"pgc-w664e26e7bdcbe-0-1\"  class=\"panel-grid-cell\" ><div class=\"panel-cell-style panel-cell-style-for-w664e26e7bdcbe-0-1\" ><div id=\"panel-w664e26e7bdcbe-0-1-0\" class=\"so-panel widget widget_sow-button panel-first-child panel-last-child\" data-index=\"1\" ><div class=\"panel-widget-style panel-widget-style-for-w664e26e7bdcbe-0-1-0\" ><div\n\t\t\t\n\t\t\tclass=\"so-widget-sow-button so-widget-sow-button-wire-181b77321cfd\"\n\t\t\t\n\t\t><div class=\"ow-button-base ow-button-align-center\">\n\t<a\n\thref=\"https:\/\/site.educa.madrid.org\/ies.tiernogalvan.parla\/index.php\/secretaria\/eso-y-bachillerato\/admision-eso-bach\/\"\n\t\tclass=\"ow-icon-placement-left ow-button-hover\" \t>\n\t\t<span>\n\t\t\t<span class=\"sow-icon-fontawesome sow-fas\" data-sow-icon=\"&#xf4fc;\"\n\t\tstyle=\"\" \n\t\taria-hidden=\"true\"><\/span>\n\t\t\tAdmisi\u00f3n\t\t<\/span>\n\t<\/a>\n<\/div>\n<\/div><\/div><\/div><\/div><\/div><\/div><\/div><div id=\"pg-w664e26e7bdcbe-1\"  class=\"panel-grid panel-has-style\" ><div class=\"panel-row-style panel-row-style-for-w664e26e7bdcbe-1\" ><div id=\"pgc-w664e26e7bdcbe-1-0\"  class=\"panel-grid-cell\" ><div class=\"panel-cell-style panel-cell-style-for-w664e26e7bdcbe-1-0\" ><div id=\"panel-w664e26e7bdcbe-1-0-0\" class=\"so-panel widget widget_sow-editor panel-first-child panel-last-child\" data-index=\"2\" ><div class=\"panel-widget-style panel-widget-style-for-w664e26e7bdcbe-1-0-0\" ><div\n\t\t\t\n\t\t\tclass=\"so-widget-sow-editor so-widget-sow-editor-base\"\n\t\t\t\n\t\t>\n<div class=\"siteorigin-widget-tinymce textwidget\">\n\t<h4>Matriculaci\u00f3n de alumnos del centro y admitidos en los procesos de admisi\u00f3n<\/h4>\n<\/div>\n<\/div><\/div><\/div><\/div><\/div><div id=\"pgc-w664e26e7bdcbe-1-1\"  class=\"panel-grid-cell\" ><div class=\"panel-cell-style panel-cell-style-for-w664e26e7bdcbe-1-1\" ><div id=\"panel-w664e26e7bdcbe-1-1-0\" class=\"so-panel widget widget_sow-button panel-first-child panel-last-child\" data-index=\"3\" ><div\n\t\t\t\n\t\t\tclass=\"so-widget-sow-button so-widget-sow-button-wire-181b77321cfd\"\n\t\t\t\n\t\t><div class=\"ow-button-base ow-button-align-center\">\n\t<a\n\thref=\"https:\/\/site.educa.madrid.org\/ies.tiernogalvan.parla\/index.php\/secretaria\/procesos-y-solicitudes\/matriculacion\/\"\n\t\tclass=\"ow-icon-placement-left ow-button-hover\" \t>\n\t\t<span>\n\t\t\t<span class=\"sow-icon-fontawesome sow-fas\" data-sow-icon=\"&#xf044;\"\n\t\tstyle=\"\" \n\t\taria-hidden=\"true\"><\/span>\n\t\t\tMatriculaci\u00f3n\t\t<\/span>\n\t<\/a>\n<\/div>\n<\/div><\/div><\/div><\/div><\/div><\/div><div id=\"pg-w664e26e7bdcbe-2\"  class=\"panel-grid panel-has-style\" ><div class=\"panel-row-style panel-row-style-for-w664e26e7bdcbe-2\" ><div id=\"pgc-w664e26e7bdcbe-2-0\"  class=\"panel-grid-cell\" ><div class=\"panel-cell-style panel-cell-style-for-w664e26e7bdcbe-2-0\" ><div id=\"panel-w664e26e7bdcbe-2-0-0\" class=\"so-panel widget widget_sow-editor panel-first-child panel-last-child\" data-index=\"4\" ><div class=\"panel-widget-style panel-widget-style-for-w664e26e7bdcbe-2-0-0\" ><div\n\t\t\t\n\t\t\tclass=\"so-widget-sow-editor so-widget-sow-editor-base\"\n\t\t\t\n\t\t>\n<div class=\"siteorigin-widget-tinymce textwidget\">\n\t<h4>Otros tr\u00e1mites y solicitudes que puedes realizar en la Secretar\u00eda del centro<\/h4>\n<\/div>\n<\/div><\/div><\/div><\/div><\/div><div id=\"pgc-w664e26e7bdcbe-2-1\"  class=\"panel-grid-cell\" ><div class=\"panel-cell-style panel-cell-style-for-w664e26e7bdcbe-2-1\" ><div id=\"panel-w664e26e7bdcbe-2-1-0\" class=\"so-panel widget widget_sow-button panel-first-child panel-last-child\" data-index=\"5\" ><div\n\t\t\t\n\t\t\tclass=\"so-widget-sow-button so-widget-sow-button-wire-181b77321cfd\"\n\t\t\t\n\t\t><div class=\"ow-button-base ow-button-align-center\">\n\t<a\n\thref=\"https:\/\/site.educa.madrid.org\/ies.tiernogalvan.parla\/index.php\/secretaria\/procesos-y-solicitudes\/\"\n\t\tclass=\"ow-icon-placement-left ow-button-hover\" \t>\n\t\t<span>\n\t\t\t<span class=\"sow-icon-fontawesome sow-fas\" data-sow-icon=\"&#xf46d;\"\n\t\tstyle=\"\" \n\t\taria-hidden=\"true\"><\/span>\n\t\t\tProcesos y solicitudes\t\t<\/span>\n\t<\/a>\n<\/div>\n<\/div><\/div><\/div><\/div><\/div><\/div><\/div><\/div><\/div><\/div><\/div><\/div><\/div><div id=\"pg-1728-2\"  class=\"panel-grid panel-no-style\" ><div id=\"pgc-1728-2-0\"  class=\"panel-grid-cell\" ><div id=\"panel-1728-2-0-0\" class=\"so-panel widget widget_siteorigin-panels-postloop panel-first-child panel-last-child\" data-index=\"3\" >\n<article id=\"post-5235\" class=\"post-5235 post type-post status-publish format-standard hentry category-secretaria category-sec-eso-bachillerato tag-bachillerato tag-eso tag-secretaria\">\n\t<header class=\"entry-header\">\n\t\t\t<\/header>\n\n\t<div class=\"entry-content\">\n\t\t<div id=\"pl-5235\"  class=\"panel-layout\" ><div id=\"pg-5235-0\"  class=\"panel-grid panel-has-style\" ><div class=\"panel-row-style panel-row-style-for-5235-0\" ><div id=\"pgc-5235-0-0\"  class=\"panel-grid-cell\" ><div id=\"panel-5235-0-0-0\" class=\"so-panel widget widget_sow-editor panel-first-child panel-last-child\" data-index=\"0\" ><div class=\"panel-widget-style panel-widget-style-for-5235-0-0-0\" ><div\n\t\t\t\n\t\t\tclass=\"so-widget-sow-editor so-widget-sow-editor-base\"\n\t\t\t\n\t\t>\n<div class=\"siteorigin-widget-tinymce textwidget\">\n\t<h3><b>Premios Extraordinarios<\/b><\/h3>\n<\/div>\n<\/div><\/div><\/div><\/div><\/div><\/div><div id=\"pg-5235-1\"  class=\"panel-grid panel-no-style\" ><div id=\"pgc-5235-1-0\"  class=\"panel-grid-cell\" ><div id=\"panel-5235-1-0-0\" class=\"so-panel widget widget_sow-editor panel-first-child panel-last-child\" data-index=\"1\" ><div class=\"panel-widget-style panel-widget-style-for-5235-1-0-0\" ><div\n\t\t\t\n\t\t\tclass=\"so-widget-sow-editor so-widget-sow-editor-base\"\n\t\t\t\n\t\t>\n<div class=\"siteorigin-widget-tinymce textwidget\">\n\t<ul>\n<li><a href=\"https:\/\/www.educa2.madrid.org\/web\/direcciones-de-area\/premios-extraordinarios-bachillerato?p_p_id=advanced_content_menu_WAR_cms_tools_INSTANCE_s8b7pHEgnBnB&amp;p_p_lifecycle=0&amp;p_p_state=normal&amp;p_p_mode=view&amp;p_p_col_id=column-1&amp;p_p_col_count=3&amp;_advanced_content_menu_WAR_cms_tools_INSTANCE_s8b7pHEgnBnB_struts_action=%2Fadvanced_content_menu%2Fview&amp;_advanced_content_menu_WAR_cms_tools_INSTANCE_s8b7pHEgnBnB_selectedTab=1497434743851\" target=\"_blank\" rel=\"noopener\">ESO: P\u00e1gina web de la Comunidad de Madrid<\/a><\/li>\n<li><a href=\"https:\/\/www.educa2.madrid.org\/web\/direcciones-de-area\/premios-extraordinarios-bachillerato?p_p_id=advanced_content_menu_WAR_cms_tools_INSTANCE_s8b7pHEgnBnB&amp;p_p_lifecycle=0&amp;p_p_state=normal&amp;p_p_mode=view&amp;p_p_col_id=column-1&amp;p_p_col_count=3&amp;_advanced_content_menu_WAR_cms_tools_INSTANCE_s8b7pHEgnBnB_struts_action=%2Fadvanced_content_menu%2Fview&amp;_advanced_content_menu_WAR_cms_tools_INSTANCE_s8b7pHEgnBnB_selectedTab=1497434743851\" target=\"_blank\" rel=\"noopener\">Bachillerato: P\u00e1gina web de la Comunidad de Madrid<\/a><\/li>\n<li><a href=\"https:\/\/www.comunidad.madrid\/servicios\/educacion\/premios-extraordinarios-educacion\" target=\"_blank\" rel=\"noopener\">P\u00e1gina oficial de la Comunidad de Madrid sobre Premios Extraordinarios en Educaci\u00f3n<\/a><\/li>\n<\/ul>\n<\/div>\n<\/div><\/div><\/div><\/div><\/div><div id=\"pg-5235-2\"  class=\"panel-grid panel-has-style\" ><div class=\"panel-row-style panel-row-style-for-5235-2\" ><div id=\"pgc-5235-2-0\"  class=\"panel-grid-cell\" ><div id=\"panel-5235-2-0-0\" class=\"so-panel widget widget_sow-editor panel-first-child panel-last-child\" data-index=\"2\" ><div class=\"panel-widget-style panel-widget-style-for-5235-2-0-0\" ><div\n\t\t\t\n\t\t\tclass=\"so-widget-sow-editor so-widget-sow-editor-base\"\n\t\t\t\n\t\t>\n<div class=\"siteorigin-widget-tinymce textwidget\">\n\t<h3>Pruebas libres para la obtenci\u00f3n del titulo de <strong>ESO<\/strong> (mayores de 18 a\u00f1os)<\/h3>\n<\/div>\n<\/div><\/div><\/div><\/div><\/div><\/div><div id=\"pg-5235-3\"  class=\"panel-grid panel-no-style\" ><div id=\"pgc-5235-3-0\"  class=\"panel-grid-cell\" ><div id=\"panel-5235-3-0-0\" class=\"so-panel widget widget_sow-editor panel-first-child panel-last-child\" data-index=\"3\" ><div class=\"panel-widget-style panel-widget-style-for-5235-3-0-0\" ><div\n\t\t\t\n\t\t\tclass=\"so-widget-sow-editor so-widget-sow-editor-base\"\n\t\t\t\n\t\t>\n<div class=\"siteorigin-widget-tinymce textwidget\">\n\t<ul>\n<li><a href=\"https:\/\/www.comunidad.madrid\/servicios\/educacion\/regulacion-pruebas-libres\" target=\"_blank\" rel=\"noopener\">Regulaci\u00f3n de las pruebas e informaci\u00f3n completa de las mismas (Comunidad de Madrid)<\/a><\/li>\n<\/ul>\n<\/div>\n<\/div><\/div><\/div><\/div><\/div><div id=\"pg-5235-4\"  class=\"panel-grid panel-has-style\" ><div class=\"panel-row-style panel-row-style-for-5235-4\" ><div id=\"pgc-5235-4-0\"  class=\"panel-grid-cell\" ><div id=\"panel-5235-4-0-0\" class=\"so-panel widget widget_sow-editor panel-first-child panel-last-child\" data-index=\"4\" ><div class=\"panel-widget-style panel-widget-style-for-5235-4-0-0\" ><div\n\t\t\t\n\t\t\tclass=\"so-widget-sow-editor so-widget-sow-editor-base\"\n\t\t\t\n\t\t>\n<div class=\"siteorigin-widget-tinymce textwidget\">\n\t<h3>Pruebas libres para la obtenci\u00f3n del t\u00edtulo de <strong>Bachillerato<\/strong> (mayores de 20 a\u00f1os)<\/h3>\n<\/div>\n<\/div><\/div><\/div><\/div><\/div><\/div><div id=\"pg-5235-5\"  class=\"panel-grid panel-no-style\" ><div id=\"pgc-5235-5-0\"  class=\"panel-grid-cell\" ><div id=\"panel-5235-5-0-0\" class=\"so-panel widget widget_sow-editor panel-first-child panel-last-child\" data-index=\"5\" ><div class=\"panel-widget-style panel-widget-style-for-5235-5-0-0\" ><div\n\t\t\t\n\t\t\tclass=\"so-widget-sow-editor so-widget-sow-editor-base\"\n\t\t\t\n\t\t>\n<div class=\"siteorigin-widget-tinymce textwidget\">\n\t<ul>\n<li><a href=\"https:\/\/www.comunidad.madrid\/servicios\/educacion\/regulacion-pruebas-libres\" target=\"_blank\" rel=\"noopener\">Regulaci\u00f3n de la pruebas e informaci\u00f3n detallada de las mismas (Comunidad de Madrid)<\/a><\/li>\n<\/ul>\n<p><strong>INFORMACI\u00d3N ESPEC\u00cdFICA DEL TIERNO<\/strong><\/p>\n<ul>\n<li><strong>Inscripci\u00f3n<\/strong>: 12 al 26 de marzo de 2026<\/li>\n<li><a href=\"https:\/\/site.educa.madrid.org\/ies.tiernogalvan.parla\/\/wp-content\/uploads\/ies.tiernogalvan.parla\/2026\/04\/Listado_de_admitidos.pdf\" target=\"_blank\" rel=\"noopener\"><strong>Listado de admitidos<\/strong><\/a><\/li>\n<li><a href=\"https:\/\/site.educa.madrid.org\/ies.tiernogalvan.parla\/\/wp-content\/uploads\/ies.tiernogalvan.parla\/2026\/04\/Listado_de_resolucion_de_materias_superadas_con_anterioridad.pdf\" target=\"_blank\" rel=\"noopener\"><strong>Listado de resolucion de materias superadas con anterioridad<\/strong><\/a><\/li>\n<li><strong>Celebraci\u00f3n de las pruebas<\/strong>: Entre el 1 de junio y el 12 de junio de 2026.\n<ul>\n<li style=\"list-style-type: none\">\n<ul>\n<li>Los centros deber\u00e1n informar sobre este calendario a los participantes con la suficiente antelaci\u00f3n. Para ello podr\u00e1n publicar en su p\u00e1gina web los d\u00edas y horario de la celebraci\u00f3n de las pruebas de aquellas materias en las que se haya inscrito el alumnado, as\u00ed como publicar en los tablones de anuncios del centro la citada informaci\u00f3n.<\/li>\n<\/ul>\n<\/li>\n<\/ul>\n<\/li>\n<li><a href=\"https:\/\/site.educa.madrid.org\/ies.tiernogalvan.parla\/\/wp-content\/uploads\/ies.tiernogalvan.parla\/2026\/03\/InstruccionespruebasBachiller20a\u251c\u2592os.pdf\" target=\"_blank\" rel=\"noopener\"><strong><em>INSTRUCCIONES DE LA DIRECCI\u00d3N GENERAL DE EDUCACI\u00d3N SECUNDARIA, FORMACI\u00d3N PROFESIONAL Y R\u00c9GIMEN ESPECIAL PARA EL DESARROLLO DE LAS PRUEBAS LIBRES PARA LA OBTENCI\u00d3N DEL T\u00cdTULO DE BACHILLER DESTINADAS A PERSONAS MAYORES DE VIENTE A\u00d1OS EN LA COMUNIDAD DE MADRID PARA LA CONVOCATORIA DEL A\u00d1O 2026 Y POR LAS QUE SE ESTABLECEN DIVERSOS MODELOS DE DOCUMENTOS ACAD\u00c9MICOS PARA LAS MENCIONADAS PRUEBAS.<\/em><\/strong><\/a><\/li>\n<\/ul>\n<\/div>\n<\/div><\/div><\/div><\/div><\/div><div id=\"pg-5235-6\"  class=\"panel-grid panel-has-style\" ><div class=\"panel-row-style panel-row-style-for-5235-6\" ><div id=\"pgc-5235-6-0\"  class=\"panel-grid-cell\" ><div id=\"panel-5235-6-0-0\" class=\"so-panel widget widget_sow-editor panel-first-child panel-last-child\" data-index=\"6\" ><div class=\"panel-widget-style panel-widget-style-for-5235-6-0-0\" ><div\n\t\t\t\n\t\t\tclass=\"so-widget-sow-editor so-widget-sow-editor-base\"\n\t\t\t\n\t\t>\n<div class=\"siteorigin-widget-tinymce textwidget\">\n\t<h3>Acceso a la Universidad (PAU)<\/h3>\n<\/div>\n<\/div><\/div><\/div><\/div><\/div><\/div><div id=\"pg-5235-7\"  class=\"panel-grid panel-no-style\" ><div id=\"pgc-5235-7-0\"  class=\"panel-grid-cell\" ><div id=\"panel-5235-7-0-0\" class=\"so-panel widget widget_sow-editor panel-first-child panel-last-child\" data-index=\"7\" ><div class=\"panel-widget-style panel-widget-style-for-5235-7-0-0\" ><div\n\t\t\t\n\t\t\tclass=\"so-widget-sow-editor so-widget-sow-editor-base\"\n\t\t\t\n\t\t>\n<div class=\"siteorigin-widget-tinymce textwidget\">\n\t<p><strong>TR\u00c1MITES A REALIZAR EN LA SECRETAR\u00cdA DEL CENTRO<\/strong><\/p>\n<ul>\n<li>FECHAS INSCRIPCI\u00d3N:\n<ul>\n<li><em>CONVOCATORIA ORDINARIA.\u00a0 <\/em><em>13 de mayo - 18 de mayo<\/em> (<strong>Es NECESARIO tener APROBADO Bachillerato)<\/strong>\n<ul>\n<li><strong>Alumnos del Centro una vez aprobado Bachillerato, deber\u00e1n inscribirse en la PAU los d\u00edas 13, 14 y 15 de mayo.\u00a0 18 de mayo resoluci\u00f3n de incidencias.<\/strong><\/li>\n<li>Ex\u00e1menes 1, 2, 3 y 4 de junio.<\/li>\n<li>Coincidencias e incidencias 5 de junio<\/li>\n<li>Publicaci\u00f3n de Calificaciones 11 de junio a las 12:00.<\/li>\n<li>Solicitud de Revisi\u00f3n 12, 15 y 16 de junio hasta las 23:59.<\/li>\n<li>Publicaci\u00f3n Definitiva de Calificaciones (sin revisi\u00f3n solicitada) 18 de junio a partir de las 12:00.<\/li>\n<li>Publicaci\u00f3n Notas Revisi\u00f3n 23 de junio a partir de las 17:00.<\/li>\n<\/ul>\n<\/li>\n<\/ul>\n<\/li>\n<\/ul>\n<ul>\n<li style=\"list-style-type: none\">\n<ul>\n<li><em>CONVOCATORIA EXTRAORDINARIA.\u00a0 18 y 22 de junio.\u00a0 \u00a0<\/em>(<strong>Es NECESARIO tener APROBADO Bachillerato)<\/strong>\n<ul>\n<li><strong>Alumnos del Centro una vez aprobado Bachillerato, deber\u00e1n inscribirse en la PAU los d\u00edas 18, 19, y 22 de junio.<\/strong><\/li>\n<li>Ex\u00e1menes 30 de junio, 1 y 2 de julio.<\/li>\n<li>Coincidencias e Incidencias 3 de julio<\/li>\n<li>Publicaci\u00f3n de Calificaciones 9 de julio a las 12:00.<\/li>\n<li>Solicitud de Revisi\u00f3n 10, 13 y 14 de julio.<\/li>\n<li>Publicaci\u00f3n Definitiva de Calificaciones (Sin Revisi\u00f3n Solicitada) 16 de julio a partir de las 12:00.<\/li>\n<li>Publicaci\u00f3n Notas Revisi\u00f3n 2 de julio a partir de las 12:00.<\/li>\n<\/ul>\n<\/li>\n<\/ul>\n<\/li>\n<li>PROCEDIMIENTO INSCRIPCI\u00d3N:<\/li>\n<\/ul>\n<ol>\n<li style=\"list-style-type: none\">\n<ol>\n<li>Solicitar el T\u00cdTULO de BACHILLERATO (imprescindible para presentarse a la PAU). Implica el pago de una <strong>tasa\u00a0<\/strong>de<strong>\u00a051,49\u20ac<\/strong>.<\/li>\n<li>Inscripci\u00f3n definitiva en la PAU. Solicitar el impreso de inscripci\u00f3n y pago de tasas PAU en la Secretar\u00eda del centro (estas tasas est\u00e1n publicadas en el tabl\u00f3n de anuncios del centro).<\/li>\n<\/ol>\n<\/li>\n<\/ol>\n<p>Los estudiantes con derecho a descuentes o exenci\u00f3n de la tasa deben presentar original y fotocopia del documento justificativo (t\u00edtulo de familia numerosa, certificado de discapacidad del 33% o superior, certificado de v\u00edctima de terrorismo).<\/p>\n<p><strong>ASPECTOS A TENER EN CUENTA<\/strong><\/p>\n<ul>\n<li>En caso de ser Familia Numerosa deber\u00e1 presentar\u00a0<strong>en el momento del pago de tasas<\/strong>\u00a0original y fotocopia del t\u00edtulo de familia numerosa\u00a0<strong>en el que consten todos los miembros<\/strong>\u00a0de la misma (<strong>NO EL<\/strong>\u00a0<strong>INDIVIDUAL<\/strong>\u00a0de cada alumno)<\/li>\n<li>Los alumnos de <strong>CICLOS FORMATIVOS<\/strong>\u00a0se presentar\u00e1n \u00fanicamente por la <strong>fase admisi\u00f3n<\/strong>, seleccionando las materias que deseen (m\u00e1ximo de 4)<\/li>\n<li>Los alumnos de <strong>BACHILLERATO<\/strong>, se presentar\u00e1n por la <strong>Fase de Acceso <\/strong>\u00a0y si lo desean, adem\u00e1s,\u00a0 por la<strong> Fase de admisi\u00f3n <\/strong>para subir nota, seleccionando las materias (m\u00e1ximo 3 de modalidad y 1 idioma adicional).<\/li>\n<li>El\u00a0<strong>pago de las tasas<\/strong> se realizar\u00e1 una vez que finalice el curso, mediante carta de pago que tendr\u00e1n que recoger presencialmente en la Secretar\u00eda del Centro, \u00a0en las fechas que se har\u00e1n p\u00fablicas en esta p\u00e1gina web.<\/li>\n<\/ul>\n<p><strong>M\u00c1S INFORMACI\u00d3N<\/strong><\/p>\n<ul>\n<li><a href=\"https:\/\/www.uc3m.es\/pruebasacceso\/inicio\" target=\"_blank\" rel=\"noopener\">Admisi\u00f3n PAU y otros pruebas de acceso a la Universidad, modelos de ex\u00e1menes, etc.\u00a0<\/a><\/li>\n<li><a href=\"https:\/\/www.emes.es\/\" target=\"_blank\" rel=\"noopener\">Titulaciones universitarias. Notas de corte, salidas, etc.<\/a><\/li>\n<li><a href=\"https:\/\/www.uc3m.es\/ss\/Satellite\/evau\/es\/TextoMixta\/1371300965158\/Preguntas_mas_frecuentes_sobre_la_EvAU\" target=\"_blank\" rel=\"noopener\">Preguntas m\u00e1s frecuentes sobre la PAU<\/a><\/li>\n<\/ul>\n<\/div>\n<\/div><\/div><\/div><\/div><\/div><\/div>\t\t\t<\/div>\n<\/article>\n\n<\/div><\/div><\/div><\/div>","protected":false},"excerpt":{"rendered":"<p>Informaci\u00f3n de Secretar\u00eda, espec\u00edfica para la ESO y el Bachillerato.<\/p>\n","protected":false},"author":3,"featured_media":0,"parent":1714,"menu_order":2,"comment_status":"closed","ping_status":"closed","template":"","meta":{"footnotes":""},"folder":[108],"class_list":["post-1728","page","type-page","status-publish","hentry"],"rttpg_featured_image_url":null,"rttpg_author":{"display_name":"ies.tiernogalvan.parla","author_link":"https:\/\/site.educa.madrid.org\/ies.tiernogalvan.parla\/index.php\/author\/cuenta_ies-tiernogalvan-parla\/"},"rttpg_comment":0,"rttpg_category":"","rttpg_excerpt":"Informaci\u00f3n de Secretar\u00eda, espec\u00edfica para la ESO y el Bachillerato.","post_mailing_queue_ids":[],"_links":{"self":[{"href":"https:\/\/site.educa.madrid.org\/ies.tiernogalvan.parla\/index.php\/wp-json\/wp\/v2\/pages\/1728","targetHints":{"allow":["GET"]}}],"collection":[{"href":"https:\/\/site.educa.madrid.org\/ies.tiernogalvan.parla\/index.php\/wp-json\/wp\/v2\/pages"}],"about":[{"href":"https:\/\/site.educa.madrid.org\/ies.tiernogalvan.parla\/index.php\/wp-json\/wp\/v2\/types\/page"}],"author":[{"embeddable":true,"href":"https:\/\/site.educa.madrid.org\/ies.tiernogalvan.parla\/index.php\/wp-json\/wp\/v2\/users\/3"}],"replies":[{"embeddable":true,"href":"https:\/\/site.educa.madrid.org\/ies.tiernogalvan.parla\/index.php\/wp-json\/wp\/v2\/comments?post=1728"}],"version-history":[{"count":26,"href":"https:\/\/site.educa.madrid.org\/ies.tiernogalvan.parla\/index.php\/wp-json\/wp\/v2\/pages\/1728\/revisions"}],"predecessor-version":[{"id":3093,"href":"https:\/\/site.educa.madrid.org\/ies.tiernogalvan.parla\/index.php\/wp-json\/wp\/v2\/pages\/1728\/revisions\/3093"}],"up":[{"embeddable":true,"href":"https:\/\/site.educa.madrid.org\/ies.tiernogalvan.parla\/index.php\/wp-json\/wp\/v2\/pages\/1714"}],"wp:attachment":[{"href":"https:\/\/site.educa.madrid.org\/ies.tiernogalvan.parla\/index.php\/wp-json\/wp\/v2\/media?parent=1728"}],"wp:term":[{"taxonomy":"folder","embeddable":true,"href":"https:\/\/site.educa.madrid.org\/ies.tiernogalvan.parla\/index.php\/wp-json\/wp\/v2\/folder?post=1728"}],"curies":[{"name":"wp","href":"https:\/\/api.w.org\/{rel}","templated":true}]}}