{"id":1735,"date":"2023-06-22T10:05:50","date_gmt":"2023-06-22T08:05:50","guid":{"rendered":"https:\/\/site.educa.madrid.org\/ies.tiernogalvan.parla\/?page_id=1735"},"modified":"2025-01-11T11:57:07","modified_gmt":"2025-01-11T10:57:07","slug":"cf-grado-medio","status":"publish","type":"page","link":"https:\/\/site.educa.madrid.org\/ies.tiernogalvan.parla\/index.php\/secretaria\/cf-grado-medio\/","title":{"rendered":"Secretar\u00eda: FP de Grado Medio"},"content":{"rendered":"<div id=\"pl-1735\"  class=\"panel-layout\" ><div id=\"pg-1735-0\"  class=\"panel-grid panel-has-style\" ><div class=\"siteorigin-panels-stretch panel-row-style panel-row-style-for-1735-0\" data-stretch-type=\"full-width-stretch\" ><div id=\"pgc-1735-0-0\"  class=\"panel-grid-cell\" ><div id=\"panel-1735-0-0-0\" class=\"so-panel widget widget_sow-headline panel-first-child panel-last-child\" data-index=\"0\" ><div class=\"panel-widget-style panel-widget-style-for-1735-0-0-0\" ><div\n\t\t\t\n\t\t\tclass=\"so-widget-sow-headline so-widget-sow-headline-default-e55f809b2d23-1735\"\n\t\t\t\n\t\t><div class=\"sow-headline-container \">\n\t\t\t\t\t\t\t<h2 class=\"sow-headline\">\n\t\t\t\t\t\tSecretar\u00eda: FP de Grado Medio\t\t\t\t\t\t<\/h2>\n\t\t\t\t\t\t\t\t\t\t\t<div class=\"decoration\">\n\t\t\t\t\t\t<div class=\"decoration-inside\"><\/div>\n\t\t\t\t\t<\/div>\n\t\t\t\t\t<\/div>\n<\/div><\/div><\/div><\/div><\/div><\/div><div id=\"pg-1735-1\"  class=\"panel-grid panel-has-style\" ><div class=\"panel-row-style panel-row-style-for-1735-1\" ><div id=\"pgc-1735-1-0\"  class=\"panel-grid-cell\" ><div class=\"so-rounded panel-cell-style panel-cell-style-for-1735-1-0\" ><div id=\"panel-1735-1-0-0\" class=\"so-panel widget widget_sow-headline panel-first-child panel-last-child\" data-index=\"1\" ><div\n\t\t\t\n\t\t\tclass=\"so-widget-sow-headline so-widget-sow-headline-default-f66de638c420-1735\"\n\t\t\t\n\t\t><div class=\"sow-headline-container \">\n\t\t\t\t\t\t\t<h3 class=\"sow-headline\">\n\t\t\t\t\t\tProcesos con p\u00e1gina propia\t\t\t\t\t\t<\/h3>\n\t\t\t\t\t\t\t\t\t\t\t<div class=\"decoration\">\n\t\t\t\t\t\t<div class=\"decoration-inside\"><\/div>\n\t\t\t\t\t<\/div>\n\t\t\t\t\t<\/div>\n<\/div><\/div><\/div><\/div><div id=\"pgc-1735-1-1\"  class=\"panel-grid-cell\" ><div class=\"panel-cell-style panel-cell-style-for-1735-1-1\" ><div id=\"panel-1735-1-1-0\" class=\"so-panel widget widget_siteorigin-panels-builder panel-first-child panel-last-child\" data-index=\"2\" ><div class=\"panel-widget-style panel-widget-style-for-1735-1-1-0\" ><div id=\"pl-w664e255782fee\"  class=\"panel-layout\" ><div id=\"pg-w664e255782fee-0\"  class=\"panel-grid panel-has-style\" ><div class=\"panel-row-style panel-row-style-for-w664e255782fee-0\" ><div id=\"pgc-w664e255782fee-0-0\"  class=\"panel-grid-cell\" ><div class=\"panel-cell-style panel-cell-style-for-w664e255782fee-0-0\" ><div id=\"panel-w664e255782fee-0-0-0\" class=\"so-panel widget widget_sow-editor panel-first-child panel-last-child\" data-index=\"0\" ><div class=\"panel-widget-style panel-widget-style-for-w664e255782fee-0-0-0\" ><div\n\t\t\t\n\t\t\tclass=\"so-widget-sow-editor so-widget-sow-editor-base\"\n\t\t\t\n\t\t>\n<div class=\"siteorigin-widget-tinymce textwidget\">\n\t<h4>Admisi\u00f3n de alumnos a las ense\u00f1anzas de FP de Grado Medio<\/h4>\n<\/div>\n<\/div><\/div><\/div><\/div><\/div><div id=\"pgc-w664e255782fee-0-1\"  class=\"panel-grid-cell\" ><div class=\"panel-cell-style panel-cell-style-for-w664e255782fee-0-1\" ><div id=\"panel-w664e255782fee-0-1-0\" class=\"so-panel widget widget_sow-button panel-first-child panel-last-child\" data-index=\"1\" ><div class=\"panel-widget-style panel-widget-style-for-w664e255782fee-0-1-0\" ><div\n\t\t\t\n\t\t\tclass=\"so-widget-sow-button so-widget-sow-button-wire-181b77321cfd\"\n\t\t\t\n\t\t><div class=\"ow-button-base ow-button-align-center\">\n\t<a\n\thref=\"https:\/\/site.educa.madrid.org\/ies.tiernogalvan.parla\/index.php\/secretaria\/cf-grado-medio\/admision-fpgm\/\"\n\t\tclass=\"ow-icon-placement-left ow-button-hover\" \t>\n\t\t<span>\n\t\t\t<span class=\"sow-icon-fontawesome sow-fas\" data-sow-icon=\"&#xf4fc;\"\n\t\tstyle=\"\" \n\t\taria-hidden=\"true\"><\/span>\n\t\t\tAdmisi\u00f3n\t\t<\/span>\n\t<\/a>\n<\/div>\n<\/div><\/div><\/div><\/div><\/div><\/div><\/div><div id=\"pg-w664e255782fee-1\"  class=\"panel-grid panel-has-style\" ><div class=\"panel-row-style panel-row-style-for-w664e255782fee-1\" ><div id=\"pgc-w664e255782fee-1-0\"  class=\"panel-grid-cell\" ><div class=\"panel-cell-style panel-cell-style-for-w664e255782fee-1-0\" ><div id=\"panel-w664e255782fee-1-0-0\" class=\"so-panel widget widget_sow-editor panel-first-child panel-last-child\" data-index=\"2\" ><div class=\"panel-widget-style panel-widget-style-for-w664e255782fee-1-0-0\" ><div\n\t\t\t\n\t\t\tclass=\"so-widget-sow-editor so-widget-sow-editor-base\"\n\t\t\t\n\t\t>\n<div class=\"siteorigin-widget-tinymce textwidget\">\n\t<h4>Matriculaci\u00f3n de alumnos del centro y admitidos en los procesos de admisi\u00f3n<\/h4>\n<\/div>\n<\/div><\/div><\/div><\/div><\/div><div id=\"pgc-w664e255782fee-1-1\"  class=\"panel-grid-cell\" ><div class=\"panel-cell-style panel-cell-style-for-w664e255782fee-1-1\" ><div id=\"panel-w664e255782fee-1-1-0\" class=\"so-panel widget widget_sow-button panel-first-child panel-last-child\" data-index=\"3\" ><div\n\t\t\t\n\t\t\tclass=\"so-widget-sow-button so-widget-sow-button-wire-181b77321cfd\"\n\t\t\t\n\t\t><div class=\"ow-button-base ow-button-align-center\">\n\t<a\n\thref=\"https:\/\/site.educa.madrid.org\/ies.tiernogalvan.parla\/index.php\/secretaria\/procesos-y-solicitudes\/matriculacion\/\"\n\t\tclass=\"ow-icon-placement-left ow-button-hover\" \t>\n\t\t<span>\n\t\t\t<span class=\"sow-icon-fontawesome sow-fas\" data-sow-icon=\"&#xf044;\"\n\t\tstyle=\"\" \n\t\taria-hidden=\"true\"><\/span>\n\t\t\tMatriculaci\u00f3n\t\t<\/span>\n\t<\/a>\n<\/div>\n<\/div><\/div><\/div><\/div><\/div><\/div><div id=\"pg-w664e255782fee-2\"  class=\"panel-grid panel-has-style\" ><div class=\"panel-row-style panel-row-style-for-w664e255782fee-2\" ><div id=\"pgc-w664e255782fee-2-0\"  class=\"panel-grid-cell\" ><div class=\"panel-cell-style panel-cell-style-for-w664e255782fee-2-0\" ><div id=\"panel-w664e255782fee-2-0-0\" class=\"so-panel widget widget_sow-editor panel-first-child panel-last-child\" data-index=\"4\" ><div class=\"panel-widget-style panel-widget-style-for-w664e255782fee-2-0-0\" ><div\n\t\t\t\n\t\t\tclass=\"so-widget-sow-editor so-widget-sow-editor-base\"\n\t\t\t\n\t\t>\n<div class=\"siteorigin-widget-tinymce textwidget\">\n\t<h4>Otros tr\u00e1mites y solicitudes que puedes realizar en la Secretar\u00eda del centro<\/h4>\n<\/div>\n<\/div><\/div><\/div><\/div><\/div><div id=\"pgc-w664e255782fee-2-1\"  class=\"panel-grid-cell\" ><div class=\"panel-cell-style panel-cell-style-for-w664e255782fee-2-1\" ><div id=\"panel-w664e255782fee-2-1-0\" class=\"so-panel widget widget_sow-button panel-first-child panel-last-child\" data-index=\"5\" ><div\n\t\t\t\n\t\t\tclass=\"so-widget-sow-button so-widget-sow-button-wire-181b77321cfd\"\n\t\t\t\n\t\t><div class=\"ow-button-base ow-button-align-center\">\n\t<a\n\thref=\"https:\/\/site.educa.madrid.org\/ies.tiernogalvan.parla\/index.php\/secretaria\/procesos-y-solicitudes\/\"\n\t\tclass=\"ow-icon-placement-left ow-button-hover\" \t>\n\t\t<span>\n\t\t\t<span class=\"sow-icon-fontawesome sow-fas\" data-sow-icon=\"&#xf46d;\"\n\t\tstyle=\"\" \n\t\taria-hidden=\"true\"><\/span>\n\t\t\tProcesos y solicitudes\t\t<\/span>\n\t<\/a>\n<\/div>\n<\/div><\/div><\/div><\/div><\/div><\/div><\/div><\/div><\/div><\/div><\/div><\/div><\/div><div id=\"pg-1735-2\"  class=\"panel-grid panel-no-style\" ><div id=\"pgc-1735-2-0\"  class=\"panel-grid-cell\" ><div id=\"panel-1735-2-0-0\" class=\"so-panel widget widget_siteorigin-panels-postloop panel-first-child panel-last-child\" data-index=\"3\" >\n<article id=\"post-5245\" class=\"post-5245 post type-post status-publish format-standard hentry category-secretaria category-sec-cfgm tag-cfgm tag-secretaria\">\n\t<header class=\"entry-header\">\n\t\t\t<\/header>\n\n\t<div class=\"entry-content\">\n\t\t<div id=\"pl-5245\"  class=\"panel-layout\" ><div id=\"pg-5245-0\"  class=\"panel-grid panel-has-style\" ><div class=\"panel-row-style panel-row-style-for-5245-0\" ><div id=\"pgc-5245-0-0\"  class=\"panel-grid-cell\" ><div id=\"panel-5245-0-0-0\" class=\"so-panel widget widget_sow-editor panel-first-child panel-last-child\" data-index=\"0\" ><div class=\"panel-widget-style panel-widget-style-for-5245-0-0-0\" ><div\n\t\t\t\n\t\t\tclass=\"so-widget-sow-editor so-widget-sow-editor-base\"\n\t\t\t\n\t\t>\n<div class=\"siteorigin-widget-tinymce textwidget\">\n\t<h3>PRUEBAS de ACCESO a Ciclos Formativos de Grado Medio<\/h3>\n<\/div>\n<\/div><\/div><\/div><\/div><\/div><\/div><div id=\"pg-5245-1\"  class=\"panel-grid panel-no-style\" ><div id=\"pgc-5245-1-0\"  class=\"panel-grid-cell\" ><div id=\"panel-5245-1-0-0\" class=\"so-panel widget widget_sow-editor panel-first-child panel-last-child\" data-index=\"1\" ><div class=\"panel-widget-style panel-widget-style-for-5245-1-0-0\" ><div\n\t\t\t\n\t\t\tclass=\"so-widget-sow-editor so-widget-sow-editor-base\"\n\t\t\t\n\t\t><h3 class=\"widget-title\"> <\/h3>\n<div class=\"siteorigin-widget-tinymce textwidget\">\n\t<p><strong>INFORMACI\u00d3N GENERAL Y CALENDARIO<\/strong><\/p>\n<ul>\n<li><a href=\"https:\/\/www.comunidad.madrid\/servicios\/educacion\/pruebas-acceso\" target=\"_blank\" rel=\"noopener\">P\u00e1gina oficial de la Comunidad de Madrid sobre el proceso<\/a>\n<ul>\n<li>Incluye informaci\u00f3n sobre acceso a <strong>Ense\u00f1anzas Art\u00edsticas<\/strong><\/li>\n<\/ul>\n<\/li>\n<li><strong>Inscripci\u00f3n<\/strong> del 8 al 21 de enero (preferentemente a trav\u00e9s de la <a href=\"https:\/\/raices.madrid.org\/secretariavirtual\" target=\"_blank\" rel=\"noopener\">Secretar\u00eda Virtual<\/a>)<\/li>\n<li>Informaci\u00f3n anexa:\n<ul>\n<li><a href=\"https:\/\/tiernoparla.es\/images\/FP_FPB_CFGM_CFGS\/Pruebas_Acceso_GM\/PruebasAcceso-GM_Esquema.pdf\" target=\"_blank\" rel=\"noopener\">Esquema para Grado Medio<\/a><\/li>\n<li><a href=\"https:\/\/site.educa.madrid.org\/ies.tiernogalvan.parla\/\/wp-content\/uploads\/ies.tiernogalvan.parla\/2025\/01\/BOCM-20241213-27.pdf\" target=\"_blank\" rel=\"noopener\">Resoluci\u00f3n prueba acceso, centros de inscripci\u00f3n, calendario...<\/a><\/li>\n<li>Listado provisional de admitidos y excluidos<\/li>\n<\/ul>\n<\/li>\n<li><strong>Calendario<\/strong>:\n<ul>\n<li>Publicaci\u00f3n de las calificaciones (en la\u00a0<a href=\"https:\/\/raices.madrid.org\/secretariavirtual\" target=\"_blank\" rel=\"noopener\">Secretar\u00eda Virtual<\/a>\u00a0y en los tablones del centro).<\/li>\n<\/ul>\n<\/li>\n<\/ul>\n<div id=\"fav-maincontent\" class=\"span9\">\n<div class=\"item-page\"><\/div>\n<\/div>\n<\/div>\n<\/div><\/div><\/div><\/div><\/div><div id=\"pg-5245-2\"  class=\"panel-grid panel-has-style\" ><div class=\"panel-row-style panel-row-style-for-5245-2\" ><div id=\"pgc-5245-2-0\"  class=\"panel-grid-cell\" ><div id=\"panel-5245-2-0-0\" class=\"so-panel widget widget_sow-editor panel-first-child panel-last-child\" data-index=\"2\" ><div class=\"panel-widget-style panel-widget-style-for-5245-2-0-0\" ><div\n\t\t\t\n\t\t\tclass=\"so-widget-sow-editor so-widget-sow-editor-base\"\n\t\t\t\n\t\t>\n<div class=\"siteorigin-widget-tinymce textwidget\">\n\t<h3>Pruebas libres para la obtenci\u00f3n de T\u00edtulos de CF de Grado Medio<\/h3>\n<\/div>\n<\/div><\/div><\/div><\/div><\/div><\/div><div id=\"pg-5245-3\"  class=\"panel-grid panel-no-style\" ><div id=\"pgc-5245-3-0\"  class=\"panel-grid-cell\" ><div id=\"panel-5245-3-0-0\" class=\"so-panel widget widget_sow-editor panel-first-child panel-last-child\" data-index=\"3\" ><div class=\"panel-widget-style panel-widget-style-for-5245-3-0-0\" ><div\n\t\t\t\n\t\t\tclass=\"so-widget-sow-editor so-widget-sow-editor-base\"\n\t\t\t\n\t\t><h3 class=\"widget-title\"> <\/h3>\n<div class=\"siteorigin-widget-tinymce textwidget\">\n\t<ul>\n<li><a href=\"https:\/\/www.comunidad.madrid\/servicios\/educacion\/pruebas-obtencion-titulos-tecnico-tecnico-superior-fp\" target=\"_blank\" rel=\"noopener\">Informaci\u00f3n sobre las pruebas libres para obtener T\u00cdTULO de T\u00e9cnico en la Comunidad de Madrid<\/a><\/li>\n<\/ul>\n<\/div>\n<\/div><\/div><\/div><\/div><\/div><\/div>\t\t\t<\/div>\n<\/article>\n\n<\/div><\/div><\/div><\/div>","protected":false},"excerpt":{"rendered":"<p>Informaci\u00f3n de Secretar\u00eda, espec\u00edfica para la FP de Grado Medio.<\/p>\n","protected":false},"author":3,"featured_media":0,"parent":1714,"menu_order":4,"comment_status":"closed","ping_status":"closed","template":"","meta":{"footnotes":""},"folder":[110],"class_list":["post-1735","page","type-page","status-publish","hentry"],"rttpg_featured_image_url":null,"rttpg_author":{"display_name":"ies.tiernogalvan.parla","author_link":"https:\/\/site.educa.madrid.org\/ies.tiernogalvan.parla\/index.php\/author\/cuenta_ies-tiernogalvan-parla\/"},"rttpg_comment":0,"rttpg_category":"","rttpg_excerpt":"Informaci\u00f3n de Secretar\u00eda, espec\u00edfica para la FP de Grado Medio.","post_mailing_queue_ids":[],"_links":{"self":[{"href":"https:\/\/site.educa.madrid.org\/ies.tiernogalvan.parla\/index.php\/wp-json\/wp\/v2\/pages\/1735","targetHints":{"allow":["GET"]}}],"collection":[{"href":"https:\/\/site.educa.madrid.org\/ies.tiernogalvan.parla\/index.php\/wp-json\/wp\/v2\/pages"}],"about":[{"href":"https:\/\/site.educa.madrid.org\/ies.tiernogalvan.parla\/index.php\/wp-json\/wp\/v2\/types\/page"}],"author":[{"embeddable":true,"href":"https:\/\/site.educa.madrid.org\/ies.tiernogalvan.parla\/index.php\/wp-json\/wp\/v2\/users\/3"}],"replies":[{"embeddable":true,"href":"https:\/\/site.educa.madrid.org\/ies.tiernogalvan.parla\/index.php\/wp-json\/wp\/v2\/comments?post=1735"}],"version-history":[{"count":33,"href":"https:\/\/site.educa.madrid.org\/ies.tiernogalvan.parla\/index.php\/wp-json\/wp\/v2\/pages\/1735\/revisions"}],"predecessor-version":[{"id":5249,"href":"https:\/\/site.educa.madrid.org\/ies.tiernogalvan.parla\/index.php\/wp-json\/wp\/v2\/pages\/1735\/revisions\/5249"}],"up":[{"embeddable":true,"href":"https:\/\/site.educa.madrid.org\/ies.tiernogalvan.parla\/index.php\/wp-json\/wp\/v2\/pages\/1714"}],"wp:attachment":[{"href":"https:\/\/site.educa.madrid.org\/ies.tiernogalvan.parla\/index.php\/wp-json\/wp\/v2\/media?parent=1735"}],"wp:term":[{"taxonomy":"folder","embeddable":true,"href":"https:\/\/site.educa.madrid.org\/ies.tiernogalvan.parla\/index.php\/wp-json\/wp\/v2\/folder?post=1735"}],"curies":[{"name":"wp","href":"https:\/\/api.w.org\/{rel}","templated":true}]}}