{"id":1751,"date":"2023-06-22T10:21:33","date_gmt":"2023-06-22T08:21:33","guid":{"rendered":"https:\/\/site.educa.madrid.org\/ies.tiernogalvan.parla\/?page_id=1751"},"modified":"2024-10-30T12:48:47","modified_gmt":"2024-10-30T11:48:47","slug":"procesos-y-solicitudes","status":"publish","type":"page","link":"https:\/\/site.educa.madrid.org\/ies.tiernogalvan.parla\/index.php\/secretaria\/procesos-y-solicitudes\/","title":{"rendered":"Secretar\u00eda: Procesos y Solicitudes"},"content":{"rendered":"<div id=\"pl-1751\"  class=\"panel-layout\" ><div id=\"pg-1751-0\"  class=\"panel-grid panel-has-style\" ><div class=\"siteorigin-panels-stretch panel-row-style panel-row-style-for-1751-0\" data-stretch-type=\"full-width-stretch\" ><div id=\"pgc-1751-0-0\"  class=\"panel-grid-cell\" ><div id=\"panel-1751-0-0-0\" class=\"so-panel widget widget_sow-headline panel-first-child panel-last-child\" data-index=\"0\" ><div class=\"panel-widget-style panel-widget-style-for-1751-0-0-0\" ><div\n\t\t\t\n\t\t\tclass=\"so-widget-sow-headline so-widget-sow-headline-default-e55f809b2d23-1751\"\n\t\t\t\n\t\t><div class=\"sow-headline-container \">\n\t\t\t\t\t\t\t<h2 class=\"sow-headline\">\n\t\t\t\t\t\tSecretar\u00eda: Procesos y Solicitudes\t\t\t\t\t\t<\/h2>\n\t\t\t\t\t\t\t\t\t\t\t<div class=\"decoration\">\n\t\t\t\t\t\t<div class=\"decoration-inside\"><\/div>\n\t\t\t\t\t<\/div>\n\t\t\t\t\t<\/div>\n<\/div><\/div><\/div><\/div><\/div><\/div><div id=\"pg-1751-1\"  class=\"panel-grid panel-has-style\" ><div class=\"panel-row-style panel-row-style-for-1751-1\" ><div id=\"pgc-1751-1-0\"  class=\"panel-grid-cell\" ><div id=\"panel-1751-1-0-0\" class=\"so-panel widget widget_sow-editor panel-first-child panel-last-child\" data-index=\"1\" ><div class=\"panel-widget-style panel-widget-style-for-1751-1-0-0\" ><div\n\t\t\t\n\t\t\tclass=\"so-widget-sow-editor so-widget-sow-editor-base\"\n\t\t\t\n\t\t>\n<div class=\"siteorigin-widget-tinymce textwidget\">\n\t<h2>Procesos generales<\/h2>\n<\/div>\n<\/div><\/div><\/div><\/div><\/div><\/div><div id=\"pg-1751-2\"  class=\"panel-grid panel-has-style\" ><div class=\"panel-row-style panel-row-style-for-1751-2\" ><div id=\"pgc-1751-2-0\"  class=\"panel-grid-cell\" ><div id=\"panel-1751-2-0-0\" class=\"so-panel widget widget_sow-button panel-first-child panel-last-child\" data-index=\"2\" ><div\n\t\t\t\n\t\t\tclass=\"so-widget-sow-button so-widget-sow-button-flat-181b77321cfd-1751\"\n\t\t\t\n\t\t><div class=\"ow-button-base ow-button-align-center\">\n\t<a\n\thref=\"https:\/\/site.educa.madrid.org\/ies.tiernogalvan.parla\/index.php\/secretaria\/procesos-y-solicitudes\/admision\/\"\n\t\tclass=\"ow-icon-placement-left ow-button-hover\" \t>\n\t\t<span>\n\t\t\t<span class=\"sow-icon-fontawesome sow-fas\" data-sow-icon=\"&#xf4fc;\"\n\t\tstyle=\"\" \n\t\taria-hidden=\"true\"><\/span>\n\t\t\tAdmisi\u00f3n\t\t<\/span>\n\t<\/a>\n<\/div>\n<\/div><\/div><\/div><div id=\"pgc-1751-2-1\"  class=\"panel-grid-cell\" ><div id=\"panel-1751-2-1-0\" class=\"so-panel widget widget_sow-button panel-first-child panel-last-child\" data-index=\"3\" ><div\n\t\t\t\n\t\t\tclass=\"so-widget-sow-button so-widget-sow-button-flat-181b77321cfd-1751\"\n\t\t\t\n\t\t><div class=\"ow-button-base ow-button-align-center\">\n\t<a\n\thref=\"https:\/\/site.educa.madrid.org\/ies.tiernogalvan.parla\/index.php\/secretaria\/procesos-y-solicitudes\/matriculacion\/\"\n\t\tclass=\"ow-icon-placement-left ow-button-hover\" \t>\n\t\t<span>\n\t\t\t<span class=\"sow-icon-fontawesome sow-fas\" data-sow-icon=\"&#xf044;\"\n\t\tstyle=\"\" \n\t\taria-hidden=\"true\"><\/span>\n\t\t\tMatriculaci\u00f3n\t\t<\/span>\n\t<\/a>\n<\/div>\n<\/div><\/div><\/div><div id=\"pgc-1751-2-2\"  class=\"panel-grid-cell\" ><div id=\"panel-1751-2-2-0\" class=\"so-panel widget widget_sow-button panel-first-child panel-last-child\" data-index=\"4\" ><div\n\t\t\t\n\t\t\tclass=\"so-widget-sow-button so-widget-sow-button-flat-181b77321cfd-1751\"\n\t\t\t\n\t\t><div class=\"ow-button-base ow-button-align-center\">\n\t<a\n\thref=\"https:\/\/site.educa.madrid.org\/ies.tiernogalvan.parla\/index.php\/secretaria\/procesos-y-solicitudes\/secretaria-pago-de-tasas\/\"\n\t\tclass=\"ow-icon-placement-left ow-button-hover\" \t>\n\t\t<span>\n\t\t\t<span class=\"sow-icon-fontawesome sow-fas\" data-sow-icon=\"&#xf571;\"\n\t\tstyle=\"\" \n\t\taria-hidden=\"true\"><\/span>\n\t\t\tPago de Tasas\t\t<\/span>\n\t<\/a>\n<\/div>\n<\/div><\/div><\/div><div id=\"pgc-1751-2-3\"  class=\"panel-grid-cell\" ><div id=\"panel-1751-2-3-0\" class=\"so-panel widget widget_sow-button panel-first-child panel-last-child\" data-index=\"5\" ><div\n\t\t\t\n\t\t\tclass=\"so-widget-sow-button so-widget-sow-button-flat-181b77321cfd-1751\"\n\t\t\t\n\t\t><div class=\"ow-button-base ow-button-align-center\">\n\t<a\n\thref=\"https:\/\/site.educa.madrid.org\/ies.tiernogalvan.parla\/index.php\/secretaria\/procesos-y-solicitudes\/becas\/\"\n\t\tclass=\"ow-icon-placement-left ow-button-hover\" \t>\n\t\t<span>\n\t\t\t<span class=\"sow-icon-fontawesome sow-fas\" data-sow-icon=\"&#xf509;\"\n\t\tstyle=\"\" \n\t\taria-hidden=\"true\"><\/span>\n\t\t\tBecas\t\t<\/span>\n\t<\/a>\n<\/div>\n<\/div><\/div><\/div><\/div><\/div><div id=\"pg-1751-3\"  class=\"panel-grid panel-has-style\" ><div class=\"panel-row-style panel-row-style-for-1751-3\" ><div id=\"pgc-1751-3-0\"  class=\"panel-grid-cell\" ><div id=\"panel-1751-3-0-0\" class=\"so-panel widget widget_sow-editor panel-first-child panel-last-child\" data-index=\"6\" ><div class=\"panel-widget-style panel-widget-style-for-1751-3-0-0\" ><div\n\t\t\t\n\t\t\tclass=\"so-widget-sow-editor so-widget-sow-editor-base\"\n\t\t\t\n\t\t>\n<div class=\"siteorigin-widget-tinymce textwidget\">\n\t<h2>Solicitudes con formularios espec\u00edficos<\/h2>\n<\/div>\n<\/div><\/div><\/div><\/div><\/div><\/div><div id=\"pg-1751-4\"  class=\"panel-grid panel-has-style\" ><div class=\"panel-row-style panel-row-style-for-1751-4\" ><div id=\"pgc-1751-4-0\"  class=\"panel-grid-cell\" ><div class=\"so-rounded panel-cell-style panel-cell-style-for-1751-4-0\" ><div id=\"panel-1751-4-0-0\" class=\"so-panel widget widget_sow-headline panel-first-child panel-last-child\" data-index=\"7\" ><div\n\t\t\t\n\t\t\tclass=\"so-widget-sow-headline so-widget-sow-headline-default-f66de638c420-1751\"\n\t\t\t\n\t\t><div class=\"sow-headline-container \">\n\t\t\t\t\t\t\t<h3 class=\"sow-headline\">\n\t\t\t\t\t\tFormularios Gen\u00e9ricos\t\t\t\t\t\t<\/h3>\n\t\t\t\t\t\t\t\t\t\t\t<div class=\"decoration\">\n\t\t\t\t\t\t<div class=\"decoration-inside\"><\/div>\n\t\t\t\t\t<\/div>\n\t\t\t\t\t<\/div>\n<\/div><\/div><\/div><\/div><div id=\"pgc-1751-4-1\"  class=\"panel-grid-cell\" ><div class=\"panel-cell-style panel-cell-style-for-1751-4-1\" ><div id=\"panel-1751-4-1-0\" class=\"so-panel widget widget_siteorigin-panels-builder panel-first-child panel-last-child\" data-index=\"8\" ><div class=\"panel-widget-style panel-widget-style-for-1751-4-1-0\" ><div id=\"pl-w665a0bfaf0034\"  class=\"panel-layout\" ><div id=\"pg-w665a0bfaf0034-0\"  class=\"panel-grid panel-has-style\" ><div class=\"panel-row-style panel-row-style-for-w665a0bfaf0034-0\" ><div id=\"pgc-w665a0bfaf0034-0-0\"  class=\"panel-grid-cell\" ><div id=\"panel-w665a0bfaf0034-0-0-0\" class=\"so-panel widget widget_sow-editor panel-first-child panel-last-child\" data-index=\"0\" ><div class=\"panel-widget-style panel-widget-style-for-w665a0bfaf0034-0-0-0\" ><div\n\t\t\t\n\t\t\tclass=\"so-widget-sow-editor so-widget-sow-editor-base\"\n\t\t\t\n\t\t>\n<div class=\"siteorigin-widget-tinymce textwidget\">\n\t<h4><strong>Expone-Solicita<\/strong><\/h4>\n<p>Formulario gen\u00e9rico para procesos que no tienen un documento espec\u00edfico<\/p>\n<\/div>\n<\/div><\/div><\/div><\/div><div id=\"pgc-w665a0bfaf0034-0-1\"  class=\"panel-grid-cell\" ><div id=\"panel-w665a0bfaf0034-0-1-0\" class=\"so-panel widget widget_sow-button panel-first-child panel-last-child\" data-index=\"1\" ><div\n\t\t\t\n\t\t\tclass=\"so-widget-sow-button so-widget-sow-button-wire-a72519a9f0bb\"\n\t\t\t\n\t\t><div class=\"ow-button-base ow-button-align-right\">\n\t<a\n\thref=\"https:\/\/site.educa.madrid.org\/ies.tiernogalvan.parla\/\/wp-content\/uploads\/ies.tiernogalvan.parla\/2024\/05\/SOLICITUD_ExponeSolicita.pdf\"\n\t\tclass=\"ow-icon-placement-left ow-button-hover\" target=\"_blank\" rel=\"noopener noreferrer\" \t>\n\t\t<span>\n\t\t\t<span class=\"sow-icon-typicons\" data-sow-icon=\"&#xe04a;\"\n\t\tstyle=\"\" \n\t\taria-hidden=\"true\"><\/span>\n\t\t\tExpone-Solicita\t\t<\/span>\n\t<\/a>\n<\/div>\n<\/div><\/div><\/div><\/div><\/div><div id=\"pg-w665a0bfaf0034-1\"  class=\"panel-grid panel-has-style\" ><div class=\"panel-row-style panel-row-style-for-w665a0bfaf0034-1\" ><div id=\"pgc-w665a0bfaf0034-1-0\"  class=\"panel-grid-cell\" ><div id=\"panel-w665a0bfaf0034-1-0-0\" class=\"so-panel widget widget_sow-editor panel-first-child panel-last-child\" data-index=\"2\" ><div class=\"panel-widget-style panel-widget-style-for-w665a0bfaf0034-1-0-0\" ><div\n\t\t\t\n\t\t\tclass=\"so-widget-sow-editor so-widget-sow-editor-base\"\n\t\t\t\n\t\t>\n<div class=\"siteorigin-widget-tinymce textwidget\">\n\t<h4><strong>Atenci\u00f3n personal \/ Entrevista<\/strong><\/h4>\n<p>Formulario para solicitar una reuni\u00f3n con personal del centro o requerir atenci\u00f3n por asuntos determinados<\/p>\n<\/div>\n<\/div><\/div><\/div><\/div><div id=\"pgc-w665a0bfaf0034-1-1\"  class=\"panel-grid-cell\" ><div id=\"panel-w665a0bfaf0034-1-1-0\" class=\"so-panel widget widget_sow-button panel-first-child panel-last-child\" data-index=\"3\" ><div\n\t\t\t\n\t\t\tclass=\"so-widget-sow-button so-widget-sow-button-wire-a72519a9f0bb\"\n\t\t\t\n\t\t><div class=\"ow-button-base ow-button-align-right\">\n\t<a\n\thref=\"https:\/\/site.educa.madrid.org\/ies.tiernogalvan.parla\/\/wp-content\/uploads\/ies.tiernogalvan.parla\/2024\/04\/SOLICITUD-atencion_FAMILIAS_Rellenable.pdf\"\n\t\tclass=\"ow-icon-placement-left ow-button-hover\" target=\"_blank\" rel=\"noopener noreferrer\" \t>\n\t\t<span>\n\t\t\t<span class=\"sow-icon-typicons\" data-sow-icon=\"&#xe04a;\"\n\t\tstyle=\"\" \n\t\taria-hidden=\"true\"><\/span>\n\t\t\tAtenci\u00f3n \/  Entrevista\t\t<\/span>\n\t<\/a>\n<\/div>\n<\/div><\/div><\/div><\/div><\/div><div id=\"pg-w665a0bfaf0034-2\"  class=\"panel-grid panel-has-style\" ><div class=\"panel-row-style panel-row-style-for-w665a0bfaf0034-2\" ><div id=\"pgc-w665a0bfaf0034-2-0\"  class=\"panel-grid-cell\" ><div id=\"panel-w665a0bfaf0034-2-0-0\" class=\"so-panel widget widget_sow-editor panel-first-child panel-last-child\" data-index=\"4\" ><div class=\"panel-widget-style panel-widget-style-for-w665a0bfaf0034-2-0-0\" ><div\n\t\t\t\n\t\t\tclass=\"so-widget-sow-editor so-widget-sow-editor-base\"\n\t\t\t\n\t\t>\n<div class=\"siteorigin-widget-tinymce textwidget\">\n\t<h4><strong>Reclamaci\u00f3n de las calificaciones<\/strong><\/h4>\n<p>Acceso a la p\u00e1gina con informaci\u00f3n sobre la normativa y los procedimientos<\/p>\n<\/div>\n<\/div><\/div><\/div><\/div><div id=\"pgc-w665a0bfaf0034-2-1\"  class=\"panel-grid-cell\" ><div id=\"panel-w665a0bfaf0034-2-1-0\" class=\"so-panel widget widget_sow-button panel-first-child panel-last-child\" data-index=\"5\" ><div\n\t\t\t\n\t\t\tclass=\"so-widget-sow-button so-widget-sow-button-wire-a72519a9f0bb\"\n\t\t\t\n\t\t><div class=\"ow-button-base ow-button-align-right\">\n\t<a\n\thref=\"https:\/\/site.educa.madrid.org\/ies.tiernogalvan.parla\/index.php\/secretaria\/procesos-y-solicitudes\/reclamaciones\/\"\n\t\tclass=\"ow-icon-placement-left ow-button-hover\" \t>\n\t\t<span>\n\t\t\t<span class=\"sow-icon-typicons\" data-sow-icon=\"&#xe019;\"\n\t\tstyle=\"\" \n\t\taria-hidden=\"true\"><\/span>\n\t\t\tReclamaciones\t\t<\/span>\n\t<\/a>\n<\/div>\n<\/div><\/div><\/div><\/div><\/div><\/div><\/div><\/div><\/div><\/div><\/div><\/div><div id=\"pg-1751-5\"  class=\"panel-grid panel-has-style\" ><div class=\"panel-row-style panel-row-style-for-1751-5\" ><div id=\"pgc-1751-5-0\"  class=\"panel-grid-cell\" ><div class=\"so-rounded panel-cell-style panel-cell-style-for-1751-5-0\" ><div id=\"panel-1751-5-0-0\" class=\"so-panel widget widget_sow-headline panel-first-child panel-last-child\" data-index=\"9\" ><div\n\t\t\t\n\t\t\tclass=\"so-widget-sow-headline so-widget-sow-headline-default-f66de638c420-1751\"\n\t\t\t\n\t\t><div class=\"sow-headline-container \">\n\t\t\t\t\t\t\t<h3 class=\"sow-headline\">\n\t\t\t\t\t\tBachillerato y FP\t\t\t\t\t\t<\/h3>\n\t\t\t\t\t\t\t\t\t\t\t<div class=\"decoration\">\n\t\t\t\t\t\t<div class=\"decoration-inside\"><\/div>\n\t\t\t\t\t<\/div>\n\t\t\t\t\t<\/div>\n<\/div><\/div><\/div><\/div><div id=\"pgc-1751-5-1\"  class=\"panel-grid-cell\" ><div class=\"panel-cell-style panel-cell-style-for-1751-5-1\" ><div id=\"panel-1751-5-1-0\" class=\"so-panel widget widget_siteorigin-panels-builder panel-first-child panel-last-child\" data-index=\"10\" ><div class=\"panel-widget-style panel-widget-style-for-1751-5-1-0\" ><div id=\"pl-w665066578be83\"  class=\"panel-layout\" ><div id=\"pg-w665066578be83-0\"  class=\"panel-grid panel-has-style\" ><div class=\"panel-row-style panel-row-style-for-w665066578be83-0\" ><div id=\"pgc-w665066578be83-0-0\"  class=\"panel-grid-cell\" ><div id=\"panel-w665066578be83-0-0-0\" class=\"so-panel widget widget_sow-editor panel-first-child panel-last-child\" data-index=\"0\" ><div class=\"panel-widget-style panel-widget-style-for-w665066578be83-0-0-0\" ><div\n\t\t\t\n\t\t\tclass=\"so-widget-sow-editor so-widget-sow-editor-base\"\n\t\t\t\n\t\t>\n<div class=\"siteorigin-widget-tinymce textwidget\">\n\t<h4><strong>Solicitud de t\u00edtulo<\/strong><\/h4>\n<p>Formulario para solicitar el t\u00edtulo de Bachillerato o Ciclos de Formaci\u00f3n Profesional.<br \/>\nRequiere pago de tasas.<\/p>\n<\/div>\n<\/div><\/div><\/div><\/div><div id=\"pgc-w665066578be83-0-1\"  class=\"panel-grid-cell\" ><div id=\"panel-w665066578be83-0-1-0\" class=\"so-panel widget widget_sow-button panel-first-child panel-last-child\" data-index=\"1\" ><div\n\t\t\t\n\t\t\tclass=\"so-widget-sow-button so-widget-sow-button-wire-a72519a9f0bb\"\n\t\t\t\n\t\t><div class=\"ow-button-base ow-button-align-right\">\n\t<a\n\thref=\"https:\/\/site.educa.madrid.org\/ies.tiernogalvan.parla\/\/wp-content\/uploads\/ies.tiernogalvan.parla\/2024\/04\/SOLICITUD_Titulo_Rellenable.pdf\"\n\t\tclass=\"ow-icon-placement-left ow-button-hover\" target=\"_blank\" rel=\"noopener noreferrer\" \t>\n\t\t<span>\n\t\t\t<span class=\"sow-icon-typicons\" data-sow-icon=\"&#xe04a;\"\n\t\tstyle=\"\" \n\t\taria-hidden=\"true\"><\/span>\n\t\t\tT\u00edtulo\t\t<\/span>\n\t<\/a>\n<\/div>\n<\/div><\/div><\/div><\/div><\/div><div id=\"pg-w665066578be83-1\"  class=\"panel-grid panel-has-style\" ><div class=\"panel-row-style panel-row-style-for-w665066578be83-1\" ><div id=\"pgc-w665066578be83-1-0\"  class=\"panel-grid-cell\" ><div id=\"panel-w665066578be83-1-0-0\" class=\"so-panel widget widget_sow-editor panel-first-child panel-last-child\" data-index=\"2\" ><div class=\"panel-widget-style panel-widget-style-for-w665066578be83-1-0-0\" ><div\n\t\t\t\n\t\t\tclass=\"so-widget-sow-editor so-widget-sow-editor-base\"\n\t\t\t\n\t\t>\n<div class=\"siteorigin-widget-tinymce textwidget\">\n\t<h4><strong>Cancelaci\u00f3n de matr\u00edcula<\/strong><\/h4>\n<p><strong>Plazo de presentaci\u00f3n:<\/strong><br \/>\n\u2192 En la ESO,\u00a0 en cualquier momento del curso (s\u00f3lo mayores de 16 a\u00f1os)<br \/>\n\u2192 En Bachillerato, hasta el 31 de marzo.<br \/>\n\u2192 En Ciclos Formativos, hasta 1 mes desde el inicio del curso.<\/p>\n<\/div>\n<\/div><\/div><\/div><\/div><div id=\"pgc-w665066578be83-1-1\"  class=\"panel-grid-cell\" ><div id=\"panel-w665066578be83-1-1-0\" class=\"so-panel widget widget_sow-button panel-first-child panel-last-child\" data-index=\"3\" ><div\n\t\t\t\n\t\t\tclass=\"so-widget-sow-button so-widget-sow-button-wire-a72519a9f0bb\"\n\t\t\t\n\t\t><div class=\"ow-button-base ow-button-align-right\">\n\t<a\n\thref=\"https:\/\/site.educa.madrid.org\/ies.tiernogalvan.parla\/\/wp-content\/uploads\/ies.tiernogalvan.parla\/2024\/05\/SOLICITUD_CancelacionMatricula.pdf\"\n\t\tclass=\"ow-icon-placement-left ow-button-hover\" target=\"_blank\" rel=\"noopener noreferrer\" \t>\n\t\t<span>\n\t\t\t<span class=\"sow-icon-typicons\" data-sow-icon=\"&#xe04a;\"\n\t\tstyle=\"\" \n\t\taria-hidden=\"true\"><\/span>\n\t\t\tCancelaci\u00f3n de matr\u00edcula\t\t<\/span>\n\t<\/a>\n<\/div>\n<\/div><\/div><\/div><\/div><\/div><\/div><\/div><\/div><\/div><\/div><\/div><\/div><div id=\"pg-1751-6\"  class=\"panel-grid panel-has-style\" ><div class=\"panel-row-style panel-row-style-for-1751-6\" ><div id=\"pgc-1751-6-0\"  class=\"panel-grid-cell\" ><div class=\"so-rounded panel-cell-style panel-cell-style-for-1751-6-0\" ><div id=\"panel-1751-6-0-0\" class=\"so-panel widget widget_sow-headline panel-first-child panel-last-child\" data-index=\"11\" ><div\n\t\t\t\n\t\t\tclass=\"so-widget-sow-headline so-widget-sow-headline-default-f66de638c420-1751\"\n\t\t\t\n\t\t><div class=\"sow-headline-container \">\n\t\t\t\t\t\t\t<h3 class=\"sow-headline\">\n\t\t\t\t\t\tEspec\u00edficos de FP\t\t\t\t\t\t<\/h3>\n\t\t\t\t\t\t\t\t\t\t\t<div class=\"decoration\">\n\t\t\t\t\t\t<div class=\"decoration-inside\"><\/div>\n\t\t\t\t\t<\/div>\n\t\t\t\t\t<\/div>\n<\/div><\/div><\/div><\/div><div id=\"pgc-1751-6-1\"  class=\"panel-grid-cell\" ><div class=\"panel-cell-style panel-cell-style-for-1751-6-1\" ><div id=\"panel-1751-6-1-0\" class=\"so-panel widget widget_siteorigin-panels-builder panel-first-child panel-last-child\" data-index=\"12\" ><div class=\"panel-widget-style panel-widget-style-for-1751-6-1-0\" ><div id=\"pl-w664e1104e977d\"  class=\"panel-layout\" ><div id=\"pg-w664e1104e977d-0\"  class=\"panel-grid panel-has-style\" ><div class=\"panel-row-style panel-row-style-for-w664e1104e977d-0\" ><div id=\"pgc-w664e1104e977d-0-0\"  class=\"panel-grid-cell\" ><div id=\"panel-w664e1104e977d-0-0-0\" class=\"so-panel widget widget_sow-editor panel-first-child panel-last-child\" data-index=\"0\" ><div class=\"panel-widget-style panel-widget-style-for-w664e1104e977d-0-0-0\" ><div\n\t\t\t\n\t\t\tclass=\"so-widget-sow-editor so-widget-sow-editor-base\"\n\t\t\t\n\t\t>\n<div class=\"siteorigin-widget-tinymce textwidget\">\n\t<h4><strong>Convalidaci\u00f3n de m\u00f3dulos de FP<\/strong><\/h4>\n<p><strong>Plazo de presentaci\u00f3n:<\/strong> Dentro del primer mes desde el inicio del curso.<\/p>\n<\/div>\n<\/div><\/div><\/div><\/div><div id=\"pgc-w664e1104e977d-0-1\"  class=\"panel-grid-cell\" ><div id=\"panel-w664e1104e977d-0-1-0\" class=\"so-panel widget widget_sow-button panel-first-child panel-last-child\" data-index=\"1\" ><div\n\t\t\t\n\t\t\tclass=\"so-widget-sow-button so-widget-sow-button-wire-a72519a9f0bb\"\n\t\t\t\n\t\t><div class=\"ow-button-base ow-button-align-right\">\n\t<a\n\thref=\"https:\/\/site.educa.madrid.org\/ies.tiernogalvan.parla\/\/wp-content\/uploads\/ies.tiernogalvan.parla\/2024\/05\/AnexoX_SolicitudConvalidacionLOE.pdf\"\n\t\tclass=\"ow-icon-placement-left ow-button-hover\" target=\"_blank\" rel=\"noopener noreferrer\" \t>\n\t\t<span>\n\t\t\t<span class=\"sow-icon-typicons\" data-sow-icon=\"&#xe04a;\"\n\t\tstyle=\"\" \n\t\taria-hidden=\"true\"><\/span>\n\t\t\tConvalidaciones\t\t<\/span>\n\t<\/a>\n<\/div>\n<\/div><\/div><\/div><\/div><\/div><div id=\"pg-w664e1104e977d-1\"  class=\"panel-grid panel-has-style\" ><div class=\"panel-row-style panel-row-style-for-w664e1104e977d-1\" ><div id=\"pgc-w664e1104e977d-1-0\"  class=\"panel-grid-cell\" ><div id=\"panel-w664e1104e977d-1-0-0\" class=\"so-panel widget widget_sow-editor panel-first-child panel-last-child\" data-index=\"2\" ><div class=\"panel-widget-style panel-widget-style-for-w664e1104e977d-1-0-0\" ><div\n\t\t\t\n\t\t\tclass=\"so-widget-sow-editor so-widget-sow-editor-base\"\n\t\t\t\n\t\t>\n<div class=\"siteorigin-widget-tinymce textwidget\">\n\t<h4><strong>Renuncia a convocatoria<\/strong><\/h4>\n<p><strong>Plazo de presentaci\u00f3n:<\/strong> Hasta 1 mes antes de la convocatoria.<br \/>\nNecesario cumplir requisitos (ver formulario).<\/p>\n<\/div>\n<\/div><\/div><\/div><\/div><div id=\"pgc-w664e1104e977d-1-1\"  class=\"panel-grid-cell\" ><div id=\"panel-w664e1104e977d-1-1-0\" class=\"so-panel widget widget_sow-button panel-first-child panel-last-child\" data-index=\"3\" ><div\n\t\t\t\n\t\t\tclass=\"so-widget-sow-button so-widget-sow-button-wire-a72519a9f0bb\"\n\t\t\t\n\t\t><div class=\"ow-button-base ow-button-align-right\">\n\t<a\n\thref=\"https:\/\/site.educa.madrid.org\/ies.tiernogalvan.parla\/\/wp-content\/uploads\/ies.tiernogalvan.parla\/2024\/05\/AnexoIII_RenunciaConvocatorias.pdf\"\n\t\tclass=\"ow-icon-placement-left ow-button-hover\" target=\"_blank\" rel=\"noopener noreferrer\" \t>\n\t\t<span>\n\t\t\t<span class=\"sow-icon-typicons\" data-sow-icon=\"&#xe04a;\"\n\t\tstyle=\"\" \n\t\taria-hidden=\"true\"><\/span>\n\t\t\tRenuncia a convocatoria\t\t<\/span>\n\t<\/a>\n<\/div>\n<\/div><\/div><\/div><\/div><\/div><div id=\"pg-w664e1104e977d-2\"  class=\"panel-grid panel-has-style\" ><div class=\"panel-row-style panel-row-style-for-w664e1104e977d-2\" ><div id=\"pgc-w664e1104e977d-2-0\"  class=\"panel-grid-cell\" ><div id=\"panel-w664e1104e977d-2-0-0\" class=\"so-panel widget widget_sow-editor panel-first-child panel-last-child\" data-index=\"4\" ><div class=\"panel-widget-style panel-widget-style-for-w664e1104e977d-2-0-0\" ><div\n\t\t\t\n\t\t\tclass=\"so-widget-sow-editor so-widget-sow-editor-base\"\n\t\t\t\n\t\t>\n<div class=\"siteorigin-widget-tinymce textwidget\">\n\t<h4><strong>Aplazamiento de la FCT<\/strong><\/h4>\n<p><strong>Plazo de presentaci\u00f3n:<\/strong> Hasta 1 mes antes del fin del periodo de la FCT.<br \/>\nNecesario cumplir requisitos (ver formulario).<\/p>\n<\/div>\n<\/div><\/div><\/div><\/div><div id=\"pgc-w664e1104e977d-2-1\"  class=\"panel-grid-cell\" ><div id=\"panel-w664e1104e977d-2-1-0\" class=\"so-panel widget widget_sow-button panel-first-child panel-last-child\" data-index=\"5\" ><div\n\t\t\t\n\t\t\tclass=\"so-widget-sow-button so-widget-sow-button-wire-a72519a9f0bb\"\n\t\t\t\n\t\t><div class=\"ow-button-base ow-button-align-right\">\n\t<a\n\thref=\"https:\/\/site.educa.madrid.org\/ies.tiernogalvan.parla\/\/wp-content\/uploads\/ies.tiernogalvan.parla\/2024\/05\/AnexoIV_AplazamientoFCT.pdf\"\n\t\tclass=\"ow-icon-placement-left ow-button-hover\" target=\"_blank\" rel=\"noopener noreferrer\" \t>\n\t\t<span>\n\t\t\t<span class=\"sow-icon-typicons\" data-sow-icon=\"&#xe04a;\"\n\t\tstyle=\"\" \n\t\taria-hidden=\"true\"><\/span>\n\t\t\tAplazamiento FCT\t\t<\/span>\n\t<\/a>\n<\/div>\n<\/div><\/div><\/div><\/div><\/div><div id=\"pg-w664e1104e977d-3\"  class=\"panel-grid panel-has-style\" ><div class=\"panel-row-style panel-row-style-for-w664e1104e977d-3\" ><div id=\"pgc-w664e1104e977d-3-0\"  class=\"panel-grid-cell\" ><div id=\"panel-w664e1104e977d-3-0-0\" class=\"so-panel widget widget_sow-editor panel-first-child panel-last-child\" data-index=\"6\" ><div class=\"panel-widget-style panel-widget-style-for-w664e1104e977d-3-0-0\" ><div\n\t\t\t\n\t\t\tclass=\"so-widget-sow-editor so-widget-sow-editor-base\"\n\t\t\t\n\t\t>\n<div class=\"siteorigin-widget-tinymce textwidget\">\n\t<h4><strong>Exenci\u00f3n de la FCT<\/strong><\/h4>\n<p><strong>Plazo de presentaci\u00f3n:<\/strong> Hasta 1 mes antes del fin del periodo de la FCT.<br \/>\nNecesario cumplir requisitos (ver formulario).<\/p>\n<\/div>\n<\/div><\/div><\/div><\/div><div id=\"pgc-w664e1104e977d-3-1\"  class=\"panel-grid-cell\" ><div id=\"panel-w664e1104e977d-3-1-0\" class=\"so-panel widget widget_sow-button panel-first-child panel-last-child\" data-index=\"7\" ><div\n\t\t\t\n\t\t\tclass=\"so-widget-sow-button so-widget-sow-button-wire-a72519a9f0bb\"\n\t\t\t\n\t\t><div class=\"ow-button-base ow-button-align-right\">\n\t<a\n\thref=\"https:\/\/site.educa.madrid.org\/ies.tiernogalvan.parla\/\/wp-content\/uploads\/ies.tiernogalvan.parla\/2024\/05\/AnexoXIII_SolicitudExencionFCT.pdf\"\n\t\tclass=\"ow-icon-placement-left ow-button-hover\" target=\"_blank\" rel=\"noopener noreferrer\" \t>\n\t\t<span>\n\t\t\t<span class=\"sow-icon-typicons\" data-sow-icon=\"&#xe04a;\"\n\t\tstyle=\"\" \n\t\taria-hidden=\"true\"><\/span>\n\t\t\tExenci\u00f3n FCT\t\t<\/span>\n\t<\/a>\n<\/div>\n<\/div><\/div><\/div><\/div><\/div><\/div><\/div><\/div><\/div><\/div><\/div><\/div><\/div>","protected":false},"excerpt":{"rendered":"<p>Informaci\u00f3n General de Secretar\u00eda. Tabl\u00f3n de anuncios.<\/p>\n","protected":false},"author":3,"featured_media":0,"parent":1714,"menu_order":1,"comment_status":"closed","ping_status":"closed","template":"","meta":{"footnotes":""},"folder":[107],"class_list":["post-1751","page","type-page","status-publish","hentry"],"rttpg_featured_image_url":null,"rttpg_author":{"display_name":"ies.tiernogalvan.parla","author_link":"https:\/\/site.educa.madrid.org\/ies.tiernogalvan.parla\/index.php\/author\/cuenta_ies-tiernogalvan-parla\/"},"rttpg_comment":0,"rttpg_category":" <a href=\"https:\/\/site.educa.madrid.org\/ies.tiernogalvan.parla\/?taxonomy=folder&#038;term=51infogeneral-1700825537-3\" rel=\"tag\">5.1_Procesos<\/a>","rttpg_excerpt":"Informaci\u00f3n General de Secretar\u00eda. Tabl\u00f3n de anuncios.","post_mailing_queue_ids":[],"_links":{"self":[{"href":"https:\/\/site.educa.madrid.org\/ies.tiernogalvan.parla\/index.php\/wp-json\/wp\/v2\/pages\/1751","targetHints":{"allow":["GET"]}}],"collection":[{"href":"https:\/\/site.educa.madrid.org\/ies.tiernogalvan.parla\/index.php\/wp-json\/wp\/v2\/pages"}],"about":[{"href":"https:\/\/site.educa.madrid.org\/ies.tiernogalvan.parla\/index.php\/wp-json\/wp\/v2\/types\/page"}],"author":[{"embeddable":true,"href":"https:\/\/site.educa.madrid.org\/ies.tiernogalvan.parla\/index.php\/wp-json\/wp\/v2\/users\/3"}],"replies":[{"embeddable":true,"href":"https:\/\/site.educa.madrid.org\/ies.tiernogalvan.parla\/index.php\/wp-json\/wp\/v2\/comments?post=1751"}],"version-history":[{"count":50,"href":"https:\/\/site.educa.madrid.org\/ies.tiernogalvan.parla\/index.php\/wp-json\/wp\/v2\/pages\/1751\/revisions"}],"predecessor-version":[{"id":4217,"href":"https:\/\/site.educa.madrid.org\/ies.tiernogalvan.parla\/index.php\/wp-json\/wp\/v2\/pages\/1751\/revisions\/4217"}],"up":[{"embeddable":true,"href":"https:\/\/site.educa.madrid.org\/ies.tiernogalvan.parla\/index.php\/wp-json\/wp\/v2\/pages\/1714"}],"wp:attachment":[{"href":"https:\/\/site.educa.madrid.org\/ies.tiernogalvan.parla\/index.php\/wp-json\/wp\/v2\/media?parent=1751"}],"wp:term":[{"taxonomy":"folder","embeddable":true,"href":"https:\/\/site.educa.madrid.org\/ies.tiernogalvan.parla\/index.php\/wp-json\/wp\/v2\/folder?post=1751"}],"curies":[{"name":"wp","href":"https:\/\/api.w.org\/{rel}","templated":true}]}}