{"id":2186,"date":"2024-04-08T11:09:58","date_gmt":"2024-04-08T09:09:58","guid":{"rendered":"https:\/\/site.educa.madrid.org\/ies.tiernogalvan.parla\/?page_id=2186"},"modified":"2025-05-26T22:24:19","modified_gmt":"2025-05-26T20:24:19","slug":"ciclos-formativos-de-grado-basico","status":"publish","type":"page","link":"https:\/\/site.educa.madrid.org\/ies.tiernogalvan.parla\/index.php\/ensenanzas\/ciclos-formativos-de-grado-basico\/","title":{"rendered":"Ciclos Formativos de Grado B\u00e1sico"},"content":{"rendered":"<div id=\"pl-2186\"  class=\"panel-layout\" ><div id=\"pg-2186-0\"  class=\"panel-grid panel-has-style\" ><div class=\"siteorigin-panels-stretch panel-row-style panel-row-style-for-2186-0\" data-stretch-type=\"full-width-stretch\" ><div id=\"pgc-2186-0-0\"  class=\"panel-grid-cell\" ><div id=\"panel-2186-0-0-0\" class=\"so-panel widget widget_sow-headline panel-first-child panel-last-child\" data-index=\"0\" ><div class=\"panel-widget-style panel-widget-style-for-2186-0-0-0\" ><div\n\t\t\t\n\t\t\tclass=\"so-widget-sow-headline so-widget-sow-headline-default-e55f809b2d23-2186\"\n\t\t\t\n\t\t><div class=\"sow-headline-container \">\n\t\t\t\t\t\t\t<h2 class=\"sow-headline\">\n\t\t\t\t\t\tCiclos Formativos de Grado B\u00e1sico\t\t\t\t\t\t<\/h2>\n\t\t\t\t\t\t\t\t\t\t\t<div class=\"decoration\">\n\t\t\t\t\t\t<div class=\"decoration-inside\"><\/div>\n\t\t\t\t\t<\/div>\n\t\t\t\t\t<\/div>\n<\/div><\/div><\/div><\/div><\/div><\/div><div id=\"pg-2186-1\"  class=\"panel-grid panel-no-style\" ><div id=\"pgc-2186-1-0\"  class=\"panel-grid-cell\" ><div id=\"panel-2186-1-0-0\" class=\"so-panel widget widget_sow-editor panel-first-child panel-last-child\" data-index=\"1\" ><div\n\t\t\t\n\t\t\tclass=\"so-widget-sow-editor so-widget-sow-editor-base\"\n\t\t\t\n\t\t>\n<div class=\"siteorigin-widget-tinymce textwidget\">\n\t<h3>Estructura de los t\u00edtulos de FP de Grado B\u00e1sico del centro<\/h3>\n<\/div>\n<\/div><\/div><\/div><div id=\"pgc-2186-1-1\"  class=\"panel-grid-cell\" ><div id=\"panel-2186-1-1-0\" class=\"so-panel widget widget_sow-button panel-first-child panel-last-child\" data-index=\"2\" ><div class=\"panel-widget-style panel-widget-style-for-2186-1-1-0\" ><div\n\t\t\t\n\t\t\tclass=\"so-widget-sow-button so-widget-sow-button-wire-a72519a9f0bb-2186\"\n\t\t\t\n\t\t><div class=\"ow-button-base ow-button-align-right\">\n\t<a\n\thref=\"https:\/\/aulavirtual32.educa.madrid.org\/ies.tiernogalvan.parla\/\"\n\t\tclass=\"ow-icon-placement-left ow-button-hover\" target=\"_blank\" rel=\"noopener noreferrer\" \t>\n\t\t<span>\n\t\t\t<span class=\"sow-icon-fontawesome sow-fas\" data-sow-icon=\"&#xf51c;\"\n\t\tstyle=\"\" \n\t\taria-hidden=\"true\"><\/span>\n\t\t\tAula Virtual\t\t<\/span>\n\t<\/a>\n<\/div>\n<\/div><\/div><\/div><\/div><div id=\"pgc-2186-1-2\"  class=\"panel-grid-cell\" ><div id=\"panel-2186-1-2-0\" class=\"so-panel widget widget_sow-button panel-first-child panel-last-child\" data-index=\"3\" ><div class=\"panel-widget-style panel-widget-style-for-2186-1-2-0\" ><div\n\t\t\t\n\t\t\tclass=\"so-widget-sow-button so-widget-sow-button-wire-1e2cc17d3db4-2186\"\n\t\t\t\n\t\t><div class=\"ow-button-base ow-button-align-left\">\n\t<a\n\thref=\"https:\/\/site.educa.madrid.org\/ies.tiernogalvan.parla\/index.php\/ensenanzas\/libros-de-texto\/\"\n\t\tclass=\"ow-icon-placement-left ow-button-hover\" \t>\n\t\t<span>\n\t\t\t<span class=\"sow-icon-fontawesome sow-fas\" data-sow-icon=\"&#xf518;\"\n\t\tstyle=\"\" \n\t\taria-hidden=\"true\"><\/span>\n\t\t\tLibros de texto\t\t<\/span>\n\t<\/a>\n<\/div>\n<\/div><\/div><\/div><\/div><\/div><div id=\"pg-2186-2\"  class=\"panel-grid panel-no-style\" ><div id=\"pgc-2186-2-0\"  class=\"panel-grid-cell\" ><div id=\"panel-2186-2-0-0\" class=\"so-panel widget widget_sow-editor panel-first-child panel-last-child\" data-index=\"4\" ><div\n\t\t\t\n\t\t\tclass=\"so-widget-sow-editor so-widget-sow-editor-base\"\n\t\t\t\n\t\t>\n<div class=\"siteorigin-widget-tinymce textwidget\">\n\t<p><em><strong>NOTA<\/strong>: Continuamos a la espera de que la Comunidad de Madrid publique el Decreto que regula estas ense\u00f1anzas. La informaci\u00f3n mostrada est\u00e1 basada en el Decreto anterior.<\/em><\/p>\n<\/div>\n<\/div><\/div><\/div><\/div><div id=\"pg-2186-3\"  class=\"panel-grid panel-has-style\" ><div class=\"panel-row-style panel-row-style-for-2186-3\" ><div id=\"pgc-2186-3-0\"  class=\"panel-grid-cell\" ><div class=\"so-rounded panel-cell-style panel-cell-style-for-2186-3-0\" ><div id=\"panel-2186-3-0-0\" class=\"so-panel widget widget_sow-headline panel-first-child panel-last-child\" data-index=\"5\" ><div class=\"panel-widget-style panel-widget-style-for-2186-3-0-0\" ><div\n\t\t\t\n\t\t\tclass=\"so-widget-sow-headline so-widget-sow-headline-default-7cf845e309f2-2186\"\n\t\t\t\n\t\t><div class=\"sow-headline-container \">\n\t\t\t\t\t\t\t<h2 class=\"sow-headline\">\n\t\t\t\t\t\tServicios Administrativos  -  ADGB01\t\t\t\t\t\t<\/h2>\n\t\t\t\t\t\t\t\t\t\t\t\t<p class=\"sow-sub-headline\">\n\t\t\t\t\t\t\t\t\t\t\t\t\t<a href=\"https:\/\/site.educa.madrid.org\/ies.tiernogalvan.parla\/index.php\/dptos-general\/dptos-de-fp\/administracion-y-gestion\/\" >\n\t\t\t\t\t\t\t\tFamilia Profesional de Administraci\u00f3n y Gesti\u00f3n<\/a>\t\t\t\t\t\t<\/p>\n\t\t\t\t\t\t\t\t\t\t\t<div class=\"decoration\">\n\t\t\t\t\t\t<div class=\"decoration-inside\"><\/div>\n\t\t\t\t\t<\/div>\n\t\t\t\t\t<\/div>\n<\/div><\/div><\/div><\/div><\/div><div id=\"pgc-2186-3-1\"  class=\"panel-grid-cell\" ><div class=\"panel-cell-style panel-cell-style-for-2186-3-1\" ><div id=\"panel-2186-3-1-0\" class=\"so-panel widget widget_sow-button panel-first-child panel-last-child\" data-index=\"6\" ><div class=\"panel-widget-style panel-widget-style-for-2186-3-1-0\" ><div\n\t\t\t\n\t\t\tclass=\"so-widget-sow-button so-widget-sow-button-wire-86c3e2573e83-2186\"\n\t\t\t\n\t\t><div class=\"ow-button-base ow-button-align-left\">\n\t<a\n\thref=\"https:\/\/site.educa.madrid.org\/ies.tiernogalvan.parla\/\/wp-content\/uploads\/ies.tiernogalvan.parla\/2024\/05\/Ficha_FPGB_Serv_Admin.pdf\"\n\t\tclass=\"ow-icon-placement-left ow-button-hover\" target=\"_blank\" rel=\"noopener noreferrer\" \t>\n\t\t<span>\n\t\t\t<span class=\"sow-icon-icomoon\" data-sow-icon=\"&#xe922;\"\n\t\tstyle=\"color: #ffffff\" \n\t\taria-hidden=\"true\"><\/span>\n\t\t\tFicha del T\u00edtulo\t\t<\/span>\n\t<\/a>\n<\/div>\n<\/div><\/div><\/div><\/div><\/div><\/div><\/div><div id=\"pg-2186-4\"  class=\"panel-grid panel-has-style\" ><div class=\"panel-row-style panel-row-style-for-2186-4\" ><div id=\"pgc-2186-4-0\"  class=\"panel-grid-cell\" ><div class=\"so-rounded panel-cell-style panel-cell-style-for-2186-4-0\" ><div id=\"panel-2186-4-0-0\" class=\"so-panel widget widget_sow-headline panel-first-child panel-last-child\" data-index=\"7\" ><div class=\"panel-widget-style panel-widget-style-for-2186-4-0-0\" ><div\n\t\t\t\n\t\t\tclass=\"so-widget-sow-headline so-widget-sow-headline-default-7cf845e309f2-2186\"\n\t\t\t\n\t\t><div class=\"sow-headline-container \">\n\t\t\t\t\t\t\t<h2 class=\"sow-headline\">\n\t\t\t\t\t\tServicios Comerciales  -  COMB01\t\t\t\t\t\t<\/h2>\n\t\t\t\t\t\t\t\t\t\t\t\t<p class=\"sow-sub-headline\">\n\t\t\t\t\t\t\t\t\t\t\t\t\t<a href=\"https:\/\/site.educa.madrid.org\/ies.tiernogalvan.parla\/index.php\/dptos-general\/dptos-de-fp\/comercio-y-marketing\/\" >\n\t\t\t\t\t\t\t\tFamilia Profesional de Comercio y Marketing<\/a>\t\t\t\t\t\t<\/p>\n\t\t\t\t\t\t\t\t\t\t\t<div class=\"decoration\">\n\t\t\t\t\t\t<div class=\"decoration-inside\"><\/div>\n\t\t\t\t\t<\/div>\n\t\t\t\t\t<\/div>\n<\/div><\/div><\/div><\/div><\/div><div id=\"pgc-2186-4-1\"  class=\"panel-grid-cell\" ><div class=\"panel-cell-style panel-cell-style-for-2186-4-1\" ><div id=\"panel-2186-4-1-0\" class=\"so-panel widget widget_sow-button panel-first-child panel-last-child\" data-index=\"8\" ><div class=\"panel-widget-style panel-widget-style-for-2186-4-1-0\" ><div\n\t\t\t\n\t\t\tclass=\"so-widget-sow-button so-widget-sow-button-wire-86c3e2573e83-2186\"\n\t\t\t\n\t\t><div class=\"ow-button-base ow-button-align-left\">\n\t<a\n\thref=\"https:\/\/site.educa.madrid.org\/ies.tiernogalvan.parla\/\/wp-content\/uploads\/ies.tiernogalvan.parla\/2024\/05\/Ficha_FPGB_Serv_Comerciales.pdf\"\n\t\tclass=\"ow-icon-placement-left ow-button-hover\" target=\"_blank\" rel=\"noopener noreferrer\" \t>\n\t\t<span>\n\t\t\t<span class=\"sow-icon-icomoon\" data-sow-icon=\"&#xe922;\"\n\t\tstyle=\"color: #ffffff\" \n\t\taria-hidden=\"true\"><\/span>\n\t\t\tFicha del T\u00edtulo\t\t<\/span>\n\t<\/a>\n<\/div>\n<\/div><\/div><\/div><\/div><\/div><\/div><\/div><div id=\"pg-2186-5\"  class=\"panel-grid panel-no-style\" ><div id=\"pgc-2186-5-0\"  class=\"panel-grid-cell\" ><div id=\"panel-2186-5-0-0\" class=\"so-panel widget widget_sow-editor panel-first-child panel-last-child\" data-index=\"9\" ><div class=\"panel-widget-style panel-widget-style-for-2186-5-0-0\" ><div\n\t\t\t\n\t\t\tclass=\"so-widget-sow-editor so-widget-sow-editor-base\"\n\t\t\t\n\t\t>\n<div class=\"siteorigin-widget-tinymce textwidget\">\n\t<h4><strong>Proyectos de Trabajo en FP Grado B\u00e1sico<\/strong><\/h4>\n<\/div>\n<\/div><\/div><\/div><\/div><\/div><div id=\"pg-2186-6\"  class=\"panel-grid panel-has-style\" ><div class=\"panel-row-style panel-row-style-for-2186-6\" ><div id=\"pgc-2186-6-0\"  class=\"panel-grid-cell\" ><div class=\"so-rounded panel-cell-style panel-cell-style-for-2186-6-0\" ><div id=\"panel-2186-6-0-0\" class=\"so-panel widget widget_sow-editor panel-first-child\" data-index=\"10\" ><div class=\"panel-widget-style panel-widget-style-for-2186-6-0-0\" ><div\n\t\t\t\n\t\t\tclass=\"so-widget-sow-editor so-widget-sow-editor-base\"\n\t\t\t\n\t\t>\n<div class=\"siteorigin-widget-tinymce textwidget\">\n\t<p>El equipo docente de los grados b\u00e1sicos en el Tierno trabaja una <strong>metodolog\u00eda basada en proyectos<\/strong>, a fin de aplicar los conocimientos te\u00f3ricos de forma pr\u00e1ctica y siguiendo nuestra m\u00e1xima de \"aprender haciendo\".<\/p>\n<p>Nuestros <a href=\"https:\/\/site.educa.madrid.org\/ies.tiernogalvan.parla\/\/wp-content\/uploads\/ies.tiernogalvan.parla\/2025\/05\/FPGB_CartelProyectos.webp\" target=\"_blank\" rel=\"noopener\">proyectos<\/a> son:<\/p>\n<\/div>\n<\/div><\/div><\/div><div id=\"panel-2186-6-0-1\" class=\"so-panel widget widget_sow-tabs panel-last-child\" data-index=\"11\" ><div\n\t\t\t\n\t\t\tclass=\"so-widget-sow-tabs so-widget-sow-tabs-default-8af978e15605-2186\"\n\t\t\t\n\t\t><div class=\"sow-tabs\">\n\t<div class=\"sow-tabs-tab-container\" role=\"tablist\">\n\t\t\t<div\n\t\t\tclass=\"sow-tabs-tab sow-tabs-tab-selected\"\n\t\t\trole=\"tab\"\n\t\t\tdata-anchor=\"la-tienda-del-tierno\"\n\t\t\taria-selected=\"true\"\n\t\t\ttabindex=\"0\"\n\t\t>\n\t\t\t<div class=\"sow-tabs-title sow-tabs-title-icon-left\">\n\t\t\t\t\t\t\t\tLa Tienda del Tierno\t\t\t\t\t\t\t<\/div>\n\t\t<\/div>\n\t\t\t<div\n\t\t\tclass=\"sow-tabs-tab\"\n\t\t\trole=\"tab\"\n\t\t\tdata-anchor=\"big-data\"\n\t\t\taria-selected=\"false\"\n\t\t\ttabindex=\"0\"\n\t\t>\n\t\t\t<div class=\"sow-tabs-title sow-tabs-title-icon-left\">\n\t\t\t\t\t\t\t\tBig Data\t\t\t\t\t\t\t<\/div>\n\t\t<\/div>\n\t\t\t<div\n\t\t\tclass=\"sow-tabs-tab\"\n\t\t\trole=\"tab\"\n\t\t\tdata-anchor=\"tierno-management\"\n\t\t\taria-selected=\"false\"\n\t\t\ttabindex=\"0\"\n\t\t>\n\t\t\t<div class=\"sow-tabs-title sow-tabs-title-icon-left\">\n\t\t\t\t\t\t\t\tTierno Management\t\t\t\t\t\t\t<\/div>\n\t\t<\/div>\n\t\t\t<div\n\t\t\tclass=\"sow-tabs-tab\"\n\t\t\trole=\"tab\"\n\t\t\tdata-anchor=\"tierno-emprende\"\n\t\t\taria-selected=\"false\"\n\t\t\ttabindex=\"0\"\n\t\t>\n\t\t\t<div class=\"sow-tabs-title sow-tabs-title-icon-left\">\n\t\t\t\t\t\t\t\tTierno Emprende\t\t\t\t\t\t\t<\/div>\n\t\t<\/div>\n\t\t<\/div>\n\n\t<div class=\"sow-tabs-panel-container\">\n\t\t\t<div class=\"sow-tabs-panel\">\n\t\t\t<div\n\t\t\t\tclass=\"sow-tabs-panel-content\"\n\t\t\t\trole=\"tabpanel\"\n\t\t\t\taria-hidden=\"false\"\n\t\t\t>\n\t\t\t\t<table style=\"border: 2px solid #f9f9f9\">\n<tbody>\n<tr>\n<td style=\"border: 2px solid #f9f9f9\" rowspan=\"3\" width=\"200\"><img loading=\"lazy\" decoding=\"async\" class=\"aligncenter wp-image-5922 size-full\" src=\"https:\/\/site.educa.madrid.org\/ies.tiernogalvan.parla\/\/wp-content\/uploads\/ies.tiernogalvan.parla\/2025\/05\/FPGB_Logo_Tienda.webp\" alt=\"\" width=\"300\" height=\"300\" srcset=\"https:\/\/site.educa.madrid.org\/ies.tiernogalvan.parla\/\/wp-content\/uploads\/ies.tiernogalvan.parla\/2025\/05\/FPGB_Logo_Tienda.webp 300w, https:\/\/site.educa.madrid.org\/ies.tiernogalvan.parla\/\/wp-content\/uploads\/ies.tiernogalvan.parla\/2025\/05\/FPGB_Logo_Tienda-150x150.webp 150w\" sizes=\"auto, (max-width: 300px) 100vw, 300px\" \/><\/td>\n<td style=\"border: 2px solid #f9f9f9\">Gesti\u00f3n integral de nuestro peque\u00f1o establecimiento f\u00edsico (inventario, promoci\u00f3n y publicidad, marketing en el punto de venta, escaparatismo, atenci\u00f3n al cliente, control de caja, etc.)<\/td>\n<\/tr>\n<tr>\n<td style=\"border: 2px solid #f9f9f9\">Los productos de nuestro surtido provienen principalmente de donaciones de la comunidad educativa. Adem\u00e1s, en campa\u00f1as especiales, los propios alumnos elaboran productos espec\u00edficos.<\/td>\n<\/tr>\n<tr>\n<td style=\"border: 2px solid #f9f9f9\">La venta de nuestros productos nos permite realizar donaciones a\u00a0distintas ONG y contribuir a diferentes causas sociales.<\/td>\n<\/tr>\n<\/tbody>\n<\/table>\n\t\t\t<\/div>\n\t\t<\/div>\n\t\t\t<div class=\"sow-tabs-panel\">\n\t\t\t<div\n\t\t\t\tclass=\"sow-tabs-panel-content\"\n\t\t\t\trole=\"tabpanel\"\n\t\t\t\taria-hidden=\"true\"\n\t\t\t>\n\t\t\t\t<table style=\"border: 2px solid #f9f9f9\">\n<tbody>\n<tr>\n<td style=\"border: 2px solid #f9f9f9\" rowspan=\"3\" width=\"200\"><img loading=\"lazy\" decoding=\"async\" class=\"aligncenter wp-image-5920 size-full\" src=\"https:\/\/site.educa.madrid.org\/ies.tiernogalvan.parla\/\/wp-content\/uploads\/ies.tiernogalvan.parla\/2025\/05\/FPGB_Logo_BigData.webp\" alt=\"\" width=\"300\" height=\"300\" srcset=\"https:\/\/site.educa.madrid.org\/ies.tiernogalvan.parla\/\/wp-content\/uploads\/ies.tiernogalvan.parla\/2025\/05\/FPGB_Logo_BigData.webp 300w, https:\/\/site.educa.madrid.org\/ies.tiernogalvan.parla\/\/wp-content\/uploads\/ies.tiernogalvan.parla\/2025\/05\/FPGB_Logo_BigData-150x150.webp 150w\" sizes=\"auto, (max-width: 300px) 100vw, 300px\" \/><\/td>\n<td style=\"border: 2px solid #f9f9f9\">Parte de la base de que nos encontramos en la sociedad de la informaci\u00f3n.<\/td>\n<\/tr>\n<tr>\n<td style=\"border: 2px solid #f9f9f9\">Los alumnos de Servicios Administrativos deben familiarizarse con un entorno en el que se obtiene mucha informaci\u00f3n, se procesa, y se genera un informe que trata de resumirla con la finalidad de obtener una radiograf\u00eda clara de la sociedad en que vivimos.<\/td>\n<\/tr>\n<tr>\n<td style=\"border: 2px solid #f9f9f9\">Ellos mismos se encargan de realizar todas estas fases, desde la elaboraci\u00f3n de encuestas para la obtenci\u00f3n de datos hasta la presentaci\u00f3n de los informes de resultados.<\/td>\n<\/tr>\n<\/tbody>\n<\/table>\n\t\t\t<\/div>\n\t\t<\/div>\n\t\t\t<div class=\"sow-tabs-panel\">\n\t\t\t<div\n\t\t\t\tclass=\"sow-tabs-panel-content\"\n\t\t\t\trole=\"tabpanel\"\n\t\t\t\taria-hidden=\"true\"\n\t\t\t>\n\t\t\t\t<table style=\"border: 2px solid #f9f9f9\">\n<tbody>\n<tr>\n<td style=\"border: 2px solid #f9f9f9\" rowspan=\"3\" width=\"200\"><img loading=\"lazy\" decoding=\"async\" class=\"aligncenter wp-image-5921 size-full\" src=\"https:\/\/site.educa.madrid.org\/ies.tiernogalvan.parla\/\/wp-content\/uploads\/ies.tiernogalvan.parla\/2025\/05\/FPGB_Logo_TM.webp\" alt=\"\" width=\"300\" height=\"300\" srcset=\"https:\/\/site.educa.madrid.org\/ies.tiernogalvan.parla\/\/wp-content\/uploads\/ies.tiernogalvan.parla\/2025\/05\/FPGB_Logo_TM.webp 300w, https:\/\/site.educa.madrid.org\/ies.tiernogalvan.parla\/\/wp-content\/uploads\/ies.tiernogalvan.parla\/2025\/05\/FPGB_Logo_TM-150x150.webp 150w\" sizes=\"auto, (max-width: 300px) 100vw, 300px\" \/><\/td>\n<td style=\"border: 2px solid #f9f9f9\">Se analizan diversos aspectos de los negocios del municipio que colaboran en el proyecto.<\/td>\n<\/tr>\n<tr>\n<td style=\"border: 2px solid #f9f9f9\">Esto permite a nuestros alumnos acercarse a la realidad del mundo laboral y conocer directamente la complejidad de gestionar una empresa.<\/td>\n<\/tr>\n<tr>\n<td style=\"border: 2px solid #f9f9f9\">Este trabajo de investigaci\u00f3n se desarrolla a lo largo del segundo curso y los alumnos elaboran un informe que es entregado a las empresas colaboradoras con propuestas de mejora.<\/td>\n<\/tr>\n<\/tbody>\n<\/table>\n\t\t\t<\/div>\n\t\t<\/div>\n\t\t\t<div class=\"sow-tabs-panel\">\n\t\t\t<div\n\t\t\t\tclass=\"sow-tabs-panel-content\"\n\t\t\t\trole=\"tabpanel\"\n\t\t\t\taria-hidden=\"true\"\n\t\t\t>\n\t\t\t\t<table style=\"border: 2px solid #f9f9f9\">\n<tbody>\n<tr>\n<td style=\"border: 2px solid #f9f9f9\" rowspan=\"3\" width=\"200\"><img loading=\"lazy\" decoding=\"async\" class=\"aligncenter wp-image-5919 size-full\" src=\"https:\/\/site.educa.madrid.org\/ies.tiernogalvan.parla\/\/wp-content\/uploads\/ies.tiernogalvan.parla\/2025\/05\/FPGB_Logo_TiernoEmprende.webp\" alt=\"\" width=\"300\" height=\"300\" srcset=\"https:\/\/site.educa.madrid.org\/ies.tiernogalvan.parla\/\/wp-content\/uploads\/ies.tiernogalvan.parla\/2025\/05\/FPGB_Logo_TiernoEmprende.webp 300w, https:\/\/site.educa.madrid.org\/ies.tiernogalvan.parla\/\/wp-content\/uploads\/ies.tiernogalvan.parla\/2025\/05\/FPGB_Logo_TiernoEmprende-150x150.webp 150w\" sizes=\"auto, (max-width: 300px) 100vw, 300px\" \/><\/td>\n<td style=\"border: 2px solid #f9f9f9\">Cada alumno debe desarrollar una idea de negocio propia y original.<\/td>\n<\/tr>\n<tr>\n<td style=\"border: 2px solid #f9f9f9\">Posteriormente, presenta un proyecto de negocio que es evaluado por distintos docentes que analizar\u00e1n su viabilidad.<\/td>\n<\/tr>\n<tr>\n<td style=\"border: 2px solid #f9f9f9\">Estimula el esp\u00edritu emprendedor en los alumnos y la autonom\u00eda a la hora de buscar soluciones y ayudas para sus futuros proyectos.<\/td>\n<\/tr>\n<\/tbody>\n<\/table>\n\t\t\t<\/div>\n\t\t<\/div>\n\t\t<\/div>\n<\/div>\n<\/div><\/div><\/div><\/div><\/div><\/div><div id=\"pg-2186-7\"  class=\"panel-grid panel-has-style\" ><div class=\"panel-row-style panel-row-style-for-2186-7\" ><div id=\"pgc-2186-7-0\"  class=\"panel-grid-cell\" ><div id=\"panel-2186-7-0-0\" class=\"so-panel widget widget_sow-button panel-first-child panel-last-child\" data-index=\"12\" ><div class=\"panel-widget-style panel-widget-style-for-2186-7-0-0\" ><div\n\t\t\t\n\t\t\tclass=\"so-widget-sow-button so-widget-sow-button-flat-1ac64409a9e5-2186\"\n\t\t\t\n\t\t><div class=\"ow-button-base ow-button-align-left\">\n\t<a\n\thref=\"https:\/\/www.comunidad.madrid\/servicios\/educacion\/formacion-profesional\"\n\t\tclass=\"ow-icon-placement-left ow-button-hover\" target=\"_blank\" rel=\"noopener noreferrer\" \t>\n\t\t<span>\n\t\t\t<span class=\"sow-icon-icomoon\" data-sow-icon=\"&#xea04;\"\n\t\tstyle=\"color: #6d6d6d\" \n\t\taria-hidden=\"true\"><\/span>\n\t\t\tP\u00e1gina oficial de la Comunidad de Madrid sobre la Formaci\u00f3n Profesional\t\t<\/span>\n\t<\/a>\n<\/div>\n<\/div><\/div><\/div><\/div><\/div><\/div><\/div>","protected":false},"excerpt":{"rendered":"<p>P\u00e1gina principal para la FP B\u00e1sica<\/p>\n","protected":false},"author":3,"featured_media":0,"parent":1683,"menu_order":4,"comment_status":"closed","ping_status":"closed","template":"","meta":{"footnotes":""},"folder":[100],"class_list":["post-2186","page","type-page","status-publish","hentry"],"rttpg_featured_image_url":null,"rttpg_author":{"display_name":"ies.tiernogalvan.parla","author_link":"https:\/\/site.educa.madrid.org\/ies.tiernogalvan.parla\/index.php\/author\/cuenta_ies-tiernogalvan-parla\/"},"rttpg_comment":0,"rttpg_category":" <a href=\"https:\/\/site.educa.madrid.org\/ies.tiernogalvan.parla\/?taxonomy=folder&#038;term=34cfgb-1700825537-3\" rel=\"tag\">3.4_CFGB<\/a>","rttpg_excerpt":"P\u00e1gina principal para la FP B\u00e1sica","post_mailing_queue_ids":[],"_links":{"self":[{"href":"https:\/\/site.educa.madrid.org\/ies.tiernogalvan.parla\/index.php\/wp-json\/wp\/v2\/pages\/2186","targetHints":{"allow":["GET"]}}],"collection":[{"href":"https:\/\/site.educa.madrid.org\/ies.tiernogalvan.parla\/index.php\/wp-json\/wp\/v2\/pages"}],"about":[{"href":"https:\/\/site.educa.madrid.org\/ies.tiernogalvan.parla\/index.php\/wp-json\/wp\/v2\/types\/page"}],"author":[{"embeddable":true,"href":"https:\/\/site.educa.madrid.org\/ies.tiernogalvan.parla\/index.php\/wp-json\/wp\/v2\/users\/3"}],"replies":[{"embeddable":true,"href":"https:\/\/site.educa.madrid.org\/ies.tiernogalvan.parla\/index.php\/wp-json\/wp\/v2\/comments?post=2186"}],"version-history":[{"count":33,"href":"https:\/\/site.educa.madrid.org\/ies.tiernogalvan.parla\/index.php\/wp-json\/wp\/v2\/pages\/2186\/revisions"}],"predecessor-version":[{"id":5928,"href":"https:\/\/site.educa.madrid.org\/ies.tiernogalvan.parla\/index.php\/wp-json\/wp\/v2\/pages\/2186\/revisions\/5928"}],"up":[{"embeddable":true,"href":"https:\/\/site.educa.madrid.org\/ies.tiernogalvan.parla\/index.php\/wp-json\/wp\/v2\/pages\/1683"}],"wp:attachment":[{"href":"https:\/\/site.educa.madrid.org\/ies.tiernogalvan.parla\/index.php\/wp-json\/wp\/v2\/media?parent=2186"}],"wp:term":[{"taxonomy":"folder","embeddable":true,"href":"https:\/\/site.educa.madrid.org\/ies.tiernogalvan.parla\/index.php\/wp-json\/wp\/v2\/folder?post=2186"}],"curies":[{"name":"wp","href":"https:\/\/api.w.org\/{rel}","templated":true}]}}