{"id":2264,"date":"2024-04-08T11:29:45","date_gmt":"2024-04-08T09:29:45","guid":{"rendered":"https:\/\/site.educa.madrid.org\/ies.tiernogalvan.parla\/?page_id=2264"},"modified":"2025-05-13T21:24:20","modified_gmt":"2025-05-13T19:24:20","slug":"proyectos-del-centro-xcelence","status":"publish","type":"page","link":"https:\/\/site.educa.madrid.org\/ies.tiernogalvan.parla\/index.php\/planes-y-proyectos\/proyectos\/proyectos-del-centro-xcelence\/","title":{"rendered":"Proyectos del Centro: Xcelence"},"content":{"rendered":"<div id=\"pl-2264\"  class=\"panel-layout\" ><div id=\"pg-2264-0\"  class=\"panel-grid panel-has-style\" ><div class=\"siteorigin-panels-stretch panel-row-style panel-row-style-for-2264-0\" data-stretch-type=\"full-width-stretch\" ><div id=\"pgc-2264-0-0\"  class=\"panel-grid-cell\" ><div id=\"panel-2264-0-0-0\" class=\"so-panel widget widget_sow-headline panel-first-child panel-last-child\" data-index=\"0\" ><div class=\"panel-widget-style panel-widget-style-for-2264-0-0-0\" ><div\n\t\t\t\n\t\t\tclass=\"so-widget-sow-headline so-widget-sow-headline-default-e55f809b2d23-2264\"\n\t\t\t\n\t\t><div class=\"sow-headline-container \">\n\t\t\t\t\t\t\t<h2 class=\"sow-headline\">\n\t\t\t\t\t\tProyectos del Tierno: Xcelence\t\t\t\t\t\t<\/h2>\n\t\t\t\t\t\t\t\t\t\t\t<div class=\"decoration\">\n\t\t\t\t\t\t<div class=\"decoration-inside\"><\/div>\n\t\t\t\t\t<\/div>\n\t\t\t\t\t<\/div>\n<\/div><\/div><\/div><\/div><\/div><\/div><div id=\"pg-2264-1\"  class=\"panel-grid panel-has-style\" ><div class=\"panel-row-style panel-row-style-for-2264-1\" ><div id=\"pgc-2264-1-0\"  class=\"panel-grid-cell\" ><div id=\"panel-2264-1-0-0\" class=\"so-panel widget widget_sow-editor panel-first-child panel-last-child\" data-index=\"1\" ><div class=\"panel-widget-style panel-widget-style-for-2264-1-0-0\" ><div\n\t\t\t\n\t\t\tclass=\"so-widget-sow-editor so-widget-sow-editor-base\"\n\t\t\t\n\t\t>\n<div class=\"siteorigin-widget-tinymce textwidget\">\n\t<p><strong>\u00bfQU\u00c9 ES XCELENCE?<\/strong><\/p>\n<\/div>\n<\/div><\/div><\/div><\/div><\/div><\/div><div id=\"pg-2264-2\"  class=\"panel-grid panel-has-style\" ><div class=\"panel-row-style panel-row-style-for-2264-2\" ><div id=\"pgc-2264-2-0\"  class=\"panel-grid-cell\" ><div class=\"so-rounded panel-cell-style panel-cell-style-for-2264-2-0\" ><div id=\"panel-2264-2-0-0\" class=\"so-panel widget widget_sow-editor panel-first-child panel-last-child\" data-index=\"2\" ><div\n\t\t\t\n\t\t\tclass=\"so-widget-sow-editor so-widget-sow-editor-base\"\n\t\t\t\n\t\t>\n<div class=\"siteorigin-widget-tinymce textwidget\">\n\t<p>En el curso 19\/20 nos embarcamos en este Proyecto de Orientaci\u00f3n Acad\u00e9mica y Profesional con el que pretendemos mejorar la informaci\u00f3n que los alumnos tienen acerca de la oferta laboral existente.<br \/>\nAl amparo del proyecto Xcelence han surgido 2 actuaciones de gran calado:<\/p>\n<ul>\n<li><a href=\"https:\/\/site.educa.madrid.org\/ies.tiernogalvan.parla\/index.php\/planes-y-proyectos\/proyectos\/proyectos-del-centro-xcelence\/coaching-profesional\/\" rel=\"noopener\">Coaching Profesional<\/a> del Tierno<\/li>\n<li><a href=\"https:\/\/site.educa.madrid.org\/ies.tiernogalvan.parla\/index.php\/planes-y-proyectos\/proyectos\/proyectos-del-centro-xcelence\/proyectos-del-centro-feria-de-las-profesiones\/\">Feria de las Profesiones<\/a><\/li>\n<\/ul>\n<\/div>\n<\/div><\/div><\/div><\/div><div id=\"pgc-2264-2-1\"  class=\"panel-grid-cell\" ><div class=\"panel-cell-style panel-cell-style-for-2264-2-1\" ><div id=\"panel-2264-2-1-0\" class=\"so-panel widget widget_sow-editor panel-first-child panel-last-child\" data-index=\"3\" ><div class=\"panel-widget-style panel-widget-style-for-2264-2-1-0\" ><div\n\t\t\t\n\t\t\tclass=\"so-widget-sow-editor so-widget-sow-editor-base\"\n\t\t\t\n\t\t>\n<div class=\"siteorigin-widget-tinymce textwidget\">\n\t<h4 style=\"text-align: center;\"><strong>Mas informaci\u00f3n<\/strong><\/h4>\n<p><a href=\"https:\/\/prezi.com\/view\/eeJxmaG0GyFDMSyefdMo\/\" target=\"_blank\" rel=\"noopener\">Informaci\u00f3n general\u00a0<\/a>del proyecto Xcelence en el Tierno.<\/p>\n<p><a href=\"https:\/\/www.youtube.com\/watch?v=LtU5zxH8S40\" target=\"_blank\" rel=\"noopener\">V\u00eddeo\u00a0<\/a>grabado en el curso 20\/21 sobre parte del trabajo hecho a trav\u00e9s del proyecto.<\/p>\n<\/div>\n<\/div><\/div><\/div><\/div><\/div><\/div><\/div><div id=\"pg-2264-3\"  class=\"panel-grid panel-has-style\" ><div class=\"so-rounded panel-row-style panel-row-style-for-2264-3\" ><div id=\"pgc-2264-3-0\"  class=\"panel-grid-cell\" ><div class=\"panel-cell-style panel-cell-style-for-2264-3-0\" ><div id=\"panel-2264-3-0-0\" class=\"so-panel widget widget_sow-image panel-first-child panel-last-child\" data-index=\"4\" ><div class=\"so-rounded panel-widget-style panel-widget-style-for-2264-3-0-0\" ><div\n\t\t\t\n\t\t\tclass=\"so-widget-sow-image so-widget-sow-image-default-4e6925654b7a-2264\"\n\t\t\t\n\t\t>\n\n<div class=\"sow-image-container\">\n\t\t\t<a href=\"https:\/\/site.educa.madrid.org\/ies.tiernogalvan.parla\/\/wp-content\/uploads\/ies.tiernogalvan.parla\/2025\/05\/Excelence_PresentacionOAP-Familias_24.25.pdf\"\n\t\t\ttarget=\"_blank\" rel=\"noopener noreferrer\" \t\t>\n\t\t\t<img loading=\"lazy\" decoding=\"async\" src=\"https:\/\/site.educa.madrid.org\/ies.tiernogalvan.parla\/\/wp-content\/uploads\/ies.tiernogalvan.parla\/2025\/05\/Excelence_PresentacionOAP-Familias_24.25.webp\" width=\"952\" height=\"533\" srcset=\"https:\/\/site.educa.madrid.org\/ies.tiernogalvan.parla\/\/wp-content\/uploads\/ies.tiernogalvan.parla\/2025\/05\/Excelence_PresentacionOAP-Familias_24.25.webp 952w, https:\/\/site.educa.madrid.org\/ies.tiernogalvan.parla\/\/wp-content\/uploads\/ies.tiernogalvan.parla\/2025\/05\/Excelence_PresentacionOAP-Familias_24.25-300x168.webp 300w, https:\/\/site.educa.madrid.org\/ies.tiernogalvan.parla\/\/wp-content\/uploads\/ies.tiernogalvan.parla\/2025\/05\/Excelence_PresentacionOAP-Familias_24.25-768x430.webp 768w, https:\/\/site.educa.madrid.org\/ies.tiernogalvan.parla\/\/wp-content\/uploads\/ies.tiernogalvan.parla\/2025\/05\/Excelence_PresentacionOAP-Familias_24.25-950x533.webp 950w\" sizes=\"auto, (max-width: 952px) 100vw, 952px\" title=\"Excelence_Presentaci\u00f3nOAP-Familias_24.25\" alt=\"\" \t\tclass=\"so-widget-image\"\/>\n\t<\/a><\/div>\n\n<\/div><\/div><\/div><\/div><\/div><div id=\"pgc-2264-3-1\"  class=\"panel-grid-cell\" ><div class=\"panel-cell-style panel-cell-style-for-2264-3-1\" ><div id=\"panel-2264-3-1-0\" class=\"so-panel widget widget_sow-editor panel-first-child panel-last-child\" data-index=\"5\" ><div class=\"panel-widget-style panel-widget-style-for-2264-3-1-0\" ><div\n\t\t\t\n\t\t\tclass=\"so-widget-sow-editor so-widget-sow-editor-base\"\n\t\t\t\n\t\t>\n<div class=\"siteorigin-widget-tinymce textwidget\">\n\t<h4 style=\"text-align: center;\"><strong>Charla de Informaci\u00f3n a Familias<\/strong><\/h4>\n<p style=\"text-align: left;\">Pincha en la imagen (<a href=\"https:\/\/site.educa.madrid.org\/ies.tiernogalvan.parla\/\/wp-content\/uploads\/ies.tiernogalvan.parla\/2025\/05\/Excelence_PresentacionOAP-Familias_24.25.pdf\" target=\"_blank\" rel=\"noopener\">o en este enlace<\/a>) para visualizar el documento presentado durante la charla informativa sobre la Orientaci\u00f3n Acad\u00e9mica y Profesional en nuestro centro.<\/p>\n<\/div>\n<\/div><\/div><\/div><\/div><\/div><\/div><\/div><div id=\"pg-2264-4\"  class=\"panel-grid panel-has-style\" ><div class=\"panel-row-style panel-row-style-for-2264-4\" ><div id=\"pgc-2264-4-0\"  class=\"panel-grid-cell\" ><div id=\"panel-2264-4-0-0\" class=\"so-panel widget widget_sow-image panel-first-child panel-last-child\" data-index=\"6\" ><div\n\t\t\t\n\t\t\tclass=\"so-widget-sow-image so-widget-sow-image-default-8b5b6f678277-2264\"\n\t\t\t\n\t\t>\n\n<div class=\"sow-image-container\">\n\t\t<img loading=\"lazy\" decoding=\"async\" src=\"https:\/\/site.educa.madrid.org\/ies.tiernogalvan.parla\/\/wp-content\/uploads\/ies.tiernogalvan.parla\/2023\/06\/Xcelence.jpg\" width=\"1263\" height=\"859\" srcset=\"https:\/\/site.educa.madrid.org\/ies.tiernogalvan.parla\/\/wp-content\/uploads\/ies.tiernogalvan.parla\/2023\/06\/Xcelence.jpg 1263w, https:\/\/site.educa.madrid.org\/ies.tiernogalvan.parla\/\/wp-content\/uploads\/ies.tiernogalvan.parla\/2023\/06\/Xcelence-300x204.jpg 300w, https:\/\/site.educa.madrid.org\/ies.tiernogalvan.parla\/\/wp-content\/uploads\/ies.tiernogalvan.parla\/2023\/06\/Xcelence-1024x696.jpg 1024w, https:\/\/site.educa.madrid.org\/ies.tiernogalvan.parla\/\/wp-content\/uploads\/ies.tiernogalvan.parla\/2023\/06\/Xcelence-768x522.jpg 768w\" sizes=\"auto, (max-width: 1263px) 100vw, 1263px\" alt=\"\" \t\tclass=\"so-widget-image\"\/>\n\t<\/div>\n\n<\/div><\/div><\/div><\/div><\/div><\/div>","protected":false},"excerpt":{"rendered":"<p>P\u00e1gina del proyecto Xcelence, en el que participa el Centro.<\/p>\n","protected":false},"author":3,"featured_media":0,"parent":1310,"menu_order":0,"comment_status":"closed","ping_status":"closed","template":"","meta":{"footnotes":""},"folder":[212],"class_list":["post-2264","page","type-page","status-publish","hentry"],"rttpg_featured_image_url":null,"rttpg_author":{"display_name":"ies.tiernogalvan.parla","author_link":"https:\/\/site.educa.madrid.org\/ies.tiernogalvan.parla\/index.php\/author\/cuenta_ies-tiernogalvan-parla\/"},"rttpg_comment":0,"rttpg_category":" <a href=\"https:\/\/site.educa.madrid.org\/ies.tiernogalvan.parla\/?taxonomy=folder&#038;term=721xcellence-1712338558-3\" rel=\"tag\">7.2.1_Xcelence<\/a>","rttpg_excerpt":"P\u00e1gina del proyecto Xcelence, en el que participa el Centro.","post_mailing_queue_ids":[],"_links":{"self":[{"href":"https:\/\/site.educa.madrid.org\/ies.tiernogalvan.parla\/index.php\/wp-json\/wp\/v2\/pages\/2264","targetHints":{"allow":["GET"]}}],"collection":[{"href":"https:\/\/site.educa.madrid.org\/ies.tiernogalvan.parla\/index.php\/wp-json\/wp\/v2\/pages"}],"about":[{"href":"https:\/\/site.educa.madrid.org\/ies.tiernogalvan.parla\/index.php\/wp-json\/wp\/v2\/types\/page"}],"author":[{"embeddable":true,"href":"https:\/\/site.educa.madrid.org\/ies.tiernogalvan.parla\/index.php\/wp-json\/wp\/v2\/users\/3"}],"replies":[{"embeddable":true,"href":"https:\/\/site.educa.madrid.org\/ies.tiernogalvan.parla\/index.php\/wp-json\/wp\/v2\/comments?post=2264"}],"version-history":[{"count":15,"href":"https:\/\/site.educa.madrid.org\/ies.tiernogalvan.parla\/index.php\/wp-json\/wp\/v2\/pages\/2264\/revisions"}],"predecessor-version":[{"id":5782,"href":"https:\/\/site.educa.madrid.org\/ies.tiernogalvan.parla\/index.php\/wp-json\/wp\/v2\/pages\/2264\/revisions\/5782"}],"up":[{"embeddable":true,"href":"https:\/\/site.educa.madrid.org\/ies.tiernogalvan.parla\/index.php\/wp-json\/wp\/v2\/pages\/1310"}],"wp:attachment":[{"href":"https:\/\/site.educa.madrid.org\/ies.tiernogalvan.parla\/index.php\/wp-json\/wp\/v2\/media?parent=2264"}],"wp:term":[{"taxonomy":"folder","embeddable":true,"href":"https:\/\/site.educa.madrid.org\/ies.tiernogalvan.parla\/index.php\/wp-json\/wp\/v2\/folder?post=2264"}],"curies":[{"name":"wp","href":"https:\/\/api.w.org\/{rel}","templated":true}]}}