{"id":2305,"date":"2024-04-08T12:09:30","date_gmt":"2024-04-08T10:09:30","guid":{"rendered":"https:\/\/site.educa.madrid.org\/ies.tiernogalvan.parla\/?page_id=2305"},"modified":"2024-12-03T18:17:54","modified_gmt":"2024-12-03T17:17:54","slug":"novedades","status":"publish","type":"page","link":"https:\/\/site.educa.madrid.org\/ies.tiernogalvan.parla\/index.php\/inicio-2\/novedades\/","title":{"rendered":"Novedades"},"content":{"rendered":"<div id=\"pl-2305\"  class=\"panel-layout\" ><div id=\"pg-2305-0\"  class=\"panel-grid panel-has-style\" ><div class=\"siteorigin-panels-stretch panel-row-style panel-row-style-for-2305-0\" data-stretch-type=\"full-width-stretch\" ><div id=\"pgc-2305-0-0\"  class=\"panel-grid-cell\" ><div id=\"panel-2305-0-0-0\" class=\"so-panel widget widget_sow-headline panel-first-child panel-last-child\" data-index=\"0\" ><div class=\"panel-widget-style panel-widget-style-for-2305-0-0-0\" ><div\n\t\t\t\n\t\t\tclass=\"so-widget-sow-headline so-widget-sow-headline-default-e55f809b2d23-2305\"\n\t\t\t\n\t\t><div class=\"sow-headline-container \">\n\t\t\t\t\t\t\t<h2 class=\"sow-headline\">\n\t\t\t\t\t\tNovedades e Informaci\u00f3n Importante\t\t\t\t\t\t<\/h2>\n\t\t\t\t\t\t\t\t\t\t\t<div class=\"decoration\">\n\t\t\t\t\t\t<div class=\"decoration-inside\"><\/div>\n\t\t\t\t\t<\/div>\n\t\t\t\t\t<\/div>\n<\/div><\/div><\/div><\/div><\/div><\/div><div id=\"pg-2305-1\"  class=\"panel-grid panel-has-style\" ><div class=\"siteorigin-panels-stretch panel-row-style panel-row-style-for-2305-1\" data-stretch-type=\"full\" ><div id=\"pgc-2305-1-0\"  class=\"panel-grid-cell\" ><div id=\"panel-2305-1-0-0\" class=\"so-panel widget widget_widget_tpg_post_grid widget_tpg_post_grid panel-first-child panel-last-child\" data-index=\"1\" ><style type='text\/css' media='all'>#rt-tpg-container-1146714014 .rt-holder .rt-woo-info .price{color:#21acf2;}body .rt-tpg-container .rt-tpg-isotope-buttons .selected,\n\t\t\t\t\t#rt-tpg-container-1146714014 .layout12 .rt-holder:hover .rt-detail,\n\t\t\t\t\t#rt-tpg-container-1146714014 .isotope8 .rt-holder:hover .rt-detail,\n\t\t\t\t\t#rt-tpg-container-1146714014 .carousel8 .rt-holder:hover .rt-detail,\n\t\t\t\t\t#rt-tpg-container-1146714014 .layout13 .rt-holder .overlay .post-info,\n\t\t\t\t\t#rt-tpg-container-1146714014 .isotope9 .rt-holder .overlay .post-info,\n\t\t\t\t\t#rt-tpg-container-1146714014.rt-tpg-container .layout4 .rt-holder .rt-detail,\n\t\t\t\t\t.rt-modal-1146714014 .md-content,\n\t\t\t\t\t.rt-modal-1146714014 .md-content > .rt-md-content-holder .rt-md-content,\n\t\t\t\t\t.rt-popup-wrap-1146714014.rt-popup-wrap .rt-popup-navigation-wrap,\n\t\t\t\t\t#rt-tpg-container-1146714014 .carousel9 .rt-holder .overlay .post-info{background-color:#21acf2;}#rt-tpg-container-1146714014 .layout5 .rt-holder .overlay, #rt-tpg-container-1146714014 .isotope2 .rt-holder .overlay, #rt-tpg-container-1146714014 .carousel2 .rt-holder .overlay,#rt-tpg-container-1146714014 .layout15 .rt-holder h3, #rt-tpg-container-1146714014 .isotope11 .rt-holder h3, #rt-tpg-container-1146714014 .carousel11 .rt-holder h3, #rt-tpg-container-1146714014 .layout16 .rt-holder h3,\n\t\t\t\t\t#rt-tpg-container-1146714014 .isotope12 .rt-holder h3, #rt-tpg-container-1146714014 .carousel12 .rt-holder h3 {background-color:rgba(33,172,242,0.7);}#rt-tpg-container-1146714014 .read-more a{border-radius:5px;}#rt-tpg-container-1146714014 .rt-img-holder img.rt-img-responsive,#rt-tpg-container-1146714014 .rt-img-holder,\n\t\t\t\t\t#rt-tpg-container-1146714014 .rt-post-overlay .post-img,\n\t\t\t\t\t#rt-tpg-container-1146714014 .post-sm .post-img,\n\t\t\t\t\t#rt-tpg-container-1146714014 .rt-post-grid .post-img,\n\t\t\t\t\t#rt-tpg-container-1146714014 .post-img img {border-radius:px;}#rt-tpg-container-1146714014 .layout5 .rt-holder h2.entry-title,\n\t\t\t\t\t#rt-tpg-container-1146714014 .layout5 .rt-holder h3.entry-title,\n\t\t\t\t\t#rt-tpg-container-1146714014 .layout5 .rt-holder h4.entry-title,\n\t\t\t\t\t#rt-tpg-container-1146714014 .layout5 .rt-holder h2.entry-title a,\n\t\t\t\t\t#rt-tpg-container-1146714014 .layout5 .rt-holder h3.entry-title a,\n\t\t\t\t\t#rt-tpg-container-1146714014 .layout5 .rt-holder h4.entry-title a,\n\t\t\t\t\t#rt-tpg-container-1146714014 .rt-holder .rt-woo-info h2 a,\n\t\t\t\t\t#rt-tpg-container-1146714014 .rt-holder .rt-woo-info h3 a,\n\t\t\t\t\t#rt-tpg-container-1146714014 .rt-holder .rt-woo-info h4 a,\n\t\t\t\t\t#rt-tpg-container-1146714014 .post-content .post-title,\n\t\t\t\t\t#rt-tpg-container-1146714014 .rt-post-grid .post-title,\n\t\t\t\t\t#rt-tpg-container-1146714014 .rt-post-grid .post-title a,\n\t\t\t\t\t#rt-tpg-container-1146714014 .post-content .post-title a,\n\t\t\t\t\t#rt-tpg-container-1146714014 .rt-holder .rt-woo-info h2,\n\t\t\t\t\t#rt-tpg-container-1146714014 .rt-holder .rt-woo-info h3,\n\t\t\t\t\t#rt-tpg-container-1146714014 .rt-holder .rt-woo-info h4{font-weight:bold;}<\/style><div class='rt-container-fluid rt-tpg-container tpg-shortcode-main-wrapper ' id='rt-tpg-container-1146714014'   data-layout='layout5' data-grid-style='even' data-desktop-col='3'  data-tab-col='3'  data-mobile-col='2' data-sc-id='3870'><div data-title='Loading ...' class='rt-row rt-content-loader   layout5 tpg-even '><div class=\"rt-col-md-4 rt-col-sm-4 rt-col-xs-6 even-grid-item rt-grid-item\" data-id=\"5830\"><div class=\"rt-holder\"><div class=\"overlay\"><h3 class=\"entry-title\"><a data-id=\"5830\" class=\"\" href=\"https:\/\/site.educa.madrid.org\/ies.tiernogalvan.parla\/index.php\/2026\/05\/08\/examenes-finales-ordinaria-extraordinaria\/\">Ex\u00e1menes Finales 25\/26<\/a><\/h3><div class='rt-detail'><div class='tpg-excerpt'>Hemos creado un espacio web en el que vamos a ir publicando los calendarios y horarios de los ex\u00e1menes finales...<\/div><div class='post-meta '><span class='read-more'><a data-id='5830' class='' href='https:\/\/site.educa.madrid.org\/ies.tiernogalvan.parla\/index.php\/2026\/05\/08\/examenes-finales-ordinaria-extraordinaria\/'>Leer m\u00e1s<\/a><\/span><\/div><\/div><\/div> <a data-id='5830' class='' href='https:\/\/site.educa.madrid.org\/ies.tiernogalvan.parla\/index.php\/2026\/05\/08\/examenes-finales-ordinaria-extraordinaria\/'><img loading=\"lazy\" decoding=\"async\" width=\"640\" height=\"427\" src=\"https:\/\/site.educa.madrid.org\/ies.tiernogalvan.parla\/\/wp-content\/uploads\/ies.tiernogalvan.parla\/2025\/05\/Fondo_Examenes.jpg\" class=\"rt-img-responsive \" alt=\"\" \/><\/a><\/div><\/div><div class=\"rt-col-md-4 rt-col-sm-4 rt-col-xs-6 even-grid-item rt-grid-item\" data-id=\"6814\"><div class=\"rt-holder\"><div class=\"overlay\"><h3 class=\"entry-title\"><a data-id=\"6814\" class=\"\" href=\"https:\/\/site.educa.madrid.org\/ies.tiernogalvan.parla\/index.php\/2026\/04\/09\/beca-ministerio\/\">Becas MEFPD<\/a><\/h3><div class='rt-detail'><div class='tpg-excerpt'>Ya est\u00e1n publicadas las bases para solicitar becas de estudios del Ministerio de Educaci\u00f3n. En este enlace tienes un comunicado...<\/div><div class='post-meta '><span class='read-more'><a data-id='6814' class='' href='https:\/\/site.educa.madrid.org\/ies.tiernogalvan.parla\/index.php\/2026\/04\/09\/beca-ministerio\/'>Leer m\u00e1s<\/a><\/span><\/div><\/div><\/div> <a data-id='6814' class='' href='https:\/\/site.educa.madrid.org\/ies.tiernogalvan.parla\/index.php\/2026\/04\/09\/beca-ministerio\/'><img loading=\"lazy\" decoding=\"async\" width=\"640\" height=\"427\" src=\"https:\/\/site.educa.madrid.org\/ies.tiernogalvan.parla\/\/wp-content\/uploads\/ies.tiernogalvan.parla\/2026\/04\/Becas.jpg\" class=\"rt-img-responsive \" alt=\"\" \/><\/a><\/div><\/div><div class=\"rt-col-md-4 rt-col-sm-4 rt-col-xs-6 even-grid-item rt-grid-item\" data-id=\"6791\"><div class=\"rt-holder\"><div class=\"overlay\"><h3 class=\"entry-title\"><a data-id=\"6791\" class=\"\" href=\"https:\/\/site.educa.madrid.org\/ies.tiernogalvan.parla\/index.php\/2026\/03\/20\/entre-generaciones-proyecto-centro\/\">Proyecto del Centro: Entre Generaciones<\/a><\/h3><div class='rt-detail'><div class='tpg-excerpt'>Este a\u00f1o, la AESIJ (Asoc. Espa\u00f1ola para la Iniciativa Joven) se ha vuelto a fijar en nuestro centro por destacar...<\/div><div class='post-meta '><span class='read-more'><a data-id='6791' class='' href='https:\/\/site.educa.madrid.org\/ies.tiernogalvan.parla\/index.php\/2026\/03\/20\/entre-generaciones-proyecto-centro\/'>Leer m\u00e1s<\/a><\/span><\/div><\/div><\/div> <a data-id='6791' class='' href='https:\/\/site.educa.madrid.org\/ies.tiernogalvan.parla\/index.php\/2026\/03\/20\/entre-generaciones-proyecto-centro\/'><img loading=\"lazy\" decoding=\"async\" width=\"478\" height=\"682\" src=\"https:\/\/site.educa.madrid.org\/ies.tiernogalvan.parla\/\/wp-content\/uploads\/ies.tiernogalvan.parla\/2026\/03\/2026_Proyecto_EntreGeneraciones-e1774021116645.webp\" class=\"rt-img-responsive \" alt=\"\" \/><\/a><\/div><\/div><div class=\"rt-col-md-4 rt-col-sm-4 rt-col-xs-6 even-grid-item rt-grid-item\" data-id=\"5487\"><div class=\"rt-holder\"><div class=\"overlay\"><h3 class=\"entry-title\"><a data-id=\"5487\" class=\"\" href=\"https:\/\/site.educa.madrid.org\/ies.tiernogalvan.parla\/index.php\/2025\/11\/13\/club-de-lectura\/\">Club de Lectura \u00abEl Club de los Poetas Tiernos\u00bb<\/a><\/h3><div class='rt-detail'><div class='tpg-excerpt'>Comenzamos el curso lector con la novela Cuando me veas, de Laura Gallego. \u00bfQui\u00e9n o qu\u00e9 es? \u00bfQu\u00e9 intenciones tiene?...<\/div><div class='post-meta '><span class='read-more'><a data-id='5487' class='' href='https:\/\/site.educa.madrid.org\/ies.tiernogalvan.parla\/index.php\/2025\/11\/13\/club-de-lectura\/'>Leer m\u00e1s<\/a><\/span><\/div><\/div><\/div> <a data-id='5487' class='' href='https:\/\/site.educa.madrid.org\/ies.tiernogalvan.parla\/index.php\/2025\/11\/13\/club-de-lectura\/'><img loading=\"lazy\" decoding=\"async\" width=\"720\" height=\"720\" src=\"https:\/\/site.educa.madrid.org\/ies.tiernogalvan.parla\/\/wp-content\/uploads\/ies.tiernogalvan.parla\/2025\/02\/ClubLectura.webp\" class=\"rt-img-responsive \" alt=\"\" \/><\/a><\/div><\/div><div class=\"rt-col-md-4 rt-col-sm-4 rt-col-xs-6 even-grid-item rt-grid-item\" data-id=\"6435\"><div class=\"rt-holder\"><div class=\"overlay\"><h3 class=\"entry-title\"><a data-id=\"6435\" class=\"\" href=\"https:\/\/site.educa.madrid.org\/ies.tiernogalvan.parla\/index.php\/2025\/10\/10\/reuniones-proyecto-lgtbiq\/\">Reuniones Proyecto LGTBIQ+<\/a><\/h3><div class='rt-detail'><div class='tpg-excerpt'>El Tierno es un centro implicado en muchos movimientos sociales y, por ello, tambi\u00e9n participamos en la atenci\u00f3n al colectivo...<\/div><div class='post-meta '><span class='read-more'><a data-id='6435' class='' href='https:\/\/site.educa.madrid.org\/ies.tiernogalvan.parla\/index.php\/2025\/10\/10\/reuniones-proyecto-lgtbiq\/'>Leer m\u00e1s<\/a><\/span><\/div><\/div><\/div> <a data-id='6435' class='' href='https:\/\/site.educa.madrid.org\/ies.tiernogalvan.parla\/index.php\/2025\/10\/10\/reuniones-proyecto-lgtbiq\/'><img loading=\"lazy\" decoding=\"async\" width=\"500\" height=\"500\" src=\"https:\/\/site.educa.madrid.org\/ies.tiernogalvan.parla\/\/wp-content\/uploads\/ies.tiernogalvan.parla\/2025\/10\/Cartel_LGTBIQ_500.webp\" class=\"rt-img-responsive \" alt=\"\" \/><\/a><\/div><\/div><div class=\"rt-col-md-4 rt-col-sm-4 rt-col-xs-6 even-grid-item rt-grid-item\" data-id=\"6354\"><div class=\"rt-holder\"><div class=\"overlay\"><h3 class=\"entry-title\"><a data-id=\"6354\" class=\"\" href=\"https:\/\/site.educa.madrid.org\/ies.tiernogalvan.parla\/index.php\/2025\/09\/13\/martes-palestina\/\">Martes por Palestina<\/a><\/h3><div class='rt-detail'><div class='tpg-excerpt'>Estamos organizando varias actividades en el centro para visibilizar el genocidio del pueblo palestino y no permanecer en el silencio...<\/div><div class='post-meta '><span class='read-more'><a data-id='6354' class='' href='https:\/\/site.educa.madrid.org\/ies.tiernogalvan.parla\/index.php\/2025\/09\/13\/martes-palestina\/'>Leer m\u00e1s<\/a><\/span><\/div><\/div><\/div> <a data-id='6354' class='' href='https:\/\/site.educa.madrid.org\/ies.tiernogalvan.parla\/index.php\/2025\/09\/13\/martes-palestina\/'><img loading=\"lazy\" decoding=\"async\" width=\"550\" height=\"550\" src=\"https:\/\/site.educa.madrid.org\/ies.tiernogalvan.parla\/\/wp-content\/uploads\/ies.tiernogalvan.parla\/2025\/09\/2025-09_MartesPalestina550.webp\" class=\"rt-img-responsive \" alt=\"\" \/><\/a><\/div><\/div><div class=\"rt-col-md-4 rt-col-sm-4 rt-col-xs-6 even-grid-item rt-grid-item\" data-id=\"4616\"><div class=\"rt-holder\"><div class=\"overlay\"><h3 class=\"entry-title\"><a data-id=\"4616\" class=\"\" href=\"https:\/\/site.educa.madrid.org\/ies.tiernogalvan.parla\/index.php\/2024\/11\/13\/informacion-empresas-fct\/\">Informaci\u00f3n para empresas sobre las FCT<\/a><\/h3><div class='rt-detail'><div class='tpg-excerpt'>INFORMACI\u00d3N IMPORTANTE PARA EMPRESAS: Las empresas o entidades que deseen colaborar con el IES Enrique Tierno Galv\u00e1n en materia de...<\/div><div class='post-meta '><span class='read-more'><a data-id='4616' class='' href='https:\/\/site.educa.madrid.org\/ies.tiernogalvan.parla\/index.php\/2024\/11\/13\/informacion-empresas-fct\/'>Leer m\u00e1s<\/a><\/span><\/div><\/div><\/div> <a data-id='4616' class='' href='https:\/\/site.educa.madrid.org\/ies.tiernogalvan.parla\/index.php\/2024\/11\/13\/informacion-empresas-fct\/'><img loading=\"lazy\" decoding=\"async\" width=\"498\" height=\"172\" src=\"https:\/\/site.educa.madrid.org\/ies.tiernogalvan.parla\/\/wp-content\/uploads\/ies.tiernogalvan.parla\/2023\/06\/logo-info.jpg\" class=\"rt-img-responsive \" alt=\"\" \/><\/a><\/div><\/div><div class=\"rt-col-md-4 rt-col-sm-4 rt-col-xs-6 even-grid-item rt-grid-item\" data-id=\"4479\"><div class=\"rt-holder\"><div class=\"overlay\"><h3 class=\"entry-title\"><a data-id=\"4479\" class=\"\" href=\"https:\/\/site.educa.madrid.org\/ies.tiernogalvan.parla\/index.php\/2023\/11\/10\/miercoles-tiernos\/\">Mi\u00e9rcoles Tiernos<\/a><\/h3><div class='rt-detail'><div class='tpg-excerpt'>Cada mi\u00e9rcoles, ponte la camiseta del Tierno...<\/div><div class='post-meta '><span class='read-more'><a data-id='4479' class='' href='https:\/\/site.educa.madrid.org\/ies.tiernogalvan.parla\/index.php\/2023\/11\/10\/miercoles-tiernos\/'>Leer m\u00e1s<\/a><\/span><\/div><\/div><\/div> <a data-id='4479' class='' href='https:\/\/site.educa.madrid.org\/ies.tiernogalvan.parla\/index.php\/2023\/11\/10\/miercoles-tiernos\/'><img loading=\"lazy\" decoding=\"async\" width=\"675\" height=\"458\" src=\"https:\/\/site.educa.madrid.org\/ies.tiernogalvan.parla\/\/wp-content\/uploads\/ies.tiernogalvan.parla\/2024\/06\/Camiseta_MiercolesTiernos-e1731264353468.png\" class=\"rt-img-responsive \" alt=\"\" \/><\/a><\/div><\/div><\/div><\/div><\/div><\/div><\/div><\/div><\/div>","protected":false},"excerpt":{"rendered":"<p>P\u00e1gina con las \u00faltimas novedades del Tierno. Informaci\u00f3n sobre eventos recientes, venideros o en desarrollo.<\/p>\n","protected":false},"author":3,"featured_media":0,"parent":1140,"menu_order":1,"comment_status":"closed","ping_status":"closed","template":"","meta":{"footnotes":""},"folder":[266],"class_list":["post-2305","page","type-page","status-publish","hentry"],"rttpg_featured_image_url":null,"rttpg_author":{"display_name":"ies.tiernogalvan.parla","author_link":"https:\/\/site.educa.madrid.org\/ies.tiernogalvan.parla\/index.php\/author\/cuenta_ies-tiernogalvan-parla\/"},"rttpg_comment":0,"rttpg_category":"","rttpg_excerpt":"P\u00e1gina con las \u00faltimas novedades del Tierno. Informaci\u00f3n sobre eventos recientes, venideros o en desarrollo.","post_mailing_queue_ids":[],"_links":{"self":[{"href":"https:\/\/site.educa.madrid.org\/ies.tiernogalvan.parla\/index.php\/wp-json\/wp\/v2\/pages\/2305","targetHints":{"allow":["GET"]}}],"collection":[{"href":"https:\/\/site.educa.madrid.org\/ies.tiernogalvan.parla\/index.php\/wp-json\/wp\/v2\/pages"}],"about":[{"href":"https:\/\/site.educa.madrid.org\/ies.tiernogalvan.parla\/index.php\/wp-json\/wp\/v2\/types\/page"}],"author":[{"embeddable":true,"href":"https:\/\/site.educa.madrid.org\/ies.tiernogalvan.parla\/index.php\/wp-json\/wp\/v2\/users\/3"}],"replies":[{"embeddable":true,"href":"https:\/\/site.educa.madrid.org\/ies.tiernogalvan.parla\/index.php\/wp-json\/wp\/v2\/comments?post=2305"}],"version-history":[{"count":25,"href":"https:\/\/site.educa.madrid.org\/ies.tiernogalvan.parla\/index.php\/wp-json\/wp\/v2\/pages\/2305\/revisions"}],"predecessor-version":[{"id":3861,"href":"https:\/\/site.educa.madrid.org\/ies.tiernogalvan.parla\/index.php\/wp-json\/wp\/v2\/pages\/2305\/revisions\/3861"}],"up":[{"embeddable":true,"href":"https:\/\/site.educa.madrid.org\/ies.tiernogalvan.parla\/index.php\/wp-json\/wp\/v2\/pages\/1140"}],"wp:attachment":[{"href":"https:\/\/site.educa.madrid.org\/ies.tiernogalvan.parla\/index.php\/wp-json\/wp\/v2\/media?parent=2305"}],"wp:term":[{"taxonomy":"folder","embeddable":true,"href":"https:\/\/site.educa.madrid.org\/ies.tiernogalvan.parla\/index.php\/wp-json\/wp\/v2\/folder?post=2305"}],"curies":[{"name":"wp","href":"https:\/\/api.w.org\/{rel}","templated":true}]}}