{"id":2441,"date":"2024-04-17T18:59:20","date_gmt":"2024-04-17T16:59:20","guid":{"rendered":"https:\/\/site.educa.madrid.org\/ies.tiernogalvan.parla\/?page_id=2441"},"modified":"2026-05-07T16:05:26","modified_gmt":"2026-05-07T14:05:26","slug":"secretaria-pago-de-tasas","status":"publish","type":"page","link":"https:\/\/site.educa.madrid.org\/ies.tiernogalvan.parla\/index.php\/secretaria\/procesos-y-solicitudes\/secretaria-pago-de-tasas\/","title":{"rendered":"Secretar\u00eda: Pago de Tasas"},"content":{"rendered":"<div id=\"pl-2441\"  class=\"panel-layout\" ><div id=\"pg-2441-0\"  class=\"panel-grid panel-has-style\" ><div class=\"siteorigin-panels-stretch panel-row-style panel-row-style-for-2441-0\" data-stretch-type=\"full-width-stretch\" ><div id=\"pgc-2441-0-0\"  class=\"panel-grid-cell\" ><div id=\"panel-2441-0-0-0\" class=\"so-panel widget widget_sow-headline panel-first-child panel-last-child\" data-index=\"0\" ><div class=\"panel-widget-style panel-widget-style-for-2441-0-0-0\" ><div\n\t\t\t\n\t\t\tclass=\"so-widget-sow-headline so-widget-sow-headline-default-e55f809b2d23-2441\"\n\t\t\t\n\t\t><div class=\"sow-headline-container \">\n\t\t\t\t\t\t\t<h2 class=\"sow-headline\">\n\t\t\t\t\t\tSecretar\u00eda: Pago de tasas\t\t\t\t\t\t<\/h2>\n\t\t\t\t\t\t\t\t\t\t\t<div class=\"decoration\">\n\t\t\t\t\t\t<div class=\"decoration-inside\"><\/div>\n\t\t\t\t\t<\/div>\n\t\t\t\t\t<\/div>\n<\/div><\/div><\/div><\/div><\/div><\/div><div id=\"pg-2441-1\"  class=\"panel-grid panel-has-style\" ><div class=\"panel-row-style panel-row-style-for-2441-1\" ><div id=\"pgc-2441-1-0\"  class=\"panel-grid-cell\" ><div id=\"panel-2441-1-0-0\" class=\"so-panel widget widget_sow-editor panel-first-child\" data-index=\"1\" ><div class=\"panel-widget-style panel-widget-style-for-2441-1-0-0\" ><div\n\t\t\t\n\t\t\tclass=\"so-widget-sow-editor so-widget-sow-editor-base\"\n\t\t\t\n\t\t>\n<div class=\"siteorigin-widget-tinymce textwidget\">\n\t<h3>Instrucciones y documentos de la Conserjer\u00eda de Educaci\u00f3n<\/h3>\n<\/div>\n<\/div><\/div><\/div><div id=\"panel-2441-1-0-1\" class=\"so-panel widget widget_siteorigin-panels-builder\" data-index=\"2\" ><div class=\"panel-widget-style panel-widget-style-for-2441-1-0-1\" ><div id=\"pl-w69fc9c262c60e\"  class=\"panel-layout\" ><div id=\"pg-w69fc9c262c60e-0\"  class=\"panel-grid panel-no-style\" ><div id=\"pgc-w69fc9c262c60e-0-0\"  class=\"panel-grid-cell\" ><div id=\"panel-w69fc9c262c60e-0-0-0\" class=\"so-panel widget widget_sow-features panel-first-child panel-last-child\" data-index=\"0\" ><div class=\"panel-widget-style panel-widget-style-for-w69fc9c262c60e-0-0-0\" ><div\n\t\t\t\n\t\t\tclass=\"so-widget-sow-features so-widget-sow-features-default-4f9a142b408e\"\n\t\t\t\n\t\t>\n<div class=\"sow-features-list sow-features-responsive\">\n\n\t\t\t\t\t\t\t\t\t<div\n\t\t\t\tclass=\"sow-features-feature sow-icon-container-position-right\"\n\t\t\t\tstyle=\"display: flex; flex-direction: row; width: calc(100% - 25px);\"\n\t\t\t>\n\t\t\t\n\t\t\t\t\t\t\t\t\t<a\n\t\t\t\t\t\thref=\"https:\/\/site.educa.madrid.org\/ies.tiernogalvan.parla\/\/wp-content\/uploads\/ies.tiernogalvan.parla\/2026\/04\/TasasTitulos_Info.pdf\"\n\t\t\t\t\t\ttarget=\"_blank\" rel=\"noopener noreferrer\"\t\t\t\t\t>\n\t\t\t\t\t\t\t\t<div\n\t\t\t\t\tclass=\"sow-icon-container sow-container-round\"\n\t\t\t\t\tstyle=\"color: #41a9d5; \"\n\t\t\t\t\ttitle=\"Informaci\u00f3n general del pago de tasas\"\t\t\t\t>\n\t\t\t\t\t<span class=\"sow-icon-fontawesome sow-far\" data-sow-icon=\"&#xf15c;\"\n\t\tstyle=\"font-size: 20px; color: #fff\" \n\t\taria-hidden=\"true\"><\/span>\t\t\t\t<\/div>\n\t\t\t\t\t\t\t\t\t<\/a>\n\t\t\t\t\t\n\t\t\t\t<div class=\"textwidget\">\n\t\t\t\t\t\n\t\t\t\t\t\n\t\t\t\t\t\t\t\t\t\t\t<p><span style=\"color: #808080\"><a style=\"color: #808080\" href=\"https:\/\/site.educa.madrid.org\/ies.tiernogalvan.parla\/\/wp-content\/uploads\/ies.tiernogalvan.parla\/2026\/04\/TasasTitulos_Info.pdf\" target=\"_blank\" rel=\"noopener\">Informaci\u00f3n general del pago de tasas<\/a><\/span><\/p>\n\t\t\t\t\t\n\t\t\t\t\t\t\t\t\t<\/div>\n\t\t\t\t\t\t\t\t\n\t\t\t\t\t\t\t<\/div>\n\n\t\t\t\t\t\t\t\t<div\n\t\t\t\tclass=\"sow-features-feature sow-icon-container-position-right\"\n\t\t\t\tstyle=\"display: flex; flex-direction: row; width: calc(100% - 25px);\"\n\t\t\t>\n\t\t\t\n\t\t\t\t\t\t\t\t\t<a\n\t\t\t\t\t\thref=\"https:\/\/site.educa.madrid.org\/ies.tiernogalvan.parla\/\/wp-content\/uploads\/ies.tiernogalvan.parla\/2026\/04\/TasasTitulos_CodigosPrecios2026.pdf\"\n\t\t\t\t\t\ttarget=\"_blank\" rel=\"noopener noreferrer\"\t\t\t\t\t>\n\t\t\t\t\t\t\t\t<div\n\t\t\t\t\tclass=\"sow-icon-container sow-container-round\"\n\t\t\t\t\tstyle=\"color: #41a9d5; \"\n\t\t\t\t\ttitle=\"Informaci\u00f3n de los ep\u00edgrafes y precios\"\t\t\t\t>\n\t\t\t\t\t<span class=\"sow-icon-fontawesome sow-far\" data-sow-icon=\"&#xf15c;\"\n\t\tstyle=\"font-size: 20px; color: #fff\" \n\t\taria-hidden=\"true\"><\/span>\t\t\t\t<\/div>\n\t\t\t\t\t\t\t\t\t<\/a>\n\t\t\t\t\t\n\t\t\t\t<div class=\"textwidget\">\n\t\t\t\t\t\n\t\t\t\t\t\n\t\t\t\t\t\t\t\t\t\t\t<p><span style=\"color: #808080\"><a style=\"color: #808080\" href=\"https:\/\/site.educa.madrid.org\/ies.tiernogalvan.parla\/\/wp-content\/uploads\/ies.tiernogalvan.parla\/2026\/04\/TasasTitulos_CodigosPrecios2026.pdf\" target=\"_blank\" rel=\"noopener\">Informaci\u00f3n de los ep\u00edgrafes y precios<\/a><\/span><\/p>\n\t\t\t\t\t\n\t\t\t\t\t\t\t\t\t<\/div>\n\t\t\t\t\t\t\t\t\n\t\t\t\t\t\t\t<\/div>\n\n\t\t\t\t\t\t\t\t<div\n\t\t\t\tclass=\"sow-features-feature sow-icon-container-position-right\"\n\t\t\t\tstyle=\"display: flex; flex-direction: row; width: calc(100% - 25px);\"\n\t\t\t>\n\t\t\t\n\t\t\t\t\t\t\t\t\t<a\n\t\t\t\t\t\thref=\"https:\/\/site.educa.madrid.org\/ies.tiernogalvan.parla\/\/wp-content\/uploads\/ies.tiernogalvan.parla\/2026\/05\/TasasTitulos_Bonificaciones.pdf\"\n\t\t\t\t\t\ttarget=\"_blank\" rel=\"noopener noreferrer\"\t\t\t\t\t>\n\t\t\t\t\t\t\t\t<div\n\t\t\t\t\tclass=\"sow-icon-container sow-container-round\"\n\t\t\t\t\tstyle=\"color: #41a9d5; \"\n\t\t\t\t\ttitle=\"Informaci\u00f3n sobre exenciones y bonificaciones\"\t\t\t\t>\n\t\t\t\t\t<span class=\"sow-icon-fontawesome sow-far\" data-sow-icon=\"&#xf15c;\"\n\t\tstyle=\"font-size: 20px; color: #fff\" \n\t\taria-hidden=\"true\"><\/span>\t\t\t\t<\/div>\n\t\t\t\t\t\t\t\t\t<\/a>\n\t\t\t\t\t\n\t\t\t\t<div class=\"textwidget\">\n\t\t\t\t\t\n\t\t\t\t\t\n\t\t\t\t\t\t\t\t\t\t\t<p><span style=\"color: #808080\"><a style=\"color: #808080\" href=\"https:\/\/site.educa.madrid.org\/ies.tiernogalvan.parla\/\/wp-content\/uploads\/ies.tiernogalvan.parla\/2026\/05\/TasasTitulos_Bonificaciones.pdf\" target=\"_blank\" rel=\"noopener\">Informaci\u00f3n sobre <strong>exenciones y bonificaciones<\/strong> (NOVEDAD 2026)<\/a><\/span><\/p>\n\t\t\t\t\t\n\t\t\t\t\t\t\t\t\t<\/div>\n\t\t\t\t\t\t\t\t\n\t\t\t\t\t\t\t<\/div>\n\n\t\t\t\n<\/div>\n<\/div><\/div><\/div><\/div><div id=\"pgc-w69fc9c262c60e-0-1\"  class=\"panel-grid-cell\" ><div id=\"panel-w69fc9c262c60e-0-1-0\" class=\"so-panel widget widget_sow-features panel-first-child panel-last-child\" data-index=\"1\" ><div class=\"panel-widget-style panel-widget-style-for-w69fc9c262c60e-0-1-0\" ><div\n\t\t\t\n\t\t\tclass=\"so-widget-sow-features so-widget-sow-features-default-4f9a142b408e\"\n\t\t\t\n\t\t>\n<div class=\"sow-features-list sow-features-responsive\">\n\n\t\t\t\t\t\t\t\t\t<div\n\t\t\t\tclass=\"sow-features-feature sow-icon-container-position-right\"\n\t\t\t\tstyle=\"display: flex; flex-direction: row; width: calc(100% - 25px);\"\n\t\t\t>\n\t\t\t\n\t\t\t\t\t\t\t\t\t<a\n\t\t\t\t\t\thref=\"https:\/\/site.educa.madrid.org\/ies.tiernogalvan.parla\/\/wp-content\/uploads\/ies.tiernogalvan.parla\/2026\/04\/Tasas_Mod030_1911.pdf\"\n\t\t\t\t\t\ttarget=\"_blank\" rel=\"noopener noreferrer\"\t\t\t\t\t>\n\t\t\t\t\t\t\t\t<div\n\t\t\t\t\tclass=\"sow-icon-container sow-container-round\"\n\t\t\t\t\tstyle=\"color: #41a9d5; \"\n\t\t\t\t\ttitle=\"Modelo 030 Ep\u00edgrafe 1911\"\t\t\t\t>\n\t\t\t\t\t<span class=\"sow-icon-fontawesome sow-far\" data-sow-icon=\"&#xf15c;\"\n\t\tstyle=\"font-size: 20px; color: #fff\" \n\t\taria-hidden=\"true\"><\/span>\t\t\t\t<\/div>\n\t\t\t\t\t\t\t\t\t<\/a>\n\t\t\t\t\t\n\t\t\t\t<div class=\"textwidget\">\n\t\t\t\t\t\n\t\t\t\t\t\n\t\t\t\t\t\t\t\t\t\t\t<p><span style=\"color: #808080\"><a style=\"color: #808080\" href=\"https:\/\/site.educa.madrid.org\/ies.tiernogalvan.parla\/\/wp-content\/uploads\/ies.tiernogalvan.parla\/2026\/04\/Tasas_Mod030_1911.pdf\" target=\"_blank\" rel=\"noopener\">Modelo 030 Ep\u00edgrafe 1911<\/a><\/span><\/p>\n\t\t\t\t\t\n\t\t\t\t\t\t\t\t\t<\/div>\n\t\t\t\t\t\t\t\t\n\t\t\t\t\t\t\t<\/div>\n\n\t\t\t\t\t\t\t\t<div\n\t\t\t\tclass=\"sow-features-feature sow-icon-container-position-right\"\n\t\t\t\tstyle=\"display: flex; flex-direction: row; width: calc(100% - 25px);\"\n\t\t\t>\n\t\t\t\n\t\t\t\t\t\t\t\t\t<a\n\t\t\t\t\t\thref=\"https:\/\/site.educa.madrid.org\/ies.tiernogalvan.parla\/\/wp-content\/uploads\/ies.tiernogalvan.parla\/2026\/04\/Tasas_Mod030_1918.pdf\"\n\t\t\t\t\t\ttarget=\"_blank\" rel=\"noopener noreferrer\"\t\t\t\t\t>\n\t\t\t\t\t\t\t\t<div\n\t\t\t\t\tclass=\"sow-icon-container sow-container-round\"\n\t\t\t\t\tstyle=\"color: #41a9d5; \"\n\t\t\t\t\ttitle=\"Modelo 030 Ep\u00edgrafe 1918\"\t\t\t\t>\n\t\t\t\t\t<span class=\"sow-icon-fontawesome sow-far\" data-sow-icon=\"&#xf15c;\"\n\t\tstyle=\"font-size: 20px; color: #fff\" \n\t\taria-hidden=\"true\"><\/span>\t\t\t\t<\/div>\n\t\t\t\t\t\t\t\t\t<\/a>\n\t\t\t\t\t\n\t\t\t\t<div class=\"textwidget\">\n\t\t\t\t\t\n\t\t\t\t\t\n\t\t\t\t\t\t\t\t\t\t\t<p><span style=\"color: #808080\"><a style=\"color: #808080\" href=\"https:\/\/site.educa.madrid.org\/ies.tiernogalvan.parla\/\/wp-content\/uploads\/ies.tiernogalvan.parla\/2026\/04\/Tasas_Mod030_1918.pdf\" target=\"_blank\" rel=\"noopener\">Modelo 030 Ep\u00edgrafe 1918<\/a><\/span><\/p>\n\t\t\t\t\t\n\t\t\t\t\t\t\t\t\t<\/div>\n\t\t\t\t\t\t\t\t\n\t\t\t\t\t\t\t<\/div>\n\n\t\t\t\t\t\t\t\t<div\n\t\t\t\tclass=\"sow-features-feature sow-icon-container-position-right\"\n\t\t\t\tstyle=\"display: flex; flex-direction: row; width: calc(100% - 25px);\"\n\t\t\t>\n\t\t\t\n\t\t\t\t\t\t\t\t\t<a\n\t\t\t\t\t\thref=\"https:\/\/site.educa.madrid.org\/ies.tiernogalvan.parla\/\/wp-content\/uploads\/ies.tiernogalvan.parla\/2026\/04\/Tasas_Mod030_1921.pdf\"\n\t\t\t\t\t\ttarget=\"_blank\" rel=\"noopener noreferrer\"\t\t\t\t\t>\n\t\t\t\t\t\t\t\t<div\n\t\t\t\t\tclass=\"sow-icon-container sow-container-round\"\n\t\t\t\t\tstyle=\"color: #41a9d5; \"\n\t\t\t\t\ttitle=\"Modelo 030 Ep\u00edgrafe 1921\"\t\t\t\t>\n\t\t\t\t\t<span class=\"sow-icon-fontawesome sow-far\" data-sow-icon=\"&#xf15c;\"\n\t\tstyle=\"font-size: 20px; color: #fff\" \n\t\taria-hidden=\"true\"><\/span>\t\t\t\t<\/div>\n\t\t\t\t\t\t\t\t\t<\/a>\n\t\t\t\t\t\n\t\t\t\t<div class=\"textwidget\">\n\t\t\t\t\t\n\t\t\t\t\t\n\t\t\t\t\t\t\t\t\t\t\t<p><span style=\"color: #808080\"><a style=\"color: #808080\" href=\"https:\/\/site.educa.madrid.org\/ies.tiernogalvan.parla\/\/wp-content\/uploads\/ies.tiernogalvan.parla\/2026\/04\/Tasas_Mod030_1921.pdf\" target=\"_blank\" rel=\"noopener\">Modelo 030 Ep\u00edgrafe 1921<\/a><\/span><\/p>\n\t\t\t\t\t\n\t\t\t\t\t\t\t\t\t<\/div>\n\t\t\t\t\t\t\t\t\n\t\t\t\t\t\t\t<\/div>\n\n\t\t\t\n<\/div>\n<\/div><\/div><\/div><\/div><\/div><\/div><\/div><\/div><div id=\"panel-2441-1-0-2\" class=\"so-panel widget widget_sow-editor\" data-index=\"3\" ><div class=\"panel-widget-style panel-widget-style-for-2441-1-0-2\" ><div\n\t\t\t\n\t\t\tclass=\"so-widget-sow-editor so-widget-sow-editor-base\"\n\t\t\t\n\t\t>\n<div class=\"siteorigin-widget-tinymce textwidget\">\n\t<h3>Indicaciones para el Pago de Tasas<\/h3>\n<\/div>\n<\/div><\/div><\/div><div id=\"panel-2441-1-0-3\" class=\"so-panel widget widget_sow-editor panel-last-child\" data-index=\"4\" ><div\n\t\t\t\n\t\t\tclass=\"so-widget-sow-editor so-widget-sow-editor-base\"\n\t\t\t\n\t\t>\n<div class=\"siteorigin-widget-tinymce textwidget\">\n\t<p><strong>Leer atentamente las instrucciones siguientes<\/strong><\/p>\n<p>Acceder a\u00a0<a href=\"https:\/\/gestiona7.madrid.org\/rtas_webapp_pagotasas\/\" target=\"_blank\" rel=\"noopener\">esta siguiente p\u00e1gina web<\/a>\u00a0para la gesti\u00f3n desde un ordenador personal. (Tambi\u00e9n es posible descargar la\u00a0<em>App<\/em>\u00a0oficial en App Store y Google Play)<\/p>\n<p style=\"padding-left: 40px;\"><span style=\"color: #333399;\"><strong>1.<\/strong> <\/span>Pulsar el bot\u00f3n <strong>INICIAR<\/strong>.<\/p>\n<p style=\"padding-left: 80px;\"><span style=\"color: #333399;\"><strong>1.1<\/strong> <\/span>Ir al final del documento para <strong>ACEPTAR <\/strong>las Condiciones de uso y policita de privacidad.<\/p>\n<p style=\"padding-left: 40px;\"><span style=\"color: #333399;\"><strong>2.<\/strong> <\/span>Seleccionaremos <strong>PAGAR TASA O PRECIO P\u00daBLICO<\/strong>\u00a0para comenzar el tr\u00e1mite.<\/p>\n<p style=\"padding-left: 40px;\"><span style=\"color: #333399;\"><strong>3.<\/strong> <\/span>En el campo de b\u00fasqueda de tasa introduciremos literalmente \"<span style=\"color: #800000;\"><strong>ENRIQUE TIERNO GALV\u00c1N (PARLA)<\/strong><\/span>\". Prestar especial atenci\u00f3n a la localidad, para evitar que nos salgan resultados de otros IES con el mismo nombre pero de otras poblaciones.<\/p>\n<p style=\"padding-left: 80px;\"><span style=\"color: #333399;\"><strong>3.1<\/strong> <\/span>Pulsar en la lupa y se mostrar\u00e1n las distintas opciones de pago. Seleccionamos la que proceda:<\/p>\n<\/div>\n<\/div><\/div><\/div><\/div><\/div><div id=\"pg-2441-2\"  class=\"panel-grid panel-no-style\" ><div id=\"pgc-2441-2-0\"  class=\"panel-grid-cell panel-grid-cell-empty\" ><\/div><div id=\"pgc-2441-2-1\"  class=\"panel-grid-cell\" ><div id=\"panel-2441-2-1-0\" class=\"so-panel widget widget_sow-accordion panel-first-child panel-last-child\" data-index=\"5\" ><div\n\t\t\t\n\t\t\tclass=\"so-widget-sow-accordion so-widget-sow-accordion-default-83e565c77001-2441\"\n\t\t\t data-max-open-panels=\"0\" data-initial-scroll-panel=\"0\"\n\t\t><div>\n\t<div class=\"sow-accordion\">\n\t\t\t<div class=\"sow-accordion-panel\"\n\t\t\t data-anchor=\"expedici%c3%b3n-de-t%c3%adtulos-de-bachiller-t%c3%a9cnico-y-t%c3%a9cnico-superior\">\n\t\t\t\t<div class=\"sow-accordion-panel-header-container\" role=\"heading\" aria-level=\"2\">\n\t\t\t\t\t<div class=\"sow-accordion-panel-header\" tabindex=\"0\" role=\"button\" id=\"accordion-label-expedici%c3%b3n-de-t%c3%adtulos-de-bachiller-t%c3%a9cnico-y-t%c3%a9cnico-superior\" aria-controls=\"accordion-content-expedici%c3%b3n-de-t%c3%adtulos-de-bachiller-t%c3%a9cnico-y-t%c3%a9cnico-superior\" aria-expanded=\"false\">\n\t\t\t\t\t\t<div class=\"sow-accordion-title sow-accordion-title-icon-left\">\n\t\t\t\t\t\t\t\t\t\t\t\t\t\tExpedici\u00f3n de T\u00edtulos de Bachiller, T\u00e9cnico y T\u00e9cnico Superior\t\t\t\t\t\t\t\t\t\t\t\t\t<\/div>\n\t\t\t\t\t\t<div class=\"sow-accordion-open-close-button\">\n\t\t\t\t\t\t\t<div class=\"sow-accordion-open-button\">\n\t\t\t\t\t\t\t\t<span class=\"sow-icon-ionicons\" data-sow-icon=\"&#xf218;\"\n\t\t \n\t\taria-hidden=\"true\"><\/span>\t\t\t\t\t\t\t<\/div>\n\t\t\t\t\t\t\t<div class=\"sow-accordion-close-button\">\n\t\t\t\t\t\t\t\t<span class=\"sow-icon-ionicons\" data-sow-icon=\"&#xf209;\"\n\t\t \n\t\taria-hidden=\"true\"><\/span>\t\t\t\t\t\t\t<\/div>\n\t\t\t\t\t\t<\/div>\n\t\t\t\t\t<\/div>\n\t\t\t\t<\/div>\n\n\t\t\t<div\n\t\t\t\tclass=\"sow-accordion-panel-content\"\n\t\t\t\trole=\"region\"\n\t\t\t\taria-labelledby=\"accordion-label-expedici%c3%b3n-de-t%c3%adtulos-de-bachiller-t%c3%a9cnico-y-t%c3%a9cnico-superior\"\n\t\t\t\tid=\"accordion-content-expedici%c3%b3n-de-t%c3%adtulos-de-bachiller-t%c3%a9cnico-y-t%c3%a9cnico-superior\"\n\t\t\t\tstyle=\"display: none;\"\t\t\t>\n\t\t\t\t<div class=\"sow-accordion-panel-border\">\n\t\t\t\t\t<p>Seleccionaremos esta opci\u00f3n para realizar el pago de aquellos que solicitan el t\u00edtulo por primera vez en cualquiera de las ense\u00f1anzas.<\/p>\n\t\t\t\t<\/div>\n\t\t\t<\/div>\n\t\t<\/div>\n\t\t\t<div class=\"sow-accordion-panel\"\n\t\t\t data-anchor=\"expedici%c3%b3n-de-duplicado-de-t%c3%adtulos\">\n\t\t\t\t<div class=\"sow-accordion-panel-header-container\" role=\"heading\" aria-level=\"2\">\n\t\t\t\t\t<div class=\"sow-accordion-panel-header\" tabindex=\"0\" role=\"button\" id=\"accordion-label-expedici%c3%b3n-de-duplicado-de-t%c3%adtulos\" aria-controls=\"accordion-content-expedici%c3%b3n-de-duplicado-de-t%c3%adtulos\" aria-expanded=\"false\">\n\t\t\t\t\t\t<div class=\"sow-accordion-title sow-accordion-title-icon-left\">\n\t\t\t\t\t\t\t\t\t\t\t\t\t\tExpedici\u00f3n de Duplicado de T\u00edtulos\t\t\t\t\t\t\t\t\t\t\t\t\t<\/div>\n\t\t\t\t\t\t<div class=\"sow-accordion-open-close-button\">\n\t\t\t\t\t\t\t<div class=\"sow-accordion-open-button\">\n\t\t\t\t\t\t\t\t<span class=\"sow-icon-ionicons\" data-sow-icon=\"&#xf218;\"\n\t\t \n\t\taria-hidden=\"true\"><\/span>\t\t\t\t\t\t\t<\/div>\n\t\t\t\t\t\t\t<div class=\"sow-accordion-close-button\">\n\t\t\t\t\t\t\t\t<span class=\"sow-icon-ionicons\" data-sow-icon=\"&#xf209;\"\n\t\t \n\t\taria-hidden=\"true\"><\/span>\t\t\t\t\t\t\t<\/div>\n\t\t\t\t\t\t<\/div>\n\t\t\t\t\t<\/div>\n\t\t\t\t<\/div>\n\n\t\t\t<div\n\t\t\t\tclass=\"sow-accordion-panel-content\"\n\t\t\t\trole=\"region\"\n\t\t\t\taria-labelledby=\"accordion-label-expedici%c3%b3n-de-duplicado-de-t%c3%adtulos\"\n\t\t\t\tid=\"accordion-content-expedici%c3%b3n-de-duplicado-de-t%c3%adtulos\"\n\t\t\t\tstyle=\"display: none;\"\t\t\t>\n\t\t\t\t<div class=\"sow-accordion-panel-border\">\n\t\t\t\t\t<p>Utilizaremos esta opci\u00f3n en caso de solicitud de duplicado de t\u00edtulo.<\/p>\n\t\t\t\t<\/div>\n\t\t\t<\/div>\n\t\t<\/div>\n\t\t\t<div class=\"sow-accordion-panel\"\n\t\t\t data-anchor=\"matr%c3%adcula-de-ciclos-formativos-de-grado-superior\">\n\t\t\t\t<div class=\"sow-accordion-panel-header-container\" role=\"heading\" aria-level=\"2\">\n\t\t\t\t\t<div class=\"sow-accordion-panel-header\" tabindex=\"0\" role=\"button\" id=\"accordion-label-matr%c3%adcula-de-ciclos-formativos-de-grado-superior\" aria-controls=\"accordion-content-matr%c3%adcula-de-ciclos-formativos-de-grado-superior\" aria-expanded=\"false\">\n\t\t\t\t\t\t<div class=\"sow-accordion-title sow-accordion-title-icon-left\">\n\t\t\t\t\t\t\t\t\t\t\t\t\t\tMatr\u00edcula de Ciclos Formativos de Grado Superior\t\t\t\t\t\t\t\t\t\t\t\t\t<\/div>\n\t\t\t\t\t\t<div class=\"sow-accordion-open-close-button\">\n\t\t\t\t\t\t\t<div class=\"sow-accordion-open-button\">\n\t\t\t\t\t\t\t\t<span class=\"sow-icon-ionicons\" data-sow-icon=\"&#xf218;\"\n\t\t \n\t\taria-hidden=\"true\"><\/span>\t\t\t\t\t\t\t<\/div>\n\t\t\t\t\t\t\t<div class=\"sow-accordion-close-button\">\n\t\t\t\t\t\t\t\t<span class=\"sow-icon-ionicons\" data-sow-icon=\"&#xf209;\"\n\t\t \n\t\taria-hidden=\"true\"><\/span>\t\t\t\t\t\t\t<\/div>\n\t\t\t\t\t\t<\/div>\n\t\t\t\t\t<\/div>\n\t\t\t\t<\/div>\n\n\t\t\t<div\n\t\t\t\tclass=\"sow-accordion-panel-content\"\n\t\t\t\trole=\"region\"\n\t\t\t\taria-labelledby=\"accordion-label-matr%c3%adcula-de-ciclos-formativos-de-grado-superior\"\n\t\t\t\tid=\"accordion-content-matr%c3%adcula-de-ciclos-formativos-de-grado-superior\"\n\t\t\t\tstyle=\"display: none;\"\t\t\t>\n\t\t\t\t<div class=\"sow-accordion-panel-border\">\n\t\t\t\t\t<p>Para los alumnos matriculados en Grado Superior existen las siguientes modalidades de pago de matr\u00edcula:<\/p>\n<p style=\"padding-left: 40px;\">I.<strong>\u00a0Matr\u00edcula por Curso Completo de FP Grado Superior. Pago \u00fanico.<\/strong><br \/>\nSe abona en un solo pago la matr\u00edcula completa del curso.<\/p>\n<p style=\"padding-left: 40px;\">II.\u00a0<strong>Matr\u00edcula por Curso Completo de FP Grado Superior. Pago Fraccionado.<\/strong><br \/>\nEl pago de matr\u00edcula se realiza en 2 plazos. El primero se entregar\u00e1 junto con la matr\u00edcula y el segundo antes de finalizar el primer trimestre.<\/p>\n<p style=\"padding-left: 40px;\">III.\u00a0<strong>Matr\u00edcula por Repetic. M\u00f3d. Profesional Grado Superior. Pago \u00fanico.<\/strong><br \/>\nSe abona en un solo pago la matr\u00edcula de aquellos alumnos que repitan uno o varios m\u00f3dulos sueltos. Se especificar\u00e1 el n\u00ba de m\u00f3dulos que se repiten al rellenar los datos personales.<\/p>\n<p style=\"padding-left: 40px;\">IV.\u00a0<strong>Matr\u00edcula por Repetic. M\u00f3d. Profesional Grado Superior. Pago Fraccionado<\/strong>.<br \/>\nEl pago por repetici\u00f3n de m\u00f3dulos se realiza en 2 plazos. El primero se entregar\u00e1 junto con la matr\u00edcula y el segundo antes de finalizar el primer trimestre. Se especificar\u00e1 el n\u00ba de m\u00f3dulos que se repiten al rellenar los datos personales.<\/p>\n\t\t\t\t<\/div>\n\t\t\t<\/div>\n\t\t<\/div>\n\t\t\t<div class=\"sow-accordion-panel\"\n\t\t\t data-anchor=\"otros-tr%c3%a1mites\">\n\t\t\t\t<div class=\"sow-accordion-panel-header-container\" role=\"heading\" aria-level=\"2\">\n\t\t\t\t\t<div class=\"sow-accordion-panel-header\" tabindex=\"0\" role=\"button\" id=\"accordion-label-otros-tr%c3%a1mites\" aria-controls=\"accordion-content-otros-tr%c3%a1mites\" aria-expanded=\"false\">\n\t\t\t\t\t\t<div class=\"sow-accordion-title sow-accordion-title-icon-left\">\n\t\t\t\t\t\t\t\t\t\t\t\t\t\tOtros tr\u00e1mites\t\t\t\t\t\t\t\t\t\t\t\t\t<\/div>\n\t\t\t\t\t\t<div class=\"sow-accordion-open-close-button\">\n\t\t\t\t\t\t\t<div class=\"sow-accordion-open-button\">\n\t\t\t\t\t\t\t\t<span class=\"sow-icon-ionicons\" data-sow-icon=\"&#xf218;\"\n\t\t \n\t\taria-hidden=\"true\"><\/span>\t\t\t\t\t\t\t<\/div>\n\t\t\t\t\t\t\t<div class=\"sow-accordion-close-button\">\n\t\t\t\t\t\t\t\t<span class=\"sow-icon-ionicons\" data-sow-icon=\"&#xf209;\"\n\t\t \n\t\taria-hidden=\"true\"><\/span>\t\t\t\t\t\t\t<\/div>\n\t\t\t\t\t\t<\/div>\n\t\t\t\t\t<\/div>\n\t\t\t\t<\/div>\n\n\t\t\t<div\n\t\t\t\tclass=\"sow-accordion-panel-content\"\n\t\t\t\trole=\"region\"\n\t\t\t\taria-labelledby=\"accordion-label-otros-tr%c3%a1mites\"\n\t\t\t\tid=\"accordion-content-otros-tr%c3%a1mites\"\n\t\t\t\tstyle=\"display: none;\"\t\t\t>\n\t\t\t\t<div class=\"sow-accordion-panel-border\">\n\t\t\t\t\t<p>En aquellos procedimientos que puedan realizarse en el centro (pruebas de acceso, pruebas libres, etc. ) se designar\u00e1n las tasas correspondientes para formalizar la matr\u00edcula en los mismos.<\/p>\n<p>En cualquier caso, ser\u00e1 necesario hacer una b\u00fasqueda espec\u00edfica por el centro en el que se realicen las pruebas.<\/p>\n\t\t\t\t<\/div>\n\t\t\t<\/div>\n\t\t<\/div>\n\t\t<\/div>\n<\/div>\n<\/div><\/div><\/div><\/div><div id=\"pg-2441-3\"  class=\"panel-grid panel-no-style\" ><div id=\"pgc-2441-3-0\"  class=\"panel-grid-cell\" ><div id=\"panel-2441-3-0-0\" class=\"so-panel widget widget_sow-editor panel-first-child panel-last-child\" data-index=\"6\" ><div\n\t\t\t\n\t\t\tclass=\"so-widget-sow-editor so-widget-sow-editor-base\"\n\t\t\t\n\t\t>\n<div class=\"siteorigin-widget-tinymce textwidget\">\n\t<p style=\"padding-left: 40px;\"><span style=\"color: #333399;\"><strong>4.<\/strong> <\/span>Completar datos del titular y pagador de la tasa.<\/p>\n<ul>\n<li style=\"list-style-type: none;\">\n<ul>\n<li>El titular\/beneficiario de la tasa siempre debe ser el alumno.<\/li>\n<li>El pagador puede ser distinto.<\/li>\n<\/ul>\n<\/li>\n<\/ul>\n<p style=\"padding-left: 40px;\"><span style=\"color: #333399;\"><strong>5.<\/strong> <\/span>Revisar y confirmar datos.<\/p>\n<p style=\"padding-left: 40px;\"><span style=\"color: #333399;\"><strong>6.<\/strong> <\/span>Seleccionar y realizar pago.<\/p>\n<ul>\n<li style=\"list-style-type: none;\">\n<ul>\n<li>En la app m\u00f3vil s\u00f3lo se permite el pago con tarjeta.<\/li>\n<li>Si el tr\u00e1mite se realiza v\u00eda web, puede abonarse la tasa con tarjeta, abono en cuenta o descargar el impreso de pago para el abono en las entidades bancarias colaboradoras.<\/li>\n<\/ul>\n<\/li>\n<\/ul>\n<p style=\"padding-left: 40px;\"><span style=\"color: #333399;\"><strong>7.<\/strong> <\/span>Para aquellos que realicen el pago online, bien con tarjeta o abono en cuenta, podr\u00e1n descargar el justificante del que deber\u00e1n entregar una copia en Secretar\u00eda.<\/p>\n<ul>\n<li style=\"list-style-type: none;\">\n<ul>\n<li>En caso de pago presencial, deber\u00e1 entregarse el documento validado por el banco.<\/li>\n<\/ul>\n<\/li>\n<\/ul>\n<\/div>\n<\/div><\/div><\/div><\/div><\/div>","protected":false},"excerpt":{"rendered":"<p>Instrucciones y documentos de la Conserjer\u00eda de Educaci\u00f3n Indicaciones para el Pago de Tasas Leer atentamente las instrucciones siguientes Acceder a\u00a0esta siguiente p\u00e1gina web\u00a0para la gesti\u00f3n desde un ordenador personal. &#8230;<\/p>\n","protected":false},"author":3,"featured_media":0,"parent":1751,"menu_order":3,"comment_status":"closed","ping_status":"closed","template":"","meta":{"footnotes":""},"folder":[107],"class_list":["post-2441","page","type-page","status-publish","hentry"],"rttpg_featured_image_url":null,"rttpg_author":{"display_name":"ies.tiernogalvan.parla","author_link":"https:\/\/site.educa.madrid.org\/ies.tiernogalvan.parla\/index.php\/author\/cuenta_ies-tiernogalvan-parla\/"},"rttpg_comment":0,"rttpg_category":" <a href=\"https:\/\/site.educa.madrid.org\/ies.tiernogalvan.parla\/?taxonomy=folder&#038;term=51infogeneral-1700825537-3\" rel=\"tag\">5.1_Procesos<\/a>","rttpg_excerpt":"Instrucciones y documentos de la Conserjer\u00eda de Educaci\u00f3n Indicaciones para el Pago de Tasas Leer atentamente las instrucciones siguientes Acceder a\u00a0esta siguiente p\u00e1gina web\u00a0para la gesti\u00f3n desde un ordenador personal. ...","post_mailing_queue_ids":[],"_links":{"self":[{"href":"https:\/\/site.educa.madrid.org\/ies.tiernogalvan.parla\/index.php\/wp-json\/wp\/v2\/pages\/2441","targetHints":{"allow":["GET"]}}],"collection":[{"href":"https:\/\/site.educa.madrid.org\/ies.tiernogalvan.parla\/index.php\/wp-json\/wp\/v2\/pages"}],"about":[{"href":"https:\/\/site.educa.madrid.org\/ies.tiernogalvan.parla\/index.php\/wp-json\/wp\/v2\/types\/page"}],"author":[{"embeddable":true,"href":"https:\/\/site.educa.madrid.org\/ies.tiernogalvan.parla\/index.php\/wp-json\/wp\/v2\/users\/3"}],"replies":[{"embeddable":true,"href":"https:\/\/site.educa.madrid.org\/ies.tiernogalvan.parla\/index.php\/wp-json\/wp\/v2\/comments?post=2441"}],"version-history":[{"count":30,"href":"https:\/\/site.educa.madrid.org\/ies.tiernogalvan.parla\/index.php\/wp-json\/wp\/v2\/pages\/2441\/revisions"}],"predecessor-version":[{"id":6884,"href":"https:\/\/site.educa.madrid.org\/ies.tiernogalvan.parla\/index.php\/wp-json\/wp\/v2\/pages\/2441\/revisions\/6884"}],"up":[{"embeddable":true,"href":"https:\/\/site.educa.madrid.org\/ies.tiernogalvan.parla\/index.php\/wp-json\/wp\/v2\/pages\/1751"}],"wp:attachment":[{"href":"https:\/\/site.educa.madrid.org\/ies.tiernogalvan.parla\/index.php\/wp-json\/wp\/v2\/media?parent=2441"}],"wp:term":[{"taxonomy":"folder","embeddable":true,"href":"https:\/\/site.educa.madrid.org\/ies.tiernogalvan.parla\/index.php\/wp-json\/wp\/v2\/folder?post=2441"}],"curies":[{"name":"wp","href":"https:\/\/api.w.org\/{rel}","templated":true}]}}