{"id":2885,"date":"2024-05-13T11:10:23","date_gmt":"2024-05-13T09:10:23","guid":{"rendered":"https:\/\/site.educa.madrid.org\/ies.tiernogalvan.parla\/?page_id=2885"},"modified":"2026-04-09T13:25:15","modified_gmt":"2026-04-09T11:25:15","slug":"admision-eso-bach","status":"publish","type":"page","link":"https:\/\/site.educa.madrid.org\/ies.tiernogalvan.parla\/index.php\/secretaria\/eso-y-bachillerato\/admision-eso-bach\/","title":{"rendered":"Admisi\u00f3n ESO-BACH"},"content":{"rendered":"<div id=\"pl-2885\"  class=\"panel-layout\" ><div id=\"pg-2885-0\"  class=\"panel-grid panel-has-style\" ><div class=\"siteorigin-panels-stretch panel-row-style panel-row-style-for-2885-0\" data-stretch-type=\"full-width-stretch\" ><div id=\"pgc-2885-0-0\"  class=\"panel-grid-cell\" ><div id=\"panel-2885-0-0-0\" class=\"so-panel widget widget_sow-headline panel-first-child panel-last-child\" data-index=\"0\" ><div class=\"panel-widget-style panel-widget-style-for-2885-0-0-0\" ><div\n\t\t\t\n\t\t\tclass=\"so-widget-sow-headline so-widget-sow-headline-default-e55f809b2d23-2885\"\n\t\t\t\n\t\t><div class=\"sow-headline-container \">\n\t\t\t\t\t\t\t<h2 class=\"sow-headline\">\n\t\t\t\t\t\tAdmisi\u00f3n. ESO y Bachillerato Diurno\t\t\t\t\t\t<\/h2>\n\t\t\t\t\t\t\t\t\t\t\t<div class=\"decoration\">\n\t\t\t\t\t\t<div class=\"decoration-inside\"><\/div>\n\t\t\t\t\t<\/div>\n\t\t\t\t\t<\/div>\n<\/div><\/div><\/div><\/div><\/div><\/div><div id=\"pg-2885-1\"  class=\"panel-grid panel-has-style\" ><div class=\"panel-row-style panel-row-style-for-2885-1\" ><div id=\"pgc-2885-1-0\"  class=\"panel-grid-cell\" ><div class=\"so-rounded panel-cell-style panel-cell-style-for-2885-1-0\" ><div id=\"panel-2885-1-0-0\" class=\"so-panel widget widget_sow-editor panel-first-child\" data-index=\"1\" ><div class=\"panel-widget-style panel-widget-style-for-2885-1-0-0\" ><div\n\t\t\t\n\t\t\tclass=\"so-widget-sow-editor so-widget-sow-editor-base\"\n\t\t\t\n\t\t>\n<div class=\"siteorigin-widget-tinymce textwidget\">\n\t<section class=\"elementor-section elementor-top-section elementor-element elementor-element-a345f66 elementor-section-height-min-height elementor-section-boxed elementor-section-height-default elementor-section-items-middle\" data-id=\"a345f66\" data-element_type=\"section\">\n<div class=\"elementor-container elementor-column-gap-default\">\n<div class=\"elementor-column elementor-col-100 elementor-top-column elementor-element elementor-element-17534bb\" data-id=\"17534bb\" data-element_type=\"column\">\n<div class=\"elementor-widget-wrap elementor-element-populated\"><strong style=\"color: #333333; font-family: Raleway, Helvetica, Arial, sans-serif; font-size: 1.0625rem;\">INFORMACI\u00d3N GENERAL SOBRE LA ADMISI\u00d3N EN ESO y BACHILLERATO DIURNO<\/strong><\/div>\n<\/div>\n<\/div>\n<\/section>\n<section class=\"elementor-section elementor-top-section elementor-element elementor-element-600514a elementor-section-height-min-height elementor-section-boxed elementor-section-height-default elementor-section-items-middle\" data-id=\"600514a\" data-element_type=\"section\">\n<div class=\"elementor-container elementor-column-gap-default\">\n<div class=\"elementor-column elementor-col-100 elementor-top-column elementor-element elementor-element-1cd95dc\" data-id=\"1cd95dc\" data-element_type=\"column\">\n<div class=\"elementor-widget-wrap elementor-element-populated\">\n<div class=\"elementor-element elementor-element-f65db18 elementor-widget elementor-widget-text-editor\" data-id=\"f65db18\" data-element_type=\"widget\" data-widget_type=\"text-editor.default\">\n<div class=\"elementor-widget-container\">\n<section>\n<ul>\n<li><a href=\"https:\/\/www.comunidad.madrid\/servicios\/educacion\/solicita-tu-admision-educacion-infantil-obligatoria-bachillerato\" target=\"_blank\" rel=\"noopener\"><strong>Portal de la Comunidad de Madrid<\/strong> para la admisi\u00f3n en ESO y Bachillerato<\/a>\n<ul>\n<li><a href=\"https:\/\/site.educa.madrid.org\/ies.tiernogalvan.parla\/\/wp-content\/uploads\/ies.tiernogalvan.parla\/2025\/01\/admision_eso-bach_26-27_instrucciones.pdf\" target=\"_blank\" rel=\"noopener\"><strong>Instrucciones y calendario<\/strong> sobre la participaci\u00f3n en el proceso de admisi\u00f3n<\/a><\/li>\n<\/ul>\n<\/li>\n<li><a href=\"https:\/\/site.educa.madrid.org\/ies.tiernogalvan.parla\/\/wp-content\/uploads\/ies.tiernogalvan.parla\/2025\/03\/Plazas-vacantes.pdf\" target=\"_blank\" rel=\"noopener\"><strong>Vacantes ofertadas<\/strong><\/a> para el curso 26\/27<\/li>\n<li><a href=\"https:\/\/site.educa.madrid.org\/ies.tiernogalvan.parla\/\/wp-content\/uploads\/ies.tiernogalvan.parla\/2025\/03\/Centros-adscritos.pdf\" target=\"_blank\" rel=\"noopener\">Centros adscritos<\/a><\/li>\n<li><a href=\"https:\/\/site.educa.madrid.org\/ies.tiernogalvan.parla\/\/wp-content\/uploads\/ies.tiernogalvan.parla\/2025\/03\/Informacion-basica.pdf\" target=\"_blank\" rel=\"noopener\">Criterio complementario:<\/a> El Tierno NO aplica<\/li>\n<li><a href=\"https:\/\/site.educa.madrid.org\/ies.tiernogalvan.parla\/\/wp-content\/uploads\/ies.tiernogalvan.parla\/2026\/04\/Admision26-27_Sorteo.pdf\" target=\"_blank\" rel=\"noopener\">Resultado del sorteo para desempates<\/a><\/li>\n<li>Videotutorial.\u00a0<a href=\"https:\/\/www.youtube.com\/watch?v=bTM40ThpfDE\">C\u00f3mo rellenar y firmar un PDF en el ordenador y en el m\u00f3vil<\/a><\/li>\n<li><strong>Proceso Extraordinario<\/strong>:\n<ul>\n<li><a href=\"https:\/\/www.comunidad.madrid\/servicios\/educacion\/solicita-tu-admision-educacion-infantil-obligatoria-bachillerato\" target=\"_blank\" rel=\"noopener\">Instrucciones y Normativa<\/a><\/li>\n<li>Formulario de solicitud<\/li>\n<\/ul>\n<\/li>\n<\/ul>\n<\/section>\n<\/div>\n<\/div>\n<\/div>\n<\/div>\n<\/div>\n<\/section>\n<\/div>\n<\/div><\/div><\/div><div id=\"panel-2885-1-0-1\" class=\"so-panel widget widget_sow-editor panel-last-child\" data-index=\"2\" ><div class=\"panel-widget-style panel-widget-style-for-2885-1-0-1\" ><div\n\t\t\t\n\t\t\tclass=\"so-widget-sow-editor so-widget-sow-editor-base\"\n\t\t\t\n\t\t>\n<div class=\"siteorigin-widget-tinymce textwidget\">\n\t<section class=\"elementor-section elementor-top-section elementor-element elementor-element-a345f66 elementor-section-height-min-height elementor-section-boxed elementor-section-height-default elementor-section-items-middle\" data-id=\"a345f66\" data-element_type=\"section\">\n<div class=\"elementor-container elementor-column-gap-default\">\n<div class=\"elementor-column elementor-col-100 elementor-top-column elementor-element elementor-element-17534bb\" data-id=\"17534bb\" data-element_type=\"column\"><\/div>\n<\/div>\n<\/section>\n<section class=\"elementor-section elementor-top-section elementor-element elementor-element-600514a elementor-section-height-min-height elementor-section-boxed elementor-section-height-default elementor-section-items-middle\" data-id=\"600514a\" data-element_type=\"section\">\n<div class=\"elementor-container elementor-column-gap-default\">\n<div class=\"elementor-column elementor-col-100 elementor-top-column elementor-element elementor-element-1cd95dc\" data-id=\"1cd95dc\" data-element_type=\"column\">\n<div class=\"elementor-widget-wrap elementor-element-populated\">\n<div class=\"elementor-element elementor-element-f65db18 elementor-widget elementor-widget-text-editor\" data-id=\"f65db18\" data-element_type=\"widget\" data-widget_type=\"text-editor.default\">\n<div class=\"elementor-widget-container\">\n<section><strong>NOTA<\/strong>: Los alumnos de <strong>BACHILLERATO SEMIPRESENCIAL (Nocturno)<\/strong>\u00a0no participan en el proceso de admisi\u00f3n y formalizan la matr\u00edcula directamente en el periodo establecido para ello.<br \/>\n<\/section>\n<\/div>\n<\/div>\n<\/div>\n<\/div>\n<\/div>\n<\/section>\n<\/div>\n<\/div><\/div><\/div><\/div><\/div><div id=\"pgc-2885-1-1\"  class=\"panel-grid-cell\" ><div class=\"so-rounded panel-cell-style panel-cell-style-for-2885-1-1\" ><div id=\"panel-2885-1-1-0\" class=\"so-panel widget widget_sow-editor panel-first-child\" data-index=\"3\" ><div\n\t\t\t\n\t\t\tclass=\"so-widget-sow-editor so-widget-sow-editor-base\"\n\t\t\t\n\t\t>\n<div class=\"siteorigin-widget-tinymce textwidget\">\n\t<h4 style=\"text-align: center;\">Recomendaci\u00f3n:<\/h4>\n<h4 style=\"text-align: center;\">Ver la informaci\u00f3n general, <strong>com\u00fan<\/strong> a todas las ense\u00f1anzas, sobre el proceso de Admisi\u00f3n<\/h4>\n<\/div>\n<\/div><\/div><div id=\"panel-2885-1-1-1\" class=\"so-panel widget widget_sow-features panel-last-child\" data-index=\"4\" ><div\n\t\t\t\n\t\t\tclass=\"so-widget-sow-features so-widget-sow-features-default-db4223ba1a75-2885\"\n\t\t\t\n\t\t>\n<div class=\"sow-features-list sow-features-responsive\">\n\n\t\t\t\t\t\t\t\t\t<div\n\t\t\t\tclass=\"sow-features-feature sow-icon-container-position-top\"\n\t\t\t\tstyle=\"display: flex; flex-direction: column; width: calc(100% - 25px);\"\n\t\t\t>\n\t\t\t\n\t\t\t\t\t\t\t\t\t<a\n\t\t\t\t\t\thref=\"https:\/\/site.educa.madrid.org\/ies.tiernogalvan.parla\/index.php\/admision\/\"\n\t\t\t\t\t\t\t\t\t\t\t>\n\t\t\t\t\t\t\t\t<div\n\t\t\t\t\tclass=\"sow-icon-container sow-container-round\"\n\t\t\t\t\tstyle=\"color: #009aff; \"\n\t\t\t\t\t\t\t\t\t>\n\t\t\t\t\t<span class=\"sow-icon-fontawesome sow-fas\" data-sow-icon=\"&#xf4fc;\"\n\t\tstyle=\"font-size: 50px; color: #FFFFFF\" \n\t\taria-hidden=\"true\"><\/span>\t\t\t\t<\/div>\n\t\t\t\t\t\t\t\t\t<\/a>\n\t\t\t\t\t\n\t\t\t\t<div class=\"textwidget\">\n\t\t\t\t\t\n\t\t\t\t\t\n\t\t\t\t\t\n\t\t\t\t\t\t\t\t\t<\/div>\n\t\t\t\t\t\t\t\t\n\t\t\t\t\t\t\t<\/div>\n\n\t\t\t\n<\/div>\n<\/div><\/div><\/div><\/div><\/div><\/div><div id=\"pg-2885-2\"  class=\"panel-grid panel-no-style\" ><div id=\"pgc-2885-2-0\"  class=\"panel-grid-cell\" ><div id=\"panel-2885-2-0-0\" class=\"so-panel widget widget_siteorigin-panels-postloop panel-first-child panel-last-child\" data-index=\"5\" >\n<article id=\"post-3915\" class=\"post-3915 post type-post status-publish format-standard hentry category-secretaria category-sec-eso-bachillerato tag-admision tag-bachillerato tag-eso\">\n\t<header class=\"entry-header\">\n\t\t\t<\/header>\n\n\t<div class=\"entry-content\">\n\t\t<div id=\"pl-3915\"  class=\"panel-layout\" ><div id=\"pg-3915-0\"  class=\"panel-grid panel-no-style\" ><div id=\"pgc-3915-0-0\"  class=\"panel-grid-cell\" ><div id=\"panel-3915-0-0-0\" class=\"so-panel widget widget_sow-headline panel-first-child\" data-index=\"0\" ><div class=\"panel-widget-style panel-widget-style-for-3915-0-0-0\" ><div\n\t\t\t\n\t\t\tclass=\"so-widget-sow-headline so-widget-sow-headline-default-be7633feb08b-3915\"\n\t\t\t\n\t\t><div class=\"sow-headline-container \">\n\t\t\t\t\t\t\t<h2 class=\"sow-headline\">\n\t\t\t\t\t\tCALENDARIO DEL PROCESO DE ADMISI\u00d3N EN ESO y BACHILLERATO DIURNO\u00a0\t\t\t\t\t\t<\/h2>\n\t\t\t\t\t\t\t\t\t\t\t<div class=\"decoration\">\n\t\t\t\t\t\t<div class=\"decoration-inside\"><\/div>\n\t\t\t\t\t<\/div>\n\t\t\t\t\t<\/div>\n<\/div><\/div><\/div><div id=\"panel-3915-0-0-1\" class=\"so-panel widget widget_sow-editor panel-last-child\" data-index=\"1\" ><div\n\t\t\t\n\t\t\tclass=\"so-widget-sow-editor so-widget-sow-editor-base\"\n\t\t\t\n\t\t>\n<div class=\"siteorigin-widget-tinymce textwidget\">\n\t<p><em><strong>Fechas y eventos del proceso ordinario:<\/strong><\/em><\/p>\n<ul>\n<li>11 al 25 de marzo\u00a0 \u00a0<strong>\u00a0<\/strong> Plazo de presentaci\u00f3n de solicitudes, <strong>preferiblemente por v\u00eda telem\u00e1tica<\/strong> con el fin de facilitar y agilizar el proceso de admisi\u00f3n\n<ul>\n<li style=\"list-style-type: none\">\n<ul>\n<li>En caso de tener dificultades con la v\u00eda telem\u00e1tica se podr\u00e1 optar por la presentaci\u00f3n presencial <span style=\"text-decoration: underline\">solicitando cita previa en Secretar\u00eda<\/span>.<\/li>\n<\/ul>\n<\/li>\n<\/ul>\n<\/li>\n<li>14 de abril\u00a0 Publicaci\u00f3n de los listados provisionales de todos alumnos que han elegido el centro en primera opci\u00f3n\n<ul>\n<li>En la\u00a0<a href=\"https:\/\/raices.madrid.org\/secretariavirtual\/\" target=\"_blank\" rel=\"noopener\">Secretar\u00eda Virtual<\/a>\u00a0(o en el centro educativo elegido en 1\u00aa opci\u00f3n, excepcionalmente, si a\u00fan no se tiene acceso a la S.V.)<\/li>\n<li>Reclamaciones: 15, 16 y 17 de abril<\/li>\n<\/ul>\n<\/li>\n<li>23 de abril\u00a0 \u00a0 \u00a0Publicaci\u00f3n de los listados provisionales con las puntuaciones para cada centro solicitado\n<ul>\n<li>En la\u00a0<a href=\"https:\/\/raices.madrid.org\/secretariavirtual\/\" target=\"_blank\" rel=\"noopener\">Secretar\u00eda Virtual<\/a>\u00a0(o en el centro educativo elegido en 1\u00aa opci\u00f3n, excepcionalmente, si a\u00fan no se tiene acceso a la S.V.)<\/li>\n<li>Reclamaciones: 24, 27 y 28 de abril<\/li>\n<\/ul>\n<\/li>\n<li>7 de mayo\u00a0 \u00a0 \u00a0Publicaci\u00f3n del listado definitivo de puntuaciones de solicitudes baremadas, salvo las de los alumnos con NEE, una vez revisadas las reclamaciones recibidas.\n<ul>\n<li>En la\u00a0<a href=\"https:\/\/raices.madrid.org\/secretariavirtual\/\" target=\"_blank\" rel=\"noopener\">Secretar\u00eda Virtual<\/a> (o en el centro educativo elegido en 1\u00aa opci\u00f3n, excepcionalmente, si a\u00fan no se tiene acceso a la S.V.)<\/li>\n<\/ul>\n<\/li>\n<li>27 de mayo\u00a0 Publicaci\u00f3n de la lista de admitidos en cada Centro, ya sean solicitantes de primera opci\u00f3n o solicitantes en otras opciones que hayan obtenido<br \/>\nplaza en el mismo.<\/p>\n<ul>\n<li>En la\u00a0<a href=\"https:\/\/raices.madrid.org\/secretariavirtual\/\" target=\"_blank\" rel=\"noopener\">Secretar\u00eda Virtual<\/a>\u00a0(o en el centro educativo elegido en 1\u00aa opci\u00f3n, excepcionalmente, si a\u00fan no se tiene acceso a la S.V.)<\/li>\n<\/ul>\n<\/li>\n<li>Solicitud complementaria: 28 y 29 de mayo exclusivamente para alumnos que hayan participado en el proceso de admisi\u00f3n, no han obtenido plaza escolar en ninguno de los centros solicitados. En la <a href=\"https:\/\/raices.madrid.org\/secretariavirtual\/\" target=\"_blank\" rel=\"noopener\">Secretar\u00eda Virtual<\/a> o, excepcionalmente, en el SAE\n<ul>\n<li>6 de\u00a0 junio\u00a0 \u00a0Adjudicaci\u00f3n autom\u00e1tica de plaza escolar, en funci\u00f3n de las vacantes disponibles, para los alumnos que hayan presentado solicitud complementaria, as\u00ed como para los alumnos que no han presentado la solicitud complementaria y aparezcan como solicitantes no admitidos en los centros solicitados en proceso ordinario.<\/li>\n<li>Hasta el 12 de junio\u00a0 \u00a0 \u00a0Adjudicaci\u00f3n de plaza escolar por los SAE a los alumnos que no hayan podido ser admitidos en ninguna de las opciones solicitadas y no disponga de plaza para el curso 2025\/2026, as\u00ed como a las solicitudes duplicadas, las que contengan datos err\u00f3neos y las presentadas fuera de plazo o no\u00a0 presentadas que no dispongan de plaza para el curso 2025\/2026.<\/li>\n<\/ul>\n<\/li>\n<li>11 de junio al 3 de julio\u00a0 \u00a0Matriculaci\u00f3n alumnos admitidos. Se asignar\u00e1n d\u00edas de matricula seg\u00fan el Centro de procedencia.<\/li>\n<li>Desde el 25 de junio\u00a0 <strong>Proceso Extraordinario<\/strong><\/li>\n<\/ul>\n<\/div>\n<\/div><\/div><\/div><\/div><\/div>\t\t\t<\/div>\n<\/article>\n\n<\/div><\/div><\/div><\/div>","protected":false},"excerpt":{"rendered":"<p>Fechas y eventos del proceso ordinario: 11 al 25 de marzo\u00a0 \u00a0\u00a0 Plazo de presentaci\u00f3n de solicitudes, preferiblemente por v\u00eda telem\u00e1tica con el fin de facilitar y agilizar el proceso &#8230;<\/p>\n","protected":false},"author":11,"featured_media":0,"parent":1728,"menu_order":1,"comment_status":"closed","ping_status":"closed","template":"","meta":{"footnotes":""},"folder":[108],"class_list":["post-2885","page","type-page","status-publish","hentry"],"rttpg_featured_image_url":null,"rttpg_author":{"display_name":"Cuenta Jestudios ies tiernogalvan parla","author_link":"https:\/\/site.educa.madrid.org\/ies.tiernogalvan.parla\/index.php\/author\/cuenta_jestudios-ies-tiernogalvan-parla\/"},"rttpg_comment":0,"rttpg_category":"","rttpg_excerpt":"Fechas y eventos del proceso ordinario: 11 al 25 de marzo\u00a0 \u00a0\u00a0 Plazo de presentaci\u00f3n de solicitudes, preferiblemente por v\u00eda telem\u00e1tica con el fin de facilitar y agilizar el proceso ...","post_mailing_queue_ids":[],"_links":{"self":[{"href":"https:\/\/site.educa.madrid.org\/ies.tiernogalvan.parla\/index.php\/wp-json\/wp\/v2\/pages\/2885","targetHints":{"allow":["GET"]}}],"collection":[{"href":"https:\/\/site.educa.madrid.org\/ies.tiernogalvan.parla\/index.php\/wp-json\/wp\/v2\/pages"}],"about":[{"href":"https:\/\/site.educa.madrid.org\/ies.tiernogalvan.parla\/index.php\/wp-json\/wp\/v2\/types\/page"}],"author":[{"embeddable":true,"href":"https:\/\/site.educa.madrid.org\/ies.tiernogalvan.parla\/index.php\/wp-json\/wp\/v2\/users\/11"}],"replies":[{"embeddable":true,"href":"https:\/\/site.educa.madrid.org\/ies.tiernogalvan.parla\/index.php\/wp-json\/wp\/v2\/comments?post=2885"}],"version-history":[{"count":48,"href":"https:\/\/site.educa.madrid.org\/ies.tiernogalvan.parla\/index.php\/wp-json\/wp\/v2\/pages\/2885\/revisions"}],"predecessor-version":[{"id":6812,"href":"https:\/\/site.educa.madrid.org\/ies.tiernogalvan.parla\/index.php\/wp-json\/wp\/v2\/pages\/2885\/revisions\/6812"}],"up":[{"embeddable":true,"href":"https:\/\/site.educa.madrid.org\/ies.tiernogalvan.parla\/index.php\/wp-json\/wp\/v2\/pages\/1728"}],"wp:attachment":[{"href":"https:\/\/site.educa.madrid.org\/ies.tiernogalvan.parla\/index.php\/wp-json\/wp\/v2\/media?parent=2885"}],"wp:term":[{"taxonomy":"folder","embeddable":true,"href":"https:\/\/site.educa.madrid.org\/ies.tiernogalvan.parla\/index.php\/wp-json\/wp\/v2\/folder?post=2885"}],"curies":[{"name":"wp","href":"https:\/\/api.w.org\/{rel}","templated":true}]}}