{"id":2887,"date":"2024-05-13T11:43:06","date_gmt":"2024-05-13T09:43:06","guid":{"rendered":"https:\/\/site.educa.madrid.org\/ies.tiernogalvan.parla\/?page_id=2887"},"modified":"2025-07-10T11:55:55","modified_gmt":"2025-07-10T09:55:55","slug":"admision-fpgb","status":"publish","type":"page","link":"https:\/\/site.educa.madrid.org\/ies.tiernogalvan.parla\/index.php\/secretaria\/formacion-profesional-basica\/admision-fpgb\/","title":{"rendered":"Admisi\u00f3n FPGB"},"content":{"rendered":"<div id=\"pl-2887\"  class=\"panel-layout\" ><div id=\"pg-2887-0\"  class=\"panel-grid panel-has-style\" ><div class=\"siteorigin-panels-stretch panel-row-style panel-row-style-for-2887-0\" data-stretch-type=\"full-width-stretch\" ><div id=\"pgc-2887-0-0\"  class=\"panel-grid-cell\" ><div id=\"panel-2887-0-0-0\" class=\"so-panel widget widget_sow-headline panel-first-child panel-last-child\" data-index=\"0\" ><div class=\"panel-widget-style panel-widget-style-for-2887-0-0-0\" ><div\n\t\t\t\n\t\t\tclass=\"so-widget-sow-headline so-widget-sow-headline-default-e55f809b2d23-2887\"\n\t\t\t\n\t\t><div class=\"sow-headline-container \">\n\t\t\t\t\t\t\t<h2 class=\"sow-headline\">\n\t\t\t\t\t\tAdmisi\u00f3n. FP de Grado B\u00e1sico\t\t\t\t\t\t<\/h2>\n\t\t\t\t\t\t\t\t\t\t\t<div class=\"decoration\">\n\t\t\t\t\t\t<div class=\"decoration-inside\"><\/div>\n\t\t\t\t\t<\/div>\n\t\t\t\t\t<\/div>\n<\/div><\/div><\/div><\/div><\/div><\/div><div id=\"pg-2887-1\"  class=\"panel-grid panel-has-style\" ><div class=\"panel-row-style panel-row-style-for-2887-1\" ><div id=\"pgc-2887-1-0\"  class=\"panel-grid-cell\" ><div class=\"so-rounded panel-cell-style panel-cell-style-for-2887-1-0\" ><div id=\"panel-2887-1-0-0\" class=\"so-panel widget widget_sow-editor panel-first-child panel-last-child\" data-index=\"1\" ><div\n\t\t\t\n\t\t\tclass=\"so-widget-sow-editor so-widget-sow-editor-base\"\n\t\t\t\n\t\t>\n<div class=\"siteorigin-widget-tinymce textwidget\">\n\t<h4><strong>INFORMACI\u00d3N GENERAL SOBRE LA ADMISI\u00d3N EN FP DE GRADO B\u00c1SICO<\/strong><\/h4>\n<ul>\n<li><strong><a href=\"https:\/\/www.comunidad.madrid\/servicios\/educacion\/admision-formacion-profesional\" target=\"_blank\" rel=\"noopener\">Portal de la Comunidad de Madrid sobre el proceso de ADMISI\u00d3N EN FORMACI\u00d3N PROFESIONAL<\/a><\/strong><\/li>\n<li><a href=\"https:\/\/site.educa.madrid.org\/ies.tiernogalvan.parla\/\/wp-content\/uploads\/ies.tiernogalvan.parla\/2025\/06\/Calendario-GB.pdf\" target=\"_blank\" rel=\"noopener\"><strong>Calendario<\/strong><\/a>. Ver m\u00e1s abajo el detalle completo. (<a href=\"https:\/\/site.educa.madrid.org\/ies.tiernogalvan.parla\/\/wp-content\/uploads\/ies.tiernogalvan.parla\/2025\/06\/2025_ESQUEMA_ADMISION_25-26_FPGlobal.pdf\" target=\"_blank\" rel=\"noopener\">Esquema global FP<\/a>)<\/li>\n<li><a href=\"https:\/\/site.educa.madrid.org\/ies.tiernogalvan.parla\/\/wp-content\/uploads\/ies.tiernogalvan.parla\/2025\/06\/2025_05_26_Instrucciones_Admision_GB_25_26.pdf\" target=\"_blank\" rel=\"noopener\"><strong>Instrucciones\u00a0<\/strong><\/a>del proceso.<\/li>\n<li>Plazas ofertadas por el centro. <strong><a href=\"https:\/\/site.educa.madrid.org\/ies.tiernogalvan.parla\/\/wp-content\/uploads\/ies.tiernogalvan.parla\/2025\/06\/Relacion_de_plazas_ofertadas-FPB.pdf\" target=\"_blank\" rel=\"noopener\">Fase1<\/a><\/strong>.<\/li>\n<li>Resultado del sorteo para desempates: La cifra obtenida en dicho sorteo fue\u00a0<strong>0,5194<\/strong>.<\/li>\n<li>Informaci\u00f3n general sobre la <strong><a href=\"https:\/\/site.educa.madrid.org\/ies.tiernogalvan.parla\/\/wp-content\/uploads\/ies.tiernogalvan.parla\/2025\/06\/2025_PresentacionFPGB.pdf\" target=\"_blank\" rel=\"noopener\">Formaci\u00f3n Profesional de Grado B\u00e1sico<\/a><\/strong>.<\/li>\n<li>Documentos propios del centro (<em><a href=\"https:\/\/site.educa.madrid.org\/ies.tiernogalvan.parla\/index.php\/quienes-somos\/\" target=\"_blank\" rel=\"noopener\">ver apartado \"\u00bfQui\u00e9nes somos?\"<\/a><\/em>)<\/li>\n<li>Nota informativa de la <a href=\"https:\/\/site.educa.madrid.org\/ies.tiernogalvan.parla\/\/wp-content\/uploads\/ies.tiernogalvan.parla\/2025\/06\/2025_Nota_Informativa_Constitucion_SAE_CFGB_Madrid_Sur.pdf\" target=\"_blank\" rel=\"noopener\">constituci\u00f3n del SAE<\/a> para este\u00a0 nivel.<\/li>\n<\/ul>\n<\/div>\n<\/div><\/div><\/div><\/div><div id=\"pgc-2887-1-1\"  class=\"panel-grid-cell\" ><div class=\"so-rounded panel-cell-style panel-cell-style-for-2887-1-1\" ><div id=\"panel-2887-1-1-0\" class=\"so-panel widget widget_sow-editor panel-first-child\" data-index=\"2\" ><div\n\t\t\t\n\t\t\tclass=\"so-widget-sow-editor so-widget-sow-editor-base\"\n\t\t\t\n\t\t>\n<div class=\"siteorigin-widget-tinymce textwidget\">\n\t<h4 style=\"text-align: center;\">Recomendaci\u00f3n:<\/h4>\n<h4 style=\"text-align: center;\">Ver la informaci\u00f3n general, <strong>com\u00fan<\/strong> a todas las ense\u00f1anzas, sobre el proceso de Admisi\u00f3n<\/h4>\n<\/div>\n<\/div><\/div><div id=\"panel-2887-1-1-1\" class=\"so-panel widget widget_sow-features panel-last-child\" data-index=\"3\" ><div\n\t\t\t\n\t\t\tclass=\"so-widget-sow-features so-widget-sow-features-default-db4223ba1a75-2887\"\n\t\t\t\n\t\t>\n<div class=\"sow-features-list sow-features-responsive\">\n\n\t\t\t\t\t\t\t\t\t<div\n\t\t\t\tclass=\"sow-features-feature sow-icon-container-position-top\"\n\t\t\t\tstyle=\"display: flex; flex-direction: column; width: calc(100% - 25px);\"\n\t\t\t>\n\t\t\t\n\t\t\t\t\t\t\t\t\t<a\n\t\t\t\t\t\thref=\"https:\/\/site.educa.madrid.org\/ies.tiernogalvan.parla\/index.php\/admision\/\"\n\t\t\t\t\t\t\t\t\t\t\t>\n\t\t\t\t\t\t\t\t<div\n\t\t\t\t\tclass=\"sow-icon-container sow-container-round\"\n\t\t\t\t\tstyle=\"color: #009aff; \"\n\t\t\t\t\t\t\t\t\t>\n\t\t\t\t\t<span class=\"sow-icon-fontawesome sow-fas\" data-sow-icon=\"&#xf4fc;\"\n\t\tstyle=\"font-size: 50px; color: #FFFFFF\" \n\t\taria-hidden=\"true\"><\/span>\t\t\t\t<\/div>\n\t\t\t\t\t\t\t\t\t<\/a>\n\t\t\t\t\t\n\t\t\t\t<div class=\"textwidget\">\n\t\t\t\t\t\n\t\t\t\t\t\n\t\t\t\t\t\n\t\t\t\t\t\t\t\t\t<\/div>\n\t\t\t\t\t\t\t\t\n\t\t\t\t\t\t\t<\/div>\n\n\t\t\t\n<\/div>\n<\/div><\/div><\/div><\/div><\/div><\/div><div id=\"pg-2887-2\"  class=\"panel-grid panel-has-style\" ><div class=\"panel-row-style panel-row-style-for-2887-2\" ><div id=\"pgc-2887-2-0\"  class=\"panel-grid-cell\" ><div class=\"so-rounded panel-cell-style panel-cell-style-for-2887-2-0\" ><div id=\"panel-2887-2-0-0\" class=\"so-panel widget widget_sow-headline panel-first-child panel-last-child\" data-index=\"4\" ><div\n\t\t\t\n\t\t\tclass=\"so-widget-sow-headline so-widget-sow-headline-default-f66de638c420-2887\"\n\t\t\t\n\t\t><div class=\"sow-headline-container \">\n\t\t\t\t\t\t\t<h3 class=\"sow-headline\">\n\t\t\t\t\t\tNuestra oferta de FPGB\t\t\t\t\t\t<\/h3>\n\t\t\t\t\t\t\t\t\t\t\t<div class=\"decoration\">\n\t\t\t\t\t\t<div class=\"decoration-inside\"><\/div>\n\t\t\t\t\t<\/div>\n\t\t\t\t\t<\/div>\n<\/div><\/div><\/div><\/div><div id=\"pgc-2887-2-1\"  class=\"panel-grid-cell\" ><div class=\"panel-cell-style panel-cell-style-for-2887-2-1\" ><div id=\"panel-2887-2-1-0\" class=\"so-panel widget widget_siteorigin-panels-builder panel-first-child panel-last-child\" data-index=\"5\" ><div class=\"panel-widget-style panel-widget-style-for-2887-2-1-0\" ><div id=\"pl-w6823a45444974\"  class=\"panel-layout\" ><div id=\"pg-w6823a45444974-0\"  class=\"panel-grid panel-has-style\" ><div class=\"panel-row-style panel-row-style-for-w6823a45444974-0\" ><div id=\"pgc-w6823a45444974-0-0\"  class=\"panel-grid-cell\" ><div id=\"panel-w6823a45444974-0-0-0\" class=\"so-panel widget widget_sow-editor panel-first-child panel-last-child\" data-index=\"0\" ><div class=\"panel-widget-style panel-widget-style-for-w6823a45444974-0-0-0\" ><div\n\t\t\t\n\t\t\tclass=\"so-widget-sow-editor so-widget-sow-editor-base\"\n\t\t\t\n\t\t>\n<div class=\"siteorigin-widget-tinymce textwidget\">\n\t<h4><strong>C\u00f3digo<\/strong><\/h4>\n<\/div>\n<\/div><\/div><\/div><\/div><div id=\"pgc-w6823a45444974-0-1\"  class=\"panel-grid-cell\" ><div id=\"panel-w6823a45444974-0-1-0\" class=\"so-panel widget widget_sow-editor panel-first-child panel-last-child\" data-index=\"1\" ><div class=\"panel-widget-style panel-widget-style-for-w6823a45444974-0-1-0\" ><div\n\t\t\t\n\t\t\tclass=\"so-widget-sow-editor so-widget-sow-editor-base\"\n\t\t\t\n\t\t>\n<div class=\"siteorigin-widget-tinymce textwidget\">\n\t<h4><strong>Denominaci\u00f3n<\/strong><\/h4>\n<\/div>\n<\/div><\/div><\/div><\/div><div id=\"pgc-w6823a45444974-0-2\"  class=\"panel-grid-cell\" ><div id=\"panel-w6823a45444974-0-2-0\" class=\"so-panel widget widget_sow-editor panel-first-child panel-last-child\" data-index=\"2\" ><div class=\"panel-widget-style panel-widget-style-for-w6823a45444974-0-2-0\" ><div\n\t\t\t\n\t\t\tclass=\"so-widget-sow-editor so-widget-sow-editor-base\"\n\t\t\t\n\t\t>\n<div class=\"siteorigin-widget-tinymce textwidget\">\n\t<h4><strong>Cod. Centro<\/strong><\/h4>\n<\/div>\n<\/div><\/div><\/div><\/div><div id=\"pgc-w6823a45444974-0-3\"  class=\"panel-grid-cell\" ><div id=\"panel-w6823a45444974-0-3-0\" class=\"so-panel widget widget_sow-editor panel-first-child panel-last-child\" data-index=\"3\" ><div class=\"panel-widget-style panel-widget-style-for-w6823a45444974-0-3-0\" ><div\n\t\t\t\n\t\t\tclass=\"so-widget-sow-editor so-widget-sow-editor-base\"\n\t\t\t\n\t\t>\n<div class=\"siteorigin-widget-tinymce textwidget\">\n\t<h4><strong>Modalidad<\/strong><\/h4>\n<\/div>\n<\/div><\/div><\/div><\/div><div id=\"pgc-w6823a45444974-0-4\"  class=\"panel-grid-cell\" ><div id=\"panel-w6823a45444974-0-4-0\" class=\"so-panel widget widget_sow-editor panel-first-child panel-last-child\" data-index=\"4\" ><div class=\"panel-widget-style panel-widget-style-for-w6823a45444974-0-4-0\" ><div\n\t\t\t\n\t\t\tclass=\"so-widget-sow-editor so-widget-sow-editor-base\"\n\t\t\t\n\t\t>\n<div class=\"siteorigin-widget-tinymce textwidget\">\n\t<h4><strong>Turno<\/strong><\/h4>\n<\/div>\n<\/div><\/div><\/div><\/div><\/div><\/div><div id=\"pg-w6823a45444974-1\"  class=\"panel-grid panel-has-style\" ><div class=\"panel-row-style panel-row-style-for-w6823a45444974-1\" ><div id=\"pgc-w6823a45444974-1-0\"  class=\"panel-grid-cell\" ><div id=\"panel-w6823a45444974-1-0-0\" class=\"so-panel widget widget_sow-editor panel-first-child panel-last-child\" data-index=\"5\" ><div class=\"panel-widget-style panel-widget-style-for-w6823a45444974-1-0-0\" ><div\n\t\t\t\n\t\t\tclass=\"so-widget-sow-editor so-widget-sow-editor-base\"\n\t\t\t\n\t\t>\n<div class=\"siteorigin-widget-tinymce textwidget\">\n\t<p>ADGB01<\/p>\n<\/div>\n<\/div><\/div><\/div><\/div><div id=\"pgc-w6823a45444974-1-1\"  class=\"panel-grid-cell\" ><div id=\"panel-w6823a45444974-1-1-0\" class=\"so-panel widget widget_sow-editor panel-first-child panel-last-child\" data-index=\"6\" ><div class=\"panel-widget-style panel-widget-style-for-w6823a45444974-1-1-0\" ><div\n\t\t\t\n\t\t\tclass=\"so-widget-sow-editor so-widget-sow-editor-base\"\n\t\t\t\n\t\t>\n<div class=\"siteorigin-widget-tinymce textwidget\">\n\t<p>Servicios Administrativos<\/p>\n<\/div>\n<\/div><\/div><\/div><\/div><div id=\"pgc-w6823a45444974-1-2\"  class=\"panel-grid-cell\" ><div id=\"panel-w6823a45444974-1-2-0\" class=\"so-panel widget widget_sow-editor panel-first-child panel-last-child\" data-index=\"7\" ><div class=\"panel-widget-style panel-widget-style-for-w6823a45444974-1-2-0\" ><div\n\t\t\t\n\t\t\tclass=\"so-widget-sow-editor so-widget-sow-editor-base\"\n\t\t\t\n\t\t>\n<div class=\"siteorigin-widget-tinymce textwidget\">\n\t<p>28032559<\/p>\n<\/div>\n<\/div><\/div><\/div><\/div><div id=\"pgc-w6823a45444974-1-3\"  class=\"panel-grid-cell\" ><div id=\"panel-w6823a45444974-1-3-0\" class=\"so-panel widget widget_sow-editor panel-first-child panel-last-child\" data-index=\"8\" ><div class=\"panel-widget-style panel-widget-style-for-w6823a45444974-1-3-0\" ><div\n\t\t\t\n\t\t\tclass=\"so-widget-sow-editor so-widget-sow-editor-base\"\n\t\t\t\n\t\t>\n<div class=\"siteorigin-widget-tinymce textwidget\">\n\t<p>Presencial (P)<\/p>\n<\/div>\n<\/div><\/div><\/div><\/div><div id=\"pgc-w6823a45444974-1-4\"  class=\"panel-grid-cell\" ><div id=\"panel-w6823a45444974-1-4-0\" class=\"so-panel widget widget_sow-editor panel-first-child panel-last-child\" data-index=\"9\" ><div class=\"panel-widget-style panel-widget-style-for-w6823a45444974-1-4-0\" ><div\n\t\t\t\n\t\t\tclass=\"so-widget-sow-editor so-widget-sow-editor-base\"\n\t\t\t\n\t\t>\n<div class=\"siteorigin-widget-tinymce textwidget\">\n\t<p>Diurno<\/p>\n<\/div>\n<\/div><\/div><\/div><\/div><\/div><\/div><div id=\"pg-w6823a45444974-2\"  class=\"panel-grid panel-has-style\" ><div class=\"panel-row-style panel-row-style-for-w6823a45444974-2\" ><div id=\"pgc-w6823a45444974-2-0\"  class=\"panel-grid-cell\" ><div id=\"panel-w6823a45444974-2-0-0\" class=\"so-panel widget widget_sow-editor panel-first-child panel-last-child\" data-index=\"10\" ><div class=\"panel-widget-style panel-widget-style-for-w6823a45444974-2-0-0\" ><div\n\t\t\t\n\t\t\tclass=\"so-widget-sow-editor so-widget-sow-editor-base\"\n\t\t\t\n\t\t>\n<div class=\"siteorigin-widget-tinymce textwidget\">\n\t<p>COMB01<\/p>\n<\/div>\n<\/div><\/div><\/div><\/div><div id=\"pgc-w6823a45444974-2-1\"  class=\"panel-grid-cell\" ><div id=\"panel-w6823a45444974-2-1-0\" class=\"so-panel widget widget_sow-editor panel-first-child panel-last-child\" data-index=\"11\" ><div class=\"panel-widget-style panel-widget-style-for-w6823a45444974-2-1-0\" ><div\n\t\t\t\n\t\t\tclass=\"so-widget-sow-editor so-widget-sow-editor-base\"\n\t\t\t\n\t\t>\n<div class=\"siteorigin-widget-tinymce textwidget\">\n\t<p>Servicios Comerciales<\/p>\n<\/div>\n<\/div><\/div><\/div><\/div><div id=\"pgc-w6823a45444974-2-2\"  class=\"panel-grid-cell\" ><div id=\"panel-w6823a45444974-2-2-0\" class=\"so-panel widget widget_sow-editor panel-first-child panel-last-child\" data-index=\"12\" ><div class=\"panel-widget-style panel-widget-style-for-w6823a45444974-2-2-0\" ><div\n\t\t\t\n\t\t\tclass=\"so-widget-sow-editor so-widget-sow-editor-base\"\n\t\t\t\n\t\t>\n<div class=\"siteorigin-widget-tinymce textwidget\">\n\t<p>28032559<\/p>\n<\/div>\n<\/div><\/div><\/div><\/div><div id=\"pgc-w6823a45444974-2-3\"  class=\"panel-grid-cell\" ><div id=\"panel-w6823a45444974-2-3-0\" class=\"so-panel widget widget_sow-editor panel-first-child panel-last-child\" data-index=\"13\" ><div class=\"panel-widget-style panel-widget-style-for-w6823a45444974-2-3-0\" ><div\n\t\t\t\n\t\t\tclass=\"so-widget-sow-editor so-widget-sow-editor-base\"\n\t\t\t\n\t\t>\n<div class=\"siteorigin-widget-tinymce textwidget\">\n\t<p>Presencial (P)<\/p>\n<\/div>\n<\/div><\/div><\/div><\/div><div id=\"pgc-w6823a45444974-2-4\"  class=\"panel-grid-cell\" ><div id=\"panel-w6823a45444974-2-4-0\" class=\"so-panel widget widget_sow-editor panel-first-child panel-last-child\" data-index=\"14\" ><div class=\"panel-widget-style panel-widget-style-for-w6823a45444974-2-4-0\" ><div\n\t\t\t\n\t\t\tclass=\"so-widget-sow-editor so-widget-sow-editor-base\"\n\t\t\t\n\t\t>\n<div class=\"siteorigin-widget-tinymce textwidget\">\n\t<p>Diurno<\/p>\n<\/div>\n<\/div><\/div><\/div><\/div><\/div><\/div><\/div><\/div><\/div><\/div><\/div><\/div><\/div><div id=\"pg-2887-3\"  class=\"panel-grid panel-no-style\" ><div id=\"pgc-2887-3-0\"  class=\"panel-grid-cell\" ><div id=\"panel-2887-3-0-0\" class=\"so-panel widget widget_siteorigin-panels-postloop panel-first-child panel-last-child\" data-index=\"6\" >\n<article id=\"post-4059\" class=\"post-4059 post type-post status-publish format-standard hentry category-secretaria category-sec-cfgb tag-admision tag-cfgb\">\n\t<header class=\"entry-header\">\n\t\t\t<\/header>\n\n\t<div class=\"entry-content\">\n\t\t<div id=\"pl-4059\"  class=\"panel-layout\" ><div id=\"pg-4059-0\"  class=\"panel-grid panel-no-style\" ><div id=\"pgc-4059-0-0\"  class=\"panel-grid-cell\" ><div id=\"panel-4059-0-0-0\" class=\"so-panel widget widget_sow-headline panel-first-child\" data-index=\"0\" ><div class=\"panel-widget-style panel-widget-style-for-4059-0-0-0\" ><div\n\t\t\t\n\t\t\tclass=\"so-widget-sow-headline so-widget-sow-headline-default-be7633feb08b-4059\"\n\t\t\t\n\t\t><div class=\"sow-headline-container \">\n\t\t\t\t\t\t\t<h2 class=\"sow-headline\">\n\t\t\t\t\t\tCALENDARIO DEL PROCESO DE ADMISI\u00d3N EN FP DE GRADO B\u00c1SICO\t\t\t\t\t\t<\/h2>\n\t\t\t\t\t\t\t\t\t\t\t<div class=\"decoration\">\n\t\t\t\t\t\t<div class=\"decoration-inside\"><\/div>\n\t\t\t\t\t<\/div>\n\t\t\t\t\t<\/div>\n<\/div><\/div><\/div><div id=\"panel-4059-0-0-1\" class=\"so-panel widget widget_sow-editor panel-last-child\" data-index=\"1\" ><div\n\t\t\t\n\t\t\tclass=\"so-widget-sow-editor so-widget-sow-editor-base\"\n\t\t\t\n\t\t>\n<div class=\"siteorigin-widget-tinymce textwidget\">\n\t<pre>FASE 1 DEL PROCEDIMIENTO<\/pre>\n<ul>\n<li>Antes del 25 de junio:\n<ul>\n<li>Matriculaci\u00f3n de alumnado de FP B\u00e1sica del centro que promociona o repite.<\/li>\n<\/ul>\n<\/li>\n<li>Del 20 al 27 de junio, ambos inclusive:\n<ul>\n<li>Presentaci\u00f3n de solicitudes (a trav\u00e9s de la\u00a0<a href=\"https:\/\/raices.madrid.org\/secretariavirtual\/\" target=\"_blank\" rel=\"noopener\">Secretar\u00eda Virtual<\/a>, <em>(ver cuadro anterior con los c\u00f3digos de las ense\u00f1anzas)<\/em><\/li>\n<\/ul>\n<\/li>\n<li>2 de julio:\n<ul>\n<li>Publicaci\u00f3n de la baremaci\u00f3n provisional de solicitudes\n<ul>\n<li><em>Solicitudes baremadas Centro Servicios Administrativos<\/em><\/li>\n<li><em>Solicitudes baremadas Centro Servicios Comerciales<\/em><\/li>\n<li>Solicitudes baremadas Centros alternativos \"Servicios Administrativos\"<\/li>\n<li>Solicitudes baremadas Centros alternativos \"Servicios Comerciales\"<\/li>\n<li>Excluidos<\/li>\n<li><strong>NOTA:<\/strong> El hecho de estar en esta lista no implica haber obtenido plaza<\/li>\n<\/ul>\n<\/li>\n<li>Publicaci\u00f3n de los listados de excluidos y de solicitudes duplicadas<\/li>\n<li>Reclamaciones: 3, 4 y 7 de julio<\/li>\n<\/ul>\n<\/li>\n<li>9 de julio:\n<ul>\n<li>Lista definitiva de admitidos\n<ul>\n<li><em>Lista definitiva de admitidos\u00a0en este Centro.<\/em><\/li>\n<li><em>Lista definitiva de admitidos por Centro de solicitud.<\/em><\/li>\n<li><em>Lista de NO\u00a0admitidos por orden alfab\u00e9tico.<\/em><\/li>\n<li><em>Lista de NO admitidos por orden de puntuaci\u00f3n.\u00a0<\/em><\/li>\n<li><strong>NOTA:<\/strong> Para consolidar la plaza es necesario formalizar la matr\u00edcula en la Secretar\u00eda del Centro pidiendo cita previa.<\/li>\n<\/ul>\n<\/li>\n<\/ul>\n<\/li>\n<li>10, 11 y 14 de julio:\n<ul>\n<li>Matriculaci\u00f3n de alumnos admitidos, en la Secretar\u00eda del centro.\n<ul>\n<li><a href=\"https:\/\/site.educa.madrid.org\/ies.tiernogalvan.parla\/\/wp-content\/uploads\/ies.tiernogalvan.parla\/2024\/05\/matricula_26-27_fp-completa.pdf\" target=\"_blank\" rel=\"noopener\">Instrucciones e impreso<\/a>:\n<ul>\n<li>LEER DETENIDAMENTE. Se indica qu\u00e9\u00a0documentos se deben presentar.<\/li>\n<li>Entregar la \u00faltima hoja (impreso) cumplimentada y firmada (3 copias) en Secretar\u00eda<\/li>\n<\/ul>\n<\/li>\n<\/ul>\n<\/li>\n<li>TODAS LAS FOTOCOPIAS IR\u00c1N ACOMPA\u00d1ADAS DE LOS ORIGINALES PARA COTEJO.\n<ul>\n<li>IMPORTANTE presentar:\n<ul>\n<li>Certificado de los estudios cursados en la ESO<\/li>\n<li>Copia del Consejo Orientador donde figura la propuesta (Anexo X)<\/li>\n<\/ul>\n<\/li>\n<\/ul>\n<\/li>\n<li><a href=\"https:\/\/site.educa.madrid.org\/ies.tiernogalvan.parla\/\/wp-content\/uploads\/ies.tiernogalvan.parla\/2025\/05\/DeclaracionResponsable.pdf\" target=\"_blank\" rel=\"noopener\">Declaraci\u00f3n REPONSABILIDAD\u00a0para\u00a0familias monoparentales sin documentaci\u00f3n<\/a> (alumnos menores de edad).<\/li>\n<\/ul>\n<\/li>\n<\/ul>\n<pre>FASE 2 DEL PROCEDIMIENTO<\/pre>\n<ul>\n<li>21 de julio:\n<ul>\n<li>Publicaci\u00f3n de la lista de nuevos admitidos (tomados de la lista de espera)\n<ul>\n<li><em>Lista definitiva de admitidos en este Centro<\/em><\/li>\n<li><em>Lista definitiva de admitidos por Centro de solicitud<\/em><\/li>\n<li><em>Lista de NO admitidos por orden de puntuaci\u00f3n<\/em><\/li>\n<\/ul>\n<\/li>\n<\/ul>\n<\/li>\n<li>22 y 23 de julio:\n<ul>\n<li>Matriculaci\u00f3n de los nuevos admitidos\n<ul>\n<li><a href=\"https:\/\/site.educa.madrid.org\/ies.tiernogalvan.parla\/\/wp-content\/uploads\/ies.tiernogalvan.parla\/2024\/05\/matricula_26-27_fp-completa.pdf\" target=\"_blank\" rel=\"noopener\">Instrucciones e impreso<\/a>:\n<ul>\n<li>LEER DETENIDAMENTE. Se indica qu\u00e9\u00a0documentos se deben presentar.<\/li>\n<li>Entregar la \u00faltima hoja (impreso) cumplimentada y firmada (3 copias) en Secretar\u00eda<\/li>\n<\/ul>\n<\/li>\n<\/ul>\n<\/li>\n<\/ul>\n<\/li>\n<\/ul>\n<hr \/>\n<ul>\n<li>Antes del 2 de septiembre:\n<ul>\n<li>Relaci\u00f3n de vacantes por centros. (En la\u00a0<a href=\"https:\/\/www.comunidad.madrid\/servicios\/educacion\/admision-formacion-profesional\" target=\"_blank\" rel=\"noopener\">web de la Comunidad de Madrid<\/a>)<\/li>\n<\/ul>\n<\/li>\n<li>2 y 3 de septiembre:\n<ul>\n<li>Inscripci\u00f3n de solicitantes no admitidos en el mes de julio para adjudicaci\u00f3n de vacantes disponibles.<\/li>\n<\/ul>\n<\/li>\n<li>4 de septiembre:\n<ul>\n<li>Publicaci\u00f3n de la\u00a0lista de solicitantes admitidos y no admitidos<\/li>\n<\/ul>\n<\/li>\n<li>5 y 8 de septiembre:\n<ul>\n<li>Matriculaci\u00f3n de\u00a0solicitantes a los que se ha adjudicado vacantes disponibles en septiembre\n<ul>\n<li><a href=\"https:\/\/site.educa.madrid.org\/ies.tiernogalvan.parla\/\/wp-content\/uploads\/ies.tiernogalvan.parla\/2024\/05\/matricula_26-27_fp-completa.pdf\" target=\"_blank\" rel=\"noopener\">Instrucciones e impreso<\/a>:\n<ul>\n<li>LEER DETENIDAMENTE. Se indica qu\u00e9\u00a0documentos se deben presentar.<\/li>\n<li>Entregar la \u00faltima hoja (impreso) cumplimentada y firmada (3 copias) en Secretar\u00eda<\/li>\n<\/ul>\n<\/li>\n<\/ul>\n<\/li>\n<\/ul>\n<\/li>\n<li>9 de septiembre: Inicio del periodo extraordinario<\/li>\n<\/ul>\n<\/div>\n<\/div><\/div><\/div><\/div><\/div>\t\t\t<\/div>\n<\/article>\n\n<\/div><\/div><\/div><\/div>","protected":false},"excerpt":{"rendered":"<p>Informaci\u00f3n del proceso de admisi\u00f3n espec\u00edfico para la FP de Grado B\u00e1sico.<\/p>\n","protected":false},"author":11,"featured_media":0,"parent":1743,"menu_order":1,"comment_status":"closed","ping_status":"closed","template":"","meta":{"footnotes":""},"folder":[109],"class_list":["post-2887","page","type-page","status-publish","hentry"],"rttpg_featured_image_url":null,"rttpg_author":{"display_name":"Cuenta Jestudios ies tiernogalvan parla","author_link":"https:\/\/site.educa.madrid.org\/ies.tiernogalvan.parla\/index.php\/author\/cuenta_jestudios-ies-tiernogalvan-parla\/"},"rttpg_comment":0,"rttpg_category":"","rttpg_excerpt":"Informaci\u00f3n del proceso de admisi\u00f3n espec\u00edfico para la FP de Grado B\u00e1sico.","post_mailing_queue_ids":[],"_links":{"self":[{"href":"https:\/\/site.educa.madrid.org\/ies.tiernogalvan.parla\/index.php\/wp-json\/wp\/v2\/pages\/2887","targetHints":{"allow":["GET"]}}],"collection":[{"href":"https:\/\/site.educa.madrid.org\/ies.tiernogalvan.parla\/index.php\/wp-json\/wp\/v2\/pages"}],"about":[{"href":"https:\/\/site.educa.madrid.org\/ies.tiernogalvan.parla\/index.php\/wp-json\/wp\/v2\/types\/page"}],"author":[{"embeddable":true,"href":"https:\/\/site.educa.madrid.org\/ies.tiernogalvan.parla\/index.php\/wp-json\/wp\/v2\/users\/11"}],"replies":[{"embeddable":true,"href":"https:\/\/site.educa.madrid.org\/ies.tiernogalvan.parla\/index.php\/wp-json\/wp\/v2\/comments?post=2887"}],"version-history":[{"count":50,"href":"https:\/\/site.educa.madrid.org\/ies.tiernogalvan.parla\/index.php\/wp-json\/wp\/v2\/pages\/2887\/revisions"}],"predecessor-version":[{"id":6158,"href":"https:\/\/site.educa.madrid.org\/ies.tiernogalvan.parla\/index.php\/wp-json\/wp\/v2\/pages\/2887\/revisions\/6158"}],"up":[{"embeddable":true,"href":"https:\/\/site.educa.madrid.org\/ies.tiernogalvan.parla\/index.php\/wp-json\/wp\/v2\/pages\/1743"}],"wp:attachment":[{"href":"https:\/\/site.educa.madrid.org\/ies.tiernogalvan.parla\/index.php\/wp-json\/wp\/v2\/media?parent=2887"}],"wp:term":[{"taxonomy":"folder","embeddable":true,"href":"https:\/\/site.educa.madrid.org\/ies.tiernogalvan.parla\/index.php\/wp-json\/wp\/v2\/folder?post=2887"}],"curies":[{"name":"wp","href":"https:\/\/api.w.org\/{rel}","templated":true}]}}